{"id":386327,"date":"2023-10-24T10:51:47","date_gmt":"2023-10-23T23:51:47","guid":{"rendered":"https:\/\/augstudy.com\/?page_id=386327"},"modified":"2023-10-24T10:51:47","modified_gmt":"2023-10-23T23:51:47","slug":"angela-chew","status":"publish","type":"page","link":"https:\/\/augstudy.com\/vi\/vcard\/singapore\/angela-chew\/","title":{"rendered":"Angela Nhai"},"content":{"rendered":"<div class=\"vc_row wpb_row vc_row-fluid\"><div class=\"wpb_column vc_column_container vc_col-sm-12\"><div class=\"vc_column-inner\"><div class=\"wpb_wrapper\">\n\t<div class=\"wpb_raw_code wpb_content_element wpb_raw_html margin_bottom_0px\">\n\t\t<div class=\"wpb_wrapper\">\n\t\t\t<a class=\"vcard-download\" href=\"https:\/\/augstudy.com\/aug-website-files\/wp-content\/uploads\/vcard\/Angela_CHEW.vcf\"><\/a>\n\t\t<\/div>\n\t<\/div>\n<\/div><\/div><\/div><\/div>","protected":false},"excerpt":{"rendered":"","protected":false},"author":4,"featured_media":386311,"parent":128739,"menu_order":0,"comment_status":"closed","ping_status":"closed","template":"","meta":{"footnotes":""},"class_list":["post-386327","page","type-page","status-publish","hentry"],"yoast_head":"<!-- This site is optimized with the Yoast SEO Premium plugin v27.0 (Yoast SEO v27.3) - https:\/\/yoast.com\/product\/yoast-seo-premium-wordpress\/ -->\n<title>Angela Chew - AUG Student Services<\/title>\n<meta name=\"description\" content=\"Angela is a highly detail-oriented individual who takes great pride in her work. She has a natural ability to quickly grasp new concepts and is always eager to learn and expand her knowledge base. Her adaptability allows her to easily adjust to changing circumstances and thrive in dynamic environments.\" \/>\n<meta name=\"robots\" content=\"index, follow, max-snippet:-1, max-image-preview:large, max-video-preview:-1\" \/>\n<link rel=\"canonical\" href=\"https:\/\/augstudy.com\/vi\/vcard\/singapore\/angela-chew\/\" \/>\n<meta property=\"og:locale\" content=\"vi_VN\" \/>\n<meta property=\"og:type\" content=\"article\" \/>\n<meta property=\"og:title\" content=\"Angela Chew\" \/>\n<meta property=\"og:description\" content=\"Angela is a highly detail-oriented individual who takes great pride in her work. She has a natural ability to quickly grasp new concepts and is always eager to learn and expand her knowledge base. Her adaptability allows her to easily adjust to changing circumstances and thrive in dynamic environments.\" \/>\n<meta property=\"og:url\" content=\"https:\/\/augstudy.com\/vi\/vcard\/singapore\/angela-chew\/\" \/>\n<meta property=\"og:site_name\" content=\"AUG Student Services\" \/>\n<meta property=\"article:publisher\" content=\"https:\/\/www.facebook.com\/augmalaysia\/\" \/>\n<meta property=\"og:image\" content=\"https:\/\/augstudy.com\/aug-website-files\/wp-content\/uploads\/2023\/10\/aug_vcard_angela_chew_500x500.png\" \/>\n\t<meta property=\"og:image:width\" content=\"500\" \/>\n\t<meta property=\"og:image:height\" content=\"500\" \/>\n\t<meta property=\"og:image:type\" content=\"image\/png\" \/>\n<meta name=\"twitter:card\" content=\"summary_large_image\" \/>\n<meta name=\"twitter:label1\" content=\"\u01af\u1edbc t\u00ednh th\u1eddi gian \u0111\u1ecdc\" \/>\n\t<meta name=\"twitter:data1\" content=\"1 ph\u00fat\" \/>\n<script type=\"application\/ld+json\" class=\"yoast-schema-graph\">{\"@context\":\"https:\\\/\\\/schema.org\",\"@graph\":[{\"@type\":\"WebPage\",\"@id\":\"https:\\\/\\\/augstudy.com\\\/vcard\\\/singapore\\\/angela-chew\\\/\",\"url\":\"https:\\\/\\\/augstudy.com\\\/vcard\\\/singapore\\\/angela-chew\\\/\",\"name\":\"Angela Chew - AUG Student Services\",\"isPartOf\":{\"@id\":\"https:\\\/\\\/augstudy.com\\\/#website\"},\"primaryImageOfPage\":{\"@id\":\"https:\\\/\\\/augstudy.com\\\/vcard\\\/singapore\\\/angela-chew\\\/#primaryimage\"},\"image\":{\"@id\":\"https:\\\/\\\/augstudy.com\\\/vcard\\\/singapore\\\/angela-chew\\\/#primaryimage\"},\"thumbnailUrl\":\"https:\\\/\\\/augstudy.com\\\/aug-website-files\\\/wp-content\\\/uploads\\\/2023\\\/10\\\/aug_vcard_angela_chew_500x500.png\",\"datePublished\":\"2023-10-23T23:51:47+00:00\",\"description\":\"Angela is a highly detail-oriented individual who takes great pride in her work. She has a natural ability to quickly grasp new concepts and is always eager to learn and expand her knowledge base. Her adaptability allows her to easily adjust to changing circumstances and thrive in dynamic environments.\",\"breadcrumb\":{\"@id\":\"https:\\\/\\\/augstudy.com\\\/vcard\\\/singapore\\\/angela-chew\\\/#breadcrumb\"},\"inLanguage\":\"vi\",\"potentialAction\":[{\"@type\":\"ReadAction\",\"target\":[\"https:\\\/\\\/augstudy.com\\\/vcard\\\/singapore\\\/angela-chew\\\/\"]}]},{\"@type\":\"ImageObject\",\"inLanguage\":\"vi\",\"@id\":\"https:\\\/\\\/augstudy.com\\\/vcard\\\/singapore\\\/angela-chew\\\/#primaryimage\",\"url\":\"https:\\\/\\\/augstudy.com\\\/aug-website-files\\\/wp-content\\\/uploads\\\/2023\\\/10\\\/aug_vcard_angela_chew_500x500.png\",\"contentUrl\":\"https:\\\/\\\/augstudy.com\\\/aug-website-files\\\/wp-content\\\/uploads\\\/2023\\\/10\\\/aug_vcard_angela_chew_500x500.png\",\"width\":500,\"height\":500},{\"@type\":\"BreadcrumbList\",\"@id\":\"https:\\\/\\\/augstudy.com\\\/vcard\\\/singapore\\\/angela-chew\\\/#breadcrumb\",\"itemListElement\":[{\"@type\":\"ListItem\",\"position\":1,\"name\":\"Home\",\"item\":\"https:\\\/\\\/augstudy.com\\\/\"},{\"@type\":\"ListItem\",\"position\":2,\"name\":\"vCard\",\"item\":\"https:\\\/\\\/augstudy.com\\\/vcard\\\/\"},{\"@type\":\"ListItem\",\"position\":3,\"name\":\"vCard &#8211; Singapore\",\"item\":\"https:\\\/\\\/augstudy.com\\\/vcard\\\/singapore\\\/\"},{\"@type\":\"ListItem\",\"position\":4,\"name\":\"Angela Chew\"}]},{\"@type\":\"WebSite\",\"@id\":\"https:\\\/\\\/augstudy.com\\\/#website\",\"url\":\"https:\\\/\\\/augstudy.com\\\/\",\"name\":\"AUG Student Services\",\"description\":\"Student Services\",\"alternateName\":\"AUG Global\",\"potentialAction\":[{\"@type\":\"SearchAction\",\"target\":{\"@type\":\"EntryPoint\",\"urlTemplate\":\"https:\\\/\\\/augstudy.com\\\/?s={search_term_string}\"},\"query-input\":{\"@type\":\"PropertyValueSpecification\",\"valueRequired\":true,\"valueName\":\"search_term_string\"}}],\"inLanguage\":\"vi\"}]}<\/script>\n<!-- \/ Yoast SEO Premium plugin. -->","yoast_head_json":{"title":"Angela Chew - AUG Student Services","description":"Angela l\u00e0 m\u1ed9t c\u00e1 nh\u00e2n r\u1ea5t ch\u00fa tr\u1ecdng \u0111\u1ebfn chi ti\u1ebft v\u00e0 r\u1ea5t t\u1ef1 h\u00e0o v\u1ec1 c\u00f4ng vi\u1ec7c c\u1ee7a m\u00ecnh. C\u00f4 \u1ea5y c\u00f3 kh\u1ea3 n\u0103ng b\u1ea9m sinh l\u00e0 n\u1eafm b\u1eaft nhanh c\u00e1c kh\u00e1i ni\u1ec7m m\u1edbi v\u00e0 lu\u00f4n h\u00e1o h\u1ee9c h\u1ecdc h\u1ecfi v\u00e0 m\u1edf r\u1ed9ng ki\u1ebfn th\u1ee9c c\u1ee7a m\u00ecnh. Kh\u1ea3 n\u0103ng th\u00edch \u1ee9ng c\u1ee7a c\u00f4 \u1ea5y cho ph\u00e9p c\u00f4 \u1ea5y d\u1ec5 d\u00e0ng \u0111i\u1ec1u ch\u1ec9nh theo ho\u00e0n c\u1ea3nh thay \u0111\u1ed5i v\u00e0 ph\u00e1t tri\u1ec3n trong m\u00f4i tr\u01b0\u1eddng n\u0103ng \u0111\u1ed9ng.","robots":{"index":"index","follow":"follow","max-snippet":"max-snippet:-1","max-image-preview":"max-image-preview:large","max-video-preview":"max-video-preview:-1"},"canonical":"https:\/\/augstudy.com\/vi\/vcard\/singapore\/angela-chew\/","og_locale":"vi_VN","og_type":"article","og_title":"Angela Chew","og_description":"Angela is a highly detail-oriented individual who takes great pride in her work. She has a natural ability to quickly grasp new concepts and is always eager to learn and expand her knowledge base. Her adaptability allows her to easily adjust to changing circumstances and thrive in dynamic environments.","og_url":"https:\/\/augstudy.com\/vi\/vcard\/singapore\/angela-chew\/","og_site_name":"AUG Student Services","article_publisher":"https:\/\/www.facebook.com\/augmalaysia\/","og_image":[{"width":500,"height":500,"url":"https:\/\/augstudy.com\/aug-website-files\/wp-content\/uploads\/2023\/10\/aug_vcard_angela_chew_500x500.png","type":"image\/png"}],"twitter_card":"summary_large_image","twitter_misc":{"\u01af\u1edbc t\u00ednh th\u1eddi gian \u0111\u1ecdc":"1 ph\u00fat"},"schema":{"@context":"https:\/\/schema.org","@graph":[{"@type":"WebPage","@id":"https:\/\/augstudy.com\/vcard\/singapore\/angela-chew\/","url":"https:\/\/augstudy.com\/vcard\/singapore\/angela-chew\/","name":"Angela Chew - AUG Student Services","isPartOf":{"@id":"https:\/\/augstudy.com\/#website"},"primaryImageOfPage":{"@id":"https:\/\/augstudy.com\/vcard\/singapore\/angela-chew\/#primaryimage"},"image":{"@id":"https:\/\/augstudy.com\/vcard\/singapore\/angela-chew\/#primaryimage"},"thumbnailUrl":"https:\/\/augstudy.com\/aug-website-files\/wp-content\/uploads\/2023\/10\/aug_vcard_angela_chew_500x500.png","datePublished":"2023-10-23T23:51:47+00:00","description":"Angela l\u00e0 m\u1ed9t c\u00e1 nh\u00e2n r\u1ea5t ch\u00fa tr\u1ecdng \u0111\u1ebfn chi ti\u1ebft v\u00e0 r\u1ea5t t\u1ef1 h\u00e0o v\u1ec1 c\u00f4ng vi\u1ec7c c\u1ee7a m\u00ecnh. C\u00f4 \u1ea5y c\u00f3 kh\u1ea3 n\u0103ng b\u1ea9m sinh l\u00e0 n\u1eafm b\u1eaft nhanh c\u00e1c kh\u00e1i ni\u1ec7m m\u1edbi v\u00e0 lu\u00f4n h\u00e1o h\u1ee9c h\u1ecdc h\u1ecfi v\u00e0 m\u1edf r\u1ed9ng ki\u1ebfn th\u1ee9c c\u1ee7a m\u00ecnh. Kh\u1ea3 n\u0103ng th\u00edch \u1ee9ng c\u1ee7a c\u00f4 \u1ea5y cho ph\u00e9p c\u00f4 \u1ea5y d\u1ec5 d\u00e0ng \u0111i\u1ec1u ch\u1ec9nh theo ho\u00e0n c\u1ea3nh thay \u0111\u1ed5i v\u00e0 ph\u00e1t tri\u1ec3n trong m\u00f4i tr\u01b0\u1eddng n\u0103ng \u0111\u1ed9ng.","breadcrumb":{"@id":"https:\/\/augstudy.com\/vcard\/singapore\/angela-chew\/#breadcrumb"},"inLanguage":"vi","potentialAction":[{"@type":"ReadAction","target":["https:\/\/augstudy.com\/vcard\/singapore\/angela-chew\/"]}]},{"@type":"ImageObject","inLanguage":"vi","@id":"https:\/\/augstudy.com\/vcard\/singapore\/angela-chew\/#primaryimage","url":"https:\/\/augstudy.com\/aug-website-files\/wp-content\/uploads\/2023\/10\/aug_vcard_angela_chew_500x500.png","contentUrl":"https:\/\/augstudy.com\/aug-website-files\/wp-content\/uploads\/2023\/10\/aug_vcard_angela_chew_500x500.png","width":500,"height":500},{"@type":"BreadcrumbList","@id":"https:\/\/augstudy.com\/vcard\/singapore\/angela-chew\/#breadcrumb","itemListElement":[{"@type":"ListItem","position":1,"name":"Home","item":"https:\/\/augstudy.com\/"},{"@type":"ListItem","position":2,"name":"vCard","item":"https:\/\/augstudy.com\/vcard\/"},{"@type":"ListItem","position":3,"name":"vCard &#8211; Singapore","item":"https:\/\/augstudy.com\/vcard\/singapore\/"},{"@type":"ListItem","position":4,"name":"Angela Chew"}]},{"@type":"WebSite","@id":"https:\/\/augstudy.com\/#website","url":"https:\/\/augstudy.com\/","name":"D\u1ecbch v\u1ee5 Sinh vi\u00ean AUG","description":"D\u1ecbch v\u1ee5 sinh vi\u00ean","alternateName":"AUG Global","potentialAction":[{"@type":"SearchAction","target":{"@type":"EntryPoint","urlTemplate":"https:\/\/augstudy.com\/?s={search_term_string}"},"query-input":{"@type":"PropertyValueSpecification","valueRequired":true,"valueName":"search_term_string"}}],"inLanguage":"vi"}]}},"_links":{"self":[{"href":"https:\/\/augstudy.com\/vi\/wp-json\/wp\/v2\/pages\/386327","targetHints":{"allow":["GET"]}}],"collection":[{"href":"https:\/\/augstudy.com\/vi\/wp-json\/wp\/v2\/pages"}],"about":[{"href":"https:\/\/augstudy.com\/vi\/wp-json\/wp\/v2\/types\/page"}],"author":[{"embeddable":true,"href":"https:\/\/augstudy.com\/vi\/wp-json\/wp\/v2\/users\/4"}],"replies":[{"embeddable":true,"href":"https:\/\/augstudy.com\/vi\/wp-json\/wp\/v2\/comments?post=386327"}],"version-history":[{"count":0,"href":"https:\/\/augstudy.com\/vi\/wp-json\/wp\/v2\/pages\/386327\/revisions"}],"up":[{"embeddable":true,"href":"https:\/\/augstudy.com\/vi\/wp-json\/wp\/v2\/pages\/128739"}],"wp:featuredmedia":[{"embeddable":true,"href":"https:\/\/augstudy.com\/vi\/wp-json\/wp\/v2\/media\/386311"}],"wp:attachment":[{"href":"https:\/\/augstudy.com\/vi\/wp-json\/wp\/v2\/media?parent=386327"}],"curies":[{"name":"wp","href":"https:\/\/api.w.org\/{rel}","templated":true}]}}