{"id":386305,"date":"2023-10-24T09:32:31","date_gmt":"2023-10-23T22:32:31","guid":{"rendered":"https:\/\/augstudy.com\/?page_id=386305"},"modified":"2023-10-24T09:32:31","modified_gmt":"2023-10-23T22:32:31","slug":"charles-phan","status":"publish","type":"page","link":"https:\/\/augstudy.com\/vi\/vcard\/viet-nam\/charles-phan\/","title":{"rendered":"Charles Phan"},"content":{"rendered":"<div class=\"vc_row wpb_row vc_row-fluid\"><div class=\"wpb_column vc_column_container vc_col-sm-12\"><div class=\"vc_column-inner\"><div class=\"wpb_wrapper\">\n\t<div class=\"wpb_raw_code wpb_content_element wpb_raw_html margin_bottom_0px\">\n\t\t<div class=\"wpb_wrapper\">\n\t\t\t<a class=\"vcard-download\" href=\"https:\/\/augstudy.com\/aug-website-files\/wp-content\/uploads\/vcard\/Charles_PHAN.vcf\"><\/a>\n\t\t<\/div>\n\t<\/div>\n<\/div><\/div><\/div><\/div>","protected":false},"excerpt":{"rendered":"","protected":false},"author":4,"featured_media":386301,"parent":386304,"menu_order":0,"comment_status":"closed","ping_status":"closed","template":"","meta":{"footnotes":""},"class_list":["post-386305","page","type-page","status-publish","hentry"],"yoast_head":"<!-- This site is optimized with the Yoast SEO Premium plugin v27.0 (Yoast SEO v27.3) - https:\/\/yoast.com\/product\/yoast-seo-premium-wordpress\/ -->\n<title>Charles Phan - AUG Student Services<\/title>\n<meta name=\"description\" content=\"Charles Phan is an experienced and well-informed education counsellor, offering dependable guidance to both students and parents. He has cultivated a robust network with school counselors and educators, demonstrating an unwavering dedication to the success of students in their international educational pursuits.\" \/>\n<meta name=\"robots\" content=\"index, follow, max-snippet:-1, max-image-preview:large, max-video-preview:-1\" \/>\n<link rel=\"canonical\" href=\"https:\/\/augstudy.com\/vi\/vcard\/viet-nam\/charles-phan\/\" \/>\n<meta property=\"og:locale\" content=\"vi_VN\" \/>\n<meta property=\"og:type\" content=\"article\" \/>\n<meta property=\"og:title\" content=\"Charles Phan\" \/>\n<meta property=\"og:description\" content=\"Charles Phan is an experienced and well-informed education counsellor, offering dependable guidance to both students and parents. He has cultivated a robust network with school counselors and educators, demonstrating an unwavering dedication to the success of students in their international educational pursuits.\" \/>\n<meta property=\"og:url\" content=\"https:\/\/augstudy.com\/vi\/vcard\/viet-nam\/charles-phan\/\" \/>\n<meta property=\"og:site_name\" content=\"AUG Student Services\" \/>\n<meta property=\"article:publisher\" content=\"https:\/\/www.facebook.com\/augmalaysia\/\" \/>\n<meta property=\"og:image\" content=\"https:\/\/augstudy.com\/aug-website-files\/wp-content\/uploads\/2023\/10\/aug_vcard_charles_phan_500x500.png\" \/>\n\t<meta property=\"og:image:width\" content=\"500\" \/>\n\t<meta property=\"og:image:height\" content=\"500\" \/>\n\t<meta property=\"og:image:type\" content=\"image\/png\" \/>\n<meta name=\"twitter:card\" content=\"summary_large_image\" \/>\n<meta name=\"twitter:label1\" content=\"\u01af\u1edbc t\u00ednh th\u1eddi gian \u0111\u1ecdc\" \/>\n\t<meta name=\"twitter:data1\" content=\"1 ph\u00fat\" \/>\n<script type=\"application\/ld+json\" class=\"yoast-schema-graph\">{\"@context\":\"https:\\\/\\\/schema.org\",\"@graph\":[{\"@type\":\"WebPage\",\"@id\":\"https:\\\/\\\/augstudy.com\\\/vcard\\\/viet-nam\\\/charles-phan\\\/\",\"url\":\"https:\\\/\\\/augstudy.com\\\/vcard\\\/viet-nam\\\/charles-phan\\\/\",\"name\":\"Charles Phan - AUG Student Services\",\"isPartOf\":{\"@id\":\"https:\\\/\\\/augstudy.com\\\/#website\"},\"primaryImageOfPage\":{\"@id\":\"https:\\\/\\\/augstudy.com\\\/vcard\\\/viet-nam\\\/charles-phan\\\/#primaryimage\"},\"image\":{\"@id\":\"https:\\\/\\\/augstudy.com\\\/vcard\\\/viet-nam\\\/charles-phan\\\/#primaryimage\"},\"thumbnailUrl\":\"https:\\\/\\\/augstudy.com\\\/aug-website-files\\\/wp-content\\\/uploads\\\/2023\\\/10\\\/aug_vcard_charles_phan_500x500.png\",\"datePublished\":\"2023-10-23T22:32:31+00:00\",\"description\":\"Charles Phan is an experienced and well-informed education counsellor, offering dependable guidance to both students and parents. He has cultivated a robust network with school counselors and educators, demonstrating an unwavering dedication to the success of students in their international educational pursuits.\",\"breadcrumb\":{\"@id\":\"https:\\\/\\\/augstudy.com\\\/vcard\\\/viet-nam\\\/charles-phan\\\/#breadcrumb\"},\"inLanguage\":\"vi\",\"potentialAction\":[{\"@type\":\"ReadAction\",\"target\":[\"https:\\\/\\\/augstudy.com\\\/vcard\\\/viet-nam\\\/charles-phan\\\/\"]}]},{\"@type\":\"ImageObject\",\"inLanguage\":\"vi\",\"@id\":\"https:\\\/\\\/augstudy.com\\\/vcard\\\/viet-nam\\\/charles-phan\\\/#primaryimage\",\"url\":\"https:\\\/\\\/augstudy.com\\\/aug-website-files\\\/wp-content\\\/uploads\\\/2023\\\/10\\\/aug_vcard_charles_phan_500x500.png\",\"contentUrl\":\"https:\\\/\\\/augstudy.com\\\/aug-website-files\\\/wp-content\\\/uploads\\\/2023\\\/10\\\/aug_vcard_charles_phan_500x500.png\",\"width\":500,\"height\":500},{\"@type\":\"BreadcrumbList\",\"@id\":\"https:\\\/\\\/augstudy.com\\\/vcard\\\/viet-nam\\\/charles-phan\\\/#breadcrumb\",\"itemListElement\":[{\"@type\":\"ListItem\",\"position\":1,\"name\":\"Home\",\"item\":\"https:\\\/\\\/augstudy.com\\\/\"},{\"@type\":\"ListItem\",\"position\":2,\"name\":\"vCard\",\"item\":\"https:\\\/\\\/augstudy.com\\\/vcard\\\/\"},{\"@type\":\"ListItem\",\"position\":3,\"name\":\"vCard &#8211; Vietnam\",\"item\":\"https:\\\/\\\/augstudy.com\\\/vcard\\\/viet-nam\\\/\"},{\"@type\":\"ListItem\",\"position\":4,\"name\":\"Charles Phan\"}]},{\"@type\":\"WebSite\",\"@id\":\"https:\\\/\\\/augstudy.com\\\/#website\",\"url\":\"https:\\\/\\\/augstudy.com\\\/\",\"name\":\"AUG Student Services\",\"description\":\"Student Services\",\"alternateName\":\"AUG Global\",\"potentialAction\":[{\"@type\":\"SearchAction\",\"target\":{\"@type\":\"EntryPoint\",\"urlTemplate\":\"https:\\\/\\\/augstudy.com\\\/?s={search_term_string}\"},\"query-input\":{\"@type\":\"PropertyValueSpecification\",\"valueRequired\":true,\"valueName\":\"search_term_string\"}}],\"inLanguage\":\"vi\"}]}<\/script>\n<!-- \/ Yoast SEO Premium plugin. -->","yoast_head_json":{"title":"Charles Phan - AUG Student Services","description":"Charles Phan l\u00e0 m\u1ed9t c\u1ed1 v\u1ea5n gi\u00e1o d\u1ee5c gi\u00e0u kinh nghi\u1ec7m v\u00e0 hi\u1ec3u bi\u1ebft s\u00e2u r\u1ed9ng, \u0111\u01b0a ra nh\u1eefng h\u01b0\u1edbng d\u1eabn \u0111\u00e1ng tin c\u1eady cho c\u1ea3 h\u1ecdc sinh v\u00e0 ph\u1ee5 huynh. \u00d4ng \u0111\u00e3 x\u00e2y d\u1ef1ng m\u1ed9t m\u1ea1ng l\u01b0\u1edbi m\u1ea1nh m\u1ebd v\u1edbi c\u00e1c c\u1ed1 v\u1ea5n v\u00e0 nh\u00e0 gi\u00e1o d\u1ee5c trong tr\u01b0\u1eddng h\u1ecdc, th\u1ec3 hi\u1ec7n s\u1ef1 c\u1ed1ng hi\u1ebfn kh\u00f4ng ng\u1eebng ngh\u1ec9 cho s\u1ef1 th\u00e0nh c\u00f4ng c\u1ee7a h\u1ecdc sinh trong m\u1ee5c ti\u00eau gi\u00e1o d\u1ee5c qu\u1ed1c t\u1ebf c\u1ee7a c\u00e1c em.","robots":{"index":"index","follow":"follow","max-snippet":"max-snippet:-1","max-image-preview":"max-image-preview:large","max-video-preview":"max-video-preview:-1"},"canonical":"https:\/\/augstudy.com\/vi\/vcard\/viet-nam\/charles-phan\/","og_locale":"vi_VN","og_type":"article","og_title":"Charles Phan","og_description":"Charles Phan is an experienced and well-informed education counsellor, offering dependable guidance to both students and parents. He has cultivated a robust network with school counselors and educators, demonstrating an unwavering dedication to the success of students in their international educational pursuits.","og_url":"https:\/\/augstudy.com\/vi\/vcard\/viet-nam\/charles-phan\/","og_site_name":"AUG Student Services","article_publisher":"https:\/\/www.facebook.com\/augmalaysia\/","og_image":[{"width":500,"height":500,"url":"https:\/\/augstudy.com\/aug-website-files\/wp-content\/uploads\/2023\/10\/aug_vcard_charles_phan_500x500.png","type":"image\/png"}],"twitter_card":"summary_large_image","twitter_misc":{"\u01af\u1edbc t\u00ednh th\u1eddi gian \u0111\u1ecdc":"1 ph\u00fat"},"schema":{"@context":"https:\/\/schema.org","@graph":[{"@type":"WebPage","@id":"https:\/\/augstudy.com\/vcard\/viet-nam\/charles-phan\/","url":"https:\/\/augstudy.com\/vcard\/viet-nam\/charles-phan\/","name":"Charles Phan - AUG Student Services","isPartOf":{"@id":"https:\/\/augstudy.com\/#website"},"primaryImageOfPage":{"@id":"https:\/\/augstudy.com\/vcard\/viet-nam\/charles-phan\/#primaryimage"},"image":{"@id":"https:\/\/augstudy.com\/vcard\/viet-nam\/charles-phan\/#primaryimage"},"thumbnailUrl":"https:\/\/augstudy.com\/aug-website-files\/wp-content\/uploads\/2023\/10\/aug_vcard_charles_phan_500x500.png","datePublished":"2023-10-23T22:32:31+00:00","description":"Charles Phan l\u00e0 m\u1ed9t c\u1ed1 v\u1ea5n gi\u00e1o d\u1ee5c gi\u00e0u kinh nghi\u1ec7m v\u00e0 hi\u1ec3u bi\u1ebft s\u00e2u r\u1ed9ng, \u0111\u01b0a ra nh\u1eefng h\u01b0\u1edbng d\u1eabn \u0111\u00e1ng tin c\u1eady cho c\u1ea3 h\u1ecdc sinh v\u00e0 ph\u1ee5 huynh. \u00d4ng \u0111\u00e3 x\u00e2y d\u1ef1ng m\u1ed9t m\u1ea1ng l\u01b0\u1edbi m\u1ea1nh m\u1ebd v\u1edbi c\u00e1c c\u1ed1 v\u1ea5n v\u00e0 nh\u00e0 gi\u00e1o d\u1ee5c trong tr\u01b0\u1eddng h\u1ecdc, th\u1ec3 hi\u1ec7n s\u1ef1 c\u1ed1ng hi\u1ebfn kh\u00f4ng ng\u1eebng ngh\u1ec9 cho s\u1ef1 th\u00e0nh c\u00f4ng c\u1ee7a h\u1ecdc sinh trong m\u1ee5c ti\u00eau gi\u00e1o d\u1ee5c qu\u1ed1c t\u1ebf c\u1ee7a c\u00e1c em.","breadcrumb":{"@id":"https:\/\/augstudy.com\/vcard\/viet-nam\/charles-phan\/#breadcrumb"},"inLanguage":"vi","potentialAction":[{"@type":"ReadAction","target":["https:\/\/augstudy.com\/vcard\/viet-nam\/charles-phan\/"]}]},{"@type":"ImageObject","inLanguage":"vi","@id":"https:\/\/augstudy.com\/vcard\/viet-nam\/charles-phan\/#primaryimage","url":"https:\/\/augstudy.com\/aug-website-files\/wp-content\/uploads\/2023\/10\/aug_vcard_charles_phan_500x500.png","contentUrl":"https:\/\/augstudy.com\/aug-website-files\/wp-content\/uploads\/2023\/10\/aug_vcard_charles_phan_500x500.png","width":500,"height":500},{"@type":"BreadcrumbList","@id":"https:\/\/augstudy.com\/vcard\/viet-nam\/charles-phan\/#breadcrumb","itemListElement":[{"@type":"ListItem","position":1,"name":"Home","item":"https:\/\/augstudy.com\/"},{"@type":"ListItem","position":2,"name":"vCard","item":"https:\/\/augstudy.com\/vcard\/"},{"@type":"ListItem","position":3,"name":"vCard &#8211; Vietnam","item":"https:\/\/augstudy.com\/vcard\/viet-nam\/"},{"@type":"ListItem","position":4,"name":"Charles Phan"}]},{"@type":"WebSite","@id":"https:\/\/augstudy.com\/#website","url":"https:\/\/augstudy.com\/","name":"D\u1ecbch v\u1ee5 Sinh vi\u00ean AUG","description":"D\u1ecbch v\u1ee5 sinh vi\u00ean","alternateName":"AUG Global","potentialAction":[{"@type":"SearchAction","target":{"@type":"EntryPoint","urlTemplate":"https:\/\/augstudy.com\/?s={search_term_string}"},"query-input":{"@type":"PropertyValueSpecification","valueRequired":true,"valueName":"search_term_string"}}],"inLanguage":"vi"}]}},"_links":{"self":[{"href":"https:\/\/augstudy.com\/vi\/wp-json\/wp\/v2\/pages\/386305","targetHints":{"allow":["GET"]}}],"collection":[{"href":"https:\/\/augstudy.com\/vi\/wp-json\/wp\/v2\/pages"}],"about":[{"href":"https:\/\/augstudy.com\/vi\/wp-json\/wp\/v2\/types\/page"}],"author":[{"embeddable":true,"href":"https:\/\/augstudy.com\/vi\/wp-json\/wp\/v2\/users\/4"}],"replies":[{"embeddable":true,"href":"https:\/\/augstudy.com\/vi\/wp-json\/wp\/v2\/comments?post=386305"}],"version-history":[{"count":0,"href":"https:\/\/augstudy.com\/vi\/wp-json\/wp\/v2\/pages\/386305\/revisions"}],"up":[{"embeddable":true,"href":"https:\/\/augstudy.com\/vi\/wp-json\/wp\/v2\/pages\/386304"}],"wp:featuredmedia":[{"embeddable":true,"href":"https:\/\/augstudy.com\/vi\/wp-json\/wp\/v2\/media\/386301"}],"wp:attachment":[{"href":"https:\/\/augstudy.com\/vi\/wp-json\/wp\/v2\/media?parent=386305"}],"curies":[{"name":"wp","href":"https:\/\/api.w.org\/{rel}","templated":true}]}}