{"id":386257,"date":"2023-10-23T14:39:57","date_gmt":"2023-10-23T03:39:57","guid":{"rendered":"https:\/\/augstudy.com\/?page_id=386257"},"modified":"2023-10-23T14:45:10","modified_gmt":"2023-10-23T03:45:10","slug":"tori-zhang","status":"publish","type":"page","link":"https:\/\/augstudy.com\/vi\/vcard\/china\/tori-zhang\/","title":{"rendered":"Tr\u01b0\u01a1ng Tr\u00ed"},"content":{"rendered":"<div class=\"vc_row wpb_row vc_row-fluid\"><div class=\"wpb_column vc_column_container vc_col-sm-12\"><div class=\"vc_column-inner\"><div class=\"wpb_wrapper\">\n\t<div class=\"wpb_raw_code wpb_content_element wpb_raw_html margin_bottom_0px\">\n\t\t<div class=\"wpb_wrapper\">\n\t\t\t<a class=\"vcard-download\" href=\"https:\/\/augstudy.com\/aug-website-files\/wp-content\/uploads\/vcard\/Tori_ZHANG.vcf\"><\/a>\n\t\t<\/div>\n\t<\/div>\n<\/div><\/div><\/div><\/div>","protected":false},"excerpt":{"rendered":"","protected":false},"author":4,"featured_media":386252,"parent":386258,"menu_order":0,"comment_status":"closed","ping_status":"closed","template":"","meta":{"footnotes":""},"class_list":["post-386257","page","type-page","status-publish","hentry"],"yoast_head":"<!-- This site is optimized with the Yoast SEO Premium plugin v27.0 (Yoast SEO v27.3) - https:\/\/yoast.com\/product\/yoast-seo-premium-wordpress\/ -->\n<title>Tori Zhang - AUG Student Services<\/title>\n<meta name=\"description\" content=\"Tori is an accomplished and experienced professional currently holding the position of China Regional Director. She has been with the company for over a decade and has consistently demonstrated her expertise in managing and leading operations in the China region. She oversees all operations in the region, including sales, marketing, customer service, and supply chain management.\" \/>\n<meta name=\"robots\" content=\"index, follow, max-snippet:-1, max-image-preview:large, max-video-preview:-1\" \/>\n<link rel=\"canonical\" href=\"https:\/\/augstudy.com\/vi\/vcard\/china\/tori-zhang\/\" \/>\n<meta property=\"og:locale\" content=\"vi_VN\" \/>\n<meta property=\"og:type\" content=\"article\" \/>\n<meta property=\"og:title\" content=\"Tori Zhang\" \/>\n<meta property=\"og:description\" content=\"Tori is an accomplished and experienced professional currently holding the position of China Regional Director. She has been with the company for over a decade and has consistently demonstrated her expertise in managing and leading operations in the China region. She oversees all operations in the region, including sales, marketing, customer service, and supply chain management.\" \/>\n<meta property=\"og:url\" content=\"https:\/\/augstudy.com\/vi\/vcard\/china\/tori-zhang\/\" \/>\n<meta property=\"og:site_name\" content=\"AUG Student Services\" \/>\n<meta property=\"article:publisher\" content=\"https:\/\/www.facebook.com\/augmalaysia\/\" \/>\n<meta property=\"article:modified_time\" content=\"2023-10-23T03:45:10+00:00\" \/>\n<meta property=\"og:image\" content=\"https:\/\/augstudy.com\/aug-website-files\/wp-content\/uploads\/2023\/10\/aug_vcard_tori_zhang_500x500.png\" \/>\n\t<meta property=\"og:image:width\" content=\"500\" \/>\n\t<meta property=\"og:image:height\" content=\"500\" \/>\n\t<meta property=\"og:image:type\" content=\"image\/png\" \/>\n<meta name=\"twitter:card\" content=\"summary_large_image\" \/>\n<meta name=\"twitter:label1\" content=\"\u01af\u1edbc t\u00ednh th\u1eddi gian \u0111\u1ecdc\" \/>\n\t<meta name=\"twitter:data1\" content=\"1 ph\u00fat\" \/>\n<script type=\"application\/ld+json\" class=\"yoast-schema-graph\">{\"@context\":\"https:\\\/\\\/schema.org\",\"@graph\":[{\"@type\":\"WebPage\",\"@id\":\"https:\\\/\\\/augstudy.com\\\/vcard\\\/china\\\/tori-zhang\\\/\",\"url\":\"https:\\\/\\\/augstudy.com\\\/vcard\\\/china\\\/tori-zhang\\\/\",\"name\":\"Tori Zhang - AUG Student Services\",\"isPartOf\":{\"@id\":\"https:\\\/\\\/augstudy.com\\\/#website\"},\"primaryImageOfPage\":{\"@id\":\"https:\\\/\\\/augstudy.com\\\/vcard\\\/china\\\/tori-zhang\\\/#primaryimage\"},\"image\":{\"@id\":\"https:\\\/\\\/augstudy.com\\\/vcard\\\/china\\\/tori-zhang\\\/#primaryimage\"},\"thumbnailUrl\":\"https:\\\/\\\/augstudy.com\\\/aug-website-files\\\/wp-content\\\/uploads\\\/2023\\\/10\\\/aug_vcard_tori_zhang_500x500.png\",\"datePublished\":\"2023-10-23T03:39:57+00:00\",\"dateModified\":\"2023-10-23T03:45:10+00:00\",\"description\":\"Tori is an accomplished and experienced professional currently holding the position of China Regional Director. She has been with the company for over a decade and has consistently demonstrated her expertise in managing and leading operations in the China region. She oversees all operations in the region, including sales, marketing, customer service, and supply chain management.\",\"breadcrumb\":{\"@id\":\"https:\\\/\\\/augstudy.com\\\/vcard\\\/china\\\/tori-zhang\\\/#breadcrumb\"},\"inLanguage\":\"vi\",\"potentialAction\":[{\"@type\":\"ReadAction\",\"target\":[\"https:\\\/\\\/augstudy.com\\\/vcard\\\/china\\\/tori-zhang\\\/\"]}]},{\"@type\":\"ImageObject\",\"inLanguage\":\"vi\",\"@id\":\"https:\\\/\\\/augstudy.com\\\/vcard\\\/china\\\/tori-zhang\\\/#primaryimage\",\"url\":\"https:\\\/\\\/augstudy.com\\\/aug-website-files\\\/wp-content\\\/uploads\\\/2023\\\/10\\\/aug_vcard_tori_zhang_500x500.png\",\"contentUrl\":\"https:\\\/\\\/augstudy.com\\\/aug-website-files\\\/wp-content\\\/uploads\\\/2023\\\/10\\\/aug_vcard_tori_zhang_500x500.png\",\"width\":500,\"height\":500},{\"@type\":\"BreadcrumbList\",\"@id\":\"https:\\\/\\\/augstudy.com\\\/vcard\\\/china\\\/tori-zhang\\\/#breadcrumb\",\"itemListElement\":[{\"@type\":\"ListItem\",\"position\":1,\"name\":\"Home\",\"item\":\"https:\\\/\\\/augstudy.com\\\/\"},{\"@type\":\"ListItem\",\"position\":2,\"name\":\"vCard\",\"item\":\"https:\\\/\\\/augstudy.com\\\/vcard\\\/\"},{\"@type\":\"ListItem\",\"position\":3,\"name\":\"vCard &#8211; China\",\"item\":\"https:\\\/\\\/augstudy.com\\\/vcard\\\/china\\\/\"},{\"@type\":\"ListItem\",\"position\":4,\"name\":\"Tori Zhang\"}]},{\"@type\":\"WebSite\",\"@id\":\"https:\\\/\\\/augstudy.com\\\/#website\",\"url\":\"https:\\\/\\\/augstudy.com\\\/\",\"name\":\"AUG Student Services\",\"description\":\"Student Services\",\"alternateName\":\"AUG Global\",\"potentialAction\":[{\"@type\":\"SearchAction\",\"target\":{\"@type\":\"EntryPoint\",\"urlTemplate\":\"https:\\\/\\\/augstudy.com\\\/?s={search_term_string}\"},\"query-input\":{\"@type\":\"PropertyValueSpecification\",\"valueRequired\":true,\"valueName\":\"search_term_string\"}}],\"inLanguage\":\"vi\"}]}<\/script>\n<!-- \/ Yoast SEO Premium plugin. -->","yoast_head_json":{"title":"Tori Zhang - AUG Student Services","description":"Tori l\u00e0 m\u1ed9t chuy\u00ean gia th\u00e0nh \u0111\u1ea1t v\u00e0 gi\u00e0u kinh nghi\u1ec7m, hi\u1ec7n \u0111ang gi\u1eef ch\u1ee9c v\u1ee5 Gi\u00e1m \u0111\u1ed1c khu v\u1ef1c Trung Qu\u1ed1c. C\u00f4 \u0111\u00e3 l\u00e0m vi\u1ec7c cho c\u00f4ng ty h\u01a1n m\u1ed9t th\u1eadp k\u1ef7 v\u00e0 lu\u00f4n th\u1ec3 hi\u1ec7n chuy\u00ean m\u00f4n c\u1ee7a m\u00ecnh trong vi\u1ec7c qu\u1ea3n l\u00fd v\u00e0 l\u00e3nh \u0111\u1ea1o c\u00e1c ho\u1ea1t \u0111\u1ed9ng \u1edf khu v\u1ef1c Trung Qu\u1ed1c. C\u00f4 gi\u00e1m s\u00e1t t\u1ea5t c\u1ea3 c\u00e1c ho\u1ea1t \u0111\u1ed9ng trong khu v\u1ef1c, bao g\u1ed3m b\u00e1n h\u00e0ng, ti\u1ebfp th\u1ecb, d\u1ecbch v\u1ee5 kh\u00e1ch h\u00e0ng v\u00e0 qu\u1ea3n l\u00fd chu\u1ed7i cung \u1ee9ng.","robots":{"index":"index","follow":"follow","max-snippet":"max-snippet:-1","max-image-preview":"max-image-preview:large","max-video-preview":"max-video-preview:-1"},"canonical":"https:\/\/augstudy.com\/vi\/vcard\/china\/tori-zhang\/","og_locale":"vi_VN","og_type":"article","og_title":"Tori Zhang","og_description":"Tori is an accomplished and experienced professional currently holding the position of China Regional Director. She has been with the company for over a decade and has consistently demonstrated her expertise in managing and leading operations in the China region. She oversees all operations in the region, including sales, marketing, customer service, and supply chain management.","og_url":"https:\/\/augstudy.com\/vi\/vcard\/china\/tori-zhang\/","og_site_name":"AUG Student Services","article_publisher":"https:\/\/www.facebook.com\/augmalaysia\/","article_modified_time":"2023-10-23T03:45:10+00:00","og_image":[{"width":500,"height":500,"url":"https:\/\/augstudy.com\/aug-website-files\/wp-content\/uploads\/2023\/10\/aug_vcard_tori_zhang_500x500.png","type":"image\/png"}],"twitter_card":"summary_large_image","twitter_misc":{"\u01af\u1edbc t\u00ednh th\u1eddi gian \u0111\u1ecdc":"1 ph\u00fat"},"schema":{"@context":"https:\/\/schema.org","@graph":[{"@type":"WebPage","@id":"https:\/\/augstudy.com\/vcard\/china\/tori-zhang\/","url":"https:\/\/augstudy.com\/vcard\/china\/tori-zhang\/","name":"Tori Zhang - AUG Student Services","isPartOf":{"@id":"https:\/\/augstudy.com\/#website"},"primaryImageOfPage":{"@id":"https:\/\/augstudy.com\/vcard\/china\/tori-zhang\/#primaryimage"},"image":{"@id":"https:\/\/augstudy.com\/vcard\/china\/tori-zhang\/#primaryimage"},"thumbnailUrl":"https:\/\/augstudy.com\/aug-website-files\/wp-content\/uploads\/2023\/10\/aug_vcard_tori_zhang_500x500.png","datePublished":"2023-10-23T03:39:57+00:00","dateModified":"2023-10-23T03:45:10+00:00","description":"Tori l\u00e0 m\u1ed9t chuy\u00ean gia th\u00e0nh \u0111\u1ea1t v\u00e0 gi\u00e0u kinh nghi\u1ec7m, hi\u1ec7n \u0111ang gi\u1eef ch\u1ee9c v\u1ee5 Gi\u00e1m \u0111\u1ed1c khu v\u1ef1c Trung Qu\u1ed1c. C\u00f4 \u0111\u00e3 l\u00e0m vi\u1ec7c cho c\u00f4ng ty h\u01a1n m\u1ed9t th\u1eadp k\u1ef7 v\u00e0 lu\u00f4n th\u1ec3 hi\u1ec7n chuy\u00ean m\u00f4n c\u1ee7a m\u00ecnh trong vi\u1ec7c qu\u1ea3n l\u00fd v\u00e0 l\u00e3nh \u0111\u1ea1o c\u00e1c ho\u1ea1t \u0111\u1ed9ng \u1edf khu v\u1ef1c Trung Qu\u1ed1c. C\u00f4 gi\u00e1m s\u00e1t t\u1ea5t c\u1ea3 c\u00e1c ho\u1ea1t \u0111\u1ed9ng trong khu v\u1ef1c, bao g\u1ed3m b\u00e1n h\u00e0ng, ti\u1ebfp th\u1ecb, d\u1ecbch v\u1ee5 kh\u00e1ch h\u00e0ng v\u00e0 qu\u1ea3n l\u00fd chu\u1ed7i cung \u1ee9ng.","breadcrumb":{"@id":"https:\/\/augstudy.com\/vcard\/china\/tori-zhang\/#breadcrumb"},"inLanguage":"vi","potentialAction":[{"@type":"ReadAction","target":["https:\/\/augstudy.com\/vcard\/china\/tori-zhang\/"]}]},{"@type":"ImageObject","inLanguage":"vi","@id":"https:\/\/augstudy.com\/vcard\/china\/tori-zhang\/#primaryimage","url":"https:\/\/augstudy.com\/aug-website-files\/wp-content\/uploads\/2023\/10\/aug_vcard_tori_zhang_500x500.png","contentUrl":"https:\/\/augstudy.com\/aug-website-files\/wp-content\/uploads\/2023\/10\/aug_vcard_tori_zhang_500x500.png","width":500,"height":500},{"@type":"BreadcrumbList","@id":"https:\/\/augstudy.com\/vcard\/china\/tori-zhang\/#breadcrumb","itemListElement":[{"@type":"ListItem","position":1,"name":"Home","item":"https:\/\/augstudy.com\/"},{"@type":"ListItem","position":2,"name":"vCard","item":"https:\/\/augstudy.com\/vcard\/"},{"@type":"ListItem","position":3,"name":"vCard &#8211; China","item":"https:\/\/augstudy.com\/vcard\/china\/"},{"@type":"ListItem","position":4,"name":"Tori Zhang"}]},{"@type":"WebSite","@id":"https:\/\/augstudy.com\/#website","url":"https:\/\/augstudy.com\/","name":"D\u1ecbch v\u1ee5 Sinh vi\u00ean AUG","description":"D\u1ecbch v\u1ee5 sinh vi\u00ean","alternateName":"AUG Global","potentialAction":[{"@type":"SearchAction","target":{"@type":"EntryPoint","urlTemplate":"https:\/\/augstudy.com\/?s={search_term_string}"},"query-input":{"@type":"PropertyValueSpecification","valueRequired":true,"valueName":"search_term_string"}}],"inLanguage":"vi"}]}},"_links":{"self":[{"href":"https:\/\/augstudy.com\/vi\/wp-json\/wp\/v2\/pages\/386257","targetHints":{"allow":["GET"]}}],"collection":[{"href":"https:\/\/augstudy.com\/vi\/wp-json\/wp\/v2\/pages"}],"about":[{"href":"https:\/\/augstudy.com\/vi\/wp-json\/wp\/v2\/types\/page"}],"author":[{"embeddable":true,"href":"https:\/\/augstudy.com\/vi\/wp-json\/wp\/v2\/users\/4"}],"replies":[{"embeddable":true,"href":"https:\/\/augstudy.com\/vi\/wp-json\/wp\/v2\/comments?post=386257"}],"version-history":[{"count":0,"href":"https:\/\/augstudy.com\/vi\/wp-json\/wp\/v2\/pages\/386257\/revisions"}],"up":[{"embeddable":true,"href":"https:\/\/augstudy.com\/vi\/wp-json\/wp\/v2\/pages\/386258"}],"wp:featuredmedia":[{"embeddable":true,"href":"https:\/\/augstudy.com\/vi\/wp-json\/wp\/v2\/media\/386252"}],"wp:attachment":[{"href":"https:\/\/augstudy.com\/vi\/wp-json\/wp\/v2\/media?parent=386257"}],"curies":[{"name":"wp","href":"https:\/\/api.w.org\/{rel}","templated":true}]}}