{"id":386256,"date":"2023-10-23T14:39:30","date_gmt":"2023-10-23T03:39:30","guid":{"rendered":"https:\/\/augstudy.com\/?page_id=386256"},"modified":"2023-10-23T14:45:04","modified_gmt":"2023-10-23T03:45:04","slug":"karen-wu","status":"publish","type":"page","link":"https:\/\/augstudy.com\/vi\/vcard\/china\/karen-wu\/","title":{"rendered":"Karen Wu"},"content":{"rendered":"<div class=\"vc_row wpb_row vc_row-fluid\"><div class=\"wpb_column vc_column_container vc_col-sm-12\"><div class=\"vc_column-inner\"><div class=\"wpb_wrapper\">\n\t<div class=\"wpb_raw_code wpb_content_element wpb_raw_html margin_bottom_0px\">\n\t\t<div class=\"wpb_wrapper\">\n\t\t\t<a class=\"vcard-download\" href=\"https:\/\/augstudy.com\/aug-website-files\/wp-content\/uploads\/vcard\/Karen_WU.vcf\"><\/a>\n\t\t<\/div>\n\t<\/div>\n<\/div><\/div><\/div><\/div>","protected":false},"excerpt":{"rendered":"","protected":false},"author":4,"featured_media":386251,"parent":386258,"menu_order":0,"comment_status":"closed","ping_status":"closed","template":"","meta":{"footnotes":""},"class_list":["post-386256","page","type-page","status-publish","hentry"],"yoast_head":"<!-- This site is optimized with the Yoast SEO Premium plugin v27.0 (Yoast SEO v27.3) - https:\/\/yoast.com\/product\/yoast-seo-premium-wordpress\/ -->\n<title>Karen Wu - AUG Student Services<\/title>\n<meta name=\"description\" content=\"In her role as Deputy Manager, Karen oversees the daily operations of the Beijing branch, ensuring that all departments are functioning effectively and efficiently. She works closely with the China Regional Director to develop and implement strategic plans and objectives for the company. Karen has a proven track record of improving operational efficiency, increasing revenue, and enhancing customer satisfaction.\" \/>\n<meta name=\"robots\" content=\"index, follow, max-snippet:-1, max-image-preview:large, max-video-preview:-1\" \/>\n<link rel=\"canonical\" href=\"https:\/\/augstudy.com\/vi\/vcard\/china\/karen-wu\/\" \/>\n<meta property=\"og:locale\" content=\"vi_VN\" \/>\n<meta property=\"og:type\" content=\"article\" \/>\n<meta property=\"og:title\" content=\"Karen Wu\" \/>\n<meta property=\"og:description\" content=\"In her role as Deputy Manager, Karen oversees the daily operations of the Beijing branch, ensuring that all departments are functioning effectively and efficiently. She works closely with the China Regional Director to develop and implement strategic plans and objectives for the company. Karen has a proven track record of improving operational efficiency, increasing revenue, and enhancing customer satisfaction.\" \/>\n<meta property=\"og:url\" content=\"https:\/\/augstudy.com\/vi\/vcard\/china\/karen-wu\/\" \/>\n<meta property=\"og:site_name\" content=\"AUG Student Services\" \/>\n<meta property=\"article:publisher\" content=\"https:\/\/www.facebook.com\/augmalaysia\/\" \/>\n<meta property=\"article:modified_time\" content=\"2023-10-23T03:45:04+00:00\" \/>\n<meta property=\"og:image\" content=\"https:\/\/augstudy.com\/aug-website-files\/wp-content\/uploads\/2023\/10\/aug_vcard_karen_wu_500x500.png\" \/>\n\t<meta property=\"og:image:width\" content=\"500\" \/>\n\t<meta property=\"og:image:height\" content=\"500\" \/>\n\t<meta property=\"og:image:type\" content=\"image\/png\" \/>\n<meta name=\"twitter:card\" content=\"summary_large_image\" \/>\n<meta name=\"twitter:label1\" content=\"\u01af\u1edbc t\u00ednh th\u1eddi gian \u0111\u1ecdc\" \/>\n\t<meta name=\"twitter:data1\" content=\"1 ph\u00fat\" \/>\n<script type=\"application\/ld+json\" class=\"yoast-schema-graph\">{\"@context\":\"https:\\\/\\\/schema.org\",\"@graph\":[{\"@type\":\"WebPage\",\"@id\":\"https:\\\/\\\/augstudy.com\\\/vcard\\\/china\\\/karen-wu\\\/\",\"url\":\"https:\\\/\\\/augstudy.com\\\/vcard\\\/china\\\/karen-wu\\\/\",\"name\":\"Karen Wu - AUG Student Services\",\"isPartOf\":{\"@id\":\"https:\\\/\\\/augstudy.com\\\/#website\"},\"primaryImageOfPage\":{\"@id\":\"https:\\\/\\\/augstudy.com\\\/vcard\\\/china\\\/karen-wu\\\/#primaryimage\"},\"image\":{\"@id\":\"https:\\\/\\\/augstudy.com\\\/vcard\\\/china\\\/karen-wu\\\/#primaryimage\"},\"thumbnailUrl\":\"https:\\\/\\\/augstudy.com\\\/aug-website-files\\\/wp-content\\\/uploads\\\/2023\\\/10\\\/aug_vcard_karen_wu_500x500.png\",\"datePublished\":\"2023-10-23T03:39:30+00:00\",\"dateModified\":\"2023-10-23T03:45:04+00:00\",\"description\":\"In her role as Deputy Manager, Karen oversees the daily operations of the Beijing branch, ensuring that all departments are functioning effectively and efficiently. She works closely with the China Regional Director to develop and implement strategic plans and objectives for the company. Karen has a proven track record of improving operational efficiency, increasing revenue, and enhancing customer satisfaction.\",\"breadcrumb\":{\"@id\":\"https:\\\/\\\/augstudy.com\\\/vcard\\\/china\\\/karen-wu\\\/#breadcrumb\"},\"inLanguage\":\"vi\",\"potentialAction\":[{\"@type\":\"ReadAction\",\"target\":[\"https:\\\/\\\/augstudy.com\\\/vcard\\\/china\\\/karen-wu\\\/\"]}]},{\"@type\":\"ImageObject\",\"inLanguage\":\"vi\",\"@id\":\"https:\\\/\\\/augstudy.com\\\/vcard\\\/china\\\/karen-wu\\\/#primaryimage\",\"url\":\"https:\\\/\\\/augstudy.com\\\/aug-website-files\\\/wp-content\\\/uploads\\\/2023\\\/10\\\/aug_vcard_karen_wu_500x500.png\",\"contentUrl\":\"https:\\\/\\\/augstudy.com\\\/aug-website-files\\\/wp-content\\\/uploads\\\/2023\\\/10\\\/aug_vcard_karen_wu_500x500.png\",\"width\":500,\"height\":500},{\"@type\":\"BreadcrumbList\",\"@id\":\"https:\\\/\\\/augstudy.com\\\/vcard\\\/china\\\/karen-wu\\\/#breadcrumb\",\"itemListElement\":[{\"@type\":\"ListItem\",\"position\":1,\"name\":\"Home\",\"item\":\"https:\\\/\\\/augstudy.com\\\/\"},{\"@type\":\"ListItem\",\"position\":2,\"name\":\"vCard\",\"item\":\"https:\\\/\\\/augstudy.com\\\/vcard\\\/\"},{\"@type\":\"ListItem\",\"position\":3,\"name\":\"vCard &#8211; China\",\"item\":\"https:\\\/\\\/augstudy.com\\\/vcard\\\/china\\\/\"},{\"@type\":\"ListItem\",\"position\":4,\"name\":\"Karen Wu\"}]},{\"@type\":\"WebSite\",\"@id\":\"https:\\\/\\\/augstudy.com\\\/#website\",\"url\":\"https:\\\/\\\/augstudy.com\\\/\",\"name\":\"AUG Student Services\",\"description\":\"Student Services\",\"alternateName\":\"AUG Global\",\"potentialAction\":[{\"@type\":\"SearchAction\",\"target\":{\"@type\":\"EntryPoint\",\"urlTemplate\":\"https:\\\/\\\/augstudy.com\\\/?s={search_term_string}\"},\"query-input\":{\"@type\":\"PropertyValueSpecification\",\"valueRequired\":true,\"valueName\":\"search_term_string\"}}],\"inLanguage\":\"vi\"}]}<\/script>\n<!-- \/ Yoast SEO Premium plugin. -->","yoast_head_json":{"title":"Karen Wu - AUG Student Services","description":"V\u1edbi vai tr\u00f2 l\u00e0 Ph\u00f3 Gi\u00e1m \u0111\u1ed1c, Karen gi\u00e1m s\u00e1t ho\u1ea1t \u0111\u1ed9ng h\u00e0ng ng\u00e0y c\u1ee7a chi nh\u00e1nh B\u1eafc Kinh, \u0111\u1ea3m b\u1ea3o r\u1eb1ng t\u1ea5t c\u1ea3 c\u00e1c b\u1ed9 ph\u1eadn \u0111\u1ec1u ho\u1ea1t \u0111\u1ed9ng hi\u1ec7u qu\u1ea3 v\u00e0 hi\u1ec7u qu\u1ea3. C\u00f4 l\u00e0m vi\u1ec7c ch\u1eb7t ch\u1ebd v\u1edbi Gi\u00e1m \u0111\u1ed1c khu v\u1ef1c Trung Qu\u1ed1c \u0111\u1ec3 ph\u00e1t tri\u1ec3n v\u00e0 th\u1ef1c hi\u1ec7n c\u00e1c k\u1ebf ho\u1ea1ch v\u00e0 m\u1ee5c ti\u00eau chi\u1ebfn l\u01b0\u1ee3c cho c\u00f4ng ty. Karen c\u00f3 th\u00e0nh t\u00edch \u0111\u00e3 \u0111\u01b0\u1ee3c ch\u1ee9ng minh trong vi\u1ec7c c\u1ea3i thi\u1ec7n hi\u1ec7u qu\u1ea3 ho\u1ea1t \u0111\u1ed9ng, t\u0103ng doanh thu v\u00e0 n\u00e2ng cao s\u1ef1 h\u00e0i l\u00f2ng c\u1ee7a kh\u00e1ch h\u00e0ng.","robots":{"index":"index","follow":"follow","max-snippet":"max-snippet:-1","max-image-preview":"max-image-preview:large","max-video-preview":"max-video-preview:-1"},"canonical":"https:\/\/augstudy.com\/vi\/vcard\/china\/karen-wu\/","og_locale":"vi_VN","og_type":"article","og_title":"Karen Wu","og_description":"In her role as Deputy Manager, Karen oversees the daily operations of the Beijing branch, ensuring that all departments are functioning effectively and efficiently. She works closely with the China Regional Director to develop and implement strategic plans and objectives for the company. Karen has a proven track record of improving operational efficiency, increasing revenue, and enhancing customer satisfaction.","og_url":"https:\/\/augstudy.com\/vi\/vcard\/china\/karen-wu\/","og_site_name":"AUG Student Services","article_publisher":"https:\/\/www.facebook.com\/augmalaysia\/","article_modified_time":"2023-10-23T03:45:04+00:00","og_image":[{"width":500,"height":500,"url":"https:\/\/augstudy.com\/aug-website-files\/wp-content\/uploads\/2023\/10\/aug_vcard_karen_wu_500x500.png","type":"image\/png"}],"twitter_card":"summary_large_image","twitter_misc":{"\u01af\u1edbc t\u00ednh th\u1eddi gian \u0111\u1ecdc":"1 ph\u00fat"},"schema":{"@context":"https:\/\/schema.org","@graph":[{"@type":"WebPage","@id":"https:\/\/augstudy.com\/vcard\/china\/karen-wu\/","url":"https:\/\/augstudy.com\/vcard\/china\/karen-wu\/","name":"Karen Wu - AUG Student Services","isPartOf":{"@id":"https:\/\/augstudy.com\/#website"},"primaryImageOfPage":{"@id":"https:\/\/augstudy.com\/vcard\/china\/karen-wu\/#primaryimage"},"image":{"@id":"https:\/\/augstudy.com\/vcard\/china\/karen-wu\/#primaryimage"},"thumbnailUrl":"https:\/\/augstudy.com\/aug-website-files\/wp-content\/uploads\/2023\/10\/aug_vcard_karen_wu_500x500.png","datePublished":"2023-10-23T03:39:30+00:00","dateModified":"2023-10-23T03:45:04+00:00","description":"V\u1edbi vai tr\u00f2 l\u00e0 Ph\u00f3 Gi\u00e1m \u0111\u1ed1c, Karen gi\u00e1m s\u00e1t ho\u1ea1t \u0111\u1ed9ng h\u00e0ng ng\u00e0y c\u1ee7a chi nh\u00e1nh B\u1eafc Kinh, \u0111\u1ea3m b\u1ea3o r\u1eb1ng t\u1ea5t c\u1ea3 c\u00e1c b\u1ed9 ph\u1eadn \u0111\u1ec1u ho\u1ea1t \u0111\u1ed9ng hi\u1ec7u qu\u1ea3 v\u00e0 hi\u1ec7u qu\u1ea3. C\u00f4 l\u00e0m vi\u1ec7c ch\u1eb7t ch\u1ebd v\u1edbi Gi\u00e1m \u0111\u1ed1c khu v\u1ef1c Trung Qu\u1ed1c \u0111\u1ec3 ph\u00e1t tri\u1ec3n v\u00e0 th\u1ef1c hi\u1ec7n c\u00e1c k\u1ebf ho\u1ea1ch v\u00e0 m\u1ee5c ti\u00eau chi\u1ebfn l\u01b0\u1ee3c cho c\u00f4ng ty. Karen c\u00f3 th\u00e0nh t\u00edch \u0111\u00e3 \u0111\u01b0\u1ee3c ch\u1ee9ng minh trong vi\u1ec7c c\u1ea3i thi\u1ec7n hi\u1ec7u qu\u1ea3 ho\u1ea1t \u0111\u1ed9ng, t\u0103ng doanh thu v\u00e0 n\u00e2ng cao s\u1ef1 h\u00e0i l\u00f2ng c\u1ee7a kh\u00e1ch h\u00e0ng.","breadcrumb":{"@id":"https:\/\/augstudy.com\/vcard\/china\/karen-wu\/#breadcrumb"},"inLanguage":"vi","potentialAction":[{"@type":"ReadAction","target":["https:\/\/augstudy.com\/vcard\/china\/karen-wu\/"]}]},{"@type":"ImageObject","inLanguage":"vi","@id":"https:\/\/augstudy.com\/vcard\/china\/karen-wu\/#primaryimage","url":"https:\/\/augstudy.com\/aug-website-files\/wp-content\/uploads\/2023\/10\/aug_vcard_karen_wu_500x500.png","contentUrl":"https:\/\/augstudy.com\/aug-website-files\/wp-content\/uploads\/2023\/10\/aug_vcard_karen_wu_500x500.png","width":500,"height":500},{"@type":"BreadcrumbList","@id":"https:\/\/augstudy.com\/vcard\/china\/karen-wu\/#breadcrumb","itemListElement":[{"@type":"ListItem","position":1,"name":"Home","item":"https:\/\/augstudy.com\/"},{"@type":"ListItem","position":2,"name":"vCard","item":"https:\/\/augstudy.com\/vcard\/"},{"@type":"ListItem","position":3,"name":"vCard &#8211; China","item":"https:\/\/augstudy.com\/vcard\/china\/"},{"@type":"ListItem","position":4,"name":"Karen Wu"}]},{"@type":"WebSite","@id":"https:\/\/augstudy.com\/#website","url":"https:\/\/augstudy.com\/","name":"D\u1ecbch v\u1ee5 Sinh vi\u00ean AUG","description":"D\u1ecbch v\u1ee5 sinh vi\u00ean","alternateName":"AUG Global","potentialAction":[{"@type":"SearchAction","target":{"@type":"EntryPoint","urlTemplate":"https:\/\/augstudy.com\/?s={search_term_string}"},"query-input":{"@type":"PropertyValueSpecification","valueRequired":true,"valueName":"search_term_string"}}],"inLanguage":"vi"}]}},"_links":{"self":[{"href":"https:\/\/augstudy.com\/vi\/wp-json\/wp\/v2\/pages\/386256","targetHints":{"allow":["GET"]}}],"collection":[{"href":"https:\/\/augstudy.com\/vi\/wp-json\/wp\/v2\/pages"}],"about":[{"href":"https:\/\/augstudy.com\/vi\/wp-json\/wp\/v2\/types\/page"}],"author":[{"embeddable":true,"href":"https:\/\/augstudy.com\/vi\/wp-json\/wp\/v2\/users\/4"}],"replies":[{"embeddable":true,"href":"https:\/\/augstudy.com\/vi\/wp-json\/wp\/v2\/comments?post=386256"}],"version-history":[{"count":0,"href":"https:\/\/augstudy.com\/vi\/wp-json\/wp\/v2\/pages\/386256\/revisions"}],"up":[{"embeddable":true,"href":"https:\/\/augstudy.com\/vi\/wp-json\/wp\/v2\/pages\/386258"}],"wp:featuredmedia":[{"embeddable":true,"href":"https:\/\/augstudy.com\/vi\/wp-json\/wp\/v2\/media\/386251"}],"wp:attachment":[{"href":"https:\/\/augstudy.com\/vi\/wp-json\/wp\/v2\/media?parent=386256"}],"curies":[{"name":"wp","href":"https:\/\/api.w.org\/{rel}","templated":true}]}}