{"id":386248,"date":"2023-10-23T11:01:38","date_gmt":"2023-10-23T00:01:38","guid":{"rendered":"https:\/\/augstudy.com\/?page_id=386248"},"modified":"2023-10-23T11:01:38","modified_gmt":"2023-10-23T00:01:38","slug":"warren-chew","status":"publish","type":"page","link":"https:\/\/augstudy.com\/vi\/vcard\/malaysia\/warren-chew\/","title":{"rendered":"Warren nhai"},"content":{"rendered":"<div class=\"vc_row wpb_row vc_row-fluid\"><div class=\"wpb_column vc_column_container vc_col-sm-12\"><div class=\"vc_column-inner\"><div class=\"wpb_wrapper\">\n\t<div class=\"wpb_raw_code wpb_content_element wpb_raw_html margin_bottom_0px\">\n\t\t<div class=\"wpb_wrapper\">\n\t\t\t<a class=\"vcard-download\" href=\"https:\/\/augstudy.com\/aug-website-files\/wp-content\/uploads\/vcard\/Warren_CHEW.vcf\"><\/a>\n\t\t<\/div>\n\t<\/div>\n<\/div><\/div><\/div><\/div>","protected":false},"excerpt":{"rendered":"","protected":false},"author":4,"featured_media":386050,"parent":105664,"menu_order":0,"comment_status":"closed","ping_status":"closed","template":"","meta":{"footnotes":""},"class_list":["post-386248","page","type-page","status-publish","hentry"],"yoast_head":"<!-- This site is optimized with the Yoast SEO Premium plugin v27.0 (Yoast SEO v27.3) - https:\/\/yoast.com\/product\/yoast-seo-premium-wordpress\/ -->\n<title>Warren Chew - AUG Student Services<\/title>\n<meta name=\"description\" content=\"Passionate about helping others achieve their goals and find happiness, Warren has made a significant impact in the lives of many. His enthusiasm and dedication to his work are evident in the positive feedback he receives for his videos, as well as the numerous opportunities he has had to represent AUG at fam trips and institutional meetings.\" \/>\n<meta name=\"robots\" content=\"index, follow, max-snippet:-1, max-image-preview:large, max-video-preview:-1\" \/>\n<link rel=\"canonical\" href=\"https:\/\/augstudy.com\/vi\/vcard\/malaysia-2\/warren-chew\/\" \/>\n<meta property=\"og:locale\" content=\"vi_VN\" \/>\n<meta property=\"og:type\" content=\"article\" \/>\n<meta property=\"og:title\" content=\"Warren Chew\" \/>\n<meta property=\"og:description\" content=\"Passionate about helping others achieve their goals and find happiness, Warren has made a significant impact in the lives of many. His enthusiasm and dedication to his work are evident in the positive feedback he receives for his videos, as well as the numerous opportunities he has had to represent AUG at fam trips and institutional meetings.\" \/>\n<meta property=\"og:url\" content=\"https:\/\/augstudy.com\/vi\/vcard\/malaysia-2\/warren-chew\/\" \/>\n<meta property=\"og:site_name\" content=\"AUG Student Services\" \/>\n<meta property=\"article:publisher\" content=\"https:\/\/www.facebook.com\/augmalaysia\/\" \/>\n<meta property=\"og:image\" content=\"https:\/\/augstudy.com\/aug-website-files\/wp-content\/uploads\/2023\/10\/aug_vcard_warren_chew_500x500.png\" \/>\n\t<meta property=\"og:image:width\" content=\"500\" \/>\n\t<meta property=\"og:image:height\" content=\"500\" \/>\n\t<meta property=\"og:image:type\" content=\"image\/png\" \/>\n<meta name=\"twitter:card\" content=\"summary_large_image\" \/>\n<meta name=\"twitter:label1\" content=\"\u01af\u1edbc t\u00ednh th\u1eddi gian \u0111\u1ecdc\" \/>\n\t<meta name=\"twitter:data1\" content=\"1 ph\u00fat\" \/>\n<script type=\"application\/ld+json\" class=\"yoast-schema-graph\">{\"@context\":\"https:\\\/\\\/schema.org\",\"@graph\":[{\"@type\":\"WebPage\",\"@id\":\"https:\\\/\\\/augstudy.com\\\/vcard\\\/malaysia\\\/warren-chew\\\/\",\"url\":\"https:\\\/\\\/augstudy.com\\\/vcard\\\/malaysia\\\/warren-chew\\\/\",\"name\":\"Warren Chew - AUG Student Services\",\"isPartOf\":{\"@id\":\"https:\\\/\\\/augstudy.com\\\/#website\"},\"primaryImageOfPage\":{\"@id\":\"https:\\\/\\\/augstudy.com\\\/vcard\\\/malaysia\\\/warren-chew\\\/#primaryimage\"},\"image\":{\"@id\":\"https:\\\/\\\/augstudy.com\\\/vcard\\\/malaysia\\\/warren-chew\\\/#primaryimage\"},\"thumbnailUrl\":\"https:\\\/\\\/augstudy.com\\\/aug-website-files\\\/wp-content\\\/uploads\\\/2023\\\/10\\\/aug_vcard_warren_chew_500x500.png\",\"datePublished\":\"2023-10-23T00:01:38+00:00\",\"description\":\"Passionate about helping others achieve their goals and find happiness, Warren has made a significant impact in the lives of many. His enthusiasm and dedication to his work are evident in the positive feedback he receives for his videos, as well as the numerous opportunities he has had to represent AUG at fam trips and institutional meetings.\",\"breadcrumb\":{\"@id\":\"https:\\\/\\\/augstudy.com\\\/vcard\\\/malaysia\\\/warren-chew\\\/#breadcrumb\"},\"inLanguage\":\"vi\",\"potentialAction\":[{\"@type\":\"ReadAction\",\"target\":[\"https:\\\/\\\/augstudy.com\\\/vcard\\\/malaysia\\\/warren-chew\\\/\"]}]},{\"@type\":\"ImageObject\",\"inLanguage\":\"vi\",\"@id\":\"https:\\\/\\\/augstudy.com\\\/vcard\\\/malaysia\\\/warren-chew\\\/#primaryimage\",\"url\":\"https:\\\/\\\/augstudy.com\\\/aug-website-files\\\/wp-content\\\/uploads\\\/2023\\\/10\\\/aug_vcard_warren_chew_500x500.png\",\"contentUrl\":\"https:\\\/\\\/augstudy.com\\\/aug-website-files\\\/wp-content\\\/uploads\\\/2023\\\/10\\\/aug_vcard_warren_chew_500x500.png\",\"width\":500,\"height\":500},{\"@type\":\"BreadcrumbList\",\"@id\":\"https:\\\/\\\/augstudy.com\\\/vcard\\\/malaysia\\\/warren-chew\\\/#breadcrumb\",\"itemListElement\":[{\"@type\":\"ListItem\",\"position\":1,\"name\":\"Home\",\"item\":\"https:\\\/\\\/augstudy.com\\\/\"},{\"@type\":\"ListItem\",\"position\":2,\"name\":\"vCard\",\"item\":\"https:\\\/\\\/augstudy.com\\\/vcard\\\/\"},{\"@type\":\"ListItem\",\"position\":3,\"name\":\"vCard &#8211; Malaysia\",\"item\":\"https:\\\/\\\/augstudy.com\\\/vcard\\\/malaysia\\\/\"},{\"@type\":\"ListItem\",\"position\":4,\"name\":\"Warren Chew\"}]},{\"@type\":\"WebSite\",\"@id\":\"https:\\\/\\\/augstudy.com\\\/#website\",\"url\":\"https:\\\/\\\/augstudy.com\\\/\",\"name\":\"AUG Student Services\",\"description\":\"Student Services\",\"alternateName\":\"AUG Global\",\"potentialAction\":[{\"@type\":\"SearchAction\",\"target\":{\"@type\":\"EntryPoint\",\"urlTemplate\":\"https:\\\/\\\/augstudy.com\\\/?s={search_term_string}\"},\"query-input\":{\"@type\":\"PropertyValueSpecification\",\"valueRequired\":true,\"valueName\":\"search_term_string\"}}],\"inLanguage\":\"vi\"}]}<\/script>\n<!-- \/ Yoast SEO Premium plugin. -->","yoast_head_json":{"title":"Warren Chew - AUG Student Services","description":"\u0110am m\u00ea gi\u00fap \u0111\u1ee1 ng\u01b0\u1eddi kh\u00e1c \u0111\u1ea1t \u0111\u01b0\u1ee3c m\u1ee5c ti\u00eau v\u00e0 t\u00ecm th\u1ea5y h\u1ea1nh ph\u00fac, Warren \u0111\u00e3 t\u1ea1o ra t\u00e1c \u0111\u1ed9ng \u0111\u00e1ng k\u1ec3 \u0111\u1ebfn cu\u1ed9c s\u1ed1ng c\u1ee7a nhi\u1ec1u ng\u01b0\u1eddi. S\u1ef1 nhi\u1ec7t t\u00ecnh v\u00e0 c\u1ed1ng hi\u1ebfn c\u1ee7a anh \u1ea5y \u0111\u1ed1i v\u1edbi c\u00f4ng vi\u1ec7c \u0111\u01b0\u1ee3c th\u1ec3 hi\u1ec7n r\u00f5 qua nh\u1eefng ph\u1ea3n h\u1ed3i t\u00edch c\u1ef1c m\u00e0 anh \u1ea5y nh\u1eadn \u0111\u01b0\u1ee3c cho c\u00e1c video c\u1ee7a m\u00ecnh, c\u0169ng nh\u01b0 v\u00f4 s\u1ed1 c\u01a1 h\u1ed9i m\u00e0 anh \u1ea5y c\u00f3 \u0111\u01b0\u1ee3c \u0111\u1ec3 \u0111\u1ea1i di\u1ec7n cho AUG trong c\u00e1c chuy\u1ebfn \u0111i gia \u0111\u00ecnh v\u00e0 c\u00e1c cu\u1ed9c h\u1ecdp t\u1ed5 ch\u1ee9c.","robots":{"index":"index","follow":"follow","max-snippet":"max-snippet:-1","max-image-preview":"max-image-preview:large","max-video-preview":"max-video-preview:-1"},"canonical":"https:\/\/augstudy.com\/vi\/vcard\/malaysia-2\/warren-chew\/","og_locale":"vi_VN","og_type":"article","og_title":"Warren Chew","og_description":"Passionate about helping others achieve their goals and find happiness, Warren has made a significant impact in the lives of many. His enthusiasm and dedication to his work are evident in the positive feedback he receives for his videos, as well as the numerous opportunities he has had to represent AUG at fam trips and institutional meetings.","og_url":"https:\/\/augstudy.com\/vi\/vcard\/malaysia-2\/warren-chew\/","og_site_name":"AUG Student Services","article_publisher":"https:\/\/www.facebook.com\/augmalaysia\/","og_image":[{"width":500,"height":500,"url":"https:\/\/augstudy.com\/aug-website-files\/wp-content\/uploads\/2023\/10\/aug_vcard_warren_chew_500x500.png","type":"image\/png"}],"twitter_card":"summary_large_image","twitter_misc":{"\u01af\u1edbc t\u00ednh th\u1eddi gian \u0111\u1ecdc":"1 ph\u00fat"},"schema":{"@context":"https:\/\/schema.org","@graph":[{"@type":"WebPage","@id":"https:\/\/augstudy.com\/vcard\/malaysia\/warren-chew\/","url":"https:\/\/augstudy.com\/vcard\/malaysia\/warren-chew\/","name":"Warren Chew - AUG Student Services","isPartOf":{"@id":"https:\/\/augstudy.com\/#website"},"primaryImageOfPage":{"@id":"https:\/\/augstudy.com\/vcard\/malaysia\/warren-chew\/#primaryimage"},"image":{"@id":"https:\/\/augstudy.com\/vcard\/malaysia\/warren-chew\/#primaryimage"},"thumbnailUrl":"https:\/\/augstudy.com\/aug-website-files\/wp-content\/uploads\/2023\/10\/aug_vcard_warren_chew_500x500.png","datePublished":"2023-10-23T00:01:38+00:00","description":"\u0110am m\u00ea gi\u00fap \u0111\u1ee1 ng\u01b0\u1eddi kh\u00e1c \u0111\u1ea1t \u0111\u01b0\u1ee3c m\u1ee5c ti\u00eau v\u00e0 t\u00ecm th\u1ea5y h\u1ea1nh ph\u00fac, Warren \u0111\u00e3 t\u1ea1o ra t\u00e1c \u0111\u1ed9ng \u0111\u00e1ng k\u1ec3 \u0111\u1ebfn cu\u1ed9c s\u1ed1ng c\u1ee7a nhi\u1ec1u ng\u01b0\u1eddi. S\u1ef1 nhi\u1ec7t t\u00ecnh v\u00e0 c\u1ed1ng hi\u1ebfn c\u1ee7a anh \u1ea5y \u0111\u1ed1i v\u1edbi c\u00f4ng vi\u1ec7c \u0111\u01b0\u1ee3c th\u1ec3 hi\u1ec7n r\u00f5 qua nh\u1eefng ph\u1ea3n h\u1ed3i t\u00edch c\u1ef1c m\u00e0 anh \u1ea5y nh\u1eadn \u0111\u01b0\u1ee3c cho c\u00e1c video c\u1ee7a m\u00ecnh, c\u0169ng nh\u01b0 v\u00f4 s\u1ed1 c\u01a1 h\u1ed9i m\u00e0 anh \u1ea5y c\u00f3 \u0111\u01b0\u1ee3c \u0111\u1ec3 \u0111\u1ea1i di\u1ec7n cho AUG trong c\u00e1c chuy\u1ebfn \u0111i gia \u0111\u00ecnh v\u00e0 c\u00e1c cu\u1ed9c h\u1ecdp t\u1ed5 ch\u1ee9c.","breadcrumb":{"@id":"https:\/\/augstudy.com\/vcard\/malaysia\/warren-chew\/#breadcrumb"},"inLanguage":"vi","potentialAction":[{"@type":"ReadAction","target":["https:\/\/augstudy.com\/vcard\/malaysia\/warren-chew\/"]}]},{"@type":"ImageObject","inLanguage":"vi","@id":"https:\/\/augstudy.com\/vcard\/malaysia\/warren-chew\/#primaryimage","url":"https:\/\/augstudy.com\/aug-website-files\/wp-content\/uploads\/2023\/10\/aug_vcard_warren_chew_500x500.png","contentUrl":"https:\/\/augstudy.com\/aug-website-files\/wp-content\/uploads\/2023\/10\/aug_vcard_warren_chew_500x500.png","width":500,"height":500},{"@type":"BreadcrumbList","@id":"https:\/\/augstudy.com\/vcard\/malaysia\/warren-chew\/#breadcrumb","itemListElement":[{"@type":"ListItem","position":1,"name":"Home","item":"https:\/\/augstudy.com\/"},{"@type":"ListItem","position":2,"name":"vCard","item":"https:\/\/augstudy.com\/vcard\/"},{"@type":"ListItem","position":3,"name":"vCard &#8211; Malaysia","item":"https:\/\/augstudy.com\/vcard\/malaysia\/"},{"@type":"ListItem","position":4,"name":"Warren Chew"}]},{"@type":"WebSite","@id":"https:\/\/augstudy.com\/#website","url":"https:\/\/augstudy.com\/","name":"D\u1ecbch v\u1ee5 Sinh vi\u00ean AUG","description":"D\u1ecbch v\u1ee5 sinh vi\u00ean","alternateName":"AUG Global","potentialAction":[{"@type":"SearchAction","target":{"@type":"EntryPoint","urlTemplate":"https:\/\/augstudy.com\/?s={search_term_string}"},"query-input":{"@type":"PropertyValueSpecification","valueRequired":true,"valueName":"search_term_string"}}],"inLanguage":"vi"}]}},"_links":{"self":[{"href":"https:\/\/augstudy.com\/vi\/wp-json\/wp\/v2\/pages\/386248","targetHints":{"allow":["GET"]}}],"collection":[{"href":"https:\/\/augstudy.com\/vi\/wp-json\/wp\/v2\/pages"}],"about":[{"href":"https:\/\/augstudy.com\/vi\/wp-json\/wp\/v2\/types\/page"}],"author":[{"embeddable":true,"href":"https:\/\/augstudy.com\/vi\/wp-json\/wp\/v2\/users\/4"}],"replies":[{"embeddable":true,"href":"https:\/\/augstudy.com\/vi\/wp-json\/wp\/v2\/comments?post=386248"}],"version-history":[{"count":0,"href":"https:\/\/augstudy.com\/vi\/wp-json\/wp\/v2\/pages\/386248\/revisions"}],"up":[{"embeddable":true,"href":"https:\/\/augstudy.com\/vi\/wp-json\/wp\/v2\/pages\/105664"}],"wp:featuredmedia":[{"embeddable":true,"href":"https:\/\/augstudy.com\/vi\/wp-json\/wp\/v2\/media\/386050"}],"wp:attachment":[{"href":"https:\/\/augstudy.com\/vi\/wp-json\/wp\/v2\/media?parent=386248"}],"curies":[{"name":"wp","href":"https:\/\/api.w.org\/{rel}","templated":true}]}}