{"id":386205,"date":"2023-10-23T09:51:07","date_gmt":"2023-10-22T22:51:07","guid":{"rendered":"https:\/\/augstudy.com\/?page_id=386205"},"modified":"2023-10-23T09:51:07","modified_gmt":"2023-10-22T22:51:07","slug":"vivian-lee","status":"publish","type":"page","link":"https:\/\/augstudy.com\/vi\/vcard\/malaysia\/vivian-lee\/","title":{"rendered":"Vivian L\u00fd"},"content":{"rendered":"<div class=\"vc_row wpb_row vc_row-fluid\"><div class=\"wpb_column vc_column_container vc_col-sm-12\"><div class=\"vc_column-inner\"><div class=\"wpb_wrapper\">\n\t<div class=\"wpb_raw_code wpb_content_element wpb_raw_html margin_bottom_0px\">\n\t\t<div class=\"wpb_wrapper\">\n\t\t\t<a class=\"vcard-download\" href=\"https:\/\/augstudy.com\/aug-website-files\/wp-content\/uploads\/vcard\/Vivian_LEE.vcf\"><\/a>\n\t\t<\/div>\n\t<\/div>\n<\/div><\/div><\/div><\/div>","protected":false},"excerpt":{"rendered":"","protected":false},"author":4,"featured_media":386112,"parent":105664,"menu_order":0,"comment_status":"closed","ping_status":"closed","template":"","meta":{"footnotes":""},"class_list":["post-386205","page","type-page","status-publish","hentry"],"yoast_head":"<!-- This site is optimized with the Yoast SEO Premium plugin v27.0 (Yoast SEO v27.3) - https:\/\/yoast.com\/product\/yoast-seo-premium-wordpress\/ -->\n<title>Vivian Lee - AUG Student Services<\/title>\n<meta name=\"description\" content=\"Vivian&#039;s motto in life is &quot;when you focus on the good, the good gets better,&quot; reflecting her positive outlook and belief in the power of optimism. Vivian&#039;s passion lies in creating exciting memories with the people she cares about, cherishing the moments spent together at various locations.\" \/>\n<meta name=\"robots\" content=\"index, follow, max-snippet:-1, max-image-preview:large, max-video-preview:-1\" \/>\n<link rel=\"canonical\" href=\"https:\/\/augstudy.com\/vi\/vcard\/malaysia-2\/vivian-lee\/\" \/>\n<meta property=\"og:locale\" content=\"vi_VN\" \/>\n<meta property=\"og:type\" content=\"article\" \/>\n<meta property=\"og:title\" content=\"Vivian Lee\" \/>\n<meta property=\"og:description\" content=\"Vivian&#039;s motto in life is &quot;when you focus on the good, the good gets better,&quot; reflecting her positive outlook and belief in the power of optimism. Vivian&#039;s passion lies in creating exciting memories with the people she cares about, cherishing the moments spent together at various locations.\" \/>\n<meta property=\"og:url\" content=\"https:\/\/augstudy.com\/vi\/vcard\/malaysia-2\/vivian-lee\/\" \/>\n<meta property=\"og:site_name\" content=\"AUG Student Services\" \/>\n<meta property=\"article:publisher\" content=\"https:\/\/www.facebook.com\/augmalaysia\/\" \/>\n<meta property=\"og:image\" content=\"https:\/\/augstudy.com\/aug-website-files\/wp-content\/uploads\/2023\/10\/aug_vcard_vivian_lee_500x500.png\" \/>\n\t<meta property=\"og:image:width\" content=\"500\" \/>\n\t<meta property=\"og:image:height\" content=\"500\" \/>\n\t<meta property=\"og:image:type\" content=\"image\/png\" \/>\n<meta name=\"twitter:card\" content=\"summary_large_image\" \/>\n<meta name=\"twitter:label1\" content=\"\u01af\u1edbc t\u00ednh th\u1eddi gian \u0111\u1ecdc\" \/>\n\t<meta name=\"twitter:data1\" content=\"1 ph\u00fat\" \/>\n<script type=\"application\/ld+json\" class=\"yoast-schema-graph\">{\"@context\":\"https:\\\/\\\/schema.org\",\"@graph\":[{\"@type\":\"WebPage\",\"@id\":\"https:\\\/\\\/augstudy.com\\\/vcard\\\/malaysia\\\/vivian-lee\\\/\",\"url\":\"https:\\\/\\\/augstudy.com\\\/vcard\\\/malaysia\\\/vivian-lee\\\/\",\"name\":\"Vivian Lee - AUG Student Services\",\"isPartOf\":{\"@id\":\"https:\\\/\\\/augstudy.com\\\/#website\"},\"primaryImageOfPage\":{\"@id\":\"https:\\\/\\\/augstudy.com\\\/vcard\\\/malaysia\\\/vivian-lee\\\/#primaryimage\"},\"image\":{\"@id\":\"https:\\\/\\\/augstudy.com\\\/vcard\\\/malaysia\\\/vivian-lee\\\/#primaryimage\"},\"thumbnailUrl\":\"https:\\\/\\\/augstudy.com\\\/aug-website-files\\\/wp-content\\\/uploads\\\/2023\\\/10\\\/aug_vcard_vivian_lee_500x500.png\",\"datePublished\":\"2023-10-22T22:51:07+00:00\",\"description\":\"Vivian's motto in life is \\\"when you focus on the good, the good gets better,\\\" reflecting her positive outlook and belief in the power of optimism. Vivian's passion lies in creating exciting memories with the people she cares about, cherishing the moments spent together at various locations.\",\"breadcrumb\":{\"@id\":\"https:\\\/\\\/augstudy.com\\\/vcard\\\/malaysia\\\/vivian-lee\\\/#breadcrumb\"},\"inLanguage\":\"vi\",\"potentialAction\":[{\"@type\":\"ReadAction\",\"target\":[\"https:\\\/\\\/augstudy.com\\\/vcard\\\/malaysia\\\/vivian-lee\\\/\"]}]},{\"@type\":\"ImageObject\",\"inLanguage\":\"vi\",\"@id\":\"https:\\\/\\\/augstudy.com\\\/vcard\\\/malaysia\\\/vivian-lee\\\/#primaryimage\",\"url\":\"https:\\\/\\\/augstudy.com\\\/aug-website-files\\\/wp-content\\\/uploads\\\/2023\\\/10\\\/aug_vcard_vivian_lee_500x500.png\",\"contentUrl\":\"https:\\\/\\\/augstudy.com\\\/aug-website-files\\\/wp-content\\\/uploads\\\/2023\\\/10\\\/aug_vcard_vivian_lee_500x500.png\",\"width\":500,\"height\":500},{\"@type\":\"BreadcrumbList\",\"@id\":\"https:\\\/\\\/augstudy.com\\\/vcard\\\/malaysia\\\/vivian-lee\\\/#breadcrumb\",\"itemListElement\":[{\"@type\":\"ListItem\",\"position\":1,\"name\":\"Home\",\"item\":\"https:\\\/\\\/augstudy.com\\\/\"},{\"@type\":\"ListItem\",\"position\":2,\"name\":\"vCard\",\"item\":\"https:\\\/\\\/augstudy.com\\\/vcard\\\/\"},{\"@type\":\"ListItem\",\"position\":3,\"name\":\"vCard &#8211; Malaysia\",\"item\":\"https:\\\/\\\/augstudy.com\\\/vcard\\\/malaysia\\\/\"},{\"@type\":\"ListItem\",\"position\":4,\"name\":\"Vivian Lee\"}]},{\"@type\":\"WebSite\",\"@id\":\"https:\\\/\\\/augstudy.com\\\/#website\",\"url\":\"https:\\\/\\\/augstudy.com\\\/\",\"name\":\"AUG Student Services\",\"description\":\"Student Services\",\"alternateName\":\"AUG Global\",\"potentialAction\":[{\"@type\":\"SearchAction\",\"target\":{\"@type\":\"EntryPoint\",\"urlTemplate\":\"https:\\\/\\\/augstudy.com\\\/?s={search_term_string}\"},\"query-input\":{\"@type\":\"PropertyValueSpecification\",\"valueRequired\":true,\"valueName\":\"search_term_string\"}}],\"inLanguage\":\"vi\"}]}<\/script>\n<!-- \/ Yoast SEO Premium plugin. -->","yoast_head_json":{"title":"Vivian Lee - AUG Student Services","description":"Ph\u01b0\u01a1ng ch\u00e2m s\u1ed1ng c\u1ee7a Vivian l\u00e0 &quot;khi b\u1ea1n t\u1eadp trung v\u00e0o \u0111i\u1ec1u t\u1ed1t, \u0111i\u1ec1u t\u1ed1t s\u1ebd tr\u1edf n\u00ean t\u1ed1t h\u01a1n&quot;, ph\u1ea3n \u00e1nh quan \u0111i\u1ec3m t\u00edch c\u1ef1c v\u00e0 ni\u1ec1m tin c\u1ee7a c\u00f4 v\u00e0o s\u1ee9c m\u1ea1nh c\u1ee7a s\u1ef1 l\u1ea1c quan. Ni\u1ec1m \u0111am m\u00ea c\u1ee7a Vivian n\u1eb1m \u1edf vi\u1ec7c t\u1ea1o ra nh\u1eefng k\u1ef7 ni\u1ec7m th\u00fa v\u1ecb v\u1edbi nh\u1eefng ng\u01b0\u1eddi c\u00f4 quan t\u00e2m, tr\u00e2n tr\u1ecdng nh\u1eefng kho\u1ea3nh kh\u1eafc b\u00ean nhau t\u1ea1i nhi\u1ec1u \u0111\u1ecba \u0111i\u1ec3m kh\u00e1c nhau.","robots":{"index":"index","follow":"follow","max-snippet":"max-snippet:-1","max-image-preview":"max-image-preview:large","max-video-preview":"max-video-preview:-1"},"canonical":"https:\/\/augstudy.com\/vi\/vcard\/malaysia-2\/vivian-lee\/","og_locale":"vi_VN","og_type":"article","og_title":"Vivian Lee","og_description":"Vivian's motto in life is \"when you focus on the good, the good gets better,\" reflecting her positive outlook and belief in the power of optimism. Vivian's passion lies in creating exciting memories with the people she cares about, cherishing the moments spent together at various locations.","og_url":"https:\/\/augstudy.com\/vi\/vcard\/malaysia-2\/vivian-lee\/","og_site_name":"AUG Student Services","article_publisher":"https:\/\/www.facebook.com\/augmalaysia\/","og_image":[{"width":500,"height":500,"url":"https:\/\/augstudy.com\/aug-website-files\/wp-content\/uploads\/2023\/10\/aug_vcard_vivian_lee_500x500.png","type":"image\/png"}],"twitter_card":"summary_large_image","twitter_misc":{"\u01af\u1edbc t\u00ednh th\u1eddi gian \u0111\u1ecdc":"1 ph\u00fat"},"schema":{"@context":"https:\/\/schema.org","@graph":[{"@type":"WebPage","@id":"https:\/\/augstudy.com\/vcard\/malaysia\/vivian-lee\/","url":"https:\/\/augstudy.com\/vcard\/malaysia\/vivian-lee\/","name":"Vivian Lee - AUG Student Services","isPartOf":{"@id":"https:\/\/augstudy.com\/#website"},"primaryImageOfPage":{"@id":"https:\/\/augstudy.com\/vcard\/malaysia\/vivian-lee\/#primaryimage"},"image":{"@id":"https:\/\/augstudy.com\/vcard\/malaysia\/vivian-lee\/#primaryimage"},"thumbnailUrl":"https:\/\/augstudy.com\/aug-website-files\/wp-content\/uploads\/2023\/10\/aug_vcard_vivian_lee_500x500.png","datePublished":"2023-10-22T22:51:07+00:00","description":"Ph\u01b0\u01a1ng ch\u00e2m s\u1ed1ng c\u1ee7a Vivian l\u00e0 &quot;khi b\u1ea1n t\u1eadp trung v\u00e0o \u0111i\u1ec1u t\u1ed1t, \u0111i\u1ec1u t\u1ed1t s\u1ebd tr\u1edf n\u00ean t\u1ed1t h\u01a1n&quot;, ph\u1ea3n \u00e1nh quan \u0111i\u1ec3m t\u00edch c\u1ef1c v\u00e0 ni\u1ec1m tin c\u1ee7a c\u00f4 v\u00e0o s\u1ee9c m\u1ea1nh c\u1ee7a s\u1ef1 l\u1ea1c quan. Ni\u1ec1m \u0111am m\u00ea c\u1ee7a Vivian n\u1eb1m \u1edf vi\u1ec7c t\u1ea1o ra nh\u1eefng k\u1ef7 ni\u1ec7m th\u00fa v\u1ecb v\u1edbi nh\u1eefng ng\u01b0\u1eddi c\u00f4 quan t\u00e2m, tr\u00e2n tr\u1ecdng nh\u1eefng kho\u1ea3nh kh\u1eafc b\u00ean nhau t\u1ea1i nhi\u1ec1u \u0111\u1ecba \u0111i\u1ec3m kh\u00e1c nhau.","breadcrumb":{"@id":"https:\/\/augstudy.com\/vcard\/malaysia\/vivian-lee\/#breadcrumb"},"inLanguage":"vi","potentialAction":[{"@type":"ReadAction","target":["https:\/\/augstudy.com\/vcard\/malaysia\/vivian-lee\/"]}]},{"@type":"ImageObject","inLanguage":"vi","@id":"https:\/\/augstudy.com\/vcard\/malaysia\/vivian-lee\/#primaryimage","url":"https:\/\/augstudy.com\/aug-website-files\/wp-content\/uploads\/2023\/10\/aug_vcard_vivian_lee_500x500.png","contentUrl":"https:\/\/augstudy.com\/aug-website-files\/wp-content\/uploads\/2023\/10\/aug_vcard_vivian_lee_500x500.png","width":500,"height":500},{"@type":"BreadcrumbList","@id":"https:\/\/augstudy.com\/vcard\/malaysia\/vivian-lee\/#breadcrumb","itemListElement":[{"@type":"ListItem","position":1,"name":"Home","item":"https:\/\/augstudy.com\/"},{"@type":"ListItem","position":2,"name":"vCard","item":"https:\/\/augstudy.com\/vcard\/"},{"@type":"ListItem","position":3,"name":"vCard &#8211; Malaysia","item":"https:\/\/augstudy.com\/vcard\/malaysia\/"},{"@type":"ListItem","position":4,"name":"Vivian Lee"}]},{"@type":"WebSite","@id":"https:\/\/augstudy.com\/#website","url":"https:\/\/augstudy.com\/","name":"D\u1ecbch v\u1ee5 Sinh vi\u00ean AUG","description":"D\u1ecbch v\u1ee5 sinh vi\u00ean","alternateName":"AUG Global","potentialAction":[{"@type":"SearchAction","target":{"@type":"EntryPoint","urlTemplate":"https:\/\/augstudy.com\/?s={search_term_string}"},"query-input":{"@type":"PropertyValueSpecification","valueRequired":true,"valueName":"search_term_string"}}],"inLanguage":"vi"}]}},"_links":{"self":[{"href":"https:\/\/augstudy.com\/vi\/wp-json\/wp\/v2\/pages\/386205","targetHints":{"allow":["GET"]}}],"collection":[{"href":"https:\/\/augstudy.com\/vi\/wp-json\/wp\/v2\/pages"}],"about":[{"href":"https:\/\/augstudy.com\/vi\/wp-json\/wp\/v2\/types\/page"}],"author":[{"embeddable":true,"href":"https:\/\/augstudy.com\/vi\/wp-json\/wp\/v2\/users\/4"}],"replies":[{"embeddable":true,"href":"https:\/\/augstudy.com\/vi\/wp-json\/wp\/v2\/comments?post=386205"}],"version-history":[{"count":0,"href":"https:\/\/augstudy.com\/vi\/wp-json\/wp\/v2\/pages\/386205\/revisions"}],"up":[{"embeddable":true,"href":"https:\/\/augstudy.com\/vi\/wp-json\/wp\/v2\/pages\/105664"}],"wp:featuredmedia":[{"embeddable":true,"href":"https:\/\/augstudy.com\/vi\/wp-json\/wp\/v2\/media\/386112"}],"wp:attachment":[{"href":"https:\/\/augstudy.com\/vi\/wp-json\/wp\/v2\/media?parent=386205"}],"curies":[{"name":"wp","href":"https:\/\/api.w.org\/{rel}","templated":true}]}}