{"id":386204,"date":"2023-10-23T09:49:40","date_gmt":"2023-10-22T22:49:40","guid":{"rendered":"https:\/\/augstudy.com\/?page_id=386204"},"modified":"2023-10-23T09:49:40","modified_gmt":"2023-10-22T22:49:40","slug":"peggy-wong","status":"publish","type":"page","link":"https:\/\/augstudy.com\/vi\/vcard\/malaysia\/peggy-wong\/","title":{"rendered":"Peggy V\u01b0\u01a1ng"},"content":{"rendered":"<div class=\"vc_row wpb_row vc_row-fluid\"><div class=\"wpb_column vc_column_container vc_col-sm-12\"><div class=\"vc_column-inner\"><div class=\"wpb_wrapper\">\n\t<div class=\"wpb_raw_code wpb_content_element wpb_raw_html margin_bottom_0px\">\n\t\t<div class=\"wpb_wrapper\">\n\t\t\t<a class=\"vcard-download\" href=\"https:\/\/augstudy.com\/aug-website-files\/wp-content\/uploads\/vcard\/Peggy_WONG.vcf\"><\/a>\n\t\t<\/div>\n\t<\/div>\n<\/div><\/div><\/div><\/div>","protected":false},"excerpt":{"rendered":"","protected":false},"author":4,"featured_media":386108,"parent":105664,"menu_order":0,"comment_status":"closed","ping_status":"closed","template":"","meta":{"footnotes":""},"class_list":["post-386204","page","type-page","status-publish","hentry"],"yoast_head":"<!-- This site is optimized with the Yoast SEO Premium plugin v27.0 (Yoast SEO v27.3) - https:\/\/yoast.com\/product\/yoast-seo-premium-wordpress\/ -->\n<title>Peggy Wong - AUG Student Services<\/title>\n<meta name=\"description\" content=\"In her role as a Finance Controller, Peggy oversees all aspects of financial management, including corporate accounting, regulatory and financial reporting, budget and forecasts preparation, as well as the development of internal control policies and procedures. She is responsible for managing all finance and accounting operations, coordinating and directing the preparation of the budget and financial forecasts, and reporting variances.\" \/>\n<meta name=\"robots\" content=\"index, follow, max-snippet:-1, max-image-preview:large, max-video-preview:-1\" \/>\n<link rel=\"canonical\" href=\"https:\/\/augstudy.com\/vi\/vcard\/malaysia-2\/peggy-wong\/\" \/>\n<meta property=\"og:locale\" content=\"vi_VN\" \/>\n<meta property=\"og:type\" content=\"article\" \/>\n<meta property=\"og:title\" content=\"Peggy Wong\" \/>\n<meta property=\"og:description\" content=\"In her role as a Finance Controller, Peggy oversees all aspects of financial management, including corporate accounting, regulatory and financial reporting, budget and forecasts preparation, as well as the development of internal control policies and procedures. She is responsible for managing all finance and accounting operations, coordinating and directing the preparation of the budget and financial forecasts, and reporting variances.\" \/>\n<meta property=\"og:url\" content=\"https:\/\/augstudy.com\/vi\/vcard\/malaysia-2\/peggy-wong\/\" \/>\n<meta property=\"og:site_name\" content=\"AUG Student Services\" \/>\n<meta property=\"article:publisher\" content=\"https:\/\/www.facebook.com\/augmalaysia\/\" \/>\n<meta property=\"og:image\" content=\"https:\/\/augstudy.com\/aug-website-files\/wp-content\/uploads\/2023\/10\/aug_vcard_peggy_wong_500x500.png\" \/>\n\t<meta property=\"og:image:width\" content=\"500\" \/>\n\t<meta property=\"og:image:height\" content=\"500\" \/>\n\t<meta property=\"og:image:type\" content=\"image\/png\" \/>\n<meta name=\"twitter:card\" content=\"summary_large_image\" \/>\n<meta name=\"twitter:label1\" content=\"\u01af\u1edbc t\u00ednh th\u1eddi gian \u0111\u1ecdc\" \/>\n\t<meta name=\"twitter:data1\" content=\"1 ph\u00fat\" \/>\n<script type=\"application\/ld+json\" class=\"yoast-schema-graph\">{\"@context\":\"https:\\\/\\\/schema.org\",\"@graph\":[{\"@type\":\"WebPage\",\"@id\":\"https:\\\/\\\/augstudy.com\\\/vcard\\\/malaysia\\\/peggy-wong\\\/\",\"url\":\"https:\\\/\\\/augstudy.com\\\/vcard\\\/malaysia\\\/peggy-wong\\\/\",\"name\":\"Peggy Wong - AUG Student Services\",\"isPartOf\":{\"@id\":\"https:\\\/\\\/augstudy.com\\\/#website\"},\"primaryImageOfPage\":{\"@id\":\"https:\\\/\\\/augstudy.com\\\/vcard\\\/malaysia\\\/peggy-wong\\\/#primaryimage\"},\"image\":{\"@id\":\"https:\\\/\\\/augstudy.com\\\/vcard\\\/malaysia\\\/peggy-wong\\\/#primaryimage\"},\"thumbnailUrl\":\"https:\\\/\\\/augstudy.com\\\/aug-website-files\\\/wp-content\\\/uploads\\\/2023\\\/10\\\/aug_vcard_peggy_wong_500x500.png\",\"datePublished\":\"2023-10-22T22:49:40+00:00\",\"description\":\"In her role as a Finance Controller, Peggy oversees all aspects of financial management, including corporate accounting, regulatory and financial reporting, budget and forecasts preparation, as well as the development of internal control policies and procedures. She is responsible for managing all finance and accounting operations, coordinating and directing the preparation of the budget and financial forecasts, and reporting variances.\",\"breadcrumb\":{\"@id\":\"https:\\\/\\\/augstudy.com\\\/vcard\\\/malaysia\\\/peggy-wong\\\/#breadcrumb\"},\"inLanguage\":\"vi\",\"potentialAction\":[{\"@type\":\"ReadAction\",\"target\":[\"https:\\\/\\\/augstudy.com\\\/vcard\\\/malaysia\\\/peggy-wong\\\/\"]}]},{\"@type\":\"ImageObject\",\"inLanguage\":\"vi\",\"@id\":\"https:\\\/\\\/augstudy.com\\\/vcard\\\/malaysia\\\/peggy-wong\\\/#primaryimage\",\"url\":\"https:\\\/\\\/augstudy.com\\\/aug-website-files\\\/wp-content\\\/uploads\\\/2023\\\/10\\\/aug_vcard_peggy_wong_500x500.png\",\"contentUrl\":\"https:\\\/\\\/augstudy.com\\\/aug-website-files\\\/wp-content\\\/uploads\\\/2023\\\/10\\\/aug_vcard_peggy_wong_500x500.png\",\"width\":500,\"height\":500},{\"@type\":\"BreadcrumbList\",\"@id\":\"https:\\\/\\\/augstudy.com\\\/vcard\\\/malaysia\\\/peggy-wong\\\/#breadcrumb\",\"itemListElement\":[{\"@type\":\"ListItem\",\"position\":1,\"name\":\"Home\",\"item\":\"https:\\\/\\\/augstudy.com\\\/\"},{\"@type\":\"ListItem\",\"position\":2,\"name\":\"vCard\",\"item\":\"https:\\\/\\\/augstudy.com\\\/vcard\\\/\"},{\"@type\":\"ListItem\",\"position\":3,\"name\":\"vCard &#8211; Malaysia\",\"item\":\"https:\\\/\\\/augstudy.com\\\/vcard\\\/malaysia\\\/\"},{\"@type\":\"ListItem\",\"position\":4,\"name\":\"Peggy Wong\"}]},{\"@type\":\"WebSite\",\"@id\":\"https:\\\/\\\/augstudy.com\\\/#website\",\"url\":\"https:\\\/\\\/augstudy.com\\\/\",\"name\":\"AUG Student Services\",\"description\":\"Student Services\",\"alternateName\":\"AUG Global\",\"potentialAction\":[{\"@type\":\"SearchAction\",\"target\":{\"@type\":\"EntryPoint\",\"urlTemplate\":\"https:\\\/\\\/augstudy.com\\\/?s={search_term_string}\"},\"query-input\":{\"@type\":\"PropertyValueSpecification\",\"valueRequired\":true,\"valueName\":\"search_term_string\"}}],\"inLanguage\":\"vi\"}]}<\/script>\n<!-- \/ Yoast SEO Premium plugin. -->","yoast_head_json":{"title":"Peggy Wong - AUG Student Services","description":"V\u1edbi vai tr\u00f2 l\u00e0 Ki\u1ec3m so\u00e1t vi\u00ean T\u00e0i ch\u00ednh, Peggy gi\u00e1m s\u00e1t m\u1ecdi kh\u00eda c\u1ea1nh c\u1ee7a qu\u1ea3n l\u00fd t\u00e0i ch\u00ednh, bao g\u1ed3m k\u1ebf to\u00e1n doanh nghi\u1ec7p, b\u00e1o c\u00e1o t\u00e0i ch\u00ednh v\u00e0 theo quy \u0111\u1ecbnh, l\u1eadp ng\u00e2n s\u00e1ch v\u00e0 d\u1ef1 b\u00e1o, c\u0169ng nh\u01b0 ph\u00e1t tri\u1ec3n c\u00e1c ch\u00ednh s\u00e1ch v\u00e0 th\u1ee7 t\u1ee5c ki\u1ec3m so\u00e1t n\u1ed9i b\u1ed9. C\u00f4 ch\u1ecbu tr\u00e1ch nhi\u1ec7m qu\u1ea3n l\u00fd m\u1ecdi ho\u1ea1t \u0111\u1ed9ng t\u00e0i ch\u00ednh v\u00e0 k\u1ebf to\u00e1n, ph\u1ed1i h\u1ee3p v\u00e0 ch\u1ec9 \u0111\u1ea1o vi\u1ec7c l\u1eadp ng\u00e2n s\u00e1ch v\u00e0 d\u1ef1 b\u00e1o t\u00e0i ch\u00ednh, v\u00e0 b\u00e1o c\u00e1o c\u00e1c sai l\u1ec7ch.","robots":{"index":"index","follow":"follow","max-snippet":"max-snippet:-1","max-image-preview":"max-image-preview:large","max-video-preview":"max-video-preview:-1"},"canonical":"https:\/\/augstudy.com\/vi\/vcard\/malaysia-2\/peggy-wong\/","og_locale":"vi_VN","og_type":"article","og_title":"Peggy Wong","og_description":"In her role as a Finance Controller, Peggy oversees all aspects of financial management, including corporate accounting, regulatory and financial reporting, budget and forecasts preparation, as well as the development of internal control policies and procedures. She is responsible for managing all finance and accounting operations, coordinating and directing the preparation of the budget and financial forecasts, and reporting variances.","og_url":"https:\/\/augstudy.com\/vi\/vcard\/malaysia-2\/peggy-wong\/","og_site_name":"AUG Student Services","article_publisher":"https:\/\/www.facebook.com\/augmalaysia\/","og_image":[{"width":500,"height":500,"url":"https:\/\/augstudy.com\/aug-website-files\/wp-content\/uploads\/2023\/10\/aug_vcard_peggy_wong_500x500.png","type":"image\/png"}],"twitter_card":"summary_large_image","twitter_misc":{"\u01af\u1edbc t\u00ednh th\u1eddi gian \u0111\u1ecdc":"1 ph\u00fat"},"schema":{"@context":"https:\/\/schema.org","@graph":[{"@type":"WebPage","@id":"https:\/\/augstudy.com\/vcard\/malaysia\/peggy-wong\/","url":"https:\/\/augstudy.com\/vcard\/malaysia\/peggy-wong\/","name":"Peggy Wong - AUG Student Services","isPartOf":{"@id":"https:\/\/augstudy.com\/#website"},"primaryImageOfPage":{"@id":"https:\/\/augstudy.com\/vcard\/malaysia\/peggy-wong\/#primaryimage"},"image":{"@id":"https:\/\/augstudy.com\/vcard\/malaysia\/peggy-wong\/#primaryimage"},"thumbnailUrl":"https:\/\/augstudy.com\/aug-website-files\/wp-content\/uploads\/2023\/10\/aug_vcard_peggy_wong_500x500.png","datePublished":"2023-10-22T22:49:40+00:00","description":"V\u1edbi vai tr\u00f2 l\u00e0 Ki\u1ec3m so\u00e1t vi\u00ean T\u00e0i ch\u00ednh, Peggy gi\u00e1m s\u00e1t m\u1ecdi kh\u00eda c\u1ea1nh c\u1ee7a qu\u1ea3n l\u00fd t\u00e0i ch\u00ednh, bao g\u1ed3m k\u1ebf to\u00e1n doanh nghi\u1ec7p, b\u00e1o c\u00e1o t\u00e0i ch\u00ednh v\u00e0 theo quy \u0111\u1ecbnh, l\u1eadp ng\u00e2n s\u00e1ch v\u00e0 d\u1ef1 b\u00e1o, c\u0169ng nh\u01b0 ph\u00e1t tri\u1ec3n c\u00e1c ch\u00ednh s\u00e1ch v\u00e0 th\u1ee7 t\u1ee5c ki\u1ec3m so\u00e1t n\u1ed9i b\u1ed9. C\u00f4 ch\u1ecbu tr\u00e1ch nhi\u1ec7m qu\u1ea3n l\u00fd m\u1ecdi ho\u1ea1t \u0111\u1ed9ng t\u00e0i ch\u00ednh v\u00e0 k\u1ebf to\u00e1n, ph\u1ed1i h\u1ee3p v\u00e0 ch\u1ec9 \u0111\u1ea1o vi\u1ec7c l\u1eadp ng\u00e2n s\u00e1ch v\u00e0 d\u1ef1 b\u00e1o t\u00e0i ch\u00ednh, v\u00e0 b\u00e1o c\u00e1o c\u00e1c sai l\u1ec7ch.","breadcrumb":{"@id":"https:\/\/augstudy.com\/vcard\/malaysia\/peggy-wong\/#breadcrumb"},"inLanguage":"vi","potentialAction":[{"@type":"ReadAction","target":["https:\/\/augstudy.com\/vcard\/malaysia\/peggy-wong\/"]}]},{"@type":"ImageObject","inLanguage":"vi","@id":"https:\/\/augstudy.com\/vcard\/malaysia\/peggy-wong\/#primaryimage","url":"https:\/\/augstudy.com\/aug-website-files\/wp-content\/uploads\/2023\/10\/aug_vcard_peggy_wong_500x500.png","contentUrl":"https:\/\/augstudy.com\/aug-website-files\/wp-content\/uploads\/2023\/10\/aug_vcard_peggy_wong_500x500.png","width":500,"height":500},{"@type":"BreadcrumbList","@id":"https:\/\/augstudy.com\/vcard\/malaysia\/peggy-wong\/#breadcrumb","itemListElement":[{"@type":"ListItem","position":1,"name":"Home","item":"https:\/\/augstudy.com\/"},{"@type":"ListItem","position":2,"name":"vCard","item":"https:\/\/augstudy.com\/vcard\/"},{"@type":"ListItem","position":3,"name":"vCard &#8211; Malaysia","item":"https:\/\/augstudy.com\/vcard\/malaysia\/"},{"@type":"ListItem","position":4,"name":"Peggy Wong"}]},{"@type":"WebSite","@id":"https:\/\/augstudy.com\/#website","url":"https:\/\/augstudy.com\/","name":"D\u1ecbch v\u1ee5 Sinh vi\u00ean AUG","description":"D\u1ecbch v\u1ee5 sinh vi\u00ean","alternateName":"AUG Global","potentialAction":[{"@type":"SearchAction","target":{"@type":"EntryPoint","urlTemplate":"https:\/\/augstudy.com\/?s={search_term_string}"},"query-input":{"@type":"PropertyValueSpecification","valueRequired":true,"valueName":"search_term_string"}}],"inLanguage":"vi"}]}},"_links":{"self":[{"href":"https:\/\/augstudy.com\/vi\/wp-json\/wp\/v2\/pages\/386204","targetHints":{"allow":["GET"]}}],"collection":[{"href":"https:\/\/augstudy.com\/vi\/wp-json\/wp\/v2\/pages"}],"about":[{"href":"https:\/\/augstudy.com\/vi\/wp-json\/wp\/v2\/types\/page"}],"author":[{"embeddable":true,"href":"https:\/\/augstudy.com\/vi\/wp-json\/wp\/v2\/users\/4"}],"replies":[{"embeddable":true,"href":"https:\/\/augstudy.com\/vi\/wp-json\/wp\/v2\/comments?post=386204"}],"version-history":[{"count":0,"href":"https:\/\/augstudy.com\/vi\/wp-json\/wp\/v2\/pages\/386204\/revisions"}],"up":[{"embeddable":true,"href":"https:\/\/augstudy.com\/vi\/wp-json\/wp\/v2\/pages\/105664"}],"wp:featuredmedia":[{"embeddable":true,"href":"https:\/\/augstudy.com\/vi\/wp-json\/wp\/v2\/media\/386108"}],"wp:attachment":[{"href":"https:\/\/augstudy.com\/vi\/wp-json\/wp\/v2\/media?parent=386204"}],"curies":[{"name":"wp","href":"https:\/\/api.w.org\/{rel}","templated":true}]}}