{"id":386200,"date":"2023-10-23T09:47:37","date_gmt":"2023-10-22T22:47:37","guid":{"rendered":"https:\/\/augstudy.com\/?page_id=386200"},"modified":"2023-10-23T09:47:37","modified_gmt":"2023-10-22T22:47:37","slug":"meiching-hua","status":"publish","type":"page","link":"https:\/\/augstudy.com\/vi\/vcard\/malaysia\/meiching-hua\/","title":{"rendered":"Mai Thanh Hoa"},"content":{"rendered":"<div class=\"vc_row wpb_row vc_row-fluid\"><div class=\"wpb_column vc_column_container vc_col-sm-12\"><div class=\"vc_column-inner\"><div class=\"wpb_wrapper\">\n\t<div class=\"wpb_raw_code wpb_content_element wpb_raw_html margin_bottom_0px\">\n\t\t<div class=\"wpb_wrapper\">\n\t\t\t<a class=\"vcard-download\" href=\"https:\/\/augstudy.com\/aug-website-files\/wp-content\/uploads\/vcard\/MeiChing_HUA.vcf\"><\/a>\n\t\t<\/div>\n\t<\/div>\n<\/div><\/div><\/div><\/div>","protected":false},"excerpt":{"rendered":"","protected":false},"author":4,"featured_media":386103,"parent":105664,"menu_order":0,"comment_status":"closed","ping_status":"closed","template":"","meta":{"footnotes":""},"class_list":["post-386200","page","type-page","status-publish","hentry"],"yoast_head":"<!-- This site is optimized with the Yoast SEO Premium plugin v27.0 (Yoast SEO v27.3) - https:\/\/yoast.com\/product\/yoast-seo-premium-wordpress\/ -->\n<title>Mei Ching Hua - AUG Student Services<\/title>\n<meta name=\"description\" content=\"Mei Ching, is an Accounts and Admin Assistant, an independent and artistic individual, describes herself as a problem solver. With a motto in life that states, &quot;sometimes you win, sometimes you learn,&quot; she embraces challenges as opportunities for growth. Mei Ching&#039;s passion lies in exploring and savoring the culinary delights the world has to offer, as she seeks to eat all the good food imaginable.\" \/>\n<meta name=\"robots\" content=\"index, follow, max-snippet:-1, max-image-preview:large, max-video-preview:-1\" \/>\n<link rel=\"canonical\" href=\"https:\/\/augstudy.com\/vi\/vcard\/malaysia-2\/meiching-hua\/\" \/>\n<meta property=\"og:locale\" content=\"vi_VN\" \/>\n<meta property=\"og:type\" content=\"article\" \/>\n<meta property=\"og:title\" content=\"Mei Ching Hua\" \/>\n<meta property=\"og:description\" content=\"Mei Ching, is an Accounts and Admin Assistant, an independent and artistic individual, describes herself as a problem solver. With a motto in life that states, &quot;sometimes you win, sometimes you learn,&quot; she embraces challenges as opportunities for growth. Mei Ching&#039;s passion lies in exploring and savoring the culinary delights the world has to offer, as she seeks to eat all the good food imaginable.\" \/>\n<meta property=\"og:url\" content=\"https:\/\/augstudy.com\/vi\/vcard\/malaysia-2\/meiching-hua\/\" \/>\n<meta property=\"og:site_name\" content=\"AUG Student Services\" \/>\n<meta property=\"article:publisher\" content=\"https:\/\/www.facebook.com\/augmalaysia\/\" \/>\n<meta property=\"og:image\" content=\"https:\/\/augstudy.com\/aug-website-files\/wp-content\/uploads\/2023\/10\/aug_vcard_mei_ching_hua_500x500.png\" \/>\n\t<meta property=\"og:image:width\" content=\"500\" \/>\n\t<meta property=\"og:image:height\" content=\"500\" \/>\n\t<meta property=\"og:image:type\" content=\"image\/png\" \/>\n<meta name=\"twitter:card\" content=\"summary_large_image\" \/>\n<meta name=\"twitter:label1\" content=\"\u01af\u1edbc t\u00ednh th\u1eddi gian \u0111\u1ecdc\" \/>\n\t<meta name=\"twitter:data1\" content=\"1 ph\u00fat\" \/>\n<script type=\"application\/ld+json\" class=\"yoast-schema-graph\">{\"@context\":\"https:\\\/\\\/schema.org\",\"@graph\":[{\"@type\":\"WebPage\",\"@id\":\"https:\\\/\\\/augstudy.com\\\/vcard\\\/malaysia\\\/meiching-hua\\\/\",\"url\":\"https:\\\/\\\/augstudy.com\\\/vcard\\\/malaysia\\\/meiching-hua\\\/\",\"name\":\"Mei Ching Hua - AUG Student Services\",\"isPartOf\":{\"@id\":\"https:\\\/\\\/augstudy.com\\\/#website\"},\"primaryImageOfPage\":{\"@id\":\"https:\\\/\\\/augstudy.com\\\/vcard\\\/malaysia\\\/meiching-hua\\\/#primaryimage\"},\"image\":{\"@id\":\"https:\\\/\\\/augstudy.com\\\/vcard\\\/malaysia\\\/meiching-hua\\\/#primaryimage\"},\"thumbnailUrl\":\"https:\\\/\\\/augstudy.com\\\/aug-website-files\\\/wp-content\\\/uploads\\\/2023\\\/10\\\/aug_vcard_mei_ching_hua_500x500.png\",\"datePublished\":\"2023-10-22T22:47:37+00:00\",\"description\":\"Mei Ching, is an Accounts and Admin Assistant, an independent and artistic individual, describes herself as a problem solver. With a motto in life that states, \\\"sometimes you win, sometimes you learn,\\\" she embraces challenges as opportunities for growth. Mei Ching's passion lies in exploring and savoring the culinary delights the world has to offer, as she seeks to eat all the good food imaginable.\",\"breadcrumb\":{\"@id\":\"https:\\\/\\\/augstudy.com\\\/vcard\\\/malaysia\\\/meiching-hua\\\/#breadcrumb\"},\"inLanguage\":\"vi\",\"potentialAction\":[{\"@type\":\"ReadAction\",\"target\":[\"https:\\\/\\\/augstudy.com\\\/vcard\\\/malaysia\\\/meiching-hua\\\/\"]}]},{\"@type\":\"ImageObject\",\"inLanguage\":\"vi\",\"@id\":\"https:\\\/\\\/augstudy.com\\\/vcard\\\/malaysia\\\/meiching-hua\\\/#primaryimage\",\"url\":\"https:\\\/\\\/augstudy.com\\\/aug-website-files\\\/wp-content\\\/uploads\\\/2023\\\/10\\\/aug_vcard_mei_ching_hua_500x500.png\",\"contentUrl\":\"https:\\\/\\\/augstudy.com\\\/aug-website-files\\\/wp-content\\\/uploads\\\/2023\\\/10\\\/aug_vcard_mei_ching_hua_500x500.png\",\"width\":500,\"height\":500},{\"@type\":\"BreadcrumbList\",\"@id\":\"https:\\\/\\\/augstudy.com\\\/vcard\\\/malaysia\\\/meiching-hua\\\/#breadcrumb\",\"itemListElement\":[{\"@type\":\"ListItem\",\"position\":1,\"name\":\"Home\",\"item\":\"https:\\\/\\\/augstudy.com\\\/\"},{\"@type\":\"ListItem\",\"position\":2,\"name\":\"vCard\",\"item\":\"https:\\\/\\\/augstudy.com\\\/vcard\\\/\"},{\"@type\":\"ListItem\",\"position\":3,\"name\":\"vCard &#8211; Malaysia\",\"item\":\"https:\\\/\\\/augstudy.com\\\/vcard\\\/malaysia\\\/\"},{\"@type\":\"ListItem\",\"position\":4,\"name\":\"Mei Ching Hua\"}]},{\"@type\":\"WebSite\",\"@id\":\"https:\\\/\\\/augstudy.com\\\/#website\",\"url\":\"https:\\\/\\\/augstudy.com\\\/\",\"name\":\"AUG Student Services\",\"description\":\"Student Services\",\"alternateName\":\"AUG Global\",\"potentialAction\":[{\"@type\":\"SearchAction\",\"target\":{\"@type\":\"EntryPoint\",\"urlTemplate\":\"https:\\\/\\\/augstudy.com\\\/?s={search_term_string}\"},\"query-input\":{\"@type\":\"PropertyValueSpecification\",\"valueRequired\":true,\"valueName\":\"search_term_string\"}}],\"inLanguage\":\"vi\"}]}<\/script>\n<!-- \/ Yoast SEO Premium plugin. -->","yoast_head_json":{"title":"Mei Ching Hua - AUG Student Services","description":"Mei Ching, l\u00e0 Tr\u1ee3 l\u00fd K\u1ebf to\u00e1n v\u00e0 H\u00e0nh ch\u00ednh, m\u1ed9t c\u00e1 nh\u00e2n \u0111\u1ed9c l\u1eadp v\u00e0 ngh\u1ec7 thu\u1eadt, t\u1ef1 m\u00f4 t\u1ea3 m\u00ecnh l\u00e0 ng\u01b0\u1eddi gi\u1ea3i quy\u1ebft v\u1ea5n \u0111\u1ec1. V\u1edbi ph\u01b0\u01a1ng ch\u00e2m s\u1ed1ng l\u00e0 &quot;\u0111\u00f4i khi b\u1ea1n chi\u1ebfn th\u1eafng, \u0111\u00f4i khi b\u1ea1n h\u1ecdc h\u1ecfi&quot;, c\u00f4 \u1ea5y coi nh\u1eefng th\u00e1ch th\u1ee9c l\u00e0 c\u01a1 h\u1ed9i \u0111\u1ec3 ph\u00e1t tri\u1ec3n. Ni\u1ec1m \u0111am m\u00ea c\u1ee7a Mei Ching n\u1eb1m \u1edf vi\u1ec7c kh\u00e1m ph\u00e1 v\u00e0 th\u01b0\u1edfng th\u1ee9c nh\u1eefng m\u00f3n \u0103n ngon m\u00e0 th\u1ebf gi\u1edbi mang l\u1ea1i, khi c\u00f4 \u1ea5y t\u00ecm c\u00e1ch \u0103n t\u1ea5t c\u1ea3 nh\u1eefng m\u00f3n \u0103n ngon c\u00f3 th\u1ec3 t\u01b0\u1edfng t\u01b0\u1ee3ng \u0111\u01b0\u1ee3c.","robots":{"index":"index","follow":"follow","max-snippet":"max-snippet:-1","max-image-preview":"max-image-preview:large","max-video-preview":"max-video-preview:-1"},"canonical":"https:\/\/augstudy.com\/vi\/vcard\/malaysia-2\/meiching-hua\/","og_locale":"vi_VN","og_type":"article","og_title":"Mei Ching Hua","og_description":"Mei Ching, is an Accounts and Admin Assistant, an independent and artistic individual, describes herself as a problem solver. With a motto in life that states, \"sometimes you win, sometimes you learn,\" she embraces challenges as opportunities for growth. Mei Ching's passion lies in exploring and savoring the culinary delights the world has to offer, as she seeks to eat all the good food imaginable.","og_url":"https:\/\/augstudy.com\/vi\/vcard\/malaysia-2\/meiching-hua\/","og_site_name":"AUG Student Services","article_publisher":"https:\/\/www.facebook.com\/augmalaysia\/","og_image":[{"width":500,"height":500,"url":"https:\/\/augstudy.com\/aug-website-files\/wp-content\/uploads\/2023\/10\/aug_vcard_mei_ching_hua_500x500.png","type":"image\/png"}],"twitter_card":"summary_large_image","twitter_misc":{"\u01af\u1edbc t\u00ednh th\u1eddi gian \u0111\u1ecdc":"1 ph\u00fat"},"schema":{"@context":"https:\/\/schema.org","@graph":[{"@type":"WebPage","@id":"https:\/\/augstudy.com\/vcard\/malaysia\/meiching-hua\/","url":"https:\/\/augstudy.com\/vcard\/malaysia\/meiching-hua\/","name":"Mei Ching Hua - AUG Student Services","isPartOf":{"@id":"https:\/\/augstudy.com\/#website"},"primaryImageOfPage":{"@id":"https:\/\/augstudy.com\/vcard\/malaysia\/meiching-hua\/#primaryimage"},"image":{"@id":"https:\/\/augstudy.com\/vcard\/malaysia\/meiching-hua\/#primaryimage"},"thumbnailUrl":"https:\/\/augstudy.com\/aug-website-files\/wp-content\/uploads\/2023\/10\/aug_vcard_mei_ching_hua_500x500.png","datePublished":"2023-10-22T22:47:37+00:00","description":"Mei Ching, l\u00e0 Tr\u1ee3 l\u00fd K\u1ebf to\u00e1n v\u00e0 H\u00e0nh ch\u00ednh, m\u1ed9t c\u00e1 nh\u00e2n \u0111\u1ed9c l\u1eadp v\u00e0 ngh\u1ec7 thu\u1eadt, t\u1ef1 m\u00f4 t\u1ea3 m\u00ecnh l\u00e0 ng\u01b0\u1eddi gi\u1ea3i quy\u1ebft v\u1ea5n \u0111\u1ec1. V\u1edbi ph\u01b0\u01a1ng ch\u00e2m s\u1ed1ng l\u00e0 &quot;\u0111\u00f4i khi b\u1ea1n chi\u1ebfn th\u1eafng, \u0111\u00f4i khi b\u1ea1n h\u1ecdc h\u1ecfi&quot;, c\u00f4 \u1ea5y coi nh\u1eefng th\u00e1ch th\u1ee9c l\u00e0 c\u01a1 h\u1ed9i \u0111\u1ec3 ph\u00e1t tri\u1ec3n. Ni\u1ec1m \u0111am m\u00ea c\u1ee7a Mei Ching n\u1eb1m \u1edf vi\u1ec7c kh\u00e1m ph\u00e1 v\u00e0 th\u01b0\u1edfng th\u1ee9c nh\u1eefng m\u00f3n \u0103n ngon m\u00e0 th\u1ebf gi\u1edbi mang l\u1ea1i, khi c\u00f4 \u1ea5y t\u00ecm c\u00e1ch \u0103n t\u1ea5t c\u1ea3 nh\u1eefng m\u00f3n \u0103n ngon c\u00f3 th\u1ec3 t\u01b0\u1edfng t\u01b0\u1ee3ng \u0111\u01b0\u1ee3c.","breadcrumb":{"@id":"https:\/\/augstudy.com\/vcard\/malaysia\/meiching-hua\/#breadcrumb"},"inLanguage":"vi","potentialAction":[{"@type":"ReadAction","target":["https:\/\/augstudy.com\/vcard\/malaysia\/meiching-hua\/"]}]},{"@type":"ImageObject","inLanguage":"vi","@id":"https:\/\/augstudy.com\/vcard\/malaysia\/meiching-hua\/#primaryimage","url":"https:\/\/augstudy.com\/aug-website-files\/wp-content\/uploads\/2023\/10\/aug_vcard_mei_ching_hua_500x500.png","contentUrl":"https:\/\/augstudy.com\/aug-website-files\/wp-content\/uploads\/2023\/10\/aug_vcard_mei_ching_hua_500x500.png","width":500,"height":500},{"@type":"BreadcrumbList","@id":"https:\/\/augstudy.com\/vcard\/malaysia\/meiching-hua\/#breadcrumb","itemListElement":[{"@type":"ListItem","position":1,"name":"Home","item":"https:\/\/augstudy.com\/"},{"@type":"ListItem","position":2,"name":"vCard","item":"https:\/\/augstudy.com\/vcard\/"},{"@type":"ListItem","position":3,"name":"vCard &#8211; Malaysia","item":"https:\/\/augstudy.com\/vcard\/malaysia\/"},{"@type":"ListItem","position":4,"name":"Mei Ching Hua"}]},{"@type":"WebSite","@id":"https:\/\/augstudy.com\/#website","url":"https:\/\/augstudy.com\/","name":"D\u1ecbch v\u1ee5 Sinh vi\u00ean AUG","description":"D\u1ecbch v\u1ee5 sinh vi\u00ean","alternateName":"AUG Global","potentialAction":[{"@type":"SearchAction","target":{"@type":"EntryPoint","urlTemplate":"https:\/\/augstudy.com\/?s={search_term_string}"},"query-input":{"@type":"PropertyValueSpecification","valueRequired":true,"valueName":"search_term_string"}}],"inLanguage":"vi"}]}},"_links":{"self":[{"href":"https:\/\/augstudy.com\/vi\/wp-json\/wp\/v2\/pages\/386200","targetHints":{"allow":["GET"]}}],"collection":[{"href":"https:\/\/augstudy.com\/vi\/wp-json\/wp\/v2\/pages"}],"about":[{"href":"https:\/\/augstudy.com\/vi\/wp-json\/wp\/v2\/types\/page"}],"author":[{"embeddable":true,"href":"https:\/\/augstudy.com\/vi\/wp-json\/wp\/v2\/users\/4"}],"replies":[{"embeddable":true,"href":"https:\/\/augstudy.com\/vi\/wp-json\/wp\/v2\/comments?post=386200"}],"version-history":[{"count":0,"href":"https:\/\/augstudy.com\/vi\/wp-json\/wp\/v2\/pages\/386200\/revisions"}],"up":[{"embeddable":true,"href":"https:\/\/augstudy.com\/vi\/wp-json\/wp\/v2\/pages\/105664"}],"wp:featuredmedia":[{"embeddable":true,"href":"https:\/\/augstudy.com\/vi\/wp-json\/wp\/v2\/media\/386103"}],"wp:attachment":[{"href":"https:\/\/augstudy.com\/vi\/wp-json\/wp\/v2\/media?parent=386200"}],"curies":[{"name":"wp","href":"https:\/\/api.w.org\/{rel}","templated":true}]}}