{"id":386180,"date":"2023-10-23T09:34:18","date_gmt":"2023-10-22T22:34:18","guid":{"rendered":"https:\/\/augstudy.com\/?page_id=386180"},"modified":"2023-10-23T09:34:18","modified_gmt":"2023-10-22T22:34:18","slug":"maliessa-masrol","status":"publish","type":"page","link":"https:\/\/augstudy.com\/vi\/vcard\/malaysia\/maliessa-masrol\/","title":{"rendered":"Maliessa Masrol"},"content":{"rendered":"<div class=\"vc_row wpb_row vc_row-fluid\"><div class=\"wpb_column vc_column_container vc_col-sm-12\"><div class=\"vc_column-inner\"><div class=\"wpb_wrapper\">\n\t<div class=\"wpb_raw_code wpb_content_element wpb_raw_html margin_bottom_0px\">\n\t\t<div class=\"wpb_wrapper\">\n\t\t\t<a class=\"vcard-download\" href=\"https:\/\/augstudy.com\/aug-website-files\/wp-content\/uploads\/vcard\/Maliessa_MASROL.vcf\"><\/a>\n\t\t<\/div>\n\t<\/div>\n<\/div><\/div><\/div><\/div>","protected":false},"excerpt":{"rendered":"","protected":false},"author":4,"featured_media":386057,"parent":105664,"menu_order":0,"comment_status":"closed","ping_status":"closed","template":"","meta":{"footnotes":""},"class_list":["post-386180","page","type-page","status-publish","hentry"],"yoast_head":"<!-- This site is optimized with the Yoast SEO Premium plugin v27.0 (Yoast SEO v27.3) - https:\/\/yoast.com\/product\/yoast-seo-premium-wordpress\/ -->\n<title>Maliessa Masrol - AUG Student Services<\/title>\n<meta name=\"description\" content=\"Known for her tolerant, perceptive, and chill demeanor, Maliessa consistently demonstrates an unwavering commitment to her work and colleagues. With a personal motto of &quot;health first, anytime, anywhere,&quot; Maliessa understands the importance of maintaining a healthy work-life balance and prioritizes self-care alongside her career.\" \/>\n<meta name=\"robots\" content=\"index, follow, max-snippet:-1, max-image-preview:large, max-video-preview:-1\" \/>\n<link rel=\"canonical\" href=\"https:\/\/augstudy.com\/vi\/vcard\/malaysia-2\/maliessa-masrol\/\" \/>\n<meta property=\"og:locale\" content=\"vi_VN\" \/>\n<meta property=\"og:type\" content=\"article\" \/>\n<meta property=\"og:title\" content=\"Maliessa Masrol\" \/>\n<meta property=\"og:description\" content=\"Known for her tolerant, perceptive, and chill demeanor, Maliessa consistently demonstrates an unwavering commitment to her work and colleagues. With a personal motto of &quot;health first, anytime, anywhere,&quot; Maliessa understands the importance of maintaining a healthy work-life balance and prioritizes self-care alongside her career.\" \/>\n<meta property=\"og:url\" content=\"https:\/\/augstudy.com\/vi\/vcard\/malaysia-2\/maliessa-masrol\/\" \/>\n<meta property=\"og:site_name\" content=\"AUG Student Services\" \/>\n<meta property=\"article:publisher\" content=\"https:\/\/www.facebook.com\/augmalaysia\/\" \/>\n<meta property=\"og:image\" content=\"https:\/\/augstudy.com\/aug-website-files\/wp-content\/uploads\/2023\/10\/aug_vcard_maliessa_masrol_500x500.png\" \/>\n\t<meta property=\"og:image:width\" content=\"500\" \/>\n\t<meta property=\"og:image:height\" content=\"500\" \/>\n\t<meta property=\"og:image:type\" content=\"image\/png\" \/>\n<meta name=\"twitter:card\" content=\"summary_large_image\" \/>\n<meta name=\"twitter:label1\" content=\"\u01af\u1edbc t\u00ednh th\u1eddi gian \u0111\u1ecdc\" \/>\n\t<meta name=\"twitter:data1\" content=\"1 ph\u00fat\" \/>\n<script type=\"application\/ld+json\" class=\"yoast-schema-graph\">{\"@context\":\"https:\\\/\\\/schema.org\",\"@graph\":[{\"@type\":\"WebPage\",\"@id\":\"https:\\\/\\\/augstudy.com\\\/vcard\\\/malaysia\\\/maliessa-masrol\\\/\",\"url\":\"https:\\\/\\\/augstudy.com\\\/vcard\\\/malaysia\\\/maliessa-masrol\\\/\",\"name\":\"Maliessa Masrol - AUG Student Services\",\"isPartOf\":{\"@id\":\"https:\\\/\\\/augstudy.com\\\/#website\"},\"primaryImageOfPage\":{\"@id\":\"https:\\\/\\\/augstudy.com\\\/vcard\\\/malaysia\\\/maliessa-masrol\\\/#primaryimage\"},\"image\":{\"@id\":\"https:\\\/\\\/augstudy.com\\\/vcard\\\/malaysia\\\/maliessa-masrol\\\/#primaryimage\"},\"thumbnailUrl\":\"https:\\\/\\\/augstudy.com\\\/aug-website-files\\\/wp-content\\\/uploads\\\/2023\\\/10\\\/aug_vcard_maliessa_masrol_500x500.png\",\"datePublished\":\"2023-10-22T22:34:18+00:00\",\"description\":\"Known for her tolerant, perceptive, and chill demeanor, Maliessa consistently demonstrates an unwavering commitment to her work and colleagues. With a personal motto of \\\"health first, anytime, anywhere,\\\" Maliessa understands the importance of maintaining a healthy work-life balance and prioritizes self-care alongside her career.\",\"breadcrumb\":{\"@id\":\"https:\\\/\\\/augstudy.com\\\/vcard\\\/malaysia\\\/maliessa-masrol\\\/#breadcrumb\"},\"inLanguage\":\"vi\",\"potentialAction\":[{\"@type\":\"ReadAction\",\"target\":[\"https:\\\/\\\/augstudy.com\\\/vcard\\\/malaysia\\\/maliessa-masrol\\\/\"]}]},{\"@type\":\"ImageObject\",\"inLanguage\":\"vi\",\"@id\":\"https:\\\/\\\/augstudy.com\\\/vcard\\\/malaysia\\\/maliessa-masrol\\\/#primaryimage\",\"url\":\"https:\\\/\\\/augstudy.com\\\/aug-website-files\\\/wp-content\\\/uploads\\\/2023\\\/10\\\/aug_vcard_maliessa_masrol_500x500.png\",\"contentUrl\":\"https:\\\/\\\/augstudy.com\\\/aug-website-files\\\/wp-content\\\/uploads\\\/2023\\\/10\\\/aug_vcard_maliessa_masrol_500x500.png\",\"width\":500,\"height\":500},{\"@type\":\"BreadcrumbList\",\"@id\":\"https:\\\/\\\/augstudy.com\\\/vcard\\\/malaysia\\\/maliessa-masrol\\\/#breadcrumb\",\"itemListElement\":[{\"@type\":\"ListItem\",\"position\":1,\"name\":\"Home\",\"item\":\"https:\\\/\\\/augstudy.com\\\/\"},{\"@type\":\"ListItem\",\"position\":2,\"name\":\"vCard\",\"item\":\"https:\\\/\\\/augstudy.com\\\/vcard\\\/\"},{\"@type\":\"ListItem\",\"position\":3,\"name\":\"vCard &#8211; Malaysia\",\"item\":\"https:\\\/\\\/augstudy.com\\\/vcard\\\/malaysia\\\/\"},{\"@type\":\"ListItem\",\"position\":4,\"name\":\"Maliessa Masrol\"}]},{\"@type\":\"WebSite\",\"@id\":\"https:\\\/\\\/augstudy.com\\\/#website\",\"url\":\"https:\\\/\\\/augstudy.com\\\/\",\"name\":\"AUG Student Services\",\"description\":\"Student Services\",\"alternateName\":\"AUG Global\",\"potentialAction\":[{\"@type\":\"SearchAction\",\"target\":{\"@type\":\"EntryPoint\",\"urlTemplate\":\"https:\\\/\\\/augstudy.com\\\/?s={search_term_string}\"},\"query-input\":{\"@type\":\"PropertyValueSpecification\",\"valueRequired\":true,\"valueName\":\"search_term_string\"}}],\"inLanguage\":\"vi\"}]}<\/script>\n<!-- \/ Yoast SEO Premium plugin. -->","yoast_head_json":{"title":"Maliessa Masrol - AUG Student Services","description":"\u0110\u01b0\u1ee3c bi\u1ebft \u0111\u1ebfn v\u1edbi th\u00e1i \u0111\u1ed9 khoan dung, s\u00e2u s\u1eafc v\u00e0 l\u1ea1nh l\u00f9ng, Maliessa lu\u00f4n th\u1ec3 hi\u1ec7n s\u1ef1 cam k\u1ebft kh\u00f4ng ng\u1eebng ngh\u1ec9 v\u1edbi c\u00f4ng vi\u1ec7c v\u00e0 \u0111\u1ed3ng nghi\u1ec7p c\u1ee7a m\u00ecnh. V\u1edbi ph\u01b0\u01a1ng ch\u00e2m c\u00e1 nh\u00e2n l\u00e0 &quot;s\u1ee9c kh\u1ecfe l\u00e0 tr\u00ean h\u1ebft, m\u1ecdi l\u00fac, m\u1ecdi n\u01a1i&quot;, Maliessa hi\u1ec3u t\u1ea7m quan tr\u1ecdng c\u1ee7a vi\u1ec7c duy tr\u00ec s\u1ef1 c\u00e2n b\u1eb1ng l\u00e0nh m\u1ea1nh gi\u1eefa c\u00f4ng vi\u1ec7c v\u00e0 cu\u1ed9c s\u1ed1ng v\u00e0 \u01b0u ti\u00ean vi\u1ec7c ch\u0103m s\u00f3c b\u1ea3n th\u00e2n b\u00ean c\u1ea1nh s\u1ef1 nghi\u1ec7p c\u1ee7a m\u00ecnh.","robots":{"index":"index","follow":"follow","max-snippet":"max-snippet:-1","max-image-preview":"max-image-preview:large","max-video-preview":"max-video-preview:-1"},"canonical":"https:\/\/augstudy.com\/vi\/vcard\/malaysia-2\/maliessa-masrol\/","og_locale":"vi_VN","og_type":"article","og_title":"Maliessa Masrol","og_description":"Known for her tolerant, perceptive, and chill demeanor, Maliessa consistently demonstrates an unwavering commitment to her work and colleagues. With a personal motto of \"health first, anytime, anywhere,\" Maliessa understands the importance of maintaining a healthy work-life balance and prioritizes self-care alongside her career.","og_url":"https:\/\/augstudy.com\/vi\/vcard\/malaysia-2\/maliessa-masrol\/","og_site_name":"AUG Student Services","article_publisher":"https:\/\/www.facebook.com\/augmalaysia\/","og_image":[{"width":500,"height":500,"url":"https:\/\/augstudy.com\/aug-website-files\/wp-content\/uploads\/2023\/10\/aug_vcard_maliessa_masrol_500x500.png","type":"image\/png"}],"twitter_card":"summary_large_image","twitter_misc":{"\u01af\u1edbc t\u00ednh th\u1eddi gian \u0111\u1ecdc":"1 ph\u00fat"},"schema":{"@context":"https:\/\/schema.org","@graph":[{"@type":"WebPage","@id":"https:\/\/augstudy.com\/vcard\/malaysia\/maliessa-masrol\/","url":"https:\/\/augstudy.com\/vcard\/malaysia\/maliessa-masrol\/","name":"Maliessa Masrol - AUG Student Services","isPartOf":{"@id":"https:\/\/augstudy.com\/#website"},"primaryImageOfPage":{"@id":"https:\/\/augstudy.com\/vcard\/malaysia\/maliessa-masrol\/#primaryimage"},"image":{"@id":"https:\/\/augstudy.com\/vcard\/malaysia\/maliessa-masrol\/#primaryimage"},"thumbnailUrl":"https:\/\/augstudy.com\/aug-website-files\/wp-content\/uploads\/2023\/10\/aug_vcard_maliessa_masrol_500x500.png","datePublished":"2023-10-22T22:34:18+00:00","description":"\u0110\u01b0\u1ee3c bi\u1ebft \u0111\u1ebfn v\u1edbi th\u00e1i \u0111\u1ed9 khoan dung, s\u00e2u s\u1eafc v\u00e0 l\u1ea1nh l\u00f9ng, Maliessa lu\u00f4n th\u1ec3 hi\u1ec7n s\u1ef1 cam k\u1ebft kh\u00f4ng ng\u1eebng ngh\u1ec9 v\u1edbi c\u00f4ng vi\u1ec7c v\u00e0 \u0111\u1ed3ng nghi\u1ec7p c\u1ee7a m\u00ecnh. V\u1edbi ph\u01b0\u01a1ng ch\u00e2m c\u00e1 nh\u00e2n l\u00e0 &quot;s\u1ee9c kh\u1ecfe l\u00e0 tr\u00ean h\u1ebft, m\u1ecdi l\u00fac, m\u1ecdi n\u01a1i&quot;, Maliessa hi\u1ec3u t\u1ea7m quan tr\u1ecdng c\u1ee7a vi\u1ec7c duy tr\u00ec s\u1ef1 c\u00e2n b\u1eb1ng l\u00e0nh m\u1ea1nh gi\u1eefa c\u00f4ng vi\u1ec7c v\u00e0 cu\u1ed9c s\u1ed1ng v\u00e0 \u01b0u ti\u00ean vi\u1ec7c ch\u0103m s\u00f3c b\u1ea3n th\u00e2n b\u00ean c\u1ea1nh s\u1ef1 nghi\u1ec7p c\u1ee7a m\u00ecnh.","breadcrumb":{"@id":"https:\/\/augstudy.com\/vcard\/malaysia\/maliessa-masrol\/#breadcrumb"},"inLanguage":"vi","potentialAction":[{"@type":"ReadAction","target":["https:\/\/augstudy.com\/vcard\/malaysia\/maliessa-masrol\/"]}]},{"@type":"ImageObject","inLanguage":"vi","@id":"https:\/\/augstudy.com\/vcard\/malaysia\/maliessa-masrol\/#primaryimage","url":"https:\/\/augstudy.com\/aug-website-files\/wp-content\/uploads\/2023\/10\/aug_vcard_maliessa_masrol_500x500.png","contentUrl":"https:\/\/augstudy.com\/aug-website-files\/wp-content\/uploads\/2023\/10\/aug_vcard_maliessa_masrol_500x500.png","width":500,"height":500},{"@type":"BreadcrumbList","@id":"https:\/\/augstudy.com\/vcard\/malaysia\/maliessa-masrol\/#breadcrumb","itemListElement":[{"@type":"ListItem","position":1,"name":"Home","item":"https:\/\/augstudy.com\/"},{"@type":"ListItem","position":2,"name":"vCard","item":"https:\/\/augstudy.com\/vcard\/"},{"@type":"ListItem","position":3,"name":"vCard &#8211; Malaysia","item":"https:\/\/augstudy.com\/vcard\/malaysia\/"},{"@type":"ListItem","position":4,"name":"Maliessa Masrol"}]},{"@type":"WebSite","@id":"https:\/\/augstudy.com\/#website","url":"https:\/\/augstudy.com\/","name":"D\u1ecbch v\u1ee5 Sinh vi\u00ean AUG","description":"D\u1ecbch v\u1ee5 sinh vi\u00ean","alternateName":"AUG Global","potentialAction":[{"@type":"SearchAction","target":{"@type":"EntryPoint","urlTemplate":"https:\/\/augstudy.com\/?s={search_term_string}"},"query-input":{"@type":"PropertyValueSpecification","valueRequired":true,"valueName":"search_term_string"}}],"inLanguage":"vi"}]}},"_links":{"self":[{"href":"https:\/\/augstudy.com\/vi\/wp-json\/wp\/v2\/pages\/386180","targetHints":{"allow":["GET"]}}],"collection":[{"href":"https:\/\/augstudy.com\/vi\/wp-json\/wp\/v2\/pages"}],"about":[{"href":"https:\/\/augstudy.com\/vi\/wp-json\/wp\/v2\/types\/page"}],"author":[{"embeddable":true,"href":"https:\/\/augstudy.com\/vi\/wp-json\/wp\/v2\/users\/4"}],"replies":[{"embeddable":true,"href":"https:\/\/augstudy.com\/vi\/wp-json\/wp\/v2\/comments?post=386180"}],"version-history":[{"count":0,"href":"https:\/\/augstudy.com\/vi\/wp-json\/wp\/v2\/pages\/386180\/revisions"}],"up":[{"embeddable":true,"href":"https:\/\/augstudy.com\/vi\/wp-json\/wp\/v2\/pages\/105664"}],"wp:featuredmedia":[{"embeddable":true,"href":"https:\/\/augstudy.com\/vi\/wp-json\/wp\/v2\/media\/386057"}],"wp:attachment":[{"href":"https:\/\/augstudy.com\/vi\/wp-json\/wp\/v2\/media?parent=386180"}],"curies":[{"name":"wp","href":"https:\/\/api.w.org\/{rel}","templated":true}]}}