{"id":386178,"date":"2023-10-23T09:33:21","date_gmt":"2023-10-22T22:33:21","guid":{"rendered":"https:\/\/augstudy.com\/?page_id=386178"},"modified":"2023-10-23T09:33:21","modified_gmt":"2023-10-22T22:33:21","slug":"huiheng-kuah","status":"publish","type":"page","link":"https:\/\/augstudy.com\/vi\/vcard\/malaysia\/huiheng-kuah\/","title":{"rendered":"Hu\u1ec7 H\u1eb1ng Qu\u00e1ch"},"content":{"rendered":"<div class=\"vc_row wpb_row vc_row-fluid\"><div class=\"wpb_column vc_column_container vc_col-sm-12\"><div class=\"vc_column-inner\"><div class=\"wpb_wrapper\">\n\t<div class=\"wpb_raw_code wpb_content_element wpb_raw_html margin_bottom_0px\">\n\t\t<div class=\"wpb_wrapper\">\n\t\t\t<a class=\"vcard-download\" href=\"https:\/\/augstudy.com\/aug-website-files\/wp-content\/uploads\/vcard\/HuiHeng_KUAH.vcf\"><\/a>\n\t\t<\/div>\n\t<\/div>\n<\/div><\/div><\/div><\/div>","protected":false},"excerpt":{"rendered":"","protected":false},"author":4,"featured_media":386055,"parent":105664,"menu_order":0,"comment_status":"closed","ping_status":"closed","template":"","meta":{"footnotes":""},"class_list":["post-386178","page","type-page","status-publish","hentry"],"yoast_head":"<!-- This site is optimized with the Yoast SEO Premium plugin v27.0 (Yoast SEO v27.3) - https:\/\/yoast.com\/product\/yoast-seo-premium-wordpress\/ -->\n<title>Hui Heng Kuah - AUG Student Services<\/title>\n<meta name=\"description\" content=\"Hui Heng is known for her confidence, friendly demeanor, and cheerful personality, which have enabled her to quickly establish strong relationships with her colleagues and students. Hui Heng&#039;s positive attitude and commitment to excellence have made her an invaluable asset to the KL team.\" \/>\n<meta name=\"robots\" content=\"index, follow, max-snippet:-1, max-image-preview:large, max-video-preview:-1\" \/>\n<link rel=\"canonical\" href=\"https:\/\/augstudy.com\/vi\/vcard\/malaysia-2\/huiheng-kuah\/\" \/>\n<meta property=\"og:locale\" content=\"vi_VN\" \/>\n<meta property=\"og:type\" content=\"article\" \/>\n<meta property=\"og:title\" content=\"Hui Heng Kuah\" \/>\n<meta property=\"og:description\" content=\"Hui Heng is known for her confidence, friendly demeanor, and cheerful personality, which have enabled her to quickly establish strong relationships with her colleagues and students. Hui Heng&#039;s positive attitude and commitment to excellence have made her an invaluable asset to the KL team.\" \/>\n<meta property=\"og:url\" content=\"https:\/\/augstudy.com\/vi\/vcard\/malaysia-2\/huiheng-kuah\/\" \/>\n<meta property=\"og:site_name\" content=\"AUG Student Services\" \/>\n<meta property=\"article:publisher\" content=\"https:\/\/www.facebook.com\/augmalaysia\/\" \/>\n<meta property=\"og:image\" content=\"https:\/\/augstudy.com\/aug-website-files\/wp-content\/uploads\/2023\/10\/aug_vcard_hui_heng_kuah_500x500.png\" \/>\n\t<meta property=\"og:image:width\" content=\"500\" \/>\n\t<meta property=\"og:image:height\" content=\"500\" \/>\n\t<meta property=\"og:image:type\" content=\"image\/png\" \/>\n<meta name=\"twitter:card\" content=\"summary_large_image\" \/>\n<meta name=\"twitter:label1\" content=\"\u01af\u1edbc t\u00ednh th\u1eddi gian \u0111\u1ecdc\" \/>\n\t<meta name=\"twitter:data1\" content=\"1 ph\u00fat\" \/>\n<script type=\"application\/ld+json\" class=\"yoast-schema-graph\">{\"@context\":\"https:\\\/\\\/schema.org\",\"@graph\":[{\"@type\":\"WebPage\",\"@id\":\"https:\\\/\\\/augstudy.com\\\/vcard\\\/malaysia\\\/huiheng-kuah\\\/\",\"url\":\"https:\\\/\\\/augstudy.com\\\/vcard\\\/malaysia\\\/huiheng-kuah\\\/\",\"name\":\"Hui Heng Kuah - AUG Student Services\",\"isPartOf\":{\"@id\":\"https:\\\/\\\/augstudy.com\\\/#website\"},\"primaryImageOfPage\":{\"@id\":\"https:\\\/\\\/augstudy.com\\\/vcard\\\/malaysia\\\/huiheng-kuah\\\/#primaryimage\"},\"image\":{\"@id\":\"https:\\\/\\\/augstudy.com\\\/vcard\\\/malaysia\\\/huiheng-kuah\\\/#primaryimage\"},\"thumbnailUrl\":\"https:\\\/\\\/augstudy.com\\\/aug-website-files\\\/wp-content\\\/uploads\\\/2023\\\/10\\\/aug_vcard_hui_heng_kuah_500x500.png\",\"datePublished\":\"2023-10-22T22:33:21+00:00\",\"description\":\"Hui Heng is known for her confidence, friendly demeanor, and cheerful personality, which have enabled her to quickly establish strong relationships with her colleagues and students. Hui Heng's positive attitude and commitment to excellence have made her an invaluable asset to the KL team.\",\"breadcrumb\":{\"@id\":\"https:\\\/\\\/augstudy.com\\\/vcard\\\/malaysia\\\/huiheng-kuah\\\/#breadcrumb\"},\"inLanguage\":\"vi\",\"potentialAction\":[{\"@type\":\"ReadAction\",\"target\":[\"https:\\\/\\\/augstudy.com\\\/vcard\\\/malaysia\\\/huiheng-kuah\\\/\"]}]},{\"@type\":\"ImageObject\",\"inLanguage\":\"vi\",\"@id\":\"https:\\\/\\\/augstudy.com\\\/vcard\\\/malaysia\\\/huiheng-kuah\\\/#primaryimage\",\"url\":\"https:\\\/\\\/augstudy.com\\\/aug-website-files\\\/wp-content\\\/uploads\\\/2023\\\/10\\\/aug_vcard_hui_heng_kuah_500x500.png\",\"contentUrl\":\"https:\\\/\\\/augstudy.com\\\/aug-website-files\\\/wp-content\\\/uploads\\\/2023\\\/10\\\/aug_vcard_hui_heng_kuah_500x500.png\",\"width\":500,\"height\":500},{\"@type\":\"BreadcrumbList\",\"@id\":\"https:\\\/\\\/augstudy.com\\\/vcard\\\/malaysia\\\/huiheng-kuah\\\/#breadcrumb\",\"itemListElement\":[{\"@type\":\"ListItem\",\"position\":1,\"name\":\"Home\",\"item\":\"https:\\\/\\\/augstudy.com\\\/\"},{\"@type\":\"ListItem\",\"position\":2,\"name\":\"vCard\",\"item\":\"https:\\\/\\\/augstudy.com\\\/vcard\\\/\"},{\"@type\":\"ListItem\",\"position\":3,\"name\":\"vCard &#8211; Malaysia\",\"item\":\"https:\\\/\\\/augstudy.com\\\/vcard\\\/malaysia\\\/\"},{\"@type\":\"ListItem\",\"position\":4,\"name\":\"Hui Heng Kuah\"}]},{\"@type\":\"WebSite\",\"@id\":\"https:\\\/\\\/augstudy.com\\\/#website\",\"url\":\"https:\\\/\\\/augstudy.com\\\/\",\"name\":\"AUG Student Services\",\"description\":\"Student Services\",\"alternateName\":\"AUG Global\",\"potentialAction\":[{\"@type\":\"SearchAction\",\"target\":{\"@type\":\"EntryPoint\",\"urlTemplate\":\"https:\\\/\\\/augstudy.com\\\/?s={search_term_string}\"},\"query-input\":{\"@type\":\"PropertyValueSpecification\",\"valueRequired\":true,\"valueName\":\"search_term_string\"}}],\"inLanguage\":\"vi\"}]}<\/script>\n<!-- \/ Yoast SEO Premium plugin. -->","yoast_head_json":{"title":"Hui Heng Kuah - AUG Student Services","description":"Hui Heng \u0111\u01b0\u1ee3c bi\u1ebft \u0111\u1ebfn v\u1edbi s\u1ef1 t\u1ef1 tin, th\u00e1i \u0111\u1ed9 th\u00e2n thi\u1ec7n v\u00e0 t\u00ednh c\u00e1ch vui v\u1ebb, gi\u00fap c\u00f4 nhanh ch\u00f3ng thi\u1ebft l\u1eadp \u0111\u01b0\u1ee3c m\u1ed1i quan h\u1ec7 b\u1ec1n ch\u1eb7t v\u1edbi c\u00e1c \u0111\u1ed3ng nghi\u1ec7p v\u00e0 sinh vi\u00ean. Th\u00e1i \u0111\u1ed9 t\u00edch c\u1ef1c v\u00e0 cam k\u1ebft h\u01b0\u1edbng \u0111\u1ebfn s\u1ef1 xu\u1ea5t s\u1eafc c\u1ee7a Hui Heng \u0111\u00e3 bi\u1ebfn c\u00f4 tr\u1edf th\u00e0nh m\u1ed9t t\u00e0i s\u1ea3n v\u00f4 gi\u00e1 \u0111\u1ed1i v\u1edbi nh\u00f3m KL.","robots":{"index":"index","follow":"follow","max-snippet":"max-snippet:-1","max-image-preview":"max-image-preview:large","max-video-preview":"max-video-preview:-1"},"canonical":"https:\/\/augstudy.com\/vi\/vcard\/malaysia-2\/huiheng-kuah\/","og_locale":"vi_VN","og_type":"article","og_title":"Hui Heng Kuah","og_description":"Hui Heng is known for her confidence, friendly demeanor, and cheerful personality, which have enabled her to quickly establish strong relationships with her colleagues and students. Hui Heng's positive attitude and commitment to excellence have made her an invaluable asset to the KL team.","og_url":"https:\/\/augstudy.com\/vi\/vcard\/malaysia-2\/huiheng-kuah\/","og_site_name":"AUG Student Services","article_publisher":"https:\/\/www.facebook.com\/augmalaysia\/","og_image":[{"width":500,"height":500,"url":"https:\/\/augstudy.com\/aug-website-files\/wp-content\/uploads\/2023\/10\/aug_vcard_hui_heng_kuah_500x500.png","type":"image\/png"}],"twitter_card":"summary_large_image","twitter_misc":{"\u01af\u1edbc t\u00ednh th\u1eddi gian \u0111\u1ecdc":"1 ph\u00fat"},"schema":{"@context":"https:\/\/schema.org","@graph":[{"@type":"WebPage","@id":"https:\/\/augstudy.com\/vcard\/malaysia\/huiheng-kuah\/","url":"https:\/\/augstudy.com\/vcard\/malaysia\/huiheng-kuah\/","name":"Hui Heng Kuah - AUG Student Services","isPartOf":{"@id":"https:\/\/augstudy.com\/#website"},"primaryImageOfPage":{"@id":"https:\/\/augstudy.com\/vcard\/malaysia\/huiheng-kuah\/#primaryimage"},"image":{"@id":"https:\/\/augstudy.com\/vcard\/malaysia\/huiheng-kuah\/#primaryimage"},"thumbnailUrl":"https:\/\/augstudy.com\/aug-website-files\/wp-content\/uploads\/2023\/10\/aug_vcard_hui_heng_kuah_500x500.png","datePublished":"2023-10-22T22:33:21+00:00","description":"Hui Heng \u0111\u01b0\u1ee3c bi\u1ebft \u0111\u1ebfn v\u1edbi s\u1ef1 t\u1ef1 tin, th\u00e1i \u0111\u1ed9 th\u00e2n thi\u1ec7n v\u00e0 t\u00ednh c\u00e1ch vui v\u1ebb, gi\u00fap c\u00f4 nhanh ch\u00f3ng thi\u1ebft l\u1eadp \u0111\u01b0\u1ee3c m\u1ed1i quan h\u1ec7 b\u1ec1n ch\u1eb7t v\u1edbi c\u00e1c \u0111\u1ed3ng nghi\u1ec7p v\u00e0 sinh vi\u00ean. Th\u00e1i \u0111\u1ed9 t\u00edch c\u1ef1c v\u00e0 cam k\u1ebft h\u01b0\u1edbng \u0111\u1ebfn s\u1ef1 xu\u1ea5t s\u1eafc c\u1ee7a Hui Heng \u0111\u00e3 bi\u1ebfn c\u00f4 tr\u1edf th\u00e0nh m\u1ed9t t\u00e0i s\u1ea3n v\u00f4 gi\u00e1 \u0111\u1ed1i v\u1edbi nh\u00f3m KL.","breadcrumb":{"@id":"https:\/\/augstudy.com\/vcard\/malaysia\/huiheng-kuah\/#breadcrumb"},"inLanguage":"vi","potentialAction":[{"@type":"ReadAction","target":["https:\/\/augstudy.com\/vcard\/malaysia\/huiheng-kuah\/"]}]},{"@type":"ImageObject","inLanguage":"vi","@id":"https:\/\/augstudy.com\/vcard\/malaysia\/huiheng-kuah\/#primaryimage","url":"https:\/\/augstudy.com\/aug-website-files\/wp-content\/uploads\/2023\/10\/aug_vcard_hui_heng_kuah_500x500.png","contentUrl":"https:\/\/augstudy.com\/aug-website-files\/wp-content\/uploads\/2023\/10\/aug_vcard_hui_heng_kuah_500x500.png","width":500,"height":500},{"@type":"BreadcrumbList","@id":"https:\/\/augstudy.com\/vcard\/malaysia\/huiheng-kuah\/#breadcrumb","itemListElement":[{"@type":"ListItem","position":1,"name":"Home","item":"https:\/\/augstudy.com\/"},{"@type":"ListItem","position":2,"name":"vCard","item":"https:\/\/augstudy.com\/vcard\/"},{"@type":"ListItem","position":3,"name":"vCard &#8211; Malaysia","item":"https:\/\/augstudy.com\/vcard\/malaysia\/"},{"@type":"ListItem","position":4,"name":"Hui Heng Kuah"}]},{"@type":"WebSite","@id":"https:\/\/augstudy.com\/#website","url":"https:\/\/augstudy.com\/","name":"D\u1ecbch v\u1ee5 Sinh vi\u00ean AUG","description":"D\u1ecbch v\u1ee5 sinh vi\u00ean","alternateName":"AUG Global","potentialAction":[{"@type":"SearchAction","target":{"@type":"EntryPoint","urlTemplate":"https:\/\/augstudy.com\/?s={search_term_string}"},"query-input":{"@type":"PropertyValueSpecification","valueRequired":true,"valueName":"search_term_string"}}],"inLanguage":"vi"}]}},"_links":{"self":[{"href":"https:\/\/augstudy.com\/vi\/wp-json\/wp\/v2\/pages\/386178","targetHints":{"allow":["GET"]}}],"collection":[{"href":"https:\/\/augstudy.com\/vi\/wp-json\/wp\/v2\/pages"}],"about":[{"href":"https:\/\/augstudy.com\/vi\/wp-json\/wp\/v2\/types\/page"}],"author":[{"embeddable":true,"href":"https:\/\/augstudy.com\/vi\/wp-json\/wp\/v2\/users\/4"}],"replies":[{"embeddable":true,"href":"https:\/\/augstudy.com\/vi\/wp-json\/wp\/v2\/comments?post=386178"}],"version-history":[{"count":0,"href":"https:\/\/augstudy.com\/vi\/wp-json\/wp\/v2\/pages\/386178\/revisions"}],"up":[{"embeddable":true,"href":"https:\/\/augstudy.com\/vi\/wp-json\/wp\/v2\/pages\/105664"}],"wp:featuredmedia":[{"embeddable":true,"href":"https:\/\/augstudy.com\/vi\/wp-json\/wp\/v2\/media\/386055"}],"wp:attachment":[{"href":"https:\/\/augstudy.com\/vi\/wp-json\/wp\/v2\/media?parent=386178"}],"curies":[{"name":"wp","href":"https:\/\/api.w.org\/{rel}","templated":true}]}}