{"id":386175,"date":"2023-10-23T09:32:38","date_gmt":"2023-10-22T22:32:38","guid":{"rendered":"https:\/\/augstudy.com\/?page_id=386175"},"modified":"2023-10-23T09:32:38","modified_gmt":"2023-10-22T22:32:38","slug":"elaine-chong","status":"publish","type":"page","link":"https:\/\/augstudy.com\/vi\/vcard\/malaysia\/elaine-chong\/","title":{"rendered":"Elaine Chong"},"content":{"rendered":"<div class=\"vc_row wpb_row vc_row-fluid\"><div class=\"wpb_column vc_column_container vc_col-sm-12\"><div class=\"vc_column-inner\"><div class=\"wpb_wrapper\">\n\t<div class=\"wpb_raw_code wpb_content_element wpb_raw_html margin_bottom_0px\">\n\t\t<div class=\"wpb_wrapper\">\n\t\t\t<a class=\"vcard-download\" href=\"https:\/\/augstudy.com\/aug-website-files\/wp-content\/uploads\/vcard\/Elaine_CHONG.vcf\"><\/a>\n\t\t<\/div>\n\t<\/div>\n<\/div><\/div><\/div><\/div>","protected":false},"excerpt":{"rendered":"","protected":false},"author":4,"featured_media":386053,"parent":105664,"menu_order":0,"comment_status":"closed","ping_status":"closed","template":"","meta":{"footnotes":""},"class_list":["post-386175","page","type-page","status-publish","hentry"],"yoast_head":"<!-- This site is optimized with the Yoast SEO Premium plugin v27.0 (Yoast SEO v27.3) - https:\/\/yoast.com\/product\/yoast-seo-premium-wordpress\/ -->\n<title>Elaine Chong - AUG Student Services<\/title>\n<meta name=\"description\" content=\"Passionate about travel and gastronomy, Elaine has cultivated a deep appreciation for exploring new destinations and indulging in diverse culinary experiences. This enthusiasm has not only enriched her life but also contributed to her ability to connect with students from various backgrounds and cultures.\" \/>\n<meta name=\"robots\" content=\"index, follow, max-snippet:-1, max-image-preview:large, max-video-preview:-1\" \/>\n<link rel=\"canonical\" href=\"https:\/\/augstudy.com\/vi\/vcard\/malaysia-2\/elaine-chong\/\" \/>\n<meta property=\"og:locale\" content=\"vi_VN\" \/>\n<meta property=\"og:type\" content=\"article\" \/>\n<meta property=\"og:title\" content=\"Elaine Chong\" \/>\n<meta property=\"og:description\" content=\"Passionate about travel and gastronomy, Elaine has cultivated a deep appreciation for exploring new destinations and indulging in diverse culinary experiences. This enthusiasm has not only enriched her life but also contributed to her ability to connect with students from various backgrounds and cultures.\" \/>\n<meta property=\"og:url\" content=\"https:\/\/augstudy.com\/vi\/vcard\/malaysia-2\/elaine-chong\/\" \/>\n<meta property=\"og:site_name\" content=\"AUG Student Services\" \/>\n<meta property=\"article:publisher\" content=\"https:\/\/www.facebook.com\/augmalaysia\/\" \/>\n<meta property=\"og:image\" content=\"https:\/\/augstudy.com\/aug-website-files\/wp-content\/uploads\/2023\/10\/aug_vcard_elaine_chong_500x500.png\" \/>\n\t<meta property=\"og:image:width\" content=\"500\" \/>\n\t<meta property=\"og:image:height\" content=\"500\" \/>\n\t<meta property=\"og:image:type\" content=\"image\/png\" \/>\n<meta name=\"twitter:card\" content=\"summary_large_image\" \/>\n<meta name=\"twitter:label1\" content=\"\u01af\u1edbc t\u00ednh th\u1eddi gian \u0111\u1ecdc\" \/>\n\t<meta name=\"twitter:data1\" content=\"1 ph\u00fat\" \/>\n<script type=\"application\/ld+json\" class=\"yoast-schema-graph\">{\"@context\":\"https:\\\/\\\/schema.org\",\"@graph\":[{\"@type\":\"WebPage\",\"@id\":\"https:\\\/\\\/augstudy.com\\\/vcard\\\/malaysia\\\/elaine-chong\\\/\",\"url\":\"https:\\\/\\\/augstudy.com\\\/vcard\\\/malaysia\\\/elaine-chong\\\/\",\"name\":\"Elaine Chong - AUG Student Services\",\"isPartOf\":{\"@id\":\"https:\\\/\\\/augstudy.com\\\/#website\"},\"primaryImageOfPage\":{\"@id\":\"https:\\\/\\\/augstudy.com\\\/vcard\\\/malaysia\\\/elaine-chong\\\/#primaryimage\"},\"image\":{\"@id\":\"https:\\\/\\\/augstudy.com\\\/vcard\\\/malaysia\\\/elaine-chong\\\/#primaryimage\"},\"thumbnailUrl\":\"https:\\\/\\\/augstudy.com\\\/aug-website-files\\\/wp-content\\\/uploads\\\/2023\\\/10\\\/aug_vcard_elaine_chong_500x500.png\",\"datePublished\":\"2023-10-22T22:32:38+00:00\",\"description\":\"Passionate about travel and gastronomy, Elaine has cultivated a deep appreciation for exploring new destinations and indulging in diverse culinary experiences. This enthusiasm has not only enriched her life but also contributed to her ability to connect with students from various backgrounds and cultures.\",\"breadcrumb\":{\"@id\":\"https:\\\/\\\/augstudy.com\\\/vcard\\\/malaysia\\\/elaine-chong\\\/#breadcrumb\"},\"inLanguage\":\"vi\",\"potentialAction\":[{\"@type\":\"ReadAction\",\"target\":[\"https:\\\/\\\/augstudy.com\\\/vcard\\\/malaysia\\\/elaine-chong\\\/\"]}]},{\"@type\":\"ImageObject\",\"inLanguage\":\"vi\",\"@id\":\"https:\\\/\\\/augstudy.com\\\/vcard\\\/malaysia\\\/elaine-chong\\\/#primaryimage\",\"url\":\"https:\\\/\\\/augstudy.com\\\/aug-website-files\\\/wp-content\\\/uploads\\\/2023\\\/10\\\/aug_vcard_elaine_chong_500x500.png\",\"contentUrl\":\"https:\\\/\\\/augstudy.com\\\/aug-website-files\\\/wp-content\\\/uploads\\\/2023\\\/10\\\/aug_vcard_elaine_chong_500x500.png\",\"width\":500,\"height\":500},{\"@type\":\"BreadcrumbList\",\"@id\":\"https:\\\/\\\/augstudy.com\\\/vcard\\\/malaysia\\\/elaine-chong\\\/#breadcrumb\",\"itemListElement\":[{\"@type\":\"ListItem\",\"position\":1,\"name\":\"Home\",\"item\":\"https:\\\/\\\/augstudy.com\\\/\"},{\"@type\":\"ListItem\",\"position\":2,\"name\":\"vCard\",\"item\":\"https:\\\/\\\/augstudy.com\\\/vcard\\\/\"},{\"@type\":\"ListItem\",\"position\":3,\"name\":\"vCard &#8211; Malaysia\",\"item\":\"https:\\\/\\\/augstudy.com\\\/vcard\\\/malaysia\\\/\"},{\"@type\":\"ListItem\",\"position\":4,\"name\":\"Elaine Chong\"}]},{\"@type\":\"WebSite\",\"@id\":\"https:\\\/\\\/augstudy.com\\\/#website\",\"url\":\"https:\\\/\\\/augstudy.com\\\/\",\"name\":\"AUG Student Services\",\"description\":\"Student Services\",\"alternateName\":\"AUG Global\",\"potentialAction\":[{\"@type\":\"SearchAction\",\"target\":{\"@type\":\"EntryPoint\",\"urlTemplate\":\"https:\\\/\\\/augstudy.com\\\/?s={search_term_string}\"},\"query-input\":{\"@type\":\"PropertyValueSpecification\",\"valueRequired\":true,\"valueName\":\"search_term_string\"}}],\"inLanguage\":\"vi\"}]}<\/script>\n<!-- \/ Yoast SEO Premium plugin. -->","yoast_head_json":{"title":"Elaine Chong - AUG Student Services","description":"\u0110am m\u00ea du l\u1ecbch v\u00e0 \u1ea9m th\u1ef1c, Elaine \u0111\u00e3 nu\u00f4i d\u01b0\u1ee1ng s\u1ef1 \u0111\u00e1nh gi\u00e1 cao trong vi\u1ec7c kh\u00e1m ph\u00e1 nh\u1eefng \u0111i\u1ec3m \u0111\u1ebfn m\u1edbi v\u00e0 \u0111am m\u00ea nh\u1eefng tr\u1ea3i nghi\u1ec7m \u1ea9m th\u1ef1c \u0111a d\u1ea1ng. S\u1ef1 nhi\u1ec7t t\u00ecnh n\u00e0y kh\u00f4ng ch\u1ec9 l\u00e0m phong ph\u00fa th\u00eam cu\u1ed9c s\u1ed1ng c\u1ee7a c\u00f4 m\u00e0 c\u00f2n g\u00f3p ph\u1ea7n gi\u00fap c\u00f4 c\u00f3 kh\u1ea3 n\u0103ng k\u1ebft n\u1ed1i v\u1edbi c\u00e1c sinh vi\u00ean \u0111\u1ebfn t\u1eeb nhi\u1ec1u n\u1ec1n v\u0103n h\u00f3a v\u00e0 n\u1ec1n t\u1ea3ng kh\u00e1c nhau.","robots":{"index":"index","follow":"follow","max-snippet":"max-snippet:-1","max-image-preview":"max-image-preview:large","max-video-preview":"max-video-preview:-1"},"canonical":"https:\/\/augstudy.com\/vi\/vcard\/malaysia-2\/elaine-chong\/","og_locale":"vi_VN","og_type":"article","og_title":"Elaine Chong","og_description":"Passionate about travel and gastronomy, Elaine has cultivated a deep appreciation for exploring new destinations and indulging in diverse culinary experiences. This enthusiasm has not only enriched her life but also contributed to her ability to connect with students from various backgrounds and cultures.","og_url":"https:\/\/augstudy.com\/vi\/vcard\/malaysia-2\/elaine-chong\/","og_site_name":"AUG Student Services","article_publisher":"https:\/\/www.facebook.com\/augmalaysia\/","og_image":[{"width":500,"height":500,"url":"https:\/\/augstudy.com\/aug-website-files\/wp-content\/uploads\/2023\/10\/aug_vcard_elaine_chong_500x500.png","type":"image\/png"}],"twitter_card":"summary_large_image","twitter_misc":{"\u01af\u1edbc t\u00ednh th\u1eddi gian \u0111\u1ecdc":"1 ph\u00fat"},"schema":{"@context":"https:\/\/schema.org","@graph":[{"@type":"WebPage","@id":"https:\/\/augstudy.com\/vcard\/malaysia\/elaine-chong\/","url":"https:\/\/augstudy.com\/vcard\/malaysia\/elaine-chong\/","name":"Elaine Chong - AUG Student Services","isPartOf":{"@id":"https:\/\/augstudy.com\/#website"},"primaryImageOfPage":{"@id":"https:\/\/augstudy.com\/vcard\/malaysia\/elaine-chong\/#primaryimage"},"image":{"@id":"https:\/\/augstudy.com\/vcard\/malaysia\/elaine-chong\/#primaryimage"},"thumbnailUrl":"https:\/\/augstudy.com\/aug-website-files\/wp-content\/uploads\/2023\/10\/aug_vcard_elaine_chong_500x500.png","datePublished":"2023-10-22T22:32:38+00:00","description":"\u0110am m\u00ea du l\u1ecbch v\u00e0 \u1ea9m th\u1ef1c, Elaine \u0111\u00e3 nu\u00f4i d\u01b0\u1ee1ng s\u1ef1 \u0111\u00e1nh gi\u00e1 cao trong vi\u1ec7c kh\u00e1m ph\u00e1 nh\u1eefng \u0111i\u1ec3m \u0111\u1ebfn m\u1edbi v\u00e0 \u0111am m\u00ea nh\u1eefng tr\u1ea3i nghi\u1ec7m \u1ea9m th\u1ef1c \u0111a d\u1ea1ng. S\u1ef1 nhi\u1ec7t t\u00ecnh n\u00e0y kh\u00f4ng ch\u1ec9 l\u00e0m phong ph\u00fa th\u00eam cu\u1ed9c s\u1ed1ng c\u1ee7a c\u00f4 m\u00e0 c\u00f2n g\u00f3p ph\u1ea7n gi\u00fap c\u00f4 c\u00f3 kh\u1ea3 n\u0103ng k\u1ebft n\u1ed1i v\u1edbi c\u00e1c sinh vi\u00ean \u0111\u1ebfn t\u1eeb nhi\u1ec1u n\u1ec1n v\u0103n h\u00f3a v\u00e0 n\u1ec1n t\u1ea3ng kh\u00e1c nhau.","breadcrumb":{"@id":"https:\/\/augstudy.com\/vcard\/malaysia\/elaine-chong\/#breadcrumb"},"inLanguage":"vi","potentialAction":[{"@type":"ReadAction","target":["https:\/\/augstudy.com\/vcard\/malaysia\/elaine-chong\/"]}]},{"@type":"ImageObject","inLanguage":"vi","@id":"https:\/\/augstudy.com\/vcard\/malaysia\/elaine-chong\/#primaryimage","url":"https:\/\/augstudy.com\/aug-website-files\/wp-content\/uploads\/2023\/10\/aug_vcard_elaine_chong_500x500.png","contentUrl":"https:\/\/augstudy.com\/aug-website-files\/wp-content\/uploads\/2023\/10\/aug_vcard_elaine_chong_500x500.png","width":500,"height":500},{"@type":"BreadcrumbList","@id":"https:\/\/augstudy.com\/vcard\/malaysia\/elaine-chong\/#breadcrumb","itemListElement":[{"@type":"ListItem","position":1,"name":"Home","item":"https:\/\/augstudy.com\/"},{"@type":"ListItem","position":2,"name":"vCard","item":"https:\/\/augstudy.com\/vcard\/"},{"@type":"ListItem","position":3,"name":"vCard &#8211; Malaysia","item":"https:\/\/augstudy.com\/vcard\/malaysia\/"},{"@type":"ListItem","position":4,"name":"Elaine Chong"}]},{"@type":"WebSite","@id":"https:\/\/augstudy.com\/#website","url":"https:\/\/augstudy.com\/","name":"D\u1ecbch v\u1ee5 Sinh vi\u00ean AUG","description":"D\u1ecbch v\u1ee5 sinh vi\u00ean","alternateName":"AUG Global","potentialAction":[{"@type":"SearchAction","target":{"@type":"EntryPoint","urlTemplate":"https:\/\/augstudy.com\/?s={search_term_string}"},"query-input":{"@type":"PropertyValueSpecification","valueRequired":true,"valueName":"search_term_string"}}],"inLanguage":"vi"}]}},"_links":{"self":[{"href":"https:\/\/augstudy.com\/vi\/wp-json\/wp\/v2\/pages\/386175","targetHints":{"allow":["GET"]}}],"collection":[{"href":"https:\/\/augstudy.com\/vi\/wp-json\/wp\/v2\/pages"}],"about":[{"href":"https:\/\/augstudy.com\/vi\/wp-json\/wp\/v2\/types\/page"}],"author":[{"embeddable":true,"href":"https:\/\/augstudy.com\/vi\/wp-json\/wp\/v2\/users\/4"}],"replies":[{"embeddable":true,"href":"https:\/\/augstudy.com\/vi\/wp-json\/wp\/v2\/comments?post=386175"}],"version-history":[{"count":0,"href":"https:\/\/augstudy.com\/vi\/wp-json\/wp\/v2\/pages\/386175\/revisions"}],"up":[{"embeddable":true,"href":"https:\/\/augstudy.com\/vi\/wp-json\/wp\/v2\/pages\/105664"}],"wp:featuredmedia":[{"embeddable":true,"href":"https:\/\/augstudy.com\/vi\/wp-json\/wp\/v2\/media\/386053"}],"wp:attachment":[{"href":"https:\/\/augstudy.com\/vi\/wp-json\/wp\/v2\/media?parent=386175"}],"curies":[{"name":"wp","href":"https:\/\/api.w.org\/{rel}","templated":true}]}}