{"id":385441,"date":"2023-08-31T18:27:55","date_gmt":"2023-08-31T08:27:55","guid":{"rendered":"https:\/\/augstudy.com\/?page_id=385441"},"modified":"2025-09-23T13:37:26","modified_gmt":"2025-09-23T03:37:26","slug":"ade-diy-mooncake","status":"publish","type":"page","link":"https:\/\/augstudy.com\/vi\/australia\/events\/ade-diy-mooncake\/","title":{"rendered":"[AUG Adelaide] DIY Mooncake"},"content":{"rendered":"<div data-vc-full-width=\"true\" data-vc-full-width-init=\"false\" class=\"vc_row wpb_row vc_row-fluid vc_custom_1758511378637 vc_row-has-fill vc_row-o-content-middle vc_row-flex\"><div class=\"wpb_column vc_column_container vc_col-sm-12\"><div class=\"vc_column-inner vc_custom_1661838891579\"><div class=\"wpb_wrapper\">\n\t<div class=\"wpb_single_image wpb_content_element vc_align_center  vc_custom_1758511304322\">\n\t\t\n\t\t<figure class=\"wpb_wrapper vc_figure\">\n\t\t\t<div class=\"vc_single_image-wrapper   vc_box_border_grey\"><img loading=\"lazy\" decoding=\"async\" width=\"2084\" height=\"771\" src=\"https:\/\/augstudy.com\/aug-website-files\/wp-content\/uploads\/2025\/09\/aug_adeevents_diy_mooncake_251002_251003_2084x771.jpg\" class=\"vc_single_image-img attachment-full\" alt=\"\" srcset=\"https:\/\/augstudy.com\/aug-website-files\/wp-content\/uploads\/2025\/09\/aug_adeevents_diy_mooncake_251002_251003_2084x771.jpg 2084w, https:\/\/augstudy.com\/aug-website-files\/wp-content\/uploads\/2025\/09\/aug_adeevents_diy_mooncake_251002_251003_2084x771-300x111.jpg 300w, https:\/\/augstudy.com\/aug-website-files\/wp-content\/uploads\/2025\/09\/aug_adeevents_diy_mooncake_251002_251003_2084x771-1024x379.jpg 1024w, https:\/\/augstudy.com\/aug-website-files\/wp-content\/uploads\/2025\/09\/aug_adeevents_diy_mooncake_251002_251003_2084x771-768x284.jpg 768w, https:\/\/augstudy.com\/aug-website-files\/wp-content\/uploads\/2025\/09\/aug_adeevents_diy_mooncake_251002_251003_2084x771-1536x568.jpg 1536w, https:\/\/augstudy.com\/aug-website-files\/wp-content\/uploads\/2025\/09\/aug_adeevents_diy_mooncake_251002_251003_2084x771-2048x758.jpg 2048w, https:\/\/augstudy.com\/aug-website-files\/wp-content\/uploads\/2025\/09\/aug_adeevents_diy_mooncake_251002_251003_2084x771-18x7.jpg 18w\" sizes=\"auto, (max-width: 2084px) 100vw, 2084px\" \/><\/div>\n\t\t<\/figure>\n\t<\/div>\n<\/div><\/div><\/div><\/div><div class=\"vc_row-full-width vc_clearfix\"><\/div><div data-vc-full-width=\"true\" data-vc-full-width-init=\"false\" class=\"vc_row wpb_row vc_row-fluid vc_custom_1682916971038 vc_row-has-fill vc_row-o-content-middle vc_row-flex\"><div class=\"wpb_column vc_column_container vc_col-sm-2 vc_hidden-sm vc_hidden-xs\"><div class=\"vc_column-inner\"><div class=\"wpb_wrapper\"><\/div><\/div><\/div><div class=\"wpb_column vc_column_container vc_col-sm-8\"><div class=\"vc_column-inner vc_custom_1671748405855\"><div class=\"wpb_wrapper\">\n\t<div class=\"wpb_text_column wpb_content_element  aug_content_box\">\n\t\t<div class=\"wpb_wrapper\">\n\t\t\t<h1><strong>DIY Delight &#8211; Mooncake and Matcha Latte<\/strong><\/h1>\n<p><span class=\"\" style=\"display:block;clear:both;height: 0px;padding-top: 15px;border-top-width:0px;border-bottom-width:0px;\"><\/span>It&#8217;s time for AUG Mid-Autumn Festival 2025<br \/>\n<span class=\"\" style=\"display:block;clear:both;height: 0px;padding-top: 15px;border-top-width:0px;border-bottom-width:0px;\"><\/span>Join the DIY Delight &#8211; Mooncake &amp; Matcha, to make your own mooncakes and matcha latte, relax with friends after a busy school term, and enjoy a fun cultural experience. Plus, get the chance to chat 1-on-1 with AUG counsellors for study tips and guidance.<\/p>\n<h2><span class=\"\" style=\"display:block;clear:both;height: 0px;padding-top: 15px;border-top-width:0px;border-bottom-width:0px;\"><\/span><strong>chi ti\u1ebft s\u1ef1 ki\u1ec7n<\/strong><\/h2>\n<h3><strong>For Vietnamese-Speaking Students Only<\/strong><\/h3>\n<p><span class=\"\" style=\"display:block;clear:both;height: 0px;padding-top: 15px;border-top-width:0px;border-bottom-width:0px;\"><\/span><strong>Ng\u00e0y:<\/strong> 1 October 2025 (Wednesday)<br \/>\n<span class=\"\" style=\"display:block;clear:both;height: 0px;padding-top: 15px;border-top-width:0px;border-bottom-width:0px;\"><\/span><strong>Th\u1eddi gian:<\/strong> 4:00 chi\u1ec1u \u2013 6:00 chi\u1ec1u (gi\u1edd Adelaide)<br \/>\n<span class=\"\" style=\"display:block;clear:both;height: 0px;padding-top: 15px;border-top-width:0px;border-bottom-width:0px;\"><\/span><strong>\u0110\u1ecba \u0111i\u1ec3m:<\/strong> <span style=\"text-decoration: underline;\"><a href=\"https:\/\/maps.app.goo.gl\/ddostkwTbSxghPiB6\" target=\"_blank\" rel=\"noopener\">V\u0103n ph\u00f2ng AUG Adelaide (64 Grote Street, Adelaide SA 5000, \u00dac)<\/a><\/span><\/p>\n<h3><strong>For Chinese-Speaking Students Only<\/strong><\/h3>\n<p><span class=\"\" style=\"display:block;clear:both;height: 0px;padding-top: 15px;border-top-width:0px;border-bottom-width:0px;\"><\/span><strong>Ng\u00e0y:<\/strong> 3 October 2025 (Friday)<br \/>\n<span class=\"\" style=\"display:block;clear:both;height: 0px;padding-top: 15px;border-top-width:0px;border-bottom-width:0px;\"><\/span><strong>Th\u1eddi gian:<\/strong> 4:00 chi\u1ec1u \u2013 6:00 chi\u1ec1u (gi\u1edd Adelaide)<br \/>\n<span class=\"\" style=\"display:block;clear:both;height: 0px;padding-top: 15px;border-top-width:0px;border-bottom-width:0px;\"><\/span><strong>\u0110\u1ecba \u0111i\u1ec3m:<\/strong> <span style=\"text-decoration: underline;\"><a href=\"https:\/\/maps.app.goo.gl\/ddostkwTbSxghPiB6\" target=\"_blank\" rel=\"noopener\">V\u0103n ph\u00f2ng AUG Adelaide (64 Grote Street, Adelaide SA 5000, \u00dac)<\/a><\/span><br \/>\n<span class=\"\" style=\"display:block;clear:both;height: 0px;padding-top: 15px;border-top-width:0px;border-bottom-width:0px;\"><\/span><\/p>\n<h6 style=\"color: #ff0000;\"><strong><em>* ch\u1ec9 ra tr\u01b0\u1eddng b\u1eaft bu\u1ed9c<\/em><\/strong><\/h6>\n<h6><strong><em>** \u0111i\u1ec1u kho\u1ea3n v\u00e0 \u0111i\u1ec1u ki\u1ec7n \u00e1p d\u1ee5ng<\/em><\/strong><\/h6>\n<h6><strong><em>** International High School Students only<\/em><\/strong><\/h6>\n\n\t\t<\/div>\n\t<\/div>\n<\/div><\/div><\/div><div class=\"wpb_column vc_column_container vc_col-sm-2 vc_hidden-sm vc_hidden-xs\"><div class=\"vc_column-inner\"><div class=\"wpb_wrapper\"><\/div><\/div><\/div><\/div><div class=\"vc_row-full-width vc_clearfix\"><\/div><div id=\"registration\" class=\"vc_row wpb_row vc_row-fluid\"><div class=\"wpb_column vc_column_container vc_col-sm-12\"><div class=\"vc_column-inner\"><div class=\"wpb_wrapper\">\n\t<div class=\"wpb_text_column wpb_content_element\">\n\t\t<div class=\"wpb_wrapper\">\n\t\t\t\r\n<style>\r\n  .aug-iframe-wrapper {\r\n    position: relative;\r\n    max-width: 800px;\r\n    min-height: 600px;\r\n    margin: 0 auto;\r\n  }\r\n\r\n  .aug-iframe-placeholder {\r\n    max-width: 800px;\r\n    min-height: 600px;\r\n    background: #f5f5f5;\r\n    border: 1px solid #e5e7eb;\r\n    border-radius: 8px;\r\n    padding: 24px;\r\n    box-sizing: border-box;\r\n\tmargin: 0 8px;\r\n    z-index: 2;\r\n  }\r\n\r\n  .aug-iframe-placeholder.hidden {\r\n    display: none !important;\r\n  }\r\n\r\n  .aug-placeholder-line, .aug-placeholder-box {\r\n    background: #cecece;\r\n    margin-bottom: 16px;\r\n    animation: augPlaceholderShimmer 1.5s infinite ease-in-out;\r\n  }\r\n\r\n  .aug-placeholder-line {\r\n    width: var(--aug-placeholder-line-width, 100%);\r\n    height: 14px;\r\n    border-radius: 6px;\r\n  }\r\n\r\n  .aug-placeholder-line:last-child {\r\n    margin-bottom: 28px;\r\n  }\r\n\r\n  .aug-placeholder-box {\r\n    width: 100%;\r\n    height: var(--aug-placeholder-box-height, 48px);\r\n    border-radius: 8px;\r\n  }\r\n\r\n  @keyframes augPlaceholderShimmer {\r\n    0%   { opacity: 0.65; }\r\n    50%  { opacity: 1; }\r\n    100% { opacity: 0.65; }\r\n  }\r\n<\/style>\r\n\r\n<div class='aug-iframe-wrapper'>\r\n    <div id='augIframePlaceholder' class='aug-iframe-placeholder'>\r\n        <div class='aug-placeholder-line' style='--aug-placeholder-line-width: 45%;'><\/div>\r\n        <div class='aug-placeholder-line' style='--aug-placeholder-line-width: 100%;'><\/div>\r\n        <div class='aug-placeholder-line' style='--aug-placeholder-line-width: 92%;'><\/div>\r\n        <div class='aug-placeholder-line' style='--aug-placeholder-line-width: 96%;'><\/div>\r\n        <div class='aug-placeholder-line' style='--aug-placeholder-line-width: 60%;'><\/div>\r\n\r\n        <div class='aug-placeholder-box'><\/div>\r\n        <div class='aug-placeholder-box'><\/div>\r\n        <div class='aug-placeholder-box'><\/div>\r\n        <div class='aug-placeholder-box' style='--aug-placeholder-box-height: 110px;'><\/div>\r\n    <\/div>\r\n\r\n    <iframe\r\n        id='augRegoForm'\r\n        title='AUG Form'\r\n        allow='geolocation; microphone; camera; fullscreen; payment'\r\n        data-src='https:\/\/form.jotform.com\/252637142061854?eventName=%5BAUG%20Adelaide%5D%20DIY%20Mooncake'\r\n        frameborder='0'\r\n        style='min-width: 100%; max-width: 100%; height: 100%; border: none;'\r\n        scrolling='no'\r\n    ><\/iframe>\r\n<\/div>\r\n\r\n<script src='https:\/\/cdn.jotfor.ms\/s\/umd\/latest\/for-form-embed-handler.js'><\/script>\r\n<script>\r\n  function loadAUGRegoForm() {\r\n    const augRegoForm = document.getElementById('augRegoForm');\r\n    const augIframePlaceholder = document.getElementById('augIframePlaceholder');\r\n\r\n    if (!augRegoForm || !augIframePlaceholder) return;\r\n\r\n    function hidePlaceholder() {\r\n      augIframePlaceholder.classList.add('hidden');\r\n      augRegoForm.removeEventListener('load', hidePlaceholder);\r\n    }\r\n\r\n    augRegoForm.addEventListener('load', hidePlaceholder);\r\n    augRegoForm.src = augRegoForm.dataset.src;\r\n\r\n    window.jotformEmbedHandler(\r\n      'iframe#augRegoForm',\r\n      'https:\/\/form.jotform.com\/'\r\n    );\r\n  }\r\n\r\n  if ('requestIdleCallback' in window) {\r\n    requestIdleCallback(loadAUGRegoForm, { timeout: 2000 });\r\n  } else {\r\n    setTimeout(loadAUGRegoForm, 1000);\r\n  }\r\n<\/script>\r\n\n\n\t\t<\/div>\n\t<\/div>\n<\/div><\/div><\/div><\/div>","protected":false},"excerpt":{"rendered":"DIY Delight - Mooncake and Matcha Latte It's time for AUG Mid-Autumn Festival 2025 Join the DIY Delight - Mooncake &amp; Matcha, to make your own mooncakes and matcha latte, relax with friends after a busy school term, and enjoy a fun cultural experience. Plus, get the chance to chat 1-on-1 with AUG counsellors for [...]","protected":false},"author":4,"featured_media":402896,"parent":2351,"menu_order":0,"comment_status":"closed","ping_status":"closed","template":"","meta":{"footnotes":""},"class_list":["post-385441","page","type-page","status-publish","hentry"],"yoast_head":"<!-- This site is optimized with the Yoast SEO Premium plugin v27.0 (Yoast SEO v27.3) - https:\/\/yoast.com\/product\/yoast-seo-premium-wordpress\/ -->\n<title>[AUG Adelaide] DIY Mooncake - AUG Student Services<\/title>\n<meta name=\"description\" content=\"A free Mooncake &amp; Matcha DIY workshop in Adelaide for international high school students to make their own mooncakes, matcha latte, and relax with friends after a stressful study term.\" \/>\n<meta name=\"robots\" content=\"index, follow, max-snippet:-1, max-image-preview:large, max-video-preview:-1\" \/>\n<link rel=\"canonical\" href=\"https:\/\/augstudy.com\/vi\/chau-uc\/su-kien-2\/ade-diy-mooncake\/\" \/>\n<meta property=\"og:locale\" content=\"vi_VN\" \/>\n<meta property=\"og:type\" content=\"article\" \/>\n<meta property=\"og:title\" content=\"[AUG Adelaide] DIY Mooncake\" \/>\n<meta property=\"og:description\" content=\"A free Mooncake &amp; Matcha DIY workshop in Adelaide for international high school students to make their own mooncakes, matcha latte, and relax with friends after a stressful study term.\" \/>\n<meta property=\"og:url\" content=\"https:\/\/augstudy.com\/vi\/chau-uc\/su-kien-2\/ade-diy-mooncake\/\" \/>\n<meta property=\"og:site_name\" content=\"AUG Student Services\" \/>\n<meta property=\"article:publisher\" content=\"https:\/\/www.facebook.com\/augmalaysia\/\" \/>\n<meta property=\"article:modified_time\" content=\"2025-09-23T03:37:26+00:00\" \/>\n<meta property=\"og:image\" content=\"https:\/\/augstudy.com\/aug-website-files\/wp-content\/uploads\/2023\/08\/aug_adeevents_diy_mooncake_251002_251003_1080x500.png\" \/>\n\t<meta property=\"og:image:width\" content=\"2250\" \/>\n\t<meta property=\"og:image:height\" content=\"1125\" \/>\n\t<meta property=\"og:image:type\" content=\"image\/png\" \/>\n<meta name=\"twitter:card\" content=\"summary_large_image\" \/>\n<meta name=\"twitter:label1\" content=\"\u01af\u1edbc t\u00ednh th\u1eddi gian \u0111\u1ecdc\" \/>\n\t<meta name=\"twitter:data1\" content=\"2 ph\u00fat\" \/>\n<script type=\"application\/ld+json\" class=\"yoast-schema-graph\">{\"@context\":\"https:\\\/\\\/schema.org\",\"@graph\":[{\"@type\":\"WebPage\",\"@id\":\"https:\\\/\\\/augstudy.com\\\/australia\\\/events\\\/ade-diy-mooncake\\\/\",\"url\":\"https:\\\/\\\/augstudy.com\\\/australia\\\/events\\\/ade-diy-mooncake\\\/\",\"name\":\"[AUG Adelaide] DIY Mooncake - AUG Student Services\",\"isPartOf\":{\"@id\":\"https:\\\/\\\/augstudy.com\\\/#website\"},\"primaryImageOfPage\":{\"@id\":\"https:\\\/\\\/augstudy.com\\\/australia\\\/events\\\/ade-diy-mooncake\\\/#primaryimage\"},\"image\":{\"@id\":\"https:\\\/\\\/augstudy.com\\\/australia\\\/events\\\/ade-diy-mooncake\\\/#primaryimage\"},\"thumbnailUrl\":\"https:\\\/\\\/augstudy.com\\\/aug-website-files\\\/wp-content\\\/uploads\\\/2023\\\/08\\\/aug_adeevents_diy_mooncake_251002_251003_1080x500.png\",\"datePublished\":\"2023-08-31T08:27:55+00:00\",\"dateModified\":\"2025-09-23T03:37:26+00:00\",\"description\":\"A free Mooncake & Matcha DIY workshop in Adelaide for international high school students to make their own mooncakes, matcha latte, and relax with friends after a stressful study term.\",\"breadcrumb\":{\"@id\":\"https:\\\/\\\/augstudy.com\\\/australia\\\/events\\\/ade-diy-mooncake\\\/#breadcrumb\"},\"inLanguage\":\"vi\",\"potentialAction\":[{\"@type\":\"ReadAction\",\"target\":[\"https:\\\/\\\/augstudy.com\\\/australia\\\/events\\\/ade-diy-mooncake\\\/\"]}]},{\"@type\":\"ImageObject\",\"inLanguage\":\"vi\",\"@id\":\"https:\\\/\\\/augstudy.com\\\/australia\\\/events\\\/ade-diy-mooncake\\\/#primaryimage\",\"url\":\"https:\\\/\\\/augstudy.com\\\/aug-website-files\\\/wp-content\\\/uploads\\\/2023\\\/08\\\/aug_adeevents_diy_mooncake_251002_251003_1080x500.png\",\"contentUrl\":\"https:\\\/\\\/augstudy.com\\\/aug-website-files\\\/wp-content\\\/uploads\\\/2023\\\/08\\\/aug_adeevents_diy_mooncake_251002_251003_1080x500.png\",\"width\":2250,\"height\":1125},{\"@type\":\"BreadcrumbList\",\"@id\":\"https:\\\/\\\/augstudy.com\\\/australia\\\/events\\\/ade-diy-mooncake\\\/#breadcrumb\",\"itemListElement\":[{\"@type\":\"ListItem\",\"position\":1,\"name\":\"Home\",\"item\":\"https:\\\/\\\/augstudy.com\\\/\"},{\"@type\":\"ListItem\",\"position\":2,\"name\":\"AUG Australia\",\"item\":\"https:\\\/\\\/augstudy.com\\\/australia\\\/\"},{\"@type\":\"ListItem\",\"position\":3,\"name\":\"AUG Australia Events\",\"item\":\"https:\\\/\\\/augstudy.com\\\/australia\\\/events\\\/\"},{\"@type\":\"ListItem\",\"position\":4,\"name\":\"[AUG Adelaide] DIY Mooncake\"}]},{\"@type\":\"WebSite\",\"@id\":\"https:\\\/\\\/augstudy.com\\\/#website\",\"url\":\"https:\\\/\\\/augstudy.com\\\/\",\"name\":\"AUG Student Services\",\"description\":\"Student Services\",\"alternateName\":\"AUG Global\",\"potentialAction\":[{\"@type\":\"SearchAction\",\"target\":{\"@type\":\"EntryPoint\",\"urlTemplate\":\"https:\\\/\\\/augstudy.com\\\/?s={search_term_string}\"},\"query-input\":{\"@type\":\"PropertyValueSpecification\",\"valueRequired\":true,\"valueName\":\"search_term_string\"}}],\"inLanguage\":\"vi\"}]}<\/script>\n<!-- \/ Yoast SEO Premium plugin. -->","yoast_head_json":{"title":"[AUG Adelaide] DIY Mooncake - AUG Student Services","description":"A free Mooncake & Matcha DIY workshop in Adelaide for international high school students to make their own mooncakes, matcha latte, and relax with friends after a stressful study term.","robots":{"index":"index","follow":"follow","max-snippet":"max-snippet:-1","max-image-preview":"max-image-preview:large","max-video-preview":"max-video-preview:-1"},"canonical":"https:\/\/augstudy.com\/vi\/chau-uc\/su-kien-2\/ade-diy-mooncake\/","og_locale":"vi_VN","og_type":"article","og_title":"[AUG Adelaide] DIY Mooncake","og_description":"A free Mooncake & Matcha DIY workshop in Adelaide for international high school students to make their own mooncakes, matcha latte, and relax with friends after a stressful study term.","og_url":"https:\/\/augstudy.com\/vi\/chau-uc\/su-kien-2\/ade-diy-mooncake\/","og_site_name":"AUG Student Services","article_publisher":"https:\/\/www.facebook.com\/augmalaysia\/","article_modified_time":"2025-09-23T03:37:26+00:00","og_image":[{"width":2250,"height":1125,"url":"https:\/\/augstudy.com\/aug-website-files\/wp-content\/uploads\/2023\/08\/aug_adeevents_diy_mooncake_251002_251003_1080x500.png","type":"image\/png"}],"twitter_card":"summary_large_image","twitter_misc":{"\u01af\u1edbc t\u00ednh th\u1eddi gian \u0111\u1ecdc":"2 ph\u00fat"},"schema":{"@context":"https:\/\/schema.org","@graph":[{"@type":"WebPage","@id":"https:\/\/augstudy.com\/australia\/events\/ade-diy-mooncake\/","url":"https:\/\/augstudy.com\/australia\/events\/ade-diy-mooncake\/","name":"[AUG Adelaide] DIY Mooncake - AUG Student Services","isPartOf":{"@id":"https:\/\/augstudy.com\/#website"},"primaryImageOfPage":{"@id":"https:\/\/augstudy.com\/australia\/events\/ade-diy-mooncake\/#primaryimage"},"image":{"@id":"https:\/\/augstudy.com\/australia\/events\/ade-diy-mooncake\/#primaryimage"},"thumbnailUrl":"https:\/\/augstudy.com\/aug-website-files\/wp-content\/uploads\/2023\/08\/aug_adeevents_diy_mooncake_251002_251003_1080x500.png","datePublished":"2023-08-31T08:27:55+00:00","dateModified":"2025-09-23T03:37:26+00:00","description":"A free Mooncake & Matcha DIY workshop in Adelaide for international high school students to make their own mooncakes, matcha latte, and relax with friends after a stressful study term.","breadcrumb":{"@id":"https:\/\/augstudy.com\/australia\/events\/ade-diy-mooncake\/#breadcrumb"},"inLanguage":"vi","potentialAction":[{"@type":"ReadAction","target":["https:\/\/augstudy.com\/australia\/events\/ade-diy-mooncake\/"]}]},{"@type":"ImageObject","inLanguage":"vi","@id":"https:\/\/augstudy.com\/australia\/events\/ade-diy-mooncake\/#primaryimage","url":"https:\/\/augstudy.com\/aug-website-files\/wp-content\/uploads\/2023\/08\/aug_adeevents_diy_mooncake_251002_251003_1080x500.png","contentUrl":"https:\/\/augstudy.com\/aug-website-files\/wp-content\/uploads\/2023\/08\/aug_adeevents_diy_mooncake_251002_251003_1080x500.png","width":2250,"height":1125},{"@type":"BreadcrumbList","@id":"https:\/\/augstudy.com\/australia\/events\/ade-diy-mooncake\/#breadcrumb","itemListElement":[{"@type":"ListItem","position":1,"name":"Home","item":"https:\/\/augstudy.com\/"},{"@type":"ListItem","position":2,"name":"AUG Australia","item":"https:\/\/augstudy.com\/australia\/"},{"@type":"ListItem","position":3,"name":"AUG Australia Events","item":"https:\/\/augstudy.com\/australia\/events\/"},{"@type":"ListItem","position":4,"name":"[AUG Adelaide] DIY Mooncake"}]},{"@type":"WebSite","@id":"https:\/\/augstudy.com\/#website","url":"https:\/\/augstudy.com\/","name":"D\u1ecbch v\u1ee5 Sinh vi\u00ean AUG","description":"D\u1ecbch v\u1ee5 sinh vi\u00ean","alternateName":"AUG Global","potentialAction":[{"@type":"SearchAction","target":{"@type":"EntryPoint","urlTemplate":"https:\/\/augstudy.com\/?s={search_term_string}"},"query-input":{"@type":"PropertyValueSpecification","valueRequired":true,"valueName":"search_term_string"}}],"inLanguage":"vi"}]}},"_links":{"self":[{"href":"https:\/\/augstudy.com\/vi\/wp-json\/wp\/v2\/pages\/385441","targetHints":{"allow":["GET"]}}],"collection":[{"href":"https:\/\/augstudy.com\/vi\/wp-json\/wp\/v2\/pages"}],"about":[{"href":"https:\/\/augstudy.com\/vi\/wp-json\/wp\/v2\/types\/page"}],"author":[{"embeddable":true,"href":"https:\/\/augstudy.com\/vi\/wp-json\/wp\/v2\/users\/4"}],"replies":[{"embeddable":true,"href":"https:\/\/augstudy.com\/vi\/wp-json\/wp\/v2\/comments?post=385441"}],"version-history":[{"count":14,"href":"https:\/\/augstudy.com\/vi\/wp-json\/wp\/v2\/pages\/385441\/revisions"}],"predecessor-version":[{"id":402953,"href":"https:\/\/augstudy.com\/vi\/wp-json\/wp\/v2\/pages\/385441\/revisions\/402953"}],"up":[{"embeddable":true,"href":"https:\/\/augstudy.com\/vi\/wp-json\/wp\/v2\/pages\/2351"}],"wp:featuredmedia":[{"embeddable":true,"href":"https:\/\/augstudy.com\/vi\/wp-json\/wp\/v2\/media\/402896"}],"wp:attachment":[{"href":"https:\/\/augstudy.com\/vi\/wp-json\/wp\/v2\/media?parent=385441"}],"curies":[{"name":"wp","href":"https:\/\/api.w.org\/{rel}","templated":true}]}}