{"id":385063,"date":"2023-07-26T11:36:58","date_gmt":"2023-07-26T01:36:58","guid":{"rendered":"https:\/\/augstudy.com\/?page_id=385063"},"modified":"2023-07-26T11:36:58","modified_gmt":"2023-07-26T01:36:58","slug":"austeen-wong","status":"publish","type":"page","link":"https:\/\/augstudy.com\/vi\/vcard\/australia\/austeen-wong\/","title":{"rendered":"Austeen V\u01b0\u01a1ng"},"content":{"rendered":"<div class=\"vc_row wpb_row vc_row-fluid\"><div class=\"wpb_column vc_column_container vc_col-sm-12\"><div class=\"vc_column-inner\"><div class=\"wpb_wrapper\">\n\t<div class=\"wpb_raw_code wpb_content_element wpb_raw_html margin_bottom_0px\">\n\t\t<div class=\"wpb_wrapper\">\n\t\t\t<a class=\"vcard-download\" href=\"https:\/\/augstudy.com\/aug-website-files\/wp-content\/uploads\/vcard\/Austeen_WONG.vcf\"><\/a>\n\t\t<\/div>\n\t<\/div>\n<\/div><\/div><\/div><\/div>","protected":false},"excerpt":{"rendered":"","protected":false},"author":4,"featured_media":385047,"parent":97514,"menu_order":0,"comment_status":"closed","ping_status":"closed","template":"","meta":{"footnotes":""},"class_list":["post-385063","page","type-page","status-publish","hentry"],"yoast_head":"<!-- This site is optimized with the Yoast SEO Premium plugin v27.0 (Yoast SEO v27.3) - https:\/\/yoast.com\/product\/yoast-seo-premium-wordpress\/ -->\n<title>Austeen Wong - AUG Student Services<\/title>\n<meta name=\"description\" content=\"Austeen has a genuine passion for connecting with people and students alike. His warm and outgoing nature helps forge meaningful connections with students, ensuring they receive the best guidance for their academic journey.\" \/>\n<meta name=\"robots\" content=\"index, follow, max-snippet:-1, max-image-preview:large, max-video-preview:-1\" \/>\n<link rel=\"canonical\" href=\"https:\/\/augstudy.com\/vi\/vcard\/chau-uc\/austeen-wong\/\" \/>\n<meta property=\"og:locale\" content=\"vi_VN\" \/>\n<meta property=\"og:type\" content=\"article\" \/>\n<meta property=\"og:title\" content=\"Austeen Wong\" \/>\n<meta property=\"og:description\" content=\"Austeen has a genuine passion for connecting with people and students alike. His warm and outgoing nature helps forge meaningful connections with students, ensuring they receive the best guidance for their academic journey.\" \/>\n<meta property=\"og:url\" content=\"https:\/\/augstudy.com\/vi\/vcard\/chau-uc\/austeen-wong\/\" \/>\n<meta property=\"og:site_name\" content=\"AUG Student Services\" \/>\n<meta property=\"article:publisher\" content=\"https:\/\/www.facebook.com\/augmalaysia\/\" \/>\n<meta property=\"og:image\" content=\"https:\/\/augstudy.com\/aug-website-files\/wp-content\/uploads\/2023\/07\/aug_vcard_austeen_wong_500x500.png\" \/>\n\t<meta property=\"og:image:width\" content=\"500\" \/>\n\t<meta property=\"og:image:height\" content=\"500\" \/>\n\t<meta property=\"og:image:type\" content=\"image\/png\" \/>\n<meta name=\"twitter:card\" content=\"summary_large_image\" \/>\n<meta name=\"twitter:label1\" content=\"\u01af\u1edbc t\u00ednh th\u1eddi gian \u0111\u1ecdc\" \/>\n\t<meta name=\"twitter:data1\" content=\"1 ph\u00fat\" \/>\n<script type=\"application\/ld+json\" class=\"yoast-schema-graph\">{\"@context\":\"https:\\\/\\\/schema.org\",\"@graph\":[{\"@type\":\"WebPage\",\"@id\":\"https:\\\/\\\/augstudy.com\\\/vcard\\\/australia\\\/austeen-wong\\\/\",\"url\":\"https:\\\/\\\/augstudy.com\\\/vcard\\\/australia\\\/austeen-wong\\\/\",\"name\":\"Austeen Wong - AUG Student Services\",\"isPartOf\":{\"@id\":\"https:\\\/\\\/augstudy.com\\\/#website\"},\"primaryImageOfPage\":{\"@id\":\"https:\\\/\\\/augstudy.com\\\/vcard\\\/australia\\\/austeen-wong\\\/#primaryimage\"},\"image\":{\"@id\":\"https:\\\/\\\/augstudy.com\\\/vcard\\\/australia\\\/austeen-wong\\\/#primaryimage\"},\"thumbnailUrl\":\"https:\\\/\\\/augstudy.com\\\/aug-website-files\\\/wp-content\\\/uploads\\\/2023\\\/07\\\/aug_vcard_austeen_wong_500x500.png\",\"datePublished\":\"2023-07-26T01:36:58+00:00\",\"description\":\"Austeen has a genuine passion for connecting with people and students alike. His warm and outgoing nature helps forge meaningful connections with students, ensuring they receive the best guidance for their academic journey.\",\"breadcrumb\":{\"@id\":\"https:\\\/\\\/augstudy.com\\\/vcard\\\/australia\\\/austeen-wong\\\/#breadcrumb\"},\"inLanguage\":\"vi\",\"potentialAction\":[{\"@type\":\"ReadAction\",\"target\":[\"https:\\\/\\\/augstudy.com\\\/vcard\\\/australia\\\/austeen-wong\\\/\"]}]},{\"@type\":\"ImageObject\",\"inLanguage\":\"vi\",\"@id\":\"https:\\\/\\\/augstudy.com\\\/vcard\\\/australia\\\/austeen-wong\\\/#primaryimage\",\"url\":\"https:\\\/\\\/augstudy.com\\\/aug-website-files\\\/wp-content\\\/uploads\\\/2023\\\/07\\\/aug_vcard_austeen_wong_500x500.png\",\"contentUrl\":\"https:\\\/\\\/augstudy.com\\\/aug-website-files\\\/wp-content\\\/uploads\\\/2023\\\/07\\\/aug_vcard_austeen_wong_500x500.png\",\"width\":500,\"height\":500},{\"@type\":\"BreadcrumbList\",\"@id\":\"https:\\\/\\\/augstudy.com\\\/vcard\\\/australia\\\/austeen-wong\\\/#breadcrumb\",\"itemListElement\":[{\"@type\":\"ListItem\",\"position\":1,\"name\":\"Home\",\"item\":\"https:\\\/\\\/augstudy.com\\\/\"},{\"@type\":\"ListItem\",\"position\":2,\"name\":\"vCard\",\"item\":\"https:\\\/\\\/augstudy.com\\\/vcard\\\/\"},{\"@type\":\"ListItem\",\"position\":3,\"name\":\"vCard &#8211; Australia\",\"item\":\"https:\\\/\\\/augstudy.com\\\/vcard\\\/australia\\\/\"},{\"@type\":\"ListItem\",\"position\":4,\"name\":\"Austeen Wong\"}]},{\"@type\":\"WebSite\",\"@id\":\"https:\\\/\\\/augstudy.com\\\/#website\",\"url\":\"https:\\\/\\\/augstudy.com\\\/\",\"name\":\"AUG Student Services\",\"description\":\"Student Services\",\"alternateName\":\"AUG Global\",\"potentialAction\":[{\"@type\":\"SearchAction\",\"target\":{\"@type\":\"EntryPoint\",\"urlTemplate\":\"https:\\\/\\\/augstudy.com\\\/?s={search_term_string}\"},\"query-input\":{\"@type\":\"PropertyValueSpecification\",\"valueRequired\":true,\"valueName\":\"search_term_string\"}}],\"inLanguage\":\"vi\"}]}<\/script>\n<!-- \/ Yoast SEO Premium plugin. -->","yoast_head_json":{"title":"Austeen Wong - AUG Student Services","description":"Austeen c\u00f3 ni\u1ec1m \u0111am m\u00ea th\u1ef1c s\u1ef1 trong vi\u1ec7c k\u1ebft n\u1ed1i v\u1edbi m\u1ecdi ng\u01b0\u1eddi c\u0169ng nh\u01b0 sinh vi\u00ean. B\u1ea3n t\u00ednh \u1ea5m \u00e1p v\u00e0 h\u01b0\u1edbng ngo\u1ea1i c\u1ee7a anh gi\u00fap t\u1ea1o n\u00ean nh\u1eefng k\u1ebft n\u1ed1i c\u00f3 \u00fd ngh\u0129a v\u1edbi sinh vi\u00ean, \u0111\u1ea3m b\u1ea3o h\u1ecd nh\u1eadn \u0111\u01b0\u1ee3c s\u1ef1 h\u01b0\u1edbng d\u1eabn t\u1ed1t nh\u1ea5t cho h\u00e0nh tr\u00ecnh h\u1ecdc t\u1eadp c\u1ee7a m\u00ecnh.","robots":{"index":"index","follow":"follow","max-snippet":"max-snippet:-1","max-image-preview":"max-image-preview:large","max-video-preview":"max-video-preview:-1"},"canonical":"https:\/\/augstudy.com\/vi\/vcard\/chau-uc\/austeen-wong\/","og_locale":"vi_VN","og_type":"article","og_title":"Austeen Wong","og_description":"Austeen has a genuine passion for connecting with people and students alike. His warm and outgoing nature helps forge meaningful connections with students, ensuring they receive the best guidance for their academic journey.","og_url":"https:\/\/augstudy.com\/vi\/vcard\/chau-uc\/austeen-wong\/","og_site_name":"AUG Student Services","article_publisher":"https:\/\/www.facebook.com\/augmalaysia\/","og_image":[{"width":500,"height":500,"url":"https:\/\/augstudy.com\/aug-website-files\/wp-content\/uploads\/2023\/07\/aug_vcard_austeen_wong_500x500.png","type":"image\/png"}],"twitter_card":"summary_large_image","twitter_misc":{"\u01af\u1edbc t\u00ednh th\u1eddi gian \u0111\u1ecdc":"1 ph\u00fat"},"schema":{"@context":"https:\/\/schema.org","@graph":[{"@type":"WebPage","@id":"https:\/\/augstudy.com\/vcard\/australia\/austeen-wong\/","url":"https:\/\/augstudy.com\/vcard\/australia\/austeen-wong\/","name":"Austeen Wong - AUG Student Services","isPartOf":{"@id":"https:\/\/augstudy.com\/#website"},"primaryImageOfPage":{"@id":"https:\/\/augstudy.com\/vcard\/australia\/austeen-wong\/#primaryimage"},"image":{"@id":"https:\/\/augstudy.com\/vcard\/australia\/austeen-wong\/#primaryimage"},"thumbnailUrl":"https:\/\/augstudy.com\/aug-website-files\/wp-content\/uploads\/2023\/07\/aug_vcard_austeen_wong_500x500.png","datePublished":"2023-07-26T01:36:58+00:00","description":"Austeen c\u00f3 ni\u1ec1m \u0111am m\u00ea th\u1ef1c s\u1ef1 trong vi\u1ec7c k\u1ebft n\u1ed1i v\u1edbi m\u1ecdi ng\u01b0\u1eddi c\u0169ng nh\u01b0 sinh vi\u00ean. B\u1ea3n t\u00ednh \u1ea5m \u00e1p v\u00e0 h\u01b0\u1edbng ngo\u1ea1i c\u1ee7a anh gi\u00fap t\u1ea1o n\u00ean nh\u1eefng k\u1ebft n\u1ed1i c\u00f3 \u00fd ngh\u0129a v\u1edbi sinh vi\u00ean, \u0111\u1ea3m b\u1ea3o h\u1ecd nh\u1eadn \u0111\u01b0\u1ee3c s\u1ef1 h\u01b0\u1edbng d\u1eabn t\u1ed1t nh\u1ea5t cho h\u00e0nh tr\u00ecnh h\u1ecdc t\u1eadp c\u1ee7a m\u00ecnh.","breadcrumb":{"@id":"https:\/\/augstudy.com\/vcard\/australia\/austeen-wong\/#breadcrumb"},"inLanguage":"vi","potentialAction":[{"@type":"ReadAction","target":["https:\/\/augstudy.com\/vcard\/australia\/austeen-wong\/"]}]},{"@type":"ImageObject","inLanguage":"vi","@id":"https:\/\/augstudy.com\/vcard\/australia\/austeen-wong\/#primaryimage","url":"https:\/\/augstudy.com\/aug-website-files\/wp-content\/uploads\/2023\/07\/aug_vcard_austeen_wong_500x500.png","contentUrl":"https:\/\/augstudy.com\/aug-website-files\/wp-content\/uploads\/2023\/07\/aug_vcard_austeen_wong_500x500.png","width":500,"height":500},{"@type":"BreadcrumbList","@id":"https:\/\/augstudy.com\/vcard\/australia\/austeen-wong\/#breadcrumb","itemListElement":[{"@type":"ListItem","position":1,"name":"Home","item":"https:\/\/augstudy.com\/"},{"@type":"ListItem","position":2,"name":"vCard","item":"https:\/\/augstudy.com\/vcard\/"},{"@type":"ListItem","position":3,"name":"vCard &#8211; Australia","item":"https:\/\/augstudy.com\/vcard\/australia\/"},{"@type":"ListItem","position":4,"name":"Austeen Wong"}]},{"@type":"WebSite","@id":"https:\/\/augstudy.com\/#website","url":"https:\/\/augstudy.com\/","name":"D\u1ecbch v\u1ee5 Sinh vi\u00ean AUG","description":"D\u1ecbch v\u1ee5 sinh vi\u00ean","alternateName":"AUG Global","potentialAction":[{"@type":"SearchAction","target":{"@type":"EntryPoint","urlTemplate":"https:\/\/augstudy.com\/?s={search_term_string}"},"query-input":{"@type":"PropertyValueSpecification","valueRequired":true,"valueName":"search_term_string"}}],"inLanguage":"vi"}]}},"_links":{"self":[{"href":"https:\/\/augstudy.com\/vi\/wp-json\/wp\/v2\/pages\/385063","targetHints":{"allow":["GET"]}}],"collection":[{"href":"https:\/\/augstudy.com\/vi\/wp-json\/wp\/v2\/pages"}],"about":[{"href":"https:\/\/augstudy.com\/vi\/wp-json\/wp\/v2\/types\/page"}],"author":[{"embeddable":true,"href":"https:\/\/augstudy.com\/vi\/wp-json\/wp\/v2\/users\/4"}],"replies":[{"embeddable":true,"href":"https:\/\/augstudy.com\/vi\/wp-json\/wp\/v2\/comments?post=385063"}],"version-history":[{"count":0,"href":"https:\/\/augstudy.com\/vi\/wp-json\/wp\/v2\/pages\/385063\/revisions"}],"up":[{"embeddable":true,"href":"https:\/\/augstudy.com\/vi\/wp-json\/wp\/v2\/pages\/97514"}],"wp:featuredmedia":[{"embeddable":true,"href":"https:\/\/augstudy.com\/vi\/wp-json\/wp\/v2\/media\/385047"}],"wp:attachment":[{"href":"https:\/\/augstudy.com\/vi\/wp-json\/wp\/v2\/media?parent=385063"}],"curies":[{"name":"wp","href":"https:\/\/api.w.org\/{rel}","templated":true}]}}