{"id":353738,"date":"2023-06-06T11:02:56","date_gmt":"2023-06-06T01:02:56","guid":{"rendered":"https:\/\/augstudy.com\/?page_id=353738"},"modified":"2023-06-09T14:00:32","modified_gmt":"2023-06-09T04:00:32","slug":"study-charles-darwin-university","status":"publish","type":"page","link":"https:\/\/augstudy.com\/vi\/philippines\/events\/study-charles-darwin-university\/","title":{"rendered":"[AUG Manila] Study in Charles Darwin University"},"content":{"rendered":"<div data-vc-full-width=\"true\" data-vc-full-width-init=\"false\" class=\"vc_row wpb_row vc_row-fluid vc_custom_1686283221085 vc_row-has-fill vc_row-o-content-middle vc_row-flex\"><div class=\"wpb_column vc_column_container vc_col-sm-12\"><div class=\"vc_column-inner vc_custom_1661838891579\"><div class=\"wpb_wrapper\">\n\t<div class=\"wpb_single_image wpb_content_element vc_align_center  vc_custom_1686283229473\">\n\t\t\n\t\t<figure class=\"wpb_wrapper vc_figure\">\n\t\t\t<div class=\"vc_single_image-wrapper   vc_box_border_grey\"><img loading=\"lazy\" decoding=\"async\" width=\"2084\" height=\"771\" src=\"https:\/\/augstudy.com\/aug-website-files\/wp-content\/uploads\/2023\/06\/aug_mnlevents_charles_darwin_university_campaign_jun23_dec23_2084x771.jpg\" class=\"vc_single_image-img attachment-full\" alt=\"\" srcset=\"https:\/\/augstudy.com\/aug-website-files\/wp-content\/uploads\/2023\/06\/aug_mnlevents_charles_darwin_university_campaign_jun23_dec23_2084x771.jpg 2084w, https:\/\/augstudy.com\/aug-website-files\/wp-content\/uploads\/2023\/06\/aug_mnlevents_charles_darwin_university_campaign_jun23_dec23_2084x771-300x111.jpg 300w, https:\/\/augstudy.com\/aug-website-files\/wp-content\/uploads\/2023\/06\/aug_mnlevents_charles_darwin_university_campaign_jun23_dec23_2084x771-1024x379.jpg 1024w, https:\/\/augstudy.com\/aug-website-files\/wp-content\/uploads\/2023\/06\/aug_mnlevents_charles_darwin_university_campaign_jun23_dec23_2084x771-768x284.jpg 768w, https:\/\/augstudy.com\/aug-website-files\/wp-content\/uploads\/2023\/06\/aug_mnlevents_charles_darwin_university_campaign_jun23_dec23_2084x771-1536x568.jpg 1536w, https:\/\/augstudy.com\/aug-website-files\/wp-content\/uploads\/2023\/06\/aug_mnlevents_charles_darwin_university_campaign_jun23_dec23_2084x771-2048x758.jpg 2048w\" sizes=\"auto, (max-width: 2084px) 100vw, 2084px\" \/><\/div>\n\t\t<\/figure>\n\t<\/div>\n<\/div><\/div><\/div><\/div><div class=\"vc_row-full-width vc_clearfix\"><\/div><div id=\"registration\" class=\"vc_row wpb_row vc_row-fluid\"><div class=\"wpb_column vc_column_container vc_col-sm-12\"><div class=\"vc_column-inner vc_custom_1660175491551\"><div class=\"wpb_wrapper\">\n\t<div class=\"wpb_raw_code wpb_content_element wpb_raw_html\">\n\t\t<div class=\"wpb_wrapper\">\n\t\t\t<script data-b24-form=\"inline\/162\/u2m9ma\" data-skip-moving=\"true\">(function(w,d,u){var s=d.createElement('script');s.async=true;s.src=u+'?'+(Date.now()\/180000|0);var h=d.getElementsByTagName('script')[0];h.parentNode.insertBefore(s,h);})(window,document,'https:\/\/augcrm.com\/upload\/crm\/form\/loader_162_u2m9ma.js');<\/script>\n\t\t<\/div>\n\t<\/div>\n<\/div><\/div><\/div><\/div>\n","protected":false},"excerpt":{"rendered":"(function(w,d,u){var s=d.createElement('script');s.async=true;s.src=u+'?'+(Date.now()\/180000|0);var h=d.getElementsByTagName('script')[0];h.parentNode.insertBefore(s,h);})(window,document,'https:\/\/augcrm.com\/upload\/crm\/form\/loader_162_u2m9ma.js');","protected":false},"author":4,"featured_media":353812,"parent":54770,"menu_order":0,"comment_status":"closed","ping_status":"closed","template":"","meta":{"footnotes":""},"class_list":["post-353738","page","type-page","status-publish","hentry"],"yoast_head":"<!-- This site is optimized with the Yoast SEO Premium plugin v27.0 (Yoast SEO v27.3) - https:\/\/yoast.com\/product\/yoast-seo-premium-wordpress\/ -->\n<title>[AUG Manila] Study in Charles Darwin University - AUG Student Services<\/title>\n<meta name=\"description\" content=\"Free counselling for university selection, scholarships and visa applications. Let AUG Student Services fast-track your study-abroad journey today.\" \/>\n<meta name=\"robots\" content=\"index, follow, max-snippet:-1, max-image-preview:large, max-video-preview:-1\" \/>\n<link rel=\"canonical\" href=\"https:\/\/augstudy.com\/vi\/philippines\/su-kien-2\/study-charles-darwin-university\/\" \/>\n<meta property=\"og:locale\" content=\"vi_VN\" \/>\n<meta property=\"og:type\" content=\"article\" \/>\n<meta property=\"og:title\" content=\"[AUG Manila] Study in Charles Darwin University\" \/>\n<meta property=\"og:description\" content=\"Free counselling for university selection, scholarships and visa applications. Let AUG Student Services fast-track your study-abroad journey today.\" \/>\n<meta property=\"og:url\" content=\"https:\/\/augstudy.com\/vi\/philippines\/su-kien-2\/study-charles-darwin-university\/\" \/>\n<meta property=\"og:site_name\" content=\"AUG Student Services\" \/>\n<meta property=\"article:publisher\" content=\"https:\/\/www.facebook.com\/augmalaysia\/\" \/>\n<meta property=\"article:modified_time\" content=\"2023-06-09T04:00:32+00:00\" \/>\n<meta property=\"og:image\" content=\"https:\/\/augstudy.com\/aug-website-files\/wp-content\/uploads\/2023\/06\/aug_mnlevents_charles_darwin_university_campaign_jun23_dec23_2084x771.jpg\" \/>\n\t<meta property=\"og:image:width\" content=\"2084\" \/>\n\t<meta property=\"og:image:height\" content=\"771\" \/>\n\t<meta property=\"og:image:type\" content=\"image\/jpeg\" \/>\n<meta name=\"twitter:card\" content=\"summary_large_image\" \/>\n<meta name=\"twitter:label1\" content=\"\u01af\u1edbc t\u00ednh th\u1eddi gian \u0111\u1ecdc\" \/>\n\t<meta name=\"twitter:data1\" content=\"1 ph\u00fat\" \/>\n<script type=\"application\/ld+json\" class=\"yoast-schema-graph\">{\"@context\":\"https:\\\/\\\/schema.org\",\"@graph\":[{\"@type\":\"WebPage\",\"@id\":\"https:\\\/\\\/augstudy.com\\\/philippines\\\/events\\\/study-charles-darwin-university\\\/\",\"url\":\"https:\\\/\\\/augstudy.com\\\/philippines\\\/events\\\/study-charles-darwin-university\\\/\",\"name\":\"[AUG Manila] Study in Charles Darwin University - AUG Student Services\",\"isPartOf\":{\"@id\":\"https:\\\/\\\/augstudy.com\\\/#website\"},\"primaryImageOfPage\":{\"@id\":\"https:\\\/\\\/augstudy.com\\\/philippines\\\/events\\\/study-charles-darwin-university\\\/#primaryimage\"},\"image\":{\"@id\":\"https:\\\/\\\/augstudy.com\\\/philippines\\\/events\\\/study-charles-darwin-university\\\/#primaryimage\"},\"thumbnailUrl\":\"https:\\\/\\\/augstudy.com\\\/aug-website-files\\\/wp-content\\\/uploads\\\/2023\\\/06\\\/aug_mnlevents_charles_darwin_university_campaign_jun23_dec23_2084x771.jpg\",\"datePublished\":\"2023-06-06T01:02:56+00:00\",\"dateModified\":\"2023-06-09T04:00:32+00:00\",\"description\":\"Free counselling for university selection, scholarships and visa applications. Let AUG Student Services fast-track your study-abroad journey today.\",\"breadcrumb\":{\"@id\":\"https:\\\/\\\/augstudy.com\\\/philippines\\\/events\\\/study-charles-darwin-university\\\/#breadcrumb\"},\"inLanguage\":\"vi\",\"potentialAction\":[{\"@type\":\"ReadAction\",\"target\":[\"https:\\\/\\\/augstudy.com\\\/philippines\\\/events\\\/study-charles-darwin-university\\\/\"]}]},{\"@type\":\"ImageObject\",\"inLanguage\":\"vi\",\"@id\":\"https:\\\/\\\/augstudy.com\\\/philippines\\\/events\\\/study-charles-darwin-university\\\/#primaryimage\",\"url\":\"https:\\\/\\\/augstudy.com\\\/aug-website-files\\\/wp-content\\\/uploads\\\/2023\\\/06\\\/aug_mnlevents_charles_darwin_university_campaign_jun23_dec23_2084x771.jpg\",\"contentUrl\":\"https:\\\/\\\/augstudy.com\\\/aug-website-files\\\/wp-content\\\/uploads\\\/2023\\\/06\\\/aug_mnlevents_charles_darwin_university_campaign_jun23_dec23_2084x771.jpg\",\"width\":2084,\"height\":771},{\"@type\":\"BreadcrumbList\",\"@id\":\"https:\\\/\\\/augstudy.com\\\/philippines\\\/events\\\/study-charles-darwin-university\\\/#breadcrumb\",\"itemListElement\":[{\"@type\":\"ListItem\",\"position\":1,\"name\":\"Home\",\"item\":\"https:\\\/\\\/augstudy.com\\\/\"},{\"@type\":\"ListItem\",\"position\":2,\"name\":\"AUG Philippines\",\"item\":\"https:\\\/\\\/augstudy.com\\\/philippines\\\/\"},{\"@type\":\"ListItem\",\"position\":3,\"name\":\"AUG Philippines Events\",\"item\":\"https:\\\/\\\/augstudy.com\\\/philippines\\\/events\\\/\"},{\"@type\":\"ListItem\",\"position\":4,\"name\":\"[AUG Manila] Study in Charles Darwin University\"}]},{\"@type\":\"WebSite\",\"@id\":\"https:\\\/\\\/augstudy.com\\\/#website\",\"url\":\"https:\\\/\\\/augstudy.com\\\/\",\"name\":\"AUG Student Services\",\"description\":\"Student Services\",\"alternateName\":\"AUG Global\",\"potentialAction\":[{\"@type\":\"SearchAction\",\"target\":{\"@type\":\"EntryPoint\",\"urlTemplate\":\"https:\\\/\\\/augstudy.com\\\/?s={search_term_string}\"},\"query-input\":{\"@type\":\"PropertyValueSpecification\",\"valueRequired\":true,\"valueName\":\"search_term_string\"}}],\"inLanguage\":\"vi\"}]}<\/script>\n<!-- \/ Yoast SEO Premium plugin. -->","yoast_head_json":{"title":"[AUG Manila] Study in Charles Darwin University - AUG Student Services","description":"T\u01b0 v\u1ea5n mi\u1ec5n ph\u00ed v\u1ec1 ch\u1ecdn tr\u01b0\u1eddng \u0111\u1ea1i h\u1ecdc, h\u1ecdc b\u1ed5ng v\u00e0 xin th\u1ecb th\u1ef1c. H\u00e3y \u0111\u1ec3 D\u1ecbch v\u1ee5 Sinh vi\u00ean AUG gi\u00fap b\u1ea1n nhanh ch\u00f3ng ho\u00e0n th\u00e0nh h\u00e0nh tr\u00ecnh du h\u1ecdc ngay h\u00f4m nay.","robots":{"index":"index","follow":"follow","max-snippet":"max-snippet:-1","max-image-preview":"max-image-preview:large","max-video-preview":"max-video-preview:-1"},"canonical":"https:\/\/augstudy.com\/vi\/philippines\/su-kien-2\/study-charles-darwin-university\/","og_locale":"vi_VN","og_type":"article","og_title":"[AUG Manila] Study in Charles Darwin University","og_description":"Free counselling for university selection, scholarships and visa applications. Let AUG Student Services fast-track your study-abroad journey today.","og_url":"https:\/\/augstudy.com\/vi\/philippines\/su-kien-2\/study-charles-darwin-university\/","og_site_name":"AUG Student Services","article_publisher":"https:\/\/www.facebook.com\/augmalaysia\/","article_modified_time":"2023-06-09T04:00:32+00:00","og_image":[{"width":2084,"height":771,"url":"https:\/\/augstudy.com\/aug-website-files\/wp-content\/uploads\/2023\/06\/aug_mnlevents_charles_darwin_university_campaign_jun23_dec23_2084x771.jpg","type":"image\/jpeg"}],"twitter_card":"summary_large_image","twitter_misc":{"\u01af\u1edbc t\u00ednh th\u1eddi gian \u0111\u1ecdc":"1 ph\u00fat"},"schema":{"@context":"https:\/\/schema.org","@graph":[{"@type":"WebPage","@id":"https:\/\/augstudy.com\/philippines\/events\/study-charles-darwin-university\/","url":"https:\/\/augstudy.com\/philippines\/events\/study-charles-darwin-university\/","name":"[AUG Manila] Study in Charles Darwin University - AUG Student Services","isPartOf":{"@id":"https:\/\/augstudy.com\/#website"},"primaryImageOfPage":{"@id":"https:\/\/augstudy.com\/philippines\/events\/study-charles-darwin-university\/#primaryimage"},"image":{"@id":"https:\/\/augstudy.com\/philippines\/events\/study-charles-darwin-university\/#primaryimage"},"thumbnailUrl":"https:\/\/augstudy.com\/aug-website-files\/wp-content\/uploads\/2023\/06\/aug_mnlevents_charles_darwin_university_campaign_jun23_dec23_2084x771.jpg","datePublished":"2023-06-06T01:02:56+00:00","dateModified":"2023-06-09T04:00:32+00:00","description":"T\u01b0 v\u1ea5n mi\u1ec5n ph\u00ed v\u1ec1 ch\u1ecdn tr\u01b0\u1eddng \u0111\u1ea1i h\u1ecdc, h\u1ecdc b\u1ed5ng v\u00e0 xin th\u1ecb th\u1ef1c. H\u00e3y \u0111\u1ec3 D\u1ecbch v\u1ee5 Sinh vi\u00ean AUG gi\u00fap b\u1ea1n nhanh ch\u00f3ng ho\u00e0n th\u00e0nh h\u00e0nh tr\u00ecnh du h\u1ecdc ngay h\u00f4m nay.","breadcrumb":{"@id":"https:\/\/augstudy.com\/philippines\/events\/study-charles-darwin-university\/#breadcrumb"},"inLanguage":"vi","potentialAction":[{"@type":"ReadAction","target":["https:\/\/augstudy.com\/philippines\/events\/study-charles-darwin-university\/"]}]},{"@type":"ImageObject","inLanguage":"vi","@id":"https:\/\/augstudy.com\/philippines\/events\/study-charles-darwin-university\/#primaryimage","url":"https:\/\/augstudy.com\/aug-website-files\/wp-content\/uploads\/2023\/06\/aug_mnlevents_charles_darwin_university_campaign_jun23_dec23_2084x771.jpg","contentUrl":"https:\/\/augstudy.com\/aug-website-files\/wp-content\/uploads\/2023\/06\/aug_mnlevents_charles_darwin_university_campaign_jun23_dec23_2084x771.jpg","width":2084,"height":771},{"@type":"BreadcrumbList","@id":"https:\/\/augstudy.com\/philippines\/events\/study-charles-darwin-university\/#breadcrumb","itemListElement":[{"@type":"ListItem","position":1,"name":"Home","item":"https:\/\/augstudy.com\/"},{"@type":"ListItem","position":2,"name":"AUG Philippines","item":"https:\/\/augstudy.com\/philippines\/"},{"@type":"ListItem","position":3,"name":"AUG Philippines Events","item":"https:\/\/augstudy.com\/philippines\/events\/"},{"@type":"ListItem","position":4,"name":"[AUG Manila] Study in Charles Darwin University"}]},{"@type":"WebSite","@id":"https:\/\/augstudy.com\/#website","url":"https:\/\/augstudy.com\/","name":"D\u1ecbch v\u1ee5 Sinh vi\u00ean AUG","description":"D\u1ecbch v\u1ee5 sinh vi\u00ean","alternateName":"AUG Global","potentialAction":[{"@type":"SearchAction","target":{"@type":"EntryPoint","urlTemplate":"https:\/\/augstudy.com\/?s={search_term_string}"},"query-input":{"@type":"PropertyValueSpecification","valueRequired":true,"valueName":"search_term_string"}}],"inLanguage":"vi"}]}},"_links":{"self":[{"href":"https:\/\/augstudy.com\/vi\/wp-json\/wp\/v2\/pages\/353738","targetHints":{"allow":["GET"]}}],"collection":[{"href":"https:\/\/augstudy.com\/vi\/wp-json\/wp\/v2\/pages"}],"about":[{"href":"https:\/\/augstudy.com\/vi\/wp-json\/wp\/v2\/types\/page"}],"author":[{"embeddable":true,"href":"https:\/\/augstudy.com\/vi\/wp-json\/wp\/v2\/users\/4"}],"replies":[{"embeddable":true,"href":"https:\/\/augstudy.com\/vi\/wp-json\/wp\/v2\/comments?post=353738"}],"version-history":[{"count":0,"href":"https:\/\/augstudy.com\/vi\/wp-json\/wp\/v2\/pages\/353738\/revisions"}],"up":[{"embeddable":true,"href":"https:\/\/augstudy.com\/vi\/wp-json\/wp\/v2\/pages\/54770"}],"wp:featuredmedia":[{"embeddable":true,"href":"https:\/\/augstudy.com\/vi\/wp-json\/wp\/v2\/media\/353812"}],"wp:attachment":[{"href":"https:\/\/augstudy.com\/vi\/wp-json\/wp\/v2\/media?parent=353738"}],"curies":[{"name":"wp","href":"https:\/\/api.w.org\/{rel}","templated":true}]}}