{"id":353008,"date":"2023-05-16T11:53:40","date_gmt":"2023-05-16T01:53:40","guid":{"rendered":"https:\/\/augstudy.com\/?page_id=353008"},"modified":"2023-05-19T09:27:11","modified_gmt":"2023-05-18T23:27:11","slug":"cac-dieu-khoan-va-dieu-kien","status":"publish","type":"page","link":"https:\/\/augstudy.com\/vi\/australia\/events\/roi-blackpink-ticket\/terms-and-conditions\/","title":{"rendered":"[AUG Australia] Apply to Win BLACKPINK Ticket Terms and Conditions"},"content":{"rendered":"<div class=\"vc_row wpb_row vc_row-fluid\"><div class=\"wpb_column vc_column_container vc_col-sm-2\"><div class=\"vc_column-inner \"><div class=\"wpb_wrapper\"><\/div><\/div><\/div><div class=\"wpb_column vc_column_container vc_col-sm-8\"><div class=\"vc_column-inner vc_custom_1541935238253\"><div class=\"wpb_wrapper\">\n\t<div class=\"wpb_text_column wpb_content_element \">\n\t\t<div class=\"wpb_wrapper\">\n\t\t\t<h2 class=\"aug_title\" style=\"text-align: center;\">[AUG Australia] Apply to Win BlackPink Ticket Terms and Conditions<\/h2>\n<div style=\"background-color:; height: 60px;\" class=\"nicdark_section\"><\/div>\n<ol>\n<li>This promotion is valid from 17 May 2023 to 1 June 2023;<\/li>\n<li>The promotion applies to all international students in Australia who submit their application to Swinburne University of Technology for July 2023 intake through AUG Australia offices from 17 May 2023 to 1 June 2023;<\/li>\n<li>This promotion is also extended to AUG applicant who has submitted their application to Swinburne University before 17 May 2023, and \/ or who successfully nominated AUG to take over their application or offer processes, with the condition to nominate, the student must submit a nomination form to AUG and confirmed by the counsellor of a successful nomination;<\/li>\n<li>This promotion is also available to international students who already have an offer with Swinburne University of Technology for July 2023 intake and wishes to nominate AUG as their representative. The successful nomination will be notified by your counsellor;<\/li>\n<li>Students have to provide valid and complete documents as requested by AUG during application;<\/li>\n<li>Students have to apply through AUG from 17 May 2023. Any application after 1 June 2023 will not be eligible for this promotion;<\/li>\n<li>AUG is not responsible for any changes in the policy types or providers;<\/li>\n<li>AUG is not responsible for flight ticket and accommodation arrangements for lucky draw winners;<\/li>\n<li>AUG will have the final decision and reserves the right to change the Terms and Conditions without prior notice;<\/li>\n<li>AUG is not liable for any loss or damage suffered because of this promotion;<\/li>\n<li>AUG is not liable for any changes or cancellations made by the concert host and organizers;<\/li>\n<li>The lucky draw will be conducted on 2 June 2023;<\/li>\n<li>The winner announcement will be made on 3 June 2023 via AUG Australia&#8217;s social media channel.<\/li>\n<\/ol>\n\n\t\t<\/div>\n\t<\/div>\n<\/div><\/div><\/div><div class=\"wpb_column vc_column_container vc_col-sm-2\"><div class=\"vc_column-inner \"><div class=\"wpb_wrapper\"><\/div><\/div><\/div><\/div>\n","protected":false},"excerpt":{"rendered":"[AUG Australia] Apply to Win BlackPink Ticket Terms and Conditions This promotion is valid from 17 May 2023 to 1 June 2023; The promotion applies to all international students in Australia who submit their application to Swinburne University of Technology for July 2023 intake through AUG Australia offices from 17 May 2023 to 1 June [...]","protected":false},"author":4,"featured_media":0,"parent":353004,"menu_order":0,"comment_status":"closed","ping_status":"closed","template":"","meta":{"footnotes":""},"class_list":["post-353008","page","type-page","status-publish","hentry"],"yoast_head":"<!-- This site is optimized with the Yoast SEO Premium plugin v27.0 (Yoast SEO v27.3) - https:\/\/yoast.com\/product\/yoast-seo-premium-wordpress\/ -->\n<title>[AUG Australia] Apply to Win BLACKPINK Ticket Terms and Conditions - AUG Student Services<\/title>\n<meta name=\"description\" content=\"Free counselling for university selection, scholarships and visa applications. Let AUG Student Services fast-track your study-abroad journey today.\" \/>\n<meta name=\"robots\" content=\"index, follow, max-snippet:-1, max-image-preview:large, max-video-preview:-1\" \/>\n<link rel=\"canonical\" href=\"https:\/\/augstudy.com\/vi\/chau-uc\/su-kien-2\/roi-blackpink-ticket\/cac-dieu-khoan-va-dieu-kien\/\" \/>\n<meta property=\"og:locale\" content=\"vi_VN\" \/>\n<meta property=\"og:type\" content=\"article\" \/>\n<meta property=\"og:title\" content=\"[AUG Australia] Apply to Win BLACKPINK Ticket Terms and Conditions\" \/>\n<meta property=\"og:description\" content=\"Free counselling for university selection, scholarships and visa applications. Let AUG Student Services fast-track your study-abroad journey today.\" \/>\n<meta property=\"og:url\" content=\"https:\/\/augstudy.com\/vi\/chau-uc\/su-kien-2\/roi-blackpink-ticket\/cac-dieu-khoan-va-dieu-kien\/\" \/>\n<meta property=\"og:site_name\" content=\"AUG Student Services\" \/>\n<meta property=\"article:publisher\" content=\"https:\/\/www.facebook.com\/augmalaysia\/\" \/>\n<meta property=\"article:modified_time\" content=\"2023-05-18T23:27:11+00:00\" \/>\n<meta name=\"twitter:card\" content=\"summary_large_image\" \/>\n<meta name=\"twitter:label1\" content=\"\u01af\u1edbc t\u00ednh th\u1eddi gian \u0111\u1ecdc\" \/>\n\t<meta name=\"twitter:data1\" content=\"2 ph\u00fat\" \/>\n<script type=\"application\/ld+json\" class=\"yoast-schema-graph\">{\"@context\":\"https:\\\/\\\/schema.org\",\"@graph\":[{\"@type\":\"WebPage\",\"@id\":\"https:\\\/\\\/augstudy.com\\\/australia\\\/events\\\/roi-blackpink-ticket\\\/terms-and-conditions\\\/\",\"url\":\"https:\\\/\\\/augstudy.com\\\/australia\\\/events\\\/roi-blackpink-ticket\\\/terms-and-conditions\\\/\",\"name\":\"[AUG Australia] Apply to Win BLACKPINK Ticket Terms and Conditions - AUG Student Services\",\"isPartOf\":{\"@id\":\"https:\\\/\\\/augstudy.com\\\/#website\"},\"datePublished\":\"2023-05-16T01:53:40+00:00\",\"dateModified\":\"2023-05-18T23:27:11+00:00\",\"description\":\"Free counselling for university selection, scholarships and visa applications. Let AUG Student Services fast-track your study-abroad journey today.\",\"breadcrumb\":{\"@id\":\"https:\\\/\\\/augstudy.com\\\/australia\\\/events\\\/roi-blackpink-ticket\\\/terms-and-conditions\\\/#breadcrumb\"},\"inLanguage\":\"vi\",\"potentialAction\":[{\"@type\":\"ReadAction\",\"target\":[\"https:\\\/\\\/augstudy.com\\\/australia\\\/events\\\/roi-blackpink-ticket\\\/terms-and-conditions\\\/\"]}]},{\"@type\":\"BreadcrumbList\",\"@id\":\"https:\\\/\\\/augstudy.com\\\/australia\\\/events\\\/roi-blackpink-ticket\\\/terms-and-conditions\\\/#breadcrumb\",\"itemListElement\":[{\"@type\":\"ListItem\",\"position\":1,\"name\":\"Home\",\"item\":\"https:\\\/\\\/augstudy.com\\\/\"},{\"@type\":\"ListItem\",\"position\":2,\"name\":\"AUG Australia\",\"item\":\"https:\\\/\\\/augstudy.com\\\/australia\\\/\"},{\"@type\":\"ListItem\",\"position\":3,\"name\":\"AUG Australia Events\",\"item\":\"https:\\\/\\\/augstudy.com\\\/australia\\\/events\\\/\"},{\"@type\":\"ListItem\",\"position\":4,\"name\":\"[AUG Australia] Apply to Win BLACKPINK Ticket\",\"item\":\"https:\\\/\\\/augstudy.com\\\/australia\\\/events\\\/roi-blackpink-ticket\\\/\"},{\"@type\":\"ListItem\",\"position\":5,\"name\":\"[AUG Australia] Apply to Win BLACKPINK Ticket Terms and Conditions\"}]},{\"@type\":\"WebSite\",\"@id\":\"https:\\\/\\\/augstudy.com\\\/#website\",\"url\":\"https:\\\/\\\/augstudy.com\\\/\",\"name\":\"AUG Student Services\",\"description\":\"Student Services\",\"alternateName\":\"AUG Global\",\"potentialAction\":[{\"@type\":\"SearchAction\",\"target\":{\"@type\":\"EntryPoint\",\"urlTemplate\":\"https:\\\/\\\/augstudy.com\\\/?s={search_term_string}\"},\"query-input\":{\"@type\":\"PropertyValueSpecification\",\"valueRequired\":true,\"valueName\":\"search_term_string\"}}],\"inLanguage\":\"vi\"}]}<\/script>\n<!-- \/ Yoast SEO Premium plugin. -->","yoast_head_json":{"title":"[AUG Australia] Apply to Win BLACKPINK Ticket Terms and Conditions - AUG Student Services","description":"T\u01b0 v\u1ea5n mi\u1ec5n ph\u00ed v\u1ec1 ch\u1ecdn tr\u01b0\u1eddng \u0111\u1ea1i h\u1ecdc, h\u1ecdc b\u1ed5ng v\u00e0 xin th\u1ecb th\u1ef1c. H\u00e3y \u0111\u1ec3 D\u1ecbch v\u1ee5 Sinh vi\u00ean AUG gi\u00fap b\u1ea1n nhanh ch\u00f3ng ho\u00e0n th\u00e0nh h\u00e0nh tr\u00ecnh du h\u1ecdc ngay h\u00f4m nay.","robots":{"index":"index","follow":"follow","max-snippet":"max-snippet:-1","max-image-preview":"max-image-preview:large","max-video-preview":"max-video-preview:-1"},"canonical":"https:\/\/augstudy.com\/vi\/chau-uc\/su-kien-2\/roi-blackpink-ticket\/cac-dieu-khoan-va-dieu-kien\/","og_locale":"vi_VN","og_type":"article","og_title":"[AUG Australia] Apply to Win BLACKPINK Ticket Terms and Conditions","og_description":"Free counselling for university selection, scholarships and visa applications. Let AUG Student Services fast-track your study-abroad journey today.","og_url":"https:\/\/augstudy.com\/vi\/chau-uc\/su-kien-2\/roi-blackpink-ticket\/cac-dieu-khoan-va-dieu-kien\/","og_site_name":"AUG Student Services","article_publisher":"https:\/\/www.facebook.com\/augmalaysia\/","article_modified_time":"2023-05-18T23:27:11+00:00","twitter_card":"summary_large_image","twitter_misc":{"\u01af\u1edbc t\u00ednh th\u1eddi gian \u0111\u1ecdc":"2 ph\u00fat"},"schema":{"@context":"https:\/\/schema.org","@graph":[{"@type":"WebPage","@id":"https:\/\/augstudy.com\/australia\/events\/roi-blackpink-ticket\/terms-and-conditions\/","url":"https:\/\/augstudy.com\/australia\/events\/roi-blackpink-ticket\/terms-and-conditions\/","name":"[AUG Australia] Apply to Win BLACKPINK Ticket Terms and Conditions - AUG Student Services","isPartOf":{"@id":"https:\/\/augstudy.com\/#website"},"datePublished":"2023-05-16T01:53:40+00:00","dateModified":"2023-05-18T23:27:11+00:00","description":"T\u01b0 v\u1ea5n mi\u1ec5n ph\u00ed v\u1ec1 ch\u1ecdn tr\u01b0\u1eddng \u0111\u1ea1i h\u1ecdc, h\u1ecdc b\u1ed5ng v\u00e0 xin th\u1ecb th\u1ef1c. H\u00e3y \u0111\u1ec3 D\u1ecbch v\u1ee5 Sinh vi\u00ean AUG gi\u00fap b\u1ea1n nhanh ch\u00f3ng ho\u00e0n th\u00e0nh h\u00e0nh tr\u00ecnh du h\u1ecdc ngay h\u00f4m nay.","breadcrumb":{"@id":"https:\/\/augstudy.com\/australia\/events\/roi-blackpink-ticket\/terms-and-conditions\/#breadcrumb"},"inLanguage":"vi","potentialAction":[{"@type":"ReadAction","target":["https:\/\/augstudy.com\/australia\/events\/roi-blackpink-ticket\/terms-and-conditions\/"]}]},{"@type":"BreadcrumbList","@id":"https:\/\/augstudy.com\/australia\/events\/roi-blackpink-ticket\/terms-and-conditions\/#breadcrumb","itemListElement":[{"@type":"ListItem","position":1,"name":"Home","item":"https:\/\/augstudy.com\/"},{"@type":"ListItem","position":2,"name":"AUG Australia","item":"https:\/\/augstudy.com\/australia\/"},{"@type":"ListItem","position":3,"name":"AUG Australia Events","item":"https:\/\/augstudy.com\/australia\/events\/"},{"@type":"ListItem","position":4,"name":"[AUG Australia] Apply to Win BLACKPINK Ticket","item":"https:\/\/augstudy.com\/australia\/events\/roi-blackpink-ticket\/"},{"@type":"ListItem","position":5,"name":"[AUG Australia] Apply to Win BLACKPINK Ticket Terms and Conditions"}]},{"@type":"WebSite","@id":"https:\/\/augstudy.com\/#website","url":"https:\/\/augstudy.com\/","name":"D\u1ecbch v\u1ee5 Sinh vi\u00ean AUG","description":"D\u1ecbch v\u1ee5 sinh vi\u00ean","alternateName":"AUG Global","potentialAction":[{"@type":"SearchAction","target":{"@type":"EntryPoint","urlTemplate":"https:\/\/augstudy.com\/?s={search_term_string}"},"query-input":{"@type":"PropertyValueSpecification","valueRequired":true,"valueName":"search_term_string"}}],"inLanguage":"vi"}]}},"_links":{"self":[{"href":"https:\/\/augstudy.com\/vi\/wp-json\/wp\/v2\/pages\/353008","targetHints":{"allow":["GET"]}}],"collection":[{"href":"https:\/\/augstudy.com\/vi\/wp-json\/wp\/v2\/pages"}],"about":[{"href":"https:\/\/augstudy.com\/vi\/wp-json\/wp\/v2\/types\/page"}],"author":[{"embeddable":true,"href":"https:\/\/augstudy.com\/vi\/wp-json\/wp\/v2\/users\/4"}],"replies":[{"embeddable":true,"href":"https:\/\/augstudy.com\/vi\/wp-json\/wp\/v2\/comments?post=353008"}],"version-history":[{"count":0,"href":"https:\/\/augstudy.com\/vi\/wp-json\/wp\/v2\/pages\/353008\/revisions"}],"up":[{"embeddable":true,"href":"https:\/\/augstudy.com\/vi\/wp-json\/wp\/v2\/pages\/353004"}],"wp:attachment":[{"href":"https:\/\/augstudy.com\/vi\/wp-json\/wp\/v2\/media?parent=353008"}],"curies":[{"name":"wp","href":"https:\/\/api.w.org\/{rel}","templated":true}]}}