{"id":352739,"date":"2023-05-09T12:44:41","date_gmt":"2023-05-09T02:44:41","guid":{"rendered":"https:\/\/augstudy.com\/?page_id=352739"},"modified":"2023-05-15T14:12:46","modified_gmt":"2023-05-15T04:12:46","slug":"buoi-thong-tin-ve-moi-cpa","status":"publish","type":"page","link":"https:\/\/augstudy.com\/vi\/australia\/events\/per-cpa-info-session\/","title":{"rendered":"[AUG Perth] How to Become a CPA Member?"},"content":{"rendered":"<div data-vc-full-width=\"true\" data-vc-full-width-init=\"false\" class=\"vc_row wpb_row vc_row-fluid vc_custom_1684123953245 vc_row-has-fill vc_row-o-content-middle vc_row-flex\"><div class=\"wpb_column vc_column_container vc_col-sm-12\"><div class=\"vc_column-inner vc_custom_1661838891579\"><div class=\"wpb_wrapper\">\n\t<div class=\"wpb_single_image wpb_content_element vc_align_center  vc_custom_1684123962951\">\n\t\t\n\t\t<figure class=\"wpb_wrapper vc_figure\">\n\t\t\t<div class=\"vc_single_image-wrapper   vc_box_border_grey\"><img loading=\"lazy\" decoding=\"async\" width=\"1920\" height=\"710\" src=\"https:\/\/augstudy.com\/aug-website-files\/wp-content\/uploads\/2023\/05\/aug_perevents_cpa_info_session_230522_2084x771.jpg\" class=\"vc_single_image-img attachment-full\" alt=\"\" srcset=\"https:\/\/augstudy.com\/aug-website-files\/wp-content\/uploads\/2023\/05\/aug_perevents_cpa_info_session_230522_2084x771.jpg 1920w, https:\/\/augstudy.com\/aug-website-files\/wp-content\/uploads\/2023\/05\/aug_perevents_cpa_info_session_230522_2084x771-300x111.jpg 300w, https:\/\/augstudy.com\/aug-website-files\/wp-content\/uploads\/2023\/05\/aug_perevents_cpa_info_session_230522_2084x771-1024x379.jpg 1024w, https:\/\/augstudy.com\/aug-website-files\/wp-content\/uploads\/2023\/05\/aug_perevents_cpa_info_session_230522_2084x771-768x284.jpg 768w, https:\/\/augstudy.com\/aug-website-files\/wp-content\/uploads\/2023\/05\/aug_perevents_cpa_info_session_230522_2084x771-1536x568.jpg 1536w, https:\/\/augstudy.com\/aug-website-files\/wp-content\/uploads\/2023\/05\/aug_perevents_cpa_info_session_230522_2084x771-2048x758.jpg 2048w\" sizes=\"auto, (max-width: 1920px) 100vw, 1920px\" \/><\/div>\n\t\t<\/figure>\n\t<\/div>\n<\/div><\/div><\/div><\/div><div class=\"vc_row-full-width vc_clearfix\"><\/div><div data-vc-full-width=\"true\" data-vc-full-width-init=\"false\" class=\"vc_row wpb_row vc_row-fluid vc_custom_1682916971038 vc_row-has-fill vc_row-o-content-middle vc_row-flex\"><div class=\"wpb_column vc_column_container vc_col-sm-2 vc_hidden-sm vc_hidden-xs\"><div class=\"vc_column-inner \"><div class=\"wpb_wrapper\"><\/div><\/div><\/div><div class=\"wpb_column vc_column_container vc_col-sm-8\"><div class=\"vc_column-inner vc_custom_1671748405855\"><div class=\"wpb_wrapper\">\n\t<div class=\"wpb_text_column wpb_content_element  aug_content_box\">\n\t\t<div class=\"wpb_wrapper\">\n\t\t\t<h3><strong>CPA Information and Networking Session<\/strong><\/h3>\n<p><span class=\"\" style=\"display:block;clear:both;height: 0px;padding-top: 15px;border-top-width:0px;border-bottom-width:0px;\"><\/span>Wondering how to become a CPA member? Come and join our CPA information and networking session!<br \/>\n<span class=\"\" style=\"display:block;clear:both;height: 0px;padding-top: 15px;border-top-width:0px;border-bottom-width:0px;\"><\/span>This session includes:<\/p>\n<ul>\n<li>The Accounting Landscape<\/li>\n<li>Why Become a CPA?<\/li>\n<li>Overview of the CPA Program<\/li>\n<li>How to Engage with CPA Australia?<\/li>\n<li>Employability Tips and Resources<\/li>\n<li>Focusing on Professional Networking<\/li>\n<\/ul>\n<h3><span class=\"\" style=\"display:block;clear:both;height: 0px;padding-top: 15px;border-top-width:0px;border-bottom-width:0px;\"><\/span><strong>Event Details<\/strong><\/h3>\n<p><span class=\"\" style=\"display:block;clear:both;height: 0px;padding-top: 15px;border-top-width:0px;border-bottom-width:0px;\"><\/span><strong>Date:<\/strong> 22 May 2023 (Monday)<br \/>\n<span class=\"\" style=\"display:block;clear:both;height: 0px;padding-top: 15px;border-top-width:0px;border-bottom-width:0px;\"><\/span><strong>Time:<\/strong> 4:00 PM &#8211; 5:00 PM (Perth time)<br \/>\n<span class=\"\" style=\"display:block;clear:both;height: 0px;padding-top: 15px;border-top-width:0px;border-bottom-width:0px;\"><\/span><strong>Venue:<\/strong> AUG Perth Office (16\/375 William Street, Northbridge WA 6003)<br \/>\n<span class=\"\" style=\"display:block;clear:both;height: 0px;padding-top: 15px;border-top-width:0px;border-bottom-width:0px;\"><\/span><\/p>\n<h6 style=\"color: #ff0000;\"><strong><em>* indicates required field<\/em><\/strong><\/h6>\n\n\t\t<\/div>\n\t<\/div>\n<\/div><\/div><\/div><div class=\"wpb_column vc_column_container vc_col-sm-2 vc_hidden-sm vc_hidden-xs\"><div class=\"vc_column-inner \"><div class=\"wpb_wrapper\"><\/div><\/div><\/div><\/div><div class=\"vc_row-full-width vc_clearfix\"><\/div><div id=\"registration\" class=\"vc_row wpb_row vc_row-fluid\"><div class=\"wpb_column vc_column_container vc_col-sm-12\"><div class=\"vc_column-inner vc_custom_1660175491551\"><div class=\"wpb_wrapper\">\n\t<div class=\"wpb_raw_code wpb_content_element wpb_raw_html\">\n\t\t<div class=\"wpb_wrapper\">\n\t\t\t<script data-b24-form=\"inline\/133\/u0beg5\" data-skip-moving=\"true\">(function(w,d,u){var s=d.createElement('script');s.async=true;s.src=u+'?'+(Date.now()\/180000|0);var h=d.getElementsByTagName('script')[0];h.parentNode.insertBefore(s,h);})(window,document,'https:\/\/augcrm.com\/upload\/crm\/form\/loader_133_u0beg5.js');<\/script>\n\t\t<\/div>\n\t<\/div>\n<\/div><\/div><\/div><\/div>\n","protected":false},"excerpt":{"rendered":"CPA Information and Networking Session Wondering how to become a CPA member? Come and join our CPA information and networking session! This session includes: The Accounting Landscape Why Become a CPA? Overview of the CPA Program How to Engage with CPA Australia? Employability Tips and Resources Focusing on Professional Networking Event Details Date: 22 May [...]","protected":false},"author":4,"featured_media":352938,"parent":2351,"menu_order":0,"comment_status":"closed","ping_status":"closed","template":"","meta":{"footnotes":""},"class_list":["post-352739","page","type-page","status-publish","hentry"],"yoast_head":"<!-- This site is optimized with the Yoast SEO Premium plugin v27.0 (Yoast SEO v27.3) - https:\/\/yoast.com\/product\/yoast-seo-premium-wordpress\/ -->\n<title>[AUG Perth] How to Become a CPA Member? - AUG Student Services<\/title>\n<meta name=\"description\" content=\"Free counselling for university selection, scholarships and visa applications. Let AUG Student Services fast-track your study-abroad journey today.\" \/>\n<meta name=\"robots\" content=\"index, follow, max-snippet:-1, max-image-preview:large, max-video-preview:-1\" \/>\n<link rel=\"canonical\" href=\"https:\/\/augstudy.com\/vi\/chau-uc\/su-kien-2\/buoi-thong-tin-ve-moi-cpa\/\" \/>\n<meta property=\"og:locale\" content=\"vi_VN\" \/>\n<meta property=\"og:type\" content=\"article\" \/>\n<meta property=\"og:title\" content=\"[AUG Perth] How to Become a CPA Member?\" \/>\n<meta property=\"og:description\" content=\"Free counselling for university selection, scholarships and visa applications. Let AUG Student Services fast-track your study-abroad journey today.\" \/>\n<meta property=\"og:url\" content=\"https:\/\/augstudy.com\/vi\/chau-uc\/su-kien-2\/buoi-thong-tin-ve-moi-cpa\/\" \/>\n<meta property=\"og:site_name\" content=\"AUG Student Services\" \/>\n<meta property=\"article:publisher\" content=\"https:\/\/www.facebook.com\/augmalaysia\/\" \/>\n<meta property=\"article:modified_time\" content=\"2023-05-15T04:12:46+00:00\" \/>\n<meta property=\"og:image\" content=\"https:\/\/augstudy.com\/aug-website-files\/wp-content\/uploads\/2023\/05\/eventbrite_aug_perth_cpa_info_session_230522_1080x540.jpg\" \/>\n\t<meta property=\"og:image:width\" content=\"1080\" \/>\n\t<meta property=\"og:image:height\" content=\"540\" \/>\n\t<meta property=\"og:image:type\" content=\"image\/jpeg\" \/>\n<meta name=\"twitter:card\" content=\"summary_large_image\" \/>\n<meta name=\"twitter:label1\" content=\"\u01af\u1edbc t\u00ednh th\u1eddi gian \u0111\u1ecdc\" \/>\n\t<meta name=\"twitter:data1\" content=\"1 ph\u00fat\" \/>\n<script type=\"application\/ld+json\" class=\"yoast-schema-graph\">{\"@context\":\"https:\\\/\\\/schema.org\",\"@graph\":[{\"@type\":\"WebPage\",\"@id\":\"https:\\\/\\\/augstudy.com\\\/australia\\\/events\\\/per-cpa-info-session\\\/\",\"url\":\"https:\\\/\\\/augstudy.com\\\/australia\\\/events\\\/per-cpa-info-session\\\/\",\"name\":\"[AUG Perth] How to Become a CPA Member? - AUG Student Services\",\"isPartOf\":{\"@id\":\"https:\\\/\\\/augstudy.com\\\/#website\"},\"primaryImageOfPage\":{\"@id\":\"https:\\\/\\\/augstudy.com\\\/australia\\\/events\\\/per-cpa-info-session\\\/#primaryimage\"},\"image\":{\"@id\":\"https:\\\/\\\/augstudy.com\\\/australia\\\/events\\\/per-cpa-info-session\\\/#primaryimage\"},\"thumbnailUrl\":\"https:\\\/\\\/augstudy.com\\\/aug-website-files\\\/wp-content\\\/uploads\\\/2023\\\/05\\\/eventbrite_aug_perth_cpa_info_session_230522_1080x540.jpg\",\"datePublished\":\"2023-05-09T02:44:41+00:00\",\"dateModified\":\"2023-05-15T04:12:46+00:00\",\"description\":\"Free counselling for university selection, scholarships and visa applications. Let AUG Student Services fast-track your study-abroad journey today.\",\"breadcrumb\":{\"@id\":\"https:\\\/\\\/augstudy.com\\\/australia\\\/events\\\/per-cpa-info-session\\\/#breadcrumb\"},\"inLanguage\":\"vi\",\"potentialAction\":[{\"@type\":\"ReadAction\",\"target\":[\"https:\\\/\\\/augstudy.com\\\/australia\\\/events\\\/per-cpa-info-session\\\/\"]}]},{\"@type\":\"ImageObject\",\"inLanguage\":\"vi\",\"@id\":\"https:\\\/\\\/augstudy.com\\\/australia\\\/events\\\/per-cpa-info-session\\\/#primaryimage\",\"url\":\"https:\\\/\\\/augstudy.com\\\/aug-website-files\\\/wp-content\\\/uploads\\\/2023\\\/05\\\/eventbrite_aug_perth_cpa_info_session_230522_1080x540.jpg\",\"contentUrl\":\"https:\\\/\\\/augstudy.com\\\/aug-website-files\\\/wp-content\\\/uploads\\\/2023\\\/05\\\/eventbrite_aug_perth_cpa_info_session_230522_1080x540.jpg\",\"width\":1080,\"height\":540},{\"@type\":\"BreadcrumbList\",\"@id\":\"https:\\\/\\\/augstudy.com\\\/australia\\\/events\\\/per-cpa-info-session\\\/#breadcrumb\",\"itemListElement\":[{\"@type\":\"ListItem\",\"position\":1,\"name\":\"Home\",\"item\":\"https:\\\/\\\/augstudy.com\\\/\"},{\"@type\":\"ListItem\",\"position\":2,\"name\":\"AUG Australia\",\"item\":\"https:\\\/\\\/augstudy.com\\\/australia\\\/\"},{\"@type\":\"ListItem\",\"position\":3,\"name\":\"AUG Australia Events\",\"item\":\"https:\\\/\\\/augstudy.com\\\/australia\\\/events\\\/\"},{\"@type\":\"ListItem\",\"position\":4,\"name\":\"[AUG Perth] How to Become a CPA Member?\"}]},{\"@type\":\"WebSite\",\"@id\":\"https:\\\/\\\/augstudy.com\\\/#website\",\"url\":\"https:\\\/\\\/augstudy.com\\\/\",\"name\":\"AUG Student Services\",\"description\":\"Student Services\",\"alternateName\":\"AUG Global\",\"potentialAction\":[{\"@type\":\"SearchAction\",\"target\":{\"@type\":\"EntryPoint\",\"urlTemplate\":\"https:\\\/\\\/augstudy.com\\\/?s={search_term_string}\"},\"query-input\":{\"@type\":\"PropertyValueSpecification\",\"valueRequired\":true,\"valueName\":\"search_term_string\"}}],\"inLanguage\":\"vi\"}]}<\/script>\n<!-- \/ Yoast SEO Premium plugin. -->","yoast_head_json":{"title":"[AUG Perth] How to Become a CPA Member? - AUG Student Services","description":"T\u01b0 v\u1ea5n mi\u1ec5n ph\u00ed v\u1ec1 ch\u1ecdn tr\u01b0\u1eddng \u0111\u1ea1i h\u1ecdc, h\u1ecdc b\u1ed5ng v\u00e0 xin th\u1ecb th\u1ef1c. H\u00e3y \u0111\u1ec3 D\u1ecbch v\u1ee5 Sinh vi\u00ean AUG gi\u00fap b\u1ea1n nhanh ch\u00f3ng ho\u00e0n th\u00e0nh h\u00e0nh tr\u00ecnh du h\u1ecdc ngay h\u00f4m nay.","robots":{"index":"index","follow":"follow","max-snippet":"max-snippet:-1","max-image-preview":"max-image-preview:large","max-video-preview":"max-video-preview:-1"},"canonical":"https:\/\/augstudy.com\/vi\/chau-uc\/su-kien-2\/buoi-thong-tin-ve-moi-cpa\/","og_locale":"vi_VN","og_type":"article","og_title":"[AUG Perth] How to Become a CPA Member?","og_description":"Free counselling for university selection, scholarships and visa applications. Let AUG Student Services fast-track your study-abroad journey today.","og_url":"https:\/\/augstudy.com\/vi\/chau-uc\/su-kien-2\/buoi-thong-tin-ve-moi-cpa\/","og_site_name":"AUG Student Services","article_publisher":"https:\/\/www.facebook.com\/augmalaysia\/","article_modified_time":"2023-05-15T04:12:46+00:00","og_image":[{"width":1080,"height":540,"url":"https:\/\/augstudy.com\/aug-website-files\/wp-content\/uploads\/2023\/05\/eventbrite_aug_perth_cpa_info_session_230522_1080x540.jpg","type":"image\/jpeg"}],"twitter_card":"summary_large_image","twitter_misc":{"\u01af\u1edbc t\u00ednh th\u1eddi gian \u0111\u1ecdc":"1 ph\u00fat"},"schema":{"@context":"https:\/\/schema.org","@graph":[{"@type":"WebPage","@id":"https:\/\/augstudy.com\/australia\/events\/per-cpa-info-session\/","url":"https:\/\/augstudy.com\/australia\/events\/per-cpa-info-session\/","name":"[AUG Perth] How to Become a CPA Member? - AUG Student Services","isPartOf":{"@id":"https:\/\/augstudy.com\/#website"},"primaryImageOfPage":{"@id":"https:\/\/augstudy.com\/australia\/events\/per-cpa-info-session\/#primaryimage"},"image":{"@id":"https:\/\/augstudy.com\/australia\/events\/per-cpa-info-session\/#primaryimage"},"thumbnailUrl":"https:\/\/augstudy.com\/aug-website-files\/wp-content\/uploads\/2023\/05\/eventbrite_aug_perth_cpa_info_session_230522_1080x540.jpg","datePublished":"2023-05-09T02:44:41+00:00","dateModified":"2023-05-15T04:12:46+00:00","description":"T\u01b0 v\u1ea5n mi\u1ec5n ph\u00ed v\u1ec1 ch\u1ecdn tr\u01b0\u1eddng \u0111\u1ea1i h\u1ecdc, h\u1ecdc b\u1ed5ng v\u00e0 xin th\u1ecb th\u1ef1c. H\u00e3y \u0111\u1ec3 D\u1ecbch v\u1ee5 Sinh vi\u00ean AUG gi\u00fap b\u1ea1n nhanh ch\u00f3ng ho\u00e0n th\u00e0nh h\u00e0nh tr\u00ecnh du h\u1ecdc ngay h\u00f4m nay.","breadcrumb":{"@id":"https:\/\/augstudy.com\/australia\/events\/per-cpa-info-session\/#breadcrumb"},"inLanguage":"vi","potentialAction":[{"@type":"ReadAction","target":["https:\/\/augstudy.com\/australia\/events\/per-cpa-info-session\/"]}]},{"@type":"ImageObject","inLanguage":"vi","@id":"https:\/\/augstudy.com\/australia\/events\/per-cpa-info-session\/#primaryimage","url":"https:\/\/augstudy.com\/aug-website-files\/wp-content\/uploads\/2023\/05\/eventbrite_aug_perth_cpa_info_session_230522_1080x540.jpg","contentUrl":"https:\/\/augstudy.com\/aug-website-files\/wp-content\/uploads\/2023\/05\/eventbrite_aug_perth_cpa_info_session_230522_1080x540.jpg","width":1080,"height":540},{"@type":"BreadcrumbList","@id":"https:\/\/augstudy.com\/australia\/events\/per-cpa-info-session\/#breadcrumb","itemListElement":[{"@type":"ListItem","position":1,"name":"Home","item":"https:\/\/augstudy.com\/"},{"@type":"ListItem","position":2,"name":"AUG Australia","item":"https:\/\/augstudy.com\/australia\/"},{"@type":"ListItem","position":3,"name":"AUG Australia Events","item":"https:\/\/augstudy.com\/australia\/events\/"},{"@type":"ListItem","position":4,"name":"[AUG Perth] How to Become a CPA Member?"}]},{"@type":"WebSite","@id":"https:\/\/augstudy.com\/#website","url":"https:\/\/augstudy.com\/","name":"D\u1ecbch v\u1ee5 Sinh vi\u00ean AUG","description":"D\u1ecbch v\u1ee5 sinh vi\u00ean","alternateName":"AUG Global","potentialAction":[{"@type":"SearchAction","target":{"@type":"EntryPoint","urlTemplate":"https:\/\/augstudy.com\/?s={search_term_string}"},"query-input":{"@type":"PropertyValueSpecification","valueRequired":true,"valueName":"search_term_string"}}],"inLanguage":"vi"}]}},"_links":{"self":[{"href":"https:\/\/augstudy.com\/vi\/wp-json\/wp\/v2\/pages\/352739","targetHints":{"allow":["GET"]}}],"collection":[{"href":"https:\/\/augstudy.com\/vi\/wp-json\/wp\/v2\/pages"}],"about":[{"href":"https:\/\/augstudy.com\/vi\/wp-json\/wp\/v2\/types\/page"}],"author":[{"embeddable":true,"href":"https:\/\/augstudy.com\/vi\/wp-json\/wp\/v2\/users\/4"}],"replies":[{"embeddable":true,"href":"https:\/\/augstudy.com\/vi\/wp-json\/wp\/v2\/comments?post=352739"}],"version-history":[{"count":0,"href":"https:\/\/augstudy.com\/vi\/wp-json\/wp\/v2\/pages\/352739\/revisions"}],"up":[{"embeddable":true,"href":"https:\/\/augstudy.com\/vi\/wp-json\/wp\/v2\/pages\/2351"}],"wp:featuredmedia":[{"embeddable":true,"href":"https:\/\/augstudy.com\/vi\/wp-json\/wp\/v2\/media\/352938"}],"wp:attachment":[{"href":"https:\/\/augstudy.com\/vi\/wp-json\/wp\/v2\/media?parent=352739"}],"curies":[{"name":"wp","href":"https:\/\/api.w.org\/{rel}","templated":true}]}}