{"id":351014,"date":"2023-03-20T16:35:18","date_gmt":"2023-03-20T05:35:18","guid":{"rendered":"https:\/\/augstudy.com\/?page_id=351014"},"modified":"2024-09-13T11:56:50","modified_gmt":"2024-09-13T01:56:50","slug":"augteacherku","status":"publish","type":"page","link":"https:\/\/augstudy.com\/vi\/malaysia\/augteacherku\/","title":{"rendered":"#AUG Teacherku 5.0"},"content":{"rendered":"<div class=\"vc_row wpb_row vc_row-fluid\"><div class=\"wpb_column vc_column_container vc_col-sm-12\"><div class=\"vc_column-inner\"><div class=\"wpb_wrapper\"><div class=\"vc_separator wpb_content_element vc_separator_align_center vc_sep_width_100 vc_sep_shadow vc_sep_pos_align_center vc_separator_no_text vc_sep_color_white\"><span class=\"vc_sep_holder vc_sep_holder_l\"><span  class=\"vc_sep_line\"><\/span><\/span><span class=\"vc_sep_holder vc_sep_holder_r\"><span  class=\"vc_sep_line\"><\/span><\/span>\n<\/div>\n\t<div class=\"wpb_text_column wpb_content_element\">\n\t\t<div class=\"wpb_wrapper\">\n\t\t\t<h1><strong>#AUG Teacherku 5.0<\/strong><\/h1>\n\n\t\t<\/div>\n\t<\/div>\n<div class=\"vc_separator wpb_content_element vc_separator_align_center vc_sep_width_100 vc_sep_shadow vc_sep_pos_align_center vc_separator_no_text vc_sep_color_white\"><span class=\"vc_sep_holder vc_sep_holder_l\"><span  class=\"vc_sep_line\"><\/span><\/span><span class=\"vc_sep_holder vc_sep_holder_r\"><span  class=\"vc_sep_line\"><\/span><\/span>\n<\/div>\n\t<div class=\"wpb_single_image wpb_content_element vc_align_center\">\n\t\t\n\t\t<figure class=\"wpb_wrapper vc_figure\">\n\t\t\t<div class=\"vc_single_image-wrapper   vc_box_border_grey\"><\/div>\n\t\t<\/figure>\n\t<\/div>\n\n\t<div class=\"wpb_single_image wpb_content_element vc_align_center\">\n\t\t\n\t\t<figure class=\"wpb_wrapper vc_figure\">\n\t\t\t<div class=\"vc_single_image-wrapper   vc_box_border_grey\"><img loading=\"lazy\" decoding=\"async\" width=\"1024\" height=\"1024\" src=\"https:\/\/augstudy.com\/aug-website-files\/wp-content\/uploads\/2023\/03\/TeacherKu-InspirasiKu-FB-02-3-1024x1024.jpg\" class=\"vc_single_image-img attachment-large\" alt=\"\" srcset=\"https:\/\/augstudy.com\/aug-website-files\/wp-content\/uploads\/2023\/03\/TeacherKu-InspirasiKu-FB-02-3-1024x1024.jpg 1024w, https:\/\/augstudy.com\/aug-website-files\/wp-content\/uploads\/2023\/03\/TeacherKu-InspirasiKu-FB-02-3-300x300.jpg 300w, https:\/\/augstudy.com\/aug-website-files\/wp-content\/uploads\/2023\/03\/TeacherKu-InspirasiKu-FB-02-3-150x150.jpg 150w, https:\/\/augstudy.com\/aug-website-files\/wp-content\/uploads\/2023\/03\/TeacherKu-InspirasiKu-FB-02-3-768x768.jpg 768w, https:\/\/augstudy.com\/aug-website-files\/wp-content\/uploads\/2023\/03\/TeacherKu-InspirasiKu-FB-02-3-1536x1536.jpg 1536w, https:\/\/augstudy.com\/aug-website-files\/wp-content\/uploads\/2023\/03\/TeacherKu-InspirasiKu-FB-02-3-2048x2048.jpg 2048w, https:\/\/augstudy.com\/aug-website-files\/wp-content\/uploads\/2023\/03\/TeacherKu-InspirasiKu-FB-02-3.jpg 1920w\" sizes=\"auto, (max-width: 1024px) 100vw, 1024px\" \/><\/div>\n\t\t<\/figure>\n\t<\/div>\n\n\t<div class=\"wpb_text_column wpb_content_element\">\n\t\t<div class=\"wpb_wrapper\">\n\t\t\t\n\t\t<\/div>\n\t<\/div>\n\n\t<div class=\"wpb_text_column wpb_content_element\">\n\t\t<div class=\"wpb_wrapper\">\n\t\t\t<p><strong>C\u00c1C \u0110I\u1ec0U KHO\u1ea2N V\u00c0 \u0110I\u1ec0U KI\u1ec6N: &quot;<\/strong><a href=\"https:\/\/www.facebook.com\/hashtag\/augteacherku?source=note&amp;epa=HASHTAG\"><strong>#AUGTgi\u00e1o vi\u00eanKu<\/strong><\/a><strong>5.0<\/strong> \u2013 Th\u1ea7yKu, Ng\u01b0\u1eddi truy\u1ec1n c\u1ea3m h\u1ee9ngKu<strong>\u201d cu\u1ed9c thi (\u201cCu\u1ed9c thi\u201d)<\/strong> \u0111\u01b0\u1ee3c t\u1ed5 ch\u1ee9c <strong>b\u1edfi AusEd Consultants Services Sdn Bhd<\/strong>, sau \u0111\u00e2y \u0111\u01b0\u1ee3c g\u1ecdi l\u00e0 <strong>\u201cNg\u01b0\u1eddi t\u1ed5 ch\u1ee9c\u201d<\/strong>. Ban t\u1ed5 ch\u1ee9c c\u00f3 th\u1ec3, theo quy\u1ebft \u0111\u1ecbnh ri\u00eang v\u00e0 tuy\u1ec7t \u0111\u1ed1i c\u1ee7a m\u00ecnh, s\u1eeda \u0111\u1ed5i c\u00e1c \u0111i\u1ec1u kho\u1ea3n v\u00e0 \u0111i\u1ec1u ki\u1ec7n n\u00e0y b\u1ea5t k\u1ef3 l\u00fac n\u00e0o m\u00e0 kh\u00f4ng c\u1ea7n th\u00f4ng b\u00e1o tr\u01b0\u1edbc cho b\u1ea5t k\u1ef3 b\u00ean n\u00e0o. \u0110\u00e2y l\u00e0 cu\u1ed9c thi to\u00e0n qu\u1ed1c c\u1ee7a Malaysia.<\/p>\n<p><strong>\u00a0<\/strong><\/p>\n<p><strong>Kho\u1ea3ng th\u1eddi gian<\/strong><\/p>\n<p>Th\u1eddi gian \u0111\u1ec1 c\u1eed: \u00a0\u00a0\u00a0\u00a0\u00a0\u00a0\u00a0\u00a0\u00a0\u00a0 <strong>17<sup>th<\/sup> th\u00e1ng 4 n\u0103m 2023, <\/strong>11 gi\u1edd s\u00e1ng \u0111\u1ebfn <strong>12<sup>th<\/sup> th\u00e1ng 5 n\u0103m 2023<\/strong> tr\u01b0\u1edbc 23h59<\/p>\n<p>Th\u1eddi gian b\u00ecnh ch\u1ecdn tr\u1ef1c tuy\u1ebfn: \u00a0\u00a0\u00a0\u00a0\u00a0\u00a0\u00a0 <strong>25<sup>th<\/sup> th\u00e1ng 5 n\u0103m 2023,<\/strong> 11 gi\u1edd s\u00e1ng \u0111\u1ebfn <strong>1<sup>st<\/sup> th\u00e1ng 6 n\u0103m 2023<\/strong> tr\u01b0\u1edbc 5 gi\u1edd chi\u1ec1u<\/p>\n<p><strong>\u00a0<\/strong><\/p>\n<p><strong>Kh\u00e1ch quan<\/strong><\/p>\n<p>Nh\u00e2n Ng\u00e0y Nh\u00e0 gi\u00e1o n\u0103m nay, ch\u00fang ta h\u00e3y t\u00f4n vinh nh\u1eefng Gi\u00e1o vi\u00ean tuy\u1ec7t v\u1eddi, nh\u1eefng ng\u01b0\u1eddi lu\u00f4n n\u1ed7 l\u1ef1c h\u1ebft m\u00ecnh \u0111\u1ec3 truy\u1ec1n c\u1ea3m h\u1ee9ng cho h\u1ecdc sinh c\u1ee7a m\u00ecnh. Nh\u1eefng gi\u00e1o vi\u00ean kh\u00f4ng ch\u1ec9 n\u00f3i hay gi\u1ea3i th\u00edch m\u00e0 c\u00f2n ch\u1ee9ng minh v\u00e0 truy\u1ec1n c\u1ea3m h\u1ee9ng. Nh\u1eefng gi\u00e1o vi\u00ean kh\u01a1i d\u1eady ni\u1ec1m \u0111am m\u00ea h\u1ecdc t\u1eadp v\u00e0 khuy\u1ebfn kh\u00edch h\u1ecdc sinh \u0111\u1ea1t \u0111\u01b0\u1ee3c \u01b0\u1edbc m\u01a1 c\u1ee7a m\u00ecnh. Nh\u1eefng ng\u01b0\u1eddi th\u1ea7y thay \u0111\u1ed5i cu\u1ed9c \u0111\u1eddi.<\/p>\n<p>&nbsp;<\/p>\n<p>H\u00e3y tham gia chi\u1ebfn d\u1ecbch #Teacherku5.0 c\u1ee7a ch\u00fang t\u00f4i v\u00e0 gi\u00fap ch\u00fang t\u00f4i l\u00e0m s\u00e1ng t\u1ecf c\u00f4ng vi\u1ec7c \u0111\u00e1ng kinh ng\u1ea1c c\u1ee7a vi\u1ec7c truy\u1ec1n c\u1ea3m h\u1ee9ng cho Gi\u00e1o vi\u00ean \u1edf kh\u1eafp m\u1ecdi n\u01a1i. H\u00e3y nh\u1edb r\u1eb1ng: \u201cNg\u01b0\u1eddi th\u1ea7y t\u1ea7m th\u01b0\u1eddng ch\u1ec9 bi\u1ebft n\u00f3i. Th\u1ea7y gi\u1ecfi gi\u1ea3i th\u00edch. Th\u1ea7y c\u1ea5p tr\u00ean ch\u1ee9ng minh. Ng\u01b0\u1eddi th\u1ea7y v\u0129 \u0111\u1ea1i truy\u1ec1n c\u1ea3m h\u1ee9ng.\u201d<\/p>\n<p><strong>C\u01a1 ch\u1ebf cu\u1ed9c thi<\/strong><\/p>\n<ol>\n<li>H\u1ecdc sinh (13 \u0111\u1ebfn 18 tu\u1ed5i) \u0111\u1ec1 c\u1eed m\u1ed9t gi\u00e1o vi\u00ean\/ng\u01b0\u1eddi c\u1ed1 v\u1ea5n c\u1ee7a tr\u01b0\u1eddng v\u1edbi c\u00e2u chuy\u1ec7n v\u1ec1 \u201cGi\u00e1o vi\u00ean c\u1ee7a t\u00f4i l\u00e0 ngu\u1ed3n c\u1ea3m h\u1ee9ng ch\u00ednh c\u1ee7a t\u00f4i v\u00ec __________\u201d kh\u00f4ng qu\u00e1 100 t\u1eeb s\u1eed d\u1ee5ng \u201cM\u1eabu \u0111\u1ec1 c\u1eed c\u1ee7a Teacherku\u201d. G\u1eedi l\u1ea1i bi\u1ec3u m\u1eabu cho Ban t\u1ed5 ch\u1ee9c th\u00f4ng qua tr\u01b0\u1eddng c\u1ee7a h\u1ecd ho\u1eb7c g\u1eedi b\u00e0i d\u1ef1 thi c\u1ee7a h\u1ecd th\u00f4ng qua trang web c\u1ee7a Ban t\u1ed5 ch\u1ee9c (<a href=\"https:\/\/augstudy.com\/vi\/malaysia-2\/augteacherku\/\">https:\/\/augstudy.com\/malaysia\/augteacherku\/<\/a>). M\u1ed7i sinh vi\u00ean ch\u1ec9 c\u00f3 th\u1ec3 g\u1eedi m\u1ed9t \u0111\u1ec1 c\u1eed.<\/li>\n<li>H\u1ecdc sinh c\u00f3 th\u1ec3 \u0111\u1ec1 c\u1eed gi\u00e1o vi\u00ean c\u1ee7a m\u00ecnh tr\u1ef1c tuy\u1ebfn ho\u1eb7c tr\u1ef1c ti\u1ebfp, c\u00f9ng v\u1edbi \u1ea3nh ho\u1eb7c video c\u1ee7a gi\u00e1o vi\u00ean \u0111\u01b0\u1ee3c \u0111\u1ec1 c\u1eed.<\/li>\n<\/ol>\n<ul>\n<li>G\u1eedi tr\u1ef1c tuy\u1ebfn \u2013 C\u00f3 th\u1ec3 g\u1eedi \u1ea3nh\/video qua trang web c\u1ee7a Ban t\u1ed5 ch\u1ee9c.<\/li>\n<li>N\u1ed9p v\u1eadt l\u00fd \u2013M\u1eabu \u0111\u1ec1 c\u1eed gi\u00e1o vi\u00eanKu ph\u1ea3i \u0111\u01b0\u1ee3c n\u1ed9p cho tr\u01b0\u1eddng t\u01b0\u01a1ng \u1ee9ng c\u1ee7a gi\u00e1o vi\u00ean. \u1ea2nh\/video ph\u1ea3i \u0111\u01b0\u1ee3c g\u1eedi qua Tin nh\u1eafn tr\u1ef1c ti\u1ebfp t\u1edbi trang Facebook ho\u1eb7c t\u00e0i kho\u1ea3n Instagram c\u1ee7a AUG Malaysia. Vui l\u00f2ng cung c\u1ea5p t\u00ean \u0111\u1ea7y \u0111\u1ee7 c\u1ee7a h\u1ecdc sinh v\u00e0 gi\u00e1o vi\u00ean c\u00f9ng v\u1edbi t\u00ean tr\u01b0\u1eddng khi g\u1eedi \u1ea3nh\/video.<\/li>\n<\/ul>\n<p>2.1. K\u00edch th\u01b0\u1edbc t\u1ec7p g\u1eedi \u1ea3nh PH\u1ea2I nh\u1ecf h\u01a1n 2 MB.<\/p>\n<p>2.2. K\u00edch th\u01b0\u1edbc t\u1ec7p g\u1eedi video PH\u1ea2I nh\u1ecf h\u01a1n 10 MB v\u00e0 kh\u00f4ng d\u00e0i qu\u00e1 60 gi\u00e2y.<\/p>\n<p>2.3. Ch\u1ec9 m\u1ed9t \u1ea3nh ho\u1eb7c video cho m\u1ed7i \u0111\u1ec1 c\u1eed. \u1ea2nh\/video ph\u1ea3i l\u00e0 s\u1ea3n ph\u1ea9m g\u1ed1c v\u00e0 tu\u00e2n th\u1ee7 t\u1ea5t c\u1ea3 c\u00e1c quy t\u1eafc v\u00e0 quy \u0111\u1ecbnh v\u1ec1 b\u1ea3n quy\u1ec1n. C\u00e1c b\u00e0i \u0111\u0103ng v\u00e0 n\u1ed9i dung \u0111\u01b0\u1ee3c coi l\u00e0 nh\u1ea1y c\u1ea3m v\u1ec1 m\u1eb7t v\u0103n h\u00f3a v\u00e0 kh\u00f4ng ph\u00f9 h\u1ee3p s\u1ebd b\u1ecb Ban t\u1ed5 ch\u1ee9c v\u00f4 hi\u1ec7u.<\/p>\n<ol start=\"3\">\n<li><strong>Ba m\u01b0\u01a1i (30) ng\u01b0\u1eddi v\u00e0o chung k\u1ebft<\/strong> (gi\u00e1o vi\u00ean \u0111\u01b0\u1ee3c \u0111\u1ec1 c\u1eed) s\u1ebd \u0111\u01b0\u1ee3c l\u1ef1a ch\u1ecdn d\u1ef1a tr\u00ean c\u00e2u chuy\u1ec7n c\u1ea3m \u0111\u1ed9ng nh\u1ea5t \u0111\u01b0\u1ee3c g\u1eedi \u0111\u1ebfn \u0111\u1ed3ng th\u1eddi \u0111\u00e1p \u1ee9ng c\u00e1c ti\u00eau ch\u00ed n\u00eau tr\u00ean. Sau \u0111\u00f3, 30 gi\u00e1o vi\u00ean c\u1ee7a tr\u01b0\u1eddng \u0111\u01b0\u1ee3c \u0111\u1ec1 c\u1eed s\u1ebd \u0111\u01b0\u1ee3c y\u00eau c\u1ea7u cung c\u1ea5p m\u1ed9t b\u1ee9c \u1ea3nh, th\u00f4ng qua h\u1ecdc sinh, tr\u01b0\u1eddng h\u1ecdc ho\u1eb7c c\u00e1 nh\u00e2n. \u0110\u1ec1 c\u1eed s\u1ebd kh\u00f4ng h\u1ee3p l\u1ec7 n\u1ebfu kh\u00f4ng cung c\u1ea5p \u1ea3nh. 30 gi\u00e1o vi\u00ean \u0111\u01b0\u1ee3c \u0111\u1ec1 c\u1eed s\u1ebd \u0111\u01b0\u1ee3c c\u00f4ng b\u1ed1 v\u00e0 \u0111\u0103ng t\u1ea3i tr\u00ean Trang Instagram c\u1ee7a Ban t\u1ed5 ch\u1ee9c<u> (<\/u><a href=\"https:\/\/www.instagram.com\/augmalaysia\/\">https:\/\/www.instagram.com\/augmalaysia\/<\/a><u>)<\/u> \u0111\u1ec3 b\u1ecf phi\u1ebfu tr\u1ef1c tuy\u1ebfn tr\u00ean <strong>25<sup>th<\/sup> th\u00e1ng 5 n\u0103m 2023<\/strong> tr\u1edf \u0111i.<\/li>\n<li>Ban t\u1ed5 ch\u1ee9c c\u00f3 quy\u1ec1n v\u00e0 to\u00e0n quy\u1ec1n t\u1eeb ch\u1ed1i b\u1ea5t k\u1ef3 ng\u01b0\u1eddi l\u1ecdt v\u00e0o v\u00f2ng chung k\u1ebft n\u00e0o \u0111\u01b0\u1ee3c coi l\u00e0 c\u00f3 li\u00ean quan tr\u1ef1c ti\u1ebfp ho\u1eb7c ng\u1ea7m \u0111\u1ebfn vi\u1ec7c mua \u201cl\u01b0\u1ee3t th\u00edch\u201d phi \u0111\u1ea1o \u0111\u1ee9c tr\u00ean Instagram m\u00e0 kh\u00f4ng c\u1ea7n ph\u1ea3i \u0111\u01b0a ra b\u1ea5t k\u1ef3 l\u00fd do n\u00e0o.<\/li>\n<\/ol>\n<p>&nbsp;<\/p>\n<p><strong>Gi\u1ea3i th\u01b0\u1edfng &amp; \u0110i\u1ec1u kho\u1ea3n <\/strong><\/p>\n<ol>\n<li>Top 10 th\u00ed sinh l\u1ecdt v\u00e0o v\u00f2ng chung k\u1ebft c\u00f3 nhi\u1ec1u l\u01b0\u1ee3t th\u00edch nh\u1ea5t tr\u00ean Instagram: Top 10 th\u00ed sinh l\u1ecdt v\u00e0o v\u00f2ng chung k\u1ebft (gi\u00e1o vi\u00ean \u0111\u01b0\u1ee3c \u0111\u1ec1 c\u1eed) m\u1ed7i ng\u01b0\u1eddi s\u1ebd nh\u1eadn \u0111\u01b0\u1ee3c m\u1ed9t Mi Robot Vacuum ho\u1eb7c c\u00f3 gi\u00e1 tr\u1ecb t\u01b0\u01a1ng \u0111\u01b0\u01a1ng.<\/li>\n<li>Gi\u1ea3i Khuy\u1ebfn kh\u00edch: 20 gi\u00e1o vi\u00ean l\u1ecdt v\u00e0o v\u00f2ng chung k\u1ebft, m\u1ed7i gi\u00e1o vi\u00ean s\u1ebd nh\u1eadn \u0111\u01b0\u1ee3c Phi\u1ebfu qu\u00e0 t\u1eb7ng Hi\u1ec7u s\u00e1ch PH\u1ed4 BI\u1ebeN tr\u1ecb gi\u00e1 500 RM.<\/li>\n<li>Top 10 tr\u01b0\u1eddng c\u00f3 nhi\u1ec1u b\u00e0i d\u1ef1 thi nh\u1ea5t <em>(C\u00e1c m\u1eabu \u0111\u01a1n ph\u1ea3i \u0111\u01b0\u1ee3c \u0111i\u1ec1n \u0111\u1ea7y \u0111\u1ee7 \u0111\u1ec3 \u0111\u01b0\u1ee3c t\u00ednh l\u00e0 m\u1ed9t b\u00e0i d\u1ef1 thi)<\/em> m\u1ed7i ng\u01b0\u1eddi s\u1ebd nh\u1eadn \u0111\u01b0\u1ee3c m\u1ed9t m\u00e1y t\u00ednh b\u1ea3ng th\u00f4ng minh SAMSUNG ho\u1eb7c c\u00f3 gi\u00e1 tr\u1ecb t\u01b0\u01a1ng \u0111\u01b0\u01a1ng.<\/li>\n<li>Gi\u1ea3i th\u01b0\u1edfng kh\u00f4ng \u0111\u01b0\u1ee3c trao \u0111\u1ed5i, chuy\u1ec3n nh\u01b0\u1ee3ng ho\u1eb7c quy \u0111\u1ed5i d\u01b0\u1edbi b\u1ea5t k\u1ef3 h\u00ecnh th\u1ee9c n\u00e0o kh\u00e1c v\u00ec b\u1ea5t k\u1ef3 l\u00fd do g\u00ec. Ng\u01b0\u1eddi chi\u1ebfn th\u1eafng cu\u1ed9c thi s\u1ebd nh\u1eadn gi\u1ea3i th\u01b0\u1edfng c\u00e1 nh\u00e2n.<\/li>\n<li>Ng\u01b0\u1eddi chi\u1ebfn th\u1eafng s\u1ebd ch\u1ecbu tr\u00e1ch nhi\u1ec7m v\u1ec1 m\u1ecdi chi ph\u00ed li\u00ean quan \u0111\u1ebfn vi\u1ec7c quy \u0111\u1ed5i, nh\u1eadn, giao v\u00e0\/ho\u1eb7c ho\u00e0n thi\u1ec7n gi\u1ea3i th\u01b0\u1edfng c\u1ee7a m\u00ecnh.<\/li>\n<li>Quy\u1ebft \u0111\u1ecbnh c\u1ee7a Ban t\u1ed5 ch\u1ee9c l\u00e0 quy\u1ebft \u0111\u1ecbnh cu\u1ed1i c\u00f9ng. Kh\u00f4ng c\u00f3 th\u1eafc m\u1eafc, b\u1eb1ng l\u1eddi n\u00f3i ho\u1eb7c b\u1eb1ng v\u0103n b\u1ea3n, s\u1ebd \u0111\u01b0\u1ee3c gi\u1ea3i quy\u1ebft.<\/li>\n<li>B\u1eb1ng c\u00e1ch g\u1eedi B\u00e0i d\u1ef1 thi, Ng\u01b0\u1eddi d\u1ef1 thi \u0111\u01b0\u1ee3c coi l\u00e0 \u0111\u00e3 \u0111\u1ecdc, hi\u1ec3u, ch\u1ea5p nh\u1eadn v\u00e0 \u0111\u1ed3ng \u00fd b\u1ecb r\u00e0ng bu\u1ed9c b\u1edfi c\u00e1c \u0110i\u1ec1u kho\u1ea3n v\u00e0 \u0110i\u1ec1u ki\u1ec7n c\u1ee7a Cu\u1ed9c thi.<\/li>\n<li>Ban t\u1ed5 ch\u1ee9c v\u00e0 \u0111\u1ed1i t\u00e1c c\u1ee7a m\u00ecnh c\u00f3 quy\u1ec1n s\u1eed d\u1ee5ng b\u1ea5t k\u1ef3 b\u1ee9c \u1ea3nh n\u00e0o, h\u00ecnh \u1ea3nh chuy\u1ec3n \u0111\u1ed9ng, b\u1ea3n ghi \u00e2m ho\u1eb7c b\u1ea5t k\u1ef3 h\u1ed3 s\u01a1 truy\u1ec1n th\u00f4ng n\u00e0o kh\u00e1c c\u1ee7a Cu\u1ed9c thi (bao g\u1ed3m c\u1ea3 c\u1ee7a Ng\u01b0\u1eddi tham gia), cho b\u1ea5t k\u1ef3 m\u1ee5c \u0111\u00edch h\u1ee3p ph\u00e1p n\u00e0o bao g\u1ed3m qu\u1ea3ng c\u00e1o th\u01b0\u01a1ng m\u1ea1i v\u00e0 ph\u00e2n ph\u1ed1i cho c\u00e1c nh\u00e0 t\u00e0i tr\u1ee3 \u1edf b\u1ea5t k\u1ef3 \u0111\u00e2u tr\u00ean th\u1ebf gi\u1edbi m\u00e0 kh\u00f4ng c\u1ea7n b\u1ea5t k\u1ef3 th\u00f4ng b\u00e1o n\u00e0o v\u00e0\/ho\u1eb7c thanh to\u00e1n cho Ng\u01b0\u1eddi tham gia.<\/li>\n<li>Th\u00ed sinh \u0111\u1ed3ng \u00fd v\u00e0 \u0111\u1ed3ng \u00fd v\u1edbi Ban t\u1ed5 ch\u1ee9c v\u1ec1 vi\u1ec7c s\u1eed d\u1ee5ng b\u1ea5t k\u1ef3 d\u1eef li\u1ec7u c\u00e1 nh\u00e2n n\u00e0o do th\u00ed sinh cung c\u1ea5p cho m\u1ee5c \u0111\u00edch tham gia Cu\u1ed9c thi n\u00e0y ph\u00f9 h\u1ee3p v\u1edbi \u0110\u1ea1o lu\u1eadt b\u1ea3o v\u1ec7 d\u1eef li\u1ec7u c\u00e1 nh\u00e2n n\u0103m 2012 v\u00e0 c\u00e1c lu\u1eadt hi\u1ec7n h\u00e0nh kh\u00e1c, trong ph\u1ea1m vi b\u1ea5t k\u1ef3 d\u1eef li\u1ec7u c\u00e1 nh\u00e2n n\u00e0o \u0111\u01b0\u1ee3c cung c\u1ea5p s\u1ebd ch\u1ec9 \u0111\u01b0\u1ee3c Ban t\u1ed5 ch\u1ee9c x\u1eed l\u00fd v\u00e0 s\u1eed d\u1ee5ng cho m\u1ee5c \u0111\u00edch h\u1ee3p ph\u00e1p li\u00ean quan tr\u1ef1c ti\u1ebfp \u0111\u1ebfn ho\u1ea1t \u0111\u1ed9ng kinh doanh, bao g\u1ed3m nh\u01b0ng kh\u00f4ng gi\u1edbi h\u1ea1n \u1edf m\u1ee5c \u0111\u00edch t\u1ed5 ch\u1ee9c c\u00e1c s\u1ef1 ki\u1ec7n khuy\u1ebfn m\u1ea1i, qu\u1ea3ng c\u00e1o, ti\u1ebfp th\u1ecb v\u00e0 m\u1ecdi v\u1ea5n \u0111\u1ec1 h\u00e0nh ch\u00ednh \u0111\u1ec3 t\u1ea1o thu\u1eadn l\u1ee3i cho vi\u1ec7c qu\u1ea3n l\u00fd v\u00e0 t\u1ed5 ch\u1ee9c Cu\u1ed9c thi n\u00e0y.<\/li>\n<\/ol>\n<p>&nbsp;<\/p>\n<p>&nbsp;<\/p>\n<p><strong>Th\u00f4ng b\u00e1o ng\u01b0\u1eddi chi\u1ebfn th\u1eafng<\/strong><\/p>\n<p>Ban t\u1ed5 ch\u1ee9c s\u1ebd c\u00f4ng b\u1ed1 ng\u01b0\u1eddi chi\u1ebfn th\u1eafng th\u00f4ng qua Trang Instagram c\u1ee7a Ban t\u1ed5 ch\u1ee9c v\u00e0o ng\u00e0y 2<sup>nd<\/sup> Th\u00e1ng 6 n\u0103m 2023 v\u00e0 Ban t\u1ed5 ch\u1ee9c s\u1ebd li\u00ean l\u1ea1c v\u1edbi ng\u01b0\u1eddi chi\u1ebfn th\u1eafng v\u1ec1 vi\u1ec7c nh\u1eadn gi\u1ea3i th\u01b0\u1edfng th\u00f4ng qua tr\u01b0\u1eddng m\u00e0 gi\u00e1o vi\u00ean (ng\u01b0\u1eddi chi\u1ebfn th\u1eafng) tr\u1ef1c thu\u1ed9c.<\/p>\n<p><strong>\u0110\u1ec1 c\u1eed b\u1eaft \u0111\u1ea7u ngay b\u00e2y gi\u1edd!<\/strong><\/p>\n\n\t\t<\/div>\n\t<\/div>\n<div class=\"vc_btn3-container vc_btn3-center\"><a class=\"vc_general vc_btn3 vc_btn3-size-md vc_btn3-shape-rounded vc_btn3-style-modern vc_btn3-color-primary\" href=\"https:\/\/forms.gle\/H7u4RZP2vuNSP71X9\" title=\"\" target=\"_blank\" rel=\"nofollow\">H\u00e3y \u0111\u1ec1 c\u1eed gi\u00e1o vi\u00ean c\u1ee7a b\u1ea1n ngay b\u00e2y gi\u1edd!<\/a><\/div>\n<div class=\"vc_empty_space\"  style=\"height: 32px\" ><span class=\"vc_empty_space_inner\"><\/span><\/div>\n<\/div><\/div><\/div><\/div>","protected":false},"excerpt":{"rendered":"#AUG Teacherku 5.0 TERMS AND CONDITIONS: \u201c#AUGTeacherKu5.0 \u2013 TeacherKu, InspirasiKu\u201d contest (\u201cthe Contest\u201d) is organized by AusEd Consultants Services Sdn Bhd, hereby known as the \u201cOrganiser\u201d. The Organiser may, at its sole and absolute discretion, amend these terms and conditions at any time without any prior notice to any party. This is a Malaysia nationwide [...]","protected":false},"author":5,"featured_media":0,"parent":2279,"menu_order":0,"comment_status":"closed","ping_status":"closed","template":"","meta":{"footnotes":""},"class_list":["post-351014","page","type-page","status-publish","hentry"],"yoast_head":"<!-- This site is optimized with the Yoast SEO Premium plugin v27.0 (Yoast SEO v27.3) - https:\/\/yoast.com\/product\/yoast-seo-premium-wordpress\/ -->\n<title>#AUG Teacherku 5.0 - AUG Student Services<\/title>\n<meta name=\"description\" content=\"AUG Student Services #AUG Teacherku 5.0\" \/>\n<meta name=\"robots\" content=\"index, follow, max-snippet:-1, max-image-preview:large, max-video-preview:-1\" \/>\n<link rel=\"canonical\" href=\"https:\/\/augstudy.com\/vi\/malaysia-2\/augteacherku\/\" \/>\n<meta property=\"og:locale\" content=\"vi_VN\" \/>\n<meta property=\"og:type\" content=\"article\" \/>\n<meta property=\"og:title\" content=\"#AUG Teacherku 5.0\" \/>\n<meta property=\"og:description\" content=\"AUG Student Services #AUG Teacherku 5.0\" \/>\n<meta property=\"og:url\" content=\"https:\/\/augstudy.com\/vi\/malaysia-2\/augteacherku\/\" \/>\n<meta property=\"og:site_name\" content=\"AUG Student Services\" \/>\n<meta property=\"article:publisher\" content=\"https:\/\/www.facebook.com\/augmalaysia\/\" \/>\n<meta property=\"article:modified_time\" content=\"2024-09-13T01:56:50+00:00\" \/>\n<meta name=\"twitter:card\" content=\"summary_large_image\" \/>\n<meta name=\"twitter:label1\" content=\"\u01af\u1edbc t\u00ednh th\u1eddi gian \u0111\u1ecdc\" \/>\n\t<meta name=\"twitter:data1\" content=\"4 ph\u00fat\" \/>\n<script type=\"application\/ld+json\" class=\"yoast-schema-graph\">{\"@context\":\"https:\\\/\\\/schema.org\",\"@graph\":[{\"@type\":\"WebPage\",\"@id\":\"https:\\\/\\\/augstudy.com\\\/malaysia\\\/augteacherku\\\/\",\"url\":\"https:\\\/\\\/augstudy.com\\\/malaysia\\\/augteacherku\\\/\",\"name\":\"#AUG Teacherku 5.0 - AUG Student Services\",\"isPartOf\":{\"@id\":\"https:\\\/\\\/augstudy.com\\\/#website\"},\"datePublished\":\"2023-03-20T05:35:18+00:00\",\"dateModified\":\"2024-09-13T01:56:50+00:00\",\"description\":\"AUG Student Services #AUG Teacherku 5.0\",\"breadcrumb\":{\"@id\":\"https:\\\/\\\/augstudy.com\\\/malaysia\\\/augteacherku\\\/#breadcrumb\"},\"inLanguage\":\"vi\",\"potentialAction\":[{\"@type\":\"ReadAction\",\"target\":[\"https:\\\/\\\/augstudy.com\\\/malaysia\\\/augteacherku\\\/\"]}]},{\"@type\":\"BreadcrumbList\",\"@id\":\"https:\\\/\\\/augstudy.com\\\/malaysia\\\/augteacherku\\\/#breadcrumb\",\"itemListElement\":[{\"@type\":\"ListItem\",\"position\":1,\"name\":\"Home\",\"item\":\"https:\\\/\\\/augstudy.com\\\/\"},{\"@type\":\"ListItem\",\"position\":2,\"name\":\"AUG Malaysia\",\"item\":\"https:\\\/\\\/augstudy.com\\\/malaysia\\\/\"},{\"@type\":\"ListItem\",\"position\":3,\"name\":\"#AUG Teacherku 5.0\"}]},{\"@type\":\"WebSite\",\"@id\":\"https:\\\/\\\/augstudy.com\\\/#website\",\"url\":\"https:\\\/\\\/augstudy.com\\\/\",\"name\":\"AUG Student Services\",\"description\":\"Student Services\",\"alternateName\":\"AUG Global\",\"potentialAction\":[{\"@type\":\"SearchAction\",\"target\":{\"@type\":\"EntryPoint\",\"urlTemplate\":\"https:\\\/\\\/augstudy.com\\\/?s={search_term_string}\"},\"query-input\":{\"@type\":\"PropertyValueSpecification\",\"valueRequired\":true,\"valueName\":\"search_term_string\"}}],\"inLanguage\":\"vi\"}]}<\/script>\n<!-- \/ Yoast SEO Premium plugin. -->","yoast_head_json":{"title":"#AUG Teacherku 5.0 - AUG Student Services","description":"AUG Student Services #AUG Teacherku 5.0","robots":{"index":"index","follow":"follow","max-snippet":"max-snippet:-1","max-image-preview":"max-image-preview:large","max-video-preview":"max-video-preview:-1"},"canonical":"https:\/\/augstudy.com\/vi\/malaysia-2\/augteacherku\/","og_locale":"vi_VN","og_type":"article","og_title":"#AUG Teacherku 5.0","og_description":"AUG Student Services #AUG Teacherku 5.0","og_url":"https:\/\/augstudy.com\/vi\/malaysia-2\/augteacherku\/","og_site_name":"AUG Student Services","article_publisher":"https:\/\/www.facebook.com\/augmalaysia\/","article_modified_time":"2024-09-13T01:56:50+00:00","twitter_card":"summary_large_image","twitter_misc":{"\u01af\u1edbc t\u00ednh th\u1eddi gian \u0111\u1ecdc":"4 ph\u00fat"},"schema":{"@context":"https:\/\/schema.org","@graph":[{"@type":"WebPage","@id":"https:\/\/augstudy.com\/malaysia\/augteacherku\/","url":"https:\/\/augstudy.com\/malaysia\/augteacherku\/","name":"#AUG Teacherku 5.0 - AUG Student Services","isPartOf":{"@id":"https:\/\/augstudy.com\/#website"},"datePublished":"2023-03-20T05:35:18+00:00","dateModified":"2024-09-13T01:56:50+00:00","description":"AUG Student Services #AUG Teacherku 5.0","breadcrumb":{"@id":"https:\/\/augstudy.com\/malaysia\/augteacherku\/#breadcrumb"},"inLanguage":"vi","potentialAction":[{"@type":"ReadAction","target":["https:\/\/augstudy.com\/malaysia\/augteacherku\/"]}]},{"@type":"BreadcrumbList","@id":"https:\/\/augstudy.com\/malaysia\/augteacherku\/#breadcrumb","itemListElement":[{"@type":"ListItem","position":1,"name":"Home","item":"https:\/\/augstudy.com\/"},{"@type":"ListItem","position":2,"name":"AUG Malaysia","item":"https:\/\/augstudy.com\/malaysia\/"},{"@type":"ListItem","position":3,"name":"#AUG Teacherku 5.0"}]},{"@type":"WebSite","@id":"https:\/\/augstudy.com\/#website","url":"https:\/\/augstudy.com\/","name":"D\u1ecbch v\u1ee5 Sinh vi\u00ean AUG","description":"D\u1ecbch v\u1ee5 sinh vi\u00ean","alternateName":"AUG Global","potentialAction":[{"@type":"SearchAction","target":{"@type":"EntryPoint","urlTemplate":"https:\/\/augstudy.com\/?s={search_term_string}"},"query-input":{"@type":"PropertyValueSpecification","valueRequired":true,"valueName":"search_term_string"}}],"inLanguage":"vi"}]}},"_links":{"self":[{"href":"https:\/\/augstudy.com\/vi\/wp-json\/wp\/v2\/pages\/351014","targetHints":{"allow":["GET"]}}],"collection":[{"href":"https:\/\/augstudy.com\/vi\/wp-json\/wp\/v2\/pages"}],"about":[{"href":"https:\/\/augstudy.com\/vi\/wp-json\/wp\/v2\/types\/page"}],"author":[{"embeddable":true,"href":"https:\/\/augstudy.com\/vi\/wp-json\/wp\/v2\/users\/5"}],"replies":[{"embeddable":true,"href":"https:\/\/augstudy.com\/vi\/wp-json\/wp\/v2\/comments?post=351014"}],"version-history":[{"count":0,"href":"https:\/\/augstudy.com\/vi\/wp-json\/wp\/v2\/pages\/351014\/revisions"}],"up":[{"embeddable":true,"href":"https:\/\/augstudy.com\/vi\/wp-json\/wp\/v2\/pages\/2279"}],"wp:attachment":[{"href":"https:\/\/augstudy.com\/vi\/wp-json\/wp\/v2\/media?parent=351014"}],"curies":[{"name":"wp","href":"https:\/\/api.w.org\/{rel}","templated":true}]}}