{"id":350906,"date":"2023-03-16T09:23:05","date_gmt":"2023-03-15T22:23:05","guid":{"rendered":"https:\/\/augstudy.com\/?page_id=350906"},"modified":"2023-03-30T12:21:39","modified_gmt":"2023-03-30T01:21:39","slug":"yeu-cau-nam-2023","status":"publish","type":"page","link":"https:\/\/augstudy.com\/vi\/enquiry-2023\/","title":{"rendered":"Y\u00eau c\u1ea7u (FL)"},"content":{"rendered":"<div class=\"vc_row wpb_row vc_row-fluid nd_options_margin_top_70 nd_options_margin_bottom_70 aug_margin_top_bottom_0_all_iphone vc_custom_1539839252608\"><div class=\"nd_options_text_align_center_all_iphone wpb_column vc_column_container vc_col-sm-4 vc_col-has-fill\"><div class=\"vc_column-inner vc_custom_1539841979666\"><div class=\"wpb_wrapper\">\n    <div style=\"text-align:;\" class=\"nd_options_section\">\n      <img decoding=\"async\" alt=\"\" style=\"width:40px;\" class=\" nd_options_margin_0 nd_options_padding_0 \" src=\"https:\/\/augstudy.com\/aug-website-files\/wp-content\/uploads\/2018\/10\/application-form_letter_mail_icon.svg\">\n    <\/div>\n   \n\t<div class=\"wpb_text_column wpb_content_element \">\n\t\t<div class=\"wpb_wrapper\">\n\t\t\t<h3><strong>Enquiry Form<\/strong><\/h3>\n\n\t\t<\/div>\n\t<\/div>\n<div class=\"vc_row wpb_row vc_inner vc_row-fluid nd_options_display_none_all_responsive vc_custom_1555547683466\"><div class=\"wpb_column vc_column_container vc_col-sm-4\"><div class=\"vc_column-inner \"><div class=\"wpb_wrapper\">\n    <div style=\"text-align:center;\" class=\"nd_options_section\">\n      <img decoding=\"async\" alt=\"\" style=\"width:80px;\" class=\" nd_options_margin_0 nd_options_padding_0 \" src=\"https:\/\/augstudy.com\/aug-website-files\/wp-content\/uploads\/2018\/03\/1.png\">\n    <\/div>\n   <\/div><\/div><\/div><div class=\"wpb_column vc_column_container vc_col-sm-8\"><div class=\"vc_column-inner \"><div class=\"wpb_wrapper\">\n\t<div class=\"wpb_text_column wpb_content_element \">\n\t\t<div class=\"wpb_wrapper\">\n\t\t\t<p><strong>Got Questions<\/strong>? Your personal counsellor is just one click away.<\/p>\n\n\t\t<\/div>\n\t<\/div>\n<\/div><\/div><\/div><\/div><div class=\"vc_row wpb_row vc_inner vc_row-fluid nd_options_display_none_all_responsive vc_custom_1555547690498\"><div class=\"wpb_column vc_column_container vc_col-sm-4\"><div class=\"vc_column-inner \"><div class=\"wpb_wrapper\">\n    <div style=\"text-align:center;\" class=\"nd_options_section\">\n      <img decoding=\"async\" alt=\"\" style=\"width:80px;\" class=\" nd_options_margin_0 nd_options_padding_0 \" src=\"https:\/\/augstudy.com\/aug-website-files\/wp-content\/uploads\/2018\/03\/2.png\">\n    <\/div>\n   <\/div><\/div><\/div><div class=\"wpb_column vc_column_container vc_col-sm-8\"><div class=\"vc_column-inner \"><div class=\"wpb_wrapper\">\n\t<div class=\"wpb_text_column wpb_content_element \">\n\t\t<div class=\"wpb_wrapper\">\n\t\t\t<p>Spend a minute completing this form and a consultant will get in touch shortly.<\/p>\n\n\t\t<\/div>\n\t<\/div>\n<\/div><\/div><\/div><\/div><div class=\"vc_row wpb_row vc_inner vc_row-fluid aug_enquiry_form_left_end nd_options_padding_bottom_0_all_iphone nd_options_display_none_all_responsive vc_custom_1555547701986\"><div class=\"wpb_column vc_column_container vc_col-sm-4\"><div class=\"vc_column-inner \"><div class=\"wpb_wrapper\">\n    <div style=\"text-align:center;\" class=\"nd_options_section\">\n      <img decoding=\"async\" alt=\"\" style=\"width:80px;\" class=\" nd_options_margin_0 nd_options_padding_0 \" src=\"https:\/\/augstudy.com\/aug-website-files\/wp-content\/uploads\/2018\/03\/3.png\">\n    <\/div>\n   <\/div><\/div><\/div><div class=\"wpb_column vc_column_container vc_col-sm-8\"><div class=\"vc_column-inner \"><div class=\"wpb_wrapper\">\n\t<div class=\"wpb_text_column wpb_content_element \">\n\t\t<div class=\"wpb_wrapper\">\n\t\t\t<p>Do you know you can also lodge in an application form for scholarship? <a href=\"\/scholarships\/#apply\">Click here<\/a> for scholarship application form.<\/p>\n\n\t\t<\/div>\n\t<\/div>\n<\/div><\/div><\/div><\/div><\/div><\/div><\/div><div class=\"wpb_column vc_column_container vc_col-sm-8 vc_col-has-fill\"><div class=\"vc_column-inner vc_custom_1539838025836\"><div class=\"wpb_wrapper\">\n\t<div class=\"wpb_raw_code wpb_content_element wpb_raw_html\">\n\t\t<div class=\"wpb_wrapper\">\n\t\t\t<script data-b24-form=\"inline\/122\/5w3acx\" data-skip-moving=\"true\">(function(w,d,u){var s=d.createElement('script');s.async=true;s.src=u+'?'+(Date.now()\/180000|0);var h=d.getElementsByTagName('script')[0];h.parentNode.insertBefore(s,h);})(window,document,'https:\/\/augcrm.com\/upload\/crm\/form\/loader_122_5w3acx.js');<\/script>\n\t\t<\/div>\n\t<\/div>\n\n\t<div class=\"wpb_raw_code wpb_raw_js\">\n\t\t<div class=\"wpb_wrapper\">\n\t\t\t<script type=\"text\/javascript\">\n\/*jQuery(document).ready( function () {\n    jQuery('.b24-form-field.b24-form-field-list.b24-form-control-list .b24-form-control-container.b24-form-control-icon-after').on('click', function () {\n        jQuery('.b24-form-control-list-selector-item-title').html(function () {\n            jQuery('.b24-form-control-list-selector-item-title').css('margin-left', '25px');\n            \/\/jQuery('.b24-form-control-list-selector-item').before('<div readonly=\"readonly\" disabled=\"disabled\" class=\"b24-form-control-list-selector-item\" style=\"pointer-events: none;background-color: var(--b24-field-background-color);font-weight: bold;\"><div readonly=\"readonly\" disabled=\"disabled\" class=\"b24-form-control-list-selector-item-titles\"><span>AUSTRALIA<\/span><\/div><\/div>') \n            return jQuery(this).html().replace(\/(?:(&lt;)\\w+\\.?\\w+\\@\\w+\\.\\w+\\.?\\w*(&gt;))\/, '').replace(\/[A-Z]*(&gt;)\/, '');\n        })\n    })\n\n    jQuery('.b24-form-style-modern').submit(function () {\n        console.log('Submit Button Clicked')\n    })\n})*\/\n\njQuery(document).ready( function () {\n    jQuery('.b24-form-field.b24-form-field-list.b24-form-control-list .b24-form-control-container.b24-form-control-icon-after').on('click', function () {\n        jQuery('.b24-form-control-list-selector-item-title').html(function () {\n            return jQuery(this).html().replace(\/(?:(&lt;)\\w+\\.?\\w+\\@\\w+\\.\\w+\\.?\\w*(&gt;))\/, '').replace(\/[A-Z]*(&gt;)\/, '');\n        })\n    })\n\n    jQuery('.b24-form-style-modern').submit(function () {\n        console.log('Submit Button Clicked')\n    })\n})\n<\/script>\n\t\t<\/div>\n\t<\/div>\n<\/div><\/div><\/div><\/div><div class=\"vc_row wpb_row vc_row-fluid\"><div class=\"wpb_column vc_column_container vc_col-sm-12\"><div class=\"vc_column-inner \"><div class=\"wpb_wrapper\"><\/div><\/div><\/div><\/div>\n","protected":false},"excerpt":{"rendered":"Enquiry Form Got Questions? Your personal counsellor is just one click away. Spend a minute completing this form and a consultant will get in touch shortly. Do you know you can also lodge in an application form for scholarship? Click here for scholarship application form. (function(w,d,u){var s=d.createElement('script');s.async=true;s.src=u+'?'+(Date.now()\/180000|0);var h=d.getElementsByTagName('script')[0];h.parentNode.insertBefore(s,h);})(window,document,'https:\/\/augcrm.com\/upload\/crm\/form\/loader_122_5w3acx.js'); \/*jQuery(document).ready( function () { jQuery('.b24-form-field.b24-form-field-list.b24-form-control-list .b24-form-control-container.b24-form-control-icon-after').on('click', function [...]","protected":false},"author":4,"featured_media":0,"parent":0,"menu_order":0,"comment_status":"closed","ping_status":"closed","template":"","meta":{"footnotes":""},"class_list":["post-350906","page","type-page","status-publish","hentry"],"yoast_head":"<!-- This site is optimized with the Yoast SEO Premium plugin v27.0 (Yoast SEO v27.3) - https:\/\/yoast.com\/product\/yoast-seo-premium-wordpress\/ -->\n<title>Enquiry (FL) - AUG Student Services<\/title>\n<meta name=\"description\" content=\"Free counselling for university selection, scholarships and visa applications. Let AUG Student Services fast-track your study-abroad journey today.\" \/>\n<meta name=\"robots\" content=\"index, follow, max-snippet:-1, max-image-preview:large, max-video-preview:-1\" \/>\n<link rel=\"canonical\" href=\"https:\/\/augstudy.com\/vi\/yeu-cau-nam-2023\/\" \/>\n<meta property=\"og:locale\" content=\"vi_VN\" \/>\n<meta property=\"og:type\" content=\"article\" \/>\n<meta property=\"og:title\" content=\"Enquiry (FL)\" \/>\n<meta property=\"og:description\" content=\"Free counselling for university selection, scholarships and visa applications. Let AUG Student Services fast-track your study-abroad journey today.\" \/>\n<meta property=\"og:url\" content=\"https:\/\/augstudy.com\/vi\/yeu-cau-nam-2023\/\" \/>\n<meta property=\"og:site_name\" content=\"AUG Student Services\" \/>\n<meta property=\"article:publisher\" content=\"https:\/\/www.facebook.com\/augmalaysia\/\" \/>\n<meta property=\"article:modified_time\" content=\"2023-03-30T01:21:39+00:00\" \/>\n<meta name=\"twitter:card\" content=\"summary_large_image\" \/>\n<meta name=\"twitter:label1\" content=\"\u01af\u1edbc t\u00ednh th\u1eddi gian \u0111\u1ecdc\" \/>\n\t<meta name=\"twitter:data1\" content=\"1 ph\u00fat\" \/>\n<script type=\"application\/ld+json\" class=\"yoast-schema-graph\">{\"@context\":\"https:\\\/\\\/schema.org\",\"@graph\":[{\"@type\":\"WebPage\",\"@id\":\"https:\\\/\\\/augstudy.com\\\/enquiry-2023\\\/\",\"url\":\"https:\\\/\\\/augstudy.com\\\/enquiry-2023\\\/\",\"name\":\"Enquiry (FL) - AUG Student Services\",\"isPartOf\":{\"@id\":\"https:\\\/\\\/augstudy.com\\\/#website\"},\"datePublished\":\"2023-03-15T22:23:05+00:00\",\"dateModified\":\"2023-03-30T01:21:39+00:00\",\"description\":\"Free counselling for university selection, scholarships and visa applications. Let AUG Student Services fast-track your study-abroad journey today.\",\"breadcrumb\":{\"@id\":\"https:\\\/\\\/augstudy.com\\\/enquiry-2023\\\/#breadcrumb\"},\"inLanguage\":\"vi\",\"potentialAction\":[{\"@type\":\"ReadAction\",\"target\":[\"https:\\\/\\\/augstudy.com\\\/enquiry-2023\\\/\"]}]},{\"@type\":\"BreadcrumbList\",\"@id\":\"https:\\\/\\\/augstudy.com\\\/enquiry-2023\\\/#breadcrumb\",\"itemListElement\":[{\"@type\":\"ListItem\",\"position\":1,\"name\":\"Home\",\"item\":\"https:\\\/\\\/augstudy.com\\\/\"},{\"@type\":\"ListItem\",\"position\":2,\"name\":\"Enquiry (FL)\"}]},{\"@type\":\"WebSite\",\"@id\":\"https:\\\/\\\/augstudy.com\\\/#website\",\"url\":\"https:\\\/\\\/augstudy.com\\\/\",\"name\":\"AUG Student Services\",\"description\":\"Student Services\",\"alternateName\":\"AUG Global\",\"potentialAction\":[{\"@type\":\"SearchAction\",\"target\":{\"@type\":\"EntryPoint\",\"urlTemplate\":\"https:\\\/\\\/augstudy.com\\\/?s={search_term_string}\"},\"query-input\":{\"@type\":\"PropertyValueSpecification\",\"valueRequired\":true,\"valueName\":\"search_term_string\"}}],\"inLanguage\":\"vi\"}]}<\/script>\n<!-- \/ Yoast SEO Premium plugin. -->","yoast_head_json":{"title":"Y\u00eau c\u1ea7u (FL) - D\u1ecbch v\u1ee5 sinh vi\u00ean AUG","description":"T\u01b0 v\u1ea5n mi\u1ec5n ph\u00ed v\u1ec1 ch\u1ecdn tr\u01b0\u1eddng \u0111\u1ea1i h\u1ecdc, h\u1ecdc b\u1ed5ng v\u00e0 xin th\u1ecb th\u1ef1c. H\u00e3y \u0111\u1ec3 D\u1ecbch v\u1ee5 Sinh vi\u00ean AUG gi\u00fap b\u1ea1n nhanh ch\u00f3ng ho\u00e0n th\u00e0nh h\u00e0nh tr\u00ecnh du h\u1ecdc ngay h\u00f4m nay.","robots":{"index":"index","follow":"follow","max-snippet":"max-snippet:-1","max-image-preview":"max-image-preview:large","max-video-preview":"max-video-preview:-1"},"canonical":"https:\/\/augstudy.com\/vi\/yeu-cau-nam-2023\/","og_locale":"vi_VN","og_type":"article","og_title":"Enquiry (FL)","og_description":"Free counselling for university selection, scholarships and visa applications. Let AUG Student Services fast-track your study-abroad journey today.","og_url":"https:\/\/augstudy.com\/vi\/yeu-cau-nam-2023\/","og_site_name":"AUG Student Services","article_publisher":"https:\/\/www.facebook.com\/augmalaysia\/","article_modified_time":"2023-03-30T01:21:39+00:00","twitter_card":"summary_large_image","twitter_misc":{"\u01af\u1edbc t\u00ednh th\u1eddi gian \u0111\u1ecdc":"1 ph\u00fat"},"schema":{"@context":"https:\/\/schema.org","@graph":[{"@type":"WebPage","@id":"https:\/\/augstudy.com\/enquiry-2023\/","url":"https:\/\/augstudy.com\/enquiry-2023\/","name":"Y\u00eau c\u1ea7u (FL) - D\u1ecbch v\u1ee5 sinh vi\u00ean AUG","isPartOf":{"@id":"https:\/\/augstudy.com\/#website"},"datePublished":"2023-03-15T22:23:05+00:00","dateModified":"2023-03-30T01:21:39+00:00","description":"T\u01b0 v\u1ea5n mi\u1ec5n ph\u00ed v\u1ec1 ch\u1ecdn tr\u01b0\u1eddng \u0111\u1ea1i h\u1ecdc, h\u1ecdc b\u1ed5ng v\u00e0 xin th\u1ecb th\u1ef1c. H\u00e3y \u0111\u1ec3 D\u1ecbch v\u1ee5 Sinh vi\u00ean AUG gi\u00fap b\u1ea1n nhanh ch\u00f3ng ho\u00e0n th\u00e0nh h\u00e0nh tr\u00ecnh du h\u1ecdc ngay h\u00f4m nay.","breadcrumb":{"@id":"https:\/\/augstudy.com\/enquiry-2023\/#breadcrumb"},"inLanguage":"vi","potentialAction":[{"@type":"ReadAction","target":["https:\/\/augstudy.com\/enquiry-2023\/"]}]},{"@type":"BreadcrumbList","@id":"https:\/\/augstudy.com\/enquiry-2023\/#breadcrumb","itemListElement":[{"@type":"ListItem","position":1,"name":"Home","item":"https:\/\/augstudy.com\/"},{"@type":"ListItem","position":2,"name":"Enquiry (FL)"}]},{"@type":"WebSite","@id":"https:\/\/augstudy.com\/#website","url":"https:\/\/augstudy.com\/","name":"D\u1ecbch v\u1ee5 Sinh vi\u00ean AUG","description":"D\u1ecbch v\u1ee5 sinh vi\u00ean","alternateName":"AUG Global","potentialAction":[{"@type":"SearchAction","target":{"@type":"EntryPoint","urlTemplate":"https:\/\/augstudy.com\/?s={search_term_string}"},"query-input":{"@type":"PropertyValueSpecification","valueRequired":true,"valueName":"search_term_string"}}],"inLanguage":"vi"}]}},"_links":{"self":[{"href":"https:\/\/augstudy.com\/vi\/wp-json\/wp\/v2\/pages\/350906","targetHints":{"allow":["GET"]}}],"collection":[{"href":"https:\/\/augstudy.com\/vi\/wp-json\/wp\/v2\/pages"}],"about":[{"href":"https:\/\/augstudy.com\/vi\/wp-json\/wp\/v2\/types\/page"}],"author":[{"embeddable":true,"href":"https:\/\/augstudy.com\/vi\/wp-json\/wp\/v2\/users\/4"}],"replies":[{"embeddable":true,"href":"https:\/\/augstudy.com\/vi\/wp-json\/wp\/v2\/comments?post=350906"}],"version-history":[{"count":0,"href":"https:\/\/augstudy.com\/vi\/wp-json\/wp\/v2\/pages\/350906\/revisions"}],"wp:attachment":[{"href":"https:\/\/augstudy.com\/vi\/wp-json\/wp\/v2\/media?parent=350906"}],"curies":[{"name":"wp","href":"https:\/\/api.w.org\/{rel}","templated":true}]}}