{"id":349744,"date":"2023-01-31T18:14:34","date_gmt":"2023-01-31T07:14:34","guid":{"rendered":"https:\/\/augstudy.com\/?page_id=349744"},"modified":"2026-02-04T15:24:25","modified_gmt":"2026-02-04T04:24:25","slug":"buoi-thong-tin-lasalle","status":"publish","type":"page","link":"https:\/\/augstudy.com\/vi\/philippines\/events\/lasalle-info-session\/","title":{"rendered":"[AUG Manila] LASALLE College of the Arts Information Session"},"content":{"rendered":"<div data-vc-full-width=\"true\" data-vc-full-width-init=\"false\" class=\"vc_row wpb_row vc_row-fluid vc_custom_1682916971038 vc_row-has-fill vc_row-o-content-middle vc_row-flex\"><div class=\"wpb_column vc_column_container vc_col-sm-2 vc_hidden-sm vc_hidden-xs\"><div class=\"vc_column-inner\"><div class=\"wpb_wrapper\"><\/div><\/div><\/div><div class=\"wpb_column vc_column_container vc_col-sm-8\"><div class=\"vc_column-inner vc_custom_1671748405855\"><div class=\"wpb_wrapper\">\n\t<div class=\"wpb_text_column wpb_content_element  aug_content_box\">\n\t\t<div class=\"wpb_wrapper\">\n\t\t\t<h3><strong>La Salle College of the Arts Information Session<\/strong><\/h3>\n<p><span class=\"\" style=\"display:block;clear:both;height: 0px;padding-top: 15px;border-top-width:0px;border-bottom-width:0px;\"><\/span>Unleash your creative potential and take your craft to the global stage at the LASALLE College of the Arts Information Session. This exclusive event, held in partnership with the University of the Arts Singapore (UAS), offers aspiring artists and designers a unique opportunity to explore world-class programs in a vibrant, practice-led environment. Whether you are interested in Fine Arts, Design, Fashion, or Performing Arts, this session provides direct insights into the application process, portfolio requirements, and the various scholarship opportunities available to international students.<\/p>\n<h3><span class=\"\" style=\"display:block;clear:both;height: 0px;padding-top: 15px;border-top-width:0px;border-bottom-width:0px;\"><\/span><strong>chi ti\u1ebft s\u1ef1 ki\u1ec7n<\/strong><\/h3>\n<p><span class=\"\" style=\"display:block;clear:both;height: 0px;padding-top: 15px;border-top-width:0px;border-bottom-width:0px;\"><\/span><strong>Ng\u00e0y:<\/strong> 7 February 2026 (Saturday)<br \/>\n<span class=\"\" style=\"display:block;clear:both;height: 0px;padding-top: 15px;border-top-width:0px;border-bottom-width:0px;\"><\/span><strong>Th\u1eddi gian:<\/strong> 11:00 AM &#8211; 12:00 PM<br \/>\n<span class=\"\" style=\"display:block;clear:both;height: 0px;padding-top: 15px;border-top-width:0px;border-bottom-width:0px;\"><\/span><strong>\u0110\u1ecba \u0111i\u1ec3m:<\/strong> Thu ph\u00f3ng AUG<br \/>\n<span class=\"\" style=\"display:block;clear:both;height: 0px;padding-top: 15px;border-top-width:0px;border-bottom-width:0px;\"><\/span><\/p>\n<h6 style=\"color: #ff0000;\"><strong><em>* ch\u1ec9 ra tr\u01b0\u1eddng b\u1eaft bu\u1ed9c<\/em><\/strong><\/h6>\n\n\t\t<\/div>\n\t<\/div>\n<\/div><\/div><\/div><div class=\"wpb_column vc_column_container vc_col-sm-2 vc_hidden-sm vc_hidden-xs\"><div class=\"vc_column-inner\"><div class=\"wpb_wrapper\"><\/div><\/div><\/div><\/div><div class=\"vc_row-full-width vc_clearfix\"><\/div><div id=\"registration\" class=\"vc_row wpb_row vc_row-fluid\"><div class=\"wpb_column vc_column_container vc_col-sm-12\"><div class=\"vc_column-inner vc_custom_1660175491551\"><div class=\"wpb_wrapper\">\n\t<div class=\"wpb_text_column wpb_content_element\">\n\t\t<div class=\"wpb_wrapper\">\n\t\t\t\r\n<style>\r\n  .aug-iframe-wrapper {\r\n    position: relative;\r\n    max-width: 800px;\r\n    min-height: 600px;\r\n    margin: 0 auto;\r\n  }\r\n\r\n  .aug-iframe-placeholder {\r\n    max-width: 800px;\r\n    min-height: 600px;\r\n    background: #f5f5f5;\r\n    border: 1px solid #e5e7eb;\r\n    border-radius: 8px;\r\n    padding: 24px;\r\n    box-sizing: border-box;\r\n\tmargin: 0 8px;\r\n    z-index: 2;\r\n  }\r\n\r\n  .aug-iframe-placeholder.hidden {\r\n    display: none !important;\r\n  }\r\n\r\n  .aug-placeholder-line, .aug-placeholder-box {\r\n    background: #cecece;\r\n    margin-bottom: 16px;\r\n    animation: augPlaceholderShimmer 1.5s infinite ease-in-out;\r\n  }\r\n\r\n  .aug-placeholder-line {\r\n    width: var(--aug-placeholder-line-width, 100%);\r\n    height: 14px;\r\n    border-radius: 6px;\r\n  }\r\n\r\n  .aug-placeholder-line:last-child {\r\n    margin-bottom: 28px;\r\n  }\r\n\r\n  .aug-placeholder-box {\r\n    width: 100%;\r\n    height: var(--aug-placeholder-box-height, 48px);\r\n    border-radius: 8px;\r\n  }\r\n\r\n  @keyframes augPlaceholderShimmer {\r\n    0%   { opacity: 0.65; }\r\n    50%  { opacity: 1; }\r\n    100% { opacity: 0.65; }\r\n  }\r\n<\/style>\r\n\r\n<div class='aug-iframe-wrapper'>\r\n    <div id='augIframePlaceholder' class='aug-iframe-placeholder'>\r\n        <div class='aug-placeholder-line' style='--aug-placeholder-line-width: 45%;'><\/div>\r\n        <div class='aug-placeholder-line' style='--aug-placeholder-line-width: 100%;'><\/div>\r\n        <div class='aug-placeholder-line' style='--aug-placeholder-line-width: 92%;'><\/div>\r\n        <div class='aug-placeholder-line' style='--aug-placeholder-line-width: 96%;'><\/div>\r\n        <div class='aug-placeholder-line' style='--aug-placeholder-line-width: 60%;'><\/div>\r\n\r\n        <div class='aug-placeholder-box'><\/div>\r\n        <div class='aug-placeholder-box'><\/div>\r\n        <div class='aug-placeholder-box'><\/div>\r\n        <div class='aug-placeholder-box' style='--aug-placeholder-box-height: 110px;'><\/div>\r\n    <\/div>\r\n\r\n    <iframe\r\n        id='augRegoForm'\r\n        title='AUG Form'\r\n        allow='geolocation; microphone; camera; fullscreen; payment'\r\n        data-src='https:\/\/form.jotform.com\/260338673508866?eventName=%5BAUG%20Manila%5D%20LASALLE%20College%20of%20the%20Arts%20Info%20Session'\r\n        frameborder='0'\r\n        style='min-width: 100%; max-width: 100%; height: 100%; border: none;'\r\n        scrolling='no'\r\n    ><\/iframe>\r\n<\/div>\r\n\r\n<script src='https:\/\/cdn.jotfor.ms\/s\/umd\/latest\/for-form-embed-handler.js'><\/script>\r\n<script>\r\n  function loadAUGRegoForm() {\r\n    const augRegoForm = document.getElementById('augRegoForm');\r\n    const augIframePlaceholder = document.getElementById('augIframePlaceholder');\r\n\r\n    if (!augRegoForm || !augIframePlaceholder) return;\r\n\r\n    function hidePlaceholder() {\r\n      augIframePlaceholder.classList.add('hidden');\r\n      augRegoForm.removeEventListener('load', hidePlaceholder);\r\n    }\r\n\r\n    augRegoForm.addEventListener('load', hidePlaceholder);\r\n    augRegoForm.src = augRegoForm.dataset.src;\r\n\r\n    window.jotformEmbedHandler(\r\n      'iframe#augRegoForm',\r\n      'https:\/\/form.jotform.com\/'\r\n    );\r\n  }\r\n\r\n  if ('requestIdleCallback' in window) {\r\n    requestIdleCallback(loadAUGRegoForm, { timeout: 2000 });\r\n  } else {\r\n    setTimeout(loadAUGRegoForm, 1000);\r\n  }\r\n<\/script>\r\n\n\n\t\t<\/div>\n\t<\/div>\n<\/div><\/div><\/div><\/div>","protected":false},"excerpt":{"rendered":"La Salle College of the Arts Information Session Unleash your creative potential and take your craft to the global stage at the LASALLE College of the Arts Information Session. This exclusive event, held in partnership with the University of the Arts Singapore (UAS), offers aspiring artists and designers a unique opportunity to explore world-class programs [...]","protected":false},"author":4,"featured_media":0,"parent":54770,"menu_order":0,"comment_status":"closed","ping_status":"closed","template":"","meta":{"footnotes":""},"class_list":["post-349744","page","type-page","status-publish","hentry"],"yoast_head":"<!-- This site is optimized with the Yoast SEO Premium plugin v27.0 (Yoast SEO v27.3) - https:\/\/yoast.com\/product\/yoast-seo-premium-wordpress\/ -->\n<title>[AUG Manila] LASALLE College of the Arts Information Session - AUG Student Services<\/title>\n<meta name=\"description\" content=\"Join our free info session and learn more about LASALLE College of the Arts in Singapore!\" \/>\n<meta name=\"robots\" content=\"index, follow, max-snippet:-1, max-image-preview:large, max-video-preview:-1\" \/>\n<link rel=\"canonical\" href=\"https:\/\/augstudy.com\/vi\/philippines\/su-kien-2\/buoi-thong-tin-lasalle\/\" \/>\n<meta property=\"og:locale\" content=\"vi_VN\" \/>\n<meta property=\"og:type\" content=\"article\" \/>\n<meta property=\"og:title\" content=\"[AUG Manila] LASALLE College of the Arts Information Session\" \/>\n<meta property=\"og:description\" content=\"Join our free info session and learn more about LASALLE College of the Arts in Singapore!\" \/>\n<meta property=\"og:url\" content=\"https:\/\/augstudy.com\/vi\/philippines\/su-kien-2\/buoi-thong-tin-lasalle\/\" \/>\n<meta property=\"og:site_name\" content=\"AUG Student Services\" \/>\n<meta property=\"article:publisher\" content=\"https:\/\/www.facebook.com\/augmalaysia\/\" \/>\n<meta property=\"article:modified_time\" content=\"2026-02-04T04:24:25+00:00\" \/>\n<meta name=\"twitter:card\" content=\"summary_large_image\" \/>\n<meta name=\"twitter:label1\" content=\"\u01af\u1edbc t\u00ednh th\u1eddi gian \u0111\u1ecdc\" \/>\n\t<meta name=\"twitter:data1\" content=\"1 ph\u00fat\" \/>\n<script type=\"application\/ld+json\" class=\"yoast-schema-graph\">{\"@context\":\"https:\\\/\\\/schema.org\",\"@graph\":[{\"@type\":\"WebPage\",\"@id\":\"https:\\\/\\\/augstudy.com\\\/philippines\\\/events\\\/lasalle-info-session\\\/\",\"url\":\"https:\\\/\\\/augstudy.com\\\/philippines\\\/events\\\/lasalle-info-session\\\/\",\"name\":\"[AUG Manila] LASALLE College of the Arts Information Session - AUG Student Services\",\"isPartOf\":{\"@id\":\"https:\\\/\\\/augstudy.com\\\/#website\"},\"datePublished\":\"2023-01-31T07:14:34+00:00\",\"dateModified\":\"2026-02-04T04:24:25+00:00\",\"description\":\"Join our free info session and learn more about LASALLE College of the Arts in Singapore!\",\"breadcrumb\":{\"@id\":\"https:\\\/\\\/augstudy.com\\\/philippines\\\/events\\\/lasalle-info-session\\\/#breadcrumb\"},\"inLanguage\":\"vi\",\"potentialAction\":[{\"@type\":\"ReadAction\",\"target\":[\"https:\\\/\\\/augstudy.com\\\/philippines\\\/events\\\/lasalle-info-session\\\/\"]}]},{\"@type\":\"BreadcrumbList\",\"@id\":\"https:\\\/\\\/augstudy.com\\\/philippines\\\/events\\\/lasalle-info-session\\\/#breadcrumb\",\"itemListElement\":[{\"@type\":\"ListItem\",\"position\":1,\"name\":\"Home\",\"item\":\"https:\\\/\\\/augstudy.com\\\/\"},{\"@type\":\"ListItem\",\"position\":2,\"name\":\"AUG Philippines\",\"item\":\"https:\\\/\\\/augstudy.com\\\/philippines\\\/\"},{\"@type\":\"ListItem\",\"position\":3,\"name\":\"AUG Philippines Events\",\"item\":\"https:\\\/\\\/augstudy.com\\\/philippines\\\/events\\\/\"},{\"@type\":\"ListItem\",\"position\":4,\"name\":\"[AUG Manila] LASALLE College of the Arts Information Session\"}]},{\"@type\":\"WebSite\",\"@id\":\"https:\\\/\\\/augstudy.com\\\/#website\",\"url\":\"https:\\\/\\\/augstudy.com\\\/\",\"name\":\"AUG Student Services\",\"description\":\"Student Services\",\"alternateName\":\"AUG Global\",\"potentialAction\":[{\"@type\":\"SearchAction\",\"target\":{\"@type\":\"EntryPoint\",\"urlTemplate\":\"https:\\\/\\\/augstudy.com\\\/?s={search_term_string}\"},\"query-input\":{\"@type\":\"PropertyValueSpecification\",\"valueRequired\":true,\"valueName\":\"search_term_string\"}}],\"inLanguage\":\"vi\"}]}<\/script>\n<!-- \/ Yoast SEO Premium plugin. -->","yoast_head_json":{"title":"[AUG Manila] LASALLE College of the Arts Information Session - AUG Student Services","description":"H\u00e3y tham gia bu\u1ed5i th\u00f4ng tin mi\u1ec5n ph\u00ed c\u1ee7a ch\u00fang t\u00f4i v\u00e0 t\u00ecm hi\u1ec3u th\u00eam v\u1ec1 Tr\u01b0\u1eddng Cao \u0111\u1eb3ng Ngh\u1ec7 thu\u1eadt LASALLE t\u1ea1i Singapore!","robots":{"index":"index","follow":"follow","max-snippet":"max-snippet:-1","max-image-preview":"max-image-preview:large","max-video-preview":"max-video-preview:-1"},"canonical":"https:\/\/augstudy.com\/vi\/philippines\/su-kien-2\/buoi-thong-tin-lasalle\/","og_locale":"vi_VN","og_type":"article","og_title":"[AUG Manila] LASALLE College of the Arts Information Session","og_description":"Join our free info session and learn more about LASALLE College of the Arts in Singapore!","og_url":"https:\/\/augstudy.com\/vi\/philippines\/su-kien-2\/buoi-thong-tin-lasalle\/","og_site_name":"AUG Student Services","article_publisher":"https:\/\/www.facebook.com\/augmalaysia\/","article_modified_time":"2026-02-04T04:24:25+00:00","twitter_card":"summary_large_image","twitter_misc":{"\u01af\u1edbc t\u00ednh th\u1eddi gian \u0111\u1ecdc":"1 ph\u00fat"},"schema":{"@context":"https:\/\/schema.org","@graph":[{"@type":"WebPage","@id":"https:\/\/augstudy.com\/philippines\/events\/lasalle-info-session\/","url":"https:\/\/augstudy.com\/philippines\/events\/lasalle-info-session\/","name":"[AUG Manila] LASALLE College of the Arts Information Session - AUG Student Services","isPartOf":{"@id":"https:\/\/augstudy.com\/#website"},"datePublished":"2023-01-31T07:14:34+00:00","dateModified":"2026-02-04T04:24:25+00:00","description":"H\u00e3y tham gia bu\u1ed5i th\u00f4ng tin mi\u1ec5n ph\u00ed c\u1ee7a ch\u00fang t\u00f4i v\u00e0 t\u00ecm hi\u1ec3u th\u00eam v\u1ec1 Tr\u01b0\u1eddng Cao \u0111\u1eb3ng Ngh\u1ec7 thu\u1eadt LASALLE t\u1ea1i Singapore!","breadcrumb":{"@id":"https:\/\/augstudy.com\/philippines\/events\/lasalle-info-session\/#breadcrumb"},"inLanguage":"vi","potentialAction":[{"@type":"ReadAction","target":["https:\/\/augstudy.com\/philippines\/events\/lasalle-info-session\/"]}]},{"@type":"BreadcrumbList","@id":"https:\/\/augstudy.com\/philippines\/events\/lasalle-info-session\/#breadcrumb","itemListElement":[{"@type":"ListItem","position":1,"name":"Home","item":"https:\/\/augstudy.com\/"},{"@type":"ListItem","position":2,"name":"AUG Philippines","item":"https:\/\/augstudy.com\/philippines\/"},{"@type":"ListItem","position":3,"name":"AUG Philippines Events","item":"https:\/\/augstudy.com\/philippines\/events\/"},{"@type":"ListItem","position":4,"name":"[AUG Manila] LASALLE College of the Arts Information Session"}]},{"@type":"WebSite","@id":"https:\/\/augstudy.com\/#website","url":"https:\/\/augstudy.com\/","name":"D\u1ecbch v\u1ee5 Sinh vi\u00ean AUG","description":"D\u1ecbch v\u1ee5 sinh vi\u00ean","alternateName":"AUG Global","potentialAction":[{"@type":"SearchAction","target":{"@type":"EntryPoint","urlTemplate":"https:\/\/augstudy.com\/?s={search_term_string}"},"query-input":{"@type":"PropertyValueSpecification","valueRequired":true,"valueName":"search_term_string"}}],"inLanguage":"vi"}]}},"_links":{"self":[{"href":"https:\/\/augstudy.com\/vi\/wp-json\/wp\/v2\/pages\/349744","targetHints":{"allow":["GET"]}}],"collection":[{"href":"https:\/\/augstudy.com\/vi\/wp-json\/wp\/v2\/pages"}],"about":[{"href":"https:\/\/augstudy.com\/vi\/wp-json\/wp\/v2\/types\/page"}],"author":[{"embeddable":true,"href":"https:\/\/augstudy.com\/vi\/wp-json\/wp\/v2\/users\/4"}],"replies":[{"embeddable":true,"href":"https:\/\/augstudy.com\/vi\/wp-json\/wp\/v2\/comments?post=349744"}],"version-history":[{"count":1,"href":"https:\/\/augstudy.com\/vi\/wp-json\/wp\/v2\/pages\/349744\/revisions"}],"predecessor-version":[{"id":407585,"href":"https:\/\/augstudy.com\/vi\/wp-json\/wp\/v2\/pages\/349744\/revisions\/407585"}],"up":[{"embeddable":true,"href":"https:\/\/augstudy.com\/vi\/wp-json\/wp\/v2\/pages\/54770"}],"wp:attachment":[{"href":"https:\/\/augstudy.com\/vi\/wp-json\/wp\/v2\/media?parent=349744"}],"curies":[{"name":"wp","href":"https:\/\/api.w.org\/{rel}","templated":true}]}}