{"id":349104,"date":"2023-01-14T12:57:37","date_gmt":"2023-01-14T01:57:37","guid":{"rendered":"https:\/\/augstudy.com\/?page_id=349104"},"modified":"2023-10-22T23:34:34","modified_gmt":"2023-10-22T12:34:34","slug":"alex-lim","status":"publish","type":"page","link":"https:\/\/augstudy.com\/vi\/vcard\/malaysia\/alex-lim\/","title":{"rendered":"Alex Lim"},"content":{"rendered":"<div class=\"vc_row wpb_row vc_row-fluid\"><div class=\"wpb_column vc_column_container vc_col-sm-12\"><div class=\"vc_column-inner\"><div class=\"wpb_wrapper\">\n\t<div class=\"wpb_raw_code wpb_content_element wpb_raw_html margin_bottom_0px\">\n\t\t<div class=\"wpb_wrapper\">\n\t\t\t<a class=\"vcard-download\" href=\"https:\/\/augstudy.com\/aug-website-files\/wp-content\/uploads\/vcard\/Alex_LIM.vcf\"><\/a>\n\t\t<\/div>\n\t<\/div>\n<\/div><\/div><\/div><\/div>","protected":false},"excerpt":{"rendered":"","protected":false},"author":4,"featured_media":386079,"parent":105664,"menu_order":0,"comment_status":"closed","ping_status":"closed","template":"","meta":{"footnotes":""},"class_list":["post-349104","page","type-page","status-publish","hentry"],"yoast_head":"<!-- This site is optimized with the Yoast SEO Premium plugin v27.0 (Yoast SEO v27.3) - https:\/\/yoast.com\/product\/yoast-seo-premium-wordpress\/ -->\n<title>Alex Lim - AUG Student Services<\/title>\n<meta name=\"description\" content=\"Alex&#039;s responsibilities include developing new partnerships, managing the United States of America education portfolio, and leading the IT support team at AUG. Alex&#039;s expertise in company operations and his ability to engage with new partners have been critical in expanding AUG&#039;s reach and revenue.\" \/>\n<meta name=\"robots\" content=\"index, follow, max-snippet:-1, max-image-preview:large, max-video-preview:-1\" \/>\n<link rel=\"canonical\" href=\"https:\/\/augstudy.com\/vi\/vcard\/malaysia-2\/alex-lim\/\" \/>\n<meta property=\"og:locale\" content=\"vi_VN\" \/>\n<meta property=\"og:type\" content=\"article\" \/>\n<meta property=\"og:title\" content=\"Alex Lim\" \/>\n<meta property=\"og:description\" content=\"Alex&#039;s responsibilities include developing new partnerships, managing the United States of America education portfolio, and leading the IT support team at AUG. Alex&#039;s expertise in company operations and his ability to engage with new partners have been critical in expanding AUG&#039;s reach and revenue.\" \/>\n<meta property=\"og:url\" content=\"https:\/\/augstudy.com\/vi\/vcard\/malaysia-2\/alex-lim\/\" \/>\n<meta property=\"og:site_name\" content=\"AUG Student Services\" \/>\n<meta property=\"article:publisher\" content=\"https:\/\/www.facebook.com\/augmalaysia\/\" \/>\n<meta property=\"article:modified_time\" content=\"2023-10-22T12:34:34+00:00\" \/>\n<meta property=\"og:image\" content=\"https:\/\/augstudy.com\/aug-website-files\/wp-content\/uploads\/2023\/10\/aug_vcard_alex_lim_500x500.png\" \/>\n\t<meta property=\"og:image:width\" content=\"500\" \/>\n\t<meta property=\"og:image:height\" content=\"500\" \/>\n\t<meta property=\"og:image:type\" content=\"image\/png\" \/>\n<meta name=\"twitter:card\" content=\"summary_large_image\" \/>\n<meta name=\"twitter:label1\" content=\"\u01af\u1edbc t\u00ednh th\u1eddi gian \u0111\u1ecdc\" \/>\n\t<meta name=\"twitter:data1\" content=\"1 ph\u00fat\" \/>\n<script type=\"application\/ld+json\" class=\"yoast-schema-graph\">{\"@context\":\"https:\\\/\\\/schema.org\",\"@graph\":[{\"@type\":\"WebPage\",\"@id\":\"https:\\\/\\\/augstudy.com\\\/vcard\\\/malaysia\\\/alex-lim\\\/\",\"url\":\"https:\\\/\\\/augstudy.com\\\/vcard\\\/malaysia\\\/alex-lim\\\/\",\"name\":\"Alex Lim - AUG Student Services\",\"isPartOf\":{\"@id\":\"https:\\\/\\\/augstudy.com\\\/#website\"},\"primaryImageOfPage\":{\"@id\":\"https:\\\/\\\/augstudy.com\\\/vcard\\\/malaysia\\\/alex-lim\\\/#primaryimage\"},\"image\":{\"@id\":\"https:\\\/\\\/augstudy.com\\\/vcard\\\/malaysia\\\/alex-lim\\\/#primaryimage\"},\"thumbnailUrl\":\"https:\\\/\\\/augstudy.com\\\/aug-website-files\\\/wp-content\\\/uploads\\\/2023\\\/10\\\/aug_vcard_alex_lim_500x500.png\",\"datePublished\":\"2023-01-14T01:57:37+00:00\",\"dateModified\":\"2023-10-22T12:34:34+00:00\",\"description\":\"Alex's responsibilities include developing new partnerships, managing the United States of America education portfolio, and leading the IT support team at AUG. Alex's expertise in company operations and his ability to engage with new partners have been critical in expanding AUG's reach and revenue.\",\"breadcrumb\":{\"@id\":\"https:\\\/\\\/augstudy.com\\\/vcard\\\/malaysia\\\/alex-lim\\\/#breadcrumb\"},\"inLanguage\":\"vi\",\"potentialAction\":[{\"@type\":\"ReadAction\",\"target\":[\"https:\\\/\\\/augstudy.com\\\/vcard\\\/malaysia\\\/alex-lim\\\/\"]}]},{\"@type\":\"ImageObject\",\"inLanguage\":\"vi\",\"@id\":\"https:\\\/\\\/augstudy.com\\\/vcard\\\/malaysia\\\/alex-lim\\\/#primaryimage\",\"url\":\"https:\\\/\\\/augstudy.com\\\/aug-website-files\\\/wp-content\\\/uploads\\\/2023\\\/10\\\/aug_vcard_alex_lim_500x500.png\",\"contentUrl\":\"https:\\\/\\\/augstudy.com\\\/aug-website-files\\\/wp-content\\\/uploads\\\/2023\\\/10\\\/aug_vcard_alex_lim_500x500.png\",\"width\":500,\"height\":500},{\"@type\":\"BreadcrumbList\",\"@id\":\"https:\\\/\\\/augstudy.com\\\/vcard\\\/malaysia\\\/alex-lim\\\/#breadcrumb\",\"itemListElement\":[{\"@type\":\"ListItem\",\"position\":1,\"name\":\"Home\",\"item\":\"https:\\\/\\\/augstudy.com\\\/\"},{\"@type\":\"ListItem\",\"position\":2,\"name\":\"vCard\",\"item\":\"https:\\\/\\\/augstudy.com\\\/vcard\\\/\"},{\"@type\":\"ListItem\",\"position\":3,\"name\":\"vCard &#8211; Malaysia\",\"item\":\"https:\\\/\\\/augstudy.com\\\/vcard\\\/malaysia\\\/\"},{\"@type\":\"ListItem\",\"position\":4,\"name\":\"Alex Lim\"}]},{\"@type\":\"WebSite\",\"@id\":\"https:\\\/\\\/augstudy.com\\\/#website\",\"url\":\"https:\\\/\\\/augstudy.com\\\/\",\"name\":\"AUG Student Services\",\"description\":\"Student Services\",\"alternateName\":\"AUG Global\",\"potentialAction\":[{\"@type\":\"SearchAction\",\"target\":{\"@type\":\"EntryPoint\",\"urlTemplate\":\"https:\\\/\\\/augstudy.com\\\/?s={search_term_string}\"},\"query-input\":{\"@type\":\"PropertyValueSpecification\",\"valueRequired\":true,\"valueName\":\"search_term_string\"}}],\"inLanguage\":\"vi\"}]}<\/script>\n<!-- \/ Yoast SEO Premium plugin. -->","yoast_head_json":{"title":"Alex Lim - AUG Student Services","description":"Tr\u00e1ch nhi\u1ec7m c\u1ee7a Alex bao g\u1ed3m ph\u00e1t tri\u1ec3n c\u00e1c m\u1ed1i quan h\u1ec7 \u0111\u1ed1i t\u00e1c m\u1edbi, qu\u1ea3n l\u00fd danh m\u1ee5c gi\u00e1o d\u1ee5c c\u1ee7a H\u1ee3p ch\u1ee7ng qu\u1ed1c Hoa K\u1ef3 v\u00e0 l\u00e3nh \u0111\u1ea1o nh\u00f3m h\u1ed7 tr\u1ee3 CNTT t\u1ea1i AUG. Ki\u1ebfn th\u1ee9c chuy\u00ean m\u00f4n c\u1ee7a Alex v\u1ec1 ho\u1ea1t \u0111\u1ed9ng c\u00f4ng ty v\u00e0 kh\u1ea3 n\u0103ng t\u01b0\u01a1ng t\u00e1c v\u1edbi c\u00e1c \u0111\u1ed1i t\u00e1c m\u1edbi c\u1ee7a anh \u0111\u00f3ng vai tr\u00f2 quan tr\u1ecdng trong vi\u1ec7c m\u1edf r\u1ed9ng ph\u1ea1m vi ti\u1ebfp c\u1eadn v\u00e0 doanh thu c\u1ee7a AUG.","robots":{"index":"index","follow":"follow","max-snippet":"max-snippet:-1","max-image-preview":"max-image-preview:large","max-video-preview":"max-video-preview:-1"},"canonical":"https:\/\/augstudy.com\/vi\/vcard\/malaysia-2\/alex-lim\/","og_locale":"vi_VN","og_type":"article","og_title":"Alex Lim","og_description":"Alex's responsibilities include developing new partnerships, managing the United States of America education portfolio, and leading the IT support team at AUG. Alex's expertise in company operations and his ability to engage with new partners have been critical in expanding AUG's reach and revenue.","og_url":"https:\/\/augstudy.com\/vi\/vcard\/malaysia-2\/alex-lim\/","og_site_name":"AUG Student Services","article_publisher":"https:\/\/www.facebook.com\/augmalaysia\/","article_modified_time":"2023-10-22T12:34:34+00:00","og_image":[{"width":500,"height":500,"url":"https:\/\/augstudy.com\/aug-website-files\/wp-content\/uploads\/2023\/10\/aug_vcard_alex_lim_500x500.png","type":"image\/png"}],"twitter_card":"summary_large_image","twitter_misc":{"\u01af\u1edbc t\u00ednh th\u1eddi gian \u0111\u1ecdc":"1 ph\u00fat"},"schema":{"@context":"https:\/\/schema.org","@graph":[{"@type":"WebPage","@id":"https:\/\/augstudy.com\/vcard\/malaysia\/alex-lim\/","url":"https:\/\/augstudy.com\/vcard\/malaysia\/alex-lim\/","name":"Alex Lim - AUG Student Services","isPartOf":{"@id":"https:\/\/augstudy.com\/#website"},"primaryImageOfPage":{"@id":"https:\/\/augstudy.com\/vcard\/malaysia\/alex-lim\/#primaryimage"},"image":{"@id":"https:\/\/augstudy.com\/vcard\/malaysia\/alex-lim\/#primaryimage"},"thumbnailUrl":"https:\/\/augstudy.com\/aug-website-files\/wp-content\/uploads\/2023\/10\/aug_vcard_alex_lim_500x500.png","datePublished":"2023-01-14T01:57:37+00:00","dateModified":"2023-10-22T12:34:34+00:00","description":"Tr\u00e1ch nhi\u1ec7m c\u1ee7a Alex bao g\u1ed3m ph\u00e1t tri\u1ec3n c\u00e1c m\u1ed1i quan h\u1ec7 \u0111\u1ed1i t\u00e1c m\u1edbi, qu\u1ea3n l\u00fd danh m\u1ee5c gi\u00e1o d\u1ee5c c\u1ee7a H\u1ee3p ch\u1ee7ng qu\u1ed1c Hoa K\u1ef3 v\u00e0 l\u00e3nh \u0111\u1ea1o nh\u00f3m h\u1ed7 tr\u1ee3 CNTT t\u1ea1i AUG. Ki\u1ebfn th\u1ee9c chuy\u00ean m\u00f4n c\u1ee7a Alex v\u1ec1 ho\u1ea1t \u0111\u1ed9ng c\u00f4ng ty v\u00e0 kh\u1ea3 n\u0103ng t\u01b0\u01a1ng t\u00e1c v\u1edbi c\u00e1c \u0111\u1ed1i t\u00e1c m\u1edbi c\u1ee7a anh \u0111\u00f3ng vai tr\u00f2 quan tr\u1ecdng trong vi\u1ec7c m\u1edf r\u1ed9ng ph\u1ea1m vi ti\u1ebfp c\u1eadn v\u00e0 doanh thu c\u1ee7a AUG.","breadcrumb":{"@id":"https:\/\/augstudy.com\/vcard\/malaysia\/alex-lim\/#breadcrumb"},"inLanguage":"vi","potentialAction":[{"@type":"ReadAction","target":["https:\/\/augstudy.com\/vcard\/malaysia\/alex-lim\/"]}]},{"@type":"ImageObject","inLanguage":"vi","@id":"https:\/\/augstudy.com\/vcard\/malaysia\/alex-lim\/#primaryimage","url":"https:\/\/augstudy.com\/aug-website-files\/wp-content\/uploads\/2023\/10\/aug_vcard_alex_lim_500x500.png","contentUrl":"https:\/\/augstudy.com\/aug-website-files\/wp-content\/uploads\/2023\/10\/aug_vcard_alex_lim_500x500.png","width":500,"height":500},{"@type":"BreadcrumbList","@id":"https:\/\/augstudy.com\/vcard\/malaysia\/alex-lim\/#breadcrumb","itemListElement":[{"@type":"ListItem","position":1,"name":"Home","item":"https:\/\/augstudy.com\/"},{"@type":"ListItem","position":2,"name":"vCard","item":"https:\/\/augstudy.com\/vcard\/"},{"@type":"ListItem","position":3,"name":"vCard &#8211; Malaysia","item":"https:\/\/augstudy.com\/vcard\/malaysia\/"},{"@type":"ListItem","position":4,"name":"Alex Lim"}]},{"@type":"WebSite","@id":"https:\/\/augstudy.com\/#website","url":"https:\/\/augstudy.com\/","name":"D\u1ecbch v\u1ee5 Sinh vi\u00ean AUG","description":"D\u1ecbch v\u1ee5 sinh vi\u00ean","alternateName":"AUG Global","potentialAction":[{"@type":"SearchAction","target":{"@type":"EntryPoint","urlTemplate":"https:\/\/augstudy.com\/?s={search_term_string}"},"query-input":{"@type":"PropertyValueSpecification","valueRequired":true,"valueName":"search_term_string"}}],"inLanguage":"vi"}]}},"_links":{"self":[{"href":"https:\/\/augstudy.com\/vi\/wp-json\/wp\/v2\/pages\/349104","targetHints":{"allow":["GET"]}}],"collection":[{"href":"https:\/\/augstudy.com\/vi\/wp-json\/wp\/v2\/pages"}],"about":[{"href":"https:\/\/augstudy.com\/vi\/wp-json\/wp\/v2\/types\/page"}],"author":[{"embeddable":true,"href":"https:\/\/augstudy.com\/vi\/wp-json\/wp\/v2\/users\/4"}],"replies":[{"embeddable":true,"href":"https:\/\/augstudy.com\/vi\/wp-json\/wp\/v2\/comments?post=349104"}],"version-history":[{"count":0,"href":"https:\/\/augstudy.com\/vi\/wp-json\/wp\/v2\/pages\/349104\/revisions"}],"up":[{"embeddable":true,"href":"https:\/\/augstudy.com\/vi\/wp-json\/wp\/v2\/pages\/105664"}],"wp:featuredmedia":[{"embeddable":true,"href":"https:\/\/augstudy.com\/vi\/wp-json\/wp\/v2\/media\/386079"}],"wp:attachment":[{"href":"https:\/\/augstudy.com\/vi\/wp-json\/wp\/v2\/media?parent=349104"}],"curies":[{"name":"wp","href":"https:\/\/api.w.org\/{rel}","templated":true}]}}