{"id":347911,"date":"2022-11-18T15:00:30","date_gmt":"2022-11-18T04:00:30","guid":{"rendered":"https:\/\/augstudy.com\/?page_id=347911"},"modified":"2026-03-09T13:36:13","modified_gmt":"2026-03-09T02:36:13","slug":"per-campus-perth","status":"publish","type":"page","link":"https:\/\/augstudy.com\/vi\/australia\/events\/per-campus-perth\/","title":{"rendered":"[AUG Perth] AUG @ Campus Perth"},"content":{"rendered":"<div id=\"registration\" class=\"vc_row wpb_row vc_row-fluid\"><div class=\"wpb_column vc_column_container vc_col-sm-12\"><div class=\"vc_column-inner vc_custom_1660175491551\"><div class=\"wpb_wrapper\">\n\t<div class=\"wpb_text_column wpb_content_element\">\n\t\t<div class=\"wpb_wrapper\">\n\t\t\t\r\n<style>\r\n  .aug-iframe-wrapper {\r\n    position: relative;\r\n    max-width: 800px;\r\n    min-height: 600px;\r\n    margin: 0 auto;\r\n  }\r\n\r\n  .aug-iframe-placeholder {\r\n    max-width: 800px;\r\n    min-height: 600px;\r\n    background: #f5f5f5;\r\n    border: 1px solid #e5e7eb;\r\n    border-radius: 8px;\r\n    padding: 24px;\r\n    box-sizing: border-box;\r\n\tmargin: 0 8px;\r\n    z-index: 2;\r\n  }\r\n\r\n  .aug-iframe-placeholder.hidden {\r\n    display: none !important;\r\n  }\r\n\r\n  .aug-placeholder-line, .aug-placeholder-box {\r\n    background: #cecece;\r\n    margin-bottom: 16px;\r\n    animation: augPlaceholderShimmer 1.5s infinite ease-in-out;\r\n  }\r\n\r\n  .aug-placeholder-line {\r\n    width: var(--aug-placeholder-line-width, 100%);\r\n    height: 14px;\r\n    border-radius: 6px;\r\n  }\r\n\r\n  .aug-placeholder-line:last-child {\r\n    margin-bottom: 28px;\r\n  }\r\n\r\n  .aug-placeholder-box {\r\n    width: 100%;\r\n    height: var(--aug-placeholder-box-height, 48px);\r\n    border-radius: 8px;\r\n  }\r\n\r\n  @keyframes augPlaceholderShimmer {\r\n    0%   { opacity: 0.65; }\r\n    50%  { opacity: 1; }\r\n    100% { opacity: 0.65; }\r\n  }\r\n<\/style>\r\n\r\n<div class='aug-iframe-wrapper'>\r\n    <div id='augIframePlaceholder' class='aug-iframe-placeholder'>\r\n        <div class='aug-placeholder-line' style='--aug-placeholder-line-width: 45%;'><\/div>\r\n        <div class='aug-placeholder-line' style='--aug-placeholder-line-width: 100%;'><\/div>\r\n        <div class='aug-placeholder-line' style='--aug-placeholder-line-width: 92%;'><\/div>\r\n        <div class='aug-placeholder-line' style='--aug-placeholder-line-width: 96%;'><\/div>\r\n        <div class='aug-placeholder-line' style='--aug-placeholder-line-width: 60%;'><\/div>\r\n\r\n        <div class='aug-placeholder-box'><\/div>\r\n        <div class='aug-placeholder-box'><\/div>\r\n        <div class='aug-placeholder-box'><\/div>\r\n        <div class='aug-placeholder-box' style='--aug-placeholder-box-height: 110px;'><\/div>\r\n    <\/div>\r\n\r\n    <iframe\r\n        id='augRegoForm'\r\n        title='AUG Form'\r\n        allow='geolocation; microphone; camera; fullscreen; payment'\r\n        data-src='https:\/\/form.jotform.com\/260357087310857?event_name=%5BAUG%20Perth%5D%20Freebie%20Booth%20Mar%2026&amp;is_walk_in=Yes'\r\n        frameborder='0'\r\n        style='min-width: 100%; max-width: 100%; height: 100%; border: none;'\r\n        scrolling='no'\r\n    ><\/iframe>\r\n<\/div>\r\n\r\n<script src='https:\/\/cdn.jotfor.ms\/s\/umd\/latest\/for-form-embed-handler.js'><\/script>\r\n<script>\r\n  function loadAUGRegoForm() {\r\n    const augRegoForm = document.getElementById('augRegoForm');\r\n    const augIframePlaceholder = document.getElementById('augIframePlaceholder');\r\n\r\n    if (!augRegoForm || !augIframePlaceholder) return;\r\n\r\n    function hidePlaceholder() {\r\n      augIframePlaceholder.classList.add('hidden');\r\n      augRegoForm.removeEventListener('load', hidePlaceholder);\r\n    }\r\n\r\n    augRegoForm.addEventListener('load', hidePlaceholder);\r\n    augRegoForm.src = augRegoForm.dataset.src;\r\n\r\n    window.jotformEmbedHandler(\r\n      'iframe#augRegoForm',\r\n      'https:\/\/form.jotform.com\/'\r\n    );\r\n  }\r\n\r\n  if ('requestIdleCallback' in window) {\r\n    requestIdleCallback(loadAUGRegoForm, { timeout: 2000 });\r\n  } else {\r\n    setTimeout(loadAUGRegoForm, 1000);\r\n  }\r\n<\/script>\r\n\n\n\t\t<\/div>\n\t<\/div>\n<\/div><\/div><\/div><\/div>","protected":false},"excerpt":{"rendered":".aug-iframe-wrapper { position: relative; max-width: 800px; min-height: 600px; margin: 0 auto; } .aug-iframe-placeholder { max-width: 800px; min-height: 600px; background: #f5f5f5; border: 1px solid #e5e7eb; border-radius: 8px; padding: 24px; box-sizing: border-box; margin: 0 8px; z-index: 2; } .aug-iframe-placeholder.hidden { display: none !important; } .aug-placeholder-line, .aug-placeholder-box { background: #cecece; margin-bottom: 16px; animation: augPlaceholderShimmer 1.5s infinite ease-in-out; } [...]","protected":false},"author":4,"featured_media":0,"parent":2351,"menu_order":0,"comment_status":"closed","ping_status":"closed","template":"","meta":{"footnotes":""},"class_list":["post-347911","page","type-page","status-publish","hentry"],"yoast_head":"<!-- This site is optimized with the Yoast SEO Premium plugin v27.0 (Yoast SEO v27.3) - https:\/\/yoast.com\/product\/yoast-seo-premium-wordpress\/ -->\n<title>[AUG Perth] AUG @ Campus Perth - AUG Student Services<\/title>\n<meta name=\"description\" content=\"Free counselling for university selection, scholarships and visa applications. Let AUG Student Services fast-track your study-abroad journey today.\" \/>\n<meta name=\"robots\" content=\"index, follow, max-snippet:-1, max-image-preview:large, max-video-preview:-1\" \/>\n<link rel=\"canonical\" href=\"https:\/\/augstudy.com\/vi\/chau-uc\/su-kien-2\/per-campus-perth\/\" \/>\n<meta property=\"og:locale\" content=\"vi_VN\" \/>\n<meta property=\"og:type\" content=\"article\" \/>\n<meta property=\"og:title\" content=\"[AUG Perth] AUG @ Campus Perth\" \/>\n<meta property=\"og:description\" content=\"Free counselling for university selection, scholarships and visa applications. Let AUG Student Services fast-track your study-abroad journey today.\" \/>\n<meta property=\"og:url\" content=\"https:\/\/augstudy.com\/vi\/chau-uc\/su-kien-2\/per-campus-perth\/\" \/>\n<meta property=\"og:site_name\" content=\"AUG Student Services\" \/>\n<meta property=\"article:publisher\" content=\"https:\/\/www.facebook.com\/augmalaysia\/\" \/>\n<meta property=\"article:modified_time\" content=\"2026-03-09T02:36:13+00:00\" \/>\n<meta name=\"twitter:card\" content=\"summary_large_image\" \/>\n<meta name=\"twitter:label1\" content=\"\u01af\u1edbc t\u00ednh th\u1eddi gian \u0111\u1ecdc\" \/>\n\t<meta name=\"twitter:data1\" content=\"1 ph\u00fat\" \/>\n<script type=\"application\/ld+json\" class=\"yoast-schema-graph\">{\"@context\":\"https:\\\/\\\/schema.org\",\"@graph\":[{\"@type\":\"WebPage\",\"@id\":\"https:\\\/\\\/augstudy.com\\\/australia\\\/events\\\/per-campus-perth\\\/\",\"url\":\"https:\\\/\\\/augstudy.com\\\/australia\\\/events\\\/per-campus-perth\\\/\",\"name\":\"[AUG Perth] AUG @ Campus Perth - AUG Student Services\",\"isPartOf\":{\"@id\":\"https:\\\/\\\/augstudy.com\\\/#website\"},\"datePublished\":\"2022-11-18T04:00:30+00:00\",\"dateModified\":\"2026-03-09T02:36:13+00:00\",\"description\":\"Free counselling for university selection, scholarships and visa applications. Let AUG Student Services fast-track your study-abroad journey today.\",\"breadcrumb\":{\"@id\":\"https:\\\/\\\/augstudy.com\\\/australia\\\/events\\\/per-campus-perth\\\/#breadcrumb\"},\"inLanguage\":\"vi\",\"potentialAction\":[{\"@type\":\"ReadAction\",\"target\":[\"https:\\\/\\\/augstudy.com\\\/australia\\\/events\\\/per-campus-perth\\\/\"]}]},{\"@type\":\"BreadcrumbList\",\"@id\":\"https:\\\/\\\/augstudy.com\\\/australia\\\/events\\\/per-campus-perth\\\/#breadcrumb\",\"itemListElement\":[{\"@type\":\"ListItem\",\"position\":1,\"name\":\"Home\",\"item\":\"https:\\\/\\\/augstudy.com\\\/\"},{\"@type\":\"ListItem\",\"position\":2,\"name\":\"AUG Australia\",\"item\":\"https:\\\/\\\/augstudy.com\\\/australia\\\/\"},{\"@type\":\"ListItem\",\"position\":3,\"name\":\"AUG Australia Events\",\"item\":\"https:\\\/\\\/augstudy.com\\\/australia\\\/events\\\/\"},{\"@type\":\"ListItem\",\"position\":4,\"name\":\"[AUG Perth] AUG @ Campus Perth\"}]},{\"@type\":\"WebSite\",\"@id\":\"https:\\\/\\\/augstudy.com\\\/#website\",\"url\":\"https:\\\/\\\/augstudy.com\\\/\",\"name\":\"AUG Student Services\",\"description\":\"Student Services\",\"alternateName\":\"AUG Global\",\"potentialAction\":[{\"@type\":\"SearchAction\",\"target\":{\"@type\":\"EntryPoint\",\"urlTemplate\":\"https:\\\/\\\/augstudy.com\\\/?s={search_term_string}\"},\"query-input\":{\"@type\":\"PropertyValueSpecification\",\"valueRequired\":true,\"valueName\":\"search_term_string\"}}],\"inLanguage\":\"vi\"}]}<\/script>\n<!-- \/ Yoast SEO Premium plugin. -->","yoast_head_json":{"title":"[AUG Perth] AUG @ Campus Perth - AUG Student Services","description":"T\u01b0 v\u1ea5n mi\u1ec5n ph\u00ed v\u1ec1 ch\u1ecdn tr\u01b0\u1eddng \u0111\u1ea1i h\u1ecdc, h\u1ecdc b\u1ed5ng v\u00e0 xin th\u1ecb th\u1ef1c. H\u00e3y \u0111\u1ec3 D\u1ecbch v\u1ee5 Sinh vi\u00ean AUG gi\u00fap b\u1ea1n nhanh ch\u00f3ng ho\u00e0n th\u00e0nh h\u00e0nh tr\u00ecnh du h\u1ecdc ngay h\u00f4m nay.","robots":{"index":"index","follow":"follow","max-snippet":"max-snippet:-1","max-image-preview":"max-image-preview:large","max-video-preview":"max-video-preview:-1"},"canonical":"https:\/\/augstudy.com\/vi\/chau-uc\/su-kien-2\/per-campus-perth\/","og_locale":"vi_VN","og_type":"article","og_title":"[AUG Perth] AUG @ Campus Perth","og_description":"Free counselling for university selection, scholarships and visa applications. Let AUG Student Services fast-track your study-abroad journey today.","og_url":"https:\/\/augstudy.com\/vi\/chau-uc\/su-kien-2\/per-campus-perth\/","og_site_name":"AUG Student Services","article_publisher":"https:\/\/www.facebook.com\/augmalaysia\/","article_modified_time":"2026-03-09T02:36:13+00:00","twitter_card":"summary_large_image","twitter_misc":{"\u01af\u1edbc t\u00ednh th\u1eddi gian \u0111\u1ecdc":"1 ph\u00fat"},"schema":{"@context":"https:\/\/schema.org","@graph":[{"@type":"WebPage","@id":"https:\/\/augstudy.com\/australia\/events\/per-campus-perth\/","url":"https:\/\/augstudy.com\/australia\/events\/per-campus-perth\/","name":"[AUG Perth] AUG @ Campus Perth - AUG Student Services","isPartOf":{"@id":"https:\/\/augstudy.com\/#website"},"datePublished":"2022-11-18T04:00:30+00:00","dateModified":"2026-03-09T02:36:13+00:00","description":"T\u01b0 v\u1ea5n mi\u1ec5n ph\u00ed v\u1ec1 ch\u1ecdn tr\u01b0\u1eddng \u0111\u1ea1i h\u1ecdc, h\u1ecdc b\u1ed5ng v\u00e0 xin th\u1ecb th\u1ef1c. H\u00e3y \u0111\u1ec3 D\u1ecbch v\u1ee5 Sinh vi\u00ean AUG gi\u00fap b\u1ea1n nhanh ch\u00f3ng ho\u00e0n th\u00e0nh h\u00e0nh tr\u00ecnh du h\u1ecdc ngay h\u00f4m nay.","breadcrumb":{"@id":"https:\/\/augstudy.com\/australia\/events\/per-campus-perth\/#breadcrumb"},"inLanguage":"vi","potentialAction":[{"@type":"ReadAction","target":["https:\/\/augstudy.com\/australia\/events\/per-campus-perth\/"]}]},{"@type":"BreadcrumbList","@id":"https:\/\/augstudy.com\/australia\/events\/per-campus-perth\/#breadcrumb","itemListElement":[{"@type":"ListItem","position":1,"name":"Home","item":"https:\/\/augstudy.com\/"},{"@type":"ListItem","position":2,"name":"AUG Australia","item":"https:\/\/augstudy.com\/australia\/"},{"@type":"ListItem","position":3,"name":"AUG Australia Events","item":"https:\/\/augstudy.com\/australia\/events\/"},{"@type":"ListItem","position":4,"name":"[AUG Perth] AUG @ Campus Perth"}]},{"@type":"WebSite","@id":"https:\/\/augstudy.com\/#website","url":"https:\/\/augstudy.com\/","name":"D\u1ecbch v\u1ee5 Sinh vi\u00ean AUG","description":"D\u1ecbch v\u1ee5 sinh vi\u00ean","alternateName":"AUG Global","potentialAction":[{"@type":"SearchAction","target":{"@type":"EntryPoint","urlTemplate":"https:\/\/augstudy.com\/?s={search_term_string}"},"query-input":{"@type":"PropertyValueSpecification","valueRequired":true,"valueName":"search_term_string"}}],"inLanguage":"vi"}]}},"_links":{"self":[{"href":"https:\/\/augstudy.com\/vi\/wp-json\/wp\/v2\/pages\/347911","targetHints":{"allow":["GET"]}}],"collection":[{"href":"https:\/\/augstudy.com\/vi\/wp-json\/wp\/v2\/pages"}],"about":[{"href":"https:\/\/augstudy.com\/vi\/wp-json\/wp\/v2\/types\/page"}],"author":[{"embeddable":true,"href":"https:\/\/augstudy.com\/vi\/wp-json\/wp\/v2\/users\/4"}],"replies":[{"embeddable":true,"href":"https:\/\/augstudy.com\/vi\/wp-json\/wp\/v2\/comments?post=347911"}],"version-history":[{"count":3,"href":"https:\/\/augstudy.com\/vi\/wp-json\/wp\/v2\/pages\/347911\/revisions"}],"predecessor-version":[{"id":408980,"href":"https:\/\/augstudy.com\/vi\/wp-json\/wp\/v2\/pages\/347911\/revisions\/408980"}],"up":[{"embeddable":true,"href":"https:\/\/augstudy.com\/vi\/wp-json\/wp\/v2\/pages\/2351"}],"wp:attachment":[{"href":"https:\/\/augstudy.com\/vi\/wp-json\/wp\/v2\/media?parent=347911"}],"curies":[{"name":"wp","href":"https:\/\/api.w.org\/{rel}","templated":true}]}}