{"id":347306,"date":"2022-11-11T15:48:13","date_gmt":"2022-11-11T04:48:13","guid":{"rendered":"https:\/\/augstudy.com\/?page_id=347306"},"modified":"2026-04-09T02:50:38","modified_gmt":"2026-04-08T16:50:38","slug":"ireland","status":"publish","type":"page","link":"https:\/\/augstudy.com\/vi\/scholarships\/ireland\/","title":{"rendered":"Ireland Scholarships"},"content":{"rendered":"<div data-vc-full-width=\"true\" data-vc-full-width-init=\"false\" class=\"vc_row wpb_row vc_row-fluid aug_header\"><div class=\"wpb_column vc_column_container vc_col-sm-12\"><div class=\"vc_column-inner\"><div class=\"wpb_wrapper\"><div class=\"vc_row wpb_row vc_inner vc_row-fluid\"><div class=\"wpb_column vc_column_container vc_col-sm-12\"><div class=\"vc_column-inner\"><div class=\"wpb_wrapper\">\n\t<div class=\"wpb_raw_code wpb_content_element wpb_raw_html\">\n\t\t<div class=\"wpb_wrapper\">\n\t\t\t<h1>Kh\u1ea3 n\u0103ng c\u00f3 h\u1ecdc b\u1ed5ng<\/h1>\n<div class=\"aug_border\"><\/div>\n\n\t\t<\/div>\n\t<\/div>\n<\/div><\/div><\/div><\/div><div class=\"vc_row wpb_row vc_inner vc_row-fluid nd_options_padding_left_100 nd_options_padding_left_0_all_iphone nd_options_text_align_center_all_iphone\"><div class=\"wpb_column vc_column_container vc_col-sm-4\"><div class=\"vc_column-inner\"><div class=\"wpb_wrapper\">\n\t<div class=\"wpb_raw_code wpb_content_element wpb_raw_html\">\n\t\t<div class=\"wpb_wrapper\">\n\t\t\t<h2>1 tri\u1ec7u<\/h2>\n<h4>$$$$$$<\/h4>\n<h5>h\u1ecdc b\u1ed5ng c\u00f3 gi\u00e1 tr\u1ecb<\/h5>\n<p>\u0111\u01b0\u1ee3c \u0111\u01b0a ra b\u1edfi t\u1ed5 ch\u1ee9c tr\u00ean to\u00e0n c\u1ea7u<\/p>\n\n\n\t\t<\/div>\n\t<\/div>\n<\/div><\/div><\/div><div class=\"wpb_column vc_column_container vc_col-sm-4\"><div class=\"vc_column-inner\"><div class=\"wpb_wrapper\">\n\t<div class=\"wpb_raw_code wpb_content_element wpb_raw_html\">\n\t\t<div class=\"wpb_wrapper\">\n\t\t\t<h2>30% m\u1ed9t ph\u1ea7n<\/h2>\n<h4>H\u1ecdc b\u1ed5ng<\/h4>\n<h5>mi\u1ec5n h\u1ecdc ph\u00ed l\u00ean t\u1edbi 30%<\/h5>\n<p class=\"aug_live_chat\" >Tr\u00f2 chuy\u1ec7n v\u1edbi ch\u00fang t\u00f4i \u0111\u1ec3 t\u00ecm hi\u1ec3u t\u00ednh \u0111\u1ee7 \u0111i\u1ec1u ki\u1ec7n c\u1ee7a b\u1ea1n<\/p>\n\n\n\t\t<\/div>\n\t<\/div>\n<\/div><\/div><\/div><div class=\"wpb_column vc_column_container vc_col-sm-4\"><div class=\"vc_column-inner\"><div class=\"wpb_wrapper\">\n\t<div class=\"wpb_raw_code wpb_content_element wpb_raw_html\">\n\t\t<div class=\"wpb_wrapper\">\n\t\t\t<h2>\u0110\u01b0\u1ee3c cung c\u1ea5p 1 trong 2<\/h2>\n<h4>H\u1ecdc b\u1ed5ng<\/h4>\n<h5>ph\u1ea1m vi gi\u00e1 tr\u1ecb $100 \u0111\u1ebfn $10.000<\/h5>\n<p>cho h\u1ecdc ph\u00ed v\u00e0 chi ph\u00ed sinh ho\u1ea1t c\u1ee7a b\u1ea1n<\/p>\n\n\n\t\t<\/div>\n\t<\/div>\n<\/div><\/div><\/div><\/div>\n\t<div class=\"wpb_raw_code wpb_content_element wpb_raw_html\">\n\t\t<div class=\"wpb_wrapper\">\n\t\t\t<div class=\"aug_bottom_border\"><\/div>\n\n\n\t\t<\/div>\n\t<\/div>\n<\/div><\/div><\/div><\/div><div class=\"vc_row-full-width vc_clearfix\"><\/div><div class=\"vc_row wpb_row vc_row-fluid\"><div class=\"wpb_column vc_column_container vc_col-sm-3\"><div class=\"vc_column-inner\"><div class=\"wpb_wrapper\">\n\t<div class=\"wpb_text_column wpb_content_element\">\n\t\t<div class=\"wpb_wrapper\">\n\t\t\t<div>\n\t\t\t<a href=\"https:\/\/augstudy.com\/vi\/scholarships\/30years\/\">\n\t\t<span class=\"scholarship_button anniversary_scholarship\">H\u1ecdc b\u1ed5ng n\u0103m th\u1ee9 30\t\t\t<img src=\"https:\/\/augstudy.com\/aug-website-files\/wp-content\/uploads\/2018\/07\/arrow_black_right.svg\" alt=\"\" decoding=\"async\" \/>\n\t\t<\/span>\n\t<\/a>\n\t\t\t\t\t<a href=\"https:\/\/augstudy.com\/vi\/scholarships\/australia\/\">\n\t\t<span class=\"scholarship_button\">Ch\u00e2u \u00dac\t\t\t<img src=\"https:\/\/augstudy.com\/aug-website-files\/wp-content\/uploads\/2018\/07\/arrow_black_right.svg\" alt=\"\" decoding=\"async\" \/>\n\t\t<\/span>\n\t<\/a>\n\t\t\t\t<a href=\"https:\/\/augstudy.com\/vi\/scholarships\/malaysia\/\">\n\t\t<span class=\"scholarship_button\">Malaysia\t\t\t<img src=\"https:\/\/augstudy.com\/aug-website-files\/wp-content\/uploads\/2018\/07\/arrow_black_right.svg\" alt=\"\" decoding=\"async\" \/>\n\t\t<\/span>\n\t<\/a>\n\t\t\t\t<a href=\"https:\/\/augstudy.com\/vi\/scholarships\/united-kingdom\/\">\n\t\t<span class=\"scholarship_button\">V\u01b0\u01a1ng qu\u1ed1c Anh\t\t\t<img src=\"https:\/\/augstudy.com\/aug-website-files\/wp-content\/uploads\/2018\/07\/arrow_black_right.svg\" alt=\"\" decoding=\"async\" \/>\n\t\t<\/span>\n\t<\/a>\n\t\t\t\t<a href=\"https:\/\/augstudy.com\/vi\/scholarships\/united-states-of-america\/\">\n\t\t<span class=\"scholarship_button\">N\u01b0\u1edbc M\u1ef9\t\t\t<img src=\"https:\/\/augstudy.com\/aug-website-files\/wp-content\/uploads\/2018\/07\/arrow_black_right.svg\" alt=\"\" decoding=\"async\" \/>\n\t\t<\/span>\n\t<\/a>\n\t\t\t\t<a href=\"https:\/\/augstudy.com\/vi\/scholarships\/ireland\/\">\n\t\t<span class=\"scholarship_button scholarship_country_selected\">Ireland\t\t\t<img src=\"https:\/\/augstudy.com\/aug-website-files\/wp-content\/uploads\/2018\/07\/arrow_black_right.svg\" alt=\"\" decoding=\"async\" \/>\n\t\t<\/span>\n\t<\/a>\n\t\t\t\t\t\n\t<div id=\"institution_list\">\n\t\t\t\t\t<div class=\"aug_menu_arrow_preview\">\n\t\t\t<div class=\"aug_menu_arrow aug_menu_arrow_showed\"><\/div>\n\t\t\t<div id=\"university_college_dublin\" class=\"migration_menu menu_selected\">\u0110\u1ea1i h\u1ecdc Cao \u0111\u1eb3ng Dublin<\/div>\n\t\t<\/div>\n\t\t\t\t<\/div>\n<\/div>\n\t\t\n\n\t\t<\/div>\n\t<\/div>\n<\/div><\/div><\/div><div class=\"wpb_column vc_column_container vc_col-sm-9\"><div class=\"vc_column-inner\"><div class=\"wpb_wrapper\">\n\t<div class=\"wpb_text_column wpb_content_element\">\n\t\t<div class=\"wpb_wrapper\">\n\t\t\t<div class=\"ucp-scholarships-shortcode\"><style id=\"ucp-scholarship-apply-icons\">.ucp-scholarships-shortcode .scholarship_apply img,.ucp-scholarships-shortcode .scholarship_weblink img{display:inline-block;vertical-align:middle;height:22px;width:auto;}.ucp-scholarships-shortcode .scholarship_weblink{margin-left:8px;}<\/style><table class=\"scholarship_details\"><tr><th>T\u00ean h\u1ecdc b\u1ed5ng<\/th><th>Gi\u00e1 tr\u1ecb<\/th><th>Tr\u1ea1ng th\u00e1i<\/th><th class=\"nd_options_display_none_all_responsive\">S\u1ef1 mi\u00eau t\u1ea3<\/th><th>\u0110\u0103ng k\u00fd<\/th><\/tr><tr class=\"all_institution university_college_dublin\"><td>H\u1eccC B\u1ed4NG XU\u1ea4T S\u1eaeC TO\u00c0N C\u1ea6U<\/td><td>L\u00ean t\u1edbi 100% h\u1ecdc ph\u00ed<\/td><td>M\u1edf ngay b\u00e2y gi\u1edd<\/td><td class=\"nd_options_display_none_all_responsive\">H\u1ecdc b\u1ed5ng n\u00e0y \u0111ang cung c\u1ea5p m\u1ed9t s\u1ed1 l\u01b0\u1ee3ng c\u00f3 h\u1ea1n h\u1ecdc ph\u00ed 100% v\u00e0 50% H\u1ecdc b\u1ed5ng Xu\u1ea5t s\u1eafc To\u00e0n c\u1ea7u d\u00e0nh cho sinh vi\u00ean qu\u1ed1c t\u1ebf xu\u1ea5t s\u1eafc.<\/td><td><a class=\"scholarship_apply\" href=\"https:\/\/augstudy.com\/vi\/scholarships\/?scholarship_institution=University%20College%20Dublin&#038;scholarship_name=GLOBAL%20EXCELLENCE%20SCHOLARSHIP#apply\" title=\"\u00c1p d\u1ee5ng ngay b\u00e2y gi\u1edd\"><img src=\"https:\/\/augstudy.com\/aug-website-files\/wp-content\/plugins\/update-courses-plugin\/assets\/images\/scholarship-tick.svg\" alt=\"\" title=\"\u00c1p d\u1ee5ng ngay b\u00e2y gi\u1edd\" width=\"22\" height=\"22\" decoding=\"async\" loading=\"lazy\" \/><\/a><\/td><\/tr><tr class=\"all_institution university_college_dublin\"><td>H\u1eccC B\u1ed4NG SINH VI\u00caN QU\u1ed0C T\u1ebe<\/td><td>Vui l\u00f2ng h\u1ecfi ch\u00fang t\u00f4i \u0111\u1ec3 bi\u1ebft th\u00eam th\u00f4ng tin<\/td><td>T\u1ef1 \u0111\u1ed9ng xem x\u00e9t<\/td><td class=\"nd_options_display_none_all_responsive\">UCD Global determines the eligibility and amount of scholarship based on the applicant&#039;s academic stregth as demonstrated in the relevant programme application.<\/td><td><a class=\"scholarship_apply\" href=\"https:\/\/augstudy.com\/vi\/scholarships\/?scholarship_institution=University%20College%20Dublin&#038;scholarship_name=INTERNATIONAL%20STUDENT%20SCHOLARSHIPS#apply\" title=\"\u00c1p d\u1ee5ng ngay b\u00e2y gi\u1edd\"><img src=\"https:\/\/augstudy.com\/aug-website-files\/wp-content\/plugins\/update-courses-plugin\/assets\/images\/scholarship-tick.svg\" alt=\"\" title=\"\u00c1p d\u1ee5ng ngay b\u00e2y gi\u1edd\" width=\"22\" height=\"22\" decoding=\"async\" loading=\"lazy\" \/><\/a><\/td><\/tr><tr class=\"all_institution university_college_dublin\"><td>H\u1eccC B\u1ed4NG N\u0102M C\u1ee6A QU\u1ef8 QU\u1ed0C T\u1ebe UCD<\/td><td>\u20ac 3,000<\/td><td>M\u1edf ngay b\u00e2y gi\u1edd<\/td><td class=\"nd_options_display_none_all_responsive\">Sinh vi\u00ean qu\u1ed1c t\u1ebf v\u00e0o UCD th\u00f4ng qua L\u1ed9 tr\u00ecnh N\u0103m D\u1ef1 b\u1ecb Qu\u1ed1c t\u1ebf (IFY) c\u00f3 th\u1ec3 \u0111\u1ee7 \u0111i\u1ec1u ki\u1ec7n \u0111\u1ec3 \u0111\u01b0\u1ee3c xem x\u00e9t nh\u1eadn H\u1ecdc b\u1ed5ng Chung UCD IFY khi b\u1eaft \u0111\u1ea7u N\u0103m D\u1ef1 b\u1ecb.<\/td><td><a class=\"scholarship_apply\" href=\"https:\/\/augstudy.com\/vi\/scholarships\/?scholarship_institution=University%20College%20Dublin&#038;scholarship_name=UCD%20INTERNATIONAL%20FOUNDATION%20YEAR%20SCHOLARSHIPS#apply\" title=\"\u00c1p d\u1ee5ng ngay b\u00e2y gi\u1edd\"><img src=\"https:\/\/augstudy.com\/aug-website-files\/wp-content\/plugins\/update-courses-plugin\/assets\/images\/scholarship-tick.svg\" alt=\"\" title=\"\u00c1p d\u1ee5ng ngay b\u00e2y gi\u1edd\" width=\"22\" height=\"22\" decoding=\"async\" loading=\"lazy\" \/><\/a><\/td><\/tr><\/table><\/div>\n\n\t\t<\/div>\n\t<\/div>\n\r\n        <script type=\"text\/javascript\">\r\n            jQuery( \".all_institution\" ).hide();\r\n            \r\n            function showScholarship( institution_classname ) {\r\n                jQuery( \".all_institution\" ).hide();\r\n                institution_classname.show(600);\r\n            }\r\n\r\n            jQuery( \".migration_menu\" ).click(function() {\r\n                showScholarship(jQuery( \".\" + this.id ));\r\n                jQuery( \".aug_menu_arrow\" ).removeClass( \"aug_menu_arrow_showed\" );\r\n                jQuery( \".migration_menu\" ).removeClass( \"menu_selected\" );\r\n                jQuery(this).prev().addClass( \"aug_menu_arrow_showed\" );\r\n                jQuery(this).addClass( \"menu_selected\" ); \r\n            });\r\n\r\n        <\/script>\r\n    \n\t<div class=\"wpb_raw_code wpb_content_element wpb_raw_html\">\n\t\t<div class=\"wpb_wrapper\">\n\t\t\t<script type=\"text\/javascript\">\nvar institution_id = window.location.search;\n\nif (institution_id == \"\") {\n  institution_id = \"university_college_dublin\";\n} else {\n  institution_id = institution_id.substring(3);\n}\n\njQuery(\".\" + institution_id).show(6);\njQuery(\"#\" + institution_id).addClass(\"menu_selected\");\njQuery(\"#\" + institution_id).prev().addClass(\"aug_menu_arrow_showed\");\n\n\n<\/script>\n\t\t<\/div>\n\t<\/div>\n<style> .scholarship_weblink { display: none; } <\/style><script type=\"text\/javascript\">jQuery( \".scholarship_weblink\" ).remove();<\/script><\/div><\/div><\/div><\/div><div class=\"vc_row wpb_row vc_row-fluid\"><div class=\"wpb_column vc_column_container vc_col-sm-12\"><div class=\"vc_column-inner\"><div class=\"wpb_wrapper\"><div style=\"background-color:; height: 30px;\" class=\"nicdark_section\"><\/div><\/div><\/div><\/div><\/div>","protected":false},"excerpt":{"rendered":"Scholarship Availability 1 Million $$$$$$ scholarship worth to be given by institution globally 30% Partial Scholarship up to 30% tuition fee waiver Chat with us to find out your eligibility 1 in 2 Offered Scholarship value range $100 to $10,000 for your tuition fee and living expenses 30th Year Scholarships Australia Malaysia United Kingdom United [...]","protected":false},"author":4,"featured_media":0,"parent":7360,"menu_order":0,"comment_status":"closed","ping_status":"closed","template":"","meta":{"footnotes":""},"class_list":["post-347306","page","type-page","status-publish","hentry"],"yoast_head":"<!-- This site is optimized with the Yoast SEO Premium plugin v27.0 (Yoast SEO v27.3) - https:\/\/yoast.com\/product\/yoast-seo-premium-wordpress\/ -->\n<title>Ireland Scholarships - AUG Student Services<\/title>\n<meta name=\"description\" content=\"Free counselling for university selection, scholarships and visa applications. Let AUG Student Services fast-track your study-abroad journey today.\" \/>\n<meta name=\"robots\" content=\"index, follow, max-snippet:-1, max-image-preview:large, max-video-preview:-1\" \/>\n<link rel=\"canonical\" href=\"https:\/\/augstudy.com\/vi\/hoc-bong\/ireland\/\" \/>\n<meta property=\"og:locale\" content=\"vi_VN\" \/>\n<meta property=\"og:type\" content=\"article\" \/>\n<meta property=\"og:title\" content=\"Ireland Scholarships\" \/>\n<meta property=\"og:description\" content=\"Free counselling for university selection, scholarships and visa applications. Let AUG Student Services fast-track your study-abroad journey today.\" \/>\n<meta property=\"og:url\" content=\"https:\/\/augstudy.com\/vi\/hoc-bong\/ireland\/\" \/>\n<meta property=\"og:site_name\" content=\"AUG Student Services\" \/>\n<meta property=\"article:publisher\" content=\"https:\/\/www.facebook.com\/augmalaysia\/\" \/>\n<meta property=\"article:modified_time\" content=\"2026-04-08T16:50:38+00:00\" \/>\n<meta name=\"twitter:card\" content=\"summary_large_image\" \/>\n<meta name=\"twitter:label1\" content=\"\u01af\u1edbc t\u00ednh th\u1eddi gian \u0111\u1ecdc\" \/>\n\t<meta name=\"twitter:data1\" content=\"1 ph\u00fat\" \/>\n<script type=\"application\/ld+json\" class=\"yoast-schema-graph\">{\"@context\":\"https:\\\/\\\/schema.org\",\"@graph\":[{\"@type\":\"WebPage\",\"@id\":\"https:\\\/\\\/augstudy.com\\\/scholarships\\\/ireland\\\/\",\"url\":\"https:\\\/\\\/augstudy.com\\\/scholarships\\\/ireland\\\/\",\"name\":\"Ireland Scholarships - AUG Student Services\",\"isPartOf\":{\"@id\":\"https:\\\/\\\/augstudy.com\\\/#website\"},\"datePublished\":\"2022-11-11T04:48:13+00:00\",\"dateModified\":\"2026-04-08T16:50:38+00:00\",\"description\":\"Free counselling for university selection, scholarships and visa applications. Let AUG Student Services fast-track your study-abroad journey today.\",\"breadcrumb\":{\"@id\":\"https:\\\/\\\/augstudy.com\\\/scholarships\\\/ireland\\\/#breadcrumb\"},\"inLanguage\":\"vi\",\"potentialAction\":[{\"@type\":\"ReadAction\",\"target\":[\"https:\\\/\\\/augstudy.com\\\/scholarships\\\/ireland\\\/\"]}]},{\"@type\":\"BreadcrumbList\",\"@id\":\"https:\\\/\\\/augstudy.com\\\/scholarships\\\/ireland\\\/#breadcrumb\",\"itemListElement\":[{\"@type\":\"ListItem\",\"position\":1,\"name\":\"Home\",\"item\":\"https:\\\/\\\/augstudy.com\\\/\"},{\"@type\":\"ListItem\",\"position\":2,\"name\":\"Scholarships\",\"item\":\"https:\\\/\\\/augstudy.com\\\/scholarships\\\/\"},{\"@type\":\"ListItem\",\"position\":3,\"name\":\"Ireland Scholarships\"}]},{\"@type\":\"WebSite\",\"@id\":\"https:\\\/\\\/augstudy.com\\\/#website\",\"url\":\"https:\\\/\\\/augstudy.com\\\/\",\"name\":\"AUG Student Services\",\"description\":\"Student Services\",\"alternateName\":\"AUG Global\",\"potentialAction\":[{\"@type\":\"SearchAction\",\"target\":{\"@type\":\"EntryPoint\",\"urlTemplate\":\"https:\\\/\\\/augstudy.com\\\/?s={search_term_string}\"},\"query-input\":{\"@type\":\"PropertyValueSpecification\",\"valueRequired\":true,\"valueName\":\"search_term_string\"}}],\"inLanguage\":\"vi\"}]}<\/script>\n<!-- \/ Yoast SEO Premium plugin. -->","yoast_head_json":{"title":"Ireland Scholarships - AUG Student Services","description":"T\u01b0 v\u1ea5n mi\u1ec5n ph\u00ed v\u1ec1 ch\u1ecdn tr\u01b0\u1eddng \u0111\u1ea1i h\u1ecdc, h\u1ecdc b\u1ed5ng v\u00e0 xin th\u1ecb th\u1ef1c. H\u00e3y \u0111\u1ec3 D\u1ecbch v\u1ee5 Sinh vi\u00ean AUG gi\u00fap b\u1ea1n nhanh ch\u00f3ng ho\u00e0n th\u00e0nh h\u00e0nh tr\u00ecnh du h\u1ecdc ngay h\u00f4m nay.","robots":{"index":"index","follow":"follow","max-snippet":"max-snippet:-1","max-image-preview":"max-image-preview:large","max-video-preview":"max-video-preview:-1"},"canonical":"https:\/\/augstudy.com\/vi\/hoc-bong\/ireland\/","og_locale":"vi_VN","og_type":"article","og_title":"Ireland Scholarships","og_description":"Free counselling for university selection, scholarships and visa applications. Let AUG Student Services fast-track your study-abroad journey today.","og_url":"https:\/\/augstudy.com\/vi\/hoc-bong\/ireland\/","og_site_name":"AUG Student Services","article_publisher":"https:\/\/www.facebook.com\/augmalaysia\/","article_modified_time":"2026-04-08T16:50:38+00:00","twitter_card":"summary_large_image","twitter_misc":{"\u01af\u1edbc t\u00ednh th\u1eddi gian \u0111\u1ecdc":"1 ph\u00fat"},"schema":{"@context":"https:\/\/schema.org","@graph":[{"@type":"WebPage","@id":"https:\/\/augstudy.com\/scholarships\/ireland\/","url":"https:\/\/augstudy.com\/scholarships\/ireland\/","name":"Ireland Scholarships - AUG Student Services","isPartOf":{"@id":"https:\/\/augstudy.com\/#website"},"datePublished":"2022-11-11T04:48:13+00:00","dateModified":"2026-04-08T16:50:38+00:00","description":"T\u01b0 v\u1ea5n mi\u1ec5n ph\u00ed v\u1ec1 ch\u1ecdn tr\u01b0\u1eddng \u0111\u1ea1i h\u1ecdc, h\u1ecdc b\u1ed5ng v\u00e0 xin th\u1ecb th\u1ef1c. H\u00e3y \u0111\u1ec3 D\u1ecbch v\u1ee5 Sinh vi\u00ean AUG gi\u00fap b\u1ea1n nhanh ch\u00f3ng ho\u00e0n th\u00e0nh h\u00e0nh tr\u00ecnh du h\u1ecdc ngay h\u00f4m nay.","breadcrumb":{"@id":"https:\/\/augstudy.com\/scholarships\/ireland\/#breadcrumb"},"inLanguage":"vi","potentialAction":[{"@type":"ReadAction","target":["https:\/\/augstudy.com\/scholarships\/ireland\/"]}]},{"@type":"BreadcrumbList","@id":"https:\/\/augstudy.com\/scholarships\/ireland\/#breadcrumb","itemListElement":[{"@type":"ListItem","position":1,"name":"Home","item":"https:\/\/augstudy.com\/"},{"@type":"ListItem","position":2,"name":"Scholarships","item":"https:\/\/augstudy.com\/scholarships\/"},{"@type":"ListItem","position":3,"name":"Ireland Scholarships"}]},{"@type":"WebSite","@id":"https:\/\/augstudy.com\/#website","url":"https:\/\/augstudy.com\/","name":"D\u1ecbch v\u1ee5 Sinh vi\u00ean AUG","description":"D\u1ecbch v\u1ee5 sinh vi\u00ean","alternateName":"AUG Global","potentialAction":[{"@type":"SearchAction","target":{"@type":"EntryPoint","urlTemplate":"https:\/\/augstudy.com\/?s={search_term_string}"},"query-input":{"@type":"PropertyValueSpecification","valueRequired":true,"valueName":"search_term_string"}}],"inLanguage":"vi"}]}},"_links":{"self":[{"href":"https:\/\/augstudy.com\/vi\/wp-json\/wp\/v2\/pages\/347306","targetHints":{"allow":["GET"]}}],"collection":[{"href":"https:\/\/augstudy.com\/vi\/wp-json\/wp\/v2\/pages"}],"about":[{"href":"https:\/\/augstudy.com\/vi\/wp-json\/wp\/v2\/types\/page"}],"author":[{"embeddable":true,"href":"https:\/\/augstudy.com\/vi\/wp-json\/wp\/v2\/users\/4"}],"replies":[{"embeddable":true,"href":"https:\/\/augstudy.com\/vi\/wp-json\/wp\/v2\/comments?post=347306"}],"version-history":[{"count":3,"href":"https:\/\/augstudy.com\/vi\/wp-json\/wp\/v2\/pages\/347306\/revisions"}],"predecessor-version":[{"id":412028,"href":"https:\/\/augstudy.com\/vi\/wp-json\/wp\/v2\/pages\/347306\/revisions\/412028"}],"up":[{"embeddable":true,"href":"https:\/\/augstudy.com\/vi\/wp-json\/wp\/v2\/pages\/7360"}],"wp:attachment":[{"href":"https:\/\/augstudy.com\/vi\/wp-json\/wp\/v2\/media?parent=347306"}],"curies":[{"name":"wp","href":"https:\/\/api.w.org\/{rel}","templated":true}]}}