{"id":347230,"date":"2022-11-10T11:47:23","date_gmt":"2022-11-10T00:47:23","guid":{"rendered":"https:\/\/augstudy.com\/?page_id=347230"},"modified":"2022-11-26T06:45:38","modified_gmt":"2022-11-25T19:45:38","slug":"ade-botanic-park-high-tea","status":"publish","type":"page","link":"https:\/\/augstudy.com\/vi\/australia\/events\/ade-botanic-park-high-tea\/","title":{"rendered":"[AUG Adelaide] Botanic Park Sweet &#038; Savoury High Tea"},"content":{"rendered":"<div data-vc-full-width=\"true\" data-vc-full-width-init=\"false\" class=\"vc_row wpb_row vc_row-fluid vc_custom_1668377146941 vc_row-has-fill vc_row-o-content-middle vc_row-flex\"><div class=\"wpb_column vc_column_container vc_col-sm-12\"><div class=\"vc_column-inner vc_custom_1661838891579\"><div class=\"wpb_wrapper\">\n\t<div class=\"wpb_single_image wpb_content_element vc_align_center  vc_custom_1669348636866\">\n\t\t\n\t\t<figure class=\"wpb_wrapper vc_figure\">\n\t\t\t<div class=\"vc_single_image-wrapper   vc_box_border_grey\"><\/div>\n\t\t<\/figure>\n\t<\/div>\n<\/div><\/div><\/div><\/div><div class=\"vc_row-full-width vc_clearfix\"><\/div><div data-vc-full-width=\"true\" data-vc-full-width-init=\"false\" class=\"vc_row wpb_row vc_row-fluid vc_custom_1667953238414 vc_row-has-fill vc_row-o-content-middle vc_row-flex\"><div class=\"wpb_column vc_column_container vc_col-sm-2 vc_hidden-sm vc_hidden-xs\"><div class=\"vc_column-inner \"><div class=\"wpb_wrapper\"><\/div><\/div><\/div><div class=\"wpb_column vc_column_container vc_col-sm-8\"><div class=\"vc_column-inner vc_custom_1668377342459\"><div class=\"wpb_wrapper\">\n\t<div class=\"wpb_text_column wpb_content_element  aug_content_box\">\n\t\t<div class=\"wpb_wrapper\">\n\t\t\t<p><span class=\"\" style=\"display:block;clear:both;height: 0px;padding-top: 15px;border-top-width:0px;border-bottom-width:0px;\"><\/span>Celebrate the end of exam period with AUG Adelaide<br \/>\n<span class=\"\" style=\"display:block;clear:both;height: 0px;padding-top: 15px;border-top-width:0px;border-bottom-width:0px;\"><\/span>Join us for an extraordinary mid-day tea party lined up with series of events.<\/p>\n<ul>\n<li>Pamper your taste bud with various sweet and sour delicacies<\/li>\n<li>Walk the runway like a professional fashion model<\/li>\n<li>Participate in a series of power game and win mysterious gift<\/li>\n<\/ul>\n<p><span class=\"\" style=\"display:block;clear:both;height: 0px;padding-top: 15px;border-top-width:0px;border-bottom-width:0px;\"><\/span><strong>Event Details<\/strong><br \/>\n<span class=\"\" style=\"display:block;clear:both;height: 0px;padding-top: 15px;border-top-width:0px;border-bottom-width:0px;\"><\/span><strong>Date:<\/strong> 26 November 2022, Saturday<br \/>\n<span class=\"\" style=\"display:block;clear:both;height: 0px;padding-top: 15px;border-top-width:0px;border-bottom-width:0px;\"><\/span><strong>Time:<\/strong> 11:00 AM &#8211; 3:00 PM<br \/>\n<span class=\"\" style=\"display:block;clear:both;height: 0px;padding-top: 15px;border-top-width:0px;border-bottom-width:0px;\"><\/span><strong>Venue:<\/strong> AUG Adelaide Office (Suite 5, Level 1 Market Plaza, 61-63 Grote St, Adelaide SA 5000)<br \/>\n<span class=\"\" style=\"display:block;clear:both;height: 0px;padding-top: 15px;border-top-width:0px;border-bottom-width:0px;\"><\/span><strong>Dress Code:<\/strong> Smart Casual with Comfortable Shoes<br \/>\n<span class=\"\" style=\"display:block;clear:both;height: 0px;padding-top: 15px;border-top-width:0px;border-bottom-width:0px;\"><\/span><br \/>\nLimited seats are available based on a first come first serve<br \/>\n<span class=\"\" style=\"display:block;clear:both;height: 0px;padding-top: 15px;border-top-width:0px;border-bottom-width:0px;\"><\/span>Hurry and <a href=\"#registration\"><span style=\"text-decoration: underline;\">register<\/span><\/a> to avoid disappointment<br \/>\n<span class=\"\" style=\"display:block;clear:both;height: 0px;padding-top: 15px;border-top-width:0px;border-bottom-width:0px;\"><\/span><\/p>\n<h6 style=\"color: #ff0000;\"><strong><em>* indicates required field<\/em><\/strong><\/h6>\n\n\t\t<\/div>\n\t<\/div>\n<\/div><\/div><\/div><div class=\"wpb_column vc_column_container vc_col-sm-2 vc_hidden-sm vc_hidden-xs\"><div class=\"vc_column-inner \"><div class=\"wpb_wrapper\"><\/div><\/div><\/div><\/div><div class=\"vc_row-full-width vc_clearfix\"><\/div><div id=\"registration\" class=\"vc_row wpb_row vc_row-fluid\"><div class=\"wpb_column vc_column_container vc_col-sm-12\"><div class=\"vc_column-inner vc_custom_1669173899366\"><div class=\"wpb_wrapper\"><div class=\"wpb_text_column wpb_content_element aug_content_box\" style=\"padding-top: 50px !important; padding-bottom: 50px !important; background-color: #ffc338 !important; border-radius: 5px !important; -webkit-box-shadow: 0 4px 18px 0 rgba(0,0,0,.3); box-shadow: 0 4px 18px 0 rgba(0,0,0,.3);\">\r\n    <div class=\"wpb_wrapper\">\r\n        <p style=\"text-align: center;\">Thank you for your interest in participating in [AUG Adelaide] Botanic Park Sweet &amp; Savoury High Tea!<\/p>\r\n        <p style=\"text-align: center;\">Unfortunately, registration for this event is now closed.<\/p>\r\n    <\/div>\r\n<\/div><\/div><\/div><\/div><\/div>\n","protected":false},"excerpt":{"rendered":"Celebrate the end of exam period with AUG Adelaide Join us for an extraordinary mid-day tea party lined up with series of events. Pamper your taste bud with various sweet and sour delicacies Walk the runway like a professional fashion model Participate in a series of power game and win mysterious gift Event Details Date: [...]","protected":false},"author":4,"featured_media":0,"parent":2351,"menu_order":0,"comment_status":"closed","ping_status":"closed","template":"","meta":{"footnotes":""},"class_list":["post-347230","page","type-page","status-publish","hentry"],"yoast_head":"<!-- This site is optimized with the Yoast SEO Premium plugin v27.0 (Yoast SEO v27.3) - https:\/\/yoast.com\/product\/yoast-seo-premium-wordpress\/ -->\n<title>[AUG Adelaide] Botanic Park Sweet &amp; Savoury High Tea - AUG Student Services<\/title>\n<meta name=\"description\" content=\"Free counselling for university selection, scholarships and visa applications. Let AUG Student Services fast-track your study-abroad journey today.\" \/>\n<meta name=\"robots\" content=\"index, follow, max-snippet:-1, max-image-preview:large, max-video-preview:-1\" \/>\n<link rel=\"canonical\" href=\"https:\/\/augstudy.com\/vi\/chau-uc\/su-kien-2\/ade-botanic-park-high-tea\/\" \/>\n<meta property=\"og:locale\" content=\"vi_VN\" \/>\n<meta property=\"og:type\" content=\"article\" \/>\n<meta property=\"og:title\" content=\"[AUG Adelaide] Botanic Park Sweet &amp; Savoury High Tea\" \/>\n<meta property=\"og:description\" content=\"Free counselling for university selection, scholarships and visa applications. Let AUG Student Services fast-track your study-abroad journey today.\" \/>\n<meta property=\"og:url\" content=\"https:\/\/augstudy.com\/vi\/chau-uc\/su-kien-2\/ade-botanic-park-high-tea\/\" \/>\n<meta property=\"og:site_name\" content=\"AUG Student Services\" \/>\n<meta property=\"article:publisher\" content=\"https:\/\/www.facebook.com\/augmalaysia\/\" \/>\n<meta property=\"article:modified_time\" content=\"2022-11-25T19:45:38+00:00\" \/>\n<meta property=\"og:image\" content=\"https:\/\/augstudy.com\/aug-website-files\/wp-content\/uploads\/2022\/11\/eventbrite_aug_adelaide_botanic_park_high_tea_221126_1080x540.jpg\" \/>\n\t<meta property=\"og:image:width\" content=\"1080\" \/>\n\t<meta property=\"og:image:height\" content=\"540\" \/>\n\t<meta property=\"og:image:type\" content=\"image\/jpeg\" \/>\n<meta name=\"twitter:card\" content=\"summary_large_image\" \/>\n<meta name=\"twitter:label1\" content=\"\u01af\u1edbc t\u00ednh th\u1eddi gian \u0111\u1ecdc\" \/>\n\t<meta name=\"twitter:data1\" content=\"2 ph\u00fat\" \/>\n<script type=\"application\/ld+json\" class=\"yoast-schema-graph\">{\"@context\":\"https:\\\/\\\/schema.org\",\"@graph\":[{\"@type\":\"WebPage\",\"@id\":\"https:\\\/\\\/augstudy.com\\\/australia\\\/events\\\/ade-botanic-park-high-tea\\\/\",\"url\":\"https:\\\/\\\/augstudy.com\\\/australia\\\/events\\\/ade-botanic-park-high-tea\\\/\",\"name\":\"[AUG Adelaide] Botanic Park Sweet & Savoury High Tea - AUG Student Services\",\"isPartOf\":{\"@id\":\"https:\\\/\\\/augstudy.com\\\/#website\"},\"datePublished\":\"2022-11-10T00:47:23+00:00\",\"dateModified\":\"2022-11-25T19:45:38+00:00\",\"description\":\"Free counselling for university selection, scholarships and visa applications. Let AUG Student Services fast-track your study-abroad journey today.\",\"breadcrumb\":{\"@id\":\"https:\\\/\\\/augstudy.com\\\/australia\\\/events\\\/ade-botanic-park-high-tea\\\/#breadcrumb\"},\"inLanguage\":\"vi\",\"potentialAction\":[{\"@type\":\"ReadAction\",\"target\":[\"https:\\\/\\\/augstudy.com\\\/australia\\\/events\\\/ade-botanic-park-high-tea\\\/\"]}]},{\"@type\":\"BreadcrumbList\",\"@id\":\"https:\\\/\\\/augstudy.com\\\/australia\\\/events\\\/ade-botanic-park-high-tea\\\/#breadcrumb\",\"itemListElement\":[{\"@type\":\"ListItem\",\"position\":1,\"name\":\"Home\",\"item\":\"https:\\\/\\\/augstudy.com\\\/\"},{\"@type\":\"ListItem\",\"position\":2,\"name\":\"AUG Australia\",\"item\":\"https:\\\/\\\/augstudy.com\\\/australia\\\/\"},{\"@type\":\"ListItem\",\"position\":3,\"name\":\"AUG Australia Events\",\"item\":\"https:\\\/\\\/augstudy.com\\\/australia\\\/events\\\/\"},{\"@type\":\"ListItem\",\"position\":4,\"name\":\"[AUG Adelaide] Botanic Park Sweet &#038; Savoury High Tea\"}]},{\"@type\":\"WebSite\",\"@id\":\"https:\\\/\\\/augstudy.com\\\/#website\",\"url\":\"https:\\\/\\\/augstudy.com\\\/\",\"name\":\"AUG Student Services\",\"description\":\"Student Services\",\"alternateName\":\"AUG Global\",\"potentialAction\":[{\"@type\":\"SearchAction\",\"target\":{\"@type\":\"EntryPoint\",\"urlTemplate\":\"https:\\\/\\\/augstudy.com\\\/?s={search_term_string}\"},\"query-input\":{\"@type\":\"PropertyValueSpecification\",\"valueRequired\":true,\"valueName\":\"search_term_string\"}}],\"inLanguage\":\"vi\"}]}<\/script>\n<!-- \/ Yoast SEO Premium plugin. -->","yoast_head_json":{"title":"[AUG Adelaide] Botanic Park Sweet & Savoury High Tea - AUG Student Services","description":"T\u01b0 v\u1ea5n mi\u1ec5n ph\u00ed v\u1ec1 ch\u1ecdn tr\u01b0\u1eddng \u0111\u1ea1i h\u1ecdc, h\u1ecdc b\u1ed5ng v\u00e0 xin th\u1ecb th\u1ef1c. H\u00e3y \u0111\u1ec3 D\u1ecbch v\u1ee5 Sinh vi\u00ean AUG gi\u00fap b\u1ea1n nhanh ch\u00f3ng ho\u00e0n th\u00e0nh h\u00e0nh tr\u00ecnh du h\u1ecdc ngay h\u00f4m nay.","robots":{"index":"index","follow":"follow","max-snippet":"max-snippet:-1","max-image-preview":"max-image-preview:large","max-video-preview":"max-video-preview:-1"},"canonical":"https:\/\/augstudy.com\/vi\/chau-uc\/su-kien-2\/ade-botanic-park-high-tea\/","og_locale":"vi_VN","og_type":"article","og_title":"[AUG Adelaide] Botanic Park Sweet & Savoury High Tea","og_description":"Free counselling for university selection, scholarships and visa applications. Let AUG Student Services fast-track your study-abroad journey today.","og_url":"https:\/\/augstudy.com\/vi\/chau-uc\/su-kien-2\/ade-botanic-park-high-tea\/","og_site_name":"AUG Student Services","article_publisher":"https:\/\/www.facebook.com\/augmalaysia\/","article_modified_time":"2022-11-25T19:45:38+00:00","og_image":[{"width":1080,"height":540,"url":"https:\/\/augstudy.com\/aug-website-files\/wp-content\/uploads\/2022\/11\/eventbrite_aug_adelaide_botanic_park_high_tea_221126_1080x540.jpg","type":"image\/jpeg"}],"twitter_card":"summary_large_image","twitter_misc":{"\u01af\u1edbc t\u00ednh th\u1eddi gian \u0111\u1ecdc":"2 ph\u00fat"},"schema":{"@context":"https:\/\/schema.org","@graph":[{"@type":"WebPage","@id":"https:\/\/augstudy.com\/australia\/events\/ade-botanic-park-high-tea\/","url":"https:\/\/augstudy.com\/australia\/events\/ade-botanic-park-high-tea\/","name":"[AUG Adelaide] Botanic Park Sweet & Savoury High Tea - AUG Student Services","isPartOf":{"@id":"https:\/\/augstudy.com\/#website"},"datePublished":"2022-11-10T00:47:23+00:00","dateModified":"2022-11-25T19:45:38+00:00","description":"T\u01b0 v\u1ea5n mi\u1ec5n ph\u00ed v\u1ec1 ch\u1ecdn tr\u01b0\u1eddng \u0111\u1ea1i h\u1ecdc, h\u1ecdc b\u1ed5ng v\u00e0 xin th\u1ecb th\u1ef1c. H\u00e3y \u0111\u1ec3 D\u1ecbch v\u1ee5 Sinh vi\u00ean AUG gi\u00fap b\u1ea1n nhanh ch\u00f3ng ho\u00e0n th\u00e0nh h\u00e0nh tr\u00ecnh du h\u1ecdc ngay h\u00f4m nay.","breadcrumb":{"@id":"https:\/\/augstudy.com\/australia\/events\/ade-botanic-park-high-tea\/#breadcrumb"},"inLanguage":"vi","potentialAction":[{"@type":"ReadAction","target":["https:\/\/augstudy.com\/australia\/events\/ade-botanic-park-high-tea\/"]}]},{"@type":"BreadcrumbList","@id":"https:\/\/augstudy.com\/australia\/events\/ade-botanic-park-high-tea\/#breadcrumb","itemListElement":[{"@type":"ListItem","position":1,"name":"Home","item":"https:\/\/augstudy.com\/"},{"@type":"ListItem","position":2,"name":"AUG Australia","item":"https:\/\/augstudy.com\/australia\/"},{"@type":"ListItem","position":3,"name":"AUG Australia Events","item":"https:\/\/augstudy.com\/australia\/events\/"},{"@type":"ListItem","position":4,"name":"[AUG Adelaide] Botanic Park Sweet &#038; Savoury High Tea"}]},{"@type":"WebSite","@id":"https:\/\/augstudy.com\/#website","url":"https:\/\/augstudy.com\/","name":"D\u1ecbch v\u1ee5 Sinh vi\u00ean AUG","description":"D\u1ecbch v\u1ee5 sinh vi\u00ean","alternateName":"AUG Global","potentialAction":[{"@type":"SearchAction","target":{"@type":"EntryPoint","urlTemplate":"https:\/\/augstudy.com\/?s={search_term_string}"},"query-input":{"@type":"PropertyValueSpecification","valueRequired":true,"valueName":"search_term_string"}}],"inLanguage":"vi"}]}},"_links":{"self":[{"href":"https:\/\/augstudy.com\/vi\/wp-json\/wp\/v2\/pages\/347230","targetHints":{"allow":["GET"]}}],"collection":[{"href":"https:\/\/augstudy.com\/vi\/wp-json\/wp\/v2\/pages"}],"about":[{"href":"https:\/\/augstudy.com\/vi\/wp-json\/wp\/v2\/types\/page"}],"author":[{"embeddable":true,"href":"https:\/\/augstudy.com\/vi\/wp-json\/wp\/v2\/users\/4"}],"replies":[{"embeddable":true,"href":"https:\/\/augstudy.com\/vi\/wp-json\/wp\/v2\/comments?post=347230"}],"version-history":[{"count":0,"href":"https:\/\/augstudy.com\/vi\/wp-json\/wp\/v2\/pages\/347230\/revisions"}],"up":[{"embeddable":true,"href":"https:\/\/augstudy.com\/vi\/wp-json\/wp\/v2\/pages\/2351"}],"wp:attachment":[{"href":"https:\/\/augstudy.com\/vi\/wp-json\/wp\/v2\/media?parent=347230"}],"curies":[{"name":"wp","href":"https:\/\/api.w.org\/{rel}","templated":true}]}}