{"id":346081,"date":"2022-10-19T09:47:27","date_gmt":"2022-10-18T22:47:27","guid":{"rendered":"https:\/\/augstudy.com\/?page_id=346081"},"modified":"2022-10-21T09:24:44","modified_gmt":"2022-10-20T22:24:44","slug":"cac-dieu-khoan-va-dieu-kien","status":"publish","type":"page","link":"https:\/\/augstudy.com\/vi\/australia\/events\/study-regional\/terms-and-conditions\/","title":{"rendered":"Study in Regional Australia Terms and Conditions"},"content":{"rendered":"<div class=\"vc_row wpb_row vc_row-fluid\"><div class=\"wpb_column vc_column_container vc_col-sm-2\"><div class=\"vc_column-inner\"><div class=\"wpb_wrapper\"><\/div><\/div><\/div><div class=\"wpb_column vc_column_container vc_col-sm-8\"><div class=\"vc_column-inner vc_custom_1541935238253\"><div class=\"wpb_wrapper\">\n\t<div class=\"wpb_text_column wpb_content_element\">\n\t\t<div class=\"wpb_wrapper\">\n\t\t\t<h2 class=\"aug_title\" style=\"text-align: center;\"><strong>AUG Study in Regional Australia Terms and Conditions<\/strong><\/h2>\n\n\t\t<\/div>\n\t<\/div>\n<div class=\"vc_empty_space\"  style=\"height: 40px\" ><span class=\"vc_empty_space_inner\"><\/span><\/div>\n\n\t<div class=\"wpb_text_column wpb_content_element\">\n\t\t<div class=\"wpb_wrapper\">\n\t\t\t<p><!-- A$50 Gift Card --><\/p>\n<h2 id=\"giftcard\"><strong>A$50 GIFT CARD<\/strong><\/h2>\n<ol>\n<li>Students who register and attend AUG Study in Regional Australia and speak to at least two (2) institutions will be eligible for the Lucky Draw across all AUG Australia offices;<\/li>\n<li>This promotion is only applicable to international students. Limited to one (1) Lucky Draw prize per international student;<\/li>\n<li>Winners must claim their A$50 Gift Card physically in any AUG Australia offices, namely: Adelaide, Brisbane, Melbourne, Perth, or Sydney including offshore winners (international students who not currently located in Australia);<\/li>\n<li>Every international student must hold a valid Student Visa and present a student ID to collect the Lucky Draw prize;<\/li>\n<li>Lucky Draw winner(s) will be announced on Friday, 21<sup>st<\/sup> October 2022 via AUG Australia social media platforms (Facebook \/ Instagram \/ WeChat);<\/li>\n<li>Lucky Draw winner(s) will receive an email confirmation and need to present a valid Student Visa as verification to redeem prizes;<\/li>\n<li>No cash alternative to any of the prizes will be given;<\/li>\n<li>AUG will have the final decision and reserves the right to change the Terms and Conditions without prior notice;<\/li>\n<li>AUG is not liable for any loss or damage suffered because of this promotion.<\/li>\n<\/ol>\n\n\t\t<\/div>\n\t<\/div>\n<div class=\"vc_empty_space\"  style=\"height: 40px\" ><span class=\"vc_empty_space_inner\"><\/span><\/div>\n\n\t<div class=\"wpb_text_column wpb_content_element\">\n\t\t<div class=\"wpb_wrapper\">\n\t\t\t<p><!-- 1 Year Free OSHC --><\/p>\n<h2 id=\"oshc\"><strong>1 YEAR FREE OSHC<\/strong><\/h2>\n<ol>\n<li>This promotion is only for new international students who do not currently have an application and acceptance with AUG;<\/li>\n<li>This promotion is also extendible to international students who successfully nominate AUG to take over their application or offer, as long as they have not yet accepted the offer or paid the tuition fee deposit;<\/li>\n<li>Winner(s) will be entitled with a free one (1) year Overseas Student Health Cover (OSHC) policy, any further cover period will be in decision of student expenses;<\/li>\n<li>Winner(s) must be currently or intend to reside in Australia while studying in any of the Study in Regional event participated institutions to claim the free OSHC membership policy, and must be within the stated enrolment period;<\/li>\n<li>Winner(s) must provide valid and complete documents as requested by AUG during application;<\/li>\n<li>Three (3) winners from each AUG Australia offices, namely: Adelaide, Brisbane, Melbourne, Perth or Sydney will be selected;<\/li>\n<li>If student does not enrol or withdraw from the course before census date, student is no longer eligible to receive the one (1) year free OSHC;<\/li>\n<li>Eligible international students will only receive the one (1) year free OSHC promotion once, regardless of how many applications and acceptances issued;<\/li>\n<li>This promotion is only applicable to Single, Standard OSHC from Allianz Care;<\/li>\n<li>AUG is not responsible for any changes in the policy types or provider;<\/li>\n<li>Student will need to pay for the whole amount upfront when they purchase the OSHC, AUG will reimburse to the student the one (1) year OSHC amount up to A$565.00 after the intake census date of 31<sup>st<\/sup> March 2023, via bank transfer to an Australian bank account nominated by the student in writing;<\/li>\n<li>This OSHC promotion cannot be used in conjunction with other ongoing or concurrent promotions within AUG;<\/li>\n<li>AUG will have the final decision and reserves the right to change the Terms and Conditions without prior notice;<\/li>\n<li>AUG is not liable for any loss or damage suffered because of this promotion.<\/li>\n<\/ol>\n\n\t\t<\/div>\n\t<\/div>\n<div class=\"vc_empty_space\"  style=\"height: 40px\" ><span class=\"vc_empty_space_inner\"><\/span><\/div>\n\n\t<div class=\"wpb_text_column wpb_content_element\">\n\t\t<div class=\"wpb_wrapper\">\n\t\t\t<p><!-- Consent--><\/p>\n<h2 id=\"consent\"><strong>B\u1eb0NG L\u00d2NG<\/strong><\/h2>\n<h4><strong>Xu\u1ea5t b\u1ea3n \u1ea3nh, video v\u00e0 c\u00e1c t\u00e0i li\u1ec7u nh\u1eadn d\u1ea1ng kh\u00e1c<\/strong><\/h4>\n<p>AUG c\u00f3 th\u1ec3 ch\u1ee5p \u1ea3nh, quay video, ghi \u00e2m ho\u1eb7c c\u00e1c t\u00e0i li\u1ec7u kh\u00e1c c\u00f3 th\u1ec3 nh\u1eadn d\u1ea1ng b\u1ea1n trong qu\u00e1 tr\u00ecnh v\u1eadn h\u00e0nh v\u00e0 ho\u1ea1t \u0111\u1ed9ng v\u0103n ph\u00f2ng c\u1ee7a ch\u00fang t\u00f4i. AUG s\u1ebd s\u1edf h\u1eefu b\u1ea3n quy\u1ec1n \u0111\u1ed1i v\u1edbi c\u00e1c t\u00e0i li\u1ec7u n\u00e0y v\u00e0 c\u00f3 th\u1ec3 s\u1eed d\u1ee5ng ch\u00fang trong c\u00e1c \u1ea5n ph\u1ea9m v\u00e0 ph\u01b0\u01a1ng ti\u1ec7n truy\u1ec1n th\u00f4ng x\u00e3 h\u1ed9i c\u1ee7a ch\u00fang t\u00f4i m\u00e0 c\u00f4ng ch\u00fang c\u00f3 th\u1ec3 truy c\u1eadp. Vui l\u00f2ng th\u00f4ng b\u00e1o cho b\u1ea5t k\u1ef3 nh\u00e2n vi\u00ean AUG n\u00e0o c\u1ee7a ch\u00fang t\u00f4i n\u1ebfu b\u1ea1n kh\u00f4ng \u0111\u1ed3ng \u00fd v\u1edbi \u0111i\u1ec1u n\u00e0y.<\/p>\n\n\t\t<\/div>\n\t<\/div>\n<\/div><\/div><\/div><div class=\"wpb_column vc_column_container vc_col-sm-2\"><div class=\"vc_column-inner\"><div class=\"wpb_wrapper\"><\/div><\/div><\/div><\/div>","protected":false},"excerpt":{"rendered":"AUG Study in Regional Australia Terms and Conditions A$50 GIFT CARD Students who register and attend AUG Study in Regional Australia and speak to at least two (2) institutions will be eligible for the Lucky Draw across all AUG Australia offices; This promotion is only applicable to international students. Limited to one (1) Lucky Draw [...]","protected":false},"author":4,"featured_media":0,"parent":346182,"menu_order":0,"comment_status":"closed","ping_status":"closed","template":"","meta":{"footnotes":""},"class_list":["post-346081","page","type-page","status-publish","hentry"],"yoast_head":"<!-- This site is optimized with the Yoast SEO Premium plugin v27.0 (Yoast SEO v27.3) - https:\/\/yoast.com\/product\/yoast-seo-premium-wordpress\/ -->\n<title>Study in Regional Australia Terms and Conditions - AUG Student Services<\/title>\n<meta name=\"description\" content=\"Free counselling for university selection, scholarships and visa applications. Let AUG Student Services fast-track your study-abroad journey today.\" \/>\n<meta name=\"robots\" content=\"index, follow, max-snippet:-1, max-image-preview:large, max-video-preview:-1\" \/>\n<link rel=\"canonical\" href=\"https:\/\/augstudy.com\/vi\/chau-uc\/su-kien-2\/study-regional\/cac-dieu-khoan-va-dieu-kien\/\" \/>\n<meta property=\"og:locale\" content=\"vi_VN\" \/>\n<meta property=\"og:type\" content=\"article\" \/>\n<meta property=\"og:title\" content=\"Study in Regional Australia Terms and Conditions\" \/>\n<meta property=\"og:description\" content=\"Free counselling for university selection, scholarships and visa applications. Let AUG Student Services fast-track your study-abroad journey today.\" \/>\n<meta property=\"og:url\" content=\"https:\/\/augstudy.com\/vi\/chau-uc\/su-kien-2\/study-regional\/cac-dieu-khoan-va-dieu-kien\/\" \/>\n<meta property=\"og:site_name\" content=\"AUG Student Services\" \/>\n<meta property=\"article:publisher\" content=\"https:\/\/www.facebook.com\/augmalaysia\/\" \/>\n<meta property=\"article:modified_time\" content=\"2022-10-20T22:24:44+00:00\" \/>\n<meta name=\"twitter:card\" content=\"summary_large_image\" \/>\n<meta name=\"twitter:label1\" content=\"\u01af\u1edbc t\u00ednh th\u1eddi gian \u0111\u1ecdc\" \/>\n\t<meta name=\"twitter:data1\" content=\"3 ph\u00fat\" \/>\n<script type=\"application\/ld+json\" class=\"yoast-schema-graph\">{\"@context\":\"https:\\\/\\\/schema.org\",\"@graph\":[{\"@type\":\"WebPage\",\"@id\":\"https:\\\/\\\/augstudy.com\\\/australia\\\/events\\\/study-regional\\\/terms-and-conditions\\\/\",\"url\":\"https:\\\/\\\/augstudy.com\\\/australia\\\/events\\\/study-regional\\\/terms-and-conditions\\\/\",\"name\":\"Study in Regional Australia Terms and Conditions - AUG Student Services\",\"isPartOf\":{\"@id\":\"https:\\\/\\\/augstudy.com\\\/#website\"},\"datePublished\":\"2022-10-18T22:47:27+00:00\",\"dateModified\":\"2022-10-20T22:24:44+00:00\",\"description\":\"Free counselling for university selection, scholarships and visa applications. Let AUG Student Services fast-track your study-abroad journey today.\",\"breadcrumb\":{\"@id\":\"https:\\\/\\\/augstudy.com\\\/australia\\\/events\\\/study-regional\\\/terms-and-conditions\\\/#breadcrumb\"},\"inLanguage\":\"vi\",\"potentialAction\":[{\"@type\":\"ReadAction\",\"target\":[\"https:\\\/\\\/augstudy.com\\\/australia\\\/events\\\/study-regional\\\/terms-and-conditions\\\/\"]}]},{\"@type\":\"BreadcrumbList\",\"@id\":\"https:\\\/\\\/augstudy.com\\\/australia\\\/events\\\/study-regional\\\/terms-and-conditions\\\/#breadcrumb\",\"itemListElement\":[{\"@type\":\"ListItem\",\"position\":1,\"name\":\"Home\",\"item\":\"https:\\\/\\\/augstudy.com\\\/\"},{\"@type\":\"ListItem\",\"position\":2,\"name\":\"AUG Australia\",\"item\":\"https:\\\/\\\/augstudy.com\\\/australia\\\/\"},{\"@type\":\"ListItem\",\"position\":3,\"name\":\"AUG Australia Events\",\"item\":\"https:\\\/\\\/augstudy.com\\\/australia\\\/events\\\/\"},{\"@type\":\"ListItem\",\"position\":4,\"name\":\"Study in Regional Australia Virtual Expo\",\"item\":\"https:\\\/\\\/augstudy.com\\\/australia\\\/events\\\/study-regional\\\/\"},{\"@type\":\"ListItem\",\"position\":5,\"name\":\"Study in Regional Australia Terms and Conditions\"}]},{\"@type\":\"WebSite\",\"@id\":\"https:\\\/\\\/augstudy.com\\\/#website\",\"url\":\"https:\\\/\\\/augstudy.com\\\/\",\"name\":\"AUG Student Services\",\"description\":\"Student Services\",\"alternateName\":\"AUG Global\",\"potentialAction\":[{\"@type\":\"SearchAction\",\"target\":{\"@type\":\"EntryPoint\",\"urlTemplate\":\"https:\\\/\\\/augstudy.com\\\/?s={search_term_string}\"},\"query-input\":{\"@type\":\"PropertyValueSpecification\",\"valueRequired\":true,\"valueName\":\"search_term_string\"}}],\"inLanguage\":\"vi\"}]}<\/script>\n<!-- \/ Yoast SEO Premium plugin. -->","yoast_head_json":{"title":"Study in Regional Australia Terms and Conditions - AUG Student Services","description":"T\u01b0 v\u1ea5n mi\u1ec5n ph\u00ed v\u1ec1 ch\u1ecdn tr\u01b0\u1eddng \u0111\u1ea1i h\u1ecdc, h\u1ecdc b\u1ed5ng v\u00e0 xin th\u1ecb th\u1ef1c. H\u00e3y \u0111\u1ec3 D\u1ecbch v\u1ee5 Sinh vi\u00ean AUG gi\u00fap b\u1ea1n nhanh ch\u00f3ng ho\u00e0n th\u00e0nh h\u00e0nh tr\u00ecnh du h\u1ecdc ngay h\u00f4m nay.","robots":{"index":"index","follow":"follow","max-snippet":"max-snippet:-1","max-image-preview":"max-image-preview:large","max-video-preview":"max-video-preview:-1"},"canonical":"https:\/\/augstudy.com\/vi\/chau-uc\/su-kien-2\/study-regional\/cac-dieu-khoan-va-dieu-kien\/","og_locale":"vi_VN","og_type":"article","og_title":"Study in Regional Australia Terms and Conditions","og_description":"Free counselling for university selection, scholarships and visa applications. Let AUG Student Services fast-track your study-abroad journey today.","og_url":"https:\/\/augstudy.com\/vi\/chau-uc\/su-kien-2\/study-regional\/cac-dieu-khoan-va-dieu-kien\/","og_site_name":"AUG Student Services","article_publisher":"https:\/\/www.facebook.com\/augmalaysia\/","article_modified_time":"2022-10-20T22:24:44+00:00","twitter_card":"summary_large_image","twitter_misc":{"\u01af\u1edbc t\u00ednh th\u1eddi gian \u0111\u1ecdc":"3 ph\u00fat"},"schema":{"@context":"https:\/\/schema.org","@graph":[{"@type":"WebPage","@id":"https:\/\/augstudy.com\/australia\/events\/study-regional\/terms-and-conditions\/","url":"https:\/\/augstudy.com\/australia\/events\/study-regional\/terms-and-conditions\/","name":"Study in Regional Australia Terms and Conditions - AUG Student Services","isPartOf":{"@id":"https:\/\/augstudy.com\/#website"},"datePublished":"2022-10-18T22:47:27+00:00","dateModified":"2022-10-20T22:24:44+00:00","description":"T\u01b0 v\u1ea5n mi\u1ec5n ph\u00ed v\u1ec1 ch\u1ecdn tr\u01b0\u1eddng \u0111\u1ea1i h\u1ecdc, h\u1ecdc b\u1ed5ng v\u00e0 xin th\u1ecb th\u1ef1c. H\u00e3y \u0111\u1ec3 D\u1ecbch v\u1ee5 Sinh vi\u00ean AUG gi\u00fap b\u1ea1n nhanh ch\u00f3ng ho\u00e0n th\u00e0nh h\u00e0nh tr\u00ecnh du h\u1ecdc ngay h\u00f4m nay.","breadcrumb":{"@id":"https:\/\/augstudy.com\/australia\/events\/study-regional\/terms-and-conditions\/#breadcrumb"},"inLanguage":"vi","potentialAction":[{"@type":"ReadAction","target":["https:\/\/augstudy.com\/australia\/events\/study-regional\/terms-and-conditions\/"]}]},{"@type":"BreadcrumbList","@id":"https:\/\/augstudy.com\/australia\/events\/study-regional\/terms-and-conditions\/#breadcrumb","itemListElement":[{"@type":"ListItem","position":1,"name":"Home","item":"https:\/\/augstudy.com\/"},{"@type":"ListItem","position":2,"name":"AUG Australia","item":"https:\/\/augstudy.com\/australia\/"},{"@type":"ListItem","position":3,"name":"AUG Australia Events","item":"https:\/\/augstudy.com\/australia\/events\/"},{"@type":"ListItem","position":4,"name":"Study in Regional Australia Virtual Expo","item":"https:\/\/augstudy.com\/australia\/events\/study-regional\/"},{"@type":"ListItem","position":5,"name":"Study in Regional Australia Terms and Conditions"}]},{"@type":"WebSite","@id":"https:\/\/augstudy.com\/#website","url":"https:\/\/augstudy.com\/","name":"D\u1ecbch v\u1ee5 Sinh vi\u00ean AUG","description":"D\u1ecbch v\u1ee5 sinh vi\u00ean","alternateName":"AUG Global","potentialAction":[{"@type":"SearchAction","target":{"@type":"EntryPoint","urlTemplate":"https:\/\/augstudy.com\/?s={search_term_string}"},"query-input":{"@type":"PropertyValueSpecification","valueRequired":true,"valueName":"search_term_string"}}],"inLanguage":"vi"}]}},"_links":{"self":[{"href":"https:\/\/augstudy.com\/vi\/wp-json\/wp\/v2\/pages\/346081","targetHints":{"allow":["GET"]}}],"collection":[{"href":"https:\/\/augstudy.com\/vi\/wp-json\/wp\/v2\/pages"}],"about":[{"href":"https:\/\/augstudy.com\/vi\/wp-json\/wp\/v2\/types\/page"}],"author":[{"embeddable":true,"href":"https:\/\/augstudy.com\/vi\/wp-json\/wp\/v2\/users\/4"}],"replies":[{"embeddable":true,"href":"https:\/\/augstudy.com\/vi\/wp-json\/wp\/v2\/comments?post=346081"}],"version-history":[{"count":0,"href":"https:\/\/augstudy.com\/vi\/wp-json\/wp\/v2\/pages\/346081\/revisions"}],"up":[{"embeddable":true,"href":"https:\/\/augstudy.com\/vi\/wp-json\/wp\/v2\/pages\/346182"}],"wp:attachment":[{"href":"https:\/\/augstudy.com\/vi\/wp-json\/wp\/v2\/media?parent=346081"}],"curies":[{"name":"wp","href":"https:\/\/api.w.org\/{rel}","templated":true}]}}