{"id":345699,"date":"2022-10-08T13:02:21","date_gmt":"2022-10-08T02:02:21","guid":{"rendered":"https:\/\/augstudy.com\/?page_id=345699"},"modified":"2023-12-29T13:39:41","modified_gmt":"2023-12-29T02:39:41","slug":"malaysian-australian-alumni-council-macc-scholarship","status":"publish","type":"page","link":"https:\/\/augstudy.com\/vi\/malaysia\/malaysian-australian-alumni-council-macc-scholarship\/","title":{"rendered":"H\u1ecdc b\u1ed5ng c\u1ee7a H\u1ed9i \u0111\u1ed3ng c\u1ef1u sinh vi\u00ean ng\u01b0\u1eddi \u00dac g\u1ed1c Malaysia (MACC)"},"content":{"rendered":"<div class=\"vc_row wpb_row vc_row-fluid\"><div class=\"wpb_column vc_column_container vc_col-sm-2\"><div class=\"vc_column-inner\"><div class=\"wpb_wrapper\"><\/div><\/div><\/div><div class=\"wpb_column vc_column_container vc_col-sm-8\"><div class=\"vc_column-inner\"><div class=\"wpb_wrapper\"><div class=\"vc_empty_space\"  style=\"height: 32px\" ><span class=\"vc_empty_space_inner\"><\/span><\/div>\n\n\t<div class=\"wpb_text_column wpb_content_element\">\n\t\t<div class=\"wpb_wrapper\">\n\t\t\t<h1>H\u1ecdc b\u1ed5ng c\u1ee7a H\u1ed9i \u0111\u1ed3ng c\u1ef1u sinh vi\u00ean ng\u01b0\u1eddi \u00dac g\u1ed1c Malaysia (MACC)<\/h1>\n\n\t\t<\/div>\n\t<\/div>\n\n\t<div class=\"wpb_text_column wpb_content_element\">\n\t\t<div class=\"wpb_wrapper\">\n\t\t\t<p>\u0110\u01b0\u1ee3c t\u1ed5 ch\u1ee9c b\u1edfi H\u1ed9i \u0111\u1ed3ng c\u1ef1u sinh vi\u00ean ng\u01b0\u1eddi \u00dac g\u1ed1c Malaysia, m\u1ee5c \u0111\u00edch c\u1ee7a H\u1ecdc b\u1ed5ng K\u1ef7 ni\u1ec7m K\u1ebf ho\u1ea1ch Colombo c\u1ee7a Malaysia \u00dac (MACC) l\u00e0 nh\u1eb1m <strong>gi\u00fap sinh vi\u00ean Malaysia v\u00e0 \u00dac tr\u1ea3i nghi\u1ec7m n\u1ec1n v\u0103n h\u00f3a \u0111a d\u1ea1ng <\/strong>th\u00f4ng qua gi\u00e1o d\u1ee5c \u0111\u01b0\u1ee3c t\u00e0i tr\u1ee3.<\/p>\n<p>&nbsp;<\/p>\n<p>\u0110\u01b0\u1ee3c h\u1ed7 tr\u1ee3 b\u1edfi Ch\u00ednh ph\u1ee7 \u00dac, ch\u01b0\u01a1ng tr\u00ecnh H\u1ecdc b\u1ed5ng MACC \u0111\u00e3 gi\u00fap h\u01a1n 250 sinh vi\u00ean nh\u1eadn \u0111\u01b0\u1ee3c h\u1ecdc b\u1ed5ng tr\u1ecb gi\u00e1 5 tri\u1ec7u RM.<\/p>\n<p>&nbsp;<\/p>\n<p>For the year 2023 to 2024, these are the available scholarships from top Australian institutions:<\/p>\n\n\t\t<\/div>\n\t<\/div>\n\n\t<div class=\"wpb_single_image wpb_content_element vc_align_left\">\n\t\t\n\t\t<figure class=\"wpb_wrapper vc_figure\">\n\t\t\t<div class=\"vc_single_image-wrapper   vc_box_border_grey\"><img loading=\"lazy\" decoding=\"async\" width=\"1024\" height=\"1024\" src=\"https:\/\/augstudy.com\/aug-website-files\/wp-content\/uploads\/2023\/12\/aug_my_macc_1_1125x1125-1024x1024.jpg\" class=\"vc_single_image-img attachment-large\" alt=\"\" srcset=\"https:\/\/augstudy.com\/aug-website-files\/wp-content\/uploads\/2023\/12\/aug_my_macc_1_1125x1125-1024x1024.jpg 1024w, https:\/\/augstudy.com\/aug-website-files\/wp-content\/uploads\/2023\/12\/aug_my_macc_1_1125x1125-300x300.jpg 300w, https:\/\/augstudy.com\/aug-website-files\/wp-content\/uploads\/2023\/12\/aug_my_macc_1_1125x1125-150x150.jpg 150w, https:\/\/augstudy.com\/aug-website-files\/wp-content\/uploads\/2023\/12\/aug_my_macc_1_1125x1125-768x768.jpg 768w, https:\/\/augstudy.com\/aug-website-files\/wp-content\/uploads\/2023\/12\/aug_my_macc_1_1125x1125-12x12.jpg 12w, https:\/\/augstudy.com\/aug-website-files\/wp-content\/uploads\/2023\/12\/aug_my_macc_1_1125x1125.jpg 1125w\" sizes=\"auto, (max-width: 1024px) 100vw, 1024px\" \/><\/div>\n\t\t<\/figure>\n\t<\/div>\n<\/div><\/div><\/div><div class=\"wpb_column vc_column_container vc_col-sm-2\"><div class=\"vc_column-inner\"><div class=\"wpb_wrapper\"><\/div><\/div><\/div><\/div><div class=\"vc_row wpb_row vc_row-fluid\"><div class=\"wpb_column vc_column_container vc_col-sm-12\"><div class=\"vc_column-inner\"><div class=\"wpb_wrapper\"><\/div><\/div><\/div><\/div><div class=\"vc_row wpb_row vc_row-fluid\"><div class=\"wpb_column vc_column_container vc_col-sm-12\"><div class=\"vc_column-inner\"><div class=\"wpb_wrapper\"><div class=\"vc_empty_space\"  style=\"height: 32px\" ><span class=\"vc_empty_space_inner\"><\/span><\/div>\n<\/div><\/div><\/div><\/div><div class=\"vc_row wpb_row vc_row-fluid\"><div class=\"wpb_column vc_column_container vc_col-sm-2\"><div class=\"vc_column-inner\"><div class=\"wpb_wrapper\"><\/div><\/div><\/div><div class=\"wpb_column vc_column_container vc_col-sm-8\"><div class=\"vc_column-inner\"><div class=\"wpb_wrapper\">\n\t<div class=\"wpb_text_column wpb_content_element\">\n\t\t<div class=\"wpb_wrapper\">\n\t\t\t<h4><strong>\u0110\u1ea1i h\u1ecdc RMIT<\/strong><\/h4>\n\n\t\t<\/div>\n\t<\/div>\n\n\t<div class=\"wpb_single_image wpb_content_element vc_align_left\">\n\t\t\n\t\t<figure class=\"wpb_wrapper vc_figure\">\n\t\t\t<div class=\"vc_single_image-wrapper   vc_box_border_grey\"><img loading=\"lazy\" decoding=\"async\" width=\"1024\" height=\"1024\" src=\"https:\/\/augstudy.com\/aug-website-files\/wp-content\/uploads\/2023\/12\/aug_my_macc_2_1125x1125-1024x1024.jpg\" class=\"vc_single_image-img attachment-large\" alt=\"\" srcset=\"https:\/\/augstudy.com\/aug-website-files\/wp-content\/uploads\/2023\/12\/aug_my_macc_2_1125x1125-1024x1024.jpg 1024w, https:\/\/augstudy.com\/aug-website-files\/wp-content\/uploads\/2023\/12\/aug_my_macc_2_1125x1125-300x300.jpg 300w, https:\/\/augstudy.com\/aug-website-files\/wp-content\/uploads\/2023\/12\/aug_my_macc_2_1125x1125-150x150.jpg 150w, https:\/\/augstudy.com\/aug-website-files\/wp-content\/uploads\/2023\/12\/aug_my_macc_2_1125x1125-768x768.jpg 768w, https:\/\/augstudy.com\/aug-website-files\/wp-content\/uploads\/2023\/12\/aug_my_macc_2_1125x1125-12x12.jpg 12w, https:\/\/augstudy.com\/aug-website-files\/wp-content\/uploads\/2023\/12\/aug_my_macc_2_1125x1125.jpg 1125w\" sizes=\"auto, (max-width: 1024px) 100vw, 1024px\" \/><\/div>\n\t\t<\/figure>\n\t<\/div>\n<div class=\"vc_empty_space\"  style=\"height: 32px\" ><span class=\"vc_empty_space_inner\"><\/span><\/div>\n<\/div><\/div><\/div><div class=\"wpb_column vc_column_container vc_col-sm-2\"><div class=\"vc_column-inner\"><div class=\"wpb_wrapper\"><\/div><\/div><\/div><\/div><div class=\"vc_row wpb_row vc_row-fluid\"><div class=\"wpb_column vc_column_container vc_col-sm-2\"><div class=\"vc_column-inner\"><div class=\"wpb_wrapper\"><\/div><\/div><\/div><div class=\"wpb_column vc_column_container vc_col-sm-8\"><div class=\"vc_column-inner\"><div class=\"wpb_wrapper\">\n\t<div class=\"wpb_text_column wpb_content_element\">\n\t\t<div class=\"wpb_wrapper\">\n\t\t\t<h4><strong>\u0110\u1ea1i h\u1ecdc Queensland (UQ)<\/strong><\/h4>\n\n\t\t<\/div>\n\t<\/div>\n\n\t<div class=\"wpb_single_image wpb_content_element vc_align_left\">\n\t\t\n\t\t<figure class=\"wpb_wrapper vc_figure\">\n\t\t\t<div class=\"vc_single_image-wrapper   vc_box_border_grey\"><img loading=\"lazy\" decoding=\"async\" width=\"1024\" height=\"1024\" src=\"https:\/\/augstudy.com\/aug-website-files\/wp-content\/uploads\/2023\/12\/aug_my_macc_3_1125x1125-1024x1024.jpg\" class=\"vc_single_image-img attachment-large\" alt=\"\" srcset=\"https:\/\/augstudy.com\/aug-website-files\/wp-content\/uploads\/2023\/12\/aug_my_macc_3_1125x1125-1024x1024.jpg 1024w, https:\/\/augstudy.com\/aug-website-files\/wp-content\/uploads\/2023\/12\/aug_my_macc_3_1125x1125-300x300.jpg 300w, https:\/\/augstudy.com\/aug-website-files\/wp-content\/uploads\/2023\/12\/aug_my_macc_3_1125x1125-150x150.jpg 150w, https:\/\/augstudy.com\/aug-website-files\/wp-content\/uploads\/2023\/12\/aug_my_macc_3_1125x1125-768x768.jpg 768w, https:\/\/augstudy.com\/aug-website-files\/wp-content\/uploads\/2023\/12\/aug_my_macc_3_1125x1125-12x12.jpg 12w, https:\/\/augstudy.com\/aug-website-files\/wp-content\/uploads\/2023\/12\/aug_my_macc_3_1125x1125.jpg 1125w\" sizes=\"auto, (max-width: 1024px) 100vw, 1024px\" \/><\/div>\n\t\t<\/figure>\n\t<\/div>\n<div class=\"vc_empty_space\"  style=\"height: 32px\" ><span class=\"vc_empty_space_inner\"><\/span><\/div>\n<\/div><\/div><\/div><div class=\"wpb_column vc_column_container vc_col-sm-2\"><div class=\"vc_column-inner\"><div class=\"wpb_wrapper\"><\/div><\/div><\/div><\/div><div class=\"vc_row wpb_row vc_row-fluid\"><div class=\"wpb_column vc_column_container vc_col-sm-2\"><div class=\"vc_column-inner\"><div class=\"wpb_wrapper\"><\/div><\/div><\/div><div class=\"wpb_column vc_column_container vc_col-sm-8\"><div class=\"vc_column-inner\"><div class=\"wpb_wrapper\">\n\t<div class=\"wpb_text_column wpb_content_element\">\n\t\t<div class=\"wpb_wrapper\">\n\t\t\t<h4><strong>\u0110\u1ec3 \u0111\u0103ng k\u00fd h\u1ecdc b\u1ed5ng, vui l\u00f2ng li\u00ean h\u1ec7 c\u00e1c v\u0103n ph\u00f2ng AUG g\u1ea7n b\u1ea1n h\u01a1n ho\u1eb7c \u0111i\u1ec1n v\u00e0o m\u1eabu \u0111\u01a1n n\u00e0y:<\/strong><\/h4>\n<h4><\/h4>\n<p>&nbsp;<\/p>\n<h4><\/h4>\n\n\t\t<\/div>\n\t<\/div>\n\n\t<div class=\"wpb_raw_code wpb_content_element wpb_raw_html\">\n\t\t<div class=\"wpb_wrapper\">\n\t\t\t<center><iframe loading=\"lazy\" src=\"https:\/\/docs.google.com\/forms\/d\/e\/1FAIpQLSfFtPQJOLsOb1HIDsbti4xfke4Td-oX2aAVk7V2eTqKMy9IcQ\/viewform?embedded=true\" width=\"100%\" height=\"1300\" frameborder=\"0\" marginheight=\"0\" marginwidth=\"0\">\u0110ang t\u1ea3i\u2026<\/iframe><\/center>\n\t\t<\/div>\n\t<\/div>\n<\/div><\/div><\/div><div class=\"wpb_column vc_column_container vc_col-sm-2\"><div class=\"vc_column-inner\"><div class=\"wpb_wrapper\"><\/div><\/div><\/div><\/div><div class=\"vc_row wpb_row vc_row-fluid\"><div class=\"wpb_column vc_column_container vc_col-sm-2\"><div class=\"vc_column-inner\"><div class=\"wpb_wrapper\"><\/div><\/div><\/div><div class=\"wpb_column vc_column_container vc_col-sm-8\"><div class=\"vc_column-inner\"><div class=\"wpb_wrapper\">\n\t<div class=\"wpb_text_column wpb_content_element\">\n\t\t<div class=\"wpb_wrapper\">\n\t\t\t<p>&nbsp;<\/p>\n<h4><strong>\u0110\u1ec3 bi\u1ebft th\u00eam th\u00f4ng tin v\u00e0 h\u1ecdc b\u1ed5ng MACC kh\u00e1c, h\u00e3y nh\u1ea5p v\u00e0o <\/strong><a href=\"https:\/\/www.emaac.org\/?ch=maac_scholarships\"><strong>\u0111\u00e2y<\/strong><\/a><strong> \u0111\u1ec3 truy c\u1eadp trang web h\u1ecdc b\u1ed5ng MACC.<\/strong><\/h4>\n\n\t\t<\/div>\n\t<\/div>\n<\/div><\/div><\/div><div class=\"wpb_column vc_column_container vc_col-sm-2\"><div class=\"vc_column-inner\"><div class=\"wpb_wrapper\"><\/div><\/div><\/div><\/div>","protected":false},"excerpt":{"rendered":"Malaysian Australian Alumni Council (MACC) Scholarship Organised by the Malaysian Australian Alumni Council, the aim of Malaysia Australia Colombo Plan Commemoration (MACC) Scholarships was to provide Malaysian and Australian students to experience diverse cultures through sponsored education. &nbsp; Supported by the Australian Government, the MACC Scholarship program has helped more than 250 students acquire scholarships [...]","protected":false},"author":5,"featured_media":0,"parent":2279,"menu_order":0,"comment_status":"closed","ping_status":"closed","template":"","meta":{"footnotes":""},"class_list":["post-345699","page","type-page","status-publish","hentry"],"yoast_head":"<!-- This site is optimized with the Yoast SEO Premium plugin v27.0 (Yoast SEO v27.3) - https:\/\/yoast.com\/product\/yoast-seo-premium-wordpress\/ -->\n<title>Malaysian Australian Alumni Council (MACC) Scholarship - AUG Student Services<\/title>\n<meta name=\"description\" content=\"Free counselling for university selection, scholarships and visa applications. Let AUG Student Services fast-track your study-abroad journey today.\" \/>\n<meta name=\"robots\" content=\"index, follow, max-snippet:-1, max-image-preview:large, max-video-preview:-1\" \/>\n<link rel=\"canonical\" href=\"https:\/\/augstudy.com\/vi\/malaysia-2\/malaysian-australian-alumni-council-macc-scholarship\/\" \/>\n<meta property=\"og:locale\" content=\"vi_VN\" \/>\n<meta property=\"og:type\" content=\"article\" \/>\n<meta property=\"og:title\" content=\"Malaysian Australian Alumni Council (MACC) Scholarship\" \/>\n<meta property=\"og:description\" content=\"Free counselling for university selection, scholarships and visa applications. Let AUG Student Services fast-track your study-abroad journey today.\" \/>\n<meta property=\"og:url\" content=\"https:\/\/augstudy.com\/vi\/malaysia-2\/malaysian-australian-alumni-council-macc-scholarship\/\" \/>\n<meta property=\"og:site_name\" content=\"AUG Student Services\" \/>\n<meta property=\"article:publisher\" content=\"https:\/\/www.facebook.com\/augmalaysia\/\" \/>\n<meta property=\"article:modified_time\" content=\"2023-12-29T02:39:41+00:00\" \/>\n<meta name=\"twitter:card\" content=\"summary_large_image\" \/>\n<meta name=\"twitter:label1\" content=\"\u01af\u1edbc t\u00ednh th\u1eddi gian \u0111\u1ecdc\" \/>\n\t<meta name=\"twitter:data1\" content=\"1 ph\u00fat\" \/>\n<script type=\"application\/ld+json\" class=\"yoast-schema-graph\">{\"@context\":\"https:\\\/\\\/schema.org\",\"@graph\":[{\"@type\":\"WebPage\",\"@id\":\"https:\\\/\\\/augstudy.com\\\/malaysia\\\/malaysian-australian-alumni-council-macc-scholarship\\\/\",\"url\":\"https:\\\/\\\/augstudy.com\\\/malaysia\\\/malaysian-australian-alumni-council-macc-scholarship\\\/\",\"name\":\"Malaysian Australian Alumni Council (MACC) Scholarship - AUG Student Services\",\"isPartOf\":{\"@id\":\"https:\\\/\\\/augstudy.com\\\/#website\"},\"datePublished\":\"2022-10-08T02:02:21+00:00\",\"dateModified\":\"2023-12-29T02:39:41+00:00\",\"description\":\"Free counselling for university selection, scholarships and visa applications. Let AUG Student Services fast-track your study-abroad journey today.\",\"breadcrumb\":{\"@id\":\"https:\\\/\\\/augstudy.com\\\/malaysia\\\/malaysian-australian-alumni-council-macc-scholarship\\\/#breadcrumb\"},\"inLanguage\":\"vi\",\"potentialAction\":[{\"@type\":\"ReadAction\",\"target\":[\"https:\\\/\\\/augstudy.com\\\/malaysia\\\/malaysian-australian-alumni-council-macc-scholarship\\\/\"]}]},{\"@type\":\"BreadcrumbList\",\"@id\":\"https:\\\/\\\/augstudy.com\\\/malaysia\\\/malaysian-australian-alumni-council-macc-scholarship\\\/#breadcrumb\",\"itemListElement\":[{\"@type\":\"ListItem\",\"position\":1,\"name\":\"Home\",\"item\":\"https:\\\/\\\/augstudy.com\\\/\"},{\"@type\":\"ListItem\",\"position\":2,\"name\":\"AUG Malaysia\",\"item\":\"https:\\\/\\\/augstudy.com\\\/malaysia\\\/\"},{\"@type\":\"ListItem\",\"position\":3,\"name\":\"Malaysian Australian Alumni Council (MACC) Scholarship\"}]},{\"@type\":\"WebSite\",\"@id\":\"https:\\\/\\\/augstudy.com\\\/#website\",\"url\":\"https:\\\/\\\/augstudy.com\\\/\",\"name\":\"AUG Student Services\",\"description\":\"Student Services\",\"alternateName\":\"AUG Global\",\"potentialAction\":[{\"@type\":\"SearchAction\",\"target\":{\"@type\":\"EntryPoint\",\"urlTemplate\":\"https:\\\/\\\/augstudy.com\\\/?s={search_term_string}\"},\"query-input\":{\"@type\":\"PropertyValueSpecification\",\"valueRequired\":true,\"valueName\":\"search_term_string\"}}],\"inLanguage\":\"vi\"}]}<\/script>\n<!-- \/ Yoast SEO Premium plugin. -->","yoast_head_json":{"title":"Malaysian Australian Alumni Council (MACC) Scholarship - AUG Student Services","description":"T\u01b0 v\u1ea5n mi\u1ec5n ph\u00ed v\u1ec1 ch\u1ecdn tr\u01b0\u1eddng \u0111\u1ea1i h\u1ecdc, h\u1ecdc b\u1ed5ng v\u00e0 xin th\u1ecb th\u1ef1c. H\u00e3y \u0111\u1ec3 D\u1ecbch v\u1ee5 Sinh vi\u00ean AUG gi\u00fap b\u1ea1n nhanh ch\u00f3ng ho\u00e0n th\u00e0nh h\u00e0nh tr\u00ecnh du h\u1ecdc ngay h\u00f4m nay.","robots":{"index":"index","follow":"follow","max-snippet":"max-snippet:-1","max-image-preview":"max-image-preview:large","max-video-preview":"max-video-preview:-1"},"canonical":"https:\/\/augstudy.com\/vi\/malaysia-2\/malaysian-australian-alumni-council-macc-scholarship\/","og_locale":"vi_VN","og_type":"article","og_title":"Malaysian Australian Alumni Council (MACC) Scholarship","og_description":"Free counselling for university selection, scholarships and visa applications. Let AUG Student Services fast-track your study-abroad journey today.","og_url":"https:\/\/augstudy.com\/vi\/malaysia-2\/malaysian-australian-alumni-council-macc-scholarship\/","og_site_name":"AUG Student Services","article_publisher":"https:\/\/www.facebook.com\/augmalaysia\/","article_modified_time":"2023-12-29T02:39:41+00:00","twitter_card":"summary_large_image","twitter_misc":{"\u01af\u1edbc t\u00ednh th\u1eddi gian \u0111\u1ecdc":"1 ph\u00fat"},"schema":{"@context":"https:\/\/schema.org","@graph":[{"@type":"WebPage","@id":"https:\/\/augstudy.com\/malaysia\/malaysian-australian-alumni-council-macc-scholarship\/","url":"https:\/\/augstudy.com\/malaysia\/malaysian-australian-alumni-council-macc-scholarship\/","name":"Malaysian Australian Alumni Council (MACC) Scholarship - AUG Student Services","isPartOf":{"@id":"https:\/\/augstudy.com\/#website"},"datePublished":"2022-10-08T02:02:21+00:00","dateModified":"2023-12-29T02:39:41+00:00","description":"T\u01b0 v\u1ea5n mi\u1ec5n ph\u00ed v\u1ec1 ch\u1ecdn tr\u01b0\u1eddng \u0111\u1ea1i h\u1ecdc, h\u1ecdc b\u1ed5ng v\u00e0 xin th\u1ecb th\u1ef1c. H\u00e3y \u0111\u1ec3 D\u1ecbch v\u1ee5 Sinh vi\u00ean AUG gi\u00fap b\u1ea1n nhanh ch\u00f3ng ho\u00e0n th\u00e0nh h\u00e0nh tr\u00ecnh du h\u1ecdc ngay h\u00f4m nay.","breadcrumb":{"@id":"https:\/\/augstudy.com\/malaysia\/malaysian-australian-alumni-council-macc-scholarship\/#breadcrumb"},"inLanguage":"vi","potentialAction":[{"@type":"ReadAction","target":["https:\/\/augstudy.com\/malaysia\/malaysian-australian-alumni-council-macc-scholarship\/"]}]},{"@type":"BreadcrumbList","@id":"https:\/\/augstudy.com\/malaysia\/malaysian-australian-alumni-council-macc-scholarship\/#breadcrumb","itemListElement":[{"@type":"ListItem","position":1,"name":"Home","item":"https:\/\/augstudy.com\/"},{"@type":"ListItem","position":2,"name":"AUG Malaysia","item":"https:\/\/augstudy.com\/malaysia\/"},{"@type":"ListItem","position":3,"name":"Malaysian Australian Alumni Council (MACC) Scholarship"}]},{"@type":"WebSite","@id":"https:\/\/augstudy.com\/#website","url":"https:\/\/augstudy.com\/","name":"D\u1ecbch v\u1ee5 Sinh vi\u00ean AUG","description":"D\u1ecbch v\u1ee5 sinh vi\u00ean","alternateName":"AUG Global","potentialAction":[{"@type":"SearchAction","target":{"@type":"EntryPoint","urlTemplate":"https:\/\/augstudy.com\/?s={search_term_string}"},"query-input":{"@type":"PropertyValueSpecification","valueRequired":true,"valueName":"search_term_string"}}],"inLanguage":"vi"}]}},"_links":{"self":[{"href":"https:\/\/augstudy.com\/vi\/wp-json\/wp\/v2\/pages\/345699","targetHints":{"allow":["GET"]}}],"collection":[{"href":"https:\/\/augstudy.com\/vi\/wp-json\/wp\/v2\/pages"}],"about":[{"href":"https:\/\/augstudy.com\/vi\/wp-json\/wp\/v2\/types\/page"}],"author":[{"embeddable":true,"href":"https:\/\/augstudy.com\/vi\/wp-json\/wp\/v2\/users\/5"}],"replies":[{"embeddable":true,"href":"https:\/\/augstudy.com\/vi\/wp-json\/wp\/v2\/comments?post=345699"}],"version-history":[{"count":0,"href":"https:\/\/augstudy.com\/vi\/wp-json\/wp\/v2\/pages\/345699\/revisions"}],"up":[{"embeddable":true,"href":"https:\/\/augstudy.com\/vi\/wp-json\/wp\/v2\/pages\/2279"}],"wp:attachment":[{"href":"https:\/\/augstudy.com\/vi\/wp-json\/wp\/v2\/media?parent=345699"}],"curies":[{"name":"wp","href":"https:\/\/api.w.org\/{rel}","templated":true}]}}