{"id":343957,"date":"2022-08-29T14:25:16","date_gmt":"2022-08-29T04:25:16","guid":{"rendered":"https:\/\/augstudy.com\/?page_id=343957"},"modified":"2022-09-09T13:32:50","modified_gmt":"2022-09-09T03:32:50","slug":"mel-mooncake-diy","status":"publish","type":"page","link":"https:\/\/augstudy.com\/vi\/australia\/events\/mel-mooncake-diy\/","title":{"rendered":"[AUG Melbourne] Mooncake DIY Workshop"},"content":{"rendered":"<div data-vc-full-width=\"true\" data-vc-full-width-init=\"false\" class=\"vc_row wpb_row vc_row-fluid vc_custom_1661838864844 vc_row-has-fill vc_row-o-content-middle vc_row-flex\"><div class=\"wpb_column vc_column_container vc_col-sm-12\"><div class=\"vc_column-inner vc_custom_1661838891579\"><div class=\"wpb_wrapper\">\n\t<div class=\"wpb_single_image wpb_content_element vc_align_center  vc_custom_1661844024299\">\n\t\t\n\t\t<figure class=\"wpb_wrapper vc_figure\">\n\t\t\t<div class=\"vc_single_image-wrapper   vc_box_border_grey\"><\/div>\n\t\t<\/figure>\n\t<\/div>\n<div class=\"vc_row wpb_row vc_inner vc_row-fluid vc_custom_1661839606216\"><div class=\"wpb_column vc_column_container vc_col-sm-2\"><div class=\"vc_column-inner \"><div class=\"wpb_wrapper\"><\/div><\/div><\/div><div class=\"wpb_column vc_column_container vc_col-sm-8\"><div class=\"vc_column-inner \"><div class=\"wpb_wrapper\">\n\t<div class=\"wpb_text_column wpb_content_element  aug_content_box\">\n\t\t<div class=\"wpb_wrapper\">\n\t\t\t<span class=\"\" style=\"display:block;clear:both;height: 0px;padding-top: 15px;border-top-width:0px;border-bottom-width:0px;\"><\/span>\n<p>Date: 9 September 2022 (Friday)<\/p>\n<p>Time: 2 PM &#8211; 5 PM (Melbourne time)<\/p>\n<p>Location: AUG Melbourne Office (1\/258 Little Bourke St, Melbourne VIC 3000)<\/p>\n<span class=\"\" style=\"display:block;clear:both;height: 0px;padding-top: 15px;border-top-width:0px;border-bottom-width:0px;\"><\/span>\n<p>AUG will bring you the best experience in this mooncake season when you have the chance to make yourself a unique mooncake and meet new friends. Also, the best combination of eating mooncakes and enjoying a cup of hot tea in this cold weather.<\/p>\n<span class=\"\" style=\"display:block;clear:both;height: 0px;padding-top: 15px;border-top-width:0px;border-bottom-width:0px;\"><\/span>\n<h6 style=\"color: #ff0000;\"><strong><em>* indicates required field<\/em><\/strong><\/h6>\n\n\t\t<\/div>\n\t<\/div>\n\n\t<div class=\"wpb_raw_code wpb_content_element wpb_raw_html vc_custom_1662694347949\">\n\t\t<div class=\"wpb_wrapper\">\n\t\t\t<!--<div id=\"buttons\" class=\"vc_row wpb_row vc_row-fluid\">\n    <div class=\"wpb_column vc_column_container vc_col-sm-6\">\n        <div class=\"vc_column-inner \">\n            <div class=\"wpb_wrapper\">\n                <div class=\"vc_btn3-container vc_btn3-center\">\n                    <button class=\"vc_general vc_btn3 vc_btn3-size-md vc_btn3-shape-round vc_btn3-style-classic vc_btn3-icon-left vc_btn3-color-warning\" onClick=\"formLanguage('en')\">\n                        <i class=\"vc_btn3-icon fa fa-language\"><\/i> English Form\n                    <\/button>\n                <\/div>\n            <\/div>\n        <\/div>\n    <\/div>\n    \n    <div class=\"wpb_column vc_column_container vc_col-sm-6\">\n        <div class=\"vc_column-inner \">\n            <div class=\"wpb_wrapper\">\n                <div class=\"vc_btn3-container vc_btn3-center\">\n                    <button class=\"vc_general vc_btn3 vc_btn3-size-md vc_btn3-shape-round vc_btn3-style-classic vc_btn3-icon-left vc_btn3-color-warning\" onClick=\"formLanguage('cn')\">\n                        <i class=\"vc_btn3-icon fa fa-language\"><\/i> \u4e2d\u6587\u8868\u683c\n                    <\/button>\n                <\/div>\n            <\/div>\n        <\/div>\n    <\/div>\n<\/div>-->\n\n<div class=\"wpb_text_column wpb_content_element aug_content_box\" style=\"padding-top: 50px !important; padding-bottom: 50px !important; background-color: #ffc338 !important; border-radius: 5px !important;\">\n    <div class=\"wpb_wrapper\">\n        <p style=\"text-align: center;\">Thank you for your interest in participating in [AUG Melbourne] Mooncake DIY Workshop!<\/p>\n        <p style=\"text-align: center;\">Unfortunately, registration for this event is now closed.<\/p>\n        <p style=\"text-align: center;\">\u611f\u8c22\u60a8\u5173\u6ce8\u5e76\u53c2\u4e0e\u3010AUG \u58a8\u5c14\u672c\u3011\u4e2d\u79cb\u8282\u6708\u997c\u5236\u4f5c\u4f53\u9a8c\uff01<\/p>\n        <p style=\"text-align: center;\">\u5f88\u9057\u61be\u7684\u901a\u77e5\u60a8\u672c\u6b21\u6d3b\u52a8\u6ce8\u518c\u94fe\u63a5\u5df2\u622a\u6b62\u3002<\/p>\n    <\/div>\n<\/div>\n\t\t<\/div>\n\t<\/div>\n<\/div><\/div><\/div><div class=\"wpb_column vc_column_container vc_col-sm-2\"><div class=\"vc_column-inner \"><div class=\"wpb_wrapper\"><\/div><\/div><\/div><\/div><\/div><\/div><\/div><\/div><div class=\"vc_row-full-width vc_clearfix\"><\/div><div class=\"vc_row wpb_row vc_row-fluid\"><div class=\"wpb_column vc_column_container vc_col-sm-12\"><div class=\"vc_column-inner vc_custom_1660175491551\"><div class=\"wpb_wrapper\">\n\t<div class=\"wpb_raw_code wpb_content_element wpb_raw_html\">\n\t\t<div class=\"wpb_wrapper\">\n\t\t\t<!--<div id=\"en\">\n<script data-b24-form=\"inline\/21\/awojxu\" data-skip-moving=\"true\">\n\t(function(w,d,u){\n\t\tvar s=d.createElement('script');s.async=true;s.src=u+'?'+(Date.now()\/180000|0);\n\t\tvar h=d.getElementsByTagName('script')[0];h.parentNode.insertBefore(s,h);\n\t})(window,document,'https:\/\/augcrm.com\/upload\/crm\/form\/loader_21_awojxu.js');\n<\/script>\n<\/div>\n\n<div id=\"cn\" style=\"display: none;\">\n<script data-b24-form=\"inline\/25\/yp9e0u\" data-skip-moving=\"true\">\n\t(function(w,d,u){\n\t\tvar s=d.createElement('script');s.async=true;s.src=u+'?'+(Date.now()\/180000|0);\n\t\tvar h=d.getElementsByTagName('script')[0];h.parentNode.insertBefore(s,h);\n\t})(window,document,'https:\/\/augcrm.com\/upload\/crm\/form\/loader_25_yp9e0u.js');\n<\/script>\n<\/div>\n\n<script>\nvar currentDateTime = new Date().toLocaleString('en-AU', { timeZone: 'Australia\/Melbourne'});\nvar expiredDateTime = new Date(\"2022-09-09 09:00\").toLocaleString('en-AU', { timeZone: 'Australia\/Melbourne'});\n\nlet enForm = document.getElementById(\"en\");\nlet cnForm = document.getElementById(\"cn\");\nlet buttons = document.getElementById(\"buttons\");\nlet messageClosed = document.getElementById(\"registrationClosed\");\n\nif (currentDateTime >= expiredDateTime ) {\n   enForm.style.display = \"none\";\n   cnForm.style.display = \"none\";\n   buttons.style.display = \"none\";\n   messageClosed.style.display = \"block\";\n}\n\nfunction formLanguage(val) {\n   if (val == \"en\") {\n      enForm.style.display = \"block\";\n      cnForm.style.display = \"none\";\n   } else if (val == \"cn\") {\n      cnForm.style.display = \"block\";\n      enForm.style.display = \"none\";\n   }\n}\n<\/script>-->\n\t\t<\/div>\n\t<\/div>\n<\/div><\/div><\/div><\/div>\n","protected":false},"excerpt":{"rendered":"Date: 9 September 2022 (Friday) Time: 2 PM - 5 PM (Melbourne time) Location: AUG Melbourne Office (1\/258 Little Bourke St, Melbourne VIC 3000) AUG will bring you the best experience in this mooncake season when you have the chance to make yourself a unique mooncake and meet new friends. Also, the best combination of [...]","protected":false},"author":4,"featured_media":0,"parent":2351,"menu_order":0,"comment_status":"closed","ping_status":"closed","template":"","meta":{"footnotes":""},"class_list":["post-343957","page","type-page","status-publish","hentry"],"yoast_head":"<!-- This site is optimized with the Yoast SEO Premium plugin v27.0 (Yoast SEO v27.3) - https:\/\/yoast.com\/product\/yoast-seo-premium-wordpress\/ -->\n<title>[AUG Melbourne] Mooncake DIY Workshop - AUG Student Services<\/title>\n<meta name=\"description\" content=\"Free counselling for university selection, scholarships and visa applications. Let AUG Student Services fast-track your study-abroad journey today.\" \/>\n<meta name=\"robots\" content=\"index, follow, max-snippet:-1, max-image-preview:large, max-video-preview:-1\" \/>\n<link rel=\"canonical\" href=\"https:\/\/augstudy.com\/vi\/chau-uc\/su-kien-2\/mel-mooncake-diy\/\" \/>\n<meta property=\"og:locale\" content=\"vi_VN\" \/>\n<meta property=\"og:type\" content=\"article\" \/>\n<meta property=\"og:title\" content=\"[AUG Melbourne] Mooncake DIY Workshop\" \/>\n<meta property=\"og:description\" content=\"Free counselling for university selection, scholarships and visa applications. Let AUG Student Services fast-track your study-abroad journey today.\" \/>\n<meta property=\"og:url\" content=\"https:\/\/augstudy.com\/vi\/chau-uc\/su-kien-2\/mel-mooncake-diy\/\" \/>\n<meta property=\"og:site_name\" content=\"AUG Student Services\" \/>\n<meta property=\"article:publisher\" content=\"https:\/\/www.facebook.com\/augmalaysia\/\" \/>\n<meta property=\"article:modified_time\" content=\"2022-09-09T03:32:50+00:00\" \/>\n<meta name=\"twitter:card\" content=\"summary_large_image\" \/>\n<meta name=\"twitter:label1\" content=\"\u01af\u1edbc t\u00ednh th\u1eddi gian \u0111\u1ecdc\" \/>\n\t<meta name=\"twitter:data1\" content=\"4 ph\u00fat\" \/>\n<script type=\"application\/ld+json\" class=\"yoast-schema-graph\">{\"@context\":\"https:\\\/\\\/schema.org\",\"@graph\":[{\"@type\":\"WebPage\",\"@id\":\"https:\\\/\\\/augstudy.com\\\/australia\\\/events\\\/mel-mooncake-diy\\\/\",\"url\":\"https:\\\/\\\/augstudy.com\\\/australia\\\/events\\\/mel-mooncake-diy\\\/\",\"name\":\"[AUG Melbourne] Mooncake DIY Workshop - AUG Student Services\",\"isPartOf\":{\"@id\":\"https:\\\/\\\/augstudy.com\\\/#website\"},\"datePublished\":\"2022-08-29T04:25:16+00:00\",\"dateModified\":\"2022-09-09T03:32:50+00:00\",\"description\":\"Free counselling for university selection, scholarships and visa applications. Let AUG Student Services fast-track your study-abroad journey today.\",\"breadcrumb\":{\"@id\":\"https:\\\/\\\/augstudy.com\\\/australia\\\/events\\\/mel-mooncake-diy\\\/#breadcrumb\"},\"inLanguage\":\"vi\",\"potentialAction\":[{\"@type\":\"ReadAction\",\"target\":[\"https:\\\/\\\/augstudy.com\\\/australia\\\/events\\\/mel-mooncake-diy\\\/\"]}]},{\"@type\":\"BreadcrumbList\",\"@id\":\"https:\\\/\\\/augstudy.com\\\/australia\\\/events\\\/mel-mooncake-diy\\\/#breadcrumb\",\"itemListElement\":[{\"@type\":\"ListItem\",\"position\":1,\"name\":\"Home\",\"item\":\"https:\\\/\\\/augstudy.com\\\/\"},{\"@type\":\"ListItem\",\"position\":2,\"name\":\"AUG Australia\",\"item\":\"https:\\\/\\\/augstudy.com\\\/australia\\\/\"},{\"@type\":\"ListItem\",\"position\":3,\"name\":\"AUG Australia Events\",\"item\":\"https:\\\/\\\/augstudy.com\\\/australia\\\/events\\\/\"},{\"@type\":\"ListItem\",\"position\":4,\"name\":\"[AUG Melbourne] Mooncake DIY Workshop\"}]},{\"@type\":\"WebSite\",\"@id\":\"https:\\\/\\\/augstudy.com\\\/#website\",\"url\":\"https:\\\/\\\/augstudy.com\\\/\",\"name\":\"AUG Student Services\",\"description\":\"Student Services\",\"alternateName\":\"AUG Global\",\"potentialAction\":[{\"@type\":\"SearchAction\",\"target\":{\"@type\":\"EntryPoint\",\"urlTemplate\":\"https:\\\/\\\/augstudy.com\\\/?s={search_term_string}\"},\"query-input\":{\"@type\":\"PropertyValueSpecification\",\"valueRequired\":true,\"valueName\":\"search_term_string\"}}],\"inLanguage\":\"vi\"}]}<\/script>\n<!-- \/ Yoast SEO Premium plugin. -->","yoast_head_json":{"title":"[AUG Melbourne] Mooncake DIY Workshop - AUG Student Services","description":"T\u01b0 v\u1ea5n mi\u1ec5n ph\u00ed v\u1ec1 ch\u1ecdn tr\u01b0\u1eddng \u0111\u1ea1i h\u1ecdc, h\u1ecdc b\u1ed5ng v\u00e0 xin th\u1ecb th\u1ef1c. H\u00e3y \u0111\u1ec3 D\u1ecbch v\u1ee5 Sinh vi\u00ean AUG gi\u00fap b\u1ea1n nhanh ch\u00f3ng ho\u00e0n th\u00e0nh h\u00e0nh tr\u00ecnh du h\u1ecdc ngay h\u00f4m nay.","robots":{"index":"index","follow":"follow","max-snippet":"max-snippet:-1","max-image-preview":"max-image-preview:large","max-video-preview":"max-video-preview:-1"},"canonical":"https:\/\/augstudy.com\/vi\/chau-uc\/su-kien-2\/mel-mooncake-diy\/","og_locale":"vi_VN","og_type":"article","og_title":"[AUG Melbourne] Mooncake DIY Workshop","og_description":"Free counselling for university selection, scholarships and visa applications. Let AUG Student Services fast-track your study-abroad journey today.","og_url":"https:\/\/augstudy.com\/vi\/chau-uc\/su-kien-2\/mel-mooncake-diy\/","og_site_name":"AUG Student Services","article_publisher":"https:\/\/www.facebook.com\/augmalaysia\/","article_modified_time":"2022-09-09T03:32:50+00:00","twitter_card":"summary_large_image","twitter_misc":{"\u01af\u1edbc t\u00ednh th\u1eddi gian \u0111\u1ecdc":"4 ph\u00fat"},"schema":{"@context":"https:\/\/schema.org","@graph":[{"@type":"WebPage","@id":"https:\/\/augstudy.com\/australia\/events\/mel-mooncake-diy\/","url":"https:\/\/augstudy.com\/australia\/events\/mel-mooncake-diy\/","name":"[AUG Melbourne] Mooncake DIY Workshop - AUG Student Services","isPartOf":{"@id":"https:\/\/augstudy.com\/#website"},"datePublished":"2022-08-29T04:25:16+00:00","dateModified":"2022-09-09T03:32:50+00:00","description":"T\u01b0 v\u1ea5n mi\u1ec5n ph\u00ed v\u1ec1 ch\u1ecdn tr\u01b0\u1eddng \u0111\u1ea1i h\u1ecdc, h\u1ecdc b\u1ed5ng v\u00e0 xin th\u1ecb th\u1ef1c. H\u00e3y \u0111\u1ec3 D\u1ecbch v\u1ee5 Sinh vi\u00ean AUG gi\u00fap b\u1ea1n nhanh ch\u00f3ng ho\u00e0n th\u00e0nh h\u00e0nh tr\u00ecnh du h\u1ecdc ngay h\u00f4m nay.","breadcrumb":{"@id":"https:\/\/augstudy.com\/australia\/events\/mel-mooncake-diy\/#breadcrumb"},"inLanguage":"vi","potentialAction":[{"@type":"ReadAction","target":["https:\/\/augstudy.com\/australia\/events\/mel-mooncake-diy\/"]}]},{"@type":"BreadcrumbList","@id":"https:\/\/augstudy.com\/australia\/events\/mel-mooncake-diy\/#breadcrumb","itemListElement":[{"@type":"ListItem","position":1,"name":"Home","item":"https:\/\/augstudy.com\/"},{"@type":"ListItem","position":2,"name":"AUG Australia","item":"https:\/\/augstudy.com\/australia\/"},{"@type":"ListItem","position":3,"name":"AUG Australia Events","item":"https:\/\/augstudy.com\/australia\/events\/"},{"@type":"ListItem","position":4,"name":"[AUG Melbourne] Mooncake DIY Workshop"}]},{"@type":"WebSite","@id":"https:\/\/augstudy.com\/#website","url":"https:\/\/augstudy.com\/","name":"D\u1ecbch v\u1ee5 Sinh vi\u00ean AUG","description":"D\u1ecbch v\u1ee5 sinh vi\u00ean","alternateName":"AUG Global","potentialAction":[{"@type":"SearchAction","target":{"@type":"EntryPoint","urlTemplate":"https:\/\/augstudy.com\/?s={search_term_string}"},"query-input":{"@type":"PropertyValueSpecification","valueRequired":true,"valueName":"search_term_string"}}],"inLanguage":"vi"}]}},"_links":{"self":[{"href":"https:\/\/augstudy.com\/vi\/wp-json\/wp\/v2\/pages\/343957","targetHints":{"allow":["GET"]}}],"collection":[{"href":"https:\/\/augstudy.com\/vi\/wp-json\/wp\/v2\/pages"}],"about":[{"href":"https:\/\/augstudy.com\/vi\/wp-json\/wp\/v2\/types\/page"}],"author":[{"embeddable":true,"href":"https:\/\/augstudy.com\/vi\/wp-json\/wp\/v2\/users\/4"}],"replies":[{"embeddable":true,"href":"https:\/\/augstudy.com\/vi\/wp-json\/wp\/v2\/comments?post=343957"}],"version-history":[{"count":0,"href":"https:\/\/augstudy.com\/vi\/wp-json\/wp\/v2\/pages\/343957\/revisions"}],"up":[{"embeddable":true,"href":"https:\/\/augstudy.com\/vi\/wp-json\/wp\/v2\/pages\/2351"}],"wp:attachment":[{"href":"https:\/\/augstudy.com\/vi\/wp-json\/wp\/v2\/media?parent=343957"}],"curies":[{"name":"wp","href":"https:\/\/api.w.org\/{rel}","templated":true}]}}