{"id":342947,"date":"2022-08-02T18:28:00","date_gmt":"2022-08-02T08:28:00","guid":{"rendered":"https:\/\/augstudy.com\/?page_id=342947"},"modified":"2022-08-04T09:43:19","modified_gmt":"2022-08-03T23:43:19","slug":"aspace-property","status":"publish","type":"page","link":"https:\/\/augstudy.com\/vi\/studyfest\/partners\/aspace-property\/","title":{"rendered":"Aspace Property"},"content":{"rendered":"<div data-vc-full-width=\"true\" data-vc-full-width-init=\"false\" class=\"vc_row wpb_row vc_row-fluid vc_custom_1659417487405 vc_row-has-fill vc_row-o-content-middle vc_row-flex\"><div class=\"wpb_column vc_column_container vc_col-sm-12\"><div class=\"vc_column-inner \"><div class=\"wpb_wrapper\">\n\t<div class=\"wpb_single_image wpb_content_element vc_align_center\">\n\t\t\n\t\t<figure class=\"wpb_wrapper vc_figure\">\n\t\t\t<div class=\"vc_single_image-wrapper   vc_box_border_grey\"><\/div>\n\t\t<\/figure>\n\t<\/div>\n\n\t<div class=\"wpb_text_column wpb_content_element \">\n\t\t<div class=\"wpb_wrapper\">\n\t\t\t<span class=\"\" style=\"display:block;clear:both;height: 0px;padding-top: 10px;border-top-width:0px;border-bottom-width:0px;\"><\/span>\n<h3 style=\"text-align: center; color: #ffffff;\"><strong>The Biggest Education, Migration and Career Expo <\/strong><\/h3>\n<h3 style=\"text-align: center; color: #ffffff;\"><strong>for International Students is Starting in:<\/strong><\/h3>\n<p><span class=\"\" style=\"display:block;clear:both;height: 0px;padding-top: 15px;border-top-width:0px;border-bottom-width:0px;\"><\/span><br \/>\n<div class=\"hurrytimer-cdt hurrytimer-cdt--245421 hurrytimer-campaign hurryt-loading hurrytimer-campaign-245421\" data-config=\"{&quot;id&quot;:245421,&quot;run_in_background&quot;:false,&quot;sticky&quot;:false,&quot;product_ids&quot;:[],&quot;actions&quot;:[{&quot;id&quot;:1,&quot;redirectUrl&quot;:&quot;&quot;,&quot;message&quot;:&quot;&quot;,&quot;coupon&quot;:&quot;&quot;,&quot;wcStockStatus&quot;:&quot;instock&quot;}],&quot;template&quot;:&quot;&lt;div class=\\&quot;hurrytimer-timer-block hurrytimer-cdt__dur\\&quot;&gt;&lt;div class=\\&quot;hurrytimer-timer-digit hurrytimer-cdt__time\\&quot;&gt;%D&lt;\\\/div&gt;&lt;\\\/div&gt;&lt;div class=\\&quot;hurrytimer-timer-block hurrytimer-cdt__dur\\&quot;&gt;&lt;div class=\\&quot;hurrytimer-timer-digit hurrytimer-cdt__time\\&quot;&gt;%H&lt;\\\/div&gt;&lt;\\\/div&gt;&lt;div class=\\&quot;hurrytimer-timer-block hurrytimer-cdt__dur\\&quot;&gt;&lt;div class=\\&quot;hurrytimer-timer-digit hurrytimer-cdt__time\\&quot;&gt;%M&lt;\\\/div&gt;&lt;\\\/div&gt;&lt;div class=\\&quot;hurrytimer-timer-block hurrytimer-cdt__dur\\&quot;&gt;&lt;div class=\\&quot;hurrytimer-timer-digit hurrytimer-cdt__time\\&quot;&gt;%S&lt;\\\/div&gt;&lt;\\\/div&gt;&quot;,&quot;methods&quot;:[1,2],&quot;mode&quot;:&quot;one_time&quot;,&quot;sticky_bar_hide_timeout&quot;:7,&quot;recurr&quot;:false,&quot;timeToNextRecurrence&quot;:0,&quot;isRegular&quot;:true,&quot;endDate&quot;:1660888800000}\" ><div class=\"hurrytimer-cdt__inner hurrytimer-timer\"><\/div><\/div><br \/>\n<span class=\"\" style=\"display:block;clear:both;height: 0px;padding-top: 15px;border-top-width:0px;border-bottom-width:0px;\"><\/span><\/p>\n<h4 class=\"nd_learning_display_none_important\" style=\"text-align: center; color: #ffffff;\">Start your &#8220;Journey to Excellence&#8221; by attending our Expo!<\/h4>\n<h4 class=\"nd_learning_display_none_important\" style=\"text-align: center; color: #ffffff;\">Exclusive benefits and expert&#8217;s advice on further study, migration option and career!<\/h4>\n\n\t\t<\/div>\n\t<\/div>\n<div class=\"vc_row wpb_row vc_inner vc_row-fluid nd_learning_display_none_important\"><div class=\"wpb_column vc_column_container vc_col-sm-12 vc_hidden-sm vc_hidden-xs\"><div class=\"vc_column-inner \"><div class=\"wpb_wrapper\">\n\t<div class=\"wpb_raw_code wpb_content_element wpb_raw_html\">\n\t\t<div class=\"wpb_wrapper\">\n\t\t\t<div class=\"wpb_wrapper\">\n  <div class=\"wpb_single_image wpb_content_element vc_align_center\">\n\n    <figure class=\"wpb_wrapper vc_figure\">\n      <div class=\"vc_single_image-wrapper vc_box_border_grey\">\n        <img decoding=\"async\" src=\"https:\/\/augstudy.com\/aug-website-files\/wp-content\/uploads\/2022\/07\/aug_auevents_studyfest_2022_banner_date_desktop_version_1493x299.png\" alt=\"\" width=\"569\" usemap=\"#Map_Desktop\" class=\"vc_single_image-img attachment-medium\" srcset=\"https:\/\/augstudy.com\/aug-website-files\/wp-content\/uploads\/2022\/07\/aug_auevents_studyfest_2022_banner_date_desktop_version_1493x299.png 746w, https:\/\/augstudy.com\/aug-website-files\/wp-content\/uploads\/2022\/07\/aug_auevents_studyfest_2022_banner_date_desktop_version_1493x299.png 1493w\" sizes=\"(max-width: 746px) 100vw, 746px\">\n\n        <map name=\"Map_Desktop\">\n          <area shape=\"rect\" href=\"\/eventbrite-event\/aug-melbourne-studyfest-2022-education-migration-career-expo\/?utm_source=aug&utm_medium=landing_page_banner&utm_campaign=australia_studyfest&utm_content=melbourne\" coords=\"5,5,102,107\">\n          <area shape=\"rect\" href=\"\/eventbrite-event\/aug-brisbane-studyfest-2022-education-migration-career-expo\/?utm_source=aug&utm_medium=landing_page_banner&utm_campaign=australia_studyfest&utm_content=brisbane\" coords=\"120,5,217,107\">\n          <area shape=\"rect\" href=\"\/eventbrite-event\/aug-adelaide-studyfest-2022-education-migration-career-expo\/?utm_source=aug&utm_medium=landing_page_banner&utm_campaign=australia_studyfest&utm_content=adelaide\" coords=\"235,5,332,107\">\n          <area shape=\"rect\" href=\"\/eventbrite-event\/aug-sydney-studyfest-2022-education-migration-career-expo\/?utm_source=aug&utm_medium=landing_page_banner&utm_campaign=australia_studyfest&utm_content=sydney\" coords=\"350,5,447,107\">\n          <area shape=\"rect\" href=\"\/eventbrite-event\/aug-perth-studyfest-2022-education-migration-career-expo\/?utm_source=aug&utm_medium=landing_page_banner&utm_campaign=australia_studyfest&utm_content=perth\" coords=\"465,5,562,107\">\n        <\/map>\n      <\/div>\n    <\/figure>\n  <\/div>\n<\/div>\n\t\t<\/div>\n\t<\/div>\n<\/div><\/div><\/div><\/div><\/div><\/div><\/div><\/div><div class=\"vc_row-full-width vc_clearfix\"><\/div><div class=\"vc_row wpb_row vc_row-fluid vc_custom_1646002814464\"><div class=\"sub_heading wpb_column vc_column_container vc_col-sm-12\"><div class=\"vc_column-inner \"><div class=\"wpb_wrapper\"> <h3 style=\"color:#ffad16; padding:px; text-align:center; font-size:px; line-height:px; letter-spacing: px; font-weight:bold;\" class=\" nd_options_first_font \">Our Partners<\/h3>  <h2 style=\"color:#000000; padding:px; text-align:center; font-size:px; line-height:px; letter-spacing: px; font-weight:bold;\" class=\"aug_font_oswald  \">Aspace Property<\/h2> <div class=\"vc_separator wpb_content_element vc_separator_align_center vc_sep_width_10 vc_sep_pos_align_center vc_separator_no_text vc_custom_1547763533108  vc_custom_1547763533108 custom_seperator\"><span class=\"vc_sep_holder vc_sep_holder_l\"><span  style=\"border-color:#ffad16;\" class=\"vc_sep_line\"><\/span><\/span><span class=\"vc_sep_holder vc_sep_holder_r\"><span  style=\"border-color:#ffad16;\" class=\"vc_sep_line\"><\/span><\/span>\n<\/div><div class=\"vc_row wpb_row vc_inner vc_row-fluid\"><div class=\"wpb_column vc_column_container vc_col-sm-2\"><div class=\"vc_column-inner \"><div class=\"wpb_wrapper\"><\/div><\/div><\/div><div class=\"wpb_column vc_column_container vc_col-sm-2\"><div class=\"vc_column-inner vc_custom_1659418869943\"><div class=\"wpb_wrapper\">\n\t<div class=\"wpb_single_image wpb_content_element vc_align_right   aug_partners_logo\">\n\t\t\n\t\t<figure class=\"wpb_wrapper vc_figure\">\n\t\t\t<div class=\"vc_single_image-wrapper   vc_box_border_grey\"><\/div>\n\t\t<\/figure>\n\t<\/div>\n<\/div><\/div><\/div><div class=\"aug_display_flex wpb_column vc_column_container vc_col-sm-6\"><div class=\"vc_column-inner \"><div class=\"wpb_wrapper\">\n\t<div class=\"wpb_text_column wpb_content_element \">\n\t\t<div class=\"wpb_wrapper\">\n\t\t\t<p>Aspace property is one of the most experienced and professional real-estate company, with headquarter that locate in Queensland Gold Coast.<br \/>\n<span class=\"\" style=\"display:block;clear:both;height: 0px;padding-top: 10px;border-top-width:0px;border-bottom-width:0px;\"><\/span><br \/>\nWith the advantage of close cooperation with the well-known and high-quality developers and builders, Aspace Property can provide the best service of \u201cone-stop\u201d service as the principal goal of the company service.<\/p>\n\n\t\t<\/div>\n\t<\/div>\n\n\t<div class=\"wpb_raw_code wpb_content_element wpb_raw_html vc_custom_1659428969185\">\n\t\t<div class=\"wpb_wrapper\">\n\t\t\t<div class=\"vc_btn3-container  aug_partners_button vc_btn3-inline vc_custom_1659427175974\"><a class=\"vc_general vc_btn3 vc_btn3-size-md vc_btn3-shape-rounded vc_btn3-style-classic vc_btn3-o-empty vc_btn3-icon-left vc_btn3-color-warning\" href=\"tel:+61755610298\" title=\"Contact Us\"><i class=\"vc_btn3-icon fa fa-phone\"><\/i> <span class=\"vc_btn3-placeholder\">&nbsp;<\/span><\/a><\/div>\n<div class=\"vc_btn3-container  aug_partners_button vc_btn3-inline vc_custom_1659426919995\"><a class=\"vc_general vc_btn3 vc_btn3-size-md vc_btn3-shape-rounded vc_btn3-style-classic vc_btn3-o-empty vc_btn3-icon-left vc_btn3-color-warning\" href=\"mailto:admin@aspaceproperty.com.au\" title=\"Email Us\" target=\"_blank\"><i class=\"vc_btn3-icon fa fa-envelope\"><\/i> <span class=\"vc_btn3-placeholder\">&nbsp;<\/span><\/a><\/div>\n<div class=\"vc_btn3-container  aug_partners_button vc_btn3-inline vc_custom_1659427184303\"><a class=\"vc_general vc_btn3 vc_btn3-size-md vc_btn3-shape-rounded vc_btn3-style-classic vc_btn3-o-empty vc_btn3-icon-left vc_btn3-color-warning\" href=\"https:\/\/aspaceproperty.com.au\/\" title=\"Browse\" target=\"_blank\"><i class=\"vc_btn3-icon fa fa-globe\"><\/i> <span class=\"vc_btn3-placeholder\">&nbsp;<\/span><\/a><\/div>\n<div class=\"vc_btn3-container  aug_partners_button vc_btn3-inline\"><a class=\"vc_general vc_btn3 vc_btn3-size-md vc_btn3-shape-rounded vc_btn3-style-classic vc_btn3-o-empty vc_btn3-icon-left vc_btn3-color-warning\" href=\"https:\/\/www.google.com\/maps\/place\/Aspace+Property+Pty+Ltd\/@-28.0289243,153.4291853,17z\/data=!3m2!4b1!5s0x6b9104fc3fb4dc2f:0xd53981df14d41655!4m5!3m4!1s0x6b9105cdbd730445:0xda743e9b02002e90!8m2!3d-28.0289291!4d153.431374\" title=\"Visit Us\" target=\"_blank\"><i class=\"vc_btn3-icon fa fa-map-marker\"><\/i> <span class=\"vc_btn3-placeholder\">&nbsp;<\/span><\/a><\/div>\n\t\t<\/div>\n\t<\/div>\n<\/div><\/div><\/div><div class=\"wpb_column vc_column_container vc_col-sm-2\"><div class=\"vc_column-inner \"><div class=\"wpb_wrapper\"><\/div><\/div><\/div><\/div><\/div><\/div><\/div><\/div><div class=\"vc_row wpb_row vc_row-fluid vc_custom_1659418916349 vc_column-gap-20\"><div class=\"wpb_column vc_column_container vc_col-sm-2 vc_hidden-sm vc_hidden-xs\"><div class=\"vc_column-inner \"><div class=\"wpb_wrapper\"><\/div><\/div><\/div><div class=\"wpb_column vc_column_container vc_col-sm-8\"><div class=\"vc_column-inner vc_custom_1625835937537\"><div class=\"wpb_wrapper\">\n\t<div class=\"wpb_text_column wpb_content_element  vc_custom_1659422904575\">\n\t\t<div class=\"wpb_wrapper\">\n\t\t\t<h6>*<span style=\"text-decoration: underline;\"><a href=\"\/studyfest\/terms-and-conditions\/\" target=\"_blank\" rel=\"noopener\">Terms and Conditions<\/a><\/span> Apply<\/h6>\n\n\t\t<\/div>\n\t<\/div>\n<\/div><\/div><\/div><div class=\"wpb_column vc_column_container vc_col-sm-2\"><div class=\"vc_column-inner \"><div class=\"wpb_wrapper\"><\/div><\/div><\/div><\/div><div data-vc-full-width=\"true\" data-vc-full-width-init=\"false\" class=\"vc_row wpb_row vc_row-fluid registration_background aug_studyfest_registration vc_custom_1657006792196\"><div class=\"sub_heading wpb_column vc_column_container vc_col-sm-12\"><div class=\"vc_column-inner \"><div class=\"wpb_wrapper\"> <h3 style=\"color:#ffad16; padding:px; text-align:center; font-size:px; line-height:px; letter-spacing: px; font-weight:bold;\" class=\" nd_options_first_font \">Registration<\/h3>  <h2 style=\"color:#ffffff; padding:px; text-align:center; font-size:px; line-height:px; letter-spacing: px; font-weight:bold;\" class=\"aug_font_oswald nd_options_third_font \">Select Your Location<\/h2> <div class=\"vc_separator wpb_content_element vc_separator_align_center vc_sep_width_10 vc_sep_pos_align_center vc_separator_no_text vc_custom_1657006771846  vc_custom_1657006771846 custom_seperator\"><span class=\"vc_sep_holder vc_sep_holder_l\"><span  style=\"border-color:#ffad16;\" class=\"vc_sep_line\"><\/span><\/span><span class=\"vc_sep_holder vc_sep_holder_r\"><span  style=\"border-color:#ffad16;\" class=\"vc_sep_line\"><\/span><\/span>\n<\/div><div class=\"vc_btn3-container  aug_studyfest_registration_button  wpb_animate_when_almost_visible wpb_bottom-to-top vc_btn3-inline vc_custom_1659428798304\"><a class=\"vc_general vc_btn3 vc_btn3-size-md vc_btn3-shape-round vc_btn3-style-classic vc_btn3-color-warning\" href=\"\/eventbrite-event\/aug-adelaide-studyfest-2022-education-migration-career-expo\/?utm_source=aug&utm_medium=sub_page_aspace_property_registration_button&utm_campaign=australia_studyfest&utm_content=adelaide\" title=\"\" target=\"_blank\">Adelaide<\/a><\/div>\n<div class=\"vc_btn3-container  aug_studyfest_registration_button  wpb_animate_when_almost_visible wpb_bottom-to-top vc_btn3-inline vc_custom_1659428810203\"><a class=\"vc_general vc_btn3 vc_btn3-size-md vc_btn3-shape-round vc_btn3-style-classic vc_btn3-color-warning\" href=\"\/eventbrite-event\/aug-brisbane-studyfest-2022-education-migration-career-expo\/?utm_source=aug&utm_medium=sub_page_aspace_property_registration_button&utm_campaign=australia_studyfest&utm_content=brisbane\" title=\"\" target=\"_blank\">Brisbane<\/a><\/div>\n<div class=\"vc_btn3-container  aug_studyfest_registration_button  wpb_animate_when_almost_visible wpb_bottom-to-top vc_btn3-inline vc_custom_1659428824759\"><a class=\"vc_general vc_btn3 vc_btn3-size-md vc_btn3-shape-round vc_btn3-style-classic vc_btn3-color-warning\" href=\"\/eventbrite-event\/aug-melbourne-studyfest-2022-education-migration-career-expo\/?utm_source=aug&utm_medium=sub_page_aspace_property_registration_button&utm_campaign=australia_studyfest&utm_content=melbourne\" title=\"\" target=\"_blank\">Melbourne<\/a><\/div>\n<div class=\"vc_btn3-container  aug_studyfest_registration_button  wpb_animate_when_almost_visible wpb_bottom-to-top vc_btn3-inline vc_custom_1659428835200\"><a class=\"vc_general vc_btn3 vc_btn3-size-md vc_btn3-shape-round vc_btn3-style-classic vc_btn3-color-warning\" href=\"\/eventbrite-event\/aug-perth-studyfest-2022-education-migration-career-expo\/?utm_source=aug&utm_medium=sub_page_aspace_property_registration_button&utm_campaign=australia_studyfest&utm_content=perth\" title=\"\" target=\"_blank\">Perth<\/a><\/div>\n<div class=\"vc_btn3-container  aug_studyfest_registration_button  wpb_animate_when_almost_visible wpb_bottom-to-top vc_btn3-inline vc_custom_1659428858938\"><a class=\"vc_general vc_btn3 vc_btn3-size-md vc_btn3-shape-round vc_btn3-style-classic vc_btn3-color-warning\" href=\"\/eventbrite-event\/aug-sydney-studyfest-2022-education-migration-career-expo\/?utm_source=aug&utm_medium=sub_page_aspace_property_registration_button&utm_campaign=australia_studyfest&utm_content=sydney\" title=\"\" target=\"_blank\">Sydney<\/a><\/div>\n<\/div><\/div><\/div><\/div><div class=\"vc_row-full-width vc_clearfix\"><\/div>\n","protected":false},"excerpt":{"rendered":"The Biggest Education, Migration and Career Expo for International Students is Starting in: Start your \"Journey to Excellence\" by attending our Expo! Exclusive benefits and expert's advice on further study, migration option and career! Our Partners Aspace Property Aspace property is one of the most experienced and professional real-estate company, with headquarter that locate in [...]","protected":false},"author":4,"featured_media":0,"parent":342882,"menu_order":0,"comment_status":"closed","ping_status":"closed","template":"","meta":{"footnotes":""},"class_list":["post-342947","page","type-page","status-publish","hentry"],"yoast_head":"<!-- This site is optimized with the Yoast SEO Premium plugin v27.0 (Yoast SEO v27.3) - https:\/\/yoast.com\/product\/yoast-seo-premium-wordpress\/ -->\n<title>Aspace Property - AUG Student Services<\/title>\n<meta name=\"description\" content=\"Free counselling for university selection, scholarships and visa applications. Let AUG Student Services fast-track your study-abroad journey today.\" \/>\n<meta name=\"robots\" content=\"index, follow, max-snippet:-1, max-image-preview:large, max-video-preview:-1\" \/>\n<link rel=\"canonical\" href=\"https:\/\/augstudy.com\/vi\/studyfest\/partners\/aspace-property\/\" \/>\n<meta property=\"og:locale\" content=\"vi_VN\" \/>\n<meta property=\"og:type\" content=\"article\" \/>\n<meta property=\"og:title\" content=\"Aspace Property\" \/>\n<meta property=\"og:description\" content=\"Free counselling for university selection, scholarships and visa applications. Let AUG Student Services fast-track your study-abroad journey today.\" \/>\n<meta property=\"og:url\" content=\"https:\/\/augstudy.com\/vi\/studyfest\/partners\/aspace-property\/\" \/>\n<meta property=\"og:site_name\" content=\"AUG Student Services\" \/>\n<meta property=\"article:publisher\" content=\"https:\/\/www.facebook.com\/augmalaysia\/\" \/>\n<meta property=\"article:modified_time\" content=\"2022-08-03T23:43:19+00:00\" \/>\n<meta name=\"twitter:card\" content=\"summary_large_image\" \/>\n<meta name=\"twitter:label1\" content=\"\u01af\u1edbc t\u00ednh th\u1eddi gian \u0111\u1ecdc\" \/>\n\t<meta name=\"twitter:data1\" content=\"7 ph\u00fat\" \/>\n<script type=\"application\/ld+json\" class=\"yoast-schema-graph\">{\"@context\":\"https:\\\/\\\/schema.org\",\"@graph\":[{\"@type\":\"WebPage\",\"@id\":\"https:\\\/\\\/augstudy.com\\\/studyfest\\\/partners\\\/aspace-property\\\/\",\"url\":\"https:\\\/\\\/augstudy.com\\\/studyfest\\\/partners\\\/aspace-property\\\/\",\"name\":\"Aspace Property - AUG Student Services\",\"isPartOf\":{\"@id\":\"https:\\\/\\\/augstudy.com\\\/#website\"},\"datePublished\":\"2022-08-02T08:28:00+00:00\",\"dateModified\":\"2022-08-03T23:43:19+00:00\",\"description\":\"Free counselling for university selection, scholarships and visa applications. Let AUG Student Services fast-track your study-abroad journey today.\",\"breadcrumb\":{\"@id\":\"https:\\\/\\\/augstudy.com\\\/studyfest\\\/partners\\\/aspace-property\\\/#breadcrumb\"},\"inLanguage\":\"vi\",\"potentialAction\":[{\"@type\":\"ReadAction\",\"target\":[\"https:\\\/\\\/augstudy.com\\\/studyfest\\\/partners\\\/aspace-property\\\/\"]}]},{\"@type\":\"BreadcrumbList\",\"@id\":\"https:\\\/\\\/augstudy.com\\\/studyfest\\\/partners\\\/aspace-property\\\/#breadcrumb\",\"itemListElement\":[{\"@type\":\"ListItem\",\"position\":1,\"name\":\"Home\",\"item\":\"https:\\\/\\\/augstudy.com\\\/\"},{\"@type\":\"ListItem\",\"position\":2,\"name\":\"StudyFest 2022\",\"item\":\"https:\\\/\\\/augstudy.com\\\/studyfest\\\/\"},{\"@type\":\"ListItem\",\"position\":3,\"name\":\"StudyFest &#8211; Our Partners\",\"item\":\"https:\\\/\\\/augstudy.com\\\/studyfest\\\/partners\\\/\"},{\"@type\":\"ListItem\",\"position\":4,\"name\":\"Aspace Property\"}]},{\"@type\":\"WebSite\",\"@id\":\"https:\\\/\\\/augstudy.com\\\/#website\",\"url\":\"https:\\\/\\\/augstudy.com\\\/\",\"name\":\"AUG Student Services\",\"description\":\"Student Services\",\"alternateName\":\"AUG Global\",\"potentialAction\":[{\"@type\":\"SearchAction\",\"target\":{\"@type\":\"EntryPoint\",\"urlTemplate\":\"https:\\\/\\\/augstudy.com\\\/?s={search_term_string}\"},\"query-input\":{\"@type\":\"PropertyValueSpecification\",\"valueRequired\":true,\"valueName\":\"search_term_string\"}}],\"inLanguage\":\"vi\"}]}<\/script>\n<!-- \/ Yoast SEO Premium plugin. -->","yoast_head_json":{"title":"Aspace Property - AUG Student Services","description":"T\u01b0 v\u1ea5n mi\u1ec5n ph\u00ed v\u1ec1 ch\u1ecdn tr\u01b0\u1eddng \u0111\u1ea1i h\u1ecdc, h\u1ecdc b\u1ed5ng v\u00e0 xin th\u1ecb th\u1ef1c. H\u00e3y \u0111\u1ec3 D\u1ecbch v\u1ee5 Sinh vi\u00ean AUG gi\u00fap b\u1ea1n nhanh ch\u00f3ng ho\u00e0n th\u00e0nh h\u00e0nh tr\u00ecnh du h\u1ecdc ngay h\u00f4m nay.","robots":{"index":"index","follow":"follow","max-snippet":"max-snippet:-1","max-image-preview":"max-image-preview:large","max-video-preview":"max-video-preview:-1"},"canonical":"https:\/\/augstudy.com\/vi\/studyfest\/partners\/aspace-property\/","og_locale":"vi_VN","og_type":"article","og_title":"Aspace Property","og_description":"Free counselling for university selection, scholarships and visa applications. Let AUG Student Services fast-track your study-abroad journey today.","og_url":"https:\/\/augstudy.com\/vi\/studyfest\/partners\/aspace-property\/","og_site_name":"AUG Student Services","article_publisher":"https:\/\/www.facebook.com\/augmalaysia\/","article_modified_time":"2022-08-03T23:43:19+00:00","twitter_card":"summary_large_image","twitter_misc":{"\u01af\u1edbc t\u00ednh th\u1eddi gian \u0111\u1ecdc":"7 ph\u00fat"},"schema":{"@context":"https:\/\/schema.org","@graph":[{"@type":"WebPage","@id":"https:\/\/augstudy.com\/studyfest\/partners\/aspace-property\/","url":"https:\/\/augstudy.com\/studyfest\/partners\/aspace-property\/","name":"Aspace Property - AUG Student Services","isPartOf":{"@id":"https:\/\/augstudy.com\/#website"},"datePublished":"2022-08-02T08:28:00+00:00","dateModified":"2022-08-03T23:43:19+00:00","description":"T\u01b0 v\u1ea5n mi\u1ec5n ph\u00ed v\u1ec1 ch\u1ecdn tr\u01b0\u1eddng \u0111\u1ea1i h\u1ecdc, h\u1ecdc b\u1ed5ng v\u00e0 xin th\u1ecb th\u1ef1c. H\u00e3y \u0111\u1ec3 D\u1ecbch v\u1ee5 Sinh vi\u00ean AUG gi\u00fap b\u1ea1n nhanh ch\u00f3ng ho\u00e0n th\u00e0nh h\u00e0nh tr\u00ecnh du h\u1ecdc ngay h\u00f4m nay.","breadcrumb":{"@id":"https:\/\/augstudy.com\/studyfest\/partners\/aspace-property\/#breadcrumb"},"inLanguage":"vi","potentialAction":[{"@type":"ReadAction","target":["https:\/\/augstudy.com\/studyfest\/partners\/aspace-property\/"]}]},{"@type":"BreadcrumbList","@id":"https:\/\/augstudy.com\/studyfest\/partners\/aspace-property\/#breadcrumb","itemListElement":[{"@type":"ListItem","position":1,"name":"Home","item":"https:\/\/augstudy.com\/"},{"@type":"ListItem","position":2,"name":"StudyFest 2022","item":"https:\/\/augstudy.com\/studyfest\/"},{"@type":"ListItem","position":3,"name":"StudyFest &#8211; Our Partners","item":"https:\/\/augstudy.com\/studyfest\/partners\/"},{"@type":"ListItem","position":4,"name":"Aspace Property"}]},{"@type":"WebSite","@id":"https:\/\/augstudy.com\/#website","url":"https:\/\/augstudy.com\/","name":"D\u1ecbch v\u1ee5 Sinh vi\u00ean AUG","description":"D\u1ecbch v\u1ee5 sinh vi\u00ean","alternateName":"AUG Global","potentialAction":[{"@type":"SearchAction","target":{"@type":"EntryPoint","urlTemplate":"https:\/\/augstudy.com\/?s={search_term_string}"},"query-input":{"@type":"PropertyValueSpecification","valueRequired":true,"valueName":"search_term_string"}}],"inLanguage":"vi"}]}},"_links":{"self":[{"href":"https:\/\/augstudy.com\/vi\/wp-json\/wp\/v2\/pages\/342947","targetHints":{"allow":["GET"]}}],"collection":[{"href":"https:\/\/augstudy.com\/vi\/wp-json\/wp\/v2\/pages"}],"about":[{"href":"https:\/\/augstudy.com\/vi\/wp-json\/wp\/v2\/types\/page"}],"author":[{"embeddable":true,"href":"https:\/\/augstudy.com\/vi\/wp-json\/wp\/v2\/users\/4"}],"replies":[{"embeddable":true,"href":"https:\/\/augstudy.com\/vi\/wp-json\/wp\/v2\/comments?post=342947"}],"version-history":[{"count":0,"href":"https:\/\/augstudy.com\/vi\/wp-json\/wp\/v2\/pages\/342947\/revisions"}],"up":[{"embeddable":true,"href":"https:\/\/augstudy.com\/vi\/wp-json\/wp\/v2\/pages\/342882"}],"wp:attachment":[{"href":"https:\/\/augstudy.com\/vi\/wp-json\/wp\/v2\/media?parent=342947"}],"curies":[{"name":"wp","href":"https:\/\/api.w.org\/{rel}","templated":true}]}}