{"id":342554,"date":"2022-07-26T14:17:33","date_gmt":"2022-07-26T04:17:33","guid":{"rendered":"https:\/\/augstudy.com\/?page_id=342554"},"modified":"2023-10-23T17:03:25","modified_gmt":"2023-10-23T06:03:25","slug":"diane-costelo","status":"publish","type":"page","link":"https:\/\/augstudy.com\/vi\/vcard\/philippines\/diane-costelo\/","title":{"rendered":"Diane Costelo"},"content":{"rendered":"<div class=\"vc_row wpb_row vc_row-fluid\"><div class=\"wpb_column vc_column_container vc_col-sm-12\"><div class=\"vc_column-inner\"><div class=\"wpb_wrapper\">\n\t<div class=\"wpb_raw_code wpb_content_element wpb_raw_html margin_bottom_0px\">\n\t\t<div class=\"wpb_wrapper\">\n\t\t\t<a class=\"vcard-download\" href=\"https:\/\/augstudy.com\/aug-website-files\/wp-content\/uploads\/vcard\/Diane_COSTELO.vcf\"><\/a>\n\t\t<\/div>\n\t<\/div>\n<\/div><\/div><\/div><\/div>","protected":false},"excerpt":{"rendered":"","protected":false},"author":4,"featured_media":386277,"parent":342550,"menu_order":0,"comment_status":"closed","ping_status":"closed","template":"","meta":{"footnotes":""},"class_list":["post-342554","page","type-page","status-publish","hentry"],"yoast_head":"<!-- This site is optimized with the Yoast SEO Premium plugin v27.5 (Yoast SEO v27.5) - https:\/\/yoast.com\/product\/yoast-seo-premium-wordpress\/ -->\n<title>Diane Costelo - AUG Student Services<\/title>\n<meta name=\"description\" content=\"Diane is one of our dedicated education counsellors and is always eager to assist students in their journey to study abroad. Backed by significant experience in Australian Migration, she has handled students of different backgrounds and circumstances. These skills that she has developed allowed her to be more meticulous and focused in her craft.\" \/>\n<meta name=\"robots\" content=\"index, follow, max-snippet:-1, max-image-preview:large, max-video-preview:-1\" \/>\n<link rel=\"canonical\" href=\"https:\/\/augstudy.com\/vi\/vcard\/philippines\/diane-costelo\/\" \/>\n<meta property=\"og:locale\" content=\"vi_VN\" \/>\n<meta property=\"og:type\" content=\"article\" \/>\n<meta property=\"og:title\" content=\"Diane Costelo\" \/>\n<meta property=\"og:description\" content=\"Diane is one of our dedicated education counsellors and is always eager to assist students in their journey to study abroad. Backed by significant experience in Australian Migration, she has handled students of different backgrounds and circumstances. These skills that she has developed allowed her to be more meticulous and focused in her craft.\" \/>\n<meta property=\"og:url\" content=\"https:\/\/augstudy.com\/vi\/vcard\/philippines\/diane-costelo\/\" \/>\n<meta property=\"og:site_name\" content=\"AUG Student Services\" \/>\n<meta property=\"article:publisher\" content=\"https:\/\/www.facebook.com\/augmalaysia\/\" \/>\n<meta property=\"article:modified_time\" content=\"2023-10-23T06:03:25+00:00\" \/>\n<meta property=\"og:image\" content=\"https:\/\/augstudy.com\/aug-website-files\/wp-content\/uploads\/2023\/10\/aug_vcard_diane_costelo_500x500.png\" \/>\n\t<meta property=\"og:image:width\" content=\"500\" \/>\n\t<meta property=\"og:image:height\" content=\"500\" \/>\n\t<meta property=\"og:image:type\" content=\"image\/png\" \/>\n<meta name=\"twitter:card\" content=\"summary_large_image\" \/>\n<meta name=\"twitter:label1\" content=\"\u01af\u1edbc t\u00ednh th\u1eddi gian \u0111\u1ecdc\" \/>\n\t<meta name=\"twitter:data1\" content=\"1 ph\u00fat\" \/>\n<script type=\"application\/ld+json\" class=\"yoast-schema-graph\">{\"@context\":\"https:\\\/\\\/schema.org\",\"@graph\":[{\"@type\":\"WebPage\",\"@id\":\"https:\\\/\\\/augstudy.com\\\/vcard\\\/philippines\\\/diane-costelo\\\/\",\"url\":\"https:\\\/\\\/augstudy.com\\\/vcard\\\/philippines\\\/diane-costelo\\\/\",\"name\":\"Diane Costelo - AUG Student Services\",\"isPartOf\":{\"@id\":\"https:\\\/\\\/augstudy.com\\\/#website\"},\"primaryImageOfPage\":{\"@id\":\"https:\\\/\\\/augstudy.com\\\/vcard\\\/philippines\\\/diane-costelo\\\/#primaryimage\"},\"image\":{\"@id\":\"https:\\\/\\\/augstudy.com\\\/vcard\\\/philippines\\\/diane-costelo\\\/#primaryimage\"},\"thumbnailUrl\":\"https:\\\/\\\/augstudy.com\\\/aug-website-files\\\/wp-content\\\/uploads\\\/2023\\\/10\\\/aug_vcard_diane_costelo_500x500.png\",\"datePublished\":\"2022-07-26T04:17:33+00:00\",\"dateModified\":\"2023-10-23T06:03:25+00:00\",\"description\":\"Diane is one of our dedicated education counsellors and is always eager to assist students in their journey to study abroad. Backed by significant experience in Australian Migration, she has handled students of different backgrounds and circumstances. These skills that she has developed allowed her to be more meticulous and focused in her craft.\",\"breadcrumb\":{\"@id\":\"https:\\\/\\\/augstudy.com\\\/vcard\\\/philippines\\\/diane-costelo\\\/#breadcrumb\"},\"inLanguage\":\"vi\",\"potentialAction\":[{\"@type\":\"ReadAction\",\"target\":[\"https:\\\/\\\/augstudy.com\\\/vcard\\\/philippines\\\/diane-costelo\\\/\"]}]},{\"@type\":\"ImageObject\",\"inLanguage\":\"vi\",\"@id\":\"https:\\\/\\\/augstudy.com\\\/vcard\\\/philippines\\\/diane-costelo\\\/#primaryimage\",\"url\":\"https:\\\/\\\/augstudy.com\\\/aug-website-files\\\/wp-content\\\/uploads\\\/2023\\\/10\\\/aug_vcard_diane_costelo_500x500.png\",\"contentUrl\":\"https:\\\/\\\/augstudy.com\\\/aug-website-files\\\/wp-content\\\/uploads\\\/2023\\\/10\\\/aug_vcard_diane_costelo_500x500.png\",\"width\":500,\"height\":500},{\"@type\":\"BreadcrumbList\",\"@id\":\"https:\\\/\\\/augstudy.com\\\/vcard\\\/philippines\\\/diane-costelo\\\/#breadcrumb\",\"itemListElement\":[{\"@type\":\"ListItem\",\"position\":1,\"name\":\"Home\",\"item\":\"https:\\\/\\\/augstudy.com\\\/\"},{\"@type\":\"ListItem\",\"position\":2,\"name\":\"vCard\",\"item\":\"https:\\\/\\\/augstudy.com\\\/vcard\\\/\"},{\"@type\":\"ListItem\",\"position\":3,\"name\":\"vCard &#8211; Philippines\",\"item\":\"https:\\\/\\\/augstudy.com\\\/vcard\\\/philippines\\\/\"},{\"@type\":\"ListItem\",\"position\":4,\"name\":\"Diane Costelo\"}]},{\"@type\":\"WebSite\",\"@id\":\"https:\\\/\\\/augstudy.com\\\/#website\",\"url\":\"https:\\\/\\\/augstudy.com\\\/\",\"name\":\"AUG Student Services\",\"description\":\"Student Services\",\"alternateName\":\"AUG Global\",\"potentialAction\":[{\"@type\":\"SearchAction\",\"target\":{\"@type\":\"EntryPoint\",\"urlTemplate\":\"https:\\\/\\\/augstudy.com\\\/?s={search_term_string}\"},\"query-input\":{\"@type\":\"PropertyValueSpecification\",\"valueRequired\":true,\"valueName\":\"search_term_string\"}}],\"inLanguage\":\"vi\"}]}<\/script>\n<!-- \/ Yoast SEO Premium plugin. -->","yoast_head_json":{"title":"Diane Costelo - AUG Student Services","description":"Diane l\u00e0 m\u1ed9t trong nh\u1eefng c\u1ed1 v\u1ea5n gi\u00e1o d\u1ee5c t\u1eadn t\u00e2m c\u1ee7a ch\u00fang t\u00f4i v\u00e0 lu\u00f4n mong mu\u1ed1n h\u1ed7 tr\u1ee3 sinh vi\u00ean trong h\u00e0nh tr\u00ecnh du h\u1ecdc. V\u1edbi kinh nghi\u1ec7m \u0111\u00e1ng k\u1ec3 v\u1ec1 Di c\u01b0 \u00dac, c\u00f4 \u0111\u00e3 x\u1eed l\u00fd c\u00e1c h\u1ecdc sinh c\u00f3 ho\u00e0n c\u1ea3nh v\u00e0 ho\u00e0n c\u1ea3nh kh\u00e1c nhau. Nh\u1eefng k\u1ef9 n\u0103ng m\u00e0 c\u00f4 \u0111\u00e3 ph\u00e1t tri\u1ec3n n\u00e0y cho ph\u00e9p c\u00f4 t\u1ec9 m\u1ec9 v\u00e0 t\u1eadp trung h\u01a1n v\u00e0o ngh\u1ec1 c\u1ee7a m\u00ecnh.","robots":{"index":"index","follow":"follow","max-snippet":"max-snippet:-1","max-image-preview":"max-image-preview:large","max-video-preview":"max-video-preview:-1"},"canonical":"https:\/\/augstudy.com\/vi\/vcard\/philippines\/diane-costelo\/","og_locale":"vi_VN","og_type":"article","og_title":"Diane Costelo","og_description":"Diane is one of our dedicated education counsellors and is always eager to assist students in their journey to study abroad. Backed by significant experience in Australian Migration, she has handled students of different backgrounds and circumstances. These skills that she has developed allowed her to be more meticulous and focused in her craft.","og_url":"https:\/\/augstudy.com\/vi\/vcard\/philippines\/diane-costelo\/","og_site_name":"AUG Student Services","article_publisher":"https:\/\/www.facebook.com\/augmalaysia\/","article_modified_time":"2023-10-23T06:03:25+00:00","og_image":[{"width":500,"height":500,"url":"https:\/\/augstudy.com\/aug-website-files\/wp-content\/uploads\/2023\/10\/aug_vcard_diane_costelo_500x500.png","type":"image\/png"}],"twitter_card":"summary_large_image","twitter_misc":{"\u01af\u1edbc t\u00ednh th\u1eddi gian \u0111\u1ecdc":"1 ph\u00fat"},"schema":{"@context":"https:\/\/schema.org","@graph":[{"@type":"WebPage","@id":"https:\/\/augstudy.com\/vcard\/philippines\/diane-costelo\/","url":"https:\/\/augstudy.com\/vcard\/philippines\/diane-costelo\/","name":"Diane Costelo - AUG Student Services","isPartOf":{"@id":"https:\/\/augstudy.com\/#website"},"primaryImageOfPage":{"@id":"https:\/\/augstudy.com\/vcard\/philippines\/diane-costelo\/#primaryimage"},"image":{"@id":"https:\/\/augstudy.com\/vcard\/philippines\/diane-costelo\/#primaryimage"},"thumbnailUrl":"https:\/\/augstudy.com\/aug-website-files\/wp-content\/uploads\/2023\/10\/aug_vcard_diane_costelo_500x500.png","datePublished":"2022-07-26T04:17:33+00:00","dateModified":"2023-10-23T06:03:25+00:00","description":"Diane l\u00e0 m\u1ed9t trong nh\u1eefng c\u1ed1 v\u1ea5n gi\u00e1o d\u1ee5c t\u1eadn t\u00e2m c\u1ee7a ch\u00fang t\u00f4i v\u00e0 lu\u00f4n mong mu\u1ed1n h\u1ed7 tr\u1ee3 sinh vi\u00ean trong h\u00e0nh tr\u00ecnh du h\u1ecdc. V\u1edbi kinh nghi\u1ec7m \u0111\u00e1ng k\u1ec3 v\u1ec1 Di c\u01b0 \u00dac, c\u00f4 \u0111\u00e3 x\u1eed l\u00fd c\u00e1c h\u1ecdc sinh c\u00f3 ho\u00e0n c\u1ea3nh v\u00e0 ho\u00e0n c\u1ea3nh kh\u00e1c nhau. Nh\u1eefng k\u1ef9 n\u0103ng m\u00e0 c\u00f4 \u0111\u00e3 ph\u00e1t tri\u1ec3n n\u00e0y cho ph\u00e9p c\u00f4 t\u1ec9 m\u1ec9 v\u00e0 t\u1eadp trung h\u01a1n v\u00e0o ngh\u1ec1 c\u1ee7a m\u00ecnh.","breadcrumb":{"@id":"https:\/\/augstudy.com\/vcard\/philippines\/diane-costelo\/#breadcrumb"},"inLanguage":"vi","potentialAction":[{"@type":"ReadAction","target":["https:\/\/augstudy.com\/vcard\/philippines\/diane-costelo\/"]}]},{"@type":"ImageObject","inLanguage":"vi","@id":"https:\/\/augstudy.com\/vcard\/philippines\/diane-costelo\/#primaryimage","url":"https:\/\/augstudy.com\/aug-website-files\/wp-content\/uploads\/2023\/10\/aug_vcard_diane_costelo_500x500.png","contentUrl":"https:\/\/augstudy.com\/aug-website-files\/wp-content\/uploads\/2023\/10\/aug_vcard_diane_costelo_500x500.png","width":500,"height":500},{"@type":"BreadcrumbList","@id":"https:\/\/augstudy.com\/vcard\/philippines\/diane-costelo\/#breadcrumb","itemListElement":[{"@type":"ListItem","position":1,"name":"Home","item":"https:\/\/augstudy.com\/"},{"@type":"ListItem","position":2,"name":"vCard","item":"https:\/\/augstudy.com\/vcard\/"},{"@type":"ListItem","position":3,"name":"vCard &#8211; Philippines","item":"https:\/\/augstudy.com\/vcard\/philippines\/"},{"@type":"ListItem","position":4,"name":"Diane Costelo"}]},{"@type":"WebSite","@id":"https:\/\/augstudy.com\/#website","url":"https:\/\/augstudy.com\/","name":"D\u1ecbch v\u1ee5 Sinh vi\u00ean AUG","description":"D\u1ecbch v\u1ee5 sinh vi\u00ean","alternateName":"AUG Global","potentialAction":[{"@type":"SearchAction","target":{"@type":"EntryPoint","urlTemplate":"https:\/\/augstudy.com\/?s={search_term_string}"},"query-input":{"@type":"PropertyValueSpecification","valueRequired":true,"valueName":"search_term_string"}}],"inLanguage":"vi"}]}},"_links":{"self":[{"href":"https:\/\/augstudy.com\/vi\/wp-json\/wp\/v2\/pages\/342554","targetHints":{"allow":["GET"]}}],"collection":[{"href":"https:\/\/augstudy.com\/vi\/wp-json\/wp\/v2\/pages"}],"about":[{"href":"https:\/\/augstudy.com\/vi\/wp-json\/wp\/v2\/types\/page"}],"author":[{"embeddable":true,"href":"https:\/\/augstudy.com\/vi\/wp-json\/wp\/v2\/users\/4"}],"replies":[{"embeddable":true,"href":"https:\/\/augstudy.com\/vi\/wp-json\/wp\/v2\/comments?post=342554"}],"version-history":[{"count":0,"href":"https:\/\/augstudy.com\/vi\/wp-json\/wp\/v2\/pages\/342554\/revisions"}],"up":[{"embeddable":true,"href":"https:\/\/augstudy.com\/vi\/wp-json\/wp\/v2\/pages\/342550"}],"wp:featuredmedia":[{"embeddable":true,"href":"https:\/\/augstudy.com\/vi\/wp-json\/wp\/v2\/media\/386277"}],"wp:attachment":[{"href":"https:\/\/augstudy.com\/vi\/wp-json\/wp\/v2\/media?parent=342554"}],"curies":[{"name":"wp","href":"https:\/\/api.w.org\/{rel}","templated":true}]}}