{"id":342549,"date":"2022-07-26T14:13:23","date_gmt":"2022-07-26T04:13:23","guid":{"rendered":"https:\/\/augstudy.com\/?page_id=342549"},"modified":"2023-10-23T17:05:31","modified_gmt":"2023-10-23T06:05:31","slug":"sheryl-calais","status":"publish","type":"page","link":"https:\/\/augstudy.com\/vi\/vcard\/philippines\/sheryl-calais\/","title":{"rendered":"Sheryl Calais"},"content":{"rendered":"<div class=\"vc_row wpb_row vc_row-fluid\"><div class=\"wpb_column vc_column_container vc_col-sm-12\"><div class=\"vc_column-inner\"><div class=\"wpb_wrapper\">\n\t<div class=\"wpb_raw_code wpb_content_element wpb_raw_html margin_bottom_0px\">\n\t\t<div class=\"wpb_wrapper\">\n\t\t\t<a class=\"vcard-download\" href=\"https:\/\/augstudy.com\/aug-website-files\/wp-content\/uploads\/vcard\/Sheryl_CALAIS.vcf\"><\/a>\n\t\t<\/div>\n\t<\/div>\n<\/div><\/div><\/div><\/div>","protected":false},"excerpt":{"rendered":"","protected":false},"author":4,"featured_media":386283,"parent":342550,"menu_order":0,"comment_status":"closed","ping_status":"closed","template":"","meta":{"footnotes":""},"class_list":["post-342549","page","type-page","status-publish","hentry"],"yoast_head":"<!-- This site is optimized with the Yoast SEO Premium plugin v27.0 (Yoast SEO v27.3) - https:\/\/yoast.com\/product\/yoast-seo-premium-wordpress\/ -->\n<title>Sheryl Calais - AUG Student Services<\/title>\n<meta name=\"description\" content=\"Sheryl was exposed since 2005 by invigilating students taking the IELTS, and worked her way up to becoming an Education Counsellor in 2009. Filled with passion and determination in helping Filipinos achieve their dreams of studying abroad, Sheryl went back to the Philippines to spearhead the AUG Manila office.\" \/>\n<meta name=\"robots\" content=\"index, follow, max-snippet:-1, max-image-preview:large, max-video-preview:-1\" \/>\n<link rel=\"canonical\" href=\"https:\/\/augstudy.com\/vi\/vcard\/philippines\/sheryl-calais\/\" \/>\n<meta property=\"og:locale\" content=\"vi_VN\" \/>\n<meta property=\"og:type\" content=\"article\" \/>\n<meta property=\"og:title\" content=\"Sheryl Calais\" \/>\n<meta property=\"og:description\" content=\"Sheryl was exposed since 2005 by invigilating students taking the IELTS, and worked her way up to becoming an Education Counsellor in 2009. Filled with passion and determination in helping Filipinos achieve their dreams of studying abroad, Sheryl went back to the Philippines to spearhead the AUG Manila office.\" \/>\n<meta property=\"og:url\" content=\"https:\/\/augstudy.com\/vi\/vcard\/philippines\/sheryl-calais\/\" \/>\n<meta property=\"og:site_name\" content=\"AUG Student Services\" \/>\n<meta property=\"article:publisher\" content=\"https:\/\/www.facebook.com\/augmalaysia\/\" \/>\n<meta property=\"article:modified_time\" content=\"2023-10-23T06:05:31+00:00\" \/>\n<meta property=\"og:image\" content=\"https:\/\/augstudy.com\/aug-website-files\/wp-content\/uploads\/2023\/10\/aug_vcard_sheryl_calais_500x500.png\" \/>\n\t<meta property=\"og:image:width\" content=\"500\" \/>\n\t<meta property=\"og:image:height\" content=\"500\" \/>\n\t<meta property=\"og:image:type\" content=\"image\/png\" \/>\n<meta name=\"twitter:card\" content=\"summary_large_image\" \/>\n<meta name=\"twitter:label1\" content=\"\u01af\u1edbc t\u00ednh th\u1eddi gian \u0111\u1ecdc\" \/>\n\t<meta name=\"twitter:data1\" content=\"1 ph\u00fat\" \/>\n<script type=\"application\/ld+json\" class=\"yoast-schema-graph\">{\"@context\":\"https:\\\/\\\/schema.org\",\"@graph\":[{\"@type\":\"WebPage\",\"@id\":\"https:\\\/\\\/augstudy.com\\\/vcard\\\/philippines\\\/sheryl-calais\\\/\",\"url\":\"https:\\\/\\\/augstudy.com\\\/vcard\\\/philippines\\\/sheryl-calais\\\/\",\"name\":\"Sheryl Calais - AUG Student Services\",\"isPartOf\":{\"@id\":\"https:\\\/\\\/augstudy.com\\\/#website\"},\"primaryImageOfPage\":{\"@id\":\"https:\\\/\\\/augstudy.com\\\/vcard\\\/philippines\\\/sheryl-calais\\\/#primaryimage\"},\"image\":{\"@id\":\"https:\\\/\\\/augstudy.com\\\/vcard\\\/philippines\\\/sheryl-calais\\\/#primaryimage\"},\"thumbnailUrl\":\"https:\\\/\\\/augstudy.com\\\/aug-website-files\\\/wp-content\\\/uploads\\\/2023\\\/10\\\/aug_vcard_sheryl_calais_500x500.png\",\"datePublished\":\"2022-07-26T04:13:23+00:00\",\"dateModified\":\"2023-10-23T06:05:31+00:00\",\"description\":\"Sheryl was exposed since 2005 by invigilating students taking the IELTS, and worked her way up to becoming an Education Counsellor in 2009. Filled with passion and determination in helping Filipinos achieve their dreams of studying abroad, Sheryl went back to the Philippines to spearhead the AUG Manila office.\",\"breadcrumb\":{\"@id\":\"https:\\\/\\\/augstudy.com\\\/vcard\\\/philippines\\\/sheryl-calais\\\/#breadcrumb\"},\"inLanguage\":\"vi\",\"potentialAction\":[{\"@type\":\"ReadAction\",\"target\":[\"https:\\\/\\\/augstudy.com\\\/vcard\\\/philippines\\\/sheryl-calais\\\/\"]}]},{\"@type\":\"ImageObject\",\"inLanguage\":\"vi\",\"@id\":\"https:\\\/\\\/augstudy.com\\\/vcard\\\/philippines\\\/sheryl-calais\\\/#primaryimage\",\"url\":\"https:\\\/\\\/augstudy.com\\\/aug-website-files\\\/wp-content\\\/uploads\\\/2023\\\/10\\\/aug_vcard_sheryl_calais_500x500.png\",\"contentUrl\":\"https:\\\/\\\/augstudy.com\\\/aug-website-files\\\/wp-content\\\/uploads\\\/2023\\\/10\\\/aug_vcard_sheryl_calais_500x500.png\",\"width\":500,\"height\":500},{\"@type\":\"BreadcrumbList\",\"@id\":\"https:\\\/\\\/augstudy.com\\\/vcard\\\/philippines\\\/sheryl-calais\\\/#breadcrumb\",\"itemListElement\":[{\"@type\":\"ListItem\",\"position\":1,\"name\":\"Home\",\"item\":\"https:\\\/\\\/augstudy.com\\\/\"},{\"@type\":\"ListItem\",\"position\":2,\"name\":\"vCard\",\"item\":\"https:\\\/\\\/augstudy.com\\\/vcard\\\/\"},{\"@type\":\"ListItem\",\"position\":3,\"name\":\"vCard &#8211; Philippines\",\"item\":\"https:\\\/\\\/augstudy.com\\\/vcard\\\/philippines\\\/\"},{\"@type\":\"ListItem\",\"position\":4,\"name\":\"Sheryl Calais\"}]},{\"@type\":\"WebSite\",\"@id\":\"https:\\\/\\\/augstudy.com\\\/#website\",\"url\":\"https:\\\/\\\/augstudy.com\\\/\",\"name\":\"AUG Student Services\",\"description\":\"Student Services\",\"alternateName\":\"AUG Global\",\"potentialAction\":[{\"@type\":\"SearchAction\",\"target\":{\"@type\":\"EntryPoint\",\"urlTemplate\":\"https:\\\/\\\/augstudy.com\\\/?s={search_term_string}\"},\"query-input\":{\"@type\":\"PropertyValueSpecification\",\"valueRequired\":true,\"valueName\":\"search_term_string\"}}],\"inLanguage\":\"vi\"}]}<\/script>\n<!-- \/ Yoast SEO Premium plugin. -->","yoast_head_json":{"title":"Sheryl Calais - D\u1ecbch v\u1ee5 Sinh vi\u00ean AUG","description":"Sheryl \u0111\u00e3 bi\u1ebft \u0111\u1ebfn c\u00f4 t\u1eeb n\u0103m 2005 khi gi\u00e1m s\u00e1t c\u00e1c sinh vi\u00ean tham gia k\u1ef3 thi IELTS v\u00e0 \u0111\u00e3 n\u1ed7 l\u1ef1c tr\u1edf th\u00e0nh C\u1ed1 v\u1ea5n gi\u00e1o d\u1ee5c v\u00e0o n\u0103m 2009. Tr\u00e0n \u0111\u1ea7y \u0111am m\u00ea v\u00e0 quy\u1ebft t\u00e2m gi\u00fap ng\u01b0\u1eddi Philippines \u0111\u1ea1t \u0111\u01b0\u1ee3c \u01b0\u1edbc m\u01a1 du h\u1ecdc, Sheryl \u0111\u00e3 tr\u1edf v\u1ec1 Philippines \u0111\u1ec3 l\u00e3nh \u0111\u1ea1o v\u0103n ph\u00f2ng AUG Manila.","robots":{"index":"index","follow":"follow","max-snippet":"max-snippet:-1","max-image-preview":"max-image-preview:large","max-video-preview":"max-video-preview:-1"},"canonical":"https:\/\/augstudy.com\/vi\/vcard\/philippines\/sheryl-calais\/","og_locale":"vi_VN","og_type":"article","og_title":"Sheryl Calais","og_description":"Sheryl was exposed since 2005 by invigilating students taking the IELTS, and worked her way up to becoming an Education Counsellor in 2009. Filled with passion and determination in helping Filipinos achieve their dreams of studying abroad, Sheryl went back to the Philippines to spearhead the AUG Manila office.","og_url":"https:\/\/augstudy.com\/vi\/vcard\/philippines\/sheryl-calais\/","og_site_name":"AUG Student Services","article_publisher":"https:\/\/www.facebook.com\/augmalaysia\/","article_modified_time":"2023-10-23T06:05:31+00:00","og_image":[{"width":500,"height":500,"url":"https:\/\/augstudy.com\/aug-website-files\/wp-content\/uploads\/2023\/10\/aug_vcard_sheryl_calais_500x500.png","type":"image\/png"}],"twitter_card":"summary_large_image","twitter_misc":{"\u01af\u1edbc t\u00ednh th\u1eddi gian \u0111\u1ecdc":"1 ph\u00fat"},"schema":{"@context":"https:\/\/schema.org","@graph":[{"@type":"WebPage","@id":"https:\/\/augstudy.com\/vcard\/philippines\/sheryl-calais\/","url":"https:\/\/augstudy.com\/vcard\/philippines\/sheryl-calais\/","name":"Sheryl Calais - D\u1ecbch v\u1ee5 Sinh vi\u00ean AUG","isPartOf":{"@id":"https:\/\/augstudy.com\/#website"},"primaryImageOfPage":{"@id":"https:\/\/augstudy.com\/vcard\/philippines\/sheryl-calais\/#primaryimage"},"image":{"@id":"https:\/\/augstudy.com\/vcard\/philippines\/sheryl-calais\/#primaryimage"},"thumbnailUrl":"https:\/\/augstudy.com\/aug-website-files\/wp-content\/uploads\/2023\/10\/aug_vcard_sheryl_calais_500x500.png","datePublished":"2022-07-26T04:13:23+00:00","dateModified":"2023-10-23T06:05:31+00:00","description":"Sheryl \u0111\u00e3 bi\u1ebft \u0111\u1ebfn c\u00f4 t\u1eeb n\u0103m 2005 khi gi\u00e1m s\u00e1t c\u00e1c sinh vi\u00ean tham gia k\u1ef3 thi IELTS v\u00e0 \u0111\u00e3 n\u1ed7 l\u1ef1c tr\u1edf th\u00e0nh C\u1ed1 v\u1ea5n gi\u00e1o d\u1ee5c v\u00e0o n\u0103m 2009. Tr\u00e0n \u0111\u1ea7y \u0111am m\u00ea v\u00e0 quy\u1ebft t\u00e2m gi\u00fap ng\u01b0\u1eddi Philippines \u0111\u1ea1t \u0111\u01b0\u1ee3c \u01b0\u1edbc m\u01a1 du h\u1ecdc, Sheryl \u0111\u00e3 tr\u1edf v\u1ec1 Philippines \u0111\u1ec3 l\u00e3nh \u0111\u1ea1o v\u0103n ph\u00f2ng AUG Manila.","breadcrumb":{"@id":"https:\/\/augstudy.com\/vcard\/philippines\/sheryl-calais\/#breadcrumb"},"inLanguage":"vi","potentialAction":[{"@type":"ReadAction","target":["https:\/\/augstudy.com\/vcard\/philippines\/sheryl-calais\/"]}]},{"@type":"ImageObject","inLanguage":"vi","@id":"https:\/\/augstudy.com\/vcard\/philippines\/sheryl-calais\/#primaryimage","url":"https:\/\/augstudy.com\/aug-website-files\/wp-content\/uploads\/2023\/10\/aug_vcard_sheryl_calais_500x500.png","contentUrl":"https:\/\/augstudy.com\/aug-website-files\/wp-content\/uploads\/2023\/10\/aug_vcard_sheryl_calais_500x500.png","width":500,"height":500},{"@type":"BreadcrumbList","@id":"https:\/\/augstudy.com\/vcard\/philippines\/sheryl-calais\/#breadcrumb","itemListElement":[{"@type":"ListItem","position":1,"name":"Home","item":"https:\/\/augstudy.com\/"},{"@type":"ListItem","position":2,"name":"vCard","item":"https:\/\/augstudy.com\/vcard\/"},{"@type":"ListItem","position":3,"name":"vCard &#8211; Philippines","item":"https:\/\/augstudy.com\/vcard\/philippines\/"},{"@type":"ListItem","position":4,"name":"Sheryl Calais"}]},{"@type":"WebSite","@id":"https:\/\/augstudy.com\/#website","url":"https:\/\/augstudy.com\/","name":"D\u1ecbch v\u1ee5 Sinh vi\u00ean AUG","description":"D\u1ecbch v\u1ee5 sinh vi\u00ean","alternateName":"AUG Global","potentialAction":[{"@type":"SearchAction","target":{"@type":"EntryPoint","urlTemplate":"https:\/\/augstudy.com\/?s={search_term_string}"},"query-input":{"@type":"PropertyValueSpecification","valueRequired":true,"valueName":"search_term_string"}}],"inLanguage":"vi"}]}},"_links":{"self":[{"href":"https:\/\/augstudy.com\/vi\/wp-json\/wp\/v2\/pages\/342549","targetHints":{"allow":["GET"]}}],"collection":[{"href":"https:\/\/augstudy.com\/vi\/wp-json\/wp\/v2\/pages"}],"about":[{"href":"https:\/\/augstudy.com\/vi\/wp-json\/wp\/v2\/types\/page"}],"author":[{"embeddable":true,"href":"https:\/\/augstudy.com\/vi\/wp-json\/wp\/v2\/users\/4"}],"replies":[{"embeddable":true,"href":"https:\/\/augstudy.com\/vi\/wp-json\/wp\/v2\/comments?post=342549"}],"version-history":[{"count":0,"href":"https:\/\/augstudy.com\/vi\/wp-json\/wp\/v2\/pages\/342549\/revisions"}],"up":[{"embeddable":true,"href":"https:\/\/augstudy.com\/vi\/wp-json\/wp\/v2\/pages\/342550"}],"wp:featuredmedia":[{"embeddable":true,"href":"https:\/\/augstudy.com\/vi\/wp-json\/wp\/v2\/media\/386283"}],"wp:attachment":[{"href":"https:\/\/augstudy.com\/vi\/wp-json\/wp\/v2\/media?parent=342549"}],"curies":[{"name":"wp","href":"https:\/\/api.w.org\/{rel}","templated":true}]}}