{"id":337459,"date":"2022-04-16T11:26:41","date_gmt":"2022-04-16T01:26:41","guid":{"rendered":"https:\/\/augstudy.com\/?page_id=337459"},"modified":"2022-05-17T19:14:12","modified_gmt":"2022-05-17T09:14:12","slug":"the-young-writers-meet2022","status":"publish","type":"page","link":"https:\/\/augstudy.com\/vi\/malaysia\/the-young-writers-meet2022\/","title":{"rendered":"G\u1eb7p g\u1ee1 c\u00e1c nh\u00e0 v\u0103n tr\u1ebb (Cu\u1ed9c thi ti\u1ec3u lu\u1eadn 2022)"},"content":{"rendered":"<div class=\"vc_row wpb_row vc_row-fluid\"><div class=\"wpb_column vc_column_container vc_col-sm-12\"><div class=\"vc_column-inner\"><div class=\"wpb_wrapper\"><div class=\"vc_separator wpb_content_element vc_separator_align_center vc_sep_width_100 vc_sep_shadow vc_sep_pos_align_center vc_separator_no_text vc_sep_color_white\"><span class=\"vc_sep_holder vc_sep_holder_l\"><span  class=\"vc_sep_line\"><\/span><\/span><span class=\"vc_sep_holder vc_sep_holder_r\"><span  class=\"vc_sep_line\"><\/span><\/span>\n<\/div>\n\t<div class=\"wpb_text_column wpb_content_element\">\n\t\t<div class=\"wpb_wrapper\">\n\t\t\t<h2><strong>G\u1eb7p g\u1ee1 c\u00e1c nh\u00e0 v\u0103n tr\u1ebb (Cu\u1ed9c thi ti\u1ec3u lu\u1eadn 2022)<\/strong><\/h2>\n\n\t\t<\/div>\n\t<\/div>\n<div class=\"vc_separator wpb_content_element vc_separator_align_center vc_sep_width_100 vc_sep_shadow vc_sep_pos_align_center vc_separator_no_text vc_sep_color_white\"><span class=\"vc_sep_holder vc_sep_holder_l\"><span  class=\"vc_sep_line\"><\/span><\/span><span class=\"vc_sep_holder vc_sep_holder_r\"><span  class=\"vc_sep_line\"><\/span><\/span>\n<\/div>\n\t<div class=\"wpb_single_image wpb_content_element vc_align_center\">\n\t\t\n\t\t<figure class=\"wpb_wrapper vc_figure\">\n\t\t\t<div class=\"vc_single_image-wrapper   vc_box_border_grey\"><\/div>\n\t\t<\/figure>\n\t<\/div>\n\n\t<div class=\"wpb_text_column wpb_content_element\">\n\t\t<div class=\"wpb_wrapper\">\n\t\t\t\n\t\t<\/div>\n\t<\/div>\n<div class=\"vc_empty_space\"  style=\"height: 32px\" ><span class=\"vc_empty_space_inner\"><\/span><\/div>\n\n\t<div class=\"wpb_raw_code wpb_content_element wpb_raw_html\">\n\t\t<div class=\"wpb_wrapper\">\n\t\t\t<html> \n<body data-rsssl=1 lang=\"EN-US\" link=\"#0563C1\" vlink=\"#954F72\" style='word-wrap:break-word'><div class=\"WordSection1\"><p class=\"MsoNormal\" style='margin-bottom:0in'><b><span style='font-size:12.0pt;line-height:106%'>G\u1eb7p g\u1ee1 c\u00e1c nh\u00e0 v\u0103n tr\u1ebb<\/span><\/b><span style='font-size:12.0pt;line-height:106%'> <\/span>l\u00e0 m\u1ed9t cu\u1ed9c thi vi\u1ebft lu\u1eadn th\u00f4ng qua s\u1ef1 h\u1ee3p t\u00e1c gi\u1eefa D\u1ecbch v\u1ee5 Sinh vi\u00ean AUG v\u00e0 Gi\u00e1o d\u1ee5c To\u00e0n c\u1ea7u SIM nh\u1eb1m quy t\u1ee5 t\u1ea5t c\u1ea3 c\u00e1c nh\u00e0 v\u0103n c\u00f3 tham v\u1ecdng th\u1ec3 hi\u1ec7n ni\u1ec1m \u0111am m\u00ea vi\u1ebft l\u00e1ch c\u1ee7a h\u1ecd.<o:p><\/o:p><\/p><p class=\"MsoNormal\" style='margin-bottom:0in'><o:p>&nbsp;<\/o:p><\/p><p class=\"MsoNormal\" style='margin-bottom:0in'><b><span style='font-size:12.0pt;line-height:106%'>Ch\u1ee7 \u0111\u1ec1 b\u00e0i lu\u1eadn<o:p><\/o:p><\/span><\/b><\/p><p class=\"MsoNormal\" style='margin-bottom:0in'><i> \u201cN\u1ebfu t\u00f4i \u0111\u01b0\u1ee3c c\u1ea5p 1000 SGD \u0111\u1ec3 chi ti\u00eau \u1edf Singapore trong m\u1ed9t ng\u00e0y, t\u00f4i s\u1ebd\u2026\u201d <o:p><\/o:p><\/i><\/p><p class=\"MsoNormal\" style='margin-bottom:0in'>Vi\u1ebft \u0111o\u1ea1n v\u0103n b\u1eaft \u0111\u1ea7u b\u1eb1ng c\u00e2u tr\u00ean.<o:p><\/o:p><\/p><p class=\"MsoNormal\" style='margin-bottom:0in'><o:p>&nbsp;<\/o:p><\/p><p class=\"MsoNormal\" style='margin-bottom:0in'>Trong b\u00e0i lu\u1eadn c\u1ee7a b\u1ea1n, b\u1ea1n ph\u1ea3i: <o:p><\/o:p><\/p><ul style='margin-top:0in' type=\"disc\"><li class=\"MsoListParagraphCxSpFirst\" style='margin-bottom:0in;margin-left:0in;mso-add-space:auto;mso-list:l0 level1 lfo1'>M\u00f4 t\u1ea3 c\u00e1ch b\u1ea1n chi ti\u00eau 1000 SGD c\u1ee7a m\u00ecnh<o:p><\/o:p><\/li><li class=\"MsoListParagraphCxSpLast\" style='margin-bottom:0in;margin-left:0in;mso-add-space:auto;mso-list:l0 level1 lfo1'>Gi\u1ea3i th\u00edch v\u1ec1 t\u00e1c \u0111\u1ed9ng c\u1ee7a vi\u1ec7c chi ti\u00eau c\u1ee7a b\u1ea1n \u0111\u1ed1i v\u1edbi b\u1ea1n v\u00e0 nh\u1eefng ng\u01b0\u1eddi kh\u00e1c <o:p><\/o:p><\/li><\/ul><p class=\"MsoNormal\" style='margin-bottom:0in'><b><o:p>&nbsp;<\/o:p><\/b><\/p><p class=\"MsoNormal\" style='margin-bottom:0in'><b><span style='font-size:12.0pt;line-height:106%'>Th\u1eddi gian d\u1ef1 thi<o:p><\/o:p><\/span><\/b><\/p><p class=\"MsoNormal\" style='margin-bottom:0in'>15<sup>th<\/sup> Th\u00e1ng 6 n\u0103m 2022, 9 gi\u1edd s\u00e1ng \u0111\u1ebfn 15 gi\u1edd<sup>th<\/sup> Th\u00e1ng 7 n\u0103m 2022, 23:59<o:p><\/o:p><\/p><p class=\"MsoNormal\"><span style='mso-fareast-language:EN-US'><o:p>&nbsp;<\/o:p><\/span><\/p><\/div><\/body> <\/html>\n\n\t\t<\/div>\n\t<\/div>\n<div class=\"vc_tta-container\" data-vc-action=\"collapse\"><div class=\"vc_general vc_tta vc_tta-accordion vc_tta-color-grey vc_tta-style-classic vc_tta-shape-rounded vc_tta-o-shape-group vc_tta-controls-align-left\"><div class=\"vc_tta-panels-container\"><div class=\"vc_tta-panels\"><div class=\"vc_tta-panel vc_active\" id=\"1650073980642-71bb532a-246b\" data-vc-content=\".vc_tta-panel-body\"><div class=\"vc_tta-panel-heading\"><h4 class=\"vc_tta-panel-title vc_tta-controls-icon-position-left\"><a href=\"#1650073980642-71bb532a-246b\" data-vc-accordion data-vc-container=\".vc_tta-container\"><span class=\"vc_tta-title-text\">\u0110i\u1ec1u kho\u1ea3n gi\u1ea3i th\u01b0\u1edfng<\/span><i class=\"vc_tta-controls-icon vc_tta-controls-icon-plus\"><\/i><\/a><\/h4><\/div><div class=\"vc_tta-panel-body\">\n\t<div class=\"wpb_text_column wpb_content_element\">\n\t\t<div class=\"wpb_wrapper\">\n\t\t\t<p><strong>Qu\u00e1n qu\u00e2n:<\/strong> Apple MacBook Air (chip M1, 2020) 256GB<\/p>\n<p><strong>\u00c1 qu\u00e2n:<\/strong> Gh\u1ebf ch\u01a1i game b\u1eb1ng v\u1ea3i TTRacing Maxx Air Threads<\/p>\n<p><strong>Gi\u1ea3i Khuy\u1ebfn kh\u00edch x10:<\/strong> Phi\u1ebfu \u0111\u00e1nh gi\u00e1 lo\u1ea1i t\u00ednh c\u00e1ch MBTI<\/p>\n<p><strong>Tr\u01b0\u1eddng c\u00f3 nhi\u1ec1u b\u00e0i d\u1ef1 thi nh\u1ea5t x10:<\/strong> L\u1eddi m\u1eddi \u0111\u1eb7c bi\u1ec7t t\u1edbi H\u1ed9i ngh\u1ecb Nh\u00e0 gi\u00e1o d\u1ee5c SIM Malaysia<\/p>\n<ul>\n<li>Gi\u1ea3i th\u01b0\u1edfng kh\u00f4ng \u0111\u01b0\u1ee3c trao \u0111\u1ed5i, chuy\u1ec3n nh\u01b0\u1ee3ng ho\u1eb7c quy \u0111\u1ed5i d\u01b0\u1edbi b\u1ea5t k\u1ef3 h\u00ecnh th\u1ee9c n\u00e0o kh\u00e1c v\u00ec b\u1ea5t k\u1ef3 l\u00fd do g\u00ec.<\/li>\n<li>Gi\u1ea3i th\u01b0\u1edfng t\u00f9y thu\u1ed9c v\u00e0o t\u00ecnh tr\u1ea1ng s\u1eb5n c\u00f3 v\u00e0 Ban t\u1ed5 ch\u1ee9c c\u00f3 quy\u1ec1n thay th\u1ebf b\u1ea5t k\u1ef3 gi\u1ea3i th\u01b0\u1edfng n\u00e0o b\u1eb1ng gi\u1ea3i th\u01b0\u1edfng kh\u00e1c c\u00f3 gi\u00e1 tr\u1ecb t\u01b0\u01a1ng \u0111\u01b0\u01a1ng m\u00e0 kh\u00f4ng c\u1ea7n th\u00f4ng b\u00e1o tr\u01b0\u1edbc.<\/li>\n<li>Gi\u1ea3i th\u01b0\u1edfng c\u1ee7a cu\u1ed9c thi s\u1ebd do nh\u00e2n vi\u00ean AUG chuy\u1ec3n \u0111\u1ebfn trao t\u1ea1i tr\u01b0\u1eddng c\u1ee7a ng\u01b0\u1eddi chi\u1ebfn th\u1eafng. Vi\u1ec7c giao h\u00e0ng b\u1eb1ng chuy\u1ec3n ph\u00e1t nhanh s\u1ebd ch\u1ec9 \u0111\u01b0\u1ee3c th\u1ef1c hi\u1ec7n trong c\u00e1c tr\u01b0\u1eddng h\u1ee3p \u0111\u1eb7c bi\u1ec7t nh\u01b0 kho\u1ea3ng c\u00e1ch kh\u00f4ng h\u1ee3p l\u00fd t\u1eeb \u0111\u1ecba \u0111i\u1ec3m v\u0103n ph\u00f2ng, kh\u00f4ng c\u00f3 s\u1eb5n v\u00ec m\u1ee5c \u0111\u00edch kh\u1ea9n c\u1ea5p, v.v.<\/li>\n<li>Ban t\u1ed5 ch\u1ee9c v\u00e0 \u0111\u1ed1i t\u00e1c c\u1ee7a m\u00ecnh c\u00f3 quy\u1ec1n s\u1eed d\u1ee5ng b\u1ea5t k\u1ef3 b\u1ee9c \u1ea3nh n\u00e0o, h\u00ecnh \u1ea3nh chuy\u1ec3n \u0111\u1ed9ng, b\u1ea3n ghi \u00e2m ho\u1eb7c b\u1ea5t k\u1ef3 h\u1ed3 s\u01a1 truy\u1ec1n th\u00f4ng n\u00e0o kh\u00e1c c\u1ee7a Cu\u1ed9c thi (bao g\u1ed3m c\u1ea3 c\u1ee7a Ng\u01b0\u1eddi tham gia), cho b\u1ea5t k\u1ef3 m\u1ee5c \u0111\u00edch h\u1ee3p ph\u00e1p n\u00e0o bao g\u1ed3m qu\u1ea3ng c\u00e1o th\u01b0\u01a1ng m\u1ea1i v\u00e0 ph\u00e2n ph\u1ed1i cho c\u00e1c nh\u00e0 t\u00e0i tr\u1ee3 \u1edf b\u1ea5t k\u1ef3 \u0111\u00e2u tr\u00ean th\u1ebf gi\u1edbi m\u00e0 kh\u00f4ng c\u1ea7n b\u1ea5t k\u1ef3 th\u00f4ng b\u00e1o n\u00e0o v\u00e0\/ho\u1eb7c thanh to\u00e1n cho Ng\u01b0\u1eddi tham gia.<\/li>\n<li>B\u1eb1ng c\u00e1ch g\u1eedi B\u00e0i d\u1ef1 thi, ng\u01b0\u1eddi tham gia \u0111\u01b0\u1ee3c coi l\u00e0 \u0111\u00e3 \u0111\u1ecdc, hi\u1ec3u, ch\u1ea5p nh\u1eadn v\u00e0 \u0111\u1ed3ng \u00fd b\u1ecb r\u00e0ng bu\u1ed9c b\u1edfi c\u00e1c \u0110i\u1ec1u kho\u1ea3n v\u00e0 \u0110i\u1ec1u ki\u1ec7n c\u1ee7a Cu\u1ed9c thi.<\/li>\n<li>Quy\u1ebft \u0111\u1ecbnh c\u1ee7a Ban t\u1ed5 ch\u1ee9c l\u00e0 quy\u1ebft \u0111\u1ecbnh cu\u1ed1i c\u00f9ng. Kh\u00f4ng c\u00f3 th\u1eafc m\u1eafc, b\u1eb1ng l\u1eddi n\u00f3i ho\u1eb7c b\u1eb1ng v\u0103n b\u1ea3n, s\u1ebd \u0111\u01b0\u1ee3c gi\u1ea3i quy\u1ebft.<\/li>\n<\/ul>\n\n\t\t<\/div>\n\t<\/div>\n<\/div><\/div><div class=\"vc_tta-panel\" id=\"1650073306480-83242327-da88\" data-vc-content=\".vc_tta-panel-body\"><div class=\"vc_tta-panel-heading\"><h4 class=\"vc_tta-panel-title vc_tta-controls-icon-position-left\"><a href=\"#1650073306480-83242327-da88\" data-vc-accordion data-vc-container=\".vc_tta-container\"><span class=\"vc_tta-title-text\">\u0110\u1ee7 \u0111i\u1ec1u ki\u1ec7n v\u00e0 \u0111i\u1ec1u ki\u1ec7n nh\u1eadp c\u1ea3nh<\/span><i class=\"vc_tta-controls-icon vc_tta-controls-icon-plus\"><\/i><\/a><\/h4><\/div><div class=\"vc_tta-panel-body\">\n\t<div class=\"wpb_text_column wpb_content_element\">\n\t\t<div class=\"wpb_wrapper\">\n\t\t\t<ul>\n<li>D\u00e0nh cho t\u1ea5t c\u1ea3 h\u1ecdc sinh t\u1eeb 15 \u0111\u1ebfn 18 tu\u1ed5i (n\u0103m 2022) hi\u1ec7n \u0111ang c\u01b0 tr\u00fa t\u1ea1i Malaysia.<\/li>\n<li>B\u00e0i lu\u1eadn ph\u1ea3i t\u1eeb 500 \u0111\u1ebfn 800 t\u1eeb. C\u00e1c b\u00e0i lu\u1eadn c\u00f3 s\u1ed1 t\u1eeb d\u01b0\u1edbi 500 ho\u1eb7c v\u01b0\u1ee3t qu\u00e1 800 s\u1ebd b\u1ecb lo\u1ea1i.<\/li>\n<li>B\u00e0i lu\u1eadn ph\u1ea3i \u0111\u01b0\u1ee3c g\u1eedi d\u01b0\u1edbi d\u1ea1ng t\u00e0i li\u1ec7u Word\/PDF. N\u1ebfu b\u00e0i lu\u1eadn c\u1ee7a b\u1ea1n \u0111\u01b0\u1ee3c vi\u1ebft tay, vui l\u00f2ng qu\u00e9t th\u00e0nh t\u00e0i li\u1ec7u PDF. Kh\u00f4ng c\u00f3 b\u00e0i n\u1ed9p b\u1ea3n c\u1ee9ng b\u1eb1ng v\u0103n b\u1ea3n s\u1ebd \u0111\u01b0\u1ee3c ch\u1ea5p nh\u1eadn.<\/li>\n<li>T\u1ea5t c\u1ea3 c\u00e1c m\u1ee5c ph\u1ea3i \u0111\u01b0\u1ee3c vi\u1ebft b\u1eb1ng ti\u1ebfng Anh v\u00e0 \u0111\u01b0\u1ee3c t\u1ea3i l\u00ean tr\u1ef1c tuy\u1ebfn th\u00f4ng qua <a href=\"https:\/\/augstudy.com\/vi\/malaysia-2\/the-young-writers-meet2022\/\">https:\/\/augstudy.com\/malaysia\/the-young-writers-meet2022<\/a><\/li>\n<li>Vi\u1ec7c tham gia s\u1ebd k\u1ebft th\u00fac v\u00e0o ng\u00e0y 15 th\u00e1ng 7 n\u0103m 2022, 11:59 t\u1ed1i. C\u00e1c b\u00e0i lu\u1eadn nh\u1eadn \u0111\u01b0\u1ee3c sau th\u1eddi h\u1ea1n s\u1ebd t\u1ef1 \u0111\u1ed9ng b\u1ecb lo\u1ea1i.<\/li>\n<li>B\u00e0i lu\u1eadn ph\u1ea3i l\u00e0 t\u00e1c ph\u1ea9m c\u1ee7a ch\u00ednh b\u1ea1n, \u0111\u01b0\u1ee3c ho\u00e0n th\u00e0nh m\u00e0 kh\u00f4ng c\u1ea7n s\u1ef1 tr\u1ee3 gi\u00fap v\u00e0 kh\u00f4ng c\u00f3 ph\u1ea7n n\u00e0o \u0111\u01b0\u1ee3c sao ch\u00e9p t\u1eeb internet ho\u1eb7c c\u00e1c ngu\u1ed3n kh\u00e1c.<\/li>\n<li>M\u1ed7i ng\u01b0\u1eddi tham gia ch\u1ec9 \u0111\u01b0\u1ee3c ph\u00e9p g\u1eedi M\u1ed8T (1) b\u00e0i lu\u1eadn.<\/li>\n<li>Nh\u1eefng ng\u01b0\u1eddi chi\u1ebfn th\u1eafng d\u1ef1 ki\u1ebfn s\u1ebd th\u1ec3 hi\u1ec7n s\u1ef1 \u0111\u1ed9c \u0111\u00e1o v\u00e0 tinh t\u1ebf, s\u00e1ng t\u1ea1o trong c\u00e1ch vi\u1ebft v\u00e0 s\u1eed d\u1ee5ng th\u00e0nh th\u1ea1o ti\u1ebfng Anh nh\u01b0 m\u1ed9t ng\u00f4n ng\u1eef vi\u1ebft. \u0110i\u1ec1u n\u00e0y bao g\u1ed3m ti\u00eau chu\u1ea9n t\u1ed1t v\u1ec1 ch\u00ednh t\u1ea3, ng\u1eef ph\u00e1p v\u00e0 d\u1ea5u c\u00e2u.<\/li>\n<li>Quy\u1ebft \u0111\u1ecbnh c\u1ee7a Th\u1ea9m ph\u00e1n l\u00e0 quy\u1ebft \u0111\u1ecbnh cu\u1ed1i c\u00f9ng v\u00e0 kh\u00f4ng \u0111\u01b0\u1ee3c gi\u1ea3i quy\u1ebft kh\u00e1ng c\u00e1o b\u1eb1ng l\u1eddi n\u00f3i ho\u1eb7c b\u1eb1ng v\u0103n b\u1ea3n.<\/li>\n<li>T\u1ea5t c\u1ea3 nh\u1eefng ng\u01b0\u1eddi chi\u1ebfn th\u1eafng s\u1ebd nh\u1eadn \u0111\u01b0\u1ee3c Gi\u1ea5y ch\u1ee9ng nh\u1eadn Gi\u1ea3i th\u01b0\u1edfng v\u00e0 t\u1ea5t c\u1ea3 nh\u1eefng ng\u01b0\u1eddi tham gia kh\u00e1c s\u1ebd nh\u1eadn \u0111\u01b0\u1ee3c Gi\u1ea5y ch\u1ee9ng nh\u1eadn tham gia.<\/li>\n<li>Ng\u01b0\u1eddi chi\u1ebfn th\u1eafng gi\u1ea3i th\u01b0\u1edfng c\u1ee7a cu\u1ed9c thi s\u1ebd \u0111\u01b0\u1ee3c c\u00f4ng b\u1ed1 v\u00e0o ng\u00e0y 6 th\u00e1ng 8 n\u0103m 2022 th\u00f4ng qua n\u1ec1n t\u1ea3ng Zoom. T\u1ea5t c\u1ea3 nh\u1eefng ng\u01b0\u1eddi tham gia s\u1ebd \u0111\u01b0\u1ee3c g\u1eedi email tr\u01b0\u1edbc v\u00e0o th\u1eddi \u0111i\u1ec3m ch\u00ednh x\u00e1c c\u1ee7a th\u00f4ng b\u00e1o qua email. Nh\u1eefng n\u1ed7 l\u1ef1c h\u1ee3p l\u00fd s\u1ebd \u0111\u01b0\u1ee3c th\u1ef1c hi\u1ec7n \u0111\u1ec3 li\u00ean h\u1ec7 v\u1edbi (nh\u1eefng) ng\u01b0\u1eddi \u0111o\u1ea1t gi\u1ea3i trong 14 ng\u00e0y ti\u1ebfp theo sau khi th\u00f4ng b\u00e1o. N\u1ebfu ng\u01b0\u1eddi chi\u1ebfn th\u1eafng kh\u00f4ng ph\u1ea3n h\u1ed3i c\u00e1c n\u1ed7 l\u1ef1c th\u00f4ng b\u00e1o c\u1ee7a ch\u00fang t\u00f4i ho\u1eb7c kh\u00f4ng th\u1ec3 tu\u00e2n th\u1ee7 c\u00e1c \u0111i\u1ec1u kho\u1ea3n v\u00e0 \u0111i\u1ec1u ki\u1ec7n c\u1ee7a cu\u1ed9c thi, ch\u00fang t\u00f4i c\u00f3 quy\u1ec1n lo\u1ea1i ng\u01b0\u1eddi \u0111\u0103ng k\u00fd \u0111\u00f3 v\u00e0 trao gi\u1ea3i th\u01b0\u1edfng cho ng\u01b0\u1eddi \u0111\u0103ng k\u00fd \u0111\u1ee7 \u0111i\u1ec1u ki\u1ec7n ti\u1ebfp theo v\u00e0 sau \u0111\u00f3 cho \u0111\u1ebfn khi t\u00ecm th\u1ea5y ng\u01b0\u1eddi chi\u1ebfn th\u1eafng.<\/li>\n<li>D\u1ecbch v\u1ee5 Sinh vi\u00ean AUG v\u00e0 Gi\u00e1o d\u1ee5c To\u00e0n c\u1ea7u SIM c\u00f3 quy\u1ec1n s\u1eeda \u0111\u1ed5i, ch\u1ea5m d\u1ee9t ho\u1eb7c b\u1ed5 sung c\u00e1c \u0111i\u1ec1u kho\u1ea3n v\u00e0 \u0111i\u1ec1u ki\u1ec7n v\u00e0o b\u1ea5t k\u1ef3 l\u00fac n\u00e0o b\u1eb1ng c\u00e1ch \u0111\u0103ng th\u00f4ng b\u00e1o tr\u00ean trang web li\u00ean quan ho\u1eb7c b\u1ea5t k\u1ef3 khu v\u1ef1c \u0111\u01b0\u1ee3c ch\u1ec9 \u0111\u1ecbnh n\u00e0o.<\/li>\n<li>D\u1ecbch v\u1ee5 Sinh vi\u00ean AUG v\u00e0 SIM Global Education s\u1ebd kh\u00f4ng ch\u1ecbu tr\u00e1ch nhi\u1ec7m ho\u1eb7c ngh\u0129a v\u1ee5 ph\u00e1p l\u00fd \u0111\u1ed1i v\u1edbi b\u1ea5t k\u1ef3 s\u1ef1 ch\u1eadm tr\u1ec5 v\u00e0\/ho\u1eb7c kh\u00f4ng th\u1ec3 tham gia cu\u1ed9c thi n\u00e0y v\u00ec b\u1ea5t k\u1ef3 l\u00fd do n\u00e0o ngo\u00e0i t\u1ea7m ki\u1ec3m so\u00e1t c\u1ee7a ban t\u1ed5 ch\u1ee9c.<\/li>\n<li>Ng\u01b0\u1eddi tham gia \u0111\u1ed3ng \u00fd v\u00e0 \u0111\u1ed3ng \u00fd cho D\u1ecbch v\u1ee5 Sinh vi\u00ean AUG v\u00e0 SIM Global Education s\u1eed d\u1ee5ng b\u1ea5t k\u1ef3 d\u1eef li\u1ec7u c\u00e1 nh\u00e2n n\u00e0o do ng\u01b0\u1eddi tham gia cung c\u1ea5p cho m\u1ee5c \u0111\u00edch tham gia cu\u1ed9c thi n\u00e0y theo \u0110\u1ea1o lu\u1eadt b\u1ea3o v\u1ec7 d\u1eef li\u1ec7u c\u00e1 nh\u00e2n n\u0103m 2010 v\u00e0 c\u00e1c lu\u1eadt hi\u1ec7n h\u00e0nh kh\u00e1c, \u0111\u1ed1i v\u1edbi trong ph\u1ea1m vi m\u00e0 m\u1ecdi d\u1eef li\u1ec7u c\u00e1 nh\u00e2n \u0111\u01b0\u1ee3c cung c\u1ea5p s\u1ebd \u0111\u01b0\u1ee3c D\u1ecbch v\u1ee5 Sinh vi\u00ean AUG v\u00e0 SIM Global Education x\u1eed l\u00fd v\u00e0 s\u1eed d\u1ee5ng cho m\u1ee5c \u0111\u00edch h\u1ee3p ph\u00e1p li\u00ean quan tr\u1ef1c ti\u1ebfp \u0111\u1ebfn vi\u1ec7c t\u1ed5 ch\u1ee9c Cu\u1ed9c thi n\u00e0y, bao g\u1ed3m nh\u01b0ng kh\u00f4ng gi\u1edbi h\u1ea1n \u1edf c\u00e1c m\u1ee5c \u0111\u00edch c\u1ee7a s\u1ef1 ki\u1ec7n khuy\u1ebfn m\u00e3i, qu\u1ea3ng c\u00e1o, ti\u1ebfp th\u1ecb v\u00e0 m\u1ecdi v\u1ea5n \u0111\u1ec1 h\u00e0nh ch\u00ednh .<\/li>\n<\/ul>\n\n\t\t<\/div>\n\t<\/div>\n<\/div><\/div><\/div><\/div><\/div><\/div>\n\t<div class=\"wpb_text_column wpb_content_element\">\n\t\t<div class=\"wpb_wrapper\">\n\t\t\t<p>\u0110\u1ec3 bi\u1ebft th\u00eam th\u00f4ng tin, vui l\u00f2ng li\u00ean h\u1ec7 Ph\u00f2ng D\u1ecbch v\u1ee5 Sinh vi\u00ean AUG theo s\u1ed1 012-969 9486.<\/p>\n\n\t\t<\/div>\n\t<\/div>\n<div class=\"vc_btn3-container vc_btn3-center\"><a class=\"vc_general vc_btn3 vc_btn3-size-md vc_btn3-shape-rounded vc_btn3-style-modern vc_btn3-color-primary\" href=\"https:\/\/forms.gle\/RLo8mARpxFYU2H1A9\" title=\"\" target=\"_blank\" rel=\"nofollow\">G\u1eedi b\u00e0i lu\u1eadn c\u1ee7a b\u1ea1n b\u00e2y gi\u1edd!<\/a><\/div>\n<\/div><\/div><\/div><\/div><div class=\"vc_row wpb_row vc_row-fluid\"><div class=\"wpb_column vc_column_container vc_col-sm-12\"><div class=\"vc_column-inner\"><div class=\"wpb_wrapper\"><\/div><\/div><\/div><\/div>","protected":false},"excerpt":{"rendered":"The Young Writers\u2019 Meet (Essay Competition 2022) The Young Writers&#8217; Meet is an essay competition through the collaboration between AUG Student Services and SIM Global Education to bring together all aspiring writers to showcase their passion for writing.&nbsp;Essay Topic &#8220;If I were given SGD1000 to spend in Singapore for a day, I would&#8230;&#8221; Write an [...]","protected":false},"author":5,"featured_media":0,"parent":2279,"menu_order":0,"comment_status":"closed","ping_status":"closed","template":"","meta":{"footnotes":""},"class_list":["post-337459","page","type-page","status-publish","hentry"],"yoast_head":"<!-- This site is optimized with the Yoast SEO Premium plugin v27.0 (Yoast SEO v27.3) - https:\/\/yoast.com\/product\/yoast-seo-premium-wordpress\/ -->\n<title>The Young Writers\u2019 Meet (Essay Competition 2022) - AUG Student Services<\/title>\n<meta name=\"description\" content=\"Free counselling for university selection, scholarships and visa applications. Let AUG Student Services fast-track your study-abroad journey today.\" \/>\n<meta name=\"robots\" content=\"index, follow, max-snippet:-1, max-image-preview:large, max-video-preview:-1\" \/>\n<link rel=\"canonical\" href=\"https:\/\/augstudy.com\/vi\/malaysia-2\/the-young-writers-meet2022\/\" \/>\n<meta property=\"og:locale\" content=\"vi_VN\" \/>\n<meta property=\"og:type\" content=\"article\" \/>\n<meta property=\"og:title\" content=\"The Young Writers\u2019 Meet (Essay Competition 2022)\" \/>\n<meta property=\"og:description\" content=\"Free counselling for university selection, scholarships and visa applications. Let AUG Student Services fast-track your study-abroad journey today.\" \/>\n<meta property=\"og:url\" content=\"https:\/\/augstudy.com\/vi\/malaysia-2\/the-young-writers-meet2022\/\" \/>\n<meta property=\"og:site_name\" content=\"AUG Student Services\" \/>\n<meta property=\"article:publisher\" content=\"https:\/\/www.facebook.com\/augmalaysia\/\" \/>\n<meta property=\"article:modified_time\" content=\"2022-05-17T09:14:12+00:00\" \/>\n<meta name=\"twitter:card\" content=\"summary_large_image\" \/>\n<meta name=\"twitter:label1\" content=\"\u01af\u1edbc t\u00ednh th\u1eddi gian \u0111\u1ecdc\" \/>\n\t<meta name=\"twitter:data1\" content=\"6 ph\u00fat\" \/>\n<script type=\"application\/ld+json\" class=\"yoast-schema-graph\">{\"@context\":\"https:\\\/\\\/schema.org\",\"@graph\":[{\"@type\":\"WebPage\",\"@id\":\"https:\\\/\\\/augstudy.com\\\/malaysia\\\/the-young-writers-meet2022\\\/\",\"url\":\"https:\\\/\\\/augstudy.com\\\/malaysia\\\/the-young-writers-meet2022\\\/\",\"name\":\"The Young Writers\u2019 Meet (Essay Competition 2022) - AUG Student Services\",\"isPartOf\":{\"@id\":\"https:\\\/\\\/augstudy.com\\\/#website\"},\"datePublished\":\"2022-04-16T01:26:41+00:00\",\"dateModified\":\"2022-05-17T09:14:12+00:00\",\"description\":\"Free counselling for university selection, scholarships and visa applications. Let AUG Student Services fast-track your study-abroad journey today.\",\"breadcrumb\":{\"@id\":\"https:\\\/\\\/augstudy.com\\\/malaysia\\\/the-young-writers-meet2022\\\/#breadcrumb\"},\"inLanguage\":\"vi\",\"potentialAction\":[{\"@type\":\"ReadAction\",\"target\":[\"https:\\\/\\\/augstudy.com\\\/malaysia\\\/the-young-writers-meet2022\\\/\"]}]},{\"@type\":\"BreadcrumbList\",\"@id\":\"https:\\\/\\\/augstudy.com\\\/malaysia\\\/the-young-writers-meet2022\\\/#breadcrumb\",\"itemListElement\":[{\"@type\":\"ListItem\",\"position\":1,\"name\":\"Home\",\"item\":\"https:\\\/\\\/augstudy.com\\\/\"},{\"@type\":\"ListItem\",\"position\":2,\"name\":\"AUG Malaysia\",\"item\":\"https:\\\/\\\/augstudy.com\\\/malaysia\\\/\"},{\"@type\":\"ListItem\",\"position\":3,\"name\":\"The Young Writers\u2019 Meet (Essay Competition 2022)\"}]},{\"@type\":\"WebSite\",\"@id\":\"https:\\\/\\\/augstudy.com\\\/#website\",\"url\":\"https:\\\/\\\/augstudy.com\\\/\",\"name\":\"AUG Student Services\",\"description\":\"Student Services\",\"alternateName\":\"AUG Global\",\"potentialAction\":[{\"@type\":\"SearchAction\",\"target\":{\"@type\":\"EntryPoint\",\"urlTemplate\":\"https:\\\/\\\/augstudy.com\\\/?s={search_term_string}\"},\"query-input\":{\"@type\":\"PropertyValueSpecification\",\"valueRequired\":true,\"valueName\":\"search_term_string\"}}],\"inLanguage\":\"vi\"}]}<\/script>\n<!-- \/ Yoast SEO Premium plugin. -->","yoast_head_json":{"title":"The Young Writers\u2019 Meet (Essay Competition 2022) - AUG Student Services","description":"T\u01b0 v\u1ea5n mi\u1ec5n ph\u00ed v\u1ec1 ch\u1ecdn tr\u01b0\u1eddng \u0111\u1ea1i h\u1ecdc, h\u1ecdc b\u1ed5ng v\u00e0 xin th\u1ecb th\u1ef1c. H\u00e3y \u0111\u1ec3 D\u1ecbch v\u1ee5 Sinh vi\u00ean AUG gi\u00fap b\u1ea1n nhanh ch\u00f3ng ho\u00e0n th\u00e0nh h\u00e0nh tr\u00ecnh du h\u1ecdc ngay h\u00f4m nay.","robots":{"index":"index","follow":"follow","max-snippet":"max-snippet:-1","max-image-preview":"max-image-preview:large","max-video-preview":"max-video-preview:-1"},"canonical":"https:\/\/augstudy.com\/vi\/malaysia-2\/the-young-writers-meet2022\/","og_locale":"vi_VN","og_type":"article","og_title":"The Young Writers\u2019 Meet (Essay Competition 2022)","og_description":"Free counselling for university selection, scholarships and visa applications. Let AUG Student Services fast-track your study-abroad journey today.","og_url":"https:\/\/augstudy.com\/vi\/malaysia-2\/the-young-writers-meet2022\/","og_site_name":"AUG Student Services","article_publisher":"https:\/\/www.facebook.com\/augmalaysia\/","article_modified_time":"2022-05-17T09:14:12+00:00","twitter_card":"summary_large_image","twitter_misc":{"\u01af\u1edbc t\u00ednh th\u1eddi gian \u0111\u1ecdc":"6 ph\u00fat"},"schema":{"@context":"https:\/\/schema.org","@graph":[{"@type":"WebPage","@id":"https:\/\/augstudy.com\/malaysia\/the-young-writers-meet2022\/","url":"https:\/\/augstudy.com\/malaysia\/the-young-writers-meet2022\/","name":"The Young Writers\u2019 Meet (Essay Competition 2022) - AUG Student Services","isPartOf":{"@id":"https:\/\/augstudy.com\/#website"},"datePublished":"2022-04-16T01:26:41+00:00","dateModified":"2022-05-17T09:14:12+00:00","description":"T\u01b0 v\u1ea5n mi\u1ec5n ph\u00ed v\u1ec1 ch\u1ecdn tr\u01b0\u1eddng \u0111\u1ea1i h\u1ecdc, h\u1ecdc b\u1ed5ng v\u00e0 xin th\u1ecb th\u1ef1c. H\u00e3y \u0111\u1ec3 D\u1ecbch v\u1ee5 Sinh vi\u00ean AUG gi\u00fap b\u1ea1n nhanh ch\u00f3ng ho\u00e0n th\u00e0nh h\u00e0nh tr\u00ecnh du h\u1ecdc ngay h\u00f4m nay.","breadcrumb":{"@id":"https:\/\/augstudy.com\/malaysia\/the-young-writers-meet2022\/#breadcrumb"},"inLanguage":"vi","potentialAction":[{"@type":"ReadAction","target":["https:\/\/augstudy.com\/malaysia\/the-young-writers-meet2022\/"]}]},{"@type":"BreadcrumbList","@id":"https:\/\/augstudy.com\/malaysia\/the-young-writers-meet2022\/#breadcrumb","itemListElement":[{"@type":"ListItem","position":1,"name":"Home","item":"https:\/\/augstudy.com\/"},{"@type":"ListItem","position":2,"name":"AUG Malaysia","item":"https:\/\/augstudy.com\/malaysia\/"},{"@type":"ListItem","position":3,"name":"The Young Writers\u2019 Meet (Essay Competition 2022)"}]},{"@type":"WebSite","@id":"https:\/\/augstudy.com\/#website","url":"https:\/\/augstudy.com\/","name":"D\u1ecbch v\u1ee5 Sinh vi\u00ean AUG","description":"D\u1ecbch v\u1ee5 sinh vi\u00ean","alternateName":"AUG Global","potentialAction":[{"@type":"SearchAction","target":{"@type":"EntryPoint","urlTemplate":"https:\/\/augstudy.com\/?s={search_term_string}"},"query-input":{"@type":"PropertyValueSpecification","valueRequired":true,"valueName":"search_term_string"}}],"inLanguage":"vi"}]}},"_links":{"self":[{"href":"https:\/\/augstudy.com\/vi\/wp-json\/wp\/v2\/pages\/337459","targetHints":{"allow":["GET"]}}],"collection":[{"href":"https:\/\/augstudy.com\/vi\/wp-json\/wp\/v2\/pages"}],"about":[{"href":"https:\/\/augstudy.com\/vi\/wp-json\/wp\/v2\/types\/page"}],"author":[{"embeddable":true,"href":"https:\/\/augstudy.com\/vi\/wp-json\/wp\/v2\/users\/5"}],"replies":[{"embeddable":true,"href":"https:\/\/augstudy.com\/vi\/wp-json\/wp\/v2\/comments?post=337459"}],"version-history":[{"count":0,"href":"https:\/\/augstudy.com\/vi\/wp-json\/wp\/v2\/pages\/337459\/revisions"}],"up":[{"embeddable":true,"href":"https:\/\/augstudy.com\/vi\/wp-json\/wp\/v2\/pages\/2279"}],"wp:attachment":[{"href":"https:\/\/augstudy.com\/vi\/wp-json\/wp\/v2\/media?parent=337459"}],"curies":[{"name":"wp","href":"https:\/\/api.w.org\/{rel}","templated":true}]}}