{"id":327424,"date":"2021-12-10T18:43:52","date_gmt":"2021-12-10T07:43:52","guid":{"rendered":"https:\/\/augstudy.com\/?page_id=327424"},"modified":"2021-12-10T19:54:44","modified_gmt":"2021-12-10T08:54:44","slug":"dec21-becoming-a-lawyer","status":"publish","type":"page","link":"https:\/\/augstudy.com\/vi\/malaysia\/newsletter\/dec21-becoming-a-lawyer\/","title":{"rendered":"Lu\u1eadt s\u01b0 Ph\u1ea7n 1: S\u01a1 l\u01b0\u1ee3c v\u1ec1 vi\u1ec7c tr\u1edf th\u00e0nh lu\u1eadt s\u01b0"},"content":{"rendered":"<div class=\"vc_row wpb_row vc_row-fluid aug_margin_top_30\"><div class=\"aug_float_right_important aug_content_left_border wpb_column vc_column_container vc_col-sm-8\"><div class=\"vc_column-inner\"><div class=\"wpb_wrapper\">\n\t<div class=\"wpb_text_column wpb_content_element\">\n\t\t<div class=\"wpb_wrapper\">\n\t\t\t<h1 style=\"text-align: center;\">Ch\u00e0o m\u1eebng \u0111\u1ebfn v\u1edbi AUG Highlightz th\u00e1ng 12!<\/h1>\n\n\t\t<\/div>\n\t<\/div>\n\n\t<div class=\"wpb_single_image wpb_content_element vc_align_center\">\n\t\t\n\t\t<figure class=\"wpb_wrapper vc_figure\">\n\t\t\t<div class=\"vc_single_image-wrapper   vc_box_border_grey\"><img loading=\"lazy\" decoding=\"async\" width=\"1024\" height=\"348\" src=\"https:\/\/augstudy.com\/aug-website-files\/wp-content\/uploads\/2021\/12\/Lawyer-01-1024x348.jpg\" class=\"vc_single_image-img attachment-large\" alt=\"\" srcset=\"https:\/\/augstudy.com\/aug-website-files\/wp-content\/uploads\/2021\/12\/Lawyer-01-1024x348.jpg 1024w, https:\/\/augstudy.com\/aug-website-files\/wp-content\/uploads\/2021\/12\/Lawyer-01-300x102.jpg 300w, https:\/\/augstudy.com\/aug-website-files\/wp-content\/uploads\/2021\/12\/Lawyer-01-768x261.jpg 768w, https:\/\/augstudy.com\/aug-website-files\/wp-content\/uploads\/2021\/12\/Lawyer-01-1536x522.jpg 1536w, https:\/\/augstudy.com\/aug-website-files\/wp-content\/uploads\/2021\/12\/Lawyer-01-2048x696.jpg 2048w, https:\/\/augstudy.com\/aug-website-files\/wp-content\/uploads\/2021\/12\/Lawyer-01.jpg 1920w\" sizes=\"auto, (max-width: 1024px) 100vw, 1024px\" \/><\/div>\n\t\t<\/figure>\n\t<\/div>\n\n\t<div class=\"wpb_text_column wpb_content_element\">\n\t\t<div class=\"wpb_wrapper\">\n\t\t\t<p>B\u1ea1n b\u1ecb c\u00e1m d\u1ed7 theo \u0111u\u1ed5i t\u1ea5m b\u1eb1ng lu\u1eadt v\u1edbi \u00fd ngh\u0129 ki\u1ebfm \u0111\u01b0\u1ee3c nhi\u1ec1u ti\u1ec1n? H\u00e3y t\u1ef1 h\u1ecfi b\u1ea3n th\u00e2n nh\u1eefng c\u00e2u h\u1ecfi n\u00e0y tr\u01b0\u1edbc khi c\u00e2n nh\u1eafc s\u1ef1 nghi\u1ec7p lu\u1eadt s\u01b0 trong t\u01b0\u01a1ng lai c\u1ee7a b\u1ea1n:<\/p>\n<ul>\n<li>B\u1ea1n c\u00f3 gi\u1ecfi trong vi\u1ec7c g\u00e2y \u1ea3nh h\u01b0\u1edfng v\u00e0 thuy\u1ebft ph\u1ee5c ng\u01b0\u1eddi kh\u00e1c kh\u00f4ng?<\/li>\n<li>B\u1ea1n c\u00f3 ni\u1ec1m \u0111am m\u00ea b\u1ea3o v\u1ec7 c\u00f4ng l\u00fd v\u00e0 gi\u00fap \u0111\u1ee1 nh\u1eefng ng\u01b0\u1eddi k\u00e9m may m\u1eafn?<\/li>\n<li>B\u1ea1n c\u00f3 d\u1ef1 \u0111\u1ecbnh tham gia v\u00e0o s\u1ef1 nghi\u1ec7p t\u01b0\u01a1ng lai c\u1ee7a m\u00ecnh trong c\u1ea3 l\u0129nh v\u1ef1c kinh doanh v\u00e0 ph\u00e1p l\u00fd kh\u00f4ng?<\/li>\n<\/ul>\n<p>N\u1ebfu c\u00e2u tr\u1ea3 l\u1eddi c\u1ee7a b\u1ea1n l\u00e0 \u201cC\u00d3!\u201d, \u0111\u00e2y l\u00e0 m\u1ed9t c\u00e1i nh\u00ecn s\u01a1 l\u01b0\u1ee3c v\u1ec1 nh\u1eefng g\u00ec b\u1ea1n s\u1ebd g\u1eb7p ph\u1ea3i trong qu\u00e1 tr\u00ecnh h\u1ecdc t\u1eadp v\u00e0 ngh\u1ec1 nghi\u1ec7p trong t\u01b0\u01a1ng lai c\u1ee7a m\u00ecnh.<\/p>\n<p>&nbsp;<\/p>\n<p>Ph\u00e1p lu\u1eadt l\u00e0 h\u1ec7 th\u1ed1ng c\u00e1c quy t\u1eafc \u0111\u01b0\u1ee3c t\u1ea1o ra \u0111\u1ec3 \u0111i\u1ec1u ch\u1ec9nh h\u00e0nh vi c\u1ee7a c\u00f4ng d\u00e2n. \u0110i\u1ec1u c\u1ea7n thi\u1ebft l\u00e0 \u0111\u1ea3m b\u1ea3o m\u1ecdi ng\u01b0\u1eddi h\u00e0nh \u0111\u1ed9ng \u0111\u00fang v\u00e0 \u0111\u01b0\u1ee3c an to\u00e0n tr\u01b0\u1edbc nguy hi\u1ec3m. Do \u0111\u00f3, lu\u1eadt s\u01b0, nh\u1eefng ng\u01b0\u1eddi c\u00f3 tr\u00ecnh \u0111\u1ed9 chuy\u00ean m\u00f4n \u0111\u1ec3 \u0111\u01b0a ra l\u1eddi khuy\u00ean v\u1ec1 ph\u00e1p lu\u1eadt ho\u1eb7c \u0111\u1ea1i di\u1ec7n cho ai \u0111\u00f3 trong c\u00e1c v\u1ea5n \u0111\u1ec1 ph\u00e1p l\u00fd, l\u00e0 m\u1ed9t b\u1ed9 ph\u1eadn quan tr\u1ecdng c\u1ee7a ph\u00e1p lu\u1eadt v\u00e0 l\u00e0 x\u01b0\u01a1ng s\u1ed1ng c\u1ee7a h\u1ec7 th\u1ed1ng ph\u00e1p lu\u1eadt. \u1ede Malaysia, lu\u1eadt s\u01b0 chuy\u00ean l\u00e0m ng\u01b0\u1eddi b\u00e0o ch\u1eefa ho\u1eb7c lu\u1eadt s\u01b0.<\/p>\n\n\t\t<\/div>\n\t<\/div>\n\n\t<div class=\"wpb_single_image wpb_content_element vc_align_center\">\n\t\t\n\t\t<figure class=\"wpb_wrapper vc_figure\">\n\t\t\t<div class=\"vc_single_image-wrapper   vc_box_border_grey\"><img loading=\"lazy\" decoding=\"async\" width=\"1024\" height=\"469\" src=\"https:\/\/augstudy.com\/aug-website-files\/wp-content\/uploads\/2021\/12\/Advocates-Solicitor-01-1024x469.jpg\" class=\"vc_single_image-img attachment-large\" alt=\"\" srcset=\"https:\/\/augstudy.com\/aug-website-files\/wp-content\/uploads\/2021\/12\/Advocates-Solicitor-01-1024x469.jpg 1024w, https:\/\/augstudy.com\/aug-website-files\/wp-content\/uploads\/2021\/12\/Advocates-Solicitor-01-300x137.jpg 300w, https:\/\/augstudy.com\/aug-website-files\/wp-content\/uploads\/2021\/12\/Advocates-Solicitor-01-768x351.jpg 768w, https:\/\/augstudy.com\/aug-website-files\/wp-content\/uploads\/2021\/12\/Advocates-Solicitor-01-1536x703.jpg 1536w, https:\/\/augstudy.com\/aug-website-files\/wp-content\/uploads\/2021\/12\/Advocates-Solicitor-01-2048x937.jpg 2048w, https:\/\/augstudy.com\/aug-website-files\/wp-content\/uploads\/2021\/12\/Advocates-Solicitor-01.jpg 1920w\" sizes=\"auto, (max-width: 1024px) 100vw, 1024px\" \/><\/div>\n\t\t<\/figure>\n\t<\/div>\n\n\t<div class=\"wpb_text_column wpb_content_element\">\n\t\t<div class=\"wpb_wrapper\">\n\t\t\t<p>Nh\u00ecn chung, c\u00e1c ngh\u1ec1 lu\u1eadt \u1edf Malaysia l\u00e0 <strong>ki\u1ec7n t\u1ee5ng<\/strong> (tham gia b\u00e0o ch\u1eefa t\u1ea1i t\u00f2a), <strong>c\u00f4ng ty<\/strong> (ch\u1ee7 y\u1ebfu cung c\u1ea5p l\u1eddi khuy\u00ean li\u00ean quan \u0111\u1ebfn tr\u00e1ch nhi\u1ec7m ph\u00e1p l\u00fd cho kh\u00e1ch h\u00e0ng) v\u00e0 <strong>v\u1eadn chuy\u1ec3n<\/strong> (t\u1eadp trung v\u00e0o h\u1ee3p \u0111\u1ed3ng mua b\u00e1n t\u00e0i s\u1ea3n). \u0110\u1ec3 tr\u1edf th\u00e0nh ng\u01b0\u1eddi b\u00e0o ch\u1eefa v\u00e0 lu\u1eadt s\u01b0 \u1edf Malaysia, sinh vi\u00ean lu\u1eadt c\u1ea7n ph\u1ea3i tham gia kh\u00f3a h\u1ecdc t\u1eeb c\u00e1c t\u1ed5 ch\u1ee9c\/c\u01a1 quan \u0111\u01b0\u1ee3c H\u1ed9i \u0111\u1ed3ng Ch\u1ee9ng nh\u1eadn Ngh\u1ec1 nghi\u1ec7p Ph\u00e1p l\u00fd (LPQB) c\u00f4ng nh\u1eadn.<\/p>\n<p>&nbsp;<\/p>\n<p><strong>M\u1ed9t s\u1ed1 t\u1ed5 ch\u1ee9c \u0111\u01b0\u1ee3c LPQB c\u00f4ng nh\u1eadn<\/strong><\/p>\n\n\t\t<\/div>\n\t<\/div>\n\n\t<div class=\"wpb_single_image wpb_content_element vc_align_center\">\n\t\t\n\t\t<figure class=\"wpb_wrapper vc_figure\">\n\t\t\t<div class=\"vc_single_image-wrapper   vc_box_border_grey\"><img loading=\"lazy\" decoding=\"async\" width=\"701\" height=\"910\" src=\"https:\/\/augstudy.com\/aug-website-files\/wp-content\/uploads\/2021\/12\/LPQB-law-degree.jpg\" class=\"vc_single_image-img attachment-large\" alt=\"\" srcset=\"https:\/\/augstudy.com\/aug-website-files\/wp-content\/uploads\/2021\/12\/LPQB-law-degree.jpg 701w, https:\/\/augstudy.com\/aug-website-files\/wp-content\/uploads\/2021\/12\/LPQB-law-degree-231x300.jpg 231w\" sizes=\"auto, (max-width: 701px) 100vw, 701px\" \/><\/div>\n\t\t<\/figure>\n\t<\/div>\n<\/div><\/div><\/div><div class=\"guide_right_content wpb_column vc_column_container vc_col-sm-4\"><div class=\"vc_column-inner\"><div class=\"wpb_wrapper\"><div class='aug_guide_left_menu course_guide nd_options_text_align_center_all_iphone'><h4 class='aug_left_menu_heading nd_options_margin_top_20'>th\u00e1ng 12 n\u0103m 2021<\/h4><div class='aug_menu_arrow_preview' >\n\t\t\t<div class='aug_menu_arrow'><\/div>\n\t\t\t<div id='aug_left_menu_111' class='migration_menu aug_left_menu_item'>\n\t\t\t\t<a href='\/vi\/malaysia-2\/newsletter\/dec21\/'>Phi\u00ean b\u1ea3n th\u00e1ng 12 n\u0103m 2021<\/a>\n\t\t\t<\/div>\n\t\t  <\/div><div class='aug_menu_arrow_preview' >\n\t\t\t<div class='aug_menu_arrow'><\/div>\n\t\t\t<div id='aug_left_menu_112' class='migration_menu aug_left_menu_item'>\n\t\t\t\t<a href='\/vi\/malaysia-2\/newsletter\/dec21-becoming-a-lawyer\/'>Lu\u1eadt s\u01b0 Ph\u1ea7n 1: S\u01a1 l\u01b0\u1ee3c v\u1ec1 vi\u1ec7c tr\u1edf th\u00e0nh lu\u1eadt s\u01b0<\/a>\n\t\t\t<\/div>\n\t\t  <\/div><div class='aug_menu_arrow_preview' >\n\t\t\t<div class='aug_menu_arrow'><\/div>\n\t\t\t<div id='aug_left_menu_113' class='migration_menu aug_left_menu_item'>\n\t\t\t\t<a href='\/vi\/malaysia-2\/newsletter\/dec21-recognised-pathway\/'>Lu\u1eadt s\u01b0 Ph\u1ea7n 2: Con \u0111\u01b0\u1eddng \u0111\u01b0\u1ee3c c\u00f4ng nh\u1eadn<\/a>\n\t\t\t<\/div>\n\t\t  <\/div><div class='aug_menu_arrow_preview' >\n\t\t\t<div class='aug_menu_arrow'><\/div>\n\t\t\t<div id='aug_left_menu_114' class='migration_menu aug_left_menu_item'>\n\t\t\t\t<a href='\/vi\/malaysia-2\/newsletter\/dec21-aus-travel\/'>C\u1eadp nh\u1eadt du l\u1ecbch \u00dac\r\n\t<\/a>\n\t\t\t<\/div>\n\t\t  <\/div><h4 class='aug_left_menu_heading nd_options_margin_top_20'>Th\u00e1ng 11 n\u0103m 2021<\/h4><div class='aug_menu_arrow_preview' >\n\t\t\t<div class='aug_menu_arrow'><\/div>\n\t\t\t<div id='aug_left_menu_101' class='migration_menu aug_left_menu_item'>\n\t\t\t\t<a href='\/vi\/malaysia-2\/november-newsletter\/'>Phi\u00ean b\u1ea3n th\u00e1ng 11 n\u0103m 2021<\/a>\n\t\t\t<\/div>\n\t\t  <\/div><div class='aug_menu_arrow_preview' >\n\t\t\t<div class='aug_menu_arrow'><\/div>\n\t\t\t<div id='aug_left_menu_102' class='migration_menu aug_left_menu_item'>\n\t\t\t\t<a href='\/vi\/malaysia-2\/nov-early-career-planning\/'>L\u1eadp k\u1ebf ho\u1ea1ch ngh\u1ec1 nghi\u1ec7p s\u1edbm<\/a>\n\t\t\t<\/div>\n\t\t  <\/div><div class='aug_menu_arrow_preview' >\n\t\t\t<div class='aug_menu_arrow'><\/div>\n\t\t\t<div id='aug_left_menu_103' class='migration_menu aug_left_menu_item'>\n\t\t\t\t<a href='\/vi\/malaysia-2\/nov-time-management\/'>Qu\u1ea3n l\u00fd th\u1eddi gian<\/a>\n\t\t\t<\/div>\n\t\t  <\/div><div class='aug_menu_arrow_preview' >\n\t\t\t<div class='aug_menu_arrow'><\/div>\n\t\t\t<div id='aug_left_menu_104' class='migration_menu aug_left_menu_item'>\n\t\t\t\t<a href='\/vi\/malaysia-2\/nov-non-clinical-psych-career\/'>Ngh\u1ec1 nghi\u1ec7p t\u00e2m l\u00fd phi l\u00e2m s\u00e0ng d\u00e0nh cho sinh vi\u00ean t\u1ed1t nghi\u1ec7p ng\u00e0nh t\u00e2m l\u00fd h\u1ecdc<\/a>\n\t\t\t<\/div>\n\t\t  <\/div><img class='aug_live_chat aug_mascot' src='\/aug-website-files\/images\/menu\/got_question_white_356px.png' alt='Linh v\u1eadt AUG - B\u1ea1n c\u00f3 c\u00e2u h\u1ecfi?' \/><\/div>\n\t\t<script type='text\/javascript'>\n\t\t\ttry {\n\t\t\t\tjQuery('#aug_left_menu_112').addClass( 'menu_selected' );\n\t\t\t\tjQuery('#aug_left_menu_112').prev().addClass( 'aug_menu_arrow_showed');\n\t\t\t\tjQuery('.aug_menu_select').val('{selection_group}');\n\t\t\t\tvar selection = '112';\n\t\t\t\tif ( selection.length >= 4 ) {\n\t\t\t\t\tvar parent_menu = selection.substring(0,3);\n\t\t\t\t\tjQuery('#aug_left_menu_' + parent_menu).addClass( 'menu_selected' );\n\t\t\t\t}\n\t\t\t} catch(error) {}\n\t\t<\/script>\n\t<\/div><\/div><\/div><\/div>","protected":false},"excerpt":{"rendered":"Welcome to AUG December Highlightz! Tempted to pursue a degree in law with the thought of earning big bucks? Ask yourself these questions before considering your future career as a lawyer: Do you thrive at influencing and persuading others? Do you have a passion for upholding justice and helping the underprivileged? Do you plan to [...]","protected":false},"author":5,"featured_media":0,"parent":326724,"menu_order":0,"comment_status":"closed","ping_status":"closed","template":"","meta":{"footnotes":""},"class_list":["post-327424","page","type-page","status-publish","hentry"],"yoast_head":"<!-- This site is optimized with the Yoast SEO Premium plugin v27.5 (Yoast SEO v27.5) - https:\/\/yoast.com\/product\/yoast-seo-premium-wordpress\/ -->\n<title>Lawyer Part 1: A brief of becoming a lawyer - AUG Student Services<\/title>\n<meta name=\"description\" content=\"Free counselling for university selection, scholarships and visa applications. Let AUG Student Services fast-track your study-abroad journey today.\" \/>\n<meta name=\"robots\" content=\"index, follow, max-snippet:-1, max-image-preview:large, max-video-preview:-1\" \/>\n<link rel=\"canonical\" href=\"https:\/\/augstudy.com\/vi\/malaysia-2\/newsletter\/dec21-becoming-a-lawyer\/\" \/>\n<meta property=\"og:locale\" content=\"vi_VN\" \/>\n<meta property=\"og:type\" content=\"article\" \/>\n<meta property=\"og:title\" content=\"Lawyer Part 1: A brief of becoming a lawyer\" \/>\n<meta property=\"og:description\" content=\"Free counselling for university selection, scholarships and visa applications. Let AUG Student Services fast-track your study-abroad journey today.\" \/>\n<meta property=\"og:url\" content=\"https:\/\/augstudy.com\/vi\/malaysia-2\/newsletter\/dec21-becoming-a-lawyer\/\" \/>\n<meta property=\"og:site_name\" content=\"AUG Student Services\" \/>\n<meta property=\"article:publisher\" content=\"https:\/\/www.facebook.com\/augmalaysia\/\" \/>\n<meta property=\"article:modified_time\" content=\"2021-12-10T08:54:44+00:00\" \/>\n<meta name=\"twitter:card\" content=\"summary_large_image\" \/>\n<meta name=\"twitter:label1\" content=\"\u01af\u1edbc t\u00ednh th\u1eddi gian \u0111\u1ecdc\" \/>\n\t<meta name=\"twitter:data1\" content=\"2 ph\u00fat\" \/>\n<script type=\"application\/ld+json\" class=\"yoast-schema-graph\">{\"@context\":\"https:\\\/\\\/schema.org\",\"@graph\":[{\"@type\":\"WebPage\",\"@id\":\"https:\\\/\\\/augstudy.com\\\/malaysia\\\/newsletter\\\/dec21-becoming-a-lawyer\\\/\",\"url\":\"https:\\\/\\\/augstudy.com\\\/malaysia\\\/newsletter\\\/dec21-becoming-a-lawyer\\\/\",\"name\":\"Lawyer Part 1: A brief of becoming a lawyer - AUG Student Services\",\"isPartOf\":{\"@id\":\"https:\\\/\\\/augstudy.com\\\/#website\"},\"datePublished\":\"2021-12-10T07:43:52+00:00\",\"dateModified\":\"2021-12-10T08:54:44+00:00\",\"description\":\"Free counselling for university selection, scholarships and visa applications. Let AUG Student Services fast-track your study-abroad journey today.\",\"breadcrumb\":{\"@id\":\"https:\\\/\\\/augstudy.com\\\/malaysia\\\/newsletter\\\/dec21-becoming-a-lawyer\\\/#breadcrumb\"},\"inLanguage\":\"vi\",\"potentialAction\":[{\"@type\":\"ReadAction\",\"target\":[\"https:\\\/\\\/augstudy.com\\\/malaysia\\\/newsletter\\\/dec21-becoming-a-lawyer\\\/\"]}]},{\"@type\":\"BreadcrumbList\",\"@id\":\"https:\\\/\\\/augstudy.com\\\/malaysia\\\/newsletter\\\/dec21-becoming-a-lawyer\\\/#breadcrumb\",\"itemListElement\":[{\"@type\":\"ListItem\",\"position\":1,\"name\":\"Home\",\"item\":\"https:\\\/\\\/augstudy.com\\\/\"},{\"@type\":\"ListItem\",\"position\":2,\"name\":\"AUG Malaysia\",\"item\":\"https:\\\/\\\/augstudy.com\\\/malaysia\\\/\"},{\"@type\":\"ListItem\",\"position\":3,\"name\":\"AUG Malaysia Newsletter\",\"item\":\"https:\\\/\\\/augstudy.com\\\/malaysia\\\/newsletter\\\/\"},{\"@type\":\"ListItem\",\"position\":4,\"name\":\"Lawyer Part 1: A brief of becoming a lawyer\"}]},{\"@type\":\"WebSite\",\"@id\":\"https:\\\/\\\/augstudy.com\\\/#website\",\"url\":\"https:\\\/\\\/augstudy.com\\\/\",\"name\":\"AUG Student Services\",\"description\":\"Student Services\",\"alternateName\":\"AUG Global\",\"potentialAction\":[{\"@type\":\"SearchAction\",\"target\":{\"@type\":\"EntryPoint\",\"urlTemplate\":\"https:\\\/\\\/augstudy.com\\\/?s={search_term_string}\"},\"query-input\":{\"@type\":\"PropertyValueSpecification\",\"valueRequired\":true,\"valueName\":\"search_term_string\"}}],\"inLanguage\":\"vi\"}]}<\/script>\n<!-- \/ Yoast SEO Premium plugin. -->","yoast_head_json":{"title":"Lawyer Part 1: A brief of becoming a lawyer - AUG Student Services","description":"T\u01b0 v\u1ea5n mi\u1ec5n ph\u00ed v\u1ec1 ch\u1ecdn tr\u01b0\u1eddng \u0111\u1ea1i h\u1ecdc, h\u1ecdc b\u1ed5ng v\u00e0 xin th\u1ecb th\u1ef1c. H\u00e3y \u0111\u1ec3 D\u1ecbch v\u1ee5 Sinh vi\u00ean AUG gi\u00fap b\u1ea1n nhanh ch\u00f3ng ho\u00e0n th\u00e0nh h\u00e0nh tr\u00ecnh du h\u1ecdc ngay h\u00f4m nay.","robots":{"index":"index","follow":"follow","max-snippet":"max-snippet:-1","max-image-preview":"max-image-preview:large","max-video-preview":"max-video-preview:-1"},"canonical":"https:\/\/augstudy.com\/vi\/malaysia-2\/newsletter\/dec21-becoming-a-lawyer\/","og_locale":"vi_VN","og_type":"article","og_title":"Lawyer Part 1: A brief of becoming a lawyer","og_description":"Free counselling for university selection, scholarships and visa applications. Let AUG Student Services fast-track your study-abroad journey today.","og_url":"https:\/\/augstudy.com\/vi\/malaysia-2\/newsletter\/dec21-becoming-a-lawyer\/","og_site_name":"AUG Student Services","article_publisher":"https:\/\/www.facebook.com\/augmalaysia\/","article_modified_time":"2021-12-10T08:54:44+00:00","twitter_card":"summary_large_image","twitter_misc":{"\u01af\u1edbc t\u00ednh th\u1eddi gian \u0111\u1ecdc":"2 ph\u00fat"},"schema":{"@context":"https:\/\/schema.org","@graph":[{"@type":"WebPage","@id":"https:\/\/augstudy.com\/malaysia\/newsletter\/dec21-becoming-a-lawyer\/","url":"https:\/\/augstudy.com\/malaysia\/newsletter\/dec21-becoming-a-lawyer\/","name":"Lawyer Part 1: A brief of becoming a lawyer - AUG Student Services","isPartOf":{"@id":"https:\/\/augstudy.com\/#website"},"datePublished":"2021-12-10T07:43:52+00:00","dateModified":"2021-12-10T08:54:44+00:00","description":"T\u01b0 v\u1ea5n mi\u1ec5n ph\u00ed v\u1ec1 ch\u1ecdn tr\u01b0\u1eddng \u0111\u1ea1i h\u1ecdc, h\u1ecdc b\u1ed5ng v\u00e0 xin th\u1ecb th\u1ef1c. H\u00e3y \u0111\u1ec3 D\u1ecbch v\u1ee5 Sinh vi\u00ean AUG gi\u00fap b\u1ea1n nhanh ch\u00f3ng ho\u00e0n th\u00e0nh h\u00e0nh tr\u00ecnh du h\u1ecdc ngay h\u00f4m nay.","breadcrumb":{"@id":"https:\/\/augstudy.com\/malaysia\/newsletter\/dec21-becoming-a-lawyer\/#breadcrumb"},"inLanguage":"vi","potentialAction":[{"@type":"ReadAction","target":["https:\/\/augstudy.com\/malaysia\/newsletter\/dec21-becoming-a-lawyer\/"]}]},{"@type":"BreadcrumbList","@id":"https:\/\/augstudy.com\/malaysia\/newsletter\/dec21-becoming-a-lawyer\/#breadcrumb","itemListElement":[{"@type":"ListItem","position":1,"name":"Home","item":"https:\/\/augstudy.com\/"},{"@type":"ListItem","position":2,"name":"AUG Malaysia","item":"https:\/\/augstudy.com\/malaysia\/"},{"@type":"ListItem","position":3,"name":"AUG Malaysia Newsletter","item":"https:\/\/augstudy.com\/malaysia\/newsletter\/"},{"@type":"ListItem","position":4,"name":"Lawyer Part 1: A brief of becoming a lawyer"}]},{"@type":"WebSite","@id":"https:\/\/augstudy.com\/#website","url":"https:\/\/augstudy.com\/","name":"D\u1ecbch v\u1ee5 Sinh vi\u00ean AUG","description":"D\u1ecbch v\u1ee5 sinh vi\u00ean","alternateName":"AUG Global","potentialAction":[{"@type":"SearchAction","target":{"@type":"EntryPoint","urlTemplate":"https:\/\/augstudy.com\/?s={search_term_string}"},"query-input":{"@type":"PropertyValueSpecification","valueRequired":true,"valueName":"search_term_string"}}],"inLanguage":"vi"}]}},"_links":{"self":[{"href":"https:\/\/augstudy.com\/vi\/wp-json\/wp\/v2\/pages\/327424","targetHints":{"allow":["GET"]}}],"collection":[{"href":"https:\/\/augstudy.com\/vi\/wp-json\/wp\/v2\/pages"}],"about":[{"href":"https:\/\/augstudy.com\/vi\/wp-json\/wp\/v2\/types\/page"}],"author":[{"embeddable":true,"href":"https:\/\/augstudy.com\/vi\/wp-json\/wp\/v2\/users\/5"}],"replies":[{"embeddable":true,"href":"https:\/\/augstudy.com\/vi\/wp-json\/wp\/v2\/comments?post=327424"}],"version-history":[{"count":0,"href":"https:\/\/augstudy.com\/vi\/wp-json\/wp\/v2\/pages\/327424\/revisions"}],"up":[{"embeddable":true,"href":"https:\/\/augstudy.com\/vi\/wp-json\/wp\/v2\/pages\/326724"}],"wp:attachment":[{"href":"https:\/\/augstudy.com\/vi\/wp-json\/wp\/v2\/media?parent=327424"}],"curies":[{"name":"wp","href":"https:\/\/api.w.org\/{rel}","templated":true}]}}