{"id":327414,"date":"2021-12-10T18:27:22","date_gmt":"2021-12-10T07:27:22","guid":{"rendered":"https:\/\/augstudy.com\/?page_id=327414"},"modified":"2021-12-10T20:23:36","modified_gmt":"2021-12-10T09:23:36","slug":"dec21-aus-travel","status":"publish","type":"page","link":"https:\/\/augstudy.com\/vi\/malaysia\/newsletter\/dec21-aus-travel\/","title":{"rendered":"C\u1eadp nh\u1eadt du l\u1ecbch \u00dac"},"content":{"rendered":"<div class=\"vc_row wpb_row vc_row-fluid aug_margin_top_30\"><div class=\"aug_float_right_important aug_content_left_border wpb_column vc_column_container vc_col-sm-8\"><div class=\"vc_column-inner \"><div class=\"wpb_wrapper\">\n\t<div class=\"wpb_text_column wpb_content_element \">\n\t\t<div class=\"wpb_wrapper\">\n\t\t\t<h1 style=\"text-align: center;\">Welcome to AUG December Highlightz!<\/h1>\n\n\t\t<\/div>\n\t<\/div>\n\n\t<div class=\"wpb_single_image wpb_content_element vc_align_center\">\n\t\t\n\t\t<figure class=\"wpb_wrapper vc_figure\">\n\t\t\t<div class=\"vc_single_image-wrapper   vc_box_border_grey\"><img loading=\"lazy\" decoding=\"async\" width=\"700\" height=\"250\" src=\"https:\/\/augstudy.com\/aug-website-files\/wp-content\/uploads\/2021\/12\/Travel-Update-01.jpg\" class=\"vc_single_image-img attachment-large\" alt=\"\" srcset=\"https:\/\/augstudy.com\/aug-website-files\/wp-content\/uploads\/2021\/12\/Travel-Update-01.jpg 700w, https:\/\/augstudy.com\/aug-website-files\/wp-content\/uploads\/2021\/12\/Travel-Update-01-300x107.jpg 300w\" sizes=\"auto, (max-width: 700px) 100vw, 700px\" \/><\/div>\n\t\t<\/figure>\n\t<\/div>\n\n\t<div class=\"wpb_text_column wpb_content_element \">\n\t\t<div class=\"wpb_wrapper\">\n\t\t\t<p style=\"text-align: center;\"><span style=\"color: #3366ff;\"><strong><em>Latest updates for international students!<\/em><\/strong><\/span><\/p>\n<p>&nbsp;<\/p>\n<p style=\"text-align: left;\">The news of fully vaccinated eligible Student Visa &amp; Student Guardian visa holders can travel to Australia without needing to apply for a travel exemption from 1st December 2021 was announced on 22nd November 2021.<\/p>\n<p>&nbsp;<\/p>\n<p style=\"text-align: left;\">However, with the surge of the Omicron variant,\u00a0<strong>the Australian Government has deferred the easing of border restrictions for international students until 15th December 2021<\/strong>\u00a0to gather further information needed to better understand the new COVID-19 variant.<\/p>\n<p>&nbsp;<\/p>\n<p>Here are some Frequently Asked Questions (FAQs) regarding Australia Travel Updates:<\/p>\n<p><em><strong>1.\u00a0What are the quarantine requirements for eligible international arrivals of each state and territory? *<\/strong><\/em><br \/>\n<span style=\"text-decoration: underline;\">New South Wales (NSW), Victoria (VIC) and Australian Capital Territory (ACT)<\/span><br \/>\nPause to further easing of border restriction till 15th December 2021.<\/p>\n<p>&nbsp;<\/p>\n<p><u>South Australia (SA),\u00a0Queensland (QLD), Western Australia (WA) and Tasmania (TAS)<\/u><\/p>\n<p>Quarantine-free entry will be implemented once reach 90% fully vaccinated.<\/p>\n<ul>\n<li><b><i>SA:<\/i><\/b><i>Expected to occur in late December or early January 2022<\/i><\/li>\n<li><b><i>QLD:<\/i><\/b><i>Expected to occur by late January 2022<\/i><\/li>\n<li><b><i>WA<\/i><\/b><i>: Expected to occur by late January or early February 2022<\/i><\/li>\n<li><b><i>TAS:<\/i><\/b><i>Expected to be after 15th December 2021<\/i><\/li>\n<\/ul>\n<p>&nbsp;<\/p>\n<p><u>Northern Territory (NT)<\/u><br \/>\nApply for Border Entry Form and may be permitted to undertake 7 days home quarantine.<\/p>\n<p>&nbsp;<\/p>\n<p><em><strong>2. What is the Australia recognised vaccines and dosages accepted for the purpose of travel?<\/strong><\/em><br \/>\n<span style=\"text-decoration: underline;\">2 doses at least 14 days apart of:<\/span><\/p>\n<ul>\n<li>AstraZeneca Vaxzevria<\/li>\n<li>AstraZeneca Covishield<\/li>\n<li>Pfizer\/Biontech Comirnaty<\/li>\n<li>Moderna Spikevax<\/li>\n<li>Sinovac Coronavac<\/li>\n<li>Bharat Biotech Covaxin<\/li>\n<li>Sinopharm BBIBP-CorV (for 18\u201360-year-olds)<\/li>\n<\/ul>\n<p>&nbsp;<\/p>\n<p><span style=\"text-decoration: underline;\">Or 1 dose of:<\/span><\/p>\n<ul>\n<li>Johnson &amp; Johnson\/ Janssen-Cilag COVID Vaccine<\/li>\n<\/ul>\n<p>&nbsp;<\/p>\n<p>At least 7 days must have passed since the final dose of vaccine in a course of immunisation to be considered fully vaccinated. Mixed doses count towards being fully vaccinated as long as all vaccines are approved or recognised by the Therapeutic Goods Administration (TGA).<\/p>\n<p>&nbsp;<\/p>\n<p><em>*All updates are current as of 30th Nov 2021<\/em><\/p>\n<p>&nbsp;<\/p>\n<p style=\"text-align: center;\"><b>Have more questions in your mind?<\/b><\/p>\n<p>&nbsp;<\/p>\n<p style=\"text-align: center;\">Attend AUG\u2019s [Go! Further Studies Education Fair] happening on December 2021 and January 2022 to learn more!<\/p>\n\n\t\t<\/div>\n\t<\/div>\n<div class=\"vc_btn3-container vc_btn3-center\"><a class=\"vc_general vc_btn3 vc_btn3-size-md vc_btn3-shape-rounded vc_btn3-style-modern vc_btn3-color-info\" href=\"https:\/\/fsedec21.eventbrite.com.au\/?aff=FB\" title=\"\" target=\"_blank\">Register here!<\/a><\/div>\n<\/div><\/div><\/div><div class=\"guide_right_content wpb_column vc_column_container vc_col-sm-4\"><div class=\"vc_column-inner \"><div class=\"wpb_wrapper\"><div class='aug_guide_left_menu course_guide nd_options_text_align_center_all_iphone'><h4 class='aug_left_menu_heading nd_options_margin_top_20'>December 2021<\/h4><div class='aug_menu_arrow_preview ' >\n\t\t\t<div class='aug_menu_arrow'><\/div>\n\t\t\t<div id='aug_left_menu_111' class='migration_menu aug_left_menu_item'>\n\t\t\t\t<a href='\/malaysia\/newsletter\/dec21\/'>December 2021 Edition<\/a>\n\t\t\t<\/div>\n\t\t  <\/div><div class='aug_menu_arrow_preview ' >\n\t\t\t<div class='aug_menu_arrow'><\/div>\n\t\t\t<div id='aug_left_menu_112' class='migration_menu aug_left_menu_item'>\n\t\t\t\t<a href='\/malaysia\/newsletter\/dec21-becoming-a-lawyer\/'>Lawyer Part 1: A brief of becoming a lawyer<\/a>\n\t\t\t<\/div>\n\t\t  <\/div><div class='aug_menu_arrow_preview ' >\n\t\t\t<div class='aug_menu_arrow'><\/div>\n\t\t\t<div id='aug_left_menu_113' class='migration_menu aug_left_menu_item'>\n\t\t\t\t<a href='\/malaysia\/newsletter\/dec21-recognised-pathway\/'>Lawyer Part 2: The recognised pathway<\/a>\n\t\t\t<\/div>\n\t\t  <\/div><div class='aug_menu_arrow_preview ' >\n\t\t\t<div class='aug_menu_arrow'><\/div>\n\t\t\t<div id='aug_left_menu_114' class='migration_menu aug_left_menu_item'>\n\t\t\t\t<a href='\/malaysia\/newsletter\/dec21-aus-travel\/'>Australia Travel Update\r\n\t<\/a>\n\t\t\t<\/div>\n\t\t  <\/div><h4 class='aug_left_menu_heading nd_options_margin_top_20'>November 2021<\/h4><div class='aug_menu_arrow_preview ' >\n\t\t\t<div class='aug_menu_arrow'><\/div>\n\t\t\t<div id='aug_left_menu_101' class='migration_menu aug_left_menu_item'>\n\t\t\t\t<a href='\/malaysia\/november-newsletter\/'>November 2021 Edition<\/a>\n\t\t\t<\/div>\n\t\t  <\/div><div class='aug_menu_arrow_preview ' >\n\t\t\t<div class='aug_menu_arrow'><\/div>\n\t\t\t<div id='aug_left_menu_102' class='migration_menu aug_left_menu_item'>\n\t\t\t\t<a href='\/malaysia\/nov-early-career-planning\/'>Early Career Planning<\/a>\n\t\t\t<\/div>\n\t\t  <\/div><div class='aug_menu_arrow_preview ' >\n\t\t\t<div class='aug_menu_arrow'><\/div>\n\t\t\t<div id='aug_left_menu_103' class='migration_menu aug_left_menu_item'>\n\t\t\t\t<a href='\/malaysia\/nov-time-management\/'>Time Management<\/a>\n\t\t\t<\/div>\n\t\t  <\/div><div class='aug_menu_arrow_preview ' >\n\t\t\t<div class='aug_menu_arrow'><\/div>\n\t\t\t<div id='aug_left_menu_104' class='migration_menu aug_left_menu_item'>\n\t\t\t\t<a href='\/malaysia\/nov-non-clinical-psych-career\/'>Non-Clinical Psych Career for Psychology Graduates<\/a>\n\t\t\t<\/div>\n\t\t  <\/div><img class='aug_live_chat aug_mascot' src='\/aug-website-files\/images\/menu\/got_question_white_356px.png' alt='AUG Mascot - Got Question?' \/><\/div>\n\t\t<script type='text\/javascript'>\n\t\t\ttry {\n\t\t\t\tjQuery('#aug_left_menu_114').addClass( 'menu_selected' );\n\t\t\t\tjQuery('#aug_left_menu_114').prev().addClass( 'aug_menu_arrow_showed');\n\t\t\t\tjQuery('.aug_menu_select').val('{selection_group}');\n\t\t\t\tvar selection = '114';\n\t\t\t\tif ( selection.length >= 4 ) {\n\t\t\t\t\tvar parent_menu = selection.substring(0,3);\n\t\t\t\t\tjQuery('#aug_left_menu_' + parent_menu).addClass( 'menu_selected' );\n\t\t\t\t}\n\t\t\t} catch(error) {}\n\t\t<\/script>\n\t<\/div><\/div><\/div><\/div>\n","protected":false},"excerpt":{"rendered":"Welcome to AUG December Highlightz! Latest updates for international students! &nbsp; The news of fully vaccinated eligible Student Visa &amp; Student Guardian visa holders can travel to Australia without needing to apply for a travel exemption from 1st December 2021 was announced on 22nd November 2021. &nbsp; However, with the surge of the Omicron variant,\u00a0the [...]","protected":false},"author":5,"featured_media":0,"parent":326724,"menu_order":0,"comment_status":"closed","ping_status":"closed","template":"","meta":{"footnotes":""},"class_list":["post-327414","page","type-page","status-publish","hentry"],"yoast_head":"<!-- This site is optimized with the Yoast SEO Premium plugin v27.5 (Yoast SEO v27.5) - https:\/\/yoast.com\/product\/yoast-seo-premium-wordpress\/ -->\n<title>Australia Travel Update - AUG Student Services<\/title>\n<meta name=\"description\" content=\"Free counselling for university selection, scholarships and visa applications. Let AUG Student Services fast-track your study-abroad journey today.\" \/>\n<meta name=\"robots\" content=\"index, follow, max-snippet:-1, max-image-preview:large, max-video-preview:-1\" \/>\n<link rel=\"canonical\" href=\"https:\/\/augstudy.com\/vi\/malaysia-2\/newsletter\/dec21-aus-travel\/\" \/>\n<meta property=\"og:locale\" content=\"vi_VN\" \/>\n<meta property=\"og:type\" content=\"article\" \/>\n<meta property=\"og:title\" content=\"Australia Travel Update\" \/>\n<meta property=\"og:description\" content=\"Free counselling for university selection, scholarships and visa applications. Let AUG Student Services fast-track your study-abroad journey today.\" \/>\n<meta property=\"og:url\" content=\"https:\/\/augstudy.com\/vi\/malaysia-2\/newsletter\/dec21-aus-travel\/\" \/>\n<meta property=\"og:site_name\" content=\"AUG Student Services\" \/>\n<meta property=\"article:publisher\" content=\"https:\/\/www.facebook.com\/augmalaysia\/\" \/>\n<meta property=\"article:modified_time\" content=\"2021-12-10T09:23:36+00:00\" \/>\n<meta name=\"twitter:card\" content=\"summary_large_image\" \/>\n<meta name=\"twitter:label1\" content=\"\u01af\u1edbc t\u00ednh th\u1eddi gian \u0111\u1ecdc\" \/>\n\t<meta name=\"twitter:data1\" content=\"2 ph\u00fat\" \/>\n<script type=\"application\/ld+json\" class=\"yoast-schema-graph\">{\"@context\":\"https:\\\/\\\/schema.org\",\"@graph\":[{\"@type\":\"WebPage\",\"@id\":\"https:\\\/\\\/augstudy.com\\\/malaysia\\\/newsletter\\\/dec21-aus-travel\\\/\",\"url\":\"https:\\\/\\\/augstudy.com\\\/malaysia\\\/newsletter\\\/dec21-aus-travel\\\/\",\"name\":\"Australia Travel Update - AUG Student Services\",\"isPartOf\":{\"@id\":\"https:\\\/\\\/augstudy.com\\\/#website\"},\"datePublished\":\"2021-12-10T07:27:22+00:00\",\"dateModified\":\"2021-12-10T09:23:36+00:00\",\"description\":\"Free counselling for university selection, scholarships and visa applications. Let AUG Student Services fast-track your study-abroad journey today.\",\"breadcrumb\":{\"@id\":\"https:\\\/\\\/augstudy.com\\\/malaysia\\\/newsletter\\\/dec21-aus-travel\\\/#breadcrumb\"},\"inLanguage\":\"vi\",\"potentialAction\":[{\"@type\":\"ReadAction\",\"target\":[\"https:\\\/\\\/augstudy.com\\\/malaysia\\\/newsletter\\\/dec21-aus-travel\\\/\"]}]},{\"@type\":\"BreadcrumbList\",\"@id\":\"https:\\\/\\\/augstudy.com\\\/malaysia\\\/newsletter\\\/dec21-aus-travel\\\/#breadcrumb\",\"itemListElement\":[{\"@type\":\"ListItem\",\"position\":1,\"name\":\"Home\",\"item\":\"https:\\\/\\\/augstudy.com\\\/\"},{\"@type\":\"ListItem\",\"position\":2,\"name\":\"AUG Malaysia\",\"item\":\"https:\\\/\\\/augstudy.com\\\/malaysia\\\/\"},{\"@type\":\"ListItem\",\"position\":3,\"name\":\"AUG Malaysia Newsletter\",\"item\":\"https:\\\/\\\/augstudy.com\\\/malaysia\\\/newsletter\\\/\"},{\"@type\":\"ListItem\",\"position\":4,\"name\":\"Australia Travel Update\"}]},{\"@type\":\"WebSite\",\"@id\":\"https:\\\/\\\/augstudy.com\\\/#website\",\"url\":\"https:\\\/\\\/augstudy.com\\\/\",\"name\":\"AUG Student Services\",\"description\":\"Student Services\",\"alternateName\":\"AUG Global\",\"potentialAction\":[{\"@type\":\"SearchAction\",\"target\":{\"@type\":\"EntryPoint\",\"urlTemplate\":\"https:\\\/\\\/augstudy.com\\\/?s={search_term_string}\"},\"query-input\":{\"@type\":\"PropertyValueSpecification\",\"valueRequired\":true,\"valueName\":\"search_term_string\"}}],\"inLanguage\":\"vi\"}]}<\/script>\n<!-- \/ Yoast SEO Premium plugin. -->","yoast_head_json":{"title":"Australia Travel Update - AUG Student Services","description":"T\u01b0 v\u1ea5n mi\u1ec5n ph\u00ed v\u1ec1 ch\u1ecdn tr\u01b0\u1eddng \u0111\u1ea1i h\u1ecdc, h\u1ecdc b\u1ed5ng v\u00e0 xin th\u1ecb th\u1ef1c. H\u00e3y \u0111\u1ec3 D\u1ecbch v\u1ee5 Sinh vi\u00ean AUG gi\u00fap b\u1ea1n nhanh ch\u00f3ng ho\u00e0n th\u00e0nh h\u00e0nh tr\u00ecnh du h\u1ecdc ngay h\u00f4m nay.","robots":{"index":"index","follow":"follow","max-snippet":"max-snippet:-1","max-image-preview":"max-image-preview:large","max-video-preview":"max-video-preview:-1"},"canonical":"https:\/\/augstudy.com\/vi\/malaysia-2\/newsletter\/dec21-aus-travel\/","og_locale":"vi_VN","og_type":"article","og_title":"Australia Travel Update","og_description":"Free counselling for university selection, scholarships and visa applications. Let AUG Student Services fast-track your study-abroad journey today.","og_url":"https:\/\/augstudy.com\/vi\/malaysia-2\/newsletter\/dec21-aus-travel\/","og_site_name":"AUG Student Services","article_publisher":"https:\/\/www.facebook.com\/augmalaysia\/","article_modified_time":"2021-12-10T09:23:36+00:00","twitter_card":"summary_large_image","twitter_misc":{"\u01af\u1edbc t\u00ednh th\u1eddi gian \u0111\u1ecdc":"2 ph\u00fat"},"schema":{"@context":"https:\/\/schema.org","@graph":[{"@type":"WebPage","@id":"https:\/\/augstudy.com\/malaysia\/newsletter\/dec21-aus-travel\/","url":"https:\/\/augstudy.com\/malaysia\/newsletter\/dec21-aus-travel\/","name":"Australia Travel Update - AUG Student Services","isPartOf":{"@id":"https:\/\/augstudy.com\/#website"},"datePublished":"2021-12-10T07:27:22+00:00","dateModified":"2021-12-10T09:23:36+00:00","description":"T\u01b0 v\u1ea5n mi\u1ec5n ph\u00ed v\u1ec1 ch\u1ecdn tr\u01b0\u1eddng \u0111\u1ea1i h\u1ecdc, h\u1ecdc b\u1ed5ng v\u00e0 xin th\u1ecb th\u1ef1c. H\u00e3y \u0111\u1ec3 D\u1ecbch v\u1ee5 Sinh vi\u00ean AUG gi\u00fap b\u1ea1n nhanh ch\u00f3ng ho\u00e0n th\u00e0nh h\u00e0nh tr\u00ecnh du h\u1ecdc ngay h\u00f4m nay.","breadcrumb":{"@id":"https:\/\/augstudy.com\/malaysia\/newsletter\/dec21-aus-travel\/#breadcrumb"},"inLanguage":"vi","potentialAction":[{"@type":"ReadAction","target":["https:\/\/augstudy.com\/malaysia\/newsletter\/dec21-aus-travel\/"]}]},{"@type":"BreadcrumbList","@id":"https:\/\/augstudy.com\/malaysia\/newsletter\/dec21-aus-travel\/#breadcrumb","itemListElement":[{"@type":"ListItem","position":1,"name":"Home","item":"https:\/\/augstudy.com\/"},{"@type":"ListItem","position":2,"name":"AUG Malaysia","item":"https:\/\/augstudy.com\/malaysia\/"},{"@type":"ListItem","position":3,"name":"AUG Malaysia Newsletter","item":"https:\/\/augstudy.com\/malaysia\/newsletter\/"},{"@type":"ListItem","position":4,"name":"Australia Travel Update"}]},{"@type":"WebSite","@id":"https:\/\/augstudy.com\/#website","url":"https:\/\/augstudy.com\/","name":"D\u1ecbch v\u1ee5 Sinh vi\u00ean AUG","description":"D\u1ecbch v\u1ee5 sinh vi\u00ean","alternateName":"AUG Global","potentialAction":[{"@type":"SearchAction","target":{"@type":"EntryPoint","urlTemplate":"https:\/\/augstudy.com\/?s={search_term_string}"},"query-input":{"@type":"PropertyValueSpecification","valueRequired":true,"valueName":"search_term_string"}}],"inLanguage":"vi"}]}},"_links":{"self":[{"href":"https:\/\/augstudy.com\/vi\/wp-json\/wp\/v2\/pages\/327414","targetHints":{"allow":["GET"]}}],"collection":[{"href":"https:\/\/augstudy.com\/vi\/wp-json\/wp\/v2\/pages"}],"about":[{"href":"https:\/\/augstudy.com\/vi\/wp-json\/wp\/v2\/types\/page"}],"author":[{"embeddable":true,"href":"https:\/\/augstudy.com\/vi\/wp-json\/wp\/v2\/users\/5"}],"replies":[{"embeddable":true,"href":"https:\/\/augstudy.com\/vi\/wp-json\/wp\/v2\/comments?post=327414"}],"version-history":[{"count":0,"href":"https:\/\/augstudy.com\/vi\/wp-json\/wp\/v2\/pages\/327414\/revisions"}],"up":[{"embeddable":true,"href":"https:\/\/augstudy.com\/vi\/wp-json\/wp\/v2\/pages\/326724"}],"wp:attachment":[{"href":"https:\/\/augstudy.com\/vi\/wp-json\/wp\/v2\/media?parent=327414"}],"curies":[{"name":"wp","href":"https:\/\/api.w.org\/{rel}","templated":true}]}}