{"id":308000,"date":"2021-11-05T19:21:30","date_gmt":"2021-11-05T08:21:30","guid":{"rendered":"https:\/\/augstudy.com\/?page_id=308000"},"modified":"2021-12-10T20:21:39","modified_gmt":"2021-12-10T09:21:39","slug":"nov-non-clinical-psych-career","status":"publish","type":"page","link":"https:\/\/augstudy.com\/vi\/malaysia\/nov-non-clinical-psych-career\/","title":{"rendered":"Nov &#8211; Non-Clinical Psych Career"},"content":{"rendered":"<div class=\"vc_row wpb_row vc_row-fluid aug_margin_top_30\"><div class=\"aug_float_right_important aug_content_left_border wpb_column vc_column_container vc_col-sm-8\"><div class=\"vc_column-inner\"><div class=\"wpb_wrapper\">\n\t<div class=\"wpb_text_column wpb_content_element\">\n\t\t<div class=\"wpb_wrapper\">\n\t\t\t<h1 style=\"text-align: center;\">Ch\u00e0o m\u1eebng \u0111\u1ebfn v\u1edbi AUG Th\u00e1ng 11 Highlightz!<\/h1>\n\n\t\t<\/div>\n\t<\/div>\n\n\t<div class=\"wpb_single_image wpb_content_element vc_align_center\">\n\t\t\n\t\t<figure class=\"wpb_wrapper vc_figure\">\n\t\t\t<div class=\"vc_single_image-wrapper   vc_box_border_grey\"><img loading=\"lazy\" decoding=\"async\" width=\"1024\" height=\"251\" src=\"https:\/\/augstudy.com\/aug-website-files\/wp-content\/uploads\/2021\/11\/Email-Temp-03-1024x251.jpg\" class=\"vc_single_image-img attachment-large\" alt=\"\" srcset=\"https:\/\/augstudy.com\/aug-website-files\/wp-content\/uploads\/2021\/11\/Email-Temp-03-1024x251.jpg 1024w, https:\/\/augstudy.com\/aug-website-files\/wp-content\/uploads\/2021\/11\/Email-Temp-03-300x74.jpg 300w, https:\/\/augstudy.com\/aug-website-files\/wp-content\/uploads\/2021\/11\/Email-Temp-03-768x188.jpg 768w, https:\/\/augstudy.com\/aug-website-files\/wp-content\/uploads\/2021\/11\/Email-Temp-03-1536x377.jpg 1536w, https:\/\/augstudy.com\/aug-website-files\/wp-content\/uploads\/2021\/11\/Email-Temp-03-2048x502.jpg 2048w, https:\/\/augstudy.com\/aug-website-files\/wp-content\/uploads\/2021\/11\/Email-Temp-03-scaled.jpg 1920w\" sizes=\"auto, (max-width: 1024px) 100vw, 1024px\" \/><\/div>\n\t\t<\/figure>\n\t<\/div>\n\n\t<div class=\"wpb_text_column wpb_content_element\">\n\t\t<div class=\"wpb_wrapper\">\n\t\t\t<p>K\u00ednh g\u1eedi c\u00e1c b\u1ea1n sinh vi\u00ean t\u1ed1t nghi\u1ec7p T\u00e2m l\u00fd h\u1ecdc,<\/p>\n<p>&nbsp;<\/p>\n<h4><b>Nh\u00e0 t\u00e2m l\u00fd h\u1ecdc KH\u00d4NG <\/b><b>s\u1ef1 nghi\u1ec7p duy nh\u1ea5t d\u00e0nh cho b\u1ea1n.<\/b><\/h4>\n\n\t\t<\/div>\n\t<\/div>\n\n\t<div class=\"wpb_text_column wpb_content_element\">\n\t\t<div class=\"wpb_wrapper\">\n\t\t\t<p>Ti\u1ebfp n\u1ed1i lo\u1ea1t b\u00e0i t\u00e2m l\u00fd h\u1ecdc c\u1ee7a ch\u00fang t\u00f4i n\u0103m ngo\u00e1i, ch\u00fang t\u00f4i \u1edf \u0111\u00e2y \u0111\u1ec3 gi\u1edbi thi\u1ec7u v\u1edbi b\u1ea1n ph\u1ea7n ti\u1ebfp theo. Kh\u00e1m ph\u00e1 ngh\u1ec1 nghi\u1ec7p kh\u00e1c<br \/>\nnh\u1eefng c\u01a1 h\u1ed9i \u0111\u1ec3 b\u1ea1n c\u00f3 th\u1ec3 \u00e1p d\u1ee5ng ki\u1ebfn th\u1ee9c T\u00e2m l\u00fd h\u1ecdc m\u00e0 b\u1ea1n c\u00f3 th\u1ec3 \u0111am m\u00ea.<\/p>\n\n\t\t<\/div>\n\t<\/div>\n\n\t<div class=\"wpb_single_image wpb_content_element vc_align_left\">\n\t\t\n\t\t<figure class=\"wpb_wrapper vc_figure\">\n\t\t\t<div class=\"vc_single_image-wrapper   vc_box_border_grey\"><img loading=\"lazy\" decoding=\"async\" width=\"720\" height=\"405\" src=\"https:\/\/augstudy.com\/aug-website-files\/wp-content\/uploads\/2021\/11\/Nov-MY-NL.gif\" class=\"vc_single_image-img attachment-full\" alt=\"\" \/><\/div>\n\t\t<\/figure>\n\t<\/div>\n<div class=\"vc_btn3-container vc_btn3-center\"><a class=\"vc_general vc_btn3 vc_btn3-size-xs vc_btn3-shape-rounded vc_btn3-style-modern vc_btn3-color-primary\" href=\"https:\/\/wa.me\/60129699216\" title=\"\" target=\"_blank\">H\u00e3y li\u00ean h\u1ec7 v\u1edbi ch\u00fang t\u00f4i \u0111\u1ec3 kh\u00e1m ph\u00e1 c\u00e1c l\u1ef1a ch\u1ecdn c\u1ea5p b\u1eb1ng T\u00e2m l\u00fd h\u1ecdc c\u1ee7a b\u1ea1n ngay b\u00e2y gi\u1edd!<\/a><\/div>\n\n\t<div class=\"wpb_single_image wpb_content_element vc_align_left\">\n\t\t\n\t\t<figure class=\"wpb_wrapper vc_figure\">\n\t\t\t<div class=\"vc_single_image-wrapper   vc_box_border_grey\"><img loading=\"lazy\" decoding=\"async\" width=\"1024\" height=\"131\" src=\"https:\/\/augstudy.com\/aug-website-files\/wp-content\/uploads\/2021\/11\/Email-Temp-02-1024x131.jpg\" class=\"vc_single_image-img attachment-large\" alt=\"\" srcset=\"https:\/\/augstudy.com\/aug-website-files\/wp-content\/uploads\/2021\/11\/Email-Temp-02-1024x131.jpg 1024w, https:\/\/augstudy.com\/aug-website-files\/wp-content\/uploads\/2021\/11\/Email-Temp-02-300x39.jpg 300w, https:\/\/augstudy.com\/aug-website-files\/wp-content\/uploads\/2021\/11\/Email-Temp-02-768x99.jpg 768w, https:\/\/augstudy.com\/aug-website-files\/wp-content\/uploads\/2021\/11\/Email-Temp-02-1536x197.jpg 1536w, https:\/\/augstudy.com\/aug-website-files\/wp-content\/uploads\/2021\/11\/Email-Temp-02-2048x263.jpg 2048w, https:\/\/augstudy.com\/aug-website-files\/wp-content\/uploads\/2021\/11\/Email-Temp-02-scaled.jpg 1920w\" sizes=\"auto, (max-width: 1024px) 100vw, 1024px\" \/><\/div>\n\t\t<\/figure>\n\t<\/div>\n<\/div><\/div><\/div><div class=\"guide_right_content wpb_column vc_column_container vc_col-sm-4\"><div class=\"vc_column-inner\"><div class=\"wpb_wrapper\"><div class='aug_guide_left_menu course_guide nd_options_text_align_center_all_iphone'><h4 class='aug_left_menu_heading nd_options_margin_top_20'>th\u00e1ng 12 n\u0103m 2021<\/h4><div class='aug_menu_arrow_preview' >\r\n\t\t\t<div class='aug_menu_arrow'><\/div>\r\n\t\t\t<div id='aug_left_menu_111' class='migration_menu aug_left_menu_item'>\r\n\t\t\t\t<a href='\/vi\/malaysia-2\/newsletter\/dec21\/'>Phi\u00ean b\u1ea3n th\u00e1ng 12 n\u0103m 2021<\/a>\r\n\t\t\t<\/div>\r\n\t\t  <\/div><div class='aug_menu_arrow_preview' >\r\n\t\t\t<div class='aug_menu_arrow'><\/div>\r\n\t\t\t<div id='aug_left_menu_112' class='migration_menu aug_left_menu_item'>\r\n\t\t\t\t<a href='\/vi\/malaysia-2\/newsletter\/dec21-becoming-a-lawyer\/'>Lu\u1eadt s\u01b0 Ph\u1ea7n 1: S\u01a1 l\u01b0\u1ee3c v\u1ec1 vi\u1ec7c tr\u1edf th\u00e0nh lu\u1eadt s\u01b0<\/a>\r\n\t\t\t<\/div>\r\n\t\t  <\/div><div class='aug_menu_arrow_preview' >\r\n\t\t\t<div class='aug_menu_arrow'><\/div>\r\n\t\t\t<div id='aug_left_menu_113' class='migration_menu aug_left_menu_item'>\r\n\t\t\t\t<a href='\/vi\/malaysia-2\/newsletter\/dec21-recognised-pathway\/'>Lu\u1eadt s\u01b0 Ph\u1ea7n 2: Con \u0111\u01b0\u1eddng \u0111\u01b0\u1ee3c c\u00f4ng nh\u1eadn<\/a>\r\n\t\t\t<\/div>\r\n\t\t  <\/div><div class='aug_menu_arrow_preview' >\r\n\t\t\t<div class='aug_menu_arrow'><\/div>\r\n\t\t\t<div id='aug_left_menu_114' class='migration_menu aug_left_menu_item'>\r\n\t\t\t\t<a href='\/vi\/malaysia-2\/newsletter\/dec21-aus-travel\/'>C\u1eadp nh\u1eadt du l\u1ecbch \u00dac\r\n\t<\/a>\r\n\t\t\t<\/div>\r\n\t\t  <\/div><h4 class='aug_left_menu_heading nd_options_margin_top_20'>Th\u00e1ng 11 n\u0103m 2021<\/h4><div class='aug_menu_arrow_preview' >\r\n\t\t\t<div class='aug_menu_arrow'><\/div>\r\n\t\t\t<div id='aug_left_menu_101' class='migration_menu aug_left_menu_item'>\r\n\t\t\t\t<a href='\/vi\/malaysia-2\/november-newsletter\/'>Phi\u00ean b\u1ea3n th\u00e1ng 11 n\u0103m 2021<\/a>\r\n\t\t\t<\/div>\r\n\t\t  <\/div><div class='aug_menu_arrow_preview' >\r\n\t\t\t<div class='aug_menu_arrow'><\/div>\r\n\t\t\t<div id='aug_left_menu_102' class='migration_menu aug_left_menu_item'>\r\n\t\t\t\t<a href='\/vi\/malaysia-2\/nov-early-career-planning\/'>L\u1eadp k\u1ebf ho\u1ea1ch ngh\u1ec1 nghi\u1ec7p s\u1edbm<\/a>\r\n\t\t\t<\/div>\r\n\t\t  <\/div><div class='aug_menu_arrow_preview' >\r\n\t\t\t<div class='aug_menu_arrow'><\/div>\r\n\t\t\t<div id='aug_left_menu_103' class='migration_menu aug_left_menu_item'>\r\n\t\t\t\t<a href='\/vi\/malaysia-2\/nov-time-management\/'>Qu\u1ea3n l\u00fd th\u1eddi gian<\/a>\r\n\t\t\t<\/div>\r\n\t\t  <\/div><div class='aug_menu_arrow_preview' >\r\n\t\t\t<div class='aug_menu_arrow'><\/div>\r\n\t\t\t<div id='aug_left_menu_104' class='migration_menu aug_left_menu_item'>\r\n\t\t\t\t<a href='\/vi\/malaysia-2\/nov-non-clinical-psych-career\/'>Ngh\u1ec1 nghi\u1ec7p t\u00e2m l\u00fd phi l\u00e2m s\u00e0ng d\u00e0nh cho sinh vi\u00ean t\u1ed1t nghi\u1ec7p ng\u00e0nh t\u00e2m l\u00fd h\u1ecdc<\/a>\r\n\t\t\t<\/div>\r\n\t\t  <\/div><img class='aug_live_chat aug_mascot' src='\/aug-website-files\/images\/menu\/got_question_white_356px.png' alt='Linh v\u1eadt AUG - B\u1ea1n c\u00f3 c\u00e2u h\u1ecfi?' \/><\/div>\r\n\t\t<script type='text\/javascript'>\r\n\t\t\ttry {\r\n\t\t\t\tjQuery('#aug_left_menu_104').addClass( 'menu_selected' );\r\n\t\t\t\tjQuery('#aug_left_menu_104').prev().addClass( 'aug_menu_arrow_showed');\r\n\t\t\t\tjQuery('.aug_menu_select').val('{selection_group}');\r\n\t\t\t\tvar selection = '104';\r\n\t\t\t\tif ( selection.length >= 4 ) {\r\n\t\t\t\t\tvar parent_menu = selection.substring(0,3);\r\n\t\t\t\t\tjQuery('#aug_left_menu_' + parent_menu).addClass( 'menu_selected' );\r\n\t\t\t\t}\r\n\t\t\t} catch(error) {}\r\n\t\t<\/script>\r\n\t<\/div><\/div><\/div><\/div>","protected":false},"excerpt":{"rendered":"Welcome to AUG November Highlightz! Dear Psychology Graduates, &nbsp; Psychologist is NOT the only career for you. Continuing from our psychology series last year, we are here to present you with the sequel. Explore the other career opportunities where you can apply your Psychology knowledge which you might have passion for. Contact us to explore [...]","protected":false},"author":5,"featured_media":0,"parent":2279,"menu_order":0,"comment_status":"closed","ping_status":"closed","template":"","meta":{"footnotes":""},"class_list":["post-308000","page","type-page","status-publish","hentry"],"yoast_head":"<!-- This site is optimized with the Yoast SEO Premium plugin v27.0 (Yoast SEO v27.3) - https:\/\/yoast.com\/product\/yoast-seo-premium-wordpress\/ -->\n<title>Nov - Non-Clinical Psych Career - AUG Student Services<\/title>\n<meta name=\"description\" content=\"Free counselling for university selection, scholarships and visa applications. Let AUG Student Services fast-track your study-abroad journey today.\" \/>\n<meta name=\"robots\" content=\"index, follow, max-snippet:-1, max-image-preview:large, max-video-preview:-1\" \/>\n<link rel=\"canonical\" href=\"https:\/\/augstudy.com\/vi\/malaysia-2\/nov-non-clinical-psych-career\/\" \/>\n<meta property=\"og:locale\" content=\"vi_VN\" \/>\n<meta property=\"og:type\" content=\"article\" \/>\n<meta property=\"og:title\" content=\"Nov - Non-Clinical Psych Career\" \/>\n<meta property=\"og:description\" content=\"Free counselling for university selection, scholarships and visa applications. Let AUG Student Services fast-track your study-abroad journey today.\" \/>\n<meta property=\"og:url\" content=\"https:\/\/augstudy.com\/vi\/malaysia-2\/nov-non-clinical-psych-career\/\" \/>\n<meta property=\"og:site_name\" content=\"AUG Student Services\" \/>\n<meta property=\"article:publisher\" content=\"https:\/\/www.facebook.com\/augmalaysia\/\" \/>\n<meta property=\"article:modified_time\" content=\"2021-12-10T09:21:39+00:00\" \/>\n<meta name=\"twitter:card\" content=\"summary_large_image\" \/>\n<meta name=\"twitter:label1\" content=\"\u01af\u1edbc t\u00ednh th\u1eddi gian \u0111\u1ecdc\" \/>\n\t<meta name=\"twitter:data1\" content=\"1 ph\u00fat\" \/>\n<script type=\"application\/ld+json\" class=\"yoast-schema-graph\">{\"@context\":\"https:\\\/\\\/schema.org\",\"@graph\":[{\"@type\":\"WebPage\",\"@id\":\"https:\\\/\\\/augstudy.com\\\/malaysia\\\/nov-non-clinical-psych-career\\\/\",\"url\":\"https:\\\/\\\/augstudy.com\\\/malaysia\\\/nov-non-clinical-psych-career\\\/\",\"name\":\"Nov - Non-Clinical Psych Career - AUG Student Services\",\"isPartOf\":{\"@id\":\"https:\\\/\\\/augstudy.com\\\/#website\"},\"datePublished\":\"2021-11-05T08:21:30+00:00\",\"dateModified\":\"2021-12-10T09:21:39+00:00\",\"description\":\"Free counselling for university selection, scholarships and visa applications. Let AUG Student Services fast-track your study-abroad journey today.\",\"breadcrumb\":{\"@id\":\"https:\\\/\\\/augstudy.com\\\/malaysia\\\/nov-non-clinical-psych-career\\\/#breadcrumb\"},\"inLanguage\":\"vi\",\"potentialAction\":[{\"@type\":\"ReadAction\",\"target\":[\"https:\\\/\\\/augstudy.com\\\/malaysia\\\/nov-non-clinical-psych-career\\\/\"]}]},{\"@type\":\"BreadcrumbList\",\"@id\":\"https:\\\/\\\/augstudy.com\\\/malaysia\\\/nov-non-clinical-psych-career\\\/#breadcrumb\",\"itemListElement\":[{\"@type\":\"ListItem\",\"position\":1,\"name\":\"Home\",\"item\":\"https:\\\/\\\/augstudy.com\\\/\"},{\"@type\":\"ListItem\",\"position\":2,\"name\":\"AUG Malaysia\",\"item\":\"https:\\\/\\\/augstudy.com\\\/malaysia\\\/\"},{\"@type\":\"ListItem\",\"position\":3,\"name\":\"Nov &#8211; Non-Clinical Psych Career\"}]},{\"@type\":\"WebSite\",\"@id\":\"https:\\\/\\\/augstudy.com\\\/#website\",\"url\":\"https:\\\/\\\/augstudy.com\\\/\",\"name\":\"AUG Student Services\",\"description\":\"Student Services\",\"alternateName\":\"AUG Global\",\"potentialAction\":[{\"@type\":\"SearchAction\",\"target\":{\"@type\":\"EntryPoint\",\"urlTemplate\":\"https:\\\/\\\/augstudy.com\\\/?s={search_term_string}\"},\"query-input\":{\"@type\":\"PropertyValueSpecification\",\"valueRequired\":true,\"valueName\":\"search_term_string\"}}],\"inLanguage\":\"vi\"}]}<\/script>\n<!-- \/ Yoast SEO Premium plugin. -->","yoast_head_json":{"title":"Nov - Non-Clinical Psych Career - AUG Student Services","description":"T\u01b0 v\u1ea5n mi\u1ec5n ph\u00ed v\u1ec1 ch\u1ecdn tr\u01b0\u1eddng \u0111\u1ea1i h\u1ecdc, h\u1ecdc b\u1ed5ng v\u00e0 xin th\u1ecb th\u1ef1c. H\u00e3y \u0111\u1ec3 D\u1ecbch v\u1ee5 Sinh vi\u00ean AUG gi\u00fap b\u1ea1n nhanh ch\u00f3ng ho\u00e0n th\u00e0nh h\u00e0nh tr\u00ecnh du h\u1ecdc ngay h\u00f4m nay.","robots":{"index":"index","follow":"follow","max-snippet":"max-snippet:-1","max-image-preview":"max-image-preview:large","max-video-preview":"max-video-preview:-1"},"canonical":"https:\/\/augstudy.com\/vi\/malaysia-2\/nov-non-clinical-psych-career\/","og_locale":"vi_VN","og_type":"article","og_title":"Nov - Non-Clinical Psych Career","og_description":"Free counselling for university selection, scholarships and visa applications. Let AUG Student Services fast-track your study-abroad journey today.","og_url":"https:\/\/augstudy.com\/vi\/malaysia-2\/nov-non-clinical-psych-career\/","og_site_name":"AUG Student Services","article_publisher":"https:\/\/www.facebook.com\/augmalaysia\/","article_modified_time":"2021-12-10T09:21:39+00:00","twitter_card":"summary_large_image","twitter_misc":{"\u01af\u1edbc t\u00ednh th\u1eddi gian \u0111\u1ecdc":"1 ph\u00fat"},"schema":{"@context":"https:\/\/schema.org","@graph":[{"@type":"WebPage","@id":"https:\/\/augstudy.com\/malaysia\/nov-non-clinical-psych-career\/","url":"https:\/\/augstudy.com\/malaysia\/nov-non-clinical-psych-career\/","name":"Nov - Non-Clinical Psych Career - AUG Student Services","isPartOf":{"@id":"https:\/\/augstudy.com\/#website"},"datePublished":"2021-11-05T08:21:30+00:00","dateModified":"2021-12-10T09:21:39+00:00","description":"T\u01b0 v\u1ea5n mi\u1ec5n ph\u00ed v\u1ec1 ch\u1ecdn tr\u01b0\u1eddng \u0111\u1ea1i h\u1ecdc, h\u1ecdc b\u1ed5ng v\u00e0 xin th\u1ecb th\u1ef1c. H\u00e3y \u0111\u1ec3 D\u1ecbch v\u1ee5 Sinh vi\u00ean AUG gi\u00fap b\u1ea1n nhanh ch\u00f3ng ho\u00e0n th\u00e0nh h\u00e0nh tr\u00ecnh du h\u1ecdc ngay h\u00f4m nay.","breadcrumb":{"@id":"https:\/\/augstudy.com\/malaysia\/nov-non-clinical-psych-career\/#breadcrumb"},"inLanguage":"vi","potentialAction":[{"@type":"ReadAction","target":["https:\/\/augstudy.com\/malaysia\/nov-non-clinical-psych-career\/"]}]},{"@type":"BreadcrumbList","@id":"https:\/\/augstudy.com\/malaysia\/nov-non-clinical-psych-career\/#breadcrumb","itemListElement":[{"@type":"ListItem","position":1,"name":"Home","item":"https:\/\/augstudy.com\/"},{"@type":"ListItem","position":2,"name":"AUG Malaysia","item":"https:\/\/augstudy.com\/malaysia\/"},{"@type":"ListItem","position":3,"name":"Nov &#8211; Non-Clinical Psych Career"}]},{"@type":"WebSite","@id":"https:\/\/augstudy.com\/#website","url":"https:\/\/augstudy.com\/","name":"D\u1ecbch v\u1ee5 Sinh vi\u00ean AUG","description":"D\u1ecbch v\u1ee5 sinh vi\u00ean","alternateName":"AUG Global","potentialAction":[{"@type":"SearchAction","target":{"@type":"EntryPoint","urlTemplate":"https:\/\/augstudy.com\/?s={search_term_string}"},"query-input":{"@type":"PropertyValueSpecification","valueRequired":true,"valueName":"search_term_string"}}],"inLanguage":"vi"}]}},"_links":{"self":[{"href":"https:\/\/augstudy.com\/vi\/wp-json\/wp\/v2\/pages\/308000","targetHints":{"allow":["GET"]}}],"collection":[{"href":"https:\/\/augstudy.com\/vi\/wp-json\/wp\/v2\/pages"}],"about":[{"href":"https:\/\/augstudy.com\/vi\/wp-json\/wp\/v2\/types\/page"}],"author":[{"embeddable":true,"href":"https:\/\/augstudy.com\/vi\/wp-json\/wp\/v2\/users\/5"}],"replies":[{"embeddable":true,"href":"https:\/\/augstudy.com\/vi\/wp-json\/wp\/v2\/comments?post=308000"}],"version-history":[{"count":0,"href":"https:\/\/augstudy.com\/vi\/wp-json\/wp\/v2\/pages\/308000\/revisions"}],"up":[{"embeddable":true,"href":"https:\/\/augstudy.com\/vi\/wp-json\/wp\/v2\/pages\/2279"}],"wp:attachment":[{"href":"https:\/\/augstudy.com\/vi\/wp-json\/wp\/v2\/media?parent=308000"}],"curies":[{"name":"wp","href":"https:\/\/api.w.org\/{rel}","templated":true}]}}