{"id":307995,"date":"2021-11-05T19:23:50","date_gmt":"2021-11-05T08:23:50","guid":{"rendered":"https:\/\/augstudy.com\/?page_id=307995"},"modified":"2021-12-10T20:21:13","modified_gmt":"2021-12-10T09:21:13","slug":"nov-time-management","status":"publish","type":"page","link":"https:\/\/augstudy.com\/vi\/malaysia\/nov-time-management\/","title":{"rendered":"Nov &#8211; Time Management"},"content":{"rendered":"<div class=\"vc_row wpb_row vc_row-fluid aug_margin_top_30\"><div class=\"aug_float_right_important aug_content_left_border wpb_column vc_column_container vc_col-sm-8\"><div class=\"vc_column-inner\"><div class=\"wpb_wrapper\">\n\t<div class=\"wpb_text_column wpb_content_element\">\n\t\t<div class=\"wpb_wrapper\">\n\t\t\t<h1 style=\"text-align: center;\">Ch\u00e0o m\u1eebng \u0111\u1ebfn v\u1edbi AUG Th\u00e1ng 11 Highlightz!<\/h1>\n\n\t\t<\/div>\n\t<\/div>\n\n\t<div class=\"wpb_single_image wpb_content_element vc_align_center\">\n\t\t\n\t\t<figure class=\"wpb_wrapper vc_figure\">\n\t\t\t<div class=\"vc_single_image-wrapper   vc_box_border_grey\"><img loading=\"lazy\" decoding=\"async\" width=\"1024\" height=\"499\" src=\"https:\/\/augstudy.com\/aug-website-files\/wp-content\/uploads\/2021\/11\/Time-Mgt-01-01-1024x499.jpg\" class=\"vc_single_image-img attachment-large\" alt=\"\" srcset=\"https:\/\/augstudy.com\/aug-website-files\/wp-content\/uploads\/2021\/11\/Time-Mgt-01-01-1024x499.jpg 1024w, https:\/\/augstudy.com\/aug-website-files\/wp-content\/uploads\/2021\/11\/Time-Mgt-01-01-300x146.jpg 300w, https:\/\/augstudy.com\/aug-website-files\/wp-content\/uploads\/2021\/11\/Time-Mgt-01-01-768x374.jpg 768w, https:\/\/augstudy.com\/aug-website-files\/wp-content\/uploads\/2021\/11\/Time-Mgt-01-01-1536x748.jpg 1536w, https:\/\/augstudy.com\/aug-website-files\/wp-content\/uploads\/2021\/11\/Time-Mgt-01-01-2048x997.jpg 2048w, https:\/\/augstudy.com\/aug-website-files\/wp-content\/uploads\/2021\/11\/Time-Mgt-01-01.jpg 1920w\" sizes=\"auto, (max-width: 1024px) 100vw, 1024px\" \/><\/div>\n\t\t<\/figure>\n\t<\/div>\n\n\t<div class=\"wpb_text_column wpb_content_element\">\n\t\t<div class=\"wpb_wrapper\">\n\t\t\t<p>Nh\u1eefng b\u00e0i ki\u1ec3m tra kh\u00f4ng bao gi\u1edd k\u1ebft th\u00fac, th\u1eddi h\u1ea1n tr\u1ec5, danh s\u00e1ch vi\u1ec7c c\u1ea7n l\u00e0m m\u1ed7i ng\u00e0y d\u00e0i h\u01a1n \u2013 nh\u1eefng tr\u1ea3i nghi\u1ec7m n\u00e0y \u0111\u1ec1u qu\u00e1 ph\u1ed5 bi\u1ebfn trong cu\u1ed9c \u0111\u1eddi c\u1ee7a m\u1ed9t sinh vi\u00ean. V\u00ec th\u1eddi gian l\u00e0 ngu\u1ed3n t\u00e0i nguy\u00ean h\u1eefu h\u1ea1n n\u00ean ch\u00fang ta ch\u1ec9 c\u00f3 24 gi\u1edd m\u1ed7i ng\u00e0y \u0111\u1ec3 c\u00e2n b\u1eb1ng tr\u00e1ch nhi\u1ec7m \u1edf tr\u01b0\u1eddng v\u00e0 \u1edf nh\u00e0. V\u00ec v\u1eady, h\u00e3y ch\u1ecdn m\u1ed9t ph\u01b0\u01a1ng ph\u00e1p ph\u00f9 h\u1ee3p v\u1edbi m\u00ecnh \u0111\u1ec3 b\u1ea1n c\u00f3 th\u1ec3 c\u00f3 nh\u1eefng gi\u00e2y ph\u00fat ri\u00eang trong khi n\u1ed7 l\u1ef1c h\u1ebft m\u00ecnh trong h\u1ecdc t\u1eadp.<\/p>\n<p>H\u00e3y xem 5 m\u1eb9o qu\u1ea3n l\u00fd th\u1eddi gian h\u00e0ng \u0111\u1ea7u c\u1ee7a ch\u00fang t\u00f4i d\u00e0nh cho sinh vi\u00ean.<\/p>\n<p>&nbsp;<\/p>\n<p><b>1. L\u1eacP K\u1ebe HO\u1ea0CH B\u1eb0NG C\u00c1CH L\u1eacP DANH S\u00c1CH VI\u1ec6C C\u1ea6N L\u00c0M<\/b><\/p>\n<p>T\u1ea1o danh s\u00e1ch vi\u1ec7c c\u1ea7n l\u00e0m b\u1eb1ng l\u1ecbch s\u1ebd th\u1ec3 hi\u1ec7n c\u1ea3 th\u1eddi gian r\u1ea3nh v\u00e0 th\u1eddi gian b\u1eadn r\u1ed9n. V\u1edbi danh s\u00e1ch nh\u01b0 v\u1eady trong t\u1ea7m tay c\u1ee7a b\u1ea1n, n\u00f3 s\u1ebd gi\u00fap x\u00f3a tan nh\u1eefng k\u00fd \u1ee9c \u0111\u1ea7y s\u01b0\u01a1ng m\u00f9. H\u01a1n n\u1eefa, vi\u1ec7c g\u1ea1ch b\u1ecf nhi\u1ec7m v\u1ee5 s\u1ebd t\u1ea1o ra c\u1ea3m gi\u00e1c ho\u00e0n th\u00e0nh.<\/p>\n<p>&nbsp;<\/p>\n<p><b>2. M\u1ee4C TI\u00caU \u201c TH\u00d4NG MINH\u201d\u00a0<\/b><br \/>\n\u0110\u1eb7t m\u1ee5c ti\u00eau b\u1eb1ng s\u1ed1 li\u1ec7u SMART \u0111\u00f3ng vai tr\u00f2 l\u00e0 h\u01b0\u1edbng d\u1eabn cho nhi\u1ec7m v\u1ee5 ph\u1ea3i ho\u00e0n th\u00e0nh h\u00e0ng ng\u00e0y. \u0110\u1ed3ng th\u1eddi, n\u00f3 th\u00fac \u0111\u1ea9y v\u00e0 th\u00fac \u0111\u1ea9y b\u1ea1n ti\u1ebfn xa h\u01a1n n\u1eefa \u0111\u1ec3 \u0111\u1ea1t \u0111\u01b0\u1ee3c m\u1ee5c ti\u00eau c\u1ee7a m\u00ecnh.<\/p>\n\n\t\t<\/div>\n\t<\/div>\n\n\t<div class=\"wpb_single_image wpb_content_element vc_align_center\">\n\t\t\n\t\t<figure class=\"wpb_wrapper vc_figure\">\n\t\t\t<div class=\"vc_single_image-wrapper   vc_box_border_grey\"><img loading=\"lazy\" decoding=\"async\" width=\"1024\" height=\"343\" src=\"https:\/\/augstudy.com\/aug-website-files\/wp-content\/uploads\/2021\/11\/SMART-goal-1024x343.jpg\" class=\"vc_single_image-img attachment-large\" alt=\"\" srcset=\"https:\/\/augstudy.com\/aug-website-files\/wp-content\/uploads\/2021\/11\/SMART-goal-1024x343.jpg 1024w, https:\/\/augstudy.com\/aug-website-files\/wp-content\/uploads\/2021\/11\/SMART-goal-300x101.jpg 300w, https:\/\/augstudy.com\/aug-website-files\/wp-content\/uploads\/2021\/11\/SMART-goal-768x258.jpg 768w, https:\/\/augstudy.com\/aug-website-files\/wp-content\/uploads\/2021\/11\/SMART-goal-1536x515.jpg 1536w, https:\/\/augstudy.com\/aug-website-files\/wp-content\/uploads\/2021\/11\/SMART-goal-2048x687.jpg 2048w, https:\/\/augstudy.com\/aug-website-files\/wp-content\/uploads\/2021\/11\/SMART-goal-scaled.jpg 1920w\" sizes=\"auto, (max-width: 1024px) 100vw, 1024px\" \/><\/div>\n\t\t<\/figure>\n\t<\/div>\n\n\t<div class=\"wpb_text_column wpb_content_element\">\n\t\t<div class=\"wpb_wrapper\">\n\t\t\t<p><b>3. GI\u1ea2M S\u1ef0 PH\u00c2N T\u00c2M V\u00c0 TR\u00c1NH CH\u00ccN L\u00d2NG\u00a0<\/b><br \/>\nS\u1ef1 m\u1ea5t t\u1eadp trung v\u00e0 tr\u00ec ho\u00e3n ch\u1eafc ch\u1eafn l\u00e0 nh\u1eefng tr\u1edf ng\u1ea1i l\u1edbn nh\u1ea5t. \u0110\u1ec3 \u0111\u1ed1i ph\u00f3, h\u00e3y ngh\u0129 \u0111\u1ebfn m\u00f4i tr\u01b0\u1eddng ho\u1eb7c ph\u01b0\u01a1ng ph\u00e1p t\u1ed1t nh\u1ea5t m\u00e0 b\u1ea1n c\u00f3 th\u1ec3 t\u1eadp trung v\u00e0 c\u1ea3m th\u1ea5y th\u00fa v\u1ecb. N\u00f3 c\u00f3 th\u1ec3 \u1edf trong ph\u00f2ng ri\u00eang c\u1ee7a b\u1ea1n, m\u1ed9t qu\u00e1n c\u00e0 ph\u00ea y\u00ean t\u0129nh ho\u1eb7c th\u01b0 vi\u1ec7n tr\u01b0\u1eddng h\u1ecdc. Ngo\u00e0i ra, h\u00e3y x\u00e1c \u0111\u1ecbnh xem h\u1ecdc m\u1ed9t m\u00ecnh hay theo nh\u00f3m s\u1ebd hi\u1ec7u qu\u1ea3 h\u01a1n v\u1edbi b\u1ea1n.<\/p>\n<p>&nbsp;<\/p>\n<p><b>4. S\u1eec D\u1ee4NG \u1ee8NG D\u1ee4NG HO\u1eb6C PH\u1ea6N M\u1ec0M C\u00d3 S\u1eb4N\u00a0<\/b><br \/>\nTrong th\u1eddi \u0111\u1ea1i am hi\u1ec3u c\u00f4ng ngh\u1ec7 n\u00e0y, c\u00f3 v\u00f4 s\u1ed1 \u1ee9ng d\u1ee5ng gi\u00fap b\u1ea1n d\u1ec5 d\u00e0ng qu\u1ea3n l\u00fd th\u1eddi gian. Ch\u00fang ta c\u00f3 th\u1ec3 s\u1eed d\u1ee5ng \u1ee9ng d\u1ee5ng \u201cForest\u201d \u0111\u1ec3 tri\u1ec3n khai K\u1ef9 thu\u1eadt Pomodoro, xen k\u1ebd c\u00e1c bu\u1ed5i l\u00e0m vi\u1ec7c t\u1eadp trung v\u1edbi nh\u1eefng kho\u1ea3ng ngh\u1ec9 ng\u1eafn th\u01b0\u1eddng xuy\u00ean \u0111\u1ec3 th\u00fac \u0111\u1ea9y s\u1ef1 t\u1eadp trung b\u1ec1n v\u1eefng v\u00e0 tr\u00e1nh m\u1ec7t m\u1ecfi v\u1ec1 tinh th\u1ea7n. Ngo\u00e0i ra, c\u00f3 nh\u1eefng trang web ho\u1eb7c tr\u00ecnh ch\u1eb7n \u1ee9ng d\u1ee5ng gi\u00fap b\u1ea1n kh\u00f4ng b\u1ecb m\u1ea5t d\u1ea5u v\u1ebft nh\u01b0 Freedom ho\u1eb7c StayFocused.<\/p>\n\n\t\t<\/div>\n\t<\/div>\n\n\t<div class=\"wpb_single_image wpb_content_element vc_align_center\">\n\t\t\n\t\t<figure class=\"wpb_wrapper vc_figure\">\n\t\t\t<div class=\"vc_single_image-wrapper   vc_box_border_grey\"><img loading=\"lazy\" decoding=\"async\" width=\"1024\" height=\"384\" src=\"https:\/\/augstudy.com\/aug-website-files\/wp-content\/uploads\/2021\/11\/Pomodoro-02-1024x384.jpg\" class=\"vc_single_image-img attachment-large\" alt=\"\" srcset=\"https:\/\/augstudy.com\/aug-website-files\/wp-content\/uploads\/2021\/11\/Pomodoro-02-1024x384.jpg 1024w, https:\/\/augstudy.com\/aug-website-files\/wp-content\/uploads\/2021\/11\/Pomodoro-02-300x113.jpg 300w, https:\/\/augstudy.com\/aug-website-files\/wp-content\/uploads\/2021\/11\/Pomodoro-02-768x288.jpg 768w, https:\/\/augstudy.com\/aug-website-files\/wp-content\/uploads\/2021\/11\/Pomodoro-02-1536x576.jpg 1536w, https:\/\/augstudy.com\/aug-website-files\/wp-content\/uploads\/2021\/11\/Pomodoro-02-2048x768.jpg 2048w, https:\/\/augstudy.com\/aug-website-files\/wp-content\/uploads\/2021\/11\/Pomodoro-02-scaled.jpg 1920w\" sizes=\"auto, (max-width: 1024px) 100vw, 1024px\" \/><\/div>\n\t\t<\/figure>\n\t<\/div>\n\n\t<div class=\"wpb_text_column wpb_content_element\">\n\t\t<div class=\"wpb_wrapper\">\n\t\t\t<p><b>5. XEM X\u00c9T V\u00c0 \u0110\u00c1NH GI\u00c1 L\u1ecaCH TR\u00ccNH C\u1ee6A B\u1ea0N\u00a0<\/b><br \/>\nLi\u00ean t\u1ee5c \u0111\u00e1nh gi\u00e1 k\u1ebf ho\u1ea1ch c\u1ee7a b\u1ea1n \u0111\u1ec3 nh\u1eadn ra n\u1ebfu c\u00f3 c\u1ea7n s\u1eeda \u0111\u1ed5i. Kh\u00f4ng c\u00f2n nghi ng\u1edd g\u00ec n\u1eefa, \u0111i\u1ec1u quan tr\u1ecdng l\u00e0 ph\u1ea3i tu\u00e2n theo l\u1ecbch tr\u00ecnh, tuy nhi\u00ean, c\u1ea7n c\u00e2n nh\u1eafc t\u00ednh linh ho\u1ea1t trong tr\u01b0\u1eddng h\u1ee3p l\u1eadp k\u1ebf ho\u1ea1ch sai l\u1ea7m* ho\u1eb7c c\u00e1c v\u1ea5n \u0111\u1ec1 t\u1ef1 ph\u00e1t kh\u00e1c.<\/p>\n<p><i>*Sai l\u1ea7m khi l\u1eadp k\u1ebf ho\u1ea1ch \u2013 m\u1ecdi ng\u01b0\u1eddi \u0111\u00e1nh gi\u00e1 th\u1ea5p th\u1eddi gian c\u1ea7n thi\u1ebft \u0111\u1ec3 ho\u00e0n th\u00e0nh m\u1ed9t nhi\u1ec7m v\u1ee5 trong t\u01b0\u01a1ng lai<\/i><\/p>\n<p>&nbsp;<\/p>\n<p>Cu\u1ed1i c\u00f9ng, qu\u1ea3n l\u00fd th\u1eddi gian kh\u00f4ng bao gi\u1edd l\u00e0 m\u1ed9t k\u1ef9 n\u0103ng d\u1ec5 d\u00e0ng c\u00f3 \u0111\u01b0\u1ee3c. V\u1edbi \u00e1p l\u1ef1c \u1edf tr\u01b0\u1eddng, b\u00e0i t\u1eadp, \u0111\u1eddi s\u1ed1ng x\u00e3 h\u1ed9i ho\u1eb7c c\u00f3 l\u1ebd l\u00e0 c\u00f4ng vi\u1ec7c, m\u1ed9t ng\u00e0y c\u00f3 th\u1ec3 tr\u00f4i qua trong ch\u1edbp m\u1eaft. V\u1edbi \u00fd ngh\u0129 \u0111\u00f3, nh\u1eefng l\u1eddi khuy\u00ean n\u00f3i tr\u00ean \u0111\u01b0\u1ee3c g\u1ee3i \u00fd \u0111\u1ec3 b\u1ea1n tr\u1edf th\u00e0nh ng\u01b0\u1eddi qu\u1ea3n l\u00fd th\u1eddi gian t\u1ed1t h\u01a1n b\u1eb1ng c\u00e1ch ch\u1ecdn ph\u01b0\u01a1ng ph\u00e1p ph\u00f9 h\u1ee3p nh\u1ea5t v\u1edbi m\u00ecnh.<\/p>\n\n\t\t<\/div>\n\t<\/div>\n<\/div><\/div><\/div><div class=\"guide_right_content wpb_column vc_column_container vc_col-sm-4\"><div class=\"vc_column-inner\"><div class=\"wpb_wrapper\"><div class='aug_guide_left_menu course_guide nd_options_text_align_center_all_iphone'><h4 class='aug_left_menu_heading nd_options_margin_top_20'>th\u00e1ng 12 n\u0103m 2021<\/h4><div class='aug_menu_arrow_preview' >\n\t\t\t<div class='aug_menu_arrow'><\/div>\n\t\t\t<div id='aug_left_menu_111' class='migration_menu aug_left_menu_item'>\n\t\t\t\t<a href='\/vi\/malaysia-2\/newsletter\/dec21\/'>Phi\u00ean b\u1ea3n th\u00e1ng 12 n\u0103m 2021<\/a>\n\t\t\t<\/div>\n\t\t  <\/div><div class='aug_menu_arrow_preview' >\n\t\t\t<div class='aug_menu_arrow'><\/div>\n\t\t\t<div id='aug_left_menu_112' class='migration_menu aug_left_menu_item'>\n\t\t\t\t<a href='\/vi\/malaysia-2\/newsletter\/dec21-becoming-a-lawyer\/'>Lu\u1eadt s\u01b0 Ph\u1ea7n 1: S\u01a1 l\u01b0\u1ee3c v\u1ec1 vi\u1ec7c tr\u1edf th\u00e0nh lu\u1eadt s\u01b0<\/a>\n\t\t\t<\/div>\n\t\t  <\/div><div class='aug_menu_arrow_preview' >\n\t\t\t<div class='aug_menu_arrow'><\/div>\n\t\t\t<div id='aug_left_menu_113' class='migration_menu aug_left_menu_item'>\n\t\t\t\t<a href='\/vi\/malaysia-2\/newsletter\/dec21-recognised-pathway\/'>Lu\u1eadt s\u01b0 Ph\u1ea7n 2: Con \u0111\u01b0\u1eddng \u0111\u01b0\u1ee3c c\u00f4ng nh\u1eadn<\/a>\n\t\t\t<\/div>\n\t\t  <\/div><div class='aug_menu_arrow_preview' >\n\t\t\t<div class='aug_menu_arrow'><\/div>\n\t\t\t<div id='aug_left_menu_114' class='migration_menu aug_left_menu_item'>\n\t\t\t\t<a href='\/vi\/malaysia-2\/newsletter\/dec21-aus-travel\/'>C\u1eadp nh\u1eadt du l\u1ecbch \u00dac\r\n\t<\/a>\n\t\t\t<\/div>\n\t\t  <\/div><h4 class='aug_left_menu_heading nd_options_margin_top_20'>Th\u00e1ng 11 n\u0103m 2021<\/h4><div class='aug_menu_arrow_preview' >\n\t\t\t<div class='aug_menu_arrow'><\/div>\n\t\t\t<div id='aug_left_menu_101' class='migration_menu aug_left_menu_item'>\n\t\t\t\t<a href='\/vi\/malaysia-2\/november-newsletter\/'>Phi\u00ean b\u1ea3n th\u00e1ng 11 n\u0103m 2021<\/a>\n\t\t\t<\/div>\n\t\t  <\/div><div class='aug_menu_arrow_preview' >\n\t\t\t<div class='aug_menu_arrow'><\/div>\n\t\t\t<div id='aug_left_menu_102' class='migration_menu aug_left_menu_item'>\n\t\t\t\t<a href='\/vi\/malaysia-2\/nov-early-career-planning\/'>L\u1eadp k\u1ebf ho\u1ea1ch ngh\u1ec1 nghi\u1ec7p s\u1edbm<\/a>\n\t\t\t<\/div>\n\t\t  <\/div><div class='aug_menu_arrow_preview' >\n\t\t\t<div class='aug_menu_arrow'><\/div>\n\t\t\t<div id='aug_left_menu_103' class='migration_menu aug_left_menu_item'>\n\t\t\t\t<a href='\/vi\/malaysia-2\/nov-time-management\/'>Qu\u1ea3n l\u00fd th\u1eddi gian<\/a>\n\t\t\t<\/div>\n\t\t  <\/div><div class='aug_menu_arrow_preview' >\n\t\t\t<div class='aug_menu_arrow'><\/div>\n\t\t\t<div id='aug_left_menu_104' class='migration_menu aug_left_menu_item'>\n\t\t\t\t<a href='\/vi\/malaysia-2\/nov-non-clinical-psych-career\/'>Ngh\u1ec1 nghi\u1ec7p t\u00e2m l\u00fd phi l\u00e2m s\u00e0ng d\u00e0nh cho sinh vi\u00ean t\u1ed1t nghi\u1ec7p ng\u00e0nh t\u00e2m l\u00fd h\u1ecdc<\/a>\n\t\t\t<\/div>\n\t\t  <\/div><img class='aug_live_chat aug_mascot' src='\/aug-website-files\/images\/menu\/got_question_white_356px.png' alt='Linh v\u1eadt AUG - B\u1ea1n c\u00f3 c\u00e2u h\u1ecfi?' \/><\/div>\n\t\t<script type='text\/javascript'>\n\t\t\ttry {\n\t\t\t\tjQuery('#aug_left_menu_103').addClass( 'menu_selected' );\n\t\t\t\tjQuery('#aug_left_menu_103').prev().addClass( 'aug_menu_arrow_showed');\n\t\t\t\tjQuery('.aug_menu_select').val('{selection_group}');\n\t\t\t\tvar selection = '103';\n\t\t\t\tif ( selection.length >= 4 ) {\n\t\t\t\t\tvar parent_menu = selection.substring(0,3);\n\t\t\t\t\tjQuery('#aug_left_menu_' + parent_menu).addClass( 'menu_selected' );\n\t\t\t\t}\n\t\t\t} catch(error) {}\n\t\t<\/script>\n\t<\/div><\/div><\/div><\/div>","protected":false},"excerpt":{"rendered":"Welcome to AUG November Highlightz! Never-ending tests, slipping deadlines, a to-do list that gets longer each day \u2013 these experiences are all too common in the life of a student. As time is a finite resource, we only have 24-hours a day to balance our responsibilities at school and home. Therefore, choose a right approach [...]","protected":false},"author":5,"featured_media":0,"parent":2279,"menu_order":0,"comment_status":"closed","ping_status":"closed","template":"","meta":{"footnotes":""},"class_list":["post-307995","page","type-page","status-publish","hentry"],"yoast_head":"<!-- This site is optimized with the Yoast SEO Premium plugin v27.5 (Yoast SEO v27.5) - https:\/\/yoast.com\/product\/yoast-seo-premium-wordpress\/ -->\n<title>Nov - Time Management - AUG Student Services<\/title>\n<meta name=\"description\" content=\"Free counselling for university selection, scholarships and visa applications. Let AUG Student Services fast-track your study-abroad journey today.\" \/>\n<meta name=\"robots\" content=\"index, follow, max-snippet:-1, max-image-preview:large, max-video-preview:-1\" \/>\n<link rel=\"canonical\" href=\"https:\/\/augstudy.com\/vi\/malaysia-2\/nov-time-management\/\" \/>\n<meta property=\"og:locale\" content=\"vi_VN\" \/>\n<meta property=\"og:type\" content=\"article\" \/>\n<meta property=\"og:title\" content=\"Nov - Time Management\" \/>\n<meta property=\"og:description\" content=\"Free counselling for university selection, scholarships and visa applications. Let AUG Student Services fast-track your study-abroad journey today.\" \/>\n<meta property=\"og:url\" content=\"https:\/\/augstudy.com\/vi\/malaysia-2\/nov-time-management\/\" \/>\n<meta property=\"og:site_name\" content=\"AUG Student Services\" \/>\n<meta property=\"article:publisher\" content=\"https:\/\/www.facebook.com\/augmalaysia\/\" \/>\n<meta property=\"article:modified_time\" content=\"2021-12-10T09:21:13+00:00\" \/>\n<meta name=\"twitter:card\" content=\"summary_large_image\" \/>\n<meta name=\"twitter:label1\" content=\"\u01af\u1edbc t\u00ednh th\u1eddi gian \u0111\u1ecdc\" \/>\n\t<meta name=\"twitter:data1\" content=\"2 ph\u00fat\" \/>\n<script type=\"application\/ld+json\" class=\"yoast-schema-graph\">{\"@context\":\"https:\\\/\\\/schema.org\",\"@graph\":[{\"@type\":\"WebPage\",\"@id\":\"https:\\\/\\\/augstudy.com\\\/malaysia\\\/nov-time-management\\\/\",\"url\":\"https:\\\/\\\/augstudy.com\\\/malaysia\\\/nov-time-management\\\/\",\"name\":\"Nov - Time Management - AUG Student Services\",\"isPartOf\":{\"@id\":\"https:\\\/\\\/augstudy.com\\\/#website\"},\"datePublished\":\"2021-11-05T08:23:50+00:00\",\"dateModified\":\"2021-12-10T09:21:13+00:00\",\"description\":\"Free counselling for university selection, scholarships and visa applications. Let AUG Student Services fast-track your study-abroad journey today.\",\"breadcrumb\":{\"@id\":\"https:\\\/\\\/augstudy.com\\\/malaysia\\\/nov-time-management\\\/#breadcrumb\"},\"inLanguage\":\"vi\",\"potentialAction\":[{\"@type\":\"ReadAction\",\"target\":[\"https:\\\/\\\/augstudy.com\\\/malaysia\\\/nov-time-management\\\/\"]}]},{\"@type\":\"BreadcrumbList\",\"@id\":\"https:\\\/\\\/augstudy.com\\\/malaysia\\\/nov-time-management\\\/#breadcrumb\",\"itemListElement\":[{\"@type\":\"ListItem\",\"position\":1,\"name\":\"Home\",\"item\":\"https:\\\/\\\/augstudy.com\\\/\"},{\"@type\":\"ListItem\",\"position\":2,\"name\":\"AUG Malaysia\",\"item\":\"https:\\\/\\\/augstudy.com\\\/malaysia\\\/\"},{\"@type\":\"ListItem\",\"position\":3,\"name\":\"Nov &#8211; Time Management\"}]},{\"@type\":\"WebSite\",\"@id\":\"https:\\\/\\\/augstudy.com\\\/#website\",\"url\":\"https:\\\/\\\/augstudy.com\\\/\",\"name\":\"AUG Student Services\",\"description\":\"Student Services\",\"alternateName\":\"AUG Global\",\"potentialAction\":[{\"@type\":\"SearchAction\",\"target\":{\"@type\":\"EntryPoint\",\"urlTemplate\":\"https:\\\/\\\/augstudy.com\\\/?s={search_term_string}\"},\"query-input\":{\"@type\":\"PropertyValueSpecification\",\"valueRequired\":true,\"valueName\":\"search_term_string\"}}],\"inLanguage\":\"vi\"}]}<\/script>\n<!-- \/ Yoast SEO Premium plugin. -->","yoast_head_json":{"title":"Nov - Time Management - AUG Student Services","description":"T\u01b0 v\u1ea5n mi\u1ec5n ph\u00ed v\u1ec1 ch\u1ecdn tr\u01b0\u1eddng \u0111\u1ea1i h\u1ecdc, h\u1ecdc b\u1ed5ng v\u00e0 xin th\u1ecb th\u1ef1c. H\u00e3y \u0111\u1ec3 D\u1ecbch v\u1ee5 Sinh vi\u00ean AUG gi\u00fap b\u1ea1n nhanh ch\u00f3ng ho\u00e0n th\u00e0nh h\u00e0nh tr\u00ecnh du h\u1ecdc ngay h\u00f4m nay.","robots":{"index":"index","follow":"follow","max-snippet":"max-snippet:-1","max-image-preview":"max-image-preview:large","max-video-preview":"max-video-preview:-1"},"canonical":"https:\/\/augstudy.com\/vi\/malaysia-2\/nov-time-management\/","og_locale":"vi_VN","og_type":"article","og_title":"Nov - Time Management","og_description":"Free counselling for university selection, scholarships and visa applications. Let AUG Student Services fast-track your study-abroad journey today.","og_url":"https:\/\/augstudy.com\/vi\/malaysia-2\/nov-time-management\/","og_site_name":"AUG Student Services","article_publisher":"https:\/\/www.facebook.com\/augmalaysia\/","article_modified_time":"2021-12-10T09:21:13+00:00","twitter_card":"summary_large_image","twitter_misc":{"\u01af\u1edbc t\u00ednh th\u1eddi gian \u0111\u1ecdc":"2 ph\u00fat"},"schema":{"@context":"https:\/\/schema.org","@graph":[{"@type":"WebPage","@id":"https:\/\/augstudy.com\/malaysia\/nov-time-management\/","url":"https:\/\/augstudy.com\/malaysia\/nov-time-management\/","name":"Nov - Time Management - AUG Student Services","isPartOf":{"@id":"https:\/\/augstudy.com\/#website"},"datePublished":"2021-11-05T08:23:50+00:00","dateModified":"2021-12-10T09:21:13+00:00","description":"T\u01b0 v\u1ea5n mi\u1ec5n ph\u00ed v\u1ec1 ch\u1ecdn tr\u01b0\u1eddng \u0111\u1ea1i h\u1ecdc, h\u1ecdc b\u1ed5ng v\u00e0 xin th\u1ecb th\u1ef1c. H\u00e3y \u0111\u1ec3 D\u1ecbch v\u1ee5 Sinh vi\u00ean AUG gi\u00fap b\u1ea1n nhanh ch\u00f3ng ho\u00e0n th\u00e0nh h\u00e0nh tr\u00ecnh du h\u1ecdc ngay h\u00f4m nay.","breadcrumb":{"@id":"https:\/\/augstudy.com\/malaysia\/nov-time-management\/#breadcrumb"},"inLanguage":"vi","potentialAction":[{"@type":"ReadAction","target":["https:\/\/augstudy.com\/malaysia\/nov-time-management\/"]}]},{"@type":"BreadcrumbList","@id":"https:\/\/augstudy.com\/malaysia\/nov-time-management\/#breadcrumb","itemListElement":[{"@type":"ListItem","position":1,"name":"Home","item":"https:\/\/augstudy.com\/"},{"@type":"ListItem","position":2,"name":"AUG Malaysia","item":"https:\/\/augstudy.com\/malaysia\/"},{"@type":"ListItem","position":3,"name":"Nov &#8211; Time Management"}]},{"@type":"WebSite","@id":"https:\/\/augstudy.com\/#website","url":"https:\/\/augstudy.com\/","name":"D\u1ecbch v\u1ee5 Sinh vi\u00ean AUG","description":"D\u1ecbch v\u1ee5 sinh vi\u00ean","alternateName":"AUG Global","potentialAction":[{"@type":"SearchAction","target":{"@type":"EntryPoint","urlTemplate":"https:\/\/augstudy.com\/?s={search_term_string}"},"query-input":{"@type":"PropertyValueSpecification","valueRequired":true,"valueName":"search_term_string"}}],"inLanguage":"vi"}]}},"_links":{"self":[{"href":"https:\/\/augstudy.com\/vi\/wp-json\/wp\/v2\/pages\/307995","targetHints":{"allow":["GET"]}}],"collection":[{"href":"https:\/\/augstudy.com\/vi\/wp-json\/wp\/v2\/pages"}],"about":[{"href":"https:\/\/augstudy.com\/vi\/wp-json\/wp\/v2\/types\/page"}],"author":[{"embeddable":true,"href":"https:\/\/augstudy.com\/vi\/wp-json\/wp\/v2\/users\/5"}],"replies":[{"embeddable":true,"href":"https:\/\/augstudy.com\/vi\/wp-json\/wp\/v2\/comments?post=307995"}],"version-history":[{"count":0,"href":"https:\/\/augstudy.com\/vi\/wp-json\/wp\/v2\/pages\/307995\/revisions"}],"up":[{"embeddable":true,"href":"https:\/\/augstudy.com\/vi\/wp-json\/wp\/v2\/pages\/2279"}],"wp:attachment":[{"href":"https:\/\/augstudy.com\/vi\/wp-json\/wp\/v2\/media?parent=307995"}],"curies":[{"name":"wp","href":"https:\/\/api.w.org\/{rel}","templated":true}]}}