{"id":307989,"date":"2021-11-05T19:23:33","date_gmt":"2021-11-05T08:23:33","guid":{"rendered":"https:\/\/augstudy.com\/?page_id=307989"},"modified":"2021-12-10T20:20:52","modified_gmt":"2021-12-10T09:20:52","slug":"nov-early-career-planning","status":"publish","type":"page","link":"https:\/\/augstudy.com\/vi\/malaysia\/nov-early-career-planning\/","title":{"rendered":"Nov &#8211; Early Career Planning"},"content":{"rendered":"<div class=\"vc_row wpb_row vc_row-fluid aug_margin_top_30\"><div class=\"aug_float_right_important aug_content_left_border wpb_column vc_column_container vc_col-sm-8\"><div class=\"vc_column-inner\"><div class=\"wpb_wrapper\">\n\t<div class=\"wpb_text_column wpb_content_element\">\n\t\t<div class=\"wpb_wrapper\">\n\t\t\t<h1 style=\"text-align: center;\">Ch\u00e0o m\u1eebng \u0111\u1ebfn v\u1edbi AUG Th\u00e1ng 11 Highlightz!<\/h1>\n\n\t\t<\/div>\n\t<\/div>\n\n\t<div class=\"wpb_single_image wpb_content_element vc_align_center\">\n\t\t\n\t\t<figure class=\"wpb_wrapper vc_figure\">\n\t\t\t<div class=\"vc_single_image-wrapper   vc_box_border_grey\"><img loading=\"lazy\" decoding=\"async\" width=\"1024\" height=\"512\" src=\"https:\/\/augstudy.com\/aug-website-files\/wp-content\/uploads\/2021\/11\/ECP-01-1024x512.jpg\" class=\"vc_single_image-img attachment-large\" alt=\"\" srcset=\"https:\/\/augstudy.com\/aug-website-files\/wp-content\/uploads\/2021\/11\/ECP-01-1024x512.jpg 1024w, https:\/\/augstudy.com\/aug-website-files\/wp-content\/uploads\/2021\/11\/ECP-01-300x150.jpg 300w, https:\/\/augstudy.com\/aug-website-files\/wp-content\/uploads\/2021\/11\/ECP-01-768x384.jpg 768w, https:\/\/augstudy.com\/aug-website-files\/wp-content\/uploads\/2021\/11\/ECP-01-1536x768.jpg 1536w, https:\/\/augstudy.com\/aug-website-files\/wp-content\/uploads\/2021\/11\/ECP-01-2048x1024.jpg 2048w, https:\/\/augstudy.com\/aug-website-files\/wp-content\/uploads\/2021\/11\/ECP-01-scaled.jpg 1920w\" sizes=\"auto, (max-width: 1024px) 100vw, 1024px\" \/><\/div>\n\t\t<\/figure>\n\t<\/div>\n\n\t<div class=\"wpb_text_column wpb_content_element\">\n\t\t<div class=\"wpb_wrapper\">\n\t\t\t<p>N\u1ebfu b\u1ea1n ngh\u0129 r\u1eb1ng vi\u1ec7c kh\u00e1m ph\u00e1 ngh\u1ec1 nghi\u1ec7p v\u1eabn c\u00f2n qu\u00e1 s\u1edbm \u0111\u1ed1i v\u1edbi b\u1ea1n, th\u00ec s\u1ef1 th\u1eadt l\u00e0 \u2013\u00a0<b>KH\u00d4NG BAO GI\u1edc QU\u00c1 S\u1edaM \u0110\u1ec2 KI\u1ebeM CON \u0110\u01af\u1edcNG T\u01af\u01a0NG LAI C\u1ee6A B\u1ea0N.<\/b><\/p>\n<p>&nbsp;<\/p>\n<p>D\u01b0\u1edbi \u0111\u00e2y l\u00e0 m\u1ed9t s\u1ed1 \u0111i\u1ec3m \u0111\u1ec3 thay \u0111\u1ed5i suy ngh\u0129 c\u1ee7a b\u1ea1n v\u1ec1 vi\u1ec7c l\u1eadp k\u1ebf ho\u1ea1ch s\u1edbm t\u1eeb ph\u1ea3n kh\u00e1ng sang ch\u1ea5p nh\u1eadn.<\/p>\n<p>&nbsp;<\/p>\n<p><b>HI\u1ec6U QU\u1ea2 CHI PH\u00cd\u00a0<\/b><br \/>\nThay \u0111\u1ed5i chuy\u00ean ng\u00e0nh khi \u0111ang h\u1ecdc \u0111\u1ea1i h\u1ecdc l\u00e0 \u0111i\u1ec1u kh\u00e1 ph\u1ed5 bi\u1ebfn, \u0111\u1eb7c bi\u1ec7t khi sinh vi\u00ean kh\u00f4ng ch\u1eafc ch\u1eafn v\u1ec1 t\u01b0\u01a1ng lai c\u1ee7a m\u00ecnh. Do \u0111\u00f3, n\u00f3 s\u1ebd k\u00e9o d\u00e0i th\u1eddi gian h\u1ecdc t\u1eadp c\u1ee7a sinh vi\u00ean v\u00e0 khi\u1ebfn h\u1ecd t\u1ed1n nhi\u1ec1u ti\u1ec1n h\u01a1n. Do \u0111\u00f3, nh\u1eefng sinh vi\u00ean c\u00f3 m\u1ee5c ti\u00eau r\u00f5 r\u00e0ng c\u00f3 th\u1ec3 ho\u00e0n th\u00e0nh vi\u1ec7c h\u1ecdc c\u1ee7a m\u00ecnh v\u1edbi chi ph\u00ed hi\u1ec7u qu\u1ea3.<\/p>\n<p>&nbsp;<\/p>\n<p><b>C\u1ea2M GI\u00c1C \u0110\u1ecaNH H\u01af\u1edaNG<\/b><br \/>\nH\u1ecdc sinh c\u00f3 th\u1ec3 \u0111\u00e1nh gi\u00e1 c\u00e1c l\u1ef1a ch\u1ecdn ngh\u1ec1 nghi\u1ec7p trong t\u01b0\u01a1ng lai c\u1ee7a m\u00ecnh b\u1eb1ng c\u00e1ch suy ng\u1eabm v\u1ec1 nh\u1eefng \u0111i\u1ec1u mang l\u1ea1i ni\u1ec1m vui v\u00e0 s\u1ef1 th\u1ecfa m\u00e3n cho h\u1ecd. Th\u00f4ng qua vi\u1ec7c \u0111\u00e1nh gi\u00e1 nh\u01b0 v\u1eady, h\u1ecdc sinh s\u1ebd nh\u1eadn th\u1ee9c r\u00f5 h\u01a1n v\u1ec1 \u0111i\u1ec3m m\u1ea1nh, \u0111i\u1ec3m y\u1ebfu c\u1ee7a m\u00ecnh, t\u1eeb \u0111\u00f3 c\u00f3 \u0111\u1ecbnh h\u01b0\u1edbng \u0111\u1ec3 ti\u1ebfn t\u1edbi m\u1ee5c ti\u00eau c\u1ee7a m\u00ecnh.<\/p>\n<p>&nbsp;<\/p>\n<p><b>PH\u00c1T TRI\u1ec2N M\u1ea0NG L\u01af\u1edaI CHUY\u00caN NGHI\u1ec6P\u00a0<\/b><br \/>\nV\u1edbi vi\u1ec7c l\u1eadp k\u1ebf ho\u1ea1ch ngh\u1ec1 nghi\u1ec7p s\u1edbm, sinh vi\u00ean c\u00f3 th\u1ec3 b\u1eaft \u0111\u1ea7u x\u00e2y d\u1ef1ng nh\u1eefng k\u1ebft n\u1ed1i c\u00f3 gi\u00e1 tr\u1ecb trong qu\u00e1 tr\u00ecnh th\u1ef1c t\u1eadp v\u00e0 l\u00e0m vi\u1ec7c b\u00e1n th\u1eddi gian. Th\u01b0 gi\u1edbi thi\u1ec7u t\u1eeb c\u00e1c chuy\u00ean gia c\u00f3 th\u1ec3 gi\u00fap \u0111\u1ea3m b\u1ea3o m\u1ed9t v\u1ecb tr\u00ed trong c\u00e1c nghi\u00ean c\u1ee9u c\u1ea5p b\u1eb1ng sau \u0111\u1ea1i h\u1ecdc ho\u1eb7c kh\u1edfi \u0111\u1ea7u h\u01b0\u1edbng t\u1edbi m\u1ed9t v\u1ecb tr\u00ed m\u01a1 \u01b0\u1edbc. Trong khi \u0111\u00f3, nh\u1eefng l\u1eddi khuy\u00ean t\u1eeb c\u00e1c chuy\u00ean gia l\u00e0 s\u1ef1 h\u01b0\u1edbng d\u1eabn c\u00f3 th\u1ec3 gi\u00fap h\u1ecdc sinh kh\u00f4ng \u0111i ch\u1ec7ch h\u01b0\u1edbng.<\/p>\n<p>&nbsp;<\/p>\n<p>Tr\u00ean c\u01a1 s\u1edf \u0111\u00f3, h\u00e3y th\u1ef1c hi\u1ec7n b\u01b0\u1edbc \u0111\u1ea7u ti\u00ean h\u01b0\u1edbng t\u1edbi vi\u1ec7c l\u1eadp k\u1ebf ho\u1ea1ch ngh\u1ec1 nghi\u1ec7p b\u1eb1ng c\u00e1ch\u00a0<b>BI\u1ebeT M\u00ccNH V\u1edaI \u0110\u00c1NH GI\u00c1 NH\u00c2N C\u00c1CH MBTI.<\/b>\u00a0MBTI (Ch\u1ec9 b\u00e1o lo\u1ea1i Myers Briggs) gi\u00fap b\u1ea1n hi\u1ec3u \u0111\u01b0\u1ee3c t\u00ednh c\u00e1ch v\u00e0 s\u1edf th\u00edch c\u1ee7a ch\u00ednh m\u00ecnh c\u0169ng nh\u01b0 x\u00e1c \u0111\u1ecbnh s\u1edf th\u00edch ngh\u1ec1 nghi\u1ec7p ph\u00f9 h\u1ee3p v\u1edbi b\u1ea1n nh\u1ea5t. B\u00e0i ki\u1ec3m tra d\u1ef1a tr\u00ean c\u00e1c lo\u1ea1i t\u00e2m l\u00fd c\u1ee7a Carl Jung, ph\u00e2n lo\u1ea1i c\u00e1c c\u00e1 nh\u00e2n th\u00e0nh m\u1ed9t trong m\u01b0\u1eddi s\u00e1u lo\u1ea1i.<\/p>\n\n\t\t<\/div>\n\t<\/div>\n\n\t<div class=\"wpb_single_image wpb_content_element vc_align_center\">\n\t\t\n\t\t<figure class=\"wpb_wrapper vc_figure\">\n\t\t\t<div class=\"vc_single_image-wrapper   vc_box_border_grey\"><img loading=\"lazy\" decoding=\"async\" width=\"1024\" height=\"499\" src=\"https:\/\/augstudy.com\/aug-website-files\/wp-content\/uploads\/2021\/11\/MBTI-01-1024x499.jpg\" class=\"vc_single_image-img attachment-large\" alt=\"\" srcset=\"https:\/\/augstudy.com\/aug-website-files\/wp-content\/uploads\/2021\/11\/MBTI-01-1024x499.jpg 1024w, https:\/\/augstudy.com\/aug-website-files\/wp-content\/uploads\/2021\/11\/MBTI-01-300x146.jpg 300w, https:\/\/augstudy.com\/aug-website-files\/wp-content\/uploads\/2021\/11\/MBTI-01-768x375.jpg 768w, https:\/\/augstudy.com\/aug-website-files\/wp-content\/uploads\/2021\/11\/MBTI-01-1536x749.jpg 1536w, https:\/\/augstudy.com\/aug-website-files\/wp-content\/uploads\/2021\/11\/MBTI-01-2048x999.jpg 2048w, https:\/\/augstudy.com\/aug-website-files\/wp-content\/uploads\/2021\/11\/MBTI-01-scaled.jpg 1920w\" sizes=\"auto, (max-width: 1024px) 100vw, 1024px\" \/><\/div>\n\t\t<\/figure>\n\t<\/div>\n\n\t<div class=\"wpb_text_column wpb_content_element\">\n\t\t<div class=\"wpb_wrapper\">\n\t\t\t<p style=\"text-align: center;\"><b>B\u1ea1n c\u00f3 mu\u1ed1n bi\u1ebft b\u1ea1n l\u00e0 ng\u01b0\u1eddi c\u00f3 t\u00ednh c\u00e1ch nh\u01b0 th\u1ebf n\u00e0o kh\u00f4ng?<\/b><\/p>\n\n\t\t<\/div>\n\t<\/div>\n<div class=\"vc_btn3-container vc_btn3-center\"><a class=\"vc_general vc_btn3 vc_btn3-size-xs vc_btn3-shape-rounded vc_btn3-style-modern vc_btn3-color-primary\" href=\"https:\/\/wa.me\/60129699440\" title=\"\" target=\"_blank\">H\u00e3y li\u00ean h\u1ec7 ngay v\u1edbi chuy\u00ean gia MBTI \u0111\u01b0\u1ee3c ch\u1ee9ng nh\u1eadn c\u1ee7a AUG!<\/a><\/div>\n<\/div><\/div><\/div><div class=\"guide_right_content wpb_column vc_column_container vc_col-sm-4\"><div class=\"vc_column-inner\"><div class=\"wpb_wrapper\"><div class='aug_guide_left_menu course_guide nd_options_text_align_center_all_iphone'><h4 class='aug_left_menu_heading nd_options_margin_top_20'>th\u00e1ng 12 n\u0103m 2021<\/h4><div class='aug_menu_arrow_preview' >\n\t\t\t<div class='aug_menu_arrow'><\/div>\n\t\t\t<div id='aug_left_menu_111' class='migration_menu aug_left_menu_item'>\n\t\t\t\t<a href='\/vi\/malaysia-2\/newsletter\/dec21\/'>Phi\u00ean b\u1ea3n th\u00e1ng 12 n\u0103m 2021<\/a>\n\t\t\t<\/div>\n\t\t  <\/div><div class='aug_menu_arrow_preview' >\n\t\t\t<div class='aug_menu_arrow'><\/div>\n\t\t\t<div id='aug_left_menu_112' class='migration_menu aug_left_menu_item'>\n\t\t\t\t<a href='\/vi\/malaysia-2\/newsletter\/dec21-becoming-a-lawyer\/'>Lu\u1eadt s\u01b0 Ph\u1ea7n 1: S\u01a1 l\u01b0\u1ee3c v\u1ec1 vi\u1ec7c tr\u1edf th\u00e0nh lu\u1eadt s\u01b0<\/a>\n\t\t\t<\/div>\n\t\t  <\/div><div class='aug_menu_arrow_preview' >\n\t\t\t<div class='aug_menu_arrow'><\/div>\n\t\t\t<div id='aug_left_menu_113' class='migration_menu aug_left_menu_item'>\n\t\t\t\t<a href='\/vi\/malaysia-2\/newsletter\/dec21-recognised-pathway\/'>Lu\u1eadt s\u01b0 Ph\u1ea7n 2: Con \u0111\u01b0\u1eddng \u0111\u01b0\u1ee3c c\u00f4ng nh\u1eadn<\/a>\n\t\t\t<\/div>\n\t\t  <\/div><div class='aug_menu_arrow_preview' >\n\t\t\t<div class='aug_menu_arrow'><\/div>\n\t\t\t<div id='aug_left_menu_114' class='migration_menu aug_left_menu_item'>\n\t\t\t\t<a href='\/vi\/malaysia-2\/newsletter\/dec21-aus-travel\/'>C\u1eadp nh\u1eadt du l\u1ecbch \u00dac\r\n\t<\/a>\n\t\t\t<\/div>\n\t\t  <\/div><h4 class='aug_left_menu_heading nd_options_margin_top_20'>Th\u00e1ng 11 n\u0103m 2021<\/h4><div class='aug_menu_arrow_preview' >\n\t\t\t<div class='aug_menu_arrow'><\/div>\n\t\t\t<div id='aug_left_menu_101' class='migration_menu aug_left_menu_item'>\n\t\t\t\t<a href='\/vi\/malaysia-2\/november-newsletter\/'>Phi\u00ean b\u1ea3n th\u00e1ng 11 n\u0103m 2021<\/a>\n\t\t\t<\/div>\n\t\t  <\/div><div class='aug_menu_arrow_preview' >\n\t\t\t<div class='aug_menu_arrow'><\/div>\n\t\t\t<div id='aug_left_menu_102' class='migration_menu aug_left_menu_item'>\n\t\t\t\t<a href='\/vi\/malaysia-2\/nov-early-career-planning\/'>L\u1eadp k\u1ebf ho\u1ea1ch ngh\u1ec1 nghi\u1ec7p s\u1edbm<\/a>\n\t\t\t<\/div>\n\t\t  <\/div><div class='aug_menu_arrow_preview' >\n\t\t\t<div class='aug_menu_arrow'><\/div>\n\t\t\t<div id='aug_left_menu_103' class='migration_menu aug_left_menu_item'>\n\t\t\t\t<a href='\/vi\/malaysia-2\/nov-time-management\/'>Qu\u1ea3n l\u00fd th\u1eddi gian<\/a>\n\t\t\t<\/div>\n\t\t  <\/div><div class='aug_menu_arrow_preview' >\n\t\t\t<div class='aug_menu_arrow'><\/div>\n\t\t\t<div id='aug_left_menu_104' class='migration_menu aug_left_menu_item'>\n\t\t\t\t<a href='\/vi\/malaysia-2\/nov-non-clinical-psych-career\/'>Ngh\u1ec1 nghi\u1ec7p t\u00e2m l\u00fd phi l\u00e2m s\u00e0ng d\u00e0nh cho sinh vi\u00ean t\u1ed1t nghi\u1ec7p ng\u00e0nh t\u00e2m l\u00fd h\u1ecdc<\/a>\n\t\t\t<\/div>\n\t\t  <\/div><img class='aug_live_chat aug_mascot' src='\/aug-website-files\/images\/menu\/got_question_white_356px.png' alt='Linh v\u1eadt AUG - B\u1ea1n c\u00f3 c\u00e2u h\u1ecfi?' \/><\/div>\n\t\t<script type='text\/javascript'>\n\t\t\ttry {\n\t\t\t\tjQuery('#aug_left_menu_102').addClass( 'menu_selected' );\n\t\t\t\tjQuery('#aug_left_menu_102').prev().addClass( 'aug_menu_arrow_showed');\n\t\t\t\tjQuery('.aug_menu_select').val('{selection_group}');\n\t\t\t\tvar selection = '102';\n\t\t\t\tif ( selection.length >= 4 ) {\n\t\t\t\t\tvar parent_menu = selection.substring(0,3);\n\t\t\t\t\tjQuery('#aug_left_menu_' + parent_menu).addClass( 'menu_selected' );\n\t\t\t\t}\n\t\t\t} catch(error) {}\n\t\t<\/script>\n\t<\/div><\/div><\/div><\/div>","protected":false},"excerpt":{"rendered":"Welcome to AUG November Highlightz! If you think that career exploration is still too early for you, the truth is -\u00a0IT IS NEVER TOO EARLY TO FORGE YOUR FUTURE PATH. &nbsp; Here are some points to change your mindset towards early planning from resistance to embracement. &nbsp; COST EFFECTIVE\u00a0 Changing majors in the mid of [...]","protected":false},"author":5,"featured_media":0,"parent":2279,"menu_order":0,"comment_status":"closed","ping_status":"closed","template":"","meta":{"footnotes":""},"class_list":["post-307989","page","type-page","status-publish","hentry"],"yoast_head":"<!-- This site is optimized with the Yoast SEO Premium plugin v27.5 (Yoast SEO v27.5) - https:\/\/yoast.com\/product\/yoast-seo-premium-wordpress\/ -->\n<title>Nov - Early Career Planning - AUG Student Services<\/title>\n<meta name=\"description\" content=\"Free counselling for university selection, scholarships and visa applications. Let AUG Student Services fast-track your study-abroad journey today.\" \/>\n<meta name=\"robots\" content=\"index, follow, max-snippet:-1, max-image-preview:large, max-video-preview:-1\" \/>\n<link rel=\"canonical\" href=\"https:\/\/augstudy.com\/vi\/malaysia-2\/nov-early-career-planning\/\" \/>\n<meta property=\"og:locale\" content=\"vi_VN\" \/>\n<meta property=\"og:type\" content=\"article\" \/>\n<meta property=\"og:title\" content=\"Nov - Early Career Planning\" \/>\n<meta property=\"og:description\" content=\"Free counselling for university selection, scholarships and visa applications. Let AUG Student Services fast-track your study-abroad journey today.\" \/>\n<meta property=\"og:url\" content=\"https:\/\/augstudy.com\/vi\/malaysia-2\/nov-early-career-planning\/\" \/>\n<meta property=\"og:site_name\" content=\"AUG Student Services\" \/>\n<meta property=\"article:publisher\" content=\"https:\/\/www.facebook.com\/augmalaysia\/\" \/>\n<meta property=\"article:modified_time\" content=\"2021-12-10T09:20:52+00:00\" \/>\n<meta name=\"twitter:card\" content=\"summary_large_image\" \/>\n<meta name=\"twitter:label1\" content=\"\u01af\u1edbc t\u00ednh th\u1eddi gian \u0111\u1ecdc\" \/>\n\t<meta name=\"twitter:data1\" content=\"2 ph\u00fat\" \/>\n<script type=\"application\/ld+json\" class=\"yoast-schema-graph\">{\"@context\":\"https:\\\/\\\/schema.org\",\"@graph\":[{\"@type\":\"WebPage\",\"@id\":\"https:\\\/\\\/augstudy.com\\\/malaysia\\\/nov-early-career-planning\\\/\",\"url\":\"https:\\\/\\\/augstudy.com\\\/malaysia\\\/nov-early-career-planning\\\/\",\"name\":\"Nov - Early Career Planning - AUG Student Services\",\"isPartOf\":{\"@id\":\"https:\\\/\\\/augstudy.com\\\/#website\"},\"datePublished\":\"2021-11-05T08:23:33+00:00\",\"dateModified\":\"2021-12-10T09:20:52+00:00\",\"description\":\"Free counselling for university selection, scholarships and visa applications. Let AUG Student Services fast-track your study-abroad journey today.\",\"breadcrumb\":{\"@id\":\"https:\\\/\\\/augstudy.com\\\/malaysia\\\/nov-early-career-planning\\\/#breadcrumb\"},\"inLanguage\":\"vi\",\"potentialAction\":[{\"@type\":\"ReadAction\",\"target\":[\"https:\\\/\\\/augstudy.com\\\/malaysia\\\/nov-early-career-planning\\\/\"]}]},{\"@type\":\"BreadcrumbList\",\"@id\":\"https:\\\/\\\/augstudy.com\\\/malaysia\\\/nov-early-career-planning\\\/#breadcrumb\",\"itemListElement\":[{\"@type\":\"ListItem\",\"position\":1,\"name\":\"Home\",\"item\":\"https:\\\/\\\/augstudy.com\\\/\"},{\"@type\":\"ListItem\",\"position\":2,\"name\":\"AUG Malaysia\",\"item\":\"https:\\\/\\\/augstudy.com\\\/malaysia\\\/\"},{\"@type\":\"ListItem\",\"position\":3,\"name\":\"Nov &#8211; Early Career Planning\"}]},{\"@type\":\"WebSite\",\"@id\":\"https:\\\/\\\/augstudy.com\\\/#website\",\"url\":\"https:\\\/\\\/augstudy.com\\\/\",\"name\":\"AUG Student Services\",\"description\":\"Student Services\",\"alternateName\":\"AUG Global\",\"potentialAction\":[{\"@type\":\"SearchAction\",\"target\":{\"@type\":\"EntryPoint\",\"urlTemplate\":\"https:\\\/\\\/augstudy.com\\\/?s={search_term_string}\"},\"query-input\":{\"@type\":\"PropertyValueSpecification\",\"valueRequired\":true,\"valueName\":\"search_term_string\"}}],\"inLanguage\":\"vi\"}]}<\/script>\n<!-- \/ Yoast SEO Premium plugin. -->","yoast_head_json":{"title":"Nov - Early Career Planning - AUG Student Services","description":"T\u01b0 v\u1ea5n mi\u1ec5n ph\u00ed v\u1ec1 ch\u1ecdn tr\u01b0\u1eddng \u0111\u1ea1i h\u1ecdc, h\u1ecdc b\u1ed5ng v\u00e0 xin th\u1ecb th\u1ef1c. H\u00e3y \u0111\u1ec3 D\u1ecbch v\u1ee5 Sinh vi\u00ean AUG gi\u00fap b\u1ea1n nhanh ch\u00f3ng ho\u00e0n th\u00e0nh h\u00e0nh tr\u00ecnh du h\u1ecdc ngay h\u00f4m nay.","robots":{"index":"index","follow":"follow","max-snippet":"max-snippet:-1","max-image-preview":"max-image-preview:large","max-video-preview":"max-video-preview:-1"},"canonical":"https:\/\/augstudy.com\/vi\/malaysia-2\/nov-early-career-planning\/","og_locale":"vi_VN","og_type":"article","og_title":"Nov - Early Career Planning","og_description":"Free counselling for university selection, scholarships and visa applications. Let AUG Student Services fast-track your study-abroad journey today.","og_url":"https:\/\/augstudy.com\/vi\/malaysia-2\/nov-early-career-planning\/","og_site_name":"AUG Student Services","article_publisher":"https:\/\/www.facebook.com\/augmalaysia\/","article_modified_time":"2021-12-10T09:20:52+00:00","twitter_card":"summary_large_image","twitter_misc":{"\u01af\u1edbc t\u00ednh th\u1eddi gian \u0111\u1ecdc":"2 ph\u00fat"},"schema":{"@context":"https:\/\/schema.org","@graph":[{"@type":"WebPage","@id":"https:\/\/augstudy.com\/malaysia\/nov-early-career-planning\/","url":"https:\/\/augstudy.com\/malaysia\/nov-early-career-planning\/","name":"Nov - Early Career Planning - AUG Student Services","isPartOf":{"@id":"https:\/\/augstudy.com\/#website"},"datePublished":"2021-11-05T08:23:33+00:00","dateModified":"2021-12-10T09:20:52+00:00","description":"T\u01b0 v\u1ea5n mi\u1ec5n ph\u00ed v\u1ec1 ch\u1ecdn tr\u01b0\u1eddng \u0111\u1ea1i h\u1ecdc, h\u1ecdc b\u1ed5ng v\u00e0 xin th\u1ecb th\u1ef1c. H\u00e3y \u0111\u1ec3 D\u1ecbch v\u1ee5 Sinh vi\u00ean AUG gi\u00fap b\u1ea1n nhanh ch\u00f3ng ho\u00e0n th\u00e0nh h\u00e0nh tr\u00ecnh du h\u1ecdc ngay h\u00f4m nay.","breadcrumb":{"@id":"https:\/\/augstudy.com\/malaysia\/nov-early-career-planning\/#breadcrumb"},"inLanguage":"vi","potentialAction":[{"@type":"ReadAction","target":["https:\/\/augstudy.com\/malaysia\/nov-early-career-planning\/"]}]},{"@type":"BreadcrumbList","@id":"https:\/\/augstudy.com\/malaysia\/nov-early-career-planning\/#breadcrumb","itemListElement":[{"@type":"ListItem","position":1,"name":"Home","item":"https:\/\/augstudy.com\/"},{"@type":"ListItem","position":2,"name":"AUG Malaysia","item":"https:\/\/augstudy.com\/malaysia\/"},{"@type":"ListItem","position":3,"name":"Nov &#8211; Early Career Planning"}]},{"@type":"WebSite","@id":"https:\/\/augstudy.com\/#website","url":"https:\/\/augstudy.com\/","name":"D\u1ecbch v\u1ee5 Sinh vi\u00ean AUG","description":"D\u1ecbch v\u1ee5 sinh vi\u00ean","alternateName":"AUG Global","potentialAction":[{"@type":"SearchAction","target":{"@type":"EntryPoint","urlTemplate":"https:\/\/augstudy.com\/?s={search_term_string}"},"query-input":{"@type":"PropertyValueSpecification","valueRequired":true,"valueName":"search_term_string"}}],"inLanguage":"vi"}]}},"_links":{"self":[{"href":"https:\/\/augstudy.com\/vi\/wp-json\/wp\/v2\/pages\/307989","targetHints":{"allow":["GET"]}}],"collection":[{"href":"https:\/\/augstudy.com\/vi\/wp-json\/wp\/v2\/pages"}],"about":[{"href":"https:\/\/augstudy.com\/vi\/wp-json\/wp\/v2\/types\/page"}],"author":[{"embeddable":true,"href":"https:\/\/augstudy.com\/vi\/wp-json\/wp\/v2\/users\/5"}],"replies":[{"embeddable":true,"href":"https:\/\/augstudy.com\/vi\/wp-json\/wp\/v2\/comments?post=307989"}],"version-history":[{"count":0,"href":"https:\/\/augstudy.com\/vi\/wp-json\/wp\/v2\/pages\/307989\/revisions"}],"up":[{"embeddable":true,"href":"https:\/\/augstudy.com\/vi\/wp-json\/wp\/v2\/pages\/2279"}],"wp:attachment":[{"href":"https:\/\/augstudy.com\/vi\/wp-json\/wp\/v2\/media?parent=307989"}],"curies":[{"name":"wp","href":"https:\/\/api.w.org\/{rel}","templated":true}]}}