{"id":307157,"date":"2021-11-05T19:23:13","date_gmt":"2021-11-05T08:23:13","guid":{"rendered":"https:\/\/augstudy.com\/?page_id=307157"},"modified":"2021-12-10T20:21:01","modified_gmt":"2021-12-10T09:21:01","slug":"november-newsletter","status":"publish","type":"page","link":"https:\/\/augstudy.com\/vi\/malaysia\/november-newsletter\/","title":{"rendered":"Newsletter Nov 21"},"content":{"rendered":"<div class=\"vc_row wpb_row vc_row-fluid aug_margin_top_30\"><div class=\"aug_float_right_important aug_content_left_border wpb_column vc_column_container vc_col-sm-8\"><div class=\"vc_column-inner\"><div class=\"wpb_wrapper\">\n\t<div class=\"wpb_text_column wpb_content_element\">\n\t\t<div class=\"wpb_wrapper\">\n\t\t\t<h1 style=\"text-align: center;\">Ch\u00e0o m\u1eebng \u0111\u1ebfn v\u1edbi AUG Th\u00e1ng 11 Highlightz!<\/h1>\n\n\t\t<\/div>\n\t<\/div>\n\n\t<div class=\"wpb_single_image wpb_content_element vc_align_center\">\n\t\t\n\t\t<figure class=\"wpb_wrapper vc_figure\">\n\t\t\t<div class=\"vc_single_image-wrapper   vc_box_border_grey\"><img loading=\"lazy\" decoding=\"async\" width=\"1024\" height=\"708\" src=\"https:\/\/augstudy.com\/aug-website-files\/wp-content\/uploads\/2021\/11\/AUG-Newsletter-21-02-1024x708.jpg\" class=\"vc_single_image-img attachment-large\" alt=\"\" srcset=\"https:\/\/augstudy.com\/aug-website-files\/wp-content\/uploads\/2021\/11\/AUG-Newsletter-21-02-1024x708.jpg 1024w, https:\/\/augstudy.com\/aug-website-files\/wp-content\/uploads\/2021\/11\/AUG-Newsletter-21-02-300x208.jpg 300w, https:\/\/augstudy.com\/aug-website-files\/wp-content\/uploads\/2021\/11\/AUG-Newsletter-21-02-768x531.jpg 768w, https:\/\/augstudy.com\/aug-website-files\/wp-content\/uploads\/2021\/11\/AUG-Newsletter-21-02.jpg 1460w\" sizes=\"auto, (max-width: 1024px) 100vw, 1024px\" \/><\/div>\n\t\t<\/figure>\n\t<\/div>\n\n\t<div class=\"wpb_text_column wpb_content_element\">\n\t\t<div class=\"wpb_wrapper\">\n\t\t\t<p style=\"text-align: center;\">\u0110\u00e3 \u0111\u1ebfn l\u00fac ch\u00e0o \u0111\u00f3n m\u1ed9t m\u00f9a l\u1ec5 h\u1ed9i n\u1eefa! V\u1edbi m\u00f3n \u0111\u1ed3 \u0103n nh\u1eb9 Murukku v\u00e0 ngh\u1ec7 thu\u1eadt rangoli xung quanh \u0111\u01b0\u1ee3c trang tr\u00ed, t\u1ea5t c\u1ea3 ch\u00fang ta \u0111\u1ec1u bi\u1ebft Deepavali \u1edf \u0111\u00e2y. H\u00e3y t\u1eadn d\u1ee5ng m\u00f9a n\u00e0y \u0111\u1ec3 d\u00e0nh th\u1eddi gian vui v\u1ebb b\u00ean gia \u0111\u00ecnh \u0111\u1ed3ng th\u1eddi gi\u1eef an to\u00e0n cho nhau. G\u1eedi nh\u1eefng rung c\u1ea3m t\u00edch c\u1ef1c tr\u00ean c\u00e1c n\u1ec1n t\u1ea3ng x\u00e3 h\u1ed9i l\u00e0 m\u1ed9t c\u00e1ch hay \u0111\u1ec3 chia s\u1ebb l\u1ec5 h\u1ed9i \u00e1nh s\u00e1ng vui v\u1ebb n\u00e0y.<\/p>\n<p>&nbsp;<\/p>\n<p style=\"text-align: center;\">C\u00f9ng v\u1edbi \u0111\u00f3, ch\u00fang t\u00f4i t\u1ea1i AUG xin ch\u00fac b\u1ea1n m\u1ed9t<\/p>\n<p style=\"text-align: center;\"><b>DIWALI VUI V\u1eba V\u00c0 AN TO\u00c0N!<\/b><\/p>\n\n\t\t<\/div>\n\t<\/div>\n<\/div><\/div><\/div><div class=\"guide_right_content wpb_column vc_column_container vc_col-sm-4\"><div class=\"vc_column-inner\"><div class=\"wpb_wrapper\"><div class='aug_guide_left_menu course_guide nd_options_text_align_center_all_iphone'><h4 class='aug_left_menu_heading nd_options_margin_top_20'>th\u00e1ng 12 n\u0103m 2021<\/h4><div class='aug_menu_arrow_preview' >\n\t\t\t<div class='aug_menu_arrow'><\/div>\n\t\t\t<div id='aug_left_menu_111' class='migration_menu aug_left_menu_item'>\n\t\t\t\t<a href='\/vi\/malaysia-2\/newsletter\/dec21\/'>Phi\u00ean b\u1ea3n th\u00e1ng 12 n\u0103m 2021<\/a>\n\t\t\t<\/div>\n\t\t  <\/div><div class='aug_menu_arrow_preview' >\n\t\t\t<div class='aug_menu_arrow'><\/div>\n\t\t\t<div id='aug_left_menu_112' class='migration_menu aug_left_menu_item'>\n\t\t\t\t<a href='\/vi\/malaysia-2\/newsletter\/dec21-becoming-a-lawyer\/'>Lu\u1eadt s\u01b0 Ph\u1ea7n 1: S\u01a1 l\u01b0\u1ee3c v\u1ec1 vi\u1ec7c tr\u1edf th\u00e0nh lu\u1eadt s\u01b0<\/a>\n\t\t\t<\/div>\n\t\t  <\/div><div class='aug_menu_arrow_preview' >\n\t\t\t<div class='aug_menu_arrow'><\/div>\n\t\t\t<div id='aug_left_menu_113' class='migration_menu aug_left_menu_item'>\n\t\t\t\t<a href='\/vi\/malaysia-2\/newsletter\/dec21-recognised-pathway\/'>Lu\u1eadt s\u01b0 Ph\u1ea7n 2: Con \u0111\u01b0\u1eddng \u0111\u01b0\u1ee3c c\u00f4ng nh\u1eadn<\/a>\n\t\t\t<\/div>\n\t\t  <\/div><div class='aug_menu_arrow_preview' >\n\t\t\t<div class='aug_menu_arrow'><\/div>\n\t\t\t<div id='aug_left_menu_114' class='migration_menu aug_left_menu_item'>\n\t\t\t\t<a href='\/vi\/malaysia-2\/newsletter\/dec21-aus-travel\/'>C\u1eadp nh\u1eadt du l\u1ecbch \u00dac\r\n\t<\/a>\n\t\t\t<\/div>\n\t\t  <\/div><h4 class='aug_left_menu_heading nd_options_margin_top_20'>Th\u00e1ng 11 n\u0103m 2021<\/h4><div class='aug_menu_arrow_preview' >\n\t\t\t<div class='aug_menu_arrow'><\/div>\n\t\t\t<div id='aug_left_menu_101' class='migration_menu aug_left_menu_item'>\n\t\t\t\t<a href='\/vi\/malaysia-2\/november-newsletter\/'>Phi\u00ean b\u1ea3n th\u00e1ng 11 n\u0103m 2021<\/a>\n\t\t\t<\/div>\n\t\t  <\/div><div class='aug_menu_arrow_preview' >\n\t\t\t<div class='aug_menu_arrow'><\/div>\n\t\t\t<div id='aug_left_menu_102' class='migration_menu aug_left_menu_item'>\n\t\t\t\t<a href='\/vi\/malaysia-2\/nov-early-career-planning\/'>L\u1eadp k\u1ebf ho\u1ea1ch ngh\u1ec1 nghi\u1ec7p s\u1edbm<\/a>\n\t\t\t<\/div>\n\t\t  <\/div><div class='aug_menu_arrow_preview' >\n\t\t\t<div class='aug_menu_arrow'><\/div>\n\t\t\t<div id='aug_left_menu_103' class='migration_menu aug_left_menu_item'>\n\t\t\t\t<a href='\/vi\/malaysia-2\/nov-time-management\/'>Qu\u1ea3n l\u00fd th\u1eddi gian<\/a>\n\t\t\t<\/div>\n\t\t  <\/div><div class='aug_menu_arrow_preview' >\n\t\t\t<div class='aug_menu_arrow'><\/div>\n\t\t\t<div id='aug_left_menu_104' class='migration_menu aug_left_menu_item'>\n\t\t\t\t<a href='\/vi\/malaysia-2\/nov-non-clinical-psych-career\/'>Ngh\u1ec1 nghi\u1ec7p t\u00e2m l\u00fd phi l\u00e2m s\u00e0ng d\u00e0nh cho sinh vi\u00ean t\u1ed1t nghi\u1ec7p ng\u00e0nh t\u00e2m l\u00fd h\u1ecdc<\/a>\n\t\t\t<\/div>\n\t\t  <\/div><img class='aug_live_chat aug_mascot' src='\/aug-website-files\/images\/menu\/got_question_white_356px.png' alt='Linh v\u1eadt AUG - B\u1ea1n c\u00f3 c\u00e2u h\u1ecfi?' \/><\/div>\n\t\t<script type='text\/javascript'>\n\t\t\ttry {\n\t\t\t\tjQuery('#aug_left_menu_101').addClass( 'menu_selected' );\n\t\t\t\tjQuery('#aug_left_menu_101').prev().addClass( 'aug_menu_arrow_showed');\n\t\t\t\tjQuery('.aug_menu_select').val('{selection_group}');\n\t\t\t\tvar selection = '101';\n\t\t\t\tif ( selection.length >= 4 ) {\n\t\t\t\t\tvar parent_menu = selection.substring(0,3);\n\t\t\t\t\tjQuery('#aug_left_menu_' + parent_menu).addClass( 'menu_selected' );\n\t\t\t\t}\n\t\t\t} catch(error) {}\n\t\t<\/script>\n\t<\/div><\/div><\/div><\/div>","protected":false},"excerpt":{"rendered":"Welcome to AUG November Highlightz! It is time to welcome another festive season! With murukku as snacks, and rangoli art decorating surroundings, we all know Deepavali is here. Take this season to spend quality time with family while keeping each other safe. Sending positive vibes across social platforms is a good way to share this [...]","protected":false},"author":5,"featured_media":0,"parent":2279,"menu_order":0,"comment_status":"closed","ping_status":"closed","template":"","meta":{"footnotes":""},"class_list":["post-307157","page","type-page","status-publish","hentry"],"yoast_head":"<!-- This site is optimized with the Yoast SEO Premium plugin v27.5 (Yoast SEO v27.5) - https:\/\/yoast.com\/product\/yoast-seo-premium-wordpress\/ -->\n<title>Newsletter Nov 21 - AUG Student Services<\/title>\n<meta name=\"description\" content=\"Free counselling for university selection, scholarships and visa applications. Let AUG Student Services fast-track your study-abroad journey today.\" \/>\n<meta name=\"robots\" content=\"index, follow, max-snippet:-1, max-image-preview:large, max-video-preview:-1\" \/>\n<link rel=\"canonical\" href=\"https:\/\/augstudy.com\/vi\/malaysia-2\/november-newsletter\/\" \/>\n<meta property=\"og:locale\" content=\"vi_VN\" \/>\n<meta property=\"og:type\" content=\"article\" \/>\n<meta property=\"og:title\" content=\"Newsletter Nov 21\" \/>\n<meta property=\"og:description\" content=\"Free counselling for university selection, scholarships and visa applications. Let AUG Student Services fast-track your study-abroad journey today.\" \/>\n<meta property=\"og:url\" content=\"https:\/\/augstudy.com\/vi\/malaysia-2\/november-newsletter\/\" \/>\n<meta property=\"og:site_name\" content=\"AUG Student Services\" \/>\n<meta property=\"article:publisher\" content=\"https:\/\/www.facebook.com\/augmalaysia\/\" \/>\n<meta property=\"article:modified_time\" content=\"2021-12-10T09:21:01+00:00\" \/>\n<meta name=\"twitter:card\" content=\"summary_large_image\" \/>\n<meta name=\"twitter:label1\" content=\"\u01af\u1edbc t\u00ednh th\u1eddi gian \u0111\u1ecdc\" \/>\n\t<meta name=\"twitter:data1\" content=\"1 ph\u00fat\" \/>\n<script type=\"application\/ld+json\" class=\"yoast-schema-graph\">{\"@context\":\"https:\\\/\\\/schema.org\",\"@graph\":[{\"@type\":\"WebPage\",\"@id\":\"https:\\\/\\\/augstudy.com\\\/malaysia\\\/november-newsletter\\\/\",\"url\":\"https:\\\/\\\/augstudy.com\\\/malaysia\\\/november-newsletter\\\/\",\"name\":\"Newsletter Nov 21 - AUG Student Services\",\"isPartOf\":{\"@id\":\"https:\\\/\\\/augstudy.com\\\/#website\"},\"datePublished\":\"2021-11-05T08:23:13+00:00\",\"dateModified\":\"2021-12-10T09:21:01+00:00\",\"description\":\"Free counselling for university selection, scholarships and visa applications. Let AUG Student Services fast-track your study-abroad journey today.\",\"breadcrumb\":{\"@id\":\"https:\\\/\\\/augstudy.com\\\/malaysia\\\/november-newsletter\\\/#breadcrumb\"},\"inLanguage\":\"vi\",\"potentialAction\":[{\"@type\":\"ReadAction\",\"target\":[\"https:\\\/\\\/augstudy.com\\\/malaysia\\\/november-newsletter\\\/\"]}]},{\"@type\":\"BreadcrumbList\",\"@id\":\"https:\\\/\\\/augstudy.com\\\/malaysia\\\/november-newsletter\\\/#breadcrumb\",\"itemListElement\":[{\"@type\":\"ListItem\",\"position\":1,\"name\":\"Home\",\"item\":\"https:\\\/\\\/augstudy.com\\\/\"},{\"@type\":\"ListItem\",\"position\":2,\"name\":\"AUG Malaysia\",\"item\":\"https:\\\/\\\/augstudy.com\\\/malaysia\\\/\"},{\"@type\":\"ListItem\",\"position\":3,\"name\":\"Newsletter Nov 21\"}]},{\"@type\":\"WebSite\",\"@id\":\"https:\\\/\\\/augstudy.com\\\/#website\",\"url\":\"https:\\\/\\\/augstudy.com\\\/\",\"name\":\"AUG Student Services\",\"description\":\"Student Services\",\"alternateName\":\"AUG Global\",\"potentialAction\":[{\"@type\":\"SearchAction\",\"target\":{\"@type\":\"EntryPoint\",\"urlTemplate\":\"https:\\\/\\\/augstudy.com\\\/?s={search_term_string}\"},\"query-input\":{\"@type\":\"PropertyValueSpecification\",\"valueRequired\":true,\"valueName\":\"search_term_string\"}}],\"inLanguage\":\"vi\"}]}<\/script>\n<!-- \/ Yoast SEO Premium plugin. -->","yoast_head_json":{"title":"Newsletter Nov 21 - AUG Student Services","description":"T\u01b0 v\u1ea5n mi\u1ec5n ph\u00ed v\u1ec1 ch\u1ecdn tr\u01b0\u1eddng \u0111\u1ea1i h\u1ecdc, h\u1ecdc b\u1ed5ng v\u00e0 xin th\u1ecb th\u1ef1c. H\u00e3y \u0111\u1ec3 D\u1ecbch v\u1ee5 Sinh vi\u00ean AUG gi\u00fap b\u1ea1n nhanh ch\u00f3ng ho\u00e0n th\u00e0nh h\u00e0nh tr\u00ecnh du h\u1ecdc ngay h\u00f4m nay.","robots":{"index":"index","follow":"follow","max-snippet":"max-snippet:-1","max-image-preview":"max-image-preview:large","max-video-preview":"max-video-preview:-1"},"canonical":"https:\/\/augstudy.com\/vi\/malaysia-2\/november-newsletter\/","og_locale":"vi_VN","og_type":"article","og_title":"Newsletter Nov 21","og_description":"Free counselling for university selection, scholarships and visa applications. Let AUG Student Services fast-track your study-abroad journey today.","og_url":"https:\/\/augstudy.com\/vi\/malaysia-2\/november-newsletter\/","og_site_name":"AUG Student Services","article_publisher":"https:\/\/www.facebook.com\/augmalaysia\/","article_modified_time":"2021-12-10T09:21:01+00:00","twitter_card":"summary_large_image","twitter_misc":{"\u01af\u1edbc t\u00ednh th\u1eddi gian \u0111\u1ecdc":"1 ph\u00fat"},"schema":{"@context":"https:\/\/schema.org","@graph":[{"@type":"WebPage","@id":"https:\/\/augstudy.com\/malaysia\/november-newsletter\/","url":"https:\/\/augstudy.com\/malaysia\/november-newsletter\/","name":"Newsletter Nov 21 - AUG Student Services","isPartOf":{"@id":"https:\/\/augstudy.com\/#website"},"datePublished":"2021-11-05T08:23:13+00:00","dateModified":"2021-12-10T09:21:01+00:00","description":"T\u01b0 v\u1ea5n mi\u1ec5n ph\u00ed v\u1ec1 ch\u1ecdn tr\u01b0\u1eddng \u0111\u1ea1i h\u1ecdc, h\u1ecdc b\u1ed5ng v\u00e0 xin th\u1ecb th\u1ef1c. H\u00e3y \u0111\u1ec3 D\u1ecbch v\u1ee5 Sinh vi\u00ean AUG gi\u00fap b\u1ea1n nhanh ch\u00f3ng ho\u00e0n th\u00e0nh h\u00e0nh tr\u00ecnh du h\u1ecdc ngay h\u00f4m nay.","breadcrumb":{"@id":"https:\/\/augstudy.com\/malaysia\/november-newsletter\/#breadcrumb"},"inLanguage":"vi","potentialAction":[{"@type":"ReadAction","target":["https:\/\/augstudy.com\/malaysia\/november-newsletter\/"]}]},{"@type":"BreadcrumbList","@id":"https:\/\/augstudy.com\/malaysia\/november-newsletter\/#breadcrumb","itemListElement":[{"@type":"ListItem","position":1,"name":"Home","item":"https:\/\/augstudy.com\/"},{"@type":"ListItem","position":2,"name":"AUG Malaysia","item":"https:\/\/augstudy.com\/malaysia\/"},{"@type":"ListItem","position":3,"name":"Newsletter Nov 21"}]},{"@type":"WebSite","@id":"https:\/\/augstudy.com\/#website","url":"https:\/\/augstudy.com\/","name":"D\u1ecbch v\u1ee5 Sinh vi\u00ean AUG","description":"D\u1ecbch v\u1ee5 sinh vi\u00ean","alternateName":"AUG Global","potentialAction":[{"@type":"SearchAction","target":{"@type":"EntryPoint","urlTemplate":"https:\/\/augstudy.com\/?s={search_term_string}"},"query-input":{"@type":"PropertyValueSpecification","valueRequired":true,"valueName":"search_term_string"}}],"inLanguage":"vi"}]}},"_links":{"self":[{"href":"https:\/\/augstudy.com\/vi\/wp-json\/wp\/v2\/pages\/307157","targetHints":{"allow":["GET"]}}],"collection":[{"href":"https:\/\/augstudy.com\/vi\/wp-json\/wp\/v2\/pages"}],"about":[{"href":"https:\/\/augstudy.com\/vi\/wp-json\/wp\/v2\/types\/page"}],"author":[{"embeddable":true,"href":"https:\/\/augstudy.com\/vi\/wp-json\/wp\/v2\/users\/5"}],"replies":[{"embeddable":true,"href":"https:\/\/augstudy.com\/vi\/wp-json\/wp\/v2\/comments?post=307157"}],"version-history":[{"count":0,"href":"https:\/\/augstudy.com\/vi\/wp-json\/wp\/v2\/pages\/307157\/revisions"}],"up":[{"embeddable":true,"href":"https:\/\/augstudy.com\/vi\/wp-json\/wp\/v2\/pages\/2279"}],"wp:attachment":[{"href":"https:\/\/augstudy.com\/vi\/wp-json\/wp\/v2\/media?parent=307157"}],"curies":[{"name":"wp","href":"https:\/\/api.w.org\/{rel}","templated":true}]}}