{"id":28212,"date":"2019-01-17T06:07:16","date_gmt":"2019-01-17T06:07:16","guid":{"rendered":"https:\/\/edsearch.com.au\/?page_id=28212"},"modified":"2019-01-24T04:12:28","modified_gmt":"2019-01-24T04:12:28","slug":"aug-wechat","status":"publish","type":"page","link":"https:\/\/augstudy.com\/vi\/aug-wechat\/","title":{"rendered":"AUG WeChat"},"content":{"rendered":"<div class=\"vc_row wpb_row vc_row-fluid\"><div class=\"wpb_column vc_column_container vc_col-sm-2\"><div class=\"vc_column-inner\"><div class=\"wpb_wrapper\"><\/div><\/div><\/div><div class=\"wpb_column vc_column_container vc_col-sm-8\"><div class=\"vc_column-inner\"><div class=\"wpb_wrapper\">\n\t<div class=\"wpb_raw_code wpb_content_element wpb_raw_html\">\n\t\t<div class=\"wpb_wrapper\">\n\t\t\t<h1 class=\"aug_margin_top_30\">AUG WeChat<\/h1>\n\t\t<\/div>\n\t<\/div>\n<\/div><\/div><\/div><div class=\"wpb_column vc_column_container vc_col-sm-2\"><div class=\"vc_column-inner\"><div class=\"wpb_wrapper\"><\/div><\/div><\/div><\/div><div class=\"vc_row wpb_row vc_row-fluid vc_row-o-content-middle vc_row-flex\"><div class=\"wpb_column vc_column_container vc_col-sm-2\"><div class=\"vc_column-inner\"><div class=\"wpb_wrapper\"><\/div><\/div><\/div><div class=\"aug_margin_0_all_iphone wpb_column vc_column_container vc_col-sm-4\"><div class=\"vc_column-inner vc_custom_1548286494419\"><div class=\"wpb_wrapper\">\n\t<div class=\"wpb_text_column wpb_content_element\">\n\t\t<div class=\"wpb_wrapper\">\n\t\t\t<h3>C\u00e1ch th\u00eam AUG trong WeChat<\/h3>\n<p>&nbsp;<\/p>\n<h4>WeChat QR<\/h4>\n<ol>\n<li>M\u1edf <strong>WeChat<\/strong> \u1ee9ng d\u1ee5ng tr\u00ean \u0111i\u1ec7n tho\u1ea1i c\u1ee7a b\u1ea1n.<\/li>\n<li>Ch\u1ea1m v\u00e0o &quot;<strong>Tr\u00f2 chuy\u1ec7n<\/strong>\u201d \u1edf cu\u1ed1i c\u1eeda s\u1ed5 WeChat.<\/li>\n<li>Ch\u1ea1m v\u00e0o &quot;<strong>+<\/strong>\u201d t\u00f9y ch\u1ecdn \u1edf g\u00f3c tr\u00ean b\u00ean ph\u1ea3i c\u1ee7a WeChat v\u00e0 ch\u1ecdn \u201c<strong>Qu\u00e9t<\/strong>&quot; l\u1ef1a ch\u1ecdn.<\/li>\n<li>H\u01b0\u1edbng m\u00e1y \u1ea3nh c\u1ee7a \u0111i\u1ec7n tho\u1ea1i v\u00e0o m\u00e3 QR v\u00e0 qu\u00e9t n\u00f3.<\/li>\n<\/ol>\n<h4>ID WeChat<\/h4>\n<ol>\n<li>M\u1edf <strong>WeChat<\/strong> \u1ee9ng d\u1ee5ng tr\u00ean \u0111i\u1ec7n tho\u1ea1i c\u1ee7a b\u1ea1n.<\/li>\n<li>Ch\u1ea1m v\u00e0o &quot;<strong>Tr\u00f2 chuy\u1ec7n<\/strong>\u201d \u1edf cu\u1ed1i c\u1eeda s\u1ed5 WeChat.<\/li>\n<li>Ch\u1ea1m v\u00e0o &quot;<strong>+<\/strong>\u201d t\u00f9y ch\u1ecdn \u1edf g\u00f3c tr\u00ean b\u00ean ph\u1ea3i c\u1ee7a WeChat v\u00e0 ch\u1ecdn \u201c<strong>Th\u00eam li\u00ean h\u1ec7<\/strong>&quot; l\u1ef1a ch\u1ecdn.<\/li>\n<li>G\u00f5 v\u00e0o <strong>ID WeChat AUG<\/strong> v\u00e0 nh\u1ea5n v\u00e0o \u201c<strong>T\u00ecm ki\u1ebfm<\/strong>n\u00fat \u201d c\u00f9ng v\u1edbi \u201c<strong>Th\u00eam v\u00e0o<\/strong>\u201d t\u00f9y ch\u1ecdn \u0111\u1ec3 ho\u00e0n th\u00e0nh.<\/li>\n<\/ol>\n\n\t\t<\/div>\n\t<\/div>\n<\/div><\/div><\/div><div class=\"nd_options_margin_left_50 aug_margin_0_all_iphone wpb_column vc_column_container vc_col-sm-4\"><div class=\"vc_column-inner\"><div class=\"wpb_wrapper\">\r\n\t\t<div class='aug_wechat_qr_bg aug_margin_0_auto aug_margin_0_auto_all_iphone'>\r\n\t\t\t<img class='aug_wechat_qr aug_margin_0_auto aug_margin_0_auto_all_iphone' src='\/aug-website-files\/wp-content\/uploads\/2019\/01\/wechat_qr_.jpg' onerror='this.style.display=\"none\"'\/>\r\n\t\t<\/div>\r\n\t<\/div><\/div><\/div><div class=\"wpb_column vc_column_container vc_col-sm-2\"><div class=\"vc_column-inner\"><div class=\"wpb_wrapper\"><\/div><\/div><\/div><\/div><div class=\"vc_row wpb_row vc_row-fluid\"><div class=\"wpb_column vc_column_container vc_col-sm-12\"><div class=\"vc_column-inner\"><div class=\"wpb_wrapper\"><div style=\"background-color:; height: 20px;\" class=\"nicdark_section\"><\/div><\/div><\/div><\/div><\/div>","protected":false},"excerpt":{"rendered":"AUG WeChat How to add AUG in WeChat &nbsp; WeChat QR Open WeChat app on your phone. Tap the \"Chat\" tab at the bottom of WeChat windows. Tap the \"+\" option that is at the upper-right corner of the WeChat&nbsp;and select \"Scan\" option. Point your phone's camera to the QR code and scan it. WeChat [...]","protected":false},"author":7,"featured_media":0,"parent":0,"menu_order":0,"comment_status":"closed","ping_status":"closed","template":"","meta":{"footnotes":""},"class_list":["post-28212","page","type-page","status-publish","hentry"],"yoast_head":"<!-- This site is optimized with the Yoast SEO Premium plugin v27.0 (Yoast SEO v27.3) - https:\/\/yoast.com\/product\/yoast-seo-premium-wordpress\/ -->\n<title>AUG WeChat - AUG Student Services<\/title>\n<meta name=\"description\" content=\"Free counselling for university selection, scholarships and visa applications. Let AUG Student Services fast-track your study-abroad journey today.\" \/>\n<meta name=\"robots\" content=\"index, follow, max-snippet:-1, max-image-preview:large, max-video-preview:-1\" \/>\n<link rel=\"canonical\" href=\"https:\/\/augstudy.com\/vi\/aug-wechat\/\" \/>\n<meta property=\"og:locale\" content=\"vi_VN\" \/>\n<meta property=\"og:type\" content=\"article\" \/>\n<meta property=\"og:title\" content=\"AUG WeChat\" \/>\n<meta property=\"og:description\" content=\"Free counselling for university selection, scholarships and visa applications. Let AUG Student Services fast-track your study-abroad journey today.\" \/>\n<meta property=\"og:url\" content=\"https:\/\/augstudy.com\/vi\/aug-wechat\/\" \/>\n<meta property=\"og:site_name\" content=\"AUG Student Services\" \/>\n<meta property=\"article:publisher\" content=\"https:\/\/www.facebook.com\/augmalaysia\/\" \/>\n<meta property=\"article:modified_time\" content=\"2019-01-24T04:12:28+00:00\" \/>\n<meta name=\"twitter:card\" content=\"summary_large_image\" \/>\n<meta name=\"twitter:label1\" content=\"\u01af\u1edbc t\u00ednh th\u1eddi gian \u0111\u1ecdc\" \/>\n\t<meta name=\"twitter:data1\" content=\"1 ph\u00fat\" \/>\n<script type=\"application\/ld+json\" class=\"yoast-schema-graph\">{\"@context\":\"https:\\\/\\\/schema.org\",\"@graph\":[{\"@type\":\"WebPage\",\"@id\":\"https:\\\/\\\/augstudy.com\\\/aug-wechat\\\/\",\"url\":\"https:\\\/\\\/augstudy.com\\\/aug-wechat\\\/\",\"name\":\"AUG WeChat - AUG Student Services\",\"isPartOf\":{\"@id\":\"https:\\\/\\\/augstudy.com\\\/#website\"},\"datePublished\":\"2019-01-17T06:07:16+00:00\",\"dateModified\":\"2019-01-24T04:12:28+00:00\",\"description\":\"Free counselling for university selection, scholarships and visa applications. Let AUG Student Services fast-track your study-abroad journey today.\",\"breadcrumb\":{\"@id\":\"https:\\\/\\\/augstudy.com\\\/aug-wechat\\\/#breadcrumb\"},\"inLanguage\":\"vi\",\"potentialAction\":[{\"@type\":\"ReadAction\",\"target\":[\"https:\\\/\\\/augstudy.com\\\/aug-wechat\\\/\"]}]},{\"@type\":\"BreadcrumbList\",\"@id\":\"https:\\\/\\\/augstudy.com\\\/aug-wechat\\\/#breadcrumb\",\"itemListElement\":[{\"@type\":\"ListItem\",\"position\":1,\"name\":\"Home\",\"item\":\"https:\\\/\\\/augstudy.com\\\/\"},{\"@type\":\"ListItem\",\"position\":2,\"name\":\"AUG WeChat\"}]},{\"@type\":\"WebSite\",\"@id\":\"https:\\\/\\\/augstudy.com\\\/#website\",\"url\":\"https:\\\/\\\/augstudy.com\\\/\",\"name\":\"AUG Student Services\",\"description\":\"Student Services\",\"alternateName\":\"AUG Global\",\"potentialAction\":[{\"@type\":\"SearchAction\",\"target\":{\"@type\":\"EntryPoint\",\"urlTemplate\":\"https:\\\/\\\/augstudy.com\\\/?s={search_term_string}\"},\"query-input\":{\"@type\":\"PropertyValueSpecification\",\"valueRequired\":true,\"valueName\":\"search_term_string\"}}],\"inLanguage\":\"vi\"}]}<\/script>\n<!-- \/ Yoast SEO Premium plugin. -->","yoast_head_json":{"title":"AUG WeChat - AUG Student Services","description":"T\u01b0 v\u1ea5n mi\u1ec5n ph\u00ed v\u1ec1 ch\u1ecdn tr\u01b0\u1eddng \u0111\u1ea1i h\u1ecdc, h\u1ecdc b\u1ed5ng v\u00e0 xin th\u1ecb th\u1ef1c. H\u00e3y \u0111\u1ec3 D\u1ecbch v\u1ee5 Sinh vi\u00ean AUG gi\u00fap b\u1ea1n nhanh ch\u00f3ng ho\u00e0n th\u00e0nh h\u00e0nh tr\u00ecnh du h\u1ecdc ngay h\u00f4m nay.","robots":{"index":"index","follow":"follow","max-snippet":"max-snippet:-1","max-image-preview":"max-image-preview:large","max-video-preview":"max-video-preview:-1"},"canonical":"https:\/\/augstudy.com\/vi\/aug-wechat\/","og_locale":"vi_VN","og_type":"article","og_title":"AUG WeChat","og_description":"Free counselling for university selection, scholarships and visa applications. Let AUG Student Services fast-track your study-abroad journey today.","og_url":"https:\/\/augstudy.com\/vi\/aug-wechat\/","og_site_name":"AUG Student Services","article_publisher":"https:\/\/www.facebook.com\/augmalaysia\/","article_modified_time":"2019-01-24T04:12:28+00:00","twitter_card":"summary_large_image","twitter_misc":{"\u01af\u1edbc t\u00ednh th\u1eddi gian \u0111\u1ecdc":"1 ph\u00fat"},"schema":{"@context":"https:\/\/schema.org","@graph":[{"@type":"WebPage","@id":"https:\/\/augstudy.com\/aug-wechat\/","url":"https:\/\/augstudy.com\/aug-wechat\/","name":"AUG WeChat - AUG Student Services","isPartOf":{"@id":"https:\/\/augstudy.com\/#website"},"datePublished":"2019-01-17T06:07:16+00:00","dateModified":"2019-01-24T04:12:28+00:00","description":"T\u01b0 v\u1ea5n mi\u1ec5n ph\u00ed v\u1ec1 ch\u1ecdn tr\u01b0\u1eddng \u0111\u1ea1i h\u1ecdc, h\u1ecdc b\u1ed5ng v\u00e0 xin th\u1ecb th\u1ef1c. H\u00e3y \u0111\u1ec3 D\u1ecbch v\u1ee5 Sinh vi\u00ean AUG gi\u00fap b\u1ea1n nhanh ch\u00f3ng ho\u00e0n th\u00e0nh h\u00e0nh tr\u00ecnh du h\u1ecdc ngay h\u00f4m nay.","breadcrumb":{"@id":"https:\/\/augstudy.com\/aug-wechat\/#breadcrumb"},"inLanguage":"vi","potentialAction":[{"@type":"ReadAction","target":["https:\/\/augstudy.com\/aug-wechat\/"]}]},{"@type":"BreadcrumbList","@id":"https:\/\/augstudy.com\/aug-wechat\/#breadcrumb","itemListElement":[{"@type":"ListItem","position":1,"name":"Home","item":"https:\/\/augstudy.com\/"},{"@type":"ListItem","position":2,"name":"AUG WeChat"}]},{"@type":"WebSite","@id":"https:\/\/augstudy.com\/#website","url":"https:\/\/augstudy.com\/","name":"D\u1ecbch v\u1ee5 Sinh vi\u00ean AUG","description":"D\u1ecbch v\u1ee5 sinh vi\u00ean","alternateName":"AUG Global","potentialAction":[{"@type":"SearchAction","target":{"@type":"EntryPoint","urlTemplate":"https:\/\/augstudy.com\/?s={search_term_string}"},"query-input":{"@type":"PropertyValueSpecification","valueRequired":true,"valueName":"search_term_string"}}],"inLanguage":"vi"}]}},"_links":{"self":[{"href":"https:\/\/augstudy.com\/vi\/wp-json\/wp\/v2\/pages\/28212","targetHints":{"allow":["GET"]}}],"collection":[{"href":"https:\/\/augstudy.com\/vi\/wp-json\/wp\/v2\/pages"}],"about":[{"href":"https:\/\/augstudy.com\/vi\/wp-json\/wp\/v2\/types\/page"}],"author":[{"embeddable":true,"href":"https:\/\/augstudy.com\/vi\/wp-json\/wp\/v2\/users\/7"}],"replies":[{"embeddable":true,"href":"https:\/\/augstudy.com\/vi\/wp-json\/wp\/v2\/comments?post=28212"}],"version-history":[{"count":0,"href":"https:\/\/augstudy.com\/vi\/wp-json\/wp\/v2\/pages\/28212\/revisions"}],"wp:attachment":[{"href":"https:\/\/augstudy.com\/vi\/wp-json\/wp\/v2\/media?parent=28212"}],"curies":[{"name":"wp","href":"https:\/\/api.w.org\/{rel}","templated":true}]}}