{"id":251326,"date":"2021-07-15T09:03:44","date_gmt":"2021-07-14T23:03:44","guid":{"rendered":"https:\/\/augstudy.com\/?page_id=251326"},"modified":"2021-07-27T14:22:55","modified_gmt":"2021-07-27T04:22:55","slug":"cau-hoi-thuong-gap-2","status":"publish","type":"page","link":"https:\/\/augstudy.com\/vi\/studyfest\/faqs\/","title":{"rendered":"StudyFest &#8211; FAQs"},"content":{"rendered":"<div data-vc-full-width=\"true\" data-vc-full-width-init=\"false\" class=\"vc_row wpb_row vc_row-fluid vc_custom_1625575190402 vc_row-has-fill vc_row-o-full-height vc_row-o-columns-middle vc_row-o-content-middle vc_row-flex\"><div class=\"wpb_column vc_column_container vc_col-sm-12\"><div class=\"vc_column-inner \"><div class=\"wpb_wrapper\">\n\t<div class=\"wpb_single_image wpb_content_element vc_align_center\">\n\t\t\n\t\t<figure class=\"wpb_wrapper vc_figure\">\n\t\t\t<div class=\"vc_single_image-wrapper   vc_box_border_grey\"><\/div>\n\t\t<\/figure>\n\t<\/div>\n\n\t<div class=\"wpb_text_column wpb_content_element \">\n\t\t<div class=\"wpb_wrapper\">\n\t\t\t<span class=\"\" style=\"display:block;clear:both;height: 0px;padding-top: 10px;border-top-width:0px;border-bottom-width:0px;\"><\/span>\n<h3 style=\"text-align: center; color: #ffffff;\"><strong>The Biggest Education, Migration and Internship EXPO<\/strong><\/h3>\n<h3 style=\"text-align: center; color: #ffffff;\"><strong>for International Students is Starting in:<\/strong><\/h3>\n<p><span class=\"\" style=\"display:block;clear:both;height: 0px;padding-top: 15px;border-top-width:0px;border-bottom-width:0px;\"><\/span><br \/>\n<div class=\"hurrytimer-cdt hurrytimer-cdt--245421 hurrytimer-campaign hurryt-loading hurrytimer-campaign-245421\" data-config=\"{&quot;id&quot;:245421,&quot;run_in_background&quot;:false,&quot;sticky&quot;:false,&quot;product_ids&quot;:[],&quot;actions&quot;:[{&quot;id&quot;:1,&quot;redirectUrl&quot;:&quot;&quot;,&quot;message&quot;:&quot;&quot;,&quot;coupon&quot;:&quot;&quot;,&quot;wcStockStatus&quot;:&quot;instock&quot;}],&quot;template&quot;:&quot;&lt;div class=\\&quot;hurrytimer-timer-block hurrytimer-cdt__dur\\&quot;&gt;&lt;div class=\\&quot;hurrytimer-timer-digit hurrytimer-cdt__time\\&quot;&gt;%D&lt;\\\/div&gt;&lt;\\\/div&gt;&lt;div class=\\&quot;hurrytimer-timer-block hurrytimer-cdt__dur\\&quot;&gt;&lt;div class=\\&quot;hurrytimer-timer-digit hurrytimer-cdt__time\\&quot;&gt;%H&lt;\\\/div&gt;&lt;\\\/div&gt;&lt;div class=\\&quot;hurrytimer-timer-block hurrytimer-cdt__dur\\&quot;&gt;&lt;div class=\\&quot;hurrytimer-timer-digit hurrytimer-cdt__time\\&quot;&gt;%M&lt;\\\/div&gt;&lt;\\\/div&gt;&lt;div class=\\&quot;hurrytimer-timer-block hurrytimer-cdt__dur\\&quot;&gt;&lt;div class=\\&quot;hurrytimer-timer-digit hurrytimer-cdt__time\\&quot;&gt;%S&lt;\\\/div&gt;&lt;\\\/div&gt;&quot;,&quot;methods&quot;:[1,2],&quot;mode&quot;:&quot;one_time&quot;,&quot;sticky_bar_hide_timeout&quot;:7,&quot;recurr&quot;:false,&quot;timeToNextRecurrence&quot;:0,&quot;isRegular&quot;:true,&quot;endDate&quot;:1660888800000}\" ><div class=\"hurrytimer-cdt__inner hurrytimer-timer\"><\/div><\/div><br \/>\n<span class=\"\" style=\"display:block;clear:both;height: 0px;padding-top: 15px;border-top-width:0px;border-bottom-width:0px;\"><\/span><\/p>\n<h4 style=\"text-align: center; color: #ffffff;\">&#8216;Shape Your Future&#8217; by attending our EXPO!<\/h4>\n<h4 style=\"text-align: center; color: #ffffff;\">Get your expert advice on further study, migration and internship.<\/h4>\n\n\t\t<\/div>\n\t<\/div>\n<div class=\"vc_row wpb_row vc_inner vc_row-fluid\"><div class=\"wpb_column vc_column_container vc_col-sm-12 vc_hidden-sm vc_hidden-xs\"><div class=\"vc_column-inner \"><div class=\"wpb_wrapper\">\n\t<div class=\"wpb_raw_code wpb_content_element wpb_raw_html\">\n\t\t<div class=\"wpb_wrapper\">\n\t\t\t<div class=\"wpb_wrapper\">\n  <div class=\"wpb_single_image wpb_content_element vc_align_center\">\n\n    <figure class=\"wpb_wrapper vc_figure\">\n      <div class=\"vc_single_image-wrapper vc_box_border_grey\">\n        <img decoding=\"async\" src=\"https:\/\/augstudy.com\/aug-website-files\/wp-content\/uploads\/2021\/07\/aug_auevents_studyfest_banner_date_569x125.png\" alt=\"\" width=\"569\" usemap=\"#Map_Desktop\" class=\"vc_single_image-img attachment-medium\" srcset=\"https:\/\/augstudy.com\/aug-website-files\/wp-content\/uploads\/2021\/07\/aug_auevents_studyfest_banner_date_569x125.png 284w, https:\/\/augstudy.com\/aug-website-files\/wp-content\/uploads\/2021\/07\/aug_auevents_studyfest_banner_date_569x125.png 569w\" sizes=\"(max-width: 284px) 100vw, 284px\">\n\n        <map name=\"Map_Desktop\">\n          <area shape=\"rect\" coords=\"0,0,97,95\" href=\"https:\/\/augstudy.com\/eventbrite-event\/aug-adelaide-studyfest-2021-education-migration-and-internship-expo\/\">\n          <area shape=\"rect\" coords=\"118,0,215,95\" href=\"https:\/\/augstudy.com\/eventbrite-event\/aug-brisbane-studyfest-2021-education-migration-and-internship-expo\/\">\n          <area shape=\"rect\" coords=\"236,0,334,95\" href=\"https:\/\/augstudy.com\/eventbrite-event\/aug-melbourne-studyfest-2021-education-migration-and-internship-expo\/\">\n          <area shape=\"rect\" coords=\"354,0,451,95\" href=\"https:\/\/augstudy.com\/eventbrite-event\/aug-perth-studyfest-2021-education-migration-and-internship-expo\/\">\n          <area shape=\"rect\" coords=\"472,0,568,95\" href=\"https:\/\/augstudy.com\/eventbrite-event\/aug-perth-studyfest-2021-education-migration-and-internship-expo\/\">\n        <\/map>\n      <\/div>\n    <\/figure>\n  <\/div>\n<\/div>\n\t\t<\/div>\n\t<\/div>\n<\/div><\/div><\/div><\/div><div class=\"vc_row wpb_row vc_inner vc_row-fluid\"><div class=\"wpb_column vc_column_container vc_col-sm-12 vc_hidden-lg vc_hidden-md\"><div class=\"vc_column-inner \"><div class=\"wpb_wrapper\">\n\t<div class=\"wpb_raw_code wpb_content_element wpb_raw_html\">\n\t\t<div class=\"wpb_wrapper\">\n\t\t\t<div class=\"wpb_wrapper\">\n  <div class=\"wpb_single_image wpb_content_element vc_align_center\">\n\n    <figure class=\"wpb_wrapper vc_figure\">\n      <div class=\"vc_single_image-wrapper vc_box_border_grey\">\n        <img decoding=\"async\" src=\"https:\/\/augstudy.com\/aug-website-files\/wp-content\/uploads\/2021\/07\/aug_auevents_studyfest_banner_date_mobile_version_646x482.png\" alt=\"\" width=\"646\" usemap=\"#Map_Mobile\" class=\"vc_single_image-img attachment-medium\" srcset=\"https:\/\/augstudy.com\/aug-website-files\/wp-content\/uploads\/2021\/07\/aug_auevents_studyfest_banner_date_mobile_version_646x482.png 232w, https:\/\/augstudy.com\/aug-website-files\/wp-content\/uploads\/2021\/07\/aug_auevents_studyfest_banner_date_mobile_version_646x482.png 646w\" sizes=\"(max-width: 323px) 100vw, 323px\">\n\n        <map name=\"Map_Mobile\">\n          <area shape=\"rect\" coords=\"0,0,106,104\" href=\"https:\/\/augstudy.com\/eventbrite-event\/aug-adelaide-studyfest-2021-education-migration-and-internship-expo\/\">\n          <area shape=\"rect\" coords=\"119,0,225,104\" href=\"https:\/\/augstudy.com\/eventbrite-event\/aug-brisbane-studyfest-2021-education-migration-and-internship-expo\/\">\n          <area shape=\"rect\" coords=\"238,0,344,104\" href=\"https:\/\/augstudy.com\/eventbrite-event\/aug-melbourne-studyfest-2021-education-migration-and-internship-expo\/\">\n          <area shape=\"rect\" coords=\"60,118,166,222\" href=\"https:\/\/augstudy.com\/eventbrite-event\/aug-perth-studyfest-2021-education-migration-and-internship-expo\/\">\n          <area shape=\"rect\" coords=\"179,118,285,222\" href=\"https:\/\/augstudy.com\/eventbrite-event\/aug-sydney-studyfest-2021-education-migration-and-internship-expo\/\">\n        <\/map>\n      <\/div>\n    <\/figure>\n  <\/div>\n<\/div>\n\t\t<\/div>\n\t<\/div>\n<\/div><\/div><\/div><\/div><\/div><\/div><\/div><\/div><div class=\"vc_row-full-width vc_clearfix\"><\/div><div id=\"aug_studyfest_main_menu\" data-vc-full-width=\"true\" data-vc-full-width-init=\"false\" class=\"vc_row wpb_row vc_row-fluid nd_options_display_none_all_iphone_important vc_custom_1625832756022 vc_row-has-fill vc_row-o-content-middle vc_row-flex\"><div class=\"nd_options_text_align_center_responsive_important wpb_column vc_column_container vc_col-sm-12 vc_hidden-sm vc_hidden-xs\"><div class=\"vc_column-inner vc_custom_1625527777612\"><div class=\"wpb_wrapper\">\n\t<div class=\"wpb_raw_code wpb_content_element wpb_raw_html vc_custom_1627358789249 aug_color_white_important\">\n\t\t<div class=\"wpb_wrapper\">\n\t\t\t<div class=\"nicdark_section nicdark_bg_greydark\">\n  <nav class=\"aug_text_align_center\">\n    <a href=\"\/studyfest\/\">StudyFest 2021<\/a>\n    <a href=\"\/studyfest\/highlights\/#event-highlights\">Event Highlights<\/a>\n    <a href=\"\/studyfest\/#why-attend\">Why Attend<\/a>\n    <a href=\"\/studyfest\/our-partners\/#partners\">Our Partners<\/a>\n    <a href=\"\/studyfest\/faqs\/#faqs\">FAQs<\/a>\n    <a href=\"\/studyfest\/terms-and-conditions\/\" target=\"_blank\">Terms and Conditions<\/a>\n  <\/nav>\n<\/div>\n\n<script>\nvar navbar = '';\nvar sticky = 0;\n\nwindow.addEventListener(\"load\", function(){\n  navbar = document.getElementById(\"aug_studyfest_main_menu\");\n  sticky = navbar.offsetTop;\n});\n\nwindow.addEventListener('scroll', myFunction);\n\nfunction myFunction() {\n  if (window.pageYOffset >= sticky) {\n    navbar.classList.add(\"sticky\")\n  } else {\n    navbar.classList.remove(\"sticky\");\n  }\n}\n<\/script>\n\t\t<\/div>\n\t<\/div>\n<\/div><\/div><\/div><\/div><div class=\"vc_row-full-width vc_clearfix\"><\/div><div id=\"faqs\" class=\"vc_row wpb_row vc_row-fluid\"><div class=\"wpb_column vc_column_container vc_col-sm-2\"><div class=\"vc_column-inner \"><div class=\"wpb_wrapper\"><\/div><\/div><\/div><div class=\"wpb_column vc_column_container vc_col-sm-8\"><div class=\"vc_column-inner \"><div class=\"wpb_wrapper\"><div class=\"vc_tta-container\" data-vc-action=\"collapse\"><div class=\"vc_general vc_tta vc_tta-accordion vc_tta-color-sky vc_tta-style-modern vc_tta-shape-rounded vc_tta-o-shape-group vc_tta-gap-15 vc_tta-controls-align-left vc_tta-o-no-fill\"><div class=\"vc_tta-panels-container\"><div class=\"vc_tta-panels\"><div class=\"vc_tta-panel vc_active\" id=\"faqs-1\" data-vc-content=\".vc_tta-panel-body\"><div class=\"vc_tta-panel-heading\"><h4 class=\"vc_tta-panel-title vc_tta-controls-icon-position-left\"><a href=\"#faqs-1\" data-vc-accordion data-vc-container=\".vc_tta-container\"><span class=\"vc_tta-title-text\">When do the events take place?<\/span><i class=\"vc_tta-controls-icon vc_tta-controls-icon-chevron\"><\/i><\/a><\/h4><\/div><div class=\"vc_tta-panel-body\">\n\t<div class=\"wpb_text_column wpb_content_element \">\n\t\t<div class=\"wpb_wrapper\">\n\t\t\t<p>AUG StudyFest 2021 will take place across 5 major cities including Adelaide, Brisbane, Melbourne, Perth, and Sydney from 4th August &#8211; 20th August 2021.<\/p>\n\n\t\t<\/div>\n\t<\/div>\n<\/div><\/div><div class=\"vc_tta-panel\" id=\"faqs-2\" data-vc-content=\".vc_tta-panel-body\"><div class=\"vc_tta-panel-heading\"><h4 class=\"vc_tta-panel-title vc_tta-controls-icon-position-left\"><a href=\"#faqs-2\" data-vc-accordion data-vc-container=\".vc_tta-container\"><span class=\"vc_tta-title-text\">What is the cost to attend?<\/span><i class=\"vc_tta-controls-icon vc_tta-controls-icon-chevron\"><\/i><\/a><\/h4><\/div><div class=\"vc_tta-panel-body\">\n\t<div class=\"wpb_text_column wpb_content_element \">\n\t\t<div class=\"wpb_wrapper\">\n\t\t\t<p>AUG StudyFest is free to attend for all attendees.<\/p>\n\n\t\t<\/div>\n\t<\/div>\n<\/div><\/div><div class=\"vc_tta-panel\" id=\"faqs-3\" data-vc-content=\".vc_tta-panel-body\"><div class=\"vc_tta-panel-heading\"><h4 class=\"vc_tta-panel-title vc_tta-controls-icon-position-left\"><a href=\"#faqs-3\" data-vc-accordion data-vc-container=\".vc_tta-container\"><span class=\"vc_tta-title-text\">What time is the event on?<\/span><i class=\"vc_tta-controls-icon vc_tta-controls-icon-chevron\"><\/i><\/a><\/h4><\/div><div class=\"vc_tta-panel-body\">\n\t<div class=\"wpb_text_column wpb_content_element \">\n\t\t<div class=\"wpb_wrapper\">\n\t\t\t<p>You can check your local city event <u><a href=\"\/studyfest\/highlights\/#event-highlights\">here<\/a><\/u>.<\/p>\n\n\t\t<\/div>\n\t<\/div>\n<\/div><\/div><div class=\"vc_tta-panel\" id=\"faqs-4\" data-vc-content=\".vc_tta-panel-body\"><div class=\"vc_tta-panel-heading\"><h4 class=\"vc_tta-panel-title vc_tta-controls-icon-position-left\"><a href=\"#faqs-4\" data-vc-accordion data-vc-container=\".vc_tta-container\"><span class=\"vc_tta-title-text\">How can I attend the event?<\/span><i class=\"vc_tta-controls-icon vc_tta-controls-icon-chevron\"><\/i><\/a><\/h4><\/div><div class=\"vc_tta-panel-body\">\n\t<div class=\"wpb_text_column wpb_content_element \">\n\t\t<div class=\"wpb_wrapper\">\n\t\t\t<p>You can attend the event in person by visiting the venues or opt to attend virtually via your smartphone, tablet or computer.<\/p>\n\n\t\t<\/div>\n\t<\/div>\n<\/div><\/div><\/div><\/div><\/div><\/div><\/div><\/div><\/div><div class=\"wpb_column vc_column_container vc_col-sm-2\"><div class=\"vc_column-inner \"><div class=\"wpb_wrapper\"><\/div><\/div><\/div><\/div><div class=\"vc_row wpb_row vc_row-fluid aug_text_align_center\"><div class=\"wpb_column vc_column_container vc_col-sm-4 vc_hidden-lg vc_hidden-md\"><div class=\"vc_column-inner vc_custom_1626251908327\"><div class=\"wpb_wrapper\"><div class=\"vc_btn3-container  aug_studyfest_navigation_button vc_btn3-center\"><a style=\"background-color:#00aeed; color:#ffffff;\" class=\"vc_general vc_btn3 vc_btn3-size-md vc_btn3-shape-rounded vc_btn3-style-custom vc_btn3-block vc_btn3-icon-left\" href=\"\/studyfest\/#why-attend\" title=\"\"><i class=\"vc_btn3-icon fa fa-info-circle\"><\/i> Why Attend<\/a><\/div>\n<\/div><\/div><\/div><div class=\"wpb_column vc_column_container vc_col-sm-4 vc_hidden-lg vc_hidden-md\"><div class=\"vc_column-inner \"><div class=\"wpb_wrapper\"><div class=\"vc_btn3-container  aug_studyfest_navigation_button vc_btn3-center\"><a style=\"background-color:#00aeed; color:#ffffff;\" class=\"vc_general vc_btn3 vc_btn3-size-md vc_btn3-shape-rounded vc_btn3-style-custom vc_btn3-block vc_btn3-icon-left\" href=\"\/studyfest\/highlights\/#event-highlights\" title=\"\"><i class=\"vc_btn3-icon fa fa-search\"><\/i> Event Highlights<\/a><\/div>\n<\/div><\/div><\/div><div class=\"wpb_column vc_column_container vc_col-sm-4 vc_hidden-lg vc_hidden-md\"><div class=\"vc_column-inner \"><div class=\"wpb_wrapper\"><div class=\"vc_btn3-container  aug_studyfest_navigation_button vc_btn3-center\"><a style=\"background-color:#00aeed; color:#ffffff;\" class=\"vc_general vc_btn3 vc_btn3-size-md vc_btn3-shape-rounded vc_btn3-style-custom vc_btn3-block vc_btn3-icon-left\" href=\"\/studyfest\/our-partners\/#partners\" title=\"\"><i class=\"vc_btn3-icon fa fa-users\"><\/i> Our Partners<\/a><\/div>\n<\/div><\/div><\/div><\/div>\n","protected":false},"excerpt":{"rendered":"The Biggest Education, Migration and Internship EXPO for International Students is Starting in: 'Shape Your Future' by attending our EXPO! Get your expert advice on further study, migration and internship. StudyFest 2021 Event Highlights Why Attend Our Partners FAQs Terms and Conditions var navbar = ''; var sticky = 0; window.addEventListener(\"load\", function(){ navbar = document.getElementById(\"aug_studyfest_main_menu\"); [...]","protected":false},"author":4,"featured_media":0,"parent":49921,"menu_order":0,"comment_status":"closed","ping_status":"closed","template":"","meta":{"footnotes":""},"class_list":["post-251326","page","type-page","status-publish","hentry"],"yoast_head":"<!-- This site is optimized with the Yoast SEO Premium plugin v27.0 (Yoast SEO v27.3) - https:\/\/yoast.com\/product\/yoast-seo-premium-wordpress\/ -->\n<title>StudyFest - FAQs - AUG Student Services<\/title>\n<meta name=\"description\" content=\"Free counselling for university selection, scholarships and visa applications. Let AUG Student Services fast-track your study-abroad journey today.\" \/>\n<meta name=\"robots\" content=\"index, follow, max-snippet:-1, max-image-preview:large, max-video-preview:-1\" \/>\n<link rel=\"canonical\" href=\"https:\/\/augstudy.com\/vi\/studyfest\/cau-hoi-thuong-gap-2\/\" \/>\n<meta property=\"og:locale\" content=\"vi_VN\" \/>\n<meta property=\"og:type\" content=\"article\" \/>\n<meta property=\"og:title\" content=\"StudyFest - FAQs\" \/>\n<meta property=\"og:description\" content=\"Free counselling for university selection, scholarships and visa applications. Let AUG Student Services fast-track your study-abroad journey today.\" \/>\n<meta property=\"og:url\" content=\"https:\/\/augstudy.com\/vi\/studyfest\/cau-hoi-thuong-gap-2\/\" \/>\n<meta property=\"og:site_name\" content=\"AUG Student Services\" \/>\n<meta property=\"article:publisher\" content=\"https:\/\/www.facebook.com\/augmalaysia\/\" \/>\n<meta property=\"article:modified_time\" content=\"2021-07-27T04:22:55+00:00\" \/>\n<meta name=\"twitter:card\" content=\"summary_large_image\" \/>\n<meta name=\"twitter:label1\" content=\"\u01af\u1edbc t\u00ednh th\u1eddi gian \u0111\u1ecdc\" \/>\n\t<meta name=\"twitter:data1\" content=\"6 ph\u00fat\" \/>\n<script type=\"application\/ld+json\" class=\"yoast-schema-graph\">{\"@context\":\"https:\\\/\\\/schema.org\",\"@graph\":[{\"@type\":\"WebPage\",\"@id\":\"https:\\\/\\\/augstudy.com\\\/studyfest\\\/faqs\\\/\",\"url\":\"https:\\\/\\\/augstudy.com\\\/studyfest\\\/faqs\\\/\",\"name\":\"StudyFest - FAQs - AUG Student Services\",\"isPartOf\":{\"@id\":\"https:\\\/\\\/augstudy.com\\\/#website\"},\"datePublished\":\"2021-07-14T23:03:44+00:00\",\"dateModified\":\"2021-07-27T04:22:55+00:00\",\"description\":\"Free counselling for university selection, scholarships and visa applications. Let AUG Student Services fast-track your study-abroad journey today.\",\"breadcrumb\":{\"@id\":\"https:\\\/\\\/augstudy.com\\\/studyfest\\\/faqs\\\/#breadcrumb\"},\"inLanguage\":\"vi\",\"potentialAction\":[{\"@type\":\"ReadAction\",\"target\":[\"https:\\\/\\\/augstudy.com\\\/studyfest\\\/faqs\\\/\"]}]},{\"@type\":\"BreadcrumbList\",\"@id\":\"https:\\\/\\\/augstudy.com\\\/studyfest\\\/faqs\\\/#breadcrumb\",\"itemListElement\":[{\"@type\":\"ListItem\",\"position\":1,\"name\":\"Home\",\"item\":\"https:\\\/\\\/augstudy.com\\\/\"},{\"@type\":\"ListItem\",\"position\":2,\"name\":\"StudyFest 2022\",\"item\":\"https:\\\/\\\/augstudy.com\\\/studyfest\\\/\"},{\"@type\":\"ListItem\",\"position\":3,\"name\":\"StudyFest &#8211; FAQs\"}]},{\"@type\":\"WebSite\",\"@id\":\"https:\\\/\\\/augstudy.com\\\/#website\",\"url\":\"https:\\\/\\\/augstudy.com\\\/\",\"name\":\"AUG Student Services\",\"description\":\"Student Services\",\"alternateName\":\"AUG Global\",\"potentialAction\":[{\"@type\":\"SearchAction\",\"target\":{\"@type\":\"EntryPoint\",\"urlTemplate\":\"https:\\\/\\\/augstudy.com\\\/?s={search_term_string}\"},\"query-input\":{\"@type\":\"PropertyValueSpecification\",\"valueRequired\":true,\"valueName\":\"search_term_string\"}}],\"inLanguage\":\"vi\"}]}<\/script>\n<!-- \/ Yoast SEO Premium plugin. -->","yoast_head_json":{"title":"StudyFest - FAQs - AUG Student Services","description":"T\u01b0 v\u1ea5n mi\u1ec5n ph\u00ed v\u1ec1 ch\u1ecdn tr\u01b0\u1eddng \u0111\u1ea1i h\u1ecdc, h\u1ecdc b\u1ed5ng v\u00e0 xin th\u1ecb th\u1ef1c. H\u00e3y \u0111\u1ec3 D\u1ecbch v\u1ee5 Sinh vi\u00ean AUG gi\u00fap b\u1ea1n nhanh ch\u00f3ng ho\u00e0n th\u00e0nh h\u00e0nh tr\u00ecnh du h\u1ecdc ngay h\u00f4m nay.","robots":{"index":"index","follow":"follow","max-snippet":"max-snippet:-1","max-image-preview":"max-image-preview:large","max-video-preview":"max-video-preview:-1"},"canonical":"https:\/\/augstudy.com\/vi\/studyfest\/cau-hoi-thuong-gap-2\/","og_locale":"vi_VN","og_type":"article","og_title":"StudyFest - FAQs","og_description":"Free counselling for university selection, scholarships and visa applications. Let AUG Student Services fast-track your study-abroad journey today.","og_url":"https:\/\/augstudy.com\/vi\/studyfest\/cau-hoi-thuong-gap-2\/","og_site_name":"AUG Student Services","article_publisher":"https:\/\/www.facebook.com\/augmalaysia\/","article_modified_time":"2021-07-27T04:22:55+00:00","twitter_card":"summary_large_image","twitter_misc":{"\u01af\u1edbc t\u00ednh th\u1eddi gian \u0111\u1ecdc":"6 ph\u00fat"},"schema":{"@context":"https:\/\/schema.org","@graph":[{"@type":"WebPage","@id":"https:\/\/augstudy.com\/studyfest\/faqs\/","url":"https:\/\/augstudy.com\/studyfest\/faqs\/","name":"StudyFest - FAQs - AUG Student Services","isPartOf":{"@id":"https:\/\/augstudy.com\/#website"},"datePublished":"2021-07-14T23:03:44+00:00","dateModified":"2021-07-27T04:22:55+00:00","description":"T\u01b0 v\u1ea5n mi\u1ec5n ph\u00ed v\u1ec1 ch\u1ecdn tr\u01b0\u1eddng \u0111\u1ea1i h\u1ecdc, h\u1ecdc b\u1ed5ng v\u00e0 xin th\u1ecb th\u1ef1c. H\u00e3y \u0111\u1ec3 D\u1ecbch v\u1ee5 Sinh vi\u00ean AUG gi\u00fap b\u1ea1n nhanh ch\u00f3ng ho\u00e0n th\u00e0nh h\u00e0nh tr\u00ecnh du h\u1ecdc ngay h\u00f4m nay.","breadcrumb":{"@id":"https:\/\/augstudy.com\/studyfest\/faqs\/#breadcrumb"},"inLanguage":"vi","potentialAction":[{"@type":"ReadAction","target":["https:\/\/augstudy.com\/studyfest\/faqs\/"]}]},{"@type":"BreadcrumbList","@id":"https:\/\/augstudy.com\/studyfest\/faqs\/#breadcrumb","itemListElement":[{"@type":"ListItem","position":1,"name":"Home","item":"https:\/\/augstudy.com\/"},{"@type":"ListItem","position":2,"name":"StudyFest 2022","item":"https:\/\/augstudy.com\/studyfest\/"},{"@type":"ListItem","position":3,"name":"StudyFest &#8211; FAQs"}]},{"@type":"WebSite","@id":"https:\/\/augstudy.com\/#website","url":"https:\/\/augstudy.com\/","name":"D\u1ecbch v\u1ee5 Sinh vi\u00ean AUG","description":"D\u1ecbch v\u1ee5 sinh vi\u00ean","alternateName":"AUG Global","potentialAction":[{"@type":"SearchAction","target":{"@type":"EntryPoint","urlTemplate":"https:\/\/augstudy.com\/?s={search_term_string}"},"query-input":{"@type":"PropertyValueSpecification","valueRequired":true,"valueName":"search_term_string"}}],"inLanguage":"vi"}]}},"_links":{"self":[{"href":"https:\/\/augstudy.com\/vi\/wp-json\/wp\/v2\/pages\/251326","targetHints":{"allow":["GET"]}}],"collection":[{"href":"https:\/\/augstudy.com\/vi\/wp-json\/wp\/v2\/pages"}],"about":[{"href":"https:\/\/augstudy.com\/vi\/wp-json\/wp\/v2\/types\/page"}],"author":[{"embeddable":true,"href":"https:\/\/augstudy.com\/vi\/wp-json\/wp\/v2\/users\/4"}],"replies":[{"embeddable":true,"href":"https:\/\/augstudy.com\/vi\/wp-json\/wp\/v2\/comments?post=251326"}],"version-history":[{"count":0,"href":"https:\/\/augstudy.com\/vi\/wp-json\/wp\/v2\/pages\/251326\/revisions"}],"up":[{"embeddable":true,"href":"https:\/\/augstudy.com\/vi\/wp-json\/wp\/v2\/pages\/49921"}],"wp:attachment":[{"href":"https:\/\/augstudy.com\/vi\/wp-json\/wp\/v2\/media?parent=251326"}],"curies":[{"name":"wp","href":"https:\/\/api.w.org\/{rel}","templated":true}]}}