{"id":2346,"date":"2018-02-08T03:22:41","date_gmt":"2018-02-08T03:22:41","guid":{"rendered":"http:\/\/edsearch.com.au\/?page_id=2346"},"modified":"2023-12-08T16:04:09","modified_gmt":"2023-12-08T05:04:09","slug":"su-kien-2","status":"publish","type":"page","link":"https:\/\/augstudy.com\/vi\/beijing\/events\/","title":{"rendered":"AUG Beijing Events"},"content":{"rendered":"<div class=\"vc_row wpb_row vc_row-fluid\"><div class=\"wpb_column vc_column_container vc_col-sm-12\"><div class=\"vc_column-inner\"><div class=\"wpb_wrapper\">\n\t<div class=\"wpb_raw_code wpb_content_element wpb_raw_html aug_header\">\n\t\t<div class=\"wpb_wrapper\">\n\t\t\t<h1>C\u00e1c s\u1ef1 ki\u1ec7n<\/h1>\n<div class=\"aug_border\"><\/div>\n<h5 style=\"text-align:center\">\u0110\u00e2y l\u00e0 nh\u1eefng s\u1ef1 ki\u1ec7n s\u1eafp t\u1edbi c\u1ee7a AUG trong khu v\u1ef1c c\u1ee7a b\u1ea1n<\/h5>\n<p>&nbsp;<\/p>\n\t\t<\/div>\n\t<\/div>\n\t\t<div class=\"iee_archive row_grid\" data-paged=\"1\" data-shortcode=\"{&quot;col&quot;:3,&quot;category&quot;:&quot;272&quot;,&quot;posts_per_page&quot;:6,&quot;paged&quot;:1,&quot;ajaxpagi&quot;:&quot;no&quot;,&quot;past_events&quot;:&quot;&quot;,&quot;layout&quot;:&quot;style1&quot;,&quot;order&quot;:&quot;ASC&quot;,&quot;orderby&quot;:&quot;&quot;}\" >\n\t\t\tHi\u1ec7n t\u1ea1i kh\u00f4ng c\u00f3 s\u1ef1 ki\u1ec7n n\u00e0o s\u1eafp di\u1ec5n ra.\t\t\t\t\t<\/div>\n\t\t<style type=\"text\/css\">\n\t\t\t.iee_archive .iee_event .event_date{\n\t\t\t    background-color: #039ED7;\n\t\t\t}\n\t\t\t.iee_archive .iee_event .event_desc .event_title{\n\t\t\t    color: #039ED7;\n\t\t\t}\n\t\t\t.iee-style4-main-div > div::before {\n\t\t\t\tbackground-color: #039ED7;\n      }\n\t\t\t.iee-event-count, .iee-event-meta > div, .iee-event-meta > div i, .iee-event-info h4 a:hover {\n\t\t\t\tcolor: #039ED7;\n\t\t\t}\n\t\t\t.iee-theme-btn{\n\t\t\t\tbackground: #039ED7;\n\t\t\t}\n\t\t<\/style>\n\t\t<div style=\"background-color:; height: 30px;\" class=\"nicdark_section\"><\/div><\/div><\/div><\/div><\/div><div id=\"why\" class=\"vc_row wpb_row vc_row-fluid aug_header\"><div class=\"wpb_column vc_column_container vc_col-sm-12\"><div class=\"vc_column-inner\"><div class=\"wpb_wrapper\"><div class=\"vc_row wpb_row vc_row-fluid aug_header vc_custom_1536907797611\"><div class=\"wpb_column vc_column_container vc_col-sm-12\"><div class=\"vc_column-inner\"><div class=\"wpb_wrapper\">\r\n\t<div class=\"wpb_raw_code wpb_content_element wpb_raw_html\">\r\n\t\t<div class=\"wpb_wrapper\">\r\n\t\t\t<h1>T\u1ea1i sao tham d\u1ef1?<\/h1>\r\n<div class=\"aug_border\"><\/div>\r\n\t\t<\/div>\r\n\t<\/div>\r\n<div class=\"vc_row wpb_row vc_inner vc_row-fluid nd_options_padding_left_150 nd_options_margin_bottom_20 nd_options_padding_left_0_all_iphone nd_options_text_align_center_all_iphone\"><div class=\"wpb_column vc_column_container vc_col-sm-4\"><div class=\"vc_column-inner\"><div class=\"wpb_wrapper\">\r\n\t<div class=\"wpb_raw_code wpb_content_element wpb_raw_html\">\r\n\t\t<div class=\"wpb_wrapper\">\r\n\t\t\t<h2 class=\"nd_options_margin_bottom_10\">\u0110\u01a1n \u0111\u0103ng k\u00fd<\/h2>\r\n<h5>Mi\u1ec5n chi ph\u00ed<\/h5>\r\n<p>N\u00f3i chuy\u1ec7n tr\u1ef1c ti\u1ebfp v\u1edbi tr\u01b0\u1eddng \u0111\u1ea1i h\u1ecdc <br \/>ti\u00eau bi\u1ec3u.<\/p>\r\n\r\n\t\t<\/div>\r\n\t<\/div>\r\n<\/div><\/div><\/div><div class=\"wpb_column vc_column_container vc_col-sm-4\"><div class=\"vc_column-inner\"><div class=\"wpb_wrapper\">\r\n\t<div class=\"wpb_raw_code wpb_content_element wpb_raw_html\">\r\n\t\t<div class=\"wpb_wrapper\">\r\n\t\t\t<h2 class=\"nd_options_margin_bottom_10\">H\u1ed9i th\u1ea3o mi\u1ec5n ph\u00ed<\/h2>\r\n<h5>V\u1ec1 nghi\u00ean c\u1ee9u s\u00e2u h\u01a1n v\u00e0 di c\u01b0<\/h5>\r\n<p>Tham d\u1ef1 h\u1ed9i th\u1ea3o mi\u1ec5n ph\u00ed v\u1ec1 <br \/>gi\u00e1o d\u1ee5c v\u00e0 di c\u01b0.<\/p>\r\n\t\t<\/div>\r\n\t<\/div>\r\n<\/div><\/div><\/div><div class=\"wpb_column vc_column_container vc_col-sm-4\"><div class=\"vc_column-inner\"><div class=\"wpb_wrapper\">\r\n\t<div class=\"wpb_raw_code wpb_content_element wpb_raw_html\">\r\n\t\t<div class=\"wpb_wrapper\">\r\n\t\t\t<h2 class=\"nd_options_margin_bottom_10\">H\u1ecdc b\u1ed5ng<\/h2>\r\n<h5>Kh\u1ea3 d\u1ee5ng<\/h5>\r\n<p><a href=\"\/vi\/hoc-bong\/\"><u>\u0110\u1eb7t c\u00e2u h\u1ecfi<\/u><\/a> v\u1ec1 h\u1ecdc b\u1ed5ng <br \/>kh\u1ea3 d\u1ee5ng.<\/p>\r\n\t\t<\/div>\r\n\t<\/div>\r\n<\/div><\/div><\/div><\/div><\/div><\/div><\/div><\/div>\n\t<div class=\"wpb_text_column wpb_content_element\">\n\t\t<div class=\"wpb_wrapper\">\n\t\t\t<p><!-- Bottom Border --><\/p>\n<div class=\"aug_bottom_border\"><\/div>\n\n\t\t<\/div>\n\t<\/div>\n<\/div><\/div><\/div><\/div><div id=\"who\" class=\"vc_row wpb_row vc_row-fluid aug_header vc_custom_1542324699715\"><div class=\"wpb_column vc_column_container vc_col-sm-12\"><div class=\"vc_column-inner\"><div class=\"wpb_wrapper\"><div class=\"vc_row wpb_row vc_row-fluid aug_header vc_custom_1536907797611\"><div class=\"wpb_column vc_column_container vc_col-sm-12\"><div class=\"vc_column-inner\"><div class=\"wpb_wrapper\">\r\n\t<div class=\"wpb_raw_code wpb_content_element wpb_raw_html\">\r\n\t\t<div class=\"wpb_wrapper\">\r\n\t\t\t<h1>Ai n\u00ean tham d\u1ef1?<\/h1>\r\n<div class=\"aug_border\"><\/div>\r\n\t\t<\/div>\r\n\t<\/div>\r\n<div class=\"vc_row wpb_row vc_inner vc_row-fluid nd_options_padding_left_150 nd_options_margin_bottom_20 nd_options_padding_left_0_all_iphone nd_options_text_align_center_all_iphone\"><div class=\"wpb_column vc_column_container vc_col-sm-4\"><div class=\"vc_column-inner\"><div class=\"wpb_wrapper\">\r\n\t<div class=\"wpb_raw_code wpb_content_element wpb_raw_html\">\r\n\t\t<div class=\"wpb_wrapper\">\r\n\t\t\t<h2 class=\"nd_options_margin_bottom_10\">D\u01b0\u1edbi\/Sau \u0111\u1ea1i h\u1ecdc<\/h2>\r\n            <h5>T\u00f4i mu\u1ed1n <a href=\"\/vi\/cuoc-dieu-tra\/\"><u>\u0111\u1eb7t c\u00e2u h\u1ecfi<\/u><\/a><\/h5>\r\n            <p>v\u1ec1 \u0111\u1ea1i h\u1ecdc v\u00e0 <br \/>ch\u1ee9ng ch\u1ec9 sau t\u1ed1t nghi\u1ec7p<\/p>\r\n\r\n\t\t<\/div>\r\n\t<\/div>\r\n<\/div><\/div><\/div><div class=\"wpb_column vc_column_container vc_col-sm-4\"><div class=\"vc_column-inner\"><div class=\"wpb_wrapper\">\r\n\t<div class=\"wpb_raw_code wpb_content_element wpb_raw_html\">\r\n\t\t<div class=\"wpb_wrapper\">\r\n\t\t\t<h2 class=\"nd_options_margin_bottom_10\">H\u1ecdc b\u1ed5ng &amp; Visa<\/h2>\r\n            <h5>T\u00f4i mu\u1ed1n <a href=\"\/vi\/hoc-bong\/#apply\"><u>\u0111\u1eb7t c\u00e2u h\u1ecfi<\/u><\/a><\/h5>\r\n<p>v\u1ec1 h\u1ecdc b\u1ed5ng v\u00e0 <br \/>Th\u1ecb th\u1ef1c &amp; Di c\u01b0<\/p>\r\n\t\t<\/div>\r\n\t<\/div>\r\n<\/div><\/div><\/div><div class=\"wpb_column vc_column_container vc_col-sm-4\"><div class=\"vc_column-inner\"><div class=\"wpb_wrapper\">\r\n\t<div class=\"wpb_raw_code wpb_content_element wpb_raw_html\">\r\n\t\t<div class=\"wpb_wrapper\">\r\n\t\t\t<h2 class=\"nd_options_margin_bottom_10\">Tr\u01b0\u1eddng \u0111\u1ea1i h\u1ecdc n\u00e0o?<\/h2>\r\n            <h5>T\u00f4i mu\u1ed1n <a href=\"\/vi\/cuoc-dieu-tra\/\"><u>\u0111\u1eb7t c\u00e2u h\u1ecfi<\/u><\/a><\/h5>\r\n\t\t\t<p>v\u1ec1 tr\u01b0\u1eddng \u0111\u1ea1i h\u1ecdc n\u00e0o <br \/>n\u00ean h\u1ecdc<\/p>\r\n\t\t<\/div>\r\n\t<\/div>\r\n<\/div><\/div><\/div><\/div><\/div><\/div><\/div><\/div><\/div><\/div><\/div><\/div>","protected":false},"excerpt":{"rendered":"When Events These are AUG upcoming events in your region &nbsp; There are no upcoming Events at this time. .iee_archive .iee_event .event_date{ background-color: #039ED7; } .iee_archive .iee_event .event_desc .event_title{ color: #039ED7; } .iee-style4-main-div > div::before { background-color: #039ED7; } .iee-event-count, .iee-event-meta > div, .iee-event-meta > div i, .iee-event-info h4 a:hover { color: #039ED7; } .iee-theme-btn{ [...]","protected":false},"author":1,"featured_media":0,"parent":2286,"menu_order":0,"comment_status":"closed","ping_status":"closed","template":"","meta":{"footnotes":""},"class_list":["post-2346","page","type-page","status-publish","hentry"],"yoast_head":"<!-- This site is optimized with the Yoast SEO Premium plugin v27.0 (Yoast SEO v27.3) - https:\/\/yoast.com\/product\/yoast-seo-premium-wordpress\/ -->\n<title>AUG Beijing Events - AUG Student Services<\/title>\n<meta name=\"description\" content=\"Free counselling for university selection, scholarships and visa applications. Let AUG Student Services fast-track your study-abroad journey today.\" \/>\n<meta name=\"robots\" content=\"index, follow, max-snippet:-1, max-image-preview:large, max-video-preview:-1\" \/>\n<link rel=\"canonical\" href=\"https:\/\/augstudy.com\/vi\/bac-kinh\/su-kien-2\/\" \/>\n<meta property=\"og:locale\" content=\"vi_VN\" \/>\n<meta property=\"og:type\" content=\"article\" \/>\n<meta property=\"og:title\" content=\"AUG Beijing Events\" \/>\n<meta property=\"og:description\" content=\"Free counselling for university selection, scholarships and visa applications. Let AUG Student Services fast-track your study-abroad journey today.\" \/>\n<meta property=\"og:url\" content=\"https:\/\/augstudy.com\/vi\/bac-kinh\/su-kien-2\/\" \/>\n<meta property=\"og:site_name\" content=\"AUG Student Services\" \/>\n<meta property=\"article:publisher\" content=\"https:\/\/www.facebook.com\/augmalaysia\/\" \/>\n<meta property=\"article:modified_time\" content=\"2023-12-08T05:04:09+00:00\" \/>\n<meta name=\"twitter:card\" content=\"summary_large_image\" \/>\n<meta name=\"twitter:label1\" content=\"\u01af\u1edbc t\u00ednh th\u1eddi gian \u0111\u1ecdc\" \/>\n\t<meta name=\"twitter:data1\" content=\"1 ph\u00fat\" \/>\n<script type=\"application\/ld+json\" class=\"yoast-schema-graph\">{\"@context\":\"https:\\\/\\\/schema.org\",\"@graph\":[{\"@type\":\"WebPage\",\"@id\":\"https:\\\/\\\/augstudy.com\\\/beijing\\\/events\\\/\",\"url\":\"https:\\\/\\\/augstudy.com\\\/beijing\\\/events\\\/\",\"name\":\"AUG Beijing Events - AUG Student Services\",\"isPartOf\":{\"@id\":\"https:\\\/\\\/augstudy.com\\\/#website\"},\"datePublished\":\"2018-02-08T03:22:41+00:00\",\"dateModified\":\"2023-12-08T05:04:09+00:00\",\"description\":\"Free counselling for university selection, scholarships and visa applications. Let AUG Student Services fast-track your study-abroad journey today.\",\"breadcrumb\":{\"@id\":\"https:\\\/\\\/augstudy.com\\\/beijing\\\/events\\\/#breadcrumb\"},\"inLanguage\":\"vi\",\"potentialAction\":[{\"@type\":\"ReadAction\",\"target\":[\"https:\\\/\\\/augstudy.com\\\/beijing\\\/events\\\/\"]}]},{\"@type\":\"BreadcrumbList\",\"@id\":\"https:\\\/\\\/augstudy.com\\\/beijing\\\/events\\\/#breadcrumb\",\"itemListElement\":[{\"@type\":\"ListItem\",\"position\":1,\"name\":\"Home\",\"item\":\"https:\\\/\\\/augstudy.com\\\/\"},{\"@type\":\"ListItem\",\"position\":2,\"name\":\"AUG Beijing\",\"item\":\"https:\\\/\\\/augstudy.com\\\/beijing\\\/\"},{\"@type\":\"ListItem\",\"position\":3,\"name\":\"AUG Beijing Events\"}]},{\"@type\":\"WebSite\",\"@id\":\"https:\\\/\\\/augstudy.com\\\/#website\",\"url\":\"https:\\\/\\\/augstudy.com\\\/\",\"name\":\"AUG Student Services\",\"description\":\"Student Services\",\"alternateName\":\"AUG Global\",\"potentialAction\":[{\"@type\":\"SearchAction\",\"target\":{\"@type\":\"EntryPoint\",\"urlTemplate\":\"https:\\\/\\\/augstudy.com\\\/?s={search_term_string}\"},\"query-input\":{\"@type\":\"PropertyValueSpecification\",\"valueRequired\":true,\"valueName\":\"search_term_string\"}}],\"inLanguage\":\"vi\"}]}<\/script>\n<!-- \/ Yoast SEO Premium plugin. -->","yoast_head_json":{"title":"AUG Beijing Events - AUG Student Services","description":"T\u01b0 v\u1ea5n mi\u1ec5n ph\u00ed v\u1ec1 ch\u1ecdn tr\u01b0\u1eddng \u0111\u1ea1i h\u1ecdc, h\u1ecdc b\u1ed5ng v\u00e0 xin th\u1ecb th\u1ef1c. H\u00e3y \u0111\u1ec3 D\u1ecbch v\u1ee5 Sinh vi\u00ean AUG gi\u00fap b\u1ea1n nhanh ch\u00f3ng ho\u00e0n th\u00e0nh h\u00e0nh tr\u00ecnh du h\u1ecdc ngay h\u00f4m nay.","robots":{"index":"index","follow":"follow","max-snippet":"max-snippet:-1","max-image-preview":"max-image-preview:large","max-video-preview":"max-video-preview:-1"},"canonical":"https:\/\/augstudy.com\/vi\/bac-kinh\/su-kien-2\/","og_locale":"vi_VN","og_type":"article","og_title":"AUG Beijing Events","og_description":"Free counselling for university selection, scholarships and visa applications. Let AUG Student Services fast-track your study-abroad journey today.","og_url":"https:\/\/augstudy.com\/vi\/bac-kinh\/su-kien-2\/","og_site_name":"AUG Student Services","article_publisher":"https:\/\/www.facebook.com\/augmalaysia\/","article_modified_time":"2023-12-08T05:04:09+00:00","twitter_card":"summary_large_image","twitter_misc":{"\u01af\u1edbc t\u00ednh th\u1eddi gian \u0111\u1ecdc":"1 ph\u00fat"},"schema":{"@context":"https:\/\/schema.org","@graph":[{"@type":"WebPage","@id":"https:\/\/augstudy.com\/beijing\/events\/","url":"https:\/\/augstudy.com\/beijing\/events\/","name":"AUG Beijing Events - AUG Student Services","isPartOf":{"@id":"https:\/\/augstudy.com\/#website"},"datePublished":"2018-02-08T03:22:41+00:00","dateModified":"2023-12-08T05:04:09+00:00","description":"T\u01b0 v\u1ea5n mi\u1ec5n ph\u00ed v\u1ec1 ch\u1ecdn tr\u01b0\u1eddng \u0111\u1ea1i h\u1ecdc, h\u1ecdc b\u1ed5ng v\u00e0 xin th\u1ecb th\u1ef1c. H\u00e3y \u0111\u1ec3 D\u1ecbch v\u1ee5 Sinh vi\u00ean AUG gi\u00fap b\u1ea1n nhanh ch\u00f3ng ho\u00e0n th\u00e0nh h\u00e0nh tr\u00ecnh du h\u1ecdc ngay h\u00f4m nay.","breadcrumb":{"@id":"https:\/\/augstudy.com\/beijing\/events\/#breadcrumb"},"inLanguage":"vi","potentialAction":[{"@type":"ReadAction","target":["https:\/\/augstudy.com\/beijing\/events\/"]}]},{"@type":"BreadcrumbList","@id":"https:\/\/augstudy.com\/beijing\/events\/#breadcrumb","itemListElement":[{"@type":"ListItem","position":1,"name":"Home","item":"https:\/\/augstudy.com\/"},{"@type":"ListItem","position":2,"name":"AUG Beijing","item":"https:\/\/augstudy.com\/beijing\/"},{"@type":"ListItem","position":3,"name":"AUG Beijing Events"}]},{"@type":"WebSite","@id":"https:\/\/augstudy.com\/#website","url":"https:\/\/augstudy.com\/","name":"D\u1ecbch v\u1ee5 Sinh vi\u00ean AUG","description":"D\u1ecbch v\u1ee5 sinh vi\u00ean","alternateName":"AUG Global","potentialAction":[{"@type":"SearchAction","target":{"@type":"EntryPoint","urlTemplate":"https:\/\/augstudy.com\/?s={search_term_string}"},"query-input":{"@type":"PropertyValueSpecification","valueRequired":true,"valueName":"search_term_string"}}],"inLanguage":"vi"}]}},"_links":{"self":[{"href":"https:\/\/augstudy.com\/vi\/wp-json\/wp\/v2\/pages\/2346","targetHints":{"allow":["GET"]}}],"collection":[{"href":"https:\/\/augstudy.com\/vi\/wp-json\/wp\/v2\/pages"}],"about":[{"href":"https:\/\/augstudy.com\/vi\/wp-json\/wp\/v2\/types\/page"}],"author":[{"embeddable":true,"href":"https:\/\/augstudy.com\/vi\/wp-json\/wp\/v2\/users\/1"}],"replies":[{"embeddable":true,"href":"https:\/\/augstudy.com\/vi\/wp-json\/wp\/v2\/comments?post=2346"}],"version-history":[{"count":0,"href":"https:\/\/augstudy.com\/vi\/wp-json\/wp\/v2\/pages\/2346\/revisions"}],"up":[{"embeddable":true,"href":"https:\/\/augstudy.com\/vi\/wp-json\/wp\/v2\/pages\/2286"}],"wp:attachment":[{"href":"https:\/\/augstudy.com\/vi\/wp-json\/wp\/v2\/media?parent=2346"}],"curies":[{"name":"wp","href":"https:\/\/api.w.org\/{rel}","templated":true}]}}