{"id":166104,"date":"2021-01-07T15:36:21","date_gmt":"2021-01-07T04:36:21","guid":{"rendered":"https:\/\/augstudy.com\/?page_id=166104"},"modified":"2021-01-07T16:41:10","modified_gmt":"2021-01-07T05:41:10","slug":"sponsors","status":"publish","type":"page","link":"https:\/\/augstudy.com\/vi\/aug-online-trivia\/sponsors\/","title":{"rendered":"Online Trivia Quiz Tournament Sponsors"},"content":{"rendered":"<div data-vc-full-width=\"true\" data-vc-full-width-init=\"false\" class=\"vc_row wpb_row vc_row-fluid\"><div class=\"wpb_column vc_column_container vc_col-sm-12\"><div class=\"vc_column-inner vc_custom_1606711395655\"><div class=\"wpb_wrapper\"><\/div><\/div><\/div><\/div><div class=\"vc_row-full-width vc_clearfix\"><\/div><div id=\"aug_trivia_main_menu\" data-vc-full-width=\"true\" data-vc-full-width-init=\"false\" class=\"vc_row wpb_row vc_row-fluid nd_options_display_none_all_iphone_important vc_custom_1608004853253 vc_row-has-fill vc_row-o-content-middle vc_row-flex\"><div class=\"nd_options_text_align_center_responsive_important wpb_column vc_column_container vc_col-sm-12\"><div class=\"vc_column-inner vc_custom_1606892532017\"><div class=\"wpb_wrapper\">\n\t<div class=\"wpb_raw_code wpb_content_element wpb_raw_html vc_custom_1609997772857 aug_color_white_important\">\n\t\t<div class=\"wpb_wrapper\">\n\t\t\t<div class=\"nicdark_section nicdark_bg_greydark\">\n<nav class=\"aug_text_align_center\">\n<a href=\"\/vi\/aug-online-trivia\/#prize\">Gi\u1ea3i Th\u01b0\u1edfng<\/a>\n<a href=\"\/vi\/aug-online-trivia\/#milestone\">M\u1ed1c Th\u1eddi Gian<\/a>\n<a href=\"\/vi\/aug-online-trivia\/updates\/#update\">C\u1eadp Nh\u1eadt<\/a>\n<a href=\"\/vi\/aug-online-trivia\/teams\/#team\">C\u00e1c \u0110\u1ed9i Ch\u01a1i<\/a>\n<a href=\"\/vi\/aug-online-trivia\/sponsors\/#sponsor\">C\u00e1c Nh\u00e0 T\u00e0i Tr\u1ee3<\/a>\n<a href=\"\/vi\/aug-online-trivia\/cac-dieu-khoan-va-dieu-kien\/#tc\">Th\u1ec3 L\u1ec7 Cu\u1ed9c Thi<\/a>\n<\/nav>\n<\/div>\n\n<script>\nvar navbar = '';\nvar sticky = 0;\n\nwindow.addEventListener(\"load\", function(){\n  navbar = document.getElementById(\"aug_trivia_main_menu\");\n  sticky = navbar.offsetTop;\n});\n\nwindow.onscroll = function () { myFunction() };\n\nfunction myFunction() {\n  if (window.pageYOffset >= sticky) {\n    navbar.classList.add(\"sticky\")\n  } else {\n    navbar.classList.remove(\"sticky\");\n  }\n}\n<\/script>\n\t\t<\/div>\n\t<\/div>\n<\/div><\/div><\/div><\/div><div class=\"vc_row-full-width vc_clearfix\"><\/div><div id=\"aug_trivia_content\" data-vc-full-width=\"true\" data-vc-full-width-init=\"false\" class=\"vc_row wpb_row vc_row-fluid vc_custom_1606945271180 vc_row-has-fill vc_row-o-equal-height vc_row-flex\"><div class=\"nd_options_bg_white_iphone_important wpb_column vc_column_container vc_col-sm-2\"><div class=\"vc_column-inner\"><div class=\"wpb_wrapper\"><\/div><\/div><\/div><div class=\"wpb_column vc_column_container vc_col-sm-8\"><div class=\"vc_column-inner vc_custom_1555039561693\"><div class=\"wpb_wrapper\">\n\t<div class=\"wpb_text_column wpb_content_element  vc_custom_1609997736634\">\n\t\t<div class=\"wpb_wrapper\">\n\t\t\t<div class=\"aug_box_shadow aug_go_study nd_options_padding_important_all_iphone nd_options_width_100_percentage_all_iphone_important\" style=\"width: 700px; height: 100%; background-color: white; padding: 110px 50px 70px 50px; margin-top: -110px;\">\n<p style=\"text-align: center;\"><img decoding=\"async\" style=\"width: 80px;\" src=\"https:\/\/augstudy.com\/aug-website-files\/wp-content\/uploads\/2021\/01\/aug_online_trivia_quiz_sponsors_icon.svg\" \/><\/p>\n<h2 id=\"sponsor\" style=\"text-align: center;\"><strong>C\u00e1c Nh\u00e0 T\u00e0i Tr\u1ee3<\/strong><\/h2>\n<hr class=\"aug_color_blue_important aug_line_width_80\" \/>\n<span class=\"\" style=\"display:block;clear:both;height: 0px;padding-top: 15px;border-top-width:0px;border-bottom-width:0px;\"><\/span><\/p>\n<p style=\"text-align: center;\">Ch\u00e2n Tha\u0300nh Ca\u0309m \u01a0n<\/p>\n<span class=\"\" style=\"display:block;clear:both;height: 0px;padding-top: 50px;border-top-width:0px;border-bottom-width:0px;\"><\/span>\n<h3 style=\"text-align: center;\"><strong>Ca\u0301c Nha\u0300 Ta\u0300i Tr\u01a1\u0323 Va\u0300ng<\/strong><\/h3>\n<hr class=\"aug_color_blue_important aug_line_width_80\" \/>\n<p><span class=\"\" style=\"display:block;clear:both;height: 0px;padding-top: 15px;border-top-width:0px;border-bottom-width:0px;\"><\/span><br \/>\n<div class=\"vc_row wpb_row vc_inner vc_row-fluid\"><div class=\"wpb_column vc_column_container vc_col-sm-4\"><div class=\"vc_column-inner\"><div class=\"wpb_wrapper\">\n\t<div class=\"wpb_single_image wpb_content_element vc_align_center\">\n\t\t\n\t\t<figure class=\"wpb_wrapper vc_figure\">\n\t\t\t<div class=\"vc_single_image-wrapper   vc_box_border_grey\"><img loading=\"lazy\" decoding=\"async\" width=\"180\" height=\"70\" src=\"https:\/\/augstudy.com\/aug-website-files\/wp-content\/uploads\/2020\/02\/curtin_university_cricos_logo_180x70.jpg\" class=\"vc_single_image-img attachment-full\" alt=\"Logo tr\u01b0\u1eddng \u0111\u1ea1i h\u1ecdc Curtin\" \/><\/div>\n\t\t<\/figure>\n\t<\/div>\n<\/div><\/div><\/div><div class=\"nd_options_margin_top_20_responsive wpb_column vc_column_container vc_col-sm-4\"><div class=\"vc_column-inner\"><div class=\"wpb_wrapper\">\n\t<div class=\"wpb_single_image wpb_content_element vc_align_center\">\n\t\t\n\t\t<figure class=\"wpb_wrapper vc_figure\">\n\t\t\t<div class=\"vc_single_image-wrapper   vc_box_border_grey\"><img loading=\"lazy\" decoding=\"async\" width=\"180\" height=\"70\" src=\"https:\/\/augstudy.com\/aug-website-files\/wp-content\/uploads\/2020\/02\/monash_university_cricos_logo_180x70.jpg\" class=\"vc_single_image-img attachment-full\" alt=\"Logo \u0110\u1ea1i h\u1ecdc Monash\" \/><\/div>\n\t\t<\/figure>\n\t<\/div>\n<\/div><\/div><\/div><div class=\"nd_options_margin_top_20_responsive wpb_column vc_column_container vc_col-sm-4\"><div class=\"vc_column-inner\"><div class=\"wpb_wrapper\">\n\t<div class=\"wpb_single_image wpb_content_element vc_align_center\">\n\t\t\n\t\t<figure class=\"wpb_wrapper vc_figure\">\n\t\t\t<div class=\"vc_single_image-wrapper   vc_box_border_grey\"><img loading=\"lazy\" decoding=\"async\" width=\"180\" height=\"70\" src=\"https:\/\/augstudy.com\/aug-website-files\/wp-content\/uploads\/2020\/02\/tafe_queensland_cricos_logo_180x70.jpg\" class=\"vc_single_image-img attachment-full\" alt=\"\" \/><\/div>\n\t\t<\/figure>\n\t<\/div>\n<\/div><\/div><\/div><\/div><span class=\"\" style=\"display:block;clear:both;height: 0px;padding-top: 20px;border-top-width:0px;border-bottom-width:0px;\"><\/span><div class=\"vc_row wpb_row vc_inner vc_row-fluid\"><div class=\"wpb_column vc_column_container vc_col-sm-6\"><div class=\"vc_column-inner\"><div class=\"wpb_wrapper\">\n\t<div class=\"wpb_single_image wpb_content_element vc_align_center\">\n\t\t\n\t\t<figure class=\"wpb_wrapper vc_figure\">\n\t\t\t<div class=\"vc_single_image-wrapper   vc_box_border_grey\"><img loading=\"lazy\" decoding=\"async\" width=\"180\" height=\"70\" src=\"https:\/\/augstudy.com\/aug-website-files\/wp-content\/uploads\/2020\/02\/the_university_of_adelaide_cricos_logo_180x70.jpg\" class=\"vc_single_image-img attachment-full\" alt=\"Logo c\u1ee7a \u0110\u1ea1i h\u1ecdc Adelaide\" \/><\/div>\n\t\t<\/figure>\n\t<\/div>\n<\/div><\/div><\/div><div class=\"nd_options_margin_top_20_responsive wpb_column vc_column_container vc_col-sm-6\"><div class=\"vc_column-inner\"><div class=\"wpb_wrapper\">\n\t<div class=\"wpb_single_image wpb_content_element vc_align_center\">\n\t\t\n\t\t<figure class=\"wpb_wrapper vc_figure\">\n\t\t\t<div class=\"vc_single_image-wrapper   vc_box_border_grey\"><img loading=\"lazy\" decoding=\"async\" width=\"180\" height=\"70\" src=\"https:\/\/augstudy.com\/aug-website-files\/wp-content\/uploads\/2020\/02\/university_of_technology_sydney_cricos_logo_180x70.jpg\" class=\"vc_single_image-img attachment-full\" alt=\"Logo \u0110\u1ea1i h\u1ecdc C\u00f4ng ngh\u1ec7 Sydney\" \/><\/div>\n\t\t<\/figure>\n\t<\/div>\n<\/div><\/div><\/div><\/div>\n<span class=\"\" style=\"display:block;clear:both;height: 0px;padding-top: 50px;border-top-width:0px;border-bottom-width:0px;\"><\/span>\n<h3 style=\"text-align: center;\"><strong>Ca\u0301c Nha\u0300 Ta\u0300i Tr\u01a1\u0323 Ba\u0323c<\/strong><\/h3>\n<hr class=\"aug_color_blue_important aug_line_width_80\" \/>\n<p><span class=\"\" style=\"display:block;clear:both;height: 0px;padding-top: 15px;border-top-width:0px;border-bottom-width:0px;\"><\/span><br \/>\n<div class=\"vc_row wpb_row vc_inner vc_row-fluid\"><div class=\"wpb_column vc_column_container vc_col-sm-4\"><div class=\"vc_column-inner\"><div class=\"wpb_wrapper\">\n\t<div class=\"wpb_single_image wpb_content_element vc_align_center\">\n\t\t\n\t\t<figure class=\"wpb_wrapper vc_figure\">\n\t\t\t<div class=\"vc_single_image-wrapper   vc_box_border_grey\"><img loading=\"lazy\" decoding=\"async\" width=\"180\" height=\"70\" src=\"https:\/\/augstudy.com\/aug-website-files\/wp-content\/uploads\/2020\/02\/kaplan_business_school_cricos_logo_180x70.jpg\" class=\"vc_single_image-img attachment-full\" alt=\"Kaplan Business School Logo\" \/><\/div>\n\t\t<\/figure>\n\t<\/div>\n<\/div><\/div><\/div><div class=\"nd_options_margin_top_20_responsive wpb_column vc_column_container vc_col-sm-4\"><div class=\"vc_column-inner\"><div class=\"wpb_wrapper\">\n\t<div class=\"wpb_single_image wpb_content_element vc_align_center\">\n\t\t\n\t\t<figure class=\"wpb_wrapper vc_figure\">\n\t\t\t<div class=\"vc_single_image-wrapper   vc_box_border_grey\"><img loading=\"lazy\" decoding=\"async\" width=\"180\" height=\"70\" src=\"https:\/\/augstudy.com\/aug-website-files\/wp-content\/uploads\/2019\/11\/macquarie_university_logo_180x70.jpg\" class=\"vc_single_image-img attachment-full\" alt=\"\" \/><\/div>\n\t\t<\/figure>\n\t<\/div>\n<\/div><\/div><\/div><div class=\"nd_options_margin_top_20_responsive wpb_column vc_column_container vc_col-sm-4\"><div class=\"vc_column-inner\"><div class=\"wpb_wrapper\">\n\t<div class=\"wpb_single_image wpb_content_element vc_align_center\">\n\t\t\n\t\t<figure class=\"wpb_wrapper vc_figure\">\n\t\t\t<div class=\"vc_single_image-wrapper   vc_box_border_grey\"><img loading=\"lazy\" decoding=\"async\" width=\"180\" height=\"70\" src=\"https:\/\/augstudy.com\/aug-website-files\/wp-content\/uploads\/2020\/02\/rmit_university_cricos_logo_180x70.jpg\" class=\"vc_single_image-img attachment-full\" alt=\"Logo \u0110\u1ea1i h\u1ecdc RMIT\" \/><\/div>\n\t\t<\/figure>\n\t<\/div>\n<\/div><\/div><\/div><\/div><span class=\"\" style=\"display:block;clear:both;height: 0px;padding-top: 20px;border-top-width:0px;border-bottom-width:0px;\"><\/span><div class=\"vc_row wpb_row vc_inner vc_row-fluid\"><div class=\"wpb_column vc_column_container vc_col-sm-4\"><div class=\"vc_column-inner\"><div class=\"wpb_wrapper\">\n\t<div class=\"wpb_single_image wpb_content_element vc_align_center\">\n\t\t\n\t\t<figure class=\"wpb_wrapper vc_figure\">\n\t\t\t<div class=\"vc_single_image-wrapper   vc_box_border_grey\"><img loading=\"lazy\" decoding=\"async\" width=\"180\" height=\"70\" src=\"https:\/\/augstudy.com\/aug-website-files\/wp-content\/uploads\/2020\/02\/swinburne_university_of_technology_cricos_logo_180x70.jpg\" class=\"vc_single_image-img attachment-full\" alt=\"Swinburne University of Technology Logo\" \/><\/div>\n\t\t<\/figure>\n\t<\/div>\n<\/div><\/div><\/div><div class=\"nd_options_margin_top_20_responsive wpb_column vc_column_container vc_col-sm-4\"><div class=\"vc_column-inner\"><div class=\"wpb_wrapper\">\n\t<div class=\"wpb_single_image wpb_content_element vc_align_center\">\n\t\t\n\t\t<figure class=\"wpb_wrapper vc_figure\">\n\t\t\t<div class=\"vc_single_image-wrapper   vc_box_border_grey\"><img loading=\"lazy\" decoding=\"async\" width=\"180\" height=\"70\" src=\"https:\/\/augstudy.com\/aug-website-files\/wp-content\/uploads\/2020\/02\/tafe_international_western_australia_cricos_logo_180x70.jpg\" class=\"vc_single_image-img attachment-full\" alt=\"TAFE International Western Australia Logo\" \/><\/div>\n\t\t<\/figure>\n\t<\/div>\n<\/div><\/div><\/div><div class=\"nd_options_margin_top_20_responsive wpb_column vc_column_container vc_col-sm-4\"><div class=\"vc_column-inner\"><div class=\"wpb_wrapper\">\n\t<div class=\"wpb_single_image wpb_content_element vc_align_center\">\n\t\t\n\t\t<figure class=\"wpb_wrapper vc_figure\">\n\t\t\t<div class=\"vc_single_image-wrapper   vc_box_border_grey\"><img loading=\"lazy\" decoding=\"async\" width=\"180\" height=\"70\" src=\"https:\/\/augstudy.com\/aug-website-files\/wp-content\/uploads\/2020\/02\/the_university_of_western_australia_cricos_logo_180x70.jpg\" class=\"vc_single_image-img attachment-full\" alt=\"Logo c\u1ee7a \u0110\u1ea1i h\u1ecdc T\u00e2y \u00dac\" \/><\/div>\n\t\t<\/figure>\n\t<\/div>\n<\/div><\/div><\/div><\/div>\n<span class=\"\" style=\"display:block;clear:both;height: 0px;padding-top: 50px;border-top-width:0px;border-bottom-width:0px;\"><\/span>\n<h3 style=\"text-align: center;\"><strong>Ca\u0301c Nha\u0300 Ta\u0300i Tr\u01a1\u0323 \u0110\u00f4\u0300ng<\/strong><\/h3>\n<hr class=\"aug_color_blue_important aug_line_width_80\" \/>\n<p><span class=\"\" style=\"display:block;clear:both;height: 0px;padding-top: 15px;border-top-width:0px;border-bottom-width:0px;\"><\/span><br \/>\n<div class=\"vc_row wpb_row vc_inner vc_row-fluid\"><div class=\"wpb_column vc_column_container vc_col-sm-6\"><div class=\"vc_column-inner\"><div class=\"wpb_wrapper\">\n\t<div class=\"wpb_single_image wpb_content_element vc_align_center\">\n\t\t\n\t\t<figure class=\"wpb_wrapper vc_figure\">\n\t\t\t<div class=\"vc_single_image-wrapper   vc_box_border_grey\"><img loading=\"lazy\" decoding=\"async\" width=\"180\" height=\"70\" src=\"https:\/\/augstudy.com\/aug-website-files\/wp-content\/uploads\/2020\/02\/flinders_university_cricos_logo_180x70.jpg\" class=\"vc_single_image-img attachment-full\" alt=\"Logo tr\u01b0\u1eddng \u0111\u1ea1i h\u1ecdc Flinders\" \/><\/div>\n\t\t<\/figure>\n\t<\/div>\n<\/div><\/div><\/div><div class=\"nd_options_margin_top_20_responsive wpb_column vc_column_container vc_col-sm-6\"><div class=\"vc_column-inner\"><div class=\"wpb_wrapper\">\n\t<div class=\"wpb_single_image wpb_content_element vc_align_center\">\n\t\t\n\t\t<figure class=\"wpb_wrapper vc_figure\">\n\t\t\t<div class=\"vc_single_image-wrapper   vc_box_border_grey\"><img loading=\"lazy\" decoding=\"async\" width=\"180\" height=\"70\" src=\"https:\/\/augstudy.com\/aug-website-files\/wp-content\/uploads\/2020\/02\/latrobe_university_cricos_logo_180x70.jpg\" class=\"vc_single_image-img attachment-full\" alt=\"Logo tr\u01b0\u1eddng \u0111\u1ea1i h\u1ecdc La Trobe\" \/><\/div>\n\t\t<\/figure>\n\t<\/div>\n<\/div><\/div><\/div><\/div><span class=\"\" style=\"display:block;clear:both;height: 0px;padding-top: 20px;border-top-width:0px;border-bottom-width:0px;\"><\/span><div class=\"vc_row wpb_row vc_inner vc_row-fluid\"><div class=\"wpb_column vc_column_container vc_col-sm-6\"><div class=\"vc_column-inner\"><div class=\"wpb_wrapper\">\n\t<div class=\"wpb_single_image wpb_content_element vc_align_center\">\n\t\t\n\t\t<figure class=\"wpb_wrapper vc_figure\">\n\t\t\t<div class=\"vc_single_image-wrapper   vc_box_border_grey\"><img loading=\"lazy\" decoding=\"async\" width=\"180\" height=\"70\" src=\"https:\/\/augstudy.com\/aug-website-files\/wp-content\/uploads\/2020\/02\/university_of_south_australia_cricos_logo_180x70.jpg\" class=\"vc_single_image-img attachment-full\" alt=\"Logo \u0110\u1ea1i h\u1ecdc Nam \u00dac\" \/><\/div>\n\t\t<\/figure>\n\t<\/div>\n<\/div><\/div><\/div><div class=\"nd_options_margin_top_20_responsive wpb_column vc_column_container vc_col-sm-6\"><div class=\"vc_column-inner\"><div class=\"wpb_wrapper\">\n\t<div class=\"wpb_single_image wpb_content_element vc_align_center\">\n\t\t\n\t\t<figure class=\"wpb_wrapper vc_figure\">\n\t\t\t<div class=\"vc_single_image-wrapper   vc_box_border_grey\"><img loading=\"lazy\" decoding=\"async\" width=\"180\" height=\"70\" src=\"https:\/\/augstudy.com\/aug-website-files\/wp-content\/uploads\/2020\/02\/victoria_university_cricos_logo_180x70.jpg\" class=\"vc_single_image-img attachment-full\" alt=\"Logo c\u1ee7a \u0110\u1ea1i h\u1ecdc Victoria\" \/><\/div>\n\t\t<\/figure>\n\t<\/div>\n<\/div><\/div><\/div><\/div>\n<\/div>\n\n\t\t<\/div>\n\t<\/div>\n<\/div><\/div><\/div><\/div><div class=\"vc_row-full-width vc_clearfix\"><\/div>","protected":false},"excerpt":{"rendered":"Gi\u1ea3i Th\u01b0\u1edfng M\u1ed1c Th\u1eddi Gian C\u1eadp Nh\u1eadt Ca\u0301c \u0110\u00f4\u0323i Ch\u01a1i Ca\u0301c Nha\u0300 Ta\u0300i Tr\u01a1\u0323 Th\u1ec3 L\u1ec7 Cu\u1ed9c Thi var navbar = ''; var sticky = 0; window.addEventListener(\"load\", function(){ navbar = document.getElementById(\"aug_trivia_main_menu\"); sticky = navbar.offsetTop; }); window.onscroll = function () { myFunction() }; function myFunction() { if (window.pageYOffset >= sticky) { navbar.classList.add(\"sticky\") } else { navbar.classList.remove(\"sticky\"); [...]","protected":false},"author":4,"featured_media":0,"parent":147733,"menu_order":0,"comment_status":"closed","ping_status":"closed","template":"","meta":{"footnotes":""},"class_list":["post-166104","page","type-page","status-publish","hentry"],"yoast_head":"<!-- This site is optimized with the Yoast SEO Premium plugin v27.5 (Yoast SEO v27.5) - https:\/\/yoast.com\/product\/yoast-seo-premium-wordpress\/ -->\n<title>Online Trivia Quiz Tournament Sponsors - AUG Student Services<\/title>\n<meta name=\"description\" content=\"Free counselling for university selection, scholarships and visa applications. Let AUG Student Services fast-track your study-abroad journey today.\" \/>\n<meta name=\"robots\" content=\"index, follow, max-snippet:-1, max-image-preview:large, max-video-preview:-1\" \/>\n<link rel=\"canonical\" href=\"https:\/\/augstudy.com\/vi\/aug-online-trivia\/sponsors\/\" \/>\n<meta property=\"og:locale\" content=\"vi_VN\" \/>\n<meta property=\"og:type\" content=\"article\" \/>\n<meta property=\"og:title\" content=\"Online Trivia Quiz Tournament Sponsors\" \/>\n<meta property=\"og:description\" content=\"Free counselling for university selection, scholarships and visa applications. Let AUG Student Services fast-track your study-abroad journey today.\" \/>\n<meta property=\"og:url\" content=\"https:\/\/augstudy.com\/vi\/aug-online-trivia\/sponsors\/\" \/>\n<meta property=\"og:site_name\" content=\"AUG Student Services\" \/>\n<meta property=\"article:publisher\" content=\"https:\/\/www.facebook.com\/augmalaysia\/\" \/>\n<meta property=\"article:modified_time\" content=\"2021-01-07T05:41:10+00:00\" \/>\n<meta property=\"og:image\" content=\"https:\/\/augstudy.com\/aug-website-files\/wp-content\/uploads\/2021\/01\/aug_online_trivia_quiz_sponsors_icon.svg\" \/>\n<meta name=\"twitter:card\" content=\"summary_large_image\" \/>\n<meta name=\"twitter:label1\" content=\"\u01af\u1edbc t\u00ednh th\u1eddi gian \u0111\u1ecdc\" \/>\n\t<meta name=\"twitter:data1\" content=\"4 ph\u00fat\" \/>\n<script type=\"application\/ld+json\" class=\"yoast-schema-graph\">{\"@context\":\"https:\\\/\\\/schema.org\",\"@graph\":[{\"@type\":\"WebPage\",\"@id\":\"https:\\\/\\\/augstudy.com\\\/aug-online-trivia\\\/sponsors\\\/\",\"url\":\"https:\\\/\\\/augstudy.com\\\/aug-online-trivia\\\/sponsors\\\/\",\"name\":\"Online Trivia Quiz Tournament Sponsors - AUG Student Services\",\"isPartOf\":{\"@id\":\"https:\\\/\\\/augstudy.com\\\/#website\"},\"primaryImageOfPage\":{\"@id\":\"https:\\\/\\\/augstudy.com\\\/aug-online-trivia\\\/sponsors\\\/#primaryimage\"},\"image\":{\"@id\":\"https:\\\/\\\/augstudy.com\\\/aug-online-trivia\\\/sponsors\\\/#primaryimage\"},\"thumbnailUrl\":\"https:\\\/\\\/augstudy.com\\\/aug-website-files\\\/wp-content\\\/uploads\\\/2021\\\/01\\\/aug_online_trivia_quiz_sponsors_icon.svg\",\"datePublished\":\"2021-01-07T04:36:21+00:00\",\"dateModified\":\"2021-01-07T05:41:10+00:00\",\"description\":\"Free counselling for university selection, scholarships and visa applications. Let AUG Student Services fast-track your study-abroad journey today.\",\"breadcrumb\":{\"@id\":\"https:\\\/\\\/augstudy.com\\\/aug-online-trivia\\\/sponsors\\\/#breadcrumb\"},\"inLanguage\":\"vi\",\"potentialAction\":[{\"@type\":\"ReadAction\",\"target\":[\"https:\\\/\\\/augstudy.com\\\/aug-online-trivia\\\/sponsors\\\/\"]}]},{\"@type\":\"ImageObject\",\"inLanguage\":\"vi\",\"@id\":\"https:\\\/\\\/augstudy.com\\\/aug-online-trivia\\\/sponsors\\\/#primaryimage\",\"url\":\"https:\\\/\\\/augstudy.com\\\/aug-website-files\\\/wp-content\\\/uploads\\\/2021\\\/01\\\/aug_online_trivia_quiz_sponsors_icon.svg\",\"contentUrl\":\"https:\\\/\\\/augstudy.com\\\/aug-website-files\\\/wp-content\\\/uploads\\\/2021\\\/01\\\/aug_online_trivia_quiz_sponsors_icon.svg\"},{\"@type\":\"BreadcrumbList\",\"@id\":\"https:\\\/\\\/augstudy.com\\\/aug-online-trivia\\\/sponsors\\\/#breadcrumb\",\"itemListElement\":[{\"@type\":\"ListItem\",\"position\":1,\"name\":\"Home\",\"item\":\"https:\\\/\\\/augstudy.com\\\/\"},{\"@type\":\"ListItem\",\"position\":2,\"name\":\"Online Trivia Quiz Tournament\",\"item\":\"https:\\\/\\\/augstudy.com\\\/aug-online-trivia\\\/\"},{\"@type\":\"ListItem\",\"position\":3,\"name\":\"Online Trivia Quiz Tournament Sponsors\"}]},{\"@type\":\"WebSite\",\"@id\":\"https:\\\/\\\/augstudy.com\\\/#website\",\"url\":\"https:\\\/\\\/augstudy.com\\\/\",\"name\":\"AUG Student Services\",\"description\":\"Student Services\",\"alternateName\":\"AUG Global\",\"potentialAction\":[{\"@type\":\"SearchAction\",\"target\":{\"@type\":\"EntryPoint\",\"urlTemplate\":\"https:\\\/\\\/augstudy.com\\\/?s={search_term_string}\"},\"query-input\":{\"@type\":\"PropertyValueSpecification\",\"valueRequired\":true,\"valueName\":\"search_term_string\"}}],\"inLanguage\":\"vi\"}]}<\/script>\n<!-- \/ Yoast SEO Premium plugin. -->","yoast_head_json":{"title":"Online Trivia Quiz Tournament Sponsors - AUG Student Services","description":"T\u01b0 v\u1ea5n mi\u1ec5n ph\u00ed v\u1ec1 ch\u1ecdn tr\u01b0\u1eddng \u0111\u1ea1i h\u1ecdc, h\u1ecdc b\u1ed5ng v\u00e0 xin th\u1ecb th\u1ef1c. H\u00e3y \u0111\u1ec3 D\u1ecbch v\u1ee5 Sinh vi\u00ean AUG gi\u00fap b\u1ea1n nhanh ch\u00f3ng ho\u00e0n th\u00e0nh h\u00e0nh tr\u00ecnh du h\u1ecdc ngay h\u00f4m nay.","robots":{"index":"index","follow":"follow","max-snippet":"max-snippet:-1","max-image-preview":"max-image-preview:large","max-video-preview":"max-video-preview:-1"},"canonical":"https:\/\/augstudy.com\/vi\/aug-online-trivia\/sponsors\/","og_locale":"vi_VN","og_type":"article","og_title":"Online Trivia Quiz Tournament Sponsors","og_description":"Free counselling for university selection, scholarships and visa applications. Let AUG Student Services fast-track your study-abroad journey today.","og_url":"https:\/\/augstudy.com\/vi\/aug-online-trivia\/sponsors\/","og_site_name":"AUG Student Services","article_publisher":"https:\/\/www.facebook.com\/augmalaysia\/","article_modified_time":"2021-01-07T05:41:10+00:00","og_image":[{"url":"https:\/\/augstudy.com\/aug-website-files\/wp-content\/uploads\/2021\/01\/aug_online_trivia_quiz_sponsors_icon.svg","type":"","width":"","height":""}],"twitter_card":"summary_large_image","twitter_misc":{"\u01af\u1edbc t\u00ednh th\u1eddi gian \u0111\u1ecdc":"4 ph\u00fat"},"schema":{"@context":"https:\/\/schema.org","@graph":[{"@type":"WebPage","@id":"https:\/\/augstudy.com\/aug-online-trivia\/sponsors\/","url":"https:\/\/augstudy.com\/aug-online-trivia\/sponsors\/","name":"Online Trivia Quiz Tournament Sponsors - AUG Student Services","isPartOf":{"@id":"https:\/\/augstudy.com\/#website"},"primaryImageOfPage":{"@id":"https:\/\/augstudy.com\/aug-online-trivia\/sponsors\/#primaryimage"},"image":{"@id":"https:\/\/augstudy.com\/aug-online-trivia\/sponsors\/#primaryimage"},"thumbnailUrl":"https:\/\/augstudy.com\/aug-website-files\/wp-content\/uploads\/2021\/01\/aug_online_trivia_quiz_sponsors_icon.svg","datePublished":"2021-01-07T04:36:21+00:00","dateModified":"2021-01-07T05:41:10+00:00","description":"T\u01b0 v\u1ea5n mi\u1ec5n ph\u00ed v\u1ec1 ch\u1ecdn tr\u01b0\u1eddng \u0111\u1ea1i h\u1ecdc, h\u1ecdc b\u1ed5ng v\u00e0 xin th\u1ecb th\u1ef1c. H\u00e3y \u0111\u1ec3 D\u1ecbch v\u1ee5 Sinh vi\u00ean AUG gi\u00fap b\u1ea1n nhanh ch\u00f3ng ho\u00e0n th\u00e0nh h\u00e0nh tr\u00ecnh du h\u1ecdc ngay h\u00f4m nay.","breadcrumb":{"@id":"https:\/\/augstudy.com\/aug-online-trivia\/sponsors\/#breadcrumb"},"inLanguage":"vi","potentialAction":[{"@type":"ReadAction","target":["https:\/\/augstudy.com\/aug-online-trivia\/sponsors\/"]}]},{"@type":"ImageObject","inLanguage":"vi","@id":"https:\/\/augstudy.com\/aug-online-trivia\/sponsors\/#primaryimage","url":"https:\/\/augstudy.com\/aug-website-files\/wp-content\/uploads\/2021\/01\/aug_online_trivia_quiz_sponsors_icon.svg","contentUrl":"https:\/\/augstudy.com\/aug-website-files\/wp-content\/uploads\/2021\/01\/aug_online_trivia_quiz_sponsors_icon.svg"},{"@type":"BreadcrumbList","@id":"https:\/\/augstudy.com\/aug-online-trivia\/sponsors\/#breadcrumb","itemListElement":[{"@type":"ListItem","position":1,"name":"Home","item":"https:\/\/augstudy.com\/"},{"@type":"ListItem","position":2,"name":"Online Trivia Quiz Tournament","item":"https:\/\/augstudy.com\/aug-online-trivia\/"},{"@type":"ListItem","position":3,"name":"Online Trivia Quiz Tournament Sponsors"}]},{"@type":"WebSite","@id":"https:\/\/augstudy.com\/#website","url":"https:\/\/augstudy.com\/","name":"D\u1ecbch v\u1ee5 Sinh vi\u00ean AUG","description":"D\u1ecbch v\u1ee5 sinh vi\u00ean","alternateName":"AUG Global","potentialAction":[{"@type":"SearchAction","target":{"@type":"EntryPoint","urlTemplate":"https:\/\/augstudy.com\/?s={search_term_string}"},"query-input":{"@type":"PropertyValueSpecification","valueRequired":true,"valueName":"search_term_string"}}],"inLanguage":"vi"}]}},"_links":{"self":[{"href":"https:\/\/augstudy.com\/vi\/wp-json\/wp\/v2\/pages\/166104","targetHints":{"allow":["GET"]}}],"collection":[{"href":"https:\/\/augstudy.com\/vi\/wp-json\/wp\/v2\/pages"}],"about":[{"href":"https:\/\/augstudy.com\/vi\/wp-json\/wp\/v2\/types\/page"}],"author":[{"embeddable":true,"href":"https:\/\/augstudy.com\/vi\/wp-json\/wp\/v2\/users\/4"}],"replies":[{"embeddable":true,"href":"https:\/\/augstudy.com\/vi\/wp-json\/wp\/v2\/comments?post=166104"}],"version-history":[{"count":0,"href":"https:\/\/augstudy.com\/vi\/wp-json\/wp\/v2\/pages\/166104\/revisions"}],"up":[{"embeddable":true,"href":"https:\/\/augstudy.com\/vi\/wp-json\/wp\/v2\/pages\/147733"}],"wp:attachment":[{"href":"https:\/\/augstudy.com\/vi\/wp-json\/wp\/v2\/media?parent=166104"}],"curies":[{"name":"wp","href":"https:\/\/api.w.org\/{rel}","templated":true}]}}