{"id":153007,"date":"2020-12-08T14:44:08","date_gmt":"2020-12-08T03:44:08","guid":{"rendered":"https:\/\/augstudy.com\/?page_id=153007"},"modified":"2020-12-09T16:24:17","modified_gmt":"2020-12-09T05:24:17","slug":"cac-dieu-khoan-va-dieu-kien","status":"publish","type":"page","link":"https:\/\/augstudy.com\/vi\/australia\/events\/aug-scan-win\/terms-and-conditions\/","title":{"rendered":"AUG Scan &#038; Win 2020 Terms and Conditions"},"content":{"rendered":"<div class=\"vc_row wpb_row vc_row-fluid\"><div class=\"wpb_column vc_column_container vc_col-sm-2\"><div class=\"vc_column-inner\"><div class=\"wpb_wrapper\"><\/div><\/div><\/div><div class=\"wpb_column vc_column_container vc_col-sm-8\"><div class=\"vc_column-inner vc_custom_1541935238253\"><div class=\"wpb_wrapper\">\n\t<div class=\"wpb_text_column wpb_content_element\">\n\t\t<div class=\"wpb_wrapper\">\n\t\t\t<h2 class=\"aug_title\" style=\"text-align: center;\">AUG Scan &amp; Win 2020 Terms and Conditions<\/h2>\n<div style=\"background-color:; height: 60px;\" class=\"nicdark_section\"><\/div>\n<p><strong><u>1. About the Campaign<\/u><\/strong><br \/>\nA seasonal campaign organised by AUG Australia to share the love during the festive seasons for all international students in Australia.<\/p>\n<div style=\"background-color:; height: 20px;\" class=\"nicdark_section\"><\/div>\n<p><strong><u>2. Campaign Duration<\/u><\/strong><br \/>\n9 AM, 7th December 2020 \u2013 5 PM, 31st December 2020* (inclusive)<br \/>\n*Melbourne\/Sydney Timezone<\/p>\n<div style=\"background-color:; height: 20px;\" class=\"nicdark_section\"><\/div>\n<p><strong><u>3. Scope<\/u><\/strong><br \/>\nAll international students who are currently studying in Australia.<\/p>\n<div style=\"background-color:; height: 20px;\" class=\"nicdark_section\"><\/div>\n<p><strong><u>4. Prizes<\/u><\/strong><br \/>\nWhen participating in the campaign, students will have a chance to win one of the prizes that worth up to A$20,000 in total, which includes:<\/p>\n<ul>\n<li>1x iPad Air 4th Generation<\/li>\n<li>1x A$500 Flight Voucher<\/li>\n<li>1x Dyson Hair Dryer<\/li>\n<li>1x Apple Watch SE<\/li>\n<li>1x Nintendo Switch Lite<\/li>\n<li>10x A$50 Myers Gift Card<\/li>\n<li>10x HIM\/HER Gift Card<\/li>\n<li>10x Mecca Gift Card<\/li>\n<\/ul>\n<p>and many other prizes from AUG Australia.<\/p>\n<div style=\"background-color:; height: 20px;\" class=\"nicdark_section\"><\/div>\n<p><strong><u>5. Method of Participation<\/u><\/strong><\/p>\n<ol>\n<li>Student visits the closest AUG office to register.<\/li>\n<li>Scan the QR code and claim the prize.<\/li>\n<li>AUG Staff will provide the gift on the spot.<\/li>\n<li>If the participant is eligible for the Grand Prizes Pool, he\/she will go into a draw for the prize after the campaign concludes. The announcement will be made via Facebook and AUG Staff will contact the winner directly.<\/li>\n<\/ol>\n<div style=\"background-color:; height: 20px;\" class=\"nicdark_section\"><\/div>\n<p><strong><u>6. Terms &amp; Conditions<\/u><\/strong><br \/>\nBy participating in this campaign, the participant agrees to the following terms and conditions:<\/p>\n<ol>\n<li>This campaign is applicable to current international students ONLY.<\/li>\n<li>Each eligible participant will only have ONE (1) chance to scan &amp; win the prize.<\/li>\n<li>The livestream to draw the Grand Prizes will be held at 12 PM, on 4th January 2021 (Melbourne\/Sydney Timezone).<\/li>\n<li>AUG reserves the right to change the Terms &amp; Conditions without prior notice. Any further correspondence shall not be entertained.<\/li>\n<li>The participant consents to the potential use of their information, as well as photos and videos captured by AUG Staff for the purpose of future marketing and promotion activities only.<\/li>\n<li>All decisions and results are final. In the event of a dispute, AUG reserves the right to make the final decision.<\/li>\n<li>All prizes are final and cannot be exchanged in any way.<\/li>\n<\/ol>\n<div style=\"background-color:; height: 15px;\" class=\"nicdark_section\"><\/div>\n<p><strong><u>7. Consent<\/u><\/strong><br \/>\n<strong>Xu\u1ea5t b\u1ea3n \u1ea3nh, video v\u00e0 c\u00e1c t\u00e0i li\u1ec7u nh\u1eadn d\u1ea1ng kh\u00e1c<\/strong><\/p>\n<p>AUG c\u00f3 th\u1ec3 ch\u1ee5p \u1ea3nh, quay video, ghi \u00e2m ho\u1eb7c c\u00e1c t\u00e0i li\u1ec7u kh\u00e1c c\u00f3 th\u1ec3 nh\u1eadn d\u1ea1ng b\u1ea1n trong qu\u00e1 tr\u00ecnh v\u1eadn h\u00e0nh v\u00e0 ho\u1ea1t \u0111\u1ed9ng v\u0103n ph\u00f2ng c\u1ee7a ch\u00fang t\u00f4i. AUG s\u1ebd s\u1edf h\u1eefu b\u1ea3n quy\u1ec1n \u0111\u1ed1i v\u1edbi c\u00e1c t\u00e0i li\u1ec7u n\u00e0y v\u00e0 c\u00f3 th\u1ec3 s\u1eed d\u1ee5ng ch\u00fang trong c\u00e1c \u1ea5n ph\u1ea9m v\u00e0 ph\u01b0\u01a1ng ti\u1ec7n truy\u1ec1n th\u00f4ng x\u00e3 h\u1ed9i c\u1ee7a ch\u00fang t\u00f4i m\u00e0 c\u00f4ng ch\u00fang c\u00f3 th\u1ec3 truy c\u1eadp. Vui l\u00f2ng th\u00f4ng b\u00e1o cho b\u1ea5t k\u1ef3 nh\u00e2n vi\u00ean AUG n\u00e0o c\u1ee7a ch\u00fang t\u00f4i n\u1ebfu b\u1ea1n kh\u00f4ng \u0111\u1ed3ng \u00fd v\u1edbi \u0111i\u1ec1u n\u00e0y.<\/p>\n\n\t\t<\/div>\n\t<\/div>\n<\/div><\/div><\/div><div class=\"wpb_column vc_column_container vc_col-sm-2\"><div class=\"vc_column-inner\"><div class=\"wpb_wrapper\"><\/div><\/div><\/div><\/div>","protected":false},"excerpt":{"rendered":"AUG Scan &amp; Win 2020 Terms and Conditions 1. About the Campaign A seasonal campaign organised by AUG Australia to share the love during the festive seasons for all international students in Australia. 2. Campaign Duration 9 AM, 7th December 2020 \u2013 5 PM, 31st December 2020* (inclusive) *Melbourne\/Sydney Timezone 3. Scope All international students [...]","protected":false},"author":4,"featured_media":0,"parent":152577,"menu_order":0,"comment_status":"closed","ping_status":"closed","template":"","meta":{"footnotes":""},"class_list":["post-153007","page","type-page","status-publish","hentry"],"yoast_head":"<!-- This site is optimized with the Yoast SEO Premium plugin v27.0 (Yoast SEO v27.3) - https:\/\/yoast.com\/product\/yoast-seo-premium-wordpress\/ -->\n<title>AUG Scan &amp; Win 2020 Terms and Conditions - AUG Student Services<\/title>\n<meta name=\"description\" content=\"Free counselling for university selection, scholarships and visa applications. Let AUG Student Services fast-track your study-abroad journey today.\" \/>\n<meta name=\"robots\" content=\"index, follow, max-snippet:-1, max-image-preview:large, max-video-preview:-1\" \/>\n<link rel=\"canonical\" href=\"https:\/\/augstudy.com\/vi\/chau-uc\/su-kien-2\/aug-scan-win\/cac-dieu-khoan-va-dieu-kien\/\" \/>\n<meta property=\"og:locale\" content=\"vi_VN\" \/>\n<meta property=\"og:type\" content=\"article\" \/>\n<meta property=\"og:title\" content=\"AUG Scan &amp; Win 2020 Terms and Conditions\" \/>\n<meta property=\"og:description\" content=\"Free counselling for university selection, scholarships and visa applications. Let AUG Student Services fast-track your study-abroad journey today.\" \/>\n<meta property=\"og:url\" content=\"https:\/\/augstudy.com\/vi\/chau-uc\/su-kien-2\/aug-scan-win\/cac-dieu-khoan-va-dieu-kien\/\" \/>\n<meta property=\"og:site_name\" content=\"AUG Student Services\" \/>\n<meta property=\"article:publisher\" content=\"https:\/\/www.facebook.com\/augmalaysia\/\" \/>\n<meta property=\"article:modified_time\" content=\"2020-12-09T05:24:17+00:00\" \/>\n<meta name=\"twitter:card\" content=\"summary_large_image\" \/>\n<meta name=\"twitter:label1\" content=\"\u01af\u1edbc t\u00ednh th\u1eddi gian \u0111\u1ecdc\" \/>\n\t<meta name=\"twitter:data1\" content=\"2 ph\u00fat\" \/>\n<script type=\"application\/ld+json\" class=\"yoast-schema-graph\">{\"@context\":\"https:\\\/\\\/schema.org\",\"@graph\":[{\"@type\":\"WebPage\",\"@id\":\"https:\\\/\\\/augstudy.com\\\/australia\\\/events\\\/aug-scan-win\\\/terms-and-conditions\\\/\",\"url\":\"https:\\\/\\\/augstudy.com\\\/australia\\\/events\\\/aug-scan-win\\\/terms-and-conditions\\\/\",\"name\":\"AUG Scan & Win 2020 Terms and Conditions - AUG Student Services\",\"isPartOf\":{\"@id\":\"https:\\\/\\\/augstudy.com\\\/#website\"},\"datePublished\":\"2020-12-08T03:44:08+00:00\",\"dateModified\":\"2020-12-09T05:24:17+00:00\",\"description\":\"Free counselling for university selection, scholarships and visa applications. Let AUG Student Services fast-track your study-abroad journey today.\",\"breadcrumb\":{\"@id\":\"https:\\\/\\\/augstudy.com\\\/australia\\\/events\\\/aug-scan-win\\\/terms-and-conditions\\\/#breadcrumb\"},\"inLanguage\":\"vi\",\"potentialAction\":[{\"@type\":\"ReadAction\",\"target\":[\"https:\\\/\\\/augstudy.com\\\/australia\\\/events\\\/aug-scan-win\\\/terms-and-conditions\\\/\"]}]},{\"@type\":\"BreadcrumbList\",\"@id\":\"https:\\\/\\\/augstudy.com\\\/australia\\\/events\\\/aug-scan-win\\\/terms-and-conditions\\\/#breadcrumb\",\"itemListElement\":[{\"@type\":\"ListItem\",\"position\":1,\"name\":\"Home\",\"item\":\"https:\\\/\\\/augstudy.com\\\/\"},{\"@type\":\"ListItem\",\"position\":2,\"name\":\"AUG Australia\",\"item\":\"https:\\\/\\\/augstudy.com\\\/australia\\\/\"},{\"@type\":\"ListItem\",\"position\":3,\"name\":\"AUG Australia Events\",\"item\":\"https:\\\/\\\/augstudy.com\\\/australia\\\/events\\\/\"},{\"@type\":\"ListItem\",\"position\":4,\"name\":\"Private: AUG Scan &#038; Win\",\"item\":\"https:\\\/\\\/augstudy.com\\\/australia\\\/events\\\/aug-scan-win\\\/\"},{\"@type\":\"ListItem\",\"position\":5,\"name\":\"AUG Scan &#038; Win 2020 Terms and Conditions\"}]},{\"@type\":\"WebSite\",\"@id\":\"https:\\\/\\\/augstudy.com\\\/#website\",\"url\":\"https:\\\/\\\/augstudy.com\\\/\",\"name\":\"AUG Student Services\",\"description\":\"Student Services\",\"alternateName\":\"AUG Global\",\"potentialAction\":[{\"@type\":\"SearchAction\",\"target\":{\"@type\":\"EntryPoint\",\"urlTemplate\":\"https:\\\/\\\/augstudy.com\\\/?s={search_term_string}\"},\"query-input\":{\"@type\":\"PropertyValueSpecification\",\"valueRequired\":true,\"valueName\":\"search_term_string\"}}],\"inLanguage\":\"vi\"}]}<\/script>\n<!-- \/ Yoast SEO Premium plugin. -->","yoast_head_json":{"title":"AUG Scan & Win 2020 Terms and Conditions - AUG Student Services","description":"T\u01b0 v\u1ea5n mi\u1ec5n ph\u00ed v\u1ec1 ch\u1ecdn tr\u01b0\u1eddng \u0111\u1ea1i h\u1ecdc, h\u1ecdc b\u1ed5ng v\u00e0 xin th\u1ecb th\u1ef1c. H\u00e3y \u0111\u1ec3 D\u1ecbch v\u1ee5 Sinh vi\u00ean AUG gi\u00fap b\u1ea1n nhanh ch\u00f3ng ho\u00e0n th\u00e0nh h\u00e0nh tr\u00ecnh du h\u1ecdc ngay h\u00f4m nay.","robots":{"index":"index","follow":"follow","max-snippet":"max-snippet:-1","max-image-preview":"max-image-preview:large","max-video-preview":"max-video-preview:-1"},"canonical":"https:\/\/augstudy.com\/vi\/chau-uc\/su-kien-2\/aug-scan-win\/cac-dieu-khoan-va-dieu-kien\/","og_locale":"vi_VN","og_type":"article","og_title":"AUG Scan & Win 2020 Terms and Conditions","og_description":"Free counselling for university selection, scholarships and visa applications. Let AUG Student Services fast-track your study-abroad journey today.","og_url":"https:\/\/augstudy.com\/vi\/chau-uc\/su-kien-2\/aug-scan-win\/cac-dieu-khoan-va-dieu-kien\/","og_site_name":"AUG Student Services","article_publisher":"https:\/\/www.facebook.com\/augmalaysia\/","article_modified_time":"2020-12-09T05:24:17+00:00","twitter_card":"summary_large_image","twitter_misc":{"\u01af\u1edbc t\u00ednh th\u1eddi gian \u0111\u1ecdc":"2 ph\u00fat"},"schema":{"@context":"https:\/\/schema.org","@graph":[{"@type":"WebPage","@id":"https:\/\/augstudy.com\/australia\/events\/aug-scan-win\/terms-and-conditions\/","url":"https:\/\/augstudy.com\/australia\/events\/aug-scan-win\/terms-and-conditions\/","name":"AUG Scan & Win 2020 Terms and Conditions - AUG Student Services","isPartOf":{"@id":"https:\/\/augstudy.com\/#website"},"datePublished":"2020-12-08T03:44:08+00:00","dateModified":"2020-12-09T05:24:17+00:00","description":"T\u01b0 v\u1ea5n mi\u1ec5n ph\u00ed v\u1ec1 ch\u1ecdn tr\u01b0\u1eddng \u0111\u1ea1i h\u1ecdc, h\u1ecdc b\u1ed5ng v\u00e0 xin th\u1ecb th\u1ef1c. H\u00e3y \u0111\u1ec3 D\u1ecbch v\u1ee5 Sinh vi\u00ean AUG gi\u00fap b\u1ea1n nhanh ch\u00f3ng ho\u00e0n th\u00e0nh h\u00e0nh tr\u00ecnh du h\u1ecdc ngay h\u00f4m nay.","breadcrumb":{"@id":"https:\/\/augstudy.com\/australia\/events\/aug-scan-win\/terms-and-conditions\/#breadcrumb"},"inLanguage":"vi","potentialAction":[{"@type":"ReadAction","target":["https:\/\/augstudy.com\/australia\/events\/aug-scan-win\/terms-and-conditions\/"]}]},{"@type":"BreadcrumbList","@id":"https:\/\/augstudy.com\/australia\/events\/aug-scan-win\/terms-and-conditions\/#breadcrumb","itemListElement":[{"@type":"ListItem","position":1,"name":"Home","item":"https:\/\/augstudy.com\/"},{"@type":"ListItem","position":2,"name":"AUG Australia","item":"https:\/\/augstudy.com\/australia\/"},{"@type":"ListItem","position":3,"name":"AUG Australia Events","item":"https:\/\/augstudy.com\/australia\/events\/"},{"@type":"ListItem","position":4,"name":"Private: AUG Scan &#038; Win","item":"https:\/\/augstudy.com\/australia\/events\/aug-scan-win\/"},{"@type":"ListItem","position":5,"name":"AUG Scan &#038; Win 2020 Terms and Conditions"}]},{"@type":"WebSite","@id":"https:\/\/augstudy.com\/#website","url":"https:\/\/augstudy.com\/","name":"D\u1ecbch v\u1ee5 Sinh vi\u00ean AUG","description":"D\u1ecbch v\u1ee5 sinh vi\u00ean","alternateName":"AUG Global","potentialAction":[{"@type":"SearchAction","target":{"@type":"EntryPoint","urlTemplate":"https:\/\/augstudy.com\/?s={search_term_string}"},"query-input":{"@type":"PropertyValueSpecification","valueRequired":true,"valueName":"search_term_string"}}],"inLanguage":"vi"}]}},"_links":{"self":[{"href":"https:\/\/augstudy.com\/vi\/wp-json\/wp\/v2\/pages\/153007","targetHints":{"allow":["GET"]}}],"collection":[{"href":"https:\/\/augstudy.com\/vi\/wp-json\/wp\/v2\/pages"}],"about":[{"href":"https:\/\/augstudy.com\/vi\/wp-json\/wp\/v2\/types\/page"}],"author":[{"embeddable":true,"href":"https:\/\/augstudy.com\/vi\/wp-json\/wp\/v2\/users\/4"}],"replies":[{"embeddable":true,"href":"https:\/\/augstudy.com\/vi\/wp-json\/wp\/v2\/comments?post=153007"}],"version-history":[{"count":0,"href":"https:\/\/augstudy.com\/vi\/wp-json\/wp\/v2\/pages\/153007\/revisions"}],"up":[{"embeddable":true,"href":"https:\/\/augstudy.com\/vi\/wp-json\/wp\/v2\/pages\/152577"}],"wp:attachment":[{"href":"https:\/\/augstudy.com\/vi\/wp-json\/wp\/v2\/media?parent=153007"}],"curies":[{"name":"wp","href":"https:\/\/api.w.org\/{rel}","templated":true}]}}