{"id":147478,"date":"2020-11-27T11:31:47","date_gmt":"2020-11-27T00:31:47","guid":{"rendered":"https:\/\/augstudy.com\/?page_id=147478"},"modified":"2023-10-24T14:06:30","modified_gmt":"2023-10-24T03:06:30","slug":"monica-febrin","status":"publish","type":"page","link":"https:\/\/augstudy.com\/vi\/vcard\/indonesia\/monica-febrin\/","title":{"rendered":"Monica Febrin"},"content":{"rendered":"<div class=\"vc_row wpb_row vc_row-fluid\"><div class=\"wpb_column vc_column_container vc_col-sm-12\"><div class=\"vc_column-inner\"><div class=\"wpb_wrapper\">\n\t<div class=\"wpb_raw_code wpb_content_element wpb_raw_html margin_bottom_0px\">\n\t\t<div class=\"wpb_wrapper\">\n\t\t\t<a class=\"vcard-download\" href=\"https:\/\/augstudy.com\/aug-website-files\/wp-content\/uploads\/vcard\/Monica_FEBRIN.vcf\"><\/a>\n\t\t<\/div>\n\t<\/div>\n<\/div><\/div><\/div><\/div>","protected":false},"excerpt":{"rendered":"","protected":false},"author":4,"featured_media":386341,"parent":147467,"menu_order":0,"comment_status":"closed","ping_status":"closed","template":"","meta":{"footnotes":""},"class_list":["post-147478","page","type-page","status-publish","hentry"],"yoast_head":"<!-- This site is optimized with the Yoast SEO Premium plugin v27.0 (Yoast SEO v27.3) - https:\/\/yoast.com\/product\/yoast-seo-premium-wordpress\/ -->\n<title>Monica Febrin - AUG Student Services<\/title>\n<meta name=\"description\" content=\"Monica&#039;s journey at AUG has been a period of immense learning and growth. She began her role as an education counsellor just a few months before the pandemic struck, forcing her to swiftly adapt to the new normal. Transitioning from face-to-face counseling sessions to virtual ones via Zoom was initially a challenge, but it soon became an integral part of her daily routine.\" \/>\n<meta name=\"robots\" content=\"index, follow, max-snippet:-1, max-image-preview:large, max-video-preview:-1\" \/>\n<link rel=\"canonical\" href=\"https:\/\/augstudy.com\/vi\/vcard\/indonesia\/monica-febrin\/\" \/>\n<meta property=\"og:locale\" content=\"vi_VN\" \/>\n<meta property=\"og:type\" content=\"article\" \/>\n<meta property=\"og:title\" content=\"Monica Febrin\" \/>\n<meta property=\"og:description\" content=\"Monica&#039;s journey at AUG has been a period of immense learning and growth. She began her role as an education counsellor just a few months before the pandemic struck, forcing her to swiftly adapt to the new normal. Transitioning from face-to-face counseling sessions to virtual ones via Zoom was initially a challenge, but it soon became an integral part of her daily routine.\" \/>\n<meta property=\"og:url\" content=\"https:\/\/augstudy.com\/vi\/vcard\/indonesia\/monica-febrin\/\" \/>\n<meta property=\"og:site_name\" content=\"AUG Student Services\" \/>\n<meta property=\"article:publisher\" content=\"https:\/\/www.facebook.com\/augmalaysia\/\" \/>\n<meta property=\"article:modified_time\" content=\"2023-10-24T03:06:30+00:00\" \/>\n<meta property=\"og:image\" content=\"https:\/\/augstudy.com\/aug-website-files\/wp-content\/uploads\/2023\/10\/aug_vcard_monica_febrin_500x500.png\" \/>\n\t<meta property=\"og:image:width\" content=\"500\" \/>\n\t<meta property=\"og:image:height\" content=\"500\" \/>\n\t<meta property=\"og:image:type\" content=\"image\/png\" \/>\n<meta name=\"twitter:card\" content=\"summary_large_image\" \/>\n<meta name=\"twitter:label1\" content=\"\u01af\u1edbc t\u00ednh th\u1eddi gian \u0111\u1ecdc\" \/>\n\t<meta name=\"twitter:data1\" content=\"1 ph\u00fat\" \/>\n<script type=\"application\/ld+json\" class=\"yoast-schema-graph\">{\"@context\":\"https:\\\/\\\/schema.org\",\"@graph\":[{\"@type\":\"WebPage\",\"@id\":\"https:\\\/\\\/augstudy.com\\\/vcard\\\/indonesia\\\/monica-febrin\\\/\",\"url\":\"https:\\\/\\\/augstudy.com\\\/vcard\\\/indonesia\\\/monica-febrin\\\/\",\"name\":\"Monica Febrin - AUG Student Services\",\"isPartOf\":{\"@id\":\"https:\\\/\\\/augstudy.com\\\/#website\"},\"primaryImageOfPage\":{\"@id\":\"https:\\\/\\\/augstudy.com\\\/vcard\\\/indonesia\\\/monica-febrin\\\/#primaryimage\"},\"image\":{\"@id\":\"https:\\\/\\\/augstudy.com\\\/vcard\\\/indonesia\\\/monica-febrin\\\/#primaryimage\"},\"thumbnailUrl\":\"https:\\\/\\\/augstudy.com\\\/aug-website-files\\\/wp-content\\\/uploads\\\/2023\\\/10\\\/aug_vcard_monica_febrin_500x500.png\",\"datePublished\":\"2020-11-27T00:31:47+00:00\",\"dateModified\":\"2023-10-24T03:06:30+00:00\",\"description\":\"Monica's journey at AUG has been a period of immense learning and growth. She began her role as an education counsellor just a few months before the pandemic struck, forcing her to swiftly adapt to the new normal. Transitioning from face-to-face counseling sessions to virtual ones via Zoom was initially a challenge, but it soon became an integral part of her daily routine.\",\"breadcrumb\":{\"@id\":\"https:\\\/\\\/augstudy.com\\\/vcard\\\/indonesia\\\/monica-febrin\\\/#breadcrumb\"},\"inLanguage\":\"vi\",\"potentialAction\":[{\"@type\":\"ReadAction\",\"target\":[\"https:\\\/\\\/augstudy.com\\\/vcard\\\/indonesia\\\/monica-febrin\\\/\"]}]},{\"@type\":\"ImageObject\",\"inLanguage\":\"vi\",\"@id\":\"https:\\\/\\\/augstudy.com\\\/vcard\\\/indonesia\\\/monica-febrin\\\/#primaryimage\",\"url\":\"https:\\\/\\\/augstudy.com\\\/aug-website-files\\\/wp-content\\\/uploads\\\/2023\\\/10\\\/aug_vcard_monica_febrin_500x500.png\",\"contentUrl\":\"https:\\\/\\\/augstudy.com\\\/aug-website-files\\\/wp-content\\\/uploads\\\/2023\\\/10\\\/aug_vcard_monica_febrin_500x500.png\",\"width\":500,\"height\":500},{\"@type\":\"BreadcrumbList\",\"@id\":\"https:\\\/\\\/augstudy.com\\\/vcard\\\/indonesia\\\/monica-febrin\\\/#breadcrumb\",\"itemListElement\":[{\"@type\":\"ListItem\",\"position\":1,\"name\":\"Home\",\"item\":\"https:\\\/\\\/augstudy.com\\\/\"},{\"@type\":\"ListItem\",\"position\":2,\"name\":\"vCard\",\"item\":\"https:\\\/\\\/augstudy.com\\\/vcard\\\/\"},{\"@type\":\"ListItem\",\"position\":3,\"name\":\"vCard &#8211; Indonesia\",\"item\":\"https:\\\/\\\/augstudy.com\\\/vcard\\\/indonesia\\\/\"},{\"@type\":\"ListItem\",\"position\":4,\"name\":\"Monica Febrin\"}]},{\"@type\":\"WebSite\",\"@id\":\"https:\\\/\\\/augstudy.com\\\/#website\",\"url\":\"https:\\\/\\\/augstudy.com\\\/\",\"name\":\"AUG Student Services\",\"description\":\"Student Services\",\"alternateName\":\"AUG Global\",\"potentialAction\":[{\"@type\":\"SearchAction\",\"target\":{\"@type\":\"EntryPoint\",\"urlTemplate\":\"https:\\\/\\\/augstudy.com\\\/?s={search_term_string}\"},\"query-input\":{\"@type\":\"PropertyValueSpecification\",\"valueRequired\":true,\"valueName\":\"search_term_string\"}}],\"inLanguage\":\"vi\"}]}<\/script>\n<!-- \/ Yoast SEO Premium plugin. -->","yoast_head_json":{"title":"Monica Febrin - AUG Student Services","description":"H\u00e0nh tr\u00ecnh c\u1ee7a Monica t\u1ea1i AUG l\u00e0 m\u1ed9t giai \u0111o\u1ea1n h\u1ecdc h\u1ecfi v\u00e0 ph\u00e1t tri\u1ec3n to l\u1edbn. C\u00f4 b\u1eaft \u0111\u1ea7u vai tr\u00f2 c\u1ed1 v\u1ea5n gi\u00e1o d\u1ee5c ch\u1ec9 v\u00e0i th\u00e1ng tr\u01b0\u1edbc khi \u0111\u1ea1i d\u1ecbch x\u1ea3y ra, bu\u1ed9c c\u00f4 ph\u1ea3i nhanh ch\u00f3ng th\u00edch nghi v\u1edbi tr\u1ea1ng th\u00e1i b\u00ecnh th\u01b0\u1eddng m\u1edbi. Vi\u1ec7c chuy\u1ec3n \u0111\u1ed5i t\u1eeb c\u00e1c bu\u1ed5i t\u01b0 v\u1ea5n tr\u1ef1c ti\u1ebfp sang c\u00e1c bu\u1ed5i t\u01b0 v\u1ea5n \u1ea3o qua Zoom ban \u0111\u1ea7u l\u00e0 m\u1ed9t th\u00e1ch th\u1ee9c, nh\u01b0ng n\u00f3 nhanh ch\u00f3ng tr\u1edf th\u00e0nh m\u1ed9t ph\u1ea7n kh\u00f4ng th\u1ec3 thi\u1ebfu trong th\u00f3i quen h\u00e0ng ng\u00e0y c\u1ee7a c\u00f4.","robots":{"index":"index","follow":"follow","max-snippet":"max-snippet:-1","max-image-preview":"max-image-preview:large","max-video-preview":"max-video-preview:-1"},"canonical":"https:\/\/augstudy.com\/vi\/vcard\/indonesia\/monica-febrin\/","og_locale":"vi_VN","og_type":"article","og_title":"Monica Febrin","og_description":"Monica's journey at AUG has been a period of immense learning and growth. She began her role as an education counsellor just a few months before the pandemic struck, forcing her to swiftly adapt to the new normal. Transitioning from face-to-face counseling sessions to virtual ones via Zoom was initially a challenge, but it soon became an integral part of her daily routine.","og_url":"https:\/\/augstudy.com\/vi\/vcard\/indonesia\/monica-febrin\/","og_site_name":"AUG Student Services","article_publisher":"https:\/\/www.facebook.com\/augmalaysia\/","article_modified_time":"2023-10-24T03:06:30+00:00","og_image":[{"width":500,"height":500,"url":"https:\/\/augstudy.com\/aug-website-files\/wp-content\/uploads\/2023\/10\/aug_vcard_monica_febrin_500x500.png","type":"image\/png"}],"twitter_card":"summary_large_image","twitter_misc":{"\u01af\u1edbc t\u00ednh th\u1eddi gian \u0111\u1ecdc":"1 ph\u00fat"},"schema":{"@context":"https:\/\/schema.org","@graph":[{"@type":"WebPage","@id":"https:\/\/augstudy.com\/vcard\/indonesia\/monica-febrin\/","url":"https:\/\/augstudy.com\/vcard\/indonesia\/monica-febrin\/","name":"Monica Febrin - AUG Student Services","isPartOf":{"@id":"https:\/\/augstudy.com\/#website"},"primaryImageOfPage":{"@id":"https:\/\/augstudy.com\/vcard\/indonesia\/monica-febrin\/#primaryimage"},"image":{"@id":"https:\/\/augstudy.com\/vcard\/indonesia\/monica-febrin\/#primaryimage"},"thumbnailUrl":"https:\/\/augstudy.com\/aug-website-files\/wp-content\/uploads\/2023\/10\/aug_vcard_monica_febrin_500x500.png","datePublished":"2020-11-27T00:31:47+00:00","dateModified":"2023-10-24T03:06:30+00:00","description":"H\u00e0nh tr\u00ecnh c\u1ee7a Monica t\u1ea1i AUG l\u00e0 m\u1ed9t giai \u0111o\u1ea1n h\u1ecdc h\u1ecfi v\u00e0 ph\u00e1t tri\u1ec3n to l\u1edbn. C\u00f4 b\u1eaft \u0111\u1ea7u vai tr\u00f2 c\u1ed1 v\u1ea5n gi\u00e1o d\u1ee5c ch\u1ec9 v\u00e0i th\u00e1ng tr\u01b0\u1edbc khi \u0111\u1ea1i d\u1ecbch x\u1ea3y ra, bu\u1ed9c c\u00f4 ph\u1ea3i nhanh ch\u00f3ng th\u00edch nghi v\u1edbi tr\u1ea1ng th\u00e1i b\u00ecnh th\u01b0\u1eddng m\u1edbi. Vi\u1ec7c chuy\u1ec3n \u0111\u1ed5i t\u1eeb c\u00e1c bu\u1ed5i t\u01b0 v\u1ea5n tr\u1ef1c ti\u1ebfp sang c\u00e1c bu\u1ed5i t\u01b0 v\u1ea5n \u1ea3o qua Zoom ban \u0111\u1ea7u l\u00e0 m\u1ed9t th\u00e1ch th\u1ee9c, nh\u01b0ng n\u00f3 nhanh ch\u00f3ng tr\u1edf th\u00e0nh m\u1ed9t ph\u1ea7n kh\u00f4ng th\u1ec3 thi\u1ebfu trong th\u00f3i quen h\u00e0ng ng\u00e0y c\u1ee7a c\u00f4.","breadcrumb":{"@id":"https:\/\/augstudy.com\/vcard\/indonesia\/monica-febrin\/#breadcrumb"},"inLanguage":"vi","potentialAction":[{"@type":"ReadAction","target":["https:\/\/augstudy.com\/vcard\/indonesia\/monica-febrin\/"]}]},{"@type":"ImageObject","inLanguage":"vi","@id":"https:\/\/augstudy.com\/vcard\/indonesia\/monica-febrin\/#primaryimage","url":"https:\/\/augstudy.com\/aug-website-files\/wp-content\/uploads\/2023\/10\/aug_vcard_monica_febrin_500x500.png","contentUrl":"https:\/\/augstudy.com\/aug-website-files\/wp-content\/uploads\/2023\/10\/aug_vcard_monica_febrin_500x500.png","width":500,"height":500},{"@type":"BreadcrumbList","@id":"https:\/\/augstudy.com\/vcard\/indonesia\/monica-febrin\/#breadcrumb","itemListElement":[{"@type":"ListItem","position":1,"name":"Home","item":"https:\/\/augstudy.com\/"},{"@type":"ListItem","position":2,"name":"vCard","item":"https:\/\/augstudy.com\/vcard\/"},{"@type":"ListItem","position":3,"name":"vCard &#8211; Indonesia","item":"https:\/\/augstudy.com\/vcard\/indonesia\/"},{"@type":"ListItem","position":4,"name":"Monica Febrin"}]},{"@type":"WebSite","@id":"https:\/\/augstudy.com\/#website","url":"https:\/\/augstudy.com\/","name":"D\u1ecbch v\u1ee5 Sinh vi\u00ean AUG","description":"D\u1ecbch v\u1ee5 sinh vi\u00ean","alternateName":"AUG Global","potentialAction":[{"@type":"SearchAction","target":{"@type":"EntryPoint","urlTemplate":"https:\/\/augstudy.com\/?s={search_term_string}"},"query-input":{"@type":"PropertyValueSpecification","valueRequired":true,"valueName":"search_term_string"}}],"inLanguage":"vi"}]}},"_links":{"self":[{"href":"https:\/\/augstudy.com\/vi\/wp-json\/wp\/v2\/pages\/147478","targetHints":{"allow":["GET"]}}],"collection":[{"href":"https:\/\/augstudy.com\/vi\/wp-json\/wp\/v2\/pages"}],"about":[{"href":"https:\/\/augstudy.com\/vi\/wp-json\/wp\/v2\/types\/page"}],"author":[{"embeddable":true,"href":"https:\/\/augstudy.com\/vi\/wp-json\/wp\/v2\/users\/4"}],"replies":[{"embeddable":true,"href":"https:\/\/augstudy.com\/vi\/wp-json\/wp\/v2\/comments?post=147478"}],"version-history":[{"count":0,"href":"https:\/\/augstudy.com\/vi\/wp-json\/wp\/v2\/pages\/147478\/revisions"}],"up":[{"embeddable":true,"href":"https:\/\/augstudy.com\/vi\/wp-json\/wp\/v2\/pages\/147467"}],"wp:featuredmedia":[{"embeddable":true,"href":"https:\/\/augstudy.com\/vi\/wp-json\/wp\/v2\/media\/386341"}],"wp:attachment":[{"href":"https:\/\/augstudy.com\/vi\/wp-json\/wp\/v2\/media?parent=147478"}],"curies":[{"name":"wp","href":"https:\/\/api.w.org\/{rel}","templated":true}]}}