{"id":139967,"date":"2020-11-11T09:53:01","date_gmt":"2020-11-10T22:53:01","guid":{"rendered":"https:\/\/augstudy.com\/?page_id=139967"},"modified":"2020-11-11T13:45:01","modified_gmt":"2020-11-11T02:45:01","slug":"uq-online-tuition-fee-rebate","status":"publish","type":"page","link":"https:\/\/augstudy.com\/vi\/uq-online-tuition-fee-rebate\/","title":{"rendered":"The University of Queensland (UQ) 12.5% COVID-19 Offshore Online Study Tuition Fee Rebate"},"content":{"rendered":"<div class=\"vc_row wpb_row vc_row-fluid\"><div class=\"wpb_column vc_column_container vc_col-sm-12\"><div class=\"vc_column-inner\"><div class=\"wpb_wrapper\"><\/div><\/div><\/div><\/div><div class=\"vc_row wpb_row vc_row-fluid\"><div class=\"wpb_column vc_column_container vc_col-sm-2\"><div class=\"vc_column-inner\"><div class=\"wpb_wrapper\"><\/div><\/div><\/div><div class=\"wpb_column vc_column_container vc_col-sm-8\"><div class=\"vc_column-inner\"><div class=\"wpb_wrapper\"><div class=\"vc_empty_space\"  style=\"height: 32px\" ><span class=\"vc_empty_space_inner\"><\/span><\/div>\n\n\t<div class=\"wpb_text_column wpb_content_element\">\n\t\t<div class=\"wpb_wrapper\">\n\t\t\t<div style=\"background-color:; height: 30px;\" class=\"nicdark_section\"><\/div>\n<h2><strong>\u0110\u1ea1i h\u1ecdc Queensland (UQ)<\/strong><\/h2>\n<h3><strong>12.5% Gi\u1ea3m h\u1ecdc ph\u00ed h\u1ecdc tr\u1ef1c tuy\u1ebfn \u1edf n\u01b0\u1edbc ngo\u00e0i trong \u0111\u1ea1i d\u1ecbch COVID-19<\/strong><\/h3>\n<h3><div style=\"background-color:; height: 30px;\" class=\"nicdark_section\"><\/div><\/h3>\n<p>N\u1ebfu sinh vi\u00ean qu\u1ed1c t\u1ebf b\u1ecb ng\u0103n kh\u00f4ng cho \u0111\u1ebfn \u00dac do c\u00e1c bi\u1ec7n ph\u00e1p ki\u1ec3m so\u00e1t bi\u00ean gi\u1edbi c\u1ee7a Ch\u00ednh ph\u1ee7 \u00dac v\u00e0 s\u1ebd h\u1ecdc tr\u1ef1c tuy\u1ebfn v\u1edbi UQ t\u1eeb n\u01b0\u1edbc b\u1ea1n, b\u1ea1n c\u00f3 th\u1ec3 \u0111\u1ee7 \u0111i\u1ec1u ki\u1ec7n \u0111\u01b0\u1ee3c Gi\u1ea3m h\u1ecdc ph\u00ed h\u1ecdc t\u1eadp tr\u1ef1c tuy\u1ebfn \u1edf n\u01b0\u1edbc ngo\u00e0i do \u0111\u1ea1i d\u1ecbch COVID-19 c\u1ee7a UQ.<\/p>\n<div style=\"background-color:; height: 20px;\" class=\"nicdark_section\"><\/div>\n<p>Sinh vi\u00ean s\u1ebd ph\u1ea3i l\u00e0 sinh vi\u00ean qu\u1ed1c t\u1ebf \u0111\u00f3ng h\u1ecdc ph\u00ed \u0111\u1ea7y \u0111\u1ee7 v\u00e0 \u0111ang theo h\u1ecdc m\u1ed9t kh\u00f3a h\u1ecdc \u0111\u1ea1i h\u1ecdc ho\u1eb7c sau \u0111\u1ea1i h\u1ecdc. N\u1ebfu \u0111\u1ee7 \u0111i\u1ec1u ki\u1ec7n, kho\u1ea3n gi\u1ea3m gi\u00e1 s\u1ebd gi\u00fap b\u1ea1n gi\u1ea3m 12,5% h\u1ecdc ph\u00ed d\u1ef1a tr\u00ean s\u1ed1 l\u1ea7n \u0111\u0103ng k\u00fd kh\u00f3a h\u1ecdc th\u1ef1c t\u1ebf c\u1ee7a b\u1ea1n trong H\u1ecdc k\u1ef3 1 n\u0103m 2021.<\/p>\n<div style=\"background-color:; height: 60px;\" class=\"nicdark_section\"><\/div>\n<p>\u0110\u1ec3 bi\u1ebft th\u00eam th\u00f4ng tin v\u1ec1 gi\u1ea3m gi\u00e1, vui l\u00f2ng li\u00ean h\u1ec7 AUG. <a href=\"\/vi\/lien-he-2\/\">B\u1ea5m v\u00e0o \u0111\u00e2y<\/a><\/p>\n<div style=\"background-color:; height: 80px;\" class=\"nicdark_section\"><\/div>\n\n\t\t<\/div>\n\t<\/div>\n<\/div><\/div><\/div><div class=\"wpb_column vc_column_container vc_col-sm-2\"><div class=\"vc_column-inner\"><div class=\"wpb_wrapper\"><\/div><\/div><\/div><\/div>","protected":false},"excerpt":{"rendered":"The University of Queensland (UQ) 12.5% COVID-19 Offshore Online Study Tuition Fee Rebate If international students are prevented from travelling to Australia due to the Australian Government border controls and will be studying with UQ online from your home country, you may be eligible for a UQ COVID-19 Offshore Online Study Tuition Fee Rebate. Students [...]","protected":false},"author":1,"featured_media":0,"parent":0,"menu_order":0,"comment_status":"closed","ping_status":"closed","template":"","meta":{"footnotes":""},"class_list":["post-139967","page","type-page","status-publish","hentry"],"yoast_head":"<!-- This site is optimized with the Yoast SEO Premium plugin v27.0 (Yoast SEO v27.3) - https:\/\/yoast.com\/product\/yoast-seo-premium-wordpress\/ -->\n<title>The University of Queensland (UQ) 12.5% COVID-19 Offshore Online Study Tuition Fee Rebate - AUG Student Services<\/title>\n<meta name=\"description\" content=\"Free counselling for university selection, scholarships and visa applications. Let AUG Student Services fast-track your study-abroad journey today.\" \/>\n<meta name=\"robots\" content=\"index, follow, max-snippet:-1, max-image-preview:large, max-video-preview:-1\" \/>\n<link rel=\"canonical\" href=\"https:\/\/augstudy.com\/vi\/uq-online-tuition-fee-rebate\/\" \/>\n<meta property=\"og:locale\" content=\"vi_VN\" \/>\n<meta property=\"og:type\" content=\"article\" \/>\n<meta property=\"og:title\" content=\"The University of Queensland (UQ) 12.5% COVID-19 Offshore Online Study Tuition Fee Rebate\" \/>\n<meta property=\"og:description\" content=\"Free counselling for university selection, scholarships and visa applications. Let AUG Student Services fast-track your study-abroad journey today.\" \/>\n<meta property=\"og:url\" content=\"https:\/\/augstudy.com\/vi\/uq-online-tuition-fee-rebate\/\" \/>\n<meta property=\"og:site_name\" content=\"AUG Student Services\" \/>\n<meta property=\"article:publisher\" content=\"https:\/\/www.facebook.com\/augmalaysia\/\" \/>\n<meta property=\"article:modified_time\" content=\"2020-11-11T02:45:01+00:00\" \/>\n<meta name=\"twitter:card\" content=\"summary_large_image\" \/>\n<meta name=\"twitter:label1\" content=\"\u01af\u1edbc t\u00ednh th\u1eddi gian \u0111\u1ecdc\" \/>\n\t<meta name=\"twitter:data1\" content=\"1 ph\u00fat\" \/>\n<script type=\"application\/ld+json\" class=\"yoast-schema-graph\">{\"@context\":\"https:\\\/\\\/schema.org\",\"@graph\":[{\"@type\":\"WebPage\",\"@id\":\"https:\\\/\\\/augstudy.com\\\/uq-online-tuition-fee-rebate\\\/\",\"url\":\"https:\\\/\\\/augstudy.com\\\/uq-online-tuition-fee-rebate\\\/\",\"name\":\"The University of Queensland (UQ) 12.5% COVID-19 Offshore Online Study Tuition Fee Rebate - AUG Student Services\",\"isPartOf\":{\"@id\":\"https:\\\/\\\/augstudy.com\\\/#website\"},\"datePublished\":\"2020-11-10T22:53:01+00:00\",\"dateModified\":\"2020-11-11T02:45:01+00:00\",\"description\":\"Free counselling for university selection, scholarships and visa applications. Let AUG Student Services fast-track your study-abroad journey today.\",\"breadcrumb\":{\"@id\":\"https:\\\/\\\/augstudy.com\\\/uq-online-tuition-fee-rebate\\\/#breadcrumb\"},\"inLanguage\":\"vi\",\"potentialAction\":[{\"@type\":\"ReadAction\",\"target\":[\"https:\\\/\\\/augstudy.com\\\/uq-online-tuition-fee-rebate\\\/\"]}]},{\"@type\":\"BreadcrumbList\",\"@id\":\"https:\\\/\\\/augstudy.com\\\/uq-online-tuition-fee-rebate\\\/#breadcrumb\",\"itemListElement\":[{\"@type\":\"ListItem\",\"position\":1,\"name\":\"Home\",\"item\":\"https:\\\/\\\/augstudy.com\\\/\"},{\"@type\":\"ListItem\",\"position\":2,\"name\":\"The University of Queensland (UQ) 12.5% COVID-19 Offshore Online Study Tuition Fee Rebate\"}]},{\"@type\":\"WebSite\",\"@id\":\"https:\\\/\\\/augstudy.com\\\/#website\",\"url\":\"https:\\\/\\\/augstudy.com\\\/\",\"name\":\"AUG Student Services\",\"description\":\"Student Services\",\"alternateName\":\"AUG Global\",\"potentialAction\":[{\"@type\":\"SearchAction\",\"target\":{\"@type\":\"EntryPoint\",\"urlTemplate\":\"https:\\\/\\\/augstudy.com\\\/?s={search_term_string}\"},\"query-input\":{\"@type\":\"PropertyValueSpecification\",\"valueRequired\":true,\"valueName\":\"search_term_string\"}}],\"inLanguage\":\"vi\"}]}<\/script>\n<!-- \/ Yoast SEO Premium plugin. -->","yoast_head_json":{"title":"The University of Queensland (UQ) 12.5% COVID-19 Offshore Online Study Tuition Fee Rebate - AUG Student Services","description":"T\u01b0 v\u1ea5n mi\u1ec5n ph\u00ed v\u1ec1 ch\u1ecdn tr\u01b0\u1eddng \u0111\u1ea1i h\u1ecdc, h\u1ecdc b\u1ed5ng v\u00e0 xin th\u1ecb th\u1ef1c. H\u00e3y \u0111\u1ec3 D\u1ecbch v\u1ee5 Sinh vi\u00ean AUG gi\u00fap b\u1ea1n nhanh ch\u00f3ng ho\u00e0n th\u00e0nh h\u00e0nh tr\u00ecnh du h\u1ecdc ngay h\u00f4m nay.","robots":{"index":"index","follow":"follow","max-snippet":"max-snippet:-1","max-image-preview":"max-image-preview:large","max-video-preview":"max-video-preview:-1"},"canonical":"https:\/\/augstudy.com\/vi\/uq-online-tuition-fee-rebate\/","og_locale":"vi_VN","og_type":"article","og_title":"The University of Queensland (UQ) 12.5% COVID-19 Offshore Online Study Tuition Fee Rebate","og_description":"Free counselling for university selection, scholarships and visa applications. Let AUG Student Services fast-track your study-abroad journey today.","og_url":"https:\/\/augstudy.com\/vi\/uq-online-tuition-fee-rebate\/","og_site_name":"AUG Student Services","article_publisher":"https:\/\/www.facebook.com\/augmalaysia\/","article_modified_time":"2020-11-11T02:45:01+00:00","twitter_card":"summary_large_image","twitter_misc":{"\u01af\u1edbc t\u00ednh th\u1eddi gian \u0111\u1ecdc":"1 ph\u00fat"},"schema":{"@context":"https:\/\/schema.org","@graph":[{"@type":"WebPage","@id":"https:\/\/augstudy.com\/uq-online-tuition-fee-rebate\/","url":"https:\/\/augstudy.com\/uq-online-tuition-fee-rebate\/","name":"The University of Queensland (UQ) 12.5% COVID-19 Offshore Online Study Tuition Fee Rebate - AUG Student Services","isPartOf":{"@id":"https:\/\/augstudy.com\/#website"},"datePublished":"2020-11-10T22:53:01+00:00","dateModified":"2020-11-11T02:45:01+00:00","description":"T\u01b0 v\u1ea5n mi\u1ec5n ph\u00ed v\u1ec1 ch\u1ecdn tr\u01b0\u1eddng \u0111\u1ea1i h\u1ecdc, h\u1ecdc b\u1ed5ng v\u00e0 xin th\u1ecb th\u1ef1c. H\u00e3y \u0111\u1ec3 D\u1ecbch v\u1ee5 Sinh vi\u00ean AUG gi\u00fap b\u1ea1n nhanh ch\u00f3ng ho\u00e0n th\u00e0nh h\u00e0nh tr\u00ecnh du h\u1ecdc ngay h\u00f4m nay.","breadcrumb":{"@id":"https:\/\/augstudy.com\/uq-online-tuition-fee-rebate\/#breadcrumb"},"inLanguage":"vi","potentialAction":[{"@type":"ReadAction","target":["https:\/\/augstudy.com\/uq-online-tuition-fee-rebate\/"]}]},{"@type":"BreadcrumbList","@id":"https:\/\/augstudy.com\/uq-online-tuition-fee-rebate\/#breadcrumb","itemListElement":[{"@type":"ListItem","position":1,"name":"Home","item":"https:\/\/augstudy.com\/"},{"@type":"ListItem","position":2,"name":"The University of Queensland (UQ) 12.5% COVID-19 Offshore Online Study Tuition Fee Rebate"}]},{"@type":"WebSite","@id":"https:\/\/augstudy.com\/#website","url":"https:\/\/augstudy.com\/","name":"D\u1ecbch v\u1ee5 Sinh vi\u00ean AUG","description":"D\u1ecbch v\u1ee5 sinh vi\u00ean","alternateName":"AUG Global","potentialAction":[{"@type":"SearchAction","target":{"@type":"EntryPoint","urlTemplate":"https:\/\/augstudy.com\/?s={search_term_string}"},"query-input":{"@type":"PropertyValueSpecification","valueRequired":true,"valueName":"search_term_string"}}],"inLanguage":"vi"}]}},"_links":{"self":[{"href":"https:\/\/augstudy.com\/vi\/wp-json\/wp\/v2\/pages\/139967","targetHints":{"allow":["GET"]}}],"collection":[{"href":"https:\/\/augstudy.com\/vi\/wp-json\/wp\/v2\/pages"}],"about":[{"href":"https:\/\/augstudy.com\/vi\/wp-json\/wp\/v2\/types\/page"}],"author":[{"embeddable":true,"href":"https:\/\/augstudy.com\/vi\/wp-json\/wp\/v2\/users\/1"}],"replies":[{"embeddable":true,"href":"https:\/\/augstudy.com\/vi\/wp-json\/wp\/v2\/comments?post=139967"}],"version-history":[{"count":0,"href":"https:\/\/augstudy.com\/vi\/wp-json\/wp\/v2\/pages\/139967\/revisions"}],"wp:attachment":[{"href":"https:\/\/augstudy.com\/vi\/wp-json\/wp\/v2\/media?parent=139967"}],"curies":[{"name":"wp","href":"https:\/\/api.w.org\/{rel}","templated":true}]}}