{"id":128748,"date":"2020-10-14T17:00:14","date_gmt":"2020-10-14T06:00:14","guid":{"rendered":"https:\/\/augstudy.com\/?page_id=128748"},"modified":"2023-10-24T10:49:23","modified_gmt":"2023-10-23T23:49:23","slug":"nick-lim","status":"publish","type":"page","link":"https:\/\/augstudy.com\/vi\/vcard\/singapore\/nick-lim\/","title":{"rendered":"Nick Lim"},"content":{"rendered":"<div class=\"vc_row wpb_row vc_row-fluid\"><div class=\"wpb_column vc_column_container vc_col-sm-12\"><div class=\"vc_column-inner\"><div class=\"wpb_wrapper\">\n\t<div class=\"wpb_raw_code wpb_content_element wpb_raw_html margin_bottom_0px\">\n\t\t<div class=\"wpb_wrapper\">\n\t\t\t<a class=\"vcard-download\" href=\"https:\/\/augstudy.com\/aug-website-files\/wp-content\/uploads\/vcard\/Nick_LIM.vcf\"><\/a>\n\t\t<\/div>\n\t<\/div>\n<\/div><\/div><\/div><\/div>","protected":false},"excerpt":{"rendered":"","protected":false},"author":4,"featured_media":386317,"parent":128739,"menu_order":0,"comment_status":"closed","ping_status":"closed","template":"","meta":{"footnotes":""},"class_list":["post-128748","page","type-page","status-publish","hentry"],"yoast_head":"<!-- This site is optimized with the Yoast SEO Premium plugin v27.0 (Yoast SEO v27.3) - https:\/\/yoast.com\/product\/yoast-seo-premium-wordpress\/ -->\n<title>Nick Lim - AUG Student Services<\/title>\n<meta name=\"description\" content=\"With a dream to make a significant impact in the corporate world, Nick embarked on his professional journey, armed with an outgoing personality, a positive outlook, and a confident demeanor. He tackles every challenge with a &quot;Just Do It&quot; attitude, a mantra that has served him well throughout his career.\" \/>\n<meta name=\"robots\" content=\"index, follow, max-snippet:-1, max-image-preview:large, max-video-preview:-1\" \/>\n<link rel=\"canonical\" href=\"https:\/\/augstudy.com\/vi\/vcard\/singapore\/nick-lim\/\" \/>\n<meta property=\"og:locale\" content=\"vi_VN\" \/>\n<meta property=\"og:type\" content=\"article\" \/>\n<meta property=\"og:title\" content=\"Nick Lim\" \/>\n<meta property=\"og:description\" content=\"With a dream to make a significant impact in the corporate world, Nick embarked on his professional journey, armed with an outgoing personality, a positive outlook, and a confident demeanor. He tackles every challenge with a &quot;Just Do It&quot; attitude, a mantra that has served him well throughout his career.\" \/>\n<meta property=\"og:url\" content=\"https:\/\/augstudy.com\/vi\/vcard\/singapore\/nick-lim\/\" \/>\n<meta property=\"og:site_name\" content=\"AUG Student Services\" \/>\n<meta property=\"article:publisher\" content=\"https:\/\/www.facebook.com\/augmalaysia\/\" \/>\n<meta property=\"article:modified_time\" content=\"2023-10-23T23:49:23+00:00\" \/>\n<meta property=\"og:image\" content=\"https:\/\/augstudy.com\/aug-website-files\/wp-content\/uploads\/2023\/10\/aug_vcard_nick_lim_500x500.png\" \/>\n\t<meta property=\"og:image:width\" content=\"500\" \/>\n\t<meta property=\"og:image:height\" content=\"500\" \/>\n\t<meta property=\"og:image:type\" content=\"image\/png\" \/>\n<meta name=\"twitter:card\" content=\"summary_large_image\" \/>\n<meta name=\"twitter:label1\" content=\"\u01af\u1edbc t\u00ednh th\u1eddi gian \u0111\u1ecdc\" \/>\n\t<meta name=\"twitter:data1\" content=\"1 ph\u00fat\" \/>\n<script type=\"application\/ld+json\" class=\"yoast-schema-graph\">{\"@context\":\"https:\\\/\\\/schema.org\",\"@graph\":[{\"@type\":\"WebPage\",\"@id\":\"https:\\\/\\\/augstudy.com\\\/vcard\\\/singapore\\\/nick-lim\\\/\",\"url\":\"https:\\\/\\\/augstudy.com\\\/vcard\\\/singapore\\\/nick-lim\\\/\",\"name\":\"Nick Lim - AUG Student Services\",\"isPartOf\":{\"@id\":\"https:\\\/\\\/augstudy.com\\\/#website\"},\"primaryImageOfPage\":{\"@id\":\"https:\\\/\\\/augstudy.com\\\/vcard\\\/singapore\\\/nick-lim\\\/#primaryimage\"},\"image\":{\"@id\":\"https:\\\/\\\/augstudy.com\\\/vcard\\\/singapore\\\/nick-lim\\\/#primaryimage\"},\"thumbnailUrl\":\"https:\\\/\\\/augstudy.com\\\/aug-website-files\\\/wp-content\\\/uploads\\\/2023\\\/10\\\/aug_vcard_nick_lim_500x500.png\",\"datePublished\":\"2020-10-14T06:00:14+00:00\",\"dateModified\":\"2023-10-23T23:49:23+00:00\",\"description\":\"With a dream to make a significant impact in the corporate world, Nick embarked on his professional journey, armed with an outgoing personality, a positive outlook, and a confident demeanor. He tackles every challenge with a \\\"Just Do It\\\" attitude, a mantra that has served him well throughout his career.\",\"breadcrumb\":{\"@id\":\"https:\\\/\\\/augstudy.com\\\/vcard\\\/singapore\\\/nick-lim\\\/#breadcrumb\"},\"inLanguage\":\"vi\",\"potentialAction\":[{\"@type\":\"ReadAction\",\"target\":[\"https:\\\/\\\/augstudy.com\\\/vcard\\\/singapore\\\/nick-lim\\\/\"]}]},{\"@type\":\"ImageObject\",\"inLanguage\":\"vi\",\"@id\":\"https:\\\/\\\/augstudy.com\\\/vcard\\\/singapore\\\/nick-lim\\\/#primaryimage\",\"url\":\"https:\\\/\\\/augstudy.com\\\/aug-website-files\\\/wp-content\\\/uploads\\\/2023\\\/10\\\/aug_vcard_nick_lim_500x500.png\",\"contentUrl\":\"https:\\\/\\\/augstudy.com\\\/aug-website-files\\\/wp-content\\\/uploads\\\/2023\\\/10\\\/aug_vcard_nick_lim_500x500.png\",\"width\":500,\"height\":500},{\"@type\":\"BreadcrumbList\",\"@id\":\"https:\\\/\\\/augstudy.com\\\/vcard\\\/singapore\\\/nick-lim\\\/#breadcrumb\",\"itemListElement\":[{\"@type\":\"ListItem\",\"position\":1,\"name\":\"Home\",\"item\":\"https:\\\/\\\/augstudy.com\\\/\"},{\"@type\":\"ListItem\",\"position\":2,\"name\":\"vCard\",\"item\":\"https:\\\/\\\/augstudy.com\\\/vcard\\\/\"},{\"@type\":\"ListItem\",\"position\":3,\"name\":\"vCard &#8211; Singapore\",\"item\":\"https:\\\/\\\/augstudy.com\\\/vcard\\\/singapore\\\/\"},{\"@type\":\"ListItem\",\"position\":4,\"name\":\"Nick Lim\"}]},{\"@type\":\"WebSite\",\"@id\":\"https:\\\/\\\/augstudy.com\\\/#website\",\"url\":\"https:\\\/\\\/augstudy.com\\\/\",\"name\":\"AUG Student Services\",\"description\":\"Student Services\",\"alternateName\":\"AUG Global\",\"potentialAction\":[{\"@type\":\"SearchAction\",\"target\":{\"@type\":\"EntryPoint\",\"urlTemplate\":\"https:\\\/\\\/augstudy.com\\\/?s={search_term_string}\"},\"query-input\":{\"@type\":\"PropertyValueSpecification\",\"valueRequired\":true,\"valueName\":\"search_term_string\"}}],\"inLanguage\":\"vi\"}]}<\/script>\n<!-- \/ Yoast SEO Premium plugin. -->","yoast_head_json":{"title":"Nick Lim - AUG Student Services","description":"V\u1edbi \u01b0\u1edbc m\u01a1 t\u1ea1o ra t\u00e1c \u0111\u1ed9ng \u0111\u00e1ng k\u1ec3 trong th\u1ebf gi\u1edbi doanh nghi\u1ec7p, Nick b\u1eaft \u0111\u1ea7u h\u00e0nh tr\u00ecnh chuy\u00ean nghi\u1ec7p c\u1ee7a m\u00ecnh v\u1edbi t\u00ednh c\u00e1ch h\u01b0\u1edbng ngo\u1ea1i, quan \u0111i\u1ec3m t\u00edch c\u1ef1c v\u00e0 th\u00e1i \u0111\u1ed9 t\u1ef1 tin. Anh \u1ea5y gi\u1ea3i quy\u1ebft m\u1ecdi th\u1eed th\u00e1ch v\u1edbi th\u00e1i \u0111\u1ed9 &quot;C\u1ee9 l\u00e0m \u0111i&quot;, m\u1ed9t c\u00e2u th\u1ea7n ch\u00fa \u0111\u00e3 gi\u00fap \u00edch r\u1ea5t nhi\u1ec1u cho anh \u1ea5y trong su\u1ed1t s\u1ef1 nghi\u1ec7p c\u1ee7a m\u00ecnh.","robots":{"index":"index","follow":"follow","max-snippet":"max-snippet:-1","max-image-preview":"max-image-preview:large","max-video-preview":"max-video-preview:-1"},"canonical":"https:\/\/augstudy.com\/vi\/vcard\/singapore\/nick-lim\/","og_locale":"vi_VN","og_type":"article","og_title":"Nick Lim","og_description":"With a dream to make a significant impact in the corporate world, Nick embarked on his professional journey, armed with an outgoing personality, a positive outlook, and a confident demeanor. He tackles every challenge with a \"Just Do It\" attitude, a mantra that has served him well throughout his career.","og_url":"https:\/\/augstudy.com\/vi\/vcard\/singapore\/nick-lim\/","og_site_name":"AUG Student Services","article_publisher":"https:\/\/www.facebook.com\/augmalaysia\/","article_modified_time":"2023-10-23T23:49:23+00:00","og_image":[{"width":500,"height":500,"url":"https:\/\/augstudy.com\/aug-website-files\/wp-content\/uploads\/2023\/10\/aug_vcard_nick_lim_500x500.png","type":"image\/png"}],"twitter_card":"summary_large_image","twitter_misc":{"\u01af\u1edbc t\u00ednh th\u1eddi gian \u0111\u1ecdc":"1 ph\u00fat"},"schema":{"@context":"https:\/\/schema.org","@graph":[{"@type":"WebPage","@id":"https:\/\/augstudy.com\/vcard\/singapore\/nick-lim\/","url":"https:\/\/augstudy.com\/vcard\/singapore\/nick-lim\/","name":"Nick Lim - AUG Student Services","isPartOf":{"@id":"https:\/\/augstudy.com\/#website"},"primaryImageOfPage":{"@id":"https:\/\/augstudy.com\/vcard\/singapore\/nick-lim\/#primaryimage"},"image":{"@id":"https:\/\/augstudy.com\/vcard\/singapore\/nick-lim\/#primaryimage"},"thumbnailUrl":"https:\/\/augstudy.com\/aug-website-files\/wp-content\/uploads\/2023\/10\/aug_vcard_nick_lim_500x500.png","datePublished":"2020-10-14T06:00:14+00:00","dateModified":"2023-10-23T23:49:23+00:00","description":"V\u1edbi \u01b0\u1edbc m\u01a1 t\u1ea1o ra t\u00e1c \u0111\u1ed9ng \u0111\u00e1ng k\u1ec3 trong th\u1ebf gi\u1edbi doanh nghi\u1ec7p, Nick b\u1eaft \u0111\u1ea7u h\u00e0nh tr\u00ecnh chuy\u00ean nghi\u1ec7p c\u1ee7a m\u00ecnh v\u1edbi t\u00ednh c\u00e1ch h\u01b0\u1edbng ngo\u1ea1i, quan \u0111i\u1ec3m t\u00edch c\u1ef1c v\u00e0 th\u00e1i \u0111\u1ed9 t\u1ef1 tin. Anh \u1ea5y gi\u1ea3i quy\u1ebft m\u1ecdi th\u1eed th\u00e1ch v\u1edbi th\u00e1i \u0111\u1ed9 &quot;C\u1ee9 l\u00e0m \u0111i&quot;, m\u1ed9t c\u00e2u th\u1ea7n ch\u00fa \u0111\u00e3 gi\u00fap \u00edch r\u1ea5t nhi\u1ec1u cho anh \u1ea5y trong su\u1ed1t s\u1ef1 nghi\u1ec7p c\u1ee7a m\u00ecnh.","breadcrumb":{"@id":"https:\/\/augstudy.com\/vcard\/singapore\/nick-lim\/#breadcrumb"},"inLanguage":"vi","potentialAction":[{"@type":"ReadAction","target":["https:\/\/augstudy.com\/vcard\/singapore\/nick-lim\/"]}]},{"@type":"ImageObject","inLanguage":"vi","@id":"https:\/\/augstudy.com\/vcard\/singapore\/nick-lim\/#primaryimage","url":"https:\/\/augstudy.com\/aug-website-files\/wp-content\/uploads\/2023\/10\/aug_vcard_nick_lim_500x500.png","contentUrl":"https:\/\/augstudy.com\/aug-website-files\/wp-content\/uploads\/2023\/10\/aug_vcard_nick_lim_500x500.png","width":500,"height":500},{"@type":"BreadcrumbList","@id":"https:\/\/augstudy.com\/vcard\/singapore\/nick-lim\/#breadcrumb","itemListElement":[{"@type":"ListItem","position":1,"name":"Home","item":"https:\/\/augstudy.com\/"},{"@type":"ListItem","position":2,"name":"vCard","item":"https:\/\/augstudy.com\/vcard\/"},{"@type":"ListItem","position":3,"name":"vCard &#8211; Singapore","item":"https:\/\/augstudy.com\/vcard\/singapore\/"},{"@type":"ListItem","position":4,"name":"Nick Lim"}]},{"@type":"WebSite","@id":"https:\/\/augstudy.com\/#website","url":"https:\/\/augstudy.com\/","name":"D\u1ecbch v\u1ee5 Sinh vi\u00ean AUG","description":"D\u1ecbch v\u1ee5 sinh vi\u00ean","alternateName":"AUG Global","potentialAction":[{"@type":"SearchAction","target":{"@type":"EntryPoint","urlTemplate":"https:\/\/augstudy.com\/?s={search_term_string}"},"query-input":{"@type":"PropertyValueSpecification","valueRequired":true,"valueName":"search_term_string"}}],"inLanguage":"vi"}]}},"_links":{"self":[{"href":"https:\/\/augstudy.com\/vi\/wp-json\/wp\/v2\/pages\/128748","targetHints":{"allow":["GET"]}}],"collection":[{"href":"https:\/\/augstudy.com\/vi\/wp-json\/wp\/v2\/pages"}],"about":[{"href":"https:\/\/augstudy.com\/vi\/wp-json\/wp\/v2\/types\/page"}],"author":[{"embeddable":true,"href":"https:\/\/augstudy.com\/vi\/wp-json\/wp\/v2\/users\/4"}],"replies":[{"embeddable":true,"href":"https:\/\/augstudy.com\/vi\/wp-json\/wp\/v2\/comments?post=128748"}],"version-history":[{"count":0,"href":"https:\/\/augstudy.com\/vi\/wp-json\/wp\/v2\/pages\/128748\/revisions"}],"up":[{"embeddable":true,"href":"https:\/\/augstudy.com\/vi\/wp-json\/wp\/v2\/pages\/128739"}],"wp:featuredmedia":[{"embeddable":true,"href":"https:\/\/augstudy.com\/vi\/wp-json\/wp\/v2\/media\/386317"}],"wp:attachment":[{"href":"https:\/\/augstudy.com\/vi\/wp-json\/wp\/v2\/media?parent=128748"}],"curies":[{"name":"wp","href":"https:\/\/api.w.org\/{rel}","templated":true}]}}