{"id":108275,"date":"2020-08-25T14:09:47","date_gmt":"2020-08-25T04:09:47","guid":{"rendered":"https:\/\/augstudy.com\/?page_id=108275"},"modified":"2023-10-22T23:31:43","modified_gmt":"2023-10-22T12:31:43","slug":"celine-chen","status":"publish","type":"page","link":"https:\/\/augstudy.com\/vi\/vcard\/malaysia\/celine-chen\/","title":{"rendered":"Celine Tr\u1ea7n"},"content":{"rendered":"<div class=\"vc_row wpb_row vc_row-fluid\"><div class=\"wpb_column vc_column_container vc_col-sm-12\"><div class=\"vc_column-inner\"><div class=\"wpb_wrapper\">\n\t<div class=\"wpb_raw_code wpb_content_element wpb_raw_html margin_bottom_0px\">\n\t\t<div class=\"wpb_wrapper\">\n\t\t\t<a class=\"vcard-download\" href=\"https:\/\/augstudy.com\/aug-website-files\/wp-content\/uploads\/vcard\/Celine_CHEN.vcf\"><\/a>\n\t\t<\/div>\n\t<\/div>\n<\/div><\/div><\/div><\/div>","protected":false},"excerpt":{"rendered":"","protected":false},"author":4,"featured_media":386070,"parent":105664,"menu_order":0,"comment_status":"closed","ping_status":"closed","template":"","meta":{"footnotes":""},"class_list":["post-108275","page","type-page","status-publish","hentry"],"yoast_head":"<!-- This site is optimized with the Yoast SEO Premium plugin v27.0 (Yoast SEO v27.3) - https:\/\/yoast.com\/product\/yoast-seo-premium-wordpress\/ -->\n<title>Celine Chen - AUG Student Services<\/title>\n<meta name=\"description\" content=\"Celine firmly believes in the power of optimism and its ability to attract positivity and good people into one&#039;s life. Her motto, &quot;Optimism is a happiness magnet. If you stay positive, good things and good people will be drawn to you,&quot; serves as a guiding principle in her approach to life.\" \/>\n<meta name=\"robots\" content=\"index, follow, max-snippet:-1, max-image-preview:large, max-video-preview:-1\" \/>\n<link rel=\"canonical\" href=\"https:\/\/augstudy.com\/vi\/vcard\/malaysia-2\/celine-chen\/\" \/>\n<meta property=\"og:locale\" content=\"vi_VN\" \/>\n<meta property=\"og:type\" content=\"article\" \/>\n<meta property=\"og:title\" content=\"Celine Chen\" \/>\n<meta property=\"og:description\" content=\"Celine firmly believes in the power of optimism and its ability to attract positivity and good people into one&#039;s life. Her motto, &quot;Optimism is a happiness magnet. If you stay positive, good things and good people will be drawn to you,&quot; serves as a guiding principle in her approach to life.\" \/>\n<meta property=\"og:url\" content=\"https:\/\/augstudy.com\/vi\/vcard\/malaysia-2\/celine-chen\/\" \/>\n<meta property=\"og:site_name\" content=\"AUG Student Services\" \/>\n<meta property=\"article:publisher\" content=\"https:\/\/www.facebook.com\/augmalaysia\/\" \/>\n<meta property=\"article:modified_time\" content=\"2023-10-22T12:31:43+00:00\" \/>\n<meta property=\"og:image\" content=\"https:\/\/augstudy.com\/aug-website-files\/wp-content\/uploads\/2023\/10\/aug_vcard_celine_chen_500x500.png\" \/>\n\t<meta property=\"og:image:width\" content=\"500\" \/>\n\t<meta property=\"og:image:height\" content=\"500\" \/>\n\t<meta property=\"og:image:type\" content=\"image\/png\" \/>\n<meta name=\"twitter:card\" content=\"summary_large_image\" \/>\n<meta name=\"twitter:label1\" content=\"\u01af\u1edbc t\u00ednh th\u1eddi gian \u0111\u1ecdc\" \/>\n\t<meta name=\"twitter:data1\" content=\"1 ph\u00fat\" \/>\n<script type=\"application\/ld+json\" class=\"yoast-schema-graph\">{\"@context\":\"https:\\\/\\\/schema.org\",\"@graph\":[{\"@type\":\"WebPage\",\"@id\":\"https:\\\/\\\/augstudy.com\\\/vcard\\\/malaysia\\\/celine-chen\\\/\",\"url\":\"https:\\\/\\\/augstudy.com\\\/vcard\\\/malaysia\\\/celine-chen\\\/\",\"name\":\"Celine Chen - AUG Student Services\",\"isPartOf\":{\"@id\":\"https:\\\/\\\/augstudy.com\\\/#website\"},\"primaryImageOfPage\":{\"@id\":\"https:\\\/\\\/augstudy.com\\\/vcard\\\/malaysia\\\/celine-chen\\\/#primaryimage\"},\"image\":{\"@id\":\"https:\\\/\\\/augstudy.com\\\/vcard\\\/malaysia\\\/celine-chen\\\/#primaryimage\"},\"thumbnailUrl\":\"https:\\\/\\\/augstudy.com\\\/aug-website-files\\\/wp-content\\\/uploads\\\/2023\\\/10\\\/aug_vcard_celine_chen_500x500.png\",\"datePublished\":\"2020-08-25T04:09:47+00:00\",\"dateModified\":\"2023-10-22T12:31:43+00:00\",\"description\":\"Celine firmly believes in the power of optimism and its ability to attract positivity and good people into one's life. Her motto, \\\"Optimism is a happiness magnet. If you stay positive, good things and good people will be drawn to you,\\\" serves as a guiding principle in her approach to life.\",\"breadcrumb\":{\"@id\":\"https:\\\/\\\/augstudy.com\\\/vcard\\\/malaysia\\\/celine-chen\\\/#breadcrumb\"},\"inLanguage\":\"vi\",\"potentialAction\":[{\"@type\":\"ReadAction\",\"target\":[\"https:\\\/\\\/augstudy.com\\\/vcard\\\/malaysia\\\/celine-chen\\\/\"]}]},{\"@type\":\"ImageObject\",\"inLanguage\":\"vi\",\"@id\":\"https:\\\/\\\/augstudy.com\\\/vcard\\\/malaysia\\\/celine-chen\\\/#primaryimage\",\"url\":\"https:\\\/\\\/augstudy.com\\\/aug-website-files\\\/wp-content\\\/uploads\\\/2023\\\/10\\\/aug_vcard_celine_chen_500x500.png\",\"contentUrl\":\"https:\\\/\\\/augstudy.com\\\/aug-website-files\\\/wp-content\\\/uploads\\\/2023\\\/10\\\/aug_vcard_celine_chen_500x500.png\",\"width\":500,\"height\":500},{\"@type\":\"BreadcrumbList\",\"@id\":\"https:\\\/\\\/augstudy.com\\\/vcard\\\/malaysia\\\/celine-chen\\\/#breadcrumb\",\"itemListElement\":[{\"@type\":\"ListItem\",\"position\":1,\"name\":\"Home\",\"item\":\"https:\\\/\\\/augstudy.com\\\/\"},{\"@type\":\"ListItem\",\"position\":2,\"name\":\"vCard\",\"item\":\"https:\\\/\\\/augstudy.com\\\/vcard\\\/\"},{\"@type\":\"ListItem\",\"position\":3,\"name\":\"vCard &#8211; Malaysia\",\"item\":\"https:\\\/\\\/augstudy.com\\\/vcard\\\/malaysia\\\/\"},{\"@type\":\"ListItem\",\"position\":4,\"name\":\"Celine Chen\"}]},{\"@type\":\"WebSite\",\"@id\":\"https:\\\/\\\/augstudy.com\\\/#website\",\"url\":\"https:\\\/\\\/augstudy.com\\\/\",\"name\":\"AUG Student Services\",\"description\":\"Student Services\",\"alternateName\":\"AUG Global\",\"potentialAction\":[{\"@type\":\"SearchAction\",\"target\":{\"@type\":\"EntryPoint\",\"urlTemplate\":\"https:\\\/\\\/augstudy.com\\\/?s={search_term_string}\"},\"query-input\":{\"@type\":\"PropertyValueSpecification\",\"valueRequired\":true,\"valueName\":\"search_term_string\"}}],\"inLanguage\":\"vi\"}]}<\/script>\n<!-- \/ Yoast SEO Premium plugin. -->","yoast_head_json":{"title":"Celine Chen - AUG Student Services","description":"Celine tin t\u01b0\u1edfng m\u1ea1nh m\u1ebd v\u00e0o s\u1ee9c m\u1ea1nh c\u1ee7a s\u1ef1 l\u1ea1c quan v\u00e0 kh\u1ea3 n\u0103ng thu h\u00fat s\u1ef1 t\u00edch c\u1ef1c v\u00e0 nh\u1eefng ng\u01b0\u1eddi t\u1ed1t v\u00e0o cu\u1ed9c s\u1ed1ng c\u1ee7a m\u1ed9t ng\u01b0\u1eddi. Ph\u01b0\u01a1ng ch\u00e2m c\u1ee7a c\u00f4, &quot;L\u1ea1c quan l\u00e0 nam ch\u00e2m h\u1ea1nh ph\u00fac. N\u1ebfu b\u1ea1n lu\u00f4n t\u00edch c\u1ef1c, nh\u1eefng \u0111i\u1ec1u t\u1ed1t \u0111\u1eb9p v\u00e0 nh\u1eefng ng\u01b0\u1eddi t\u1ed1t s\u1ebd b\u1ecb thu h\u00fat v\u1ec1 ph\u00eda b\u1ea1n&quot;, \u0111\u00f3ng vai tr\u00f2 l\u00e0 nguy\u00ean t\u1eafc ch\u1ec9 \u0111\u1ea1o trong c\u00e1ch ti\u1ebfp c\u1eadn cu\u1ed9c s\u1ed1ng c\u1ee7a c\u00f4.","robots":{"index":"index","follow":"follow","max-snippet":"max-snippet:-1","max-image-preview":"max-image-preview:large","max-video-preview":"max-video-preview:-1"},"canonical":"https:\/\/augstudy.com\/vi\/vcard\/malaysia-2\/celine-chen\/","og_locale":"vi_VN","og_type":"article","og_title":"Celine Chen","og_description":"Celine firmly believes in the power of optimism and its ability to attract positivity and good people into one's life. Her motto, \"Optimism is a happiness magnet. If you stay positive, good things and good people will be drawn to you,\" serves as a guiding principle in her approach to life.","og_url":"https:\/\/augstudy.com\/vi\/vcard\/malaysia-2\/celine-chen\/","og_site_name":"AUG Student Services","article_publisher":"https:\/\/www.facebook.com\/augmalaysia\/","article_modified_time":"2023-10-22T12:31:43+00:00","og_image":[{"width":500,"height":500,"url":"https:\/\/augstudy.com\/aug-website-files\/wp-content\/uploads\/2023\/10\/aug_vcard_celine_chen_500x500.png","type":"image\/png"}],"twitter_card":"summary_large_image","twitter_misc":{"\u01af\u1edbc t\u00ednh th\u1eddi gian \u0111\u1ecdc":"1 ph\u00fat"},"schema":{"@context":"https:\/\/schema.org","@graph":[{"@type":"WebPage","@id":"https:\/\/augstudy.com\/vcard\/malaysia\/celine-chen\/","url":"https:\/\/augstudy.com\/vcard\/malaysia\/celine-chen\/","name":"Celine Chen - AUG Student Services","isPartOf":{"@id":"https:\/\/augstudy.com\/#website"},"primaryImageOfPage":{"@id":"https:\/\/augstudy.com\/vcard\/malaysia\/celine-chen\/#primaryimage"},"image":{"@id":"https:\/\/augstudy.com\/vcard\/malaysia\/celine-chen\/#primaryimage"},"thumbnailUrl":"https:\/\/augstudy.com\/aug-website-files\/wp-content\/uploads\/2023\/10\/aug_vcard_celine_chen_500x500.png","datePublished":"2020-08-25T04:09:47+00:00","dateModified":"2023-10-22T12:31:43+00:00","description":"Celine tin t\u01b0\u1edfng m\u1ea1nh m\u1ebd v\u00e0o s\u1ee9c m\u1ea1nh c\u1ee7a s\u1ef1 l\u1ea1c quan v\u00e0 kh\u1ea3 n\u0103ng thu h\u00fat s\u1ef1 t\u00edch c\u1ef1c v\u00e0 nh\u1eefng ng\u01b0\u1eddi t\u1ed1t v\u00e0o cu\u1ed9c s\u1ed1ng c\u1ee7a m\u1ed9t ng\u01b0\u1eddi. Ph\u01b0\u01a1ng ch\u00e2m c\u1ee7a c\u00f4, &quot;L\u1ea1c quan l\u00e0 nam ch\u00e2m h\u1ea1nh ph\u00fac. N\u1ebfu b\u1ea1n lu\u00f4n t\u00edch c\u1ef1c, nh\u1eefng \u0111i\u1ec1u t\u1ed1t \u0111\u1eb9p v\u00e0 nh\u1eefng ng\u01b0\u1eddi t\u1ed1t s\u1ebd b\u1ecb thu h\u00fat v\u1ec1 ph\u00eda b\u1ea1n&quot;, \u0111\u00f3ng vai tr\u00f2 l\u00e0 nguy\u00ean t\u1eafc ch\u1ec9 \u0111\u1ea1o trong c\u00e1ch ti\u1ebfp c\u1eadn cu\u1ed9c s\u1ed1ng c\u1ee7a c\u00f4.","breadcrumb":{"@id":"https:\/\/augstudy.com\/vcard\/malaysia\/celine-chen\/#breadcrumb"},"inLanguage":"vi","potentialAction":[{"@type":"ReadAction","target":["https:\/\/augstudy.com\/vcard\/malaysia\/celine-chen\/"]}]},{"@type":"ImageObject","inLanguage":"vi","@id":"https:\/\/augstudy.com\/vcard\/malaysia\/celine-chen\/#primaryimage","url":"https:\/\/augstudy.com\/aug-website-files\/wp-content\/uploads\/2023\/10\/aug_vcard_celine_chen_500x500.png","contentUrl":"https:\/\/augstudy.com\/aug-website-files\/wp-content\/uploads\/2023\/10\/aug_vcard_celine_chen_500x500.png","width":500,"height":500},{"@type":"BreadcrumbList","@id":"https:\/\/augstudy.com\/vcard\/malaysia\/celine-chen\/#breadcrumb","itemListElement":[{"@type":"ListItem","position":1,"name":"Home","item":"https:\/\/augstudy.com\/"},{"@type":"ListItem","position":2,"name":"vCard","item":"https:\/\/augstudy.com\/vcard\/"},{"@type":"ListItem","position":3,"name":"vCard &#8211; Malaysia","item":"https:\/\/augstudy.com\/vcard\/malaysia\/"},{"@type":"ListItem","position":4,"name":"Celine Chen"}]},{"@type":"WebSite","@id":"https:\/\/augstudy.com\/#website","url":"https:\/\/augstudy.com\/","name":"D\u1ecbch v\u1ee5 Sinh vi\u00ean AUG","description":"D\u1ecbch v\u1ee5 sinh vi\u00ean","alternateName":"AUG Global","potentialAction":[{"@type":"SearchAction","target":{"@type":"EntryPoint","urlTemplate":"https:\/\/augstudy.com\/?s={search_term_string}"},"query-input":{"@type":"PropertyValueSpecification","valueRequired":true,"valueName":"search_term_string"}}],"inLanguage":"vi"}]}},"_links":{"self":[{"href":"https:\/\/augstudy.com\/vi\/wp-json\/wp\/v2\/pages\/108275","targetHints":{"allow":["GET"]}}],"collection":[{"href":"https:\/\/augstudy.com\/vi\/wp-json\/wp\/v2\/pages"}],"about":[{"href":"https:\/\/augstudy.com\/vi\/wp-json\/wp\/v2\/types\/page"}],"author":[{"embeddable":true,"href":"https:\/\/augstudy.com\/vi\/wp-json\/wp\/v2\/users\/4"}],"replies":[{"embeddable":true,"href":"https:\/\/augstudy.com\/vi\/wp-json\/wp\/v2\/comments?post=108275"}],"version-history":[{"count":0,"href":"https:\/\/augstudy.com\/vi\/wp-json\/wp\/v2\/pages\/108275\/revisions"}],"up":[{"embeddable":true,"href":"https:\/\/augstudy.com\/vi\/wp-json\/wp\/v2\/pages\/105664"}],"wp:featuredmedia":[{"embeddable":true,"href":"https:\/\/augstudy.com\/vi\/wp-json\/wp\/v2\/media\/386070"}],"wp:attachment":[{"href":"https:\/\/augstudy.com\/vi\/wp-json\/wp\/v2\/media?parent=108275"}],"curies":[{"name":"wp","href":"https:\/\/api.w.org\/{rel}","templated":true}]}}