{"id":106954,"date":"2020-08-21T19:36:05","date_gmt":"2020-08-21T09:36:05","guid":{"rendered":"https:\/\/augstudy.com\/?page_id=106954"},"modified":"2023-10-22T23:30:36","modified_gmt":"2023-10-22T12:30:36","slug":"douglas-yap","status":"publish","type":"page","link":"https:\/\/augstudy.com\/vi\/vcard\/malaysia\/douglas-yap\/","title":{"rendered":"Douglas Yap"},"content":{"rendered":"<div class=\"vc_row wpb_row vc_row-fluid\"><div class=\"wpb_column vc_column_container vc_col-sm-12\"><div class=\"vc_column-inner\"><div class=\"wpb_wrapper\">\n\t<div class=\"wpb_raw_code wpb_content_element wpb_raw_html margin_bottom_0px\">\n\t\t<div class=\"wpb_wrapper\">\n\t\t\t<a class=\"vcard-download\" href=\"https:\/\/augstudy.com\/aug-website-files\/wp-content\/uploads\/vcard\/Douglas_YAP.vcf\"><\/a>\n\t\t<\/div>\n\t<\/div>\n<\/div><\/div><\/div><\/div>","protected":false},"excerpt":{"rendered":"","protected":false},"author":4,"featured_media":386076,"parent":105664,"menu_order":0,"comment_status":"closed","ping_status":"closed","template":"","meta":{"footnotes":""},"class_list":["post-106954","page","type-page","status-publish","hentry"],"yoast_head":"<!-- This site is optimized with the Yoast SEO Premium plugin v27.0 (Yoast SEO v27.3) - https:\/\/yoast.com\/product\/yoast-seo-premium-wordpress\/ -->\n<title>Douglas Yap - AUG Student Services<\/title>\n<meta name=\"description\" content=\"Douglas is a highly experienced Deputy Office Manager and Team Leader at AUG Segamat, with almost a decade of expertise in the education industry. He expertly manages office administration and student placement, with a proven track record of success in Australia, Malaysia, Singapore, the United Kingdom, and the United States of America.\" \/>\n<meta name=\"robots\" content=\"index, follow, max-snippet:-1, max-image-preview:large, max-video-preview:-1\" \/>\n<link rel=\"canonical\" href=\"https:\/\/augstudy.com\/vi\/vcard\/malaysia-2\/douglas-yap\/\" \/>\n<meta property=\"og:locale\" content=\"vi_VN\" \/>\n<meta property=\"og:type\" content=\"article\" \/>\n<meta property=\"og:title\" content=\"Douglas Yap\" \/>\n<meta property=\"og:description\" content=\"Douglas is a highly experienced Deputy Office Manager and Team Leader at AUG Segamat, with almost a decade of expertise in the education industry. He expertly manages office administration and student placement, with a proven track record of success in Australia, Malaysia, Singapore, the United Kingdom, and the United States of America.\" \/>\n<meta property=\"og:url\" content=\"https:\/\/augstudy.com\/vi\/vcard\/malaysia-2\/douglas-yap\/\" \/>\n<meta property=\"og:site_name\" content=\"AUG Student Services\" \/>\n<meta property=\"article:publisher\" content=\"https:\/\/www.facebook.com\/augmalaysia\/\" \/>\n<meta property=\"article:modified_time\" content=\"2023-10-22T12:30:36+00:00\" \/>\n<meta property=\"og:image\" content=\"https:\/\/augstudy.com\/aug-website-files\/wp-content\/uploads\/2023\/10\/aug_vcard_douglas_yap_500x500.png\" \/>\n\t<meta property=\"og:image:width\" content=\"500\" \/>\n\t<meta property=\"og:image:height\" content=\"500\" \/>\n\t<meta property=\"og:image:type\" content=\"image\/png\" \/>\n<meta name=\"twitter:card\" content=\"summary_large_image\" \/>\n<meta name=\"twitter:label1\" content=\"\u01af\u1edbc t\u00ednh th\u1eddi gian \u0111\u1ecdc\" \/>\n\t<meta name=\"twitter:data1\" content=\"1 ph\u00fat\" \/>\n<script type=\"application\/ld+json\" class=\"yoast-schema-graph\">{\"@context\":\"https:\\\/\\\/schema.org\",\"@graph\":[{\"@type\":\"WebPage\",\"@id\":\"https:\\\/\\\/augstudy.com\\\/vcard\\\/malaysia\\\/douglas-yap\\\/\",\"url\":\"https:\\\/\\\/augstudy.com\\\/vcard\\\/malaysia\\\/douglas-yap\\\/\",\"name\":\"Douglas Yap - AUG Student Services\",\"isPartOf\":{\"@id\":\"https:\\\/\\\/augstudy.com\\\/#website\"},\"primaryImageOfPage\":{\"@id\":\"https:\\\/\\\/augstudy.com\\\/vcard\\\/malaysia\\\/douglas-yap\\\/#primaryimage\"},\"image\":{\"@id\":\"https:\\\/\\\/augstudy.com\\\/vcard\\\/malaysia\\\/douglas-yap\\\/#primaryimage\"},\"thumbnailUrl\":\"https:\\\/\\\/augstudy.com\\\/aug-website-files\\\/wp-content\\\/uploads\\\/2023\\\/10\\\/aug_vcard_douglas_yap_500x500.png\",\"datePublished\":\"2020-08-21T09:36:05+00:00\",\"dateModified\":\"2023-10-22T12:30:36+00:00\",\"description\":\"Douglas is a highly experienced Deputy Office Manager and Team Leader at AUG Segamat, with almost a decade of expertise in the education industry. He expertly manages office administration and student placement, with a proven track record of success in Australia, Malaysia, Singapore, the United Kingdom, and the United States of America.\",\"breadcrumb\":{\"@id\":\"https:\\\/\\\/augstudy.com\\\/vcard\\\/malaysia\\\/douglas-yap\\\/#breadcrumb\"},\"inLanguage\":\"vi\",\"potentialAction\":[{\"@type\":\"ReadAction\",\"target\":[\"https:\\\/\\\/augstudy.com\\\/vcard\\\/malaysia\\\/douglas-yap\\\/\"]}]},{\"@type\":\"ImageObject\",\"inLanguage\":\"vi\",\"@id\":\"https:\\\/\\\/augstudy.com\\\/vcard\\\/malaysia\\\/douglas-yap\\\/#primaryimage\",\"url\":\"https:\\\/\\\/augstudy.com\\\/aug-website-files\\\/wp-content\\\/uploads\\\/2023\\\/10\\\/aug_vcard_douglas_yap_500x500.png\",\"contentUrl\":\"https:\\\/\\\/augstudy.com\\\/aug-website-files\\\/wp-content\\\/uploads\\\/2023\\\/10\\\/aug_vcard_douglas_yap_500x500.png\",\"width\":500,\"height\":500},{\"@type\":\"BreadcrumbList\",\"@id\":\"https:\\\/\\\/augstudy.com\\\/vcard\\\/malaysia\\\/douglas-yap\\\/#breadcrumb\",\"itemListElement\":[{\"@type\":\"ListItem\",\"position\":1,\"name\":\"Home\",\"item\":\"https:\\\/\\\/augstudy.com\\\/\"},{\"@type\":\"ListItem\",\"position\":2,\"name\":\"vCard\",\"item\":\"https:\\\/\\\/augstudy.com\\\/vcard\\\/\"},{\"@type\":\"ListItem\",\"position\":3,\"name\":\"vCard &#8211; Malaysia\",\"item\":\"https:\\\/\\\/augstudy.com\\\/vcard\\\/malaysia\\\/\"},{\"@type\":\"ListItem\",\"position\":4,\"name\":\"Douglas Yap\"}]},{\"@type\":\"WebSite\",\"@id\":\"https:\\\/\\\/augstudy.com\\\/#website\",\"url\":\"https:\\\/\\\/augstudy.com\\\/\",\"name\":\"AUG Student Services\",\"description\":\"Student Services\",\"alternateName\":\"AUG Global\",\"potentialAction\":[{\"@type\":\"SearchAction\",\"target\":{\"@type\":\"EntryPoint\",\"urlTemplate\":\"https:\\\/\\\/augstudy.com\\\/?s={search_term_string}\"},\"query-input\":{\"@type\":\"PropertyValueSpecification\",\"valueRequired\":true,\"valueName\":\"search_term_string\"}}],\"inLanguage\":\"vi\"}]}<\/script>\n<!-- \/ Yoast SEO Premium plugin. -->","yoast_head_json":{"title":"Douglas Yap - AUG Student Services","description":"Douglas l\u00e0 Ph\u00f3 Gi\u00e1m \u0111\u1ed1c V\u0103n ph\u00f2ng v\u00e0 Tr\u01b0\u1edfng nh\u00f3m gi\u00e0u kinh nghi\u1ec7m t\u1ea1i AUG Segamat, v\u1edbi g\u1ea7n m\u1ed9t th\u1eadp k\u1ef7 chuy\u00ean m\u00f4n trong ng\u00e0nh gi\u00e1o d\u1ee5c. \u00d4ng qu\u1ea3n l\u00fd m\u1ed9t c\u00e1ch th\u00e0nh th\u1ea1o vi\u1ec7c qu\u1ea3n tr\u1ecb v\u0103n ph\u00f2ng v\u00e0 s\u1eafp x\u1ebfp sinh vi\u00ean, v\u1edbi b\u1ec1 d\u00e0y th\u00e0nh c\u00f4ng \u0111\u00e3 \u0111\u01b0\u1ee3c ch\u1ee9ng minh \u1edf \u00dac, Malaysia, Singapore, V\u01b0\u01a1ng qu\u1ed1c Anh v\u00e0 Hoa K\u1ef3.","robots":{"index":"index","follow":"follow","max-snippet":"max-snippet:-1","max-image-preview":"max-image-preview:large","max-video-preview":"max-video-preview:-1"},"canonical":"https:\/\/augstudy.com\/vi\/vcard\/malaysia-2\/douglas-yap\/","og_locale":"vi_VN","og_type":"article","og_title":"Douglas Yap","og_description":"Douglas is a highly experienced Deputy Office Manager and Team Leader at AUG Segamat, with almost a decade of expertise in the education industry. He expertly manages office administration and student placement, with a proven track record of success in Australia, Malaysia, Singapore, the United Kingdom, and the United States of America.","og_url":"https:\/\/augstudy.com\/vi\/vcard\/malaysia-2\/douglas-yap\/","og_site_name":"AUG Student Services","article_publisher":"https:\/\/www.facebook.com\/augmalaysia\/","article_modified_time":"2023-10-22T12:30:36+00:00","og_image":[{"width":500,"height":500,"url":"https:\/\/augstudy.com\/aug-website-files\/wp-content\/uploads\/2023\/10\/aug_vcard_douglas_yap_500x500.png","type":"image\/png"}],"twitter_card":"summary_large_image","twitter_misc":{"\u01af\u1edbc t\u00ednh th\u1eddi gian \u0111\u1ecdc":"1 ph\u00fat"},"schema":{"@context":"https:\/\/schema.org","@graph":[{"@type":"WebPage","@id":"https:\/\/augstudy.com\/vcard\/malaysia\/douglas-yap\/","url":"https:\/\/augstudy.com\/vcard\/malaysia\/douglas-yap\/","name":"Douglas Yap - AUG Student Services","isPartOf":{"@id":"https:\/\/augstudy.com\/#website"},"primaryImageOfPage":{"@id":"https:\/\/augstudy.com\/vcard\/malaysia\/douglas-yap\/#primaryimage"},"image":{"@id":"https:\/\/augstudy.com\/vcard\/malaysia\/douglas-yap\/#primaryimage"},"thumbnailUrl":"https:\/\/augstudy.com\/aug-website-files\/wp-content\/uploads\/2023\/10\/aug_vcard_douglas_yap_500x500.png","datePublished":"2020-08-21T09:36:05+00:00","dateModified":"2023-10-22T12:30:36+00:00","description":"Douglas l\u00e0 Ph\u00f3 Gi\u00e1m \u0111\u1ed1c V\u0103n ph\u00f2ng v\u00e0 Tr\u01b0\u1edfng nh\u00f3m gi\u00e0u kinh nghi\u1ec7m t\u1ea1i AUG Segamat, v\u1edbi g\u1ea7n m\u1ed9t th\u1eadp k\u1ef7 chuy\u00ean m\u00f4n trong ng\u00e0nh gi\u00e1o d\u1ee5c. \u00d4ng qu\u1ea3n l\u00fd m\u1ed9t c\u00e1ch th\u00e0nh th\u1ea1o vi\u1ec7c qu\u1ea3n tr\u1ecb v\u0103n ph\u00f2ng v\u00e0 s\u1eafp x\u1ebfp sinh vi\u00ean, v\u1edbi b\u1ec1 d\u00e0y th\u00e0nh c\u00f4ng \u0111\u00e3 \u0111\u01b0\u1ee3c ch\u1ee9ng minh \u1edf \u00dac, Malaysia, Singapore, V\u01b0\u01a1ng qu\u1ed1c Anh v\u00e0 Hoa K\u1ef3.","breadcrumb":{"@id":"https:\/\/augstudy.com\/vcard\/malaysia\/douglas-yap\/#breadcrumb"},"inLanguage":"vi","potentialAction":[{"@type":"ReadAction","target":["https:\/\/augstudy.com\/vcard\/malaysia\/douglas-yap\/"]}]},{"@type":"ImageObject","inLanguage":"vi","@id":"https:\/\/augstudy.com\/vcard\/malaysia\/douglas-yap\/#primaryimage","url":"https:\/\/augstudy.com\/aug-website-files\/wp-content\/uploads\/2023\/10\/aug_vcard_douglas_yap_500x500.png","contentUrl":"https:\/\/augstudy.com\/aug-website-files\/wp-content\/uploads\/2023\/10\/aug_vcard_douglas_yap_500x500.png","width":500,"height":500},{"@type":"BreadcrumbList","@id":"https:\/\/augstudy.com\/vcard\/malaysia\/douglas-yap\/#breadcrumb","itemListElement":[{"@type":"ListItem","position":1,"name":"Home","item":"https:\/\/augstudy.com\/"},{"@type":"ListItem","position":2,"name":"vCard","item":"https:\/\/augstudy.com\/vcard\/"},{"@type":"ListItem","position":3,"name":"vCard &#8211; Malaysia","item":"https:\/\/augstudy.com\/vcard\/malaysia\/"},{"@type":"ListItem","position":4,"name":"Douglas Yap"}]},{"@type":"WebSite","@id":"https:\/\/augstudy.com\/#website","url":"https:\/\/augstudy.com\/","name":"D\u1ecbch v\u1ee5 Sinh vi\u00ean AUG","description":"D\u1ecbch v\u1ee5 sinh vi\u00ean","alternateName":"AUG Global","potentialAction":[{"@type":"SearchAction","target":{"@type":"EntryPoint","urlTemplate":"https:\/\/augstudy.com\/?s={search_term_string}"},"query-input":{"@type":"PropertyValueSpecification","valueRequired":true,"valueName":"search_term_string"}}],"inLanguage":"vi"}]}},"_links":{"self":[{"href":"https:\/\/augstudy.com\/vi\/wp-json\/wp\/v2\/pages\/106954","targetHints":{"allow":["GET"]}}],"collection":[{"href":"https:\/\/augstudy.com\/vi\/wp-json\/wp\/v2\/pages"}],"about":[{"href":"https:\/\/augstudy.com\/vi\/wp-json\/wp\/v2\/types\/page"}],"author":[{"embeddable":true,"href":"https:\/\/augstudy.com\/vi\/wp-json\/wp\/v2\/users\/4"}],"replies":[{"embeddable":true,"href":"https:\/\/augstudy.com\/vi\/wp-json\/wp\/v2\/comments?post=106954"}],"version-history":[{"count":0,"href":"https:\/\/augstudy.com\/vi\/wp-json\/wp\/v2\/pages\/106954\/revisions"}],"up":[{"embeddable":true,"href":"https:\/\/augstudy.com\/vi\/wp-json\/wp\/v2\/pages\/105664"}],"wp:featuredmedia":[{"embeddable":true,"href":"https:\/\/augstudy.com\/vi\/wp-json\/wp\/v2\/media\/386076"}],"wp:attachment":[{"href":"https:\/\/augstudy.com\/vi\/wp-json\/wp\/v2\/media?parent=106954"}],"curies":[{"name":"wp","href":"https:\/\/api.w.org\/{rel}","templated":true}]}}