{"id":106940,"date":"2020-08-21T19:15:11","date_gmt":"2020-08-21T09:15:11","guid":{"rendered":"https:\/\/augstudy.com\/?page_id=106940"},"modified":"2023-10-22T23:30:18","modified_gmt":"2023-10-22T12:30:18","slug":"dylan-koh","status":"publish","type":"page","link":"https:\/\/augstudy.com\/vi\/vcard\/malaysia\/dylan-koh\/","title":{"rendered":"Dylan Koh"},"content":{"rendered":"<div class=\"vc_row wpb_row vc_row-fluid\"><div class=\"wpb_column vc_column_container vc_col-sm-12\"><div class=\"vc_column-inner\"><div class=\"wpb_wrapper\">\n\t<div class=\"wpb_raw_code wpb_content_element wpb_raw_html margin_bottom_0px\">\n\t\t<div class=\"wpb_wrapper\">\n\t\t\t<a class=\"vcard-download\" href=\"https:\/\/augstudy.com\/aug-website-files\/wp-content\/uploads\/vcard\/Dylan_KOH.vcf\"><\/a>\n\t\t<\/div>\n\t<\/div>\n<\/div><\/div><\/div><\/div>","protected":false},"excerpt":{"rendered":"","protected":false},"author":4,"featured_media":386059,"parent":105664,"menu_order":0,"comment_status":"closed","ping_status":"closed","template":"","meta":{"footnotes":""},"class_list":["post-106940","page","type-page","status-publish","hentry"],"yoast_head":"<!-- This site is optimized with the Yoast SEO Premium plugin v27.0 (Yoast SEO v27.3) - https:\/\/yoast.com\/product\/yoast-seo-premium-wordpress\/ -->\n<title>Dylan Koh - AUG Student Services<\/title>\n<meta name=\"description\" content=\"Dylan skillfully manages the Kuantan branch, and has successfully placed students in renowned institutions across various countries. Dylan&#039;s attention to detail, ability to build strong relationships, and commitment to providing ethical and accurate advice make him a valuable asset to AUG Kuantan.\" \/>\n<meta name=\"robots\" content=\"index, follow, max-snippet:-1, max-image-preview:large, max-video-preview:-1\" \/>\n<link rel=\"canonical\" href=\"https:\/\/augstudy.com\/vi\/vcard\/malaysia-2\/dylan-koh\/\" \/>\n<meta property=\"og:locale\" content=\"vi_VN\" \/>\n<meta property=\"og:type\" content=\"article\" \/>\n<meta property=\"og:title\" content=\"Dylan Koh\" \/>\n<meta property=\"og:description\" content=\"Dylan skillfully manages the Kuantan branch, and has successfully placed students in renowned institutions across various countries. Dylan&#039;s attention to detail, ability to build strong relationships, and commitment to providing ethical and accurate advice make him a valuable asset to AUG Kuantan.\" \/>\n<meta property=\"og:url\" content=\"https:\/\/augstudy.com\/vi\/vcard\/malaysia-2\/dylan-koh\/\" \/>\n<meta property=\"og:site_name\" content=\"AUG Student Services\" \/>\n<meta property=\"article:publisher\" content=\"https:\/\/www.facebook.com\/augmalaysia\/\" \/>\n<meta property=\"article:modified_time\" content=\"2023-10-22T12:30:18+00:00\" \/>\n<meta property=\"og:image\" content=\"https:\/\/augstudy.com\/aug-website-files\/wp-content\/uploads\/2023\/10\/aug_vcard_dylan_koh_500x500.png\" \/>\n\t<meta property=\"og:image:width\" content=\"500\" \/>\n\t<meta property=\"og:image:height\" content=\"500\" \/>\n\t<meta property=\"og:image:type\" content=\"image\/png\" \/>\n<meta name=\"twitter:card\" content=\"summary_large_image\" \/>\n<meta name=\"twitter:label1\" content=\"\u01af\u1edbc t\u00ednh th\u1eddi gian \u0111\u1ecdc\" \/>\n\t<meta name=\"twitter:data1\" content=\"1 ph\u00fat\" \/>\n<script type=\"application\/ld+json\" class=\"yoast-schema-graph\">{\"@context\":\"https:\\\/\\\/schema.org\",\"@graph\":[{\"@type\":\"WebPage\",\"@id\":\"https:\\\/\\\/augstudy.com\\\/vcard\\\/malaysia\\\/dylan-koh\\\/\",\"url\":\"https:\\\/\\\/augstudy.com\\\/vcard\\\/malaysia\\\/dylan-koh\\\/\",\"name\":\"Dylan Koh - AUG Student Services\",\"isPartOf\":{\"@id\":\"https:\\\/\\\/augstudy.com\\\/#website\"},\"primaryImageOfPage\":{\"@id\":\"https:\\\/\\\/augstudy.com\\\/vcard\\\/malaysia\\\/dylan-koh\\\/#primaryimage\"},\"image\":{\"@id\":\"https:\\\/\\\/augstudy.com\\\/vcard\\\/malaysia\\\/dylan-koh\\\/#primaryimage\"},\"thumbnailUrl\":\"https:\\\/\\\/augstudy.com\\\/aug-website-files\\\/wp-content\\\/uploads\\\/2023\\\/10\\\/aug_vcard_dylan_koh_500x500.png\",\"datePublished\":\"2020-08-21T09:15:11+00:00\",\"dateModified\":\"2023-10-22T12:30:18+00:00\",\"description\":\"Dylan skillfully manages the Kuantan branch, and has successfully placed students in renowned institutions across various countries. Dylan's attention to detail, ability to build strong relationships, and commitment to providing ethical and accurate advice make him a valuable asset to AUG Kuantan.\",\"breadcrumb\":{\"@id\":\"https:\\\/\\\/augstudy.com\\\/vcard\\\/malaysia\\\/dylan-koh\\\/#breadcrumb\"},\"inLanguage\":\"vi\",\"potentialAction\":[{\"@type\":\"ReadAction\",\"target\":[\"https:\\\/\\\/augstudy.com\\\/vcard\\\/malaysia\\\/dylan-koh\\\/\"]}]},{\"@type\":\"ImageObject\",\"inLanguage\":\"vi\",\"@id\":\"https:\\\/\\\/augstudy.com\\\/vcard\\\/malaysia\\\/dylan-koh\\\/#primaryimage\",\"url\":\"https:\\\/\\\/augstudy.com\\\/aug-website-files\\\/wp-content\\\/uploads\\\/2023\\\/10\\\/aug_vcard_dylan_koh_500x500.png\",\"contentUrl\":\"https:\\\/\\\/augstudy.com\\\/aug-website-files\\\/wp-content\\\/uploads\\\/2023\\\/10\\\/aug_vcard_dylan_koh_500x500.png\",\"width\":500,\"height\":500},{\"@type\":\"BreadcrumbList\",\"@id\":\"https:\\\/\\\/augstudy.com\\\/vcard\\\/malaysia\\\/dylan-koh\\\/#breadcrumb\",\"itemListElement\":[{\"@type\":\"ListItem\",\"position\":1,\"name\":\"Home\",\"item\":\"https:\\\/\\\/augstudy.com\\\/\"},{\"@type\":\"ListItem\",\"position\":2,\"name\":\"vCard\",\"item\":\"https:\\\/\\\/augstudy.com\\\/vcard\\\/\"},{\"@type\":\"ListItem\",\"position\":3,\"name\":\"vCard &#8211; Malaysia\",\"item\":\"https:\\\/\\\/augstudy.com\\\/vcard\\\/malaysia\\\/\"},{\"@type\":\"ListItem\",\"position\":4,\"name\":\"Dylan Koh\"}]},{\"@type\":\"WebSite\",\"@id\":\"https:\\\/\\\/augstudy.com\\\/#website\",\"url\":\"https:\\\/\\\/augstudy.com\\\/\",\"name\":\"AUG Student Services\",\"description\":\"Student Services\",\"alternateName\":\"AUG Global\",\"potentialAction\":[{\"@type\":\"SearchAction\",\"target\":{\"@type\":\"EntryPoint\",\"urlTemplate\":\"https:\\\/\\\/augstudy.com\\\/?s={search_term_string}\"},\"query-input\":{\"@type\":\"PropertyValueSpecification\",\"valueRequired\":true,\"valueName\":\"search_term_string\"}}],\"inLanguage\":\"vi\"}]}<\/script>\n<!-- \/ Yoast SEO Premium plugin. -->","yoast_head_json":{"title":"Dylan Koh - AUG Student Services","description":"Dylan qu\u1ea3n l\u00fd m\u1ed9t c\u00e1ch kh\u00e9o l\u00e9o chi nh\u00e1nh Kuantan v\u00e0 \u0111\u00e3 th\u00e0nh c\u00f4ng trong vi\u1ec7c \u0111\u01b0a sinh vi\u00ean v\u00e0o c\u00e1c h\u1ecdc vi\u1ec7n n\u1ed5i ti\u1ebfng \u1edf nhi\u1ec1u qu\u1ed1c gia kh\u00e1c nhau. S\u1ef1 ch\u00fa \u00fd c\u1ee7a Dylan \u0111\u1ebfn t\u1eebng chi ti\u1ebft, kh\u1ea3 n\u0103ng x\u00e2y d\u1ef1ng c\u00e1c m\u1ed1i quan h\u1ec7 b\u1ec1n ch\u1eb7t v\u00e0 cam k\u1ebft \u0111\u01b0a ra l\u1eddi khuy\u00ean ch\u00ednh x\u00e1c v\u00e0 c\u00f3 \u0111\u1ea1o \u0111\u1ee9c khi\u1ebfn anh tr\u1edf th\u00e0nh t\u00e0i s\u1ea3n qu\u00fd gi\u00e1 \u0111\u1ed1i v\u1edbi AUG Kuantan.","robots":{"index":"index","follow":"follow","max-snippet":"max-snippet:-1","max-image-preview":"max-image-preview:large","max-video-preview":"max-video-preview:-1"},"canonical":"https:\/\/augstudy.com\/vi\/vcard\/malaysia-2\/dylan-koh\/","og_locale":"vi_VN","og_type":"article","og_title":"Dylan Koh","og_description":"Dylan skillfully manages the Kuantan branch, and has successfully placed students in renowned institutions across various countries. Dylan's attention to detail, ability to build strong relationships, and commitment to providing ethical and accurate advice make him a valuable asset to AUG Kuantan.","og_url":"https:\/\/augstudy.com\/vi\/vcard\/malaysia-2\/dylan-koh\/","og_site_name":"AUG Student Services","article_publisher":"https:\/\/www.facebook.com\/augmalaysia\/","article_modified_time":"2023-10-22T12:30:18+00:00","og_image":[{"width":500,"height":500,"url":"https:\/\/augstudy.com\/aug-website-files\/wp-content\/uploads\/2023\/10\/aug_vcard_dylan_koh_500x500.png","type":"image\/png"}],"twitter_card":"summary_large_image","twitter_misc":{"\u01af\u1edbc t\u00ednh th\u1eddi gian \u0111\u1ecdc":"1 ph\u00fat"},"schema":{"@context":"https:\/\/schema.org","@graph":[{"@type":"WebPage","@id":"https:\/\/augstudy.com\/vcard\/malaysia\/dylan-koh\/","url":"https:\/\/augstudy.com\/vcard\/malaysia\/dylan-koh\/","name":"Dylan Koh - AUG Student Services","isPartOf":{"@id":"https:\/\/augstudy.com\/#website"},"primaryImageOfPage":{"@id":"https:\/\/augstudy.com\/vcard\/malaysia\/dylan-koh\/#primaryimage"},"image":{"@id":"https:\/\/augstudy.com\/vcard\/malaysia\/dylan-koh\/#primaryimage"},"thumbnailUrl":"https:\/\/augstudy.com\/aug-website-files\/wp-content\/uploads\/2023\/10\/aug_vcard_dylan_koh_500x500.png","datePublished":"2020-08-21T09:15:11+00:00","dateModified":"2023-10-22T12:30:18+00:00","description":"Dylan qu\u1ea3n l\u00fd m\u1ed9t c\u00e1ch kh\u00e9o l\u00e9o chi nh\u00e1nh Kuantan v\u00e0 \u0111\u00e3 th\u00e0nh c\u00f4ng trong vi\u1ec7c \u0111\u01b0a sinh vi\u00ean v\u00e0o c\u00e1c h\u1ecdc vi\u1ec7n n\u1ed5i ti\u1ebfng \u1edf nhi\u1ec1u qu\u1ed1c gia kh\u00e1c nhau. S\u1ef1 ch\u00fa \u00fd c\u1ee7a Dylan \u0111\u1ebfn t\u1eebng chi ti\u1ebft, kh\u1ea3 n\u0103ng x\u00e2y d\u1ef1ng c\u00e1c m\u1ed1i quan h\u1ec7 b\u1ec1n ch\u1eb7t v\u00e0 cam k\u1ebft \u0111\u01b0a ra l\u1eddi khuy\u00ean ch\u00ednh x\u00e1c v\u00e0 c\u00f3 \u0111\u1ea1o \u0111\u1ee9c khi\u1ebfn anh tr\u1edf th\u00e0nh t\u00e0i s\u1ea3n qu\u00fd gi\u00e1 \u0111\u1ed1i v\u1edbi AUG Kuantan.","breadcrumb":{"@id":"https:\/\/augstudy.com\/vcard\/malaysia\/dylan-koh\/#breadcrumb"},"inLanguage":"vi","potentialAction":[{"@type":"ReadAction","target":["https:\/\/augstudy.com\/vcard\/malaysia\/dylan-koh\/"]}]},{"@type":"ImageObject","inLanguage":"vi","@id":"https:\/\/augstudy.com\/vcard\/malaysia\/dylan-koh\/#primaryimage","url":"https:\/\/augstudy.com\/aug-website-files\/wp-content\/uploads\/2023\/10\/aug_vcard_dylan_koh_500x500.png","contentUrl":"https:\/\/augstudy.com\/aug-website-files\/wp-content\/uploads\/2023\/10\/aug_vcard_dylan_koh_500x500.png","width":500,"height":500},{"@type":"BreadcrumbList","@id":"https:\/\/augstudy.com\/vcard\/malaysia\/dylan-koh\/#breadcrumb","itemListElement":[{"@type":"ListItem","position":1,"name":"Home","item":"https:\/\/augstudy.com\/"},{"@type":"ListItem","position":2,"name":"vCard","item":"https:\/\/augstudy.com\/vcard\/"},{"@type":"ListItem","position":3,"name":"vCard &#8211; Malaysia","item":"https:\/\/augstudy.com\/vcard\/malaysia\/"},{"@type":"ListItem","position":4,"name":"Dylan Koh"}]},{"@type":"WebSite","@id":"https:\/\/augstudy.com\/#website","url":"https:\/\/augstudy.com\/","name":"D\u1ecbch v\u1ee5 Sinh vi\u00ean AUG","description":"D\u1ecbch v\u1ee5 sinh vi\u00ean","alternateName":"AUG Global","potentialAction":[{"@type":"SearchAction","target":{"@type":"EntryPoint","urlTemplate":"https:\/\/augstudy.com\/?s={search_term_string}"},"query-input":{"@type":"PropertyValueSpecification","valueRequired":true,"valueName":"search_term_string"}}],"inLanguage":"vi"}]}},"_links":{"self":[{"href":"https:\/\/augstudy.com\/vi\/wp-json\/wp\/v2\/pages\/106940","targetHints":{"allow":["GET"]}}],"collection":[{"href":"https:\/\/augstudy.com\/vi\/wp-json\/wp\/v2\/pages"}],"about":[{"href":"https:\/\/augstudy.com\/vi\/wp-json\/wp\/v2\/types\/page"}],"author":[{"embeddable":true,"href":"https:\/\/augstudy.com\/vi\/wp-json\/wp\/v2\/users\/4"}],"replies":[{"embeddable":true,"href":"https:\/\/augstudy.com\/vi\/wp-json\/wp\/v2\/comments?post=106940"}],"version-history":[{"count":0,"href":"https:\/\/augstudy.com\/vi\/wp-json\/wp\/v2\/pages\/106940\/revisions"}],"up":[{"embeddable":true,"href":"https:\/\/augstudy.com\/vi\/wp-json\/wp\/v2\/pages\/105664"}],"wp:featuredmedia":[{"embeddable":true,"href":"https:\/\/augstudy.com\/vi\/wp-json\/wp\/v2\/media\/386059"}],"wp:attachment":[{"href":"https:\/\/augstudy.com\/vi\/wp-json\/wp\/v2\/media?parent=106940"}],"curies":[{"name":"wp","href":"https:\/\/api.w.org\/{rel}","templated":true}]}}