{"id":106199,"date":"2020-08-19T15:35:01","date_gmt":"2020-08-19T05:35:01","guid":{"rendered":"https:\/\/augstudy.com\/?page_id=106199"},"modified":"2023-10-22T23:24:35","modified_gmt":"2023-10-22T12:24:35","slug":"co-the-ram-nang","status":"publish","type":"page","link":"https:\/\/augstudy.com\/vi\/vcard\/malaysia\/may-tan\/","title":{"rendered":"Th\u00e1ng N\u0103m Tan"},"content":{"rendered":"<div class=\"vc_row wpb_row vc_row-fluid\"><div class=\"wpb_column vc_column_container vc_col-sm-12\"><div class=\"vc_column-inner\"><div class=\"wpb_wrapper\">\n\t<div class=\"wpb_raw_code wpb_content_element wpb_raw_html margin_bottom_0px\">\n\t\t<div class=\"wpb_wrapper\">\n\t\t\t<a class=\"vcard-download\" href=\"https:\/\/augstudy.com\/aug-website-files\/wp-content\/uploads\/vcard\/May_TAN.vcf\"><\/a>\n\t\t<\/div>\n\t<\/div>\n<\/div><\/div><\/div><\/div>","protected":false},"excerpt":{"rendered":"","protected":false},"author":4,"featured_media":386071,"parent":105664,"menu_order":0,"comment_status":"closed","ping_status":"closed","template":"","meta":{"footnotes":""},"class_list":["post-106199","page","type-page","status-publish","hentry"],"yoast_head":"<!-- This site is optimized with the Yoast SEO Premium plugin v27.0 (Yoast SEO v27.3) - https:\/\/yoast.com\/product\/yoast-seo-premium-wordpress\/ -->\n<title>May Tan - AUG Student Services<\/title>\n<meta name=\"description\" content=\"As Manager, May oversees day-to-day operations, executes marketing strategies, and ensures high customer service standards. May began as a part-time staff member and has since become an integral member of the team. Her leadership skills have enabled her to build high-performing teams and foster growth.\" \/>\n<meta name=\"robots\" content=\"index, follow, max-snippet:-1, max-image-preview:large, max-video-preview:-1\" \/>\n<link rel=\"canonical\" href=\"https:\/\/augstudy.com\/vi\/vcard\/malaysia-2\/co-the-ram-nang\/\" \/>\n<meta property=\"og:locale\" content=\"vi_VN\" \/>\n<meta property=\"og:type\" content=\"article\" \/>\n<meta property=\"og:title\" content=\"May Tan\" \/>\n<meta property=\"og:description\" content=\"As Manager, May oversees day-to-day operations, executes marketing strategies, and ensures high customer service standards. May began as a part-time staff member and has since become an integral member of the team. Her leadership skills have enabled her to build high-performing teams and foster growth.\" \/>\n<meta property=\"og:url\" content=\"https:\/\/augstudy.com\/vi\/vcard\/malaysia-2\/co-the-ram-nang\/\" \/>\n<meta property=\"og:site_name\" content=\"AUG Student Services\" \/>\n<meta property=\"article:publisher\" content=\"https:\/\/www.facebook.com\/augmalaysia\/\" \/>\n<meta property=\"article:modified_time\" content=\"2023-10-22T12:24:35+00:00\" \/>\n<meta property=\"og:image\" content=\"https:\/\/augstudy.com\/aug-website-files\/wp-content\/uploads\/2023\/10\/aug_vcard_may_tan_500x500.png\" \/>\n\t<meta property=\"og:image:width\" content=\"500\" \/>\n\t<meta property=\"og:image:height\" content=\"500\" \/>\n\t<meta property=\"og:image:type\" content=\"image\/png\" \/>\n<meta name=\"twitter:card\" content=\"summary_large_image\" \/>\n<meta name=\"twitter:label1\" content=\"\u01af\u1edbc t\u00ednh th\u1eddi gian \u0111\u1ecdc\" \/>\n\t<meta name=\"twitter:data1\" content=\"1 ph\u00fat\" \/>\n<script type=\"application\/ld+json\" class=\"yoast-schema-graph\">{\"@context\":\"https:\\\/\\\/schema.org\",\"@graph\":[{\"@type\":\"WebPage\",\"@id\":\"https:\\\/\\\/augstudy.com\\\/vcard\\\/malaysia\\\/may-tan\\\/\",\"url\":\"https:\\\/\\\/augstudy.com\\\/vcard\\\/malaysia\\\/may-tan\\\/\",\"name\":\"May Tan - AUG Student Services\",\"isPartOf\":{\"@id\":\"https:\\\/\\\/augstudy.com\\\/#website\"},\"primaryImageOfPage\":{\"@id\":\"https:\\\/\\\/augstudy.com\\\/vcard\\\/malaysia\\\/may-tan\\\/#primaryimage\"},\"image\":{\"@id\":\"https:\\\/\\\/augstudy.com\\\/vcard\\\/malaysia\\\/may-tan\\\/#primaryimage\"},\"thumbnailUrl\":\"https:\\\/\\\/augstudy.com\\\/aug-website-files\\\/wp-content\\\/uploads\\\/2023\\\/10\\\/aug_vcard_may_tan_500x500.png\",\"datePublished\":\"2020-08-19T05:35:01+00:00\",\"dateModified\":\"2023-10-22T12:24:35+00:00\",\"description\":\"As Manager, May oversees day-to-day operations, executes marketing strategies, and ensures high customer service standards. May began as a part-time staff member and has since become an integral member of the team. Her leadership skills have enabled her to build high-performing teams and foster growth.\",\"breadcrumb\":{\"@id\":\"https:\\\/\\\/augstudy.com\\\/vcard\\\/malaysia\\\/may-tan\\\/#breadcrumb\"},\"inLanguage\":\"vi\",\"potentialAction\":[{\"@type\":\"ReadAction\",\"target\":[\"https:\\\/\\\/augstudy.com\\\/vcard\\\/malaysia\\\/may-tan\\\/\"]}]},{\"@type\":\"ImageObject\",\"inLanguage\":\"vi\",\"@id\":\"https:\\\/\\\/augstudy.com\\\/vcard\\\/malaysia\\\/may-tan\\\/#primaryimage\",\"url\":\"https:\\\/\\\/augstudy.com\\\/aug-website-files\\\/wp-content\\\/uploads\\\/2023\\\/10\\\/aug_vcard_may_tan_500x500.png\",\"contentUrl\":\"https:\\\/\\\/augstudy.com\\\/aug-website-files\\\/wp-content\\\/uploads\\\/2023\\\/10\\\/aug_vcard_may_tan_500x500.png\",\"width\":500,\"height\":500},{\"@type\":\"BreadcrumbList\",\"@id\":\"https:\\\/\\\/augstudy.com\\\/vcard\\\/malaysia\\\/may-tan\\\/#breadcrumb\",\"itemListElement\":[{\"@type\":\"ListItem\",\"position\":1,\"name\":\"Home\",\"item\":\"https:\\\/\\\/augstudy.com\\\/\"},{\"@type\":\"ListItem\",\"position\":2,\"name\":\"vCard\",\"item\":\"https:\\\/\\\/augstudy.com\\\/vcard\\\/\"},{\"@type\":\"ListItem\",\"position\":3,\"name\":\"vCard &#8211; Malaysia\",\"item\":\"https:\\\/\\\/augstudy.com\\\/vcard\\\/malaysia\\\/\"},{\"@type\":\"ListItem\",\"position\":4,\"name\":\"May Tan\"}]},{\"@type\":\"WebSite\",\"@id\":\"https:\\\/\\\/augstudy.com\\\/#website\",\"url\":\"https:\\\/\\\/augstudy.com\\\/\",\"name\":\"AUG Student Services\",\"description\":\"Student Services\",\"alternateName\":\"AUG Global\",\"potentialAction\":[{\"@type\":\"SearchAction\",\"target\":{\"@type\":\"EntryPoint\",\"urlTemplate\":\"https:\\\/\\\/augstudy.com\\\/?s={search_term_string}\"},\"query-input\":{\"@type\":\"PropertyValueSpecification\",\"valueRequired\":true,\"valueName\":\"search_term_string\"}}],\"inLanguage\":\"vi\"}]}<\/script>\n<!-- \/ Yoast SEO Premium plugin. -->","yoast_head_json":{"title":"May Tan - AUG Student Services","description":"V\u1edbi t\u01b0 c\u00e1ch l\u00e0 Qu\u1ea3n l\u00fd, May gi\u00e1m s\u00e1t c\u00e1c ho\u1ea1t \u0111\u1ed9ng h\u00e0ng ng\u00e0y, th\u1ef1c hi\u1ec7n c\u00e1c chi\u1ebfn l\u01b0\u1ee3c ti\u1ebfp th\u1ecb v\u00e0 \u0111\u1ea3m b\u1ea3o c\u00e1c ti\u00eau chu\u1ea9n d\u1ecbch v\u1ee5 kh\u00e1ch h\u00e0ng cao. May b\u1eaft \u0111\u1ea7u l\u00e0 m\u1ed9t nh\u00e2n vi\u00ean b\u00e1n th\u1eddi gian v\u00e0 t\u1eeb \u0111\u00f3 tr\u1edf th\u00e0nh m\u1ed9t th\u00e0nh vi\u00ean kh\u00f4ng th\u1ec3 thi\u1ebfu c\u1ee7a nh\u00f3m. C\u00e1c k\u1ef9 n\u0103ng l\u00e3nh \u0111\u1ea1o c\u1ee7a c\u00f4 \u0111\u00e3 gi\u00fap c\u00f4 x\u00e2y d\u1ef1ng c\u00e1c nh\u00f3m c\u00f3 hi\u1ec7u su\u1ea5t cao v\u00e0 th\u00fac \u0111\u1ea9y t\u0103ng tr\u01b0\u1edfng.","robots":{"index":"index","follow":"follow","max-snippet":"max-snippet:-1","max-image-preview":"max-image-preview:large","max-video-preview":"max-video-preview:-1"},"canonical":"https:\/\/augstudy.com\/vi\/vcard\/malaysia-2\/co-the-ram-nang\/","og_locale":"vi_VN","og_type":"article","og_title":"May Tan","og_description":"As Manager, May oversees day-to-day operations, executes marketing strategies, and ensures high customer service standards. May began as a part-time staff member and has since become an integral member of the team. Her leadership skills have enabled her to build high-performing teams and foster growth.","og_url":"https:\/\/augstudy.com\/vi\/vcard\/malaysia-2\/co-the-ram-nang\/","og_site_name":"AUG Student Services","article_publisher":"https:\/\/www.facebook.com\/augmalaysia\/","article_modified_time":"2023-10-22T12:24:35+00:00","og_image":[{"width":500,"height":500,"url":"https:\/\/augstudy.com\/aug-website-files\/wp-content\/uploads\/2023\/10\/aug_vcard_may_tan_500x500.png","type":"image\/png"}],"twitter_card":"summary_large_image","twitter_misc":{"\u01af\u1edbc t\u00ednh th\u1eddi gian \u0111\u1ecdc":"1 ph\u00fat"},"schema":{"@context":"https:\/\/schema.org","@graph":[{"@type":"WebPage","@id":"https:\/\/augstudy.com\/vcard\/malaysia\/may-tan\/","url":"https:\/\/augstudy.com\/vcard\/malaysia\/may-tan\/","name":"May Tan - AUG Student Services","isPartOf":{"@id":"https:\/\/augstudy.com\/#website"},"primaryImageOfPage":{"@id":"https:\/\/augstudy.com\/vcard\/malaysia\/may-tan\/#primaryimage"},"image":{"@id":"https:\/\/augstudy.com\/vcard\/malaysia\/may-tan\/#primaryimage"},"thumbnailUrl":"https:\/\/augstudy.com\/aug-website-files\/wp-content\/uploads\/2023\/10\/aug_vcard_may_tan_500x500.png","datePublished":"2020-08-19T05:35:01+00:00","dateModified":"2023-10-22T12:24:35+00:00","description":"V\u1edbi t\u01b0 c\u00e1ch l\u00e0 Qu\u1ea3n l\u00fd, May gi\u00e1m s\u00e1t c\u00e1c ho\u1ea1t \u0111\u1ed9ng h\u00e0ng ng\u00e0y, th\u1ef1c hi\u1ec7n c\u00e1c chi\u1ebfn l\u01b0\u1ee3c ti\u1ebfp th\u1ecb v\u00e0 \u0111\u1ea3m b\u1ea3o c\u00e1c ti\u00eau chu\u1ea9n d\u1ecbch v\u1ee5 kh\u00e1ch h\u00e0ng cao. May b\u1eaft \u0111\u1ea7u l\u00e0 m\u1ed9t nh\u00e2n vi\u00ean b\u00e1n th\u1eddi gian v\u00e0 t\u1eeb \u0111\u00f3 tr\u1edf th\u00e0nh m\u1ed9t th\u00e0nh vi\u00ean kh\u00f4ng th\u1ec3 thi\u1ebfu c\u1ee7a nh\u00f3m. C\u00e1c k\u1ef9 n\u0103ng l\u00e3nh \u0111\u1ea1o c\u1ee7a c\u00f4 \u0111\u00e3 gi\u00fap c\u00f4 x\u00e2y d\u1ef1ng c\u00e1c nh\u00f3m c\u00f3 hi\u1ec7u su\u1ea5t cao v\u00e0 th\u00fac \u0111\u1ea9y t\u0103ng tr\u01b0\u1edfng.","breadcrumb":{"@id":"https:\/\/augstudy.com\/vcard\/malaysia\/may-tan\/#breadcrumb"},"inLanguage":"vi","potentialAction":[{"@type":"ReadAction","target":["https:\/\/augstudy.com\/vcard\/malaysia\/may-tan\/"]}]},{"@type":"ImageObject","inLanguage":"vi","@id":"https:\/\/augstudy.com\/vcard\/malaysia\/may-tan\/#primaryimage","url":"https:\/\/augstudy.com\/aug-website-files\/wp-content\/uploads\/2023\/10\/aug_vcard_may_tan_500x500.png","contentUrl":"https:\/\/augstudy.com\/aug-website-files\/wp-content\/uploads\/2023\/10\/aug_vcard_may_tan_500x500.png","width":500,"height":500},{"@type":"BreadcrumbList","@id":"https:\/\/augstudy.com\/vcard\/malaysia\/may-tan\/#breadcrumb","itemListElement":[{"@type":"ListItem","position":1,"name":"Home","item":"https:\/\/augstudy.com\/"},{"@type":"ListItem","position":2,"name":"vCard","item":"https:\/\/augstudy.com\/vcard\/"},{"@type":"ListItem","position":3,"name":"vCard &#8211; Malaysia","item":"https:\/\/augstudy.com\/vcard\/malaysia\/"},{"@type":"ListItem","position":4,"name":"May Tan"}]},{"@type":"WebSite","@id":"https:\/\/augstudy.com\/#website","url":"https:\/\/augstudy.com\/","name":"D\u1ecbch v\u1ee5 Sinh vi\u00ean AUG","description":"D\u1ecbch v\u1ee5 sinh vi\u00ean","alternateName":"AUG Global","potentialAction":[{"@type":"SearchAction","target":{"@type":"EntryPoint","urlTemplate":"https:\/\/augstudy.com\/?s={search_term_string}"},"query-input":{"@type":"PropertyValueSpecification","valueRequired":true,"valueName":"search_term_string"}}],"inLanguage":"vi"}]}},"_links":{"self":[{"href":"https:\/\/augstudy.com\/vi\/wp-json\/wp\/v2\/pages\/106199","targetHints":{"allow":["GET"]}}],"collection":[{"href":"https:\/\/augstudy.com\/vi\/wp-json\/wp\/v2\/pages"}],"about":[{"href":"https:\/\/augstudy.com\/vi\/wp-json\/wp\/v2\/types\/page"}],"author":[{"embeddable":true,"href":"https:\/\/augstudy.com\/vi\/wp-json\/wp\/v2\/users\/4"}],"replies":[{"embeddable":true,"href":"https:\/\/augstudy.com\/vi\/wp-json\/wp\/v2\/comments?post=106199"}],"version-history":[{"count":0,"href":"https:\/\/augstudy.com\/vi\/wp-json\/wp\/v2\/pages\/106199\/revisions"}],"up":[{"embeddable":true,"href":"https:\/\/augstudy.com\/vi\/wp-json\/wp\/v2\/pages\/105664"}],"wp:featuredmedia":[{"embeddable":true,"href":"https:\/\/augstudy.com\/vi\/wp-json\/wp\/v2\/media\/386071"}],"wp:attachment":[{"href":"https:\/\/augstudy.com\/vi\/wp-json\/wp\/v2\/media?parent=106199"}],"curies":[{"name":"wp","href":"https:\/\/api.w.org\/{rel}","templated":true}]}}