{"id":105818,"date":"2020-08-18T16:27:08","date_gmt":"2020-08-18T06:27:08","guid":{"rendered":"https:\/\/augstudy.com\/?page_id=105818"},"modified":"2023-10-22T23:26:08","modified_gmt":"2023-10-22T12:26:08","slug":"kate-liew","status":"publish","type":"page","link":"https:\/\/augstudy.com\/vi\/vcard\/malaysia\/kate-liew\/","title":{"rendered":"Kate Liew"},"content":{"rendered":"<div class=\"vc_row wpb_row vc_row-fluid\"><div class=\"wpb_column vc_column_container vc_col-sm-12\"><div class=\"vc_column-inner\"><div class=\"wpb_wrapper\">\n\t<div class=\"wpb_raw_code wpb_content_element wpb_raw_html margin_bottom_0px\">\n\t\t<div class=\"wpb_wrapper\">\n\t\t\t<a class=\"vcard-download\" href=\"https:\/\/augstudy.com\/aug-website-files\/wp-content\/uploads\/vcard\/Kate_LIEW.vcf\"><\/a>\n\t\t<\/div>\n\t<\/div>\n<\/div><\/div><\/div><\/div>","protected":false},"excerpt":{"rendered":"","protected":false},"author":4,"featured_media":386056,"parent":105664,"menu_order":0,"comment_status":"closed","ping_status":"closed","template":"","meta":{"footnotes":""},"class_list":["post-105818","page","type-page","status-publish","hentry"],"yoast_head":"<!-- This site is optimized with the Yoast SEO Premium plugin v27.0 (Yoast SEO v27.3) - https:\/\/yoast.com\/product\/yoast-seo-premium-wordpress\/ -->\n<title>Kate Liew - AUG Student Services<\/title>\n<meta name=\"description\" content=\"As the manager at AUG Kuala Lumpur, Kate leads a dedicated, inclusive, and skilled team while overseeing daily operations. With her expertise, she is able to provide personalized guidance to students pursuing higher education overseas.\" \/>\n<meta name=\"robots\" content=\"index, follow, max-snippet:-1, max-image-preview:large, max-video-preview:-1\" \/>\n<link rel=\"canonical\" href=\"https:\/\/augstudy.com\/vi\/vcard\/malaysia-2\/kate-liew\/\" \/>\n<meta property=\"og:locale\" content=\"vi_VN\" \/>\n<meta property=\"og:type\" content=\"article\" \/>\n<meta property=\"og:title\" content=\"Kate Liew\" \/>\n<meta property=\"og:description\" content=\"As the manager at AUG Kuala Lumpur, Kate leads a dedicated, inclusive, and skilled team while overseeing daily operations. With her expertise, she is able to provide personalized guidance to students pursuing higher education overseas.\" \/>\n<meta property=\"og:url\" content=\"https:\/\/augstudy.com\/vi\/vcard\/malaysia-2\/kate-liew\/\" \/>\n<meta property=\"og:site_name\" content=\"AUG Student Services\" \/>\n<meta property=\"article:publisher\" content=\"https:\/\/www.facebook.com\/augmalaysia\/\" \/>\n<meta property=\"article:modified_time\" content=\"2023-10-22T12:26:08+00:00\" \/>\n<meta property=\"og:image\" content=\"https:\/\/augstudy.com\/aug-website-files\/wp-content\/uploads\/2023\/10\/aug_vcard_kate_liew_500x500.png\" \/>\n\t<meta property=\"og:image:width\" content=\"500\" \/>\n\t<meta property=\"og:image:height\" content=\"500\" \/>\n\t<meta property=\"og:image:type\" content=\"image\/png\" \/>\n<meta name=\"twitter:card\" content=\"summary_large_image\" \/>\n<meta name=\"twitter:label1\" content=\"\u01af\u1edbc t\u00ednh th\u1eddi gian \u0111\u1ecdc\" \/>\n\t<meta name=\"twitter:data1\" content=\"1 ph\u00fat\" \/>\n<script type=\"application\/ld+json\" class=\"yoast-schema-graph\">{\"@context\":\"https:\\\/\\\/schema.org\",\"@graph\":[{\"@type\":\"WebPage\",\"@id\":\"https:\\\/\\\/augstudy.com\\\/vcard\\\/malaysia\\\/kate-liew\\\/\",\"url\":\"https:\\\/\\\/augstudy.com\\\/vcard\\\/malaysia\\\/kate-liew\\\/\",\"name\":\"Kate Liew - AUG Student Services\",\"isPartOf\":{\"@id\":\"https:\\\/\\\/augstudy.com\\\/#website\"},\"primaryImageOfPage\":{\"@id\":\"https:\\\/\\\/augstudy.com\\\/vcard\\\/malaysia\\\/kate-liew\\\/#primaryimage\"},\"image\":{\"@id\":\"https:\\\/\\\/augstudy.com\\\/vcard\\\/malaysia\\\/kate-liew\\\/#primaryimage\"},\"thumbnailUrl\":\"https:\\\/\\\/augstudy.com\\\/aug-website-files\\\/wp-content\\\/uploads\\\/2023\\\/10\\\/aug_vcard_kate_liew_500x500.png\",\"datePublished\":\"2020-08-18T06:27:08+00:00\",\"dateModified\":\"2023-10-22T12:26:08+00:00\",\"description\":\"As the manager at AUG Kuala Lumpur, Kate leads a dedicated, inclusive, and skilled team while overseeing daily operations. With her expertise, she is able to provide personalized guidance to students pursuing higher education overseas.\",\"breadcrumb\":{\"@id\":\"https:\\\/\\\/augstudy.com\\\/vcard\\\/malaysia\\\/kate-liew\\\/#breadcrumb\"},\"inLanguage\":\"vi\",\"potentialAction\":[{\"@type\":\"ReadAction\",\"target\":[\"https:\\\/\\\/augstudy.com\\\/vcard\\\/malaysia\\\/kate-liew\\\/\"]}]},{\"@type\":\"ImageObject\",\"inLanguage\":\"vi\",\"@id\":\"https:\\\/\\\/augstudy.com\\\/vcard\\\/malaysia\\\/kate-liew\\\/#primaryimage\",\"url\":\"https:\\\/\\\/augstudy.com\\\/aug-website-files\\\/wp-content\\\/uploads\\\/2023\\\/10\\\/aug_vcard_kate_liew_500x500.png\",\"contentUrl\":\"https:\\\/\\\/augstudy.com\\\/aug-website-files\\\/wp-content\\\/uploads\\\/2023\\\/10\\\/aug_vcard_kate_liew_500x500.png\",\"width\":500,\"height\":500},{\"@type\":\"BreadcrumbList\",\"@id\":\"https:\\\/\\\/augstudy.com\\\/vcard\\\/malaysia\\\/kate-liew\\\/#breadcrumb\",\"itemListElement\":[{\"@type\":\"ListItem\",\"position\":1,\"name\":\"Home\",\"item\":\"https:\\\/\\\/augstudy.com\\\/\"},{\"@type\":\"ListItem\",\"position\":2,\"name\":\"vCard\",\"item\":\"https:\\\/\\\/augstudy.com\\\/vcard\\\/\"},{\"@type\":\"ListItem\",\"position\":3,\"name\":\"vCard &#8211; Malaysia\",\"item\":\"https:\\\/\\\/augstudy.com\\\/vcard\\\/malaysia\\\/\"},{\"@type\":\"ListItem\",\"position\":4,\"name\":\"Kate Liew\"}]},{\"@type\":\"WebSite\",\"@id\":\"https:\\\/\\\/augstudy.com\\\/#website\",\"url\":\"https:\\\/\\\/augstudy.com\\\/\",\"name\":\"AUG Student Services\",\"description\":\"Student Services\",\"alternateName\":\"AUG Global\",\"potentialAction\":[{\"@type\":\"SearchAction\",\"target\":{\"@type\":\"EntryPoint\",\"urlTemplate\":\"https:\\\/\\\/augstudy.com\\\/?s={search_term_string}\"},\"query-input\":{\"@type\":\"PropertyValueSpecification\",\"valueRequired\":true,\"valueName\":\"search_term_string\"}}],\"inLanguage\":\"vi\"}]}<\/script>\n<!-- \/ Yoast SEO Premium plugin. -->","yoast_head_json":{"title":"Kate Liew - D\u1ecbch v\u1ee5 Sinh vi\u00ean AUG","description":"L\u00e0 qu\u1ea3n l\u00fd t\u1ea1i AUG Kuala Lumpur, Kate l\u00e3nh \u0111\u1ea1o m\u1ed9t \u0111\u1ed9i ng\u0169 t\u1eadn t\u00e2m, h\u00f2a nh\u1eadp v\u00e0 gi\u00e0u kinh nghi\u1ec7m, \u0111\u1ed3ng th\u1eddi gi\u00e1m s\u00e1t ho\u1ea1t \u0111\u1ed9ng h\u00e0ng ng\u00e0y. V\u1edbi chuy\u00ean m\u00f4n c\u1ee7a m\u00ecnh, c\u00f4 c\u00f3 th\u1ec3 cung c\u1ea5p h\u01b0\u1edbng d\u1eabn c\u00e1 nh\u00e2n h\u00f3a cho sinh vi\u00ean theo h\u1ecdc b\u1eadc \u0111\u1ea1i h\u1ecdc \u1edf n\u01b0\u1edbc ngo\u00e0i.","robots":{"index":"index","follow":"follow","max-snippet":"max-snippet:-1","max-image-preview":"max-image-preview:large","max-video-preview":"max-video-preview:-1"},"canonical":"https:\/\/augstudy.com\/vi\/vcard\/malaysia-2\/kate-liew\/","og_locale":"vi_VN","og_type":"article","og_title":"Kate Liew","og_description":"As the manager at AUG Kuala Lumpur, Kate leads a dedicated, inclusive, and skilled team while overseeing daily operations. With her expertise, she is able to provide personalized guidance to students pursuing higher education overseas.","og_url":"https:\/\/augstudy.com\/vi\/vcard\/malaysia-2\/kate-liew\/","og_site_name":"AUG Student Services","article_publisher":"https:\/\/www.facebook.com\/augmalaysia\/","article_modified_time":"2023-10-22T12:26:08+00:00","og_image":[{"width":500,"height":500,"url":"https:\/\/augstudy.com\/aug-website-files\/wp-content\/uploads\/2023\/10\/aug_vcard_kate_liew_500x500.png","type":"image\/png"}],"twitter_card":"summary_large_image","twitter_misc":{"\u01af\u1edbc t\u00ednh th\u1eddi gian \u0111\u1ecdc":"1 ph\u00fat"},"schema":{"@context":"https:\/\/schema.org","@graph":[{"@type":"WebPage","@id":"https:\/\/augstudy.com\/vcard\/malaysia\/kate-liew\/","url":"https:\/\/augstudy.com\/vcard\/malaysia\/kate-liew\/","name":"Kate Liew - D\u1ecbch v\u1ee5 Sinh vi\u00ean AUG","isPartOf":{"@id":"https:\/\/augstudy.com\/#website"},"primaryImageOfPage":{"@id":"https:\/\/augstudy.com\/vcard\/malaysia\/kate-liew\/#primaryimage"},"image":{"@id":"https:\/\/augstudy.com\/vcard\/malaysia\/kate-liew\/#primaryimage"},"thumbnailUrl":"https:\/\/augstudy.com\/aug-website-files\/wp-content\/uploads\/2023\/10\/aug_vcard_kate_liew_500x500.png","datePublished":"2020-08-18T06:27:08+00:00","dateModified":"2023-10-22T12:26:08+00:00","description":"L\u00e0 qu\u1ea3n l\u00fd t\u1ea1i AUG Kuala Lumpur, Kate l\u00e3nh \u0111\u1ea1o m\u1ed9t \u0111\u1ed9i ng\u0169 t\u1eadn t\u00e2m, h\u00f2a nh\u1eadp v\u00e0 gi\u00e0u kinh nghi\u1ec7m, \u0111\u1ed3ng th\u1eddi gi\u00e1m s\u00e1t ho\u1ea1t \u0111\u1ed9ng h\u00e0ng ng\u00e0y. V\u1edbi chuy\u00ean m\u00f4n c\u1ee7a m\u00ecnh, c\u00f4 c\u00f3 th\u1ec3 cung c\u1ea5p h\u01b0\u1edbng d\u1eabn c\u00e1 nh\u00e2n h\u00f3a cho sinh vi\u00ean theo h\u1ecdc b\u1eadc \u0111\u1ea1i h\u1ecdc \u1edf n\u01b0\u1edbc ngo\u00e0i.","breadcrumb":{"@id":"https:\/\/augstudy.com\/vcard\/malaysia\/kate-liew\/#breadcrumb"},"inLanguage":"vi","potentialAction":[{"@type":"ReadAction","target":["https:\/\/augstudy.com\/vcard\/malaysia\/kate-liew\/"]}]},{"@type":"ImageObject","inLanguage":"vi","@id":"https:\/\/augstudy.com\/vcard\/malaysia\/kate-liew\/#primaryimage","url":"https:\/\/augstudy.com\/aug-website-files\/wp-content\/uploads\/2023\/10\/aug_vcard_kate_liew_500x500.png","contentUrl":"https:\/\/augstudy.com\/aug-website-files\/wp-content\/uploads\/2023\/10\/aug_vcard_kate_liew_500x500.png","width":500,"height":500},{"@type":"BreadcrumbList","@id":"https:\/\/augstudy.com\/vcard\/malaysia\/kate-liew\/#breadcrumb","itemListElement":[{"@type":"ListItem","position":1,"name":"Home","item":"https:\/\/augstudy.com\/"},{"@type":"ListItem","position":2,"name":"vCard","item":"https:\/\/augstudy.com\/vcard\/"},{"@type":"ListItem","position":3,"name":"vCard &#8211; Malaysia","item":"https:\/\/augstudy.com\/vcard\/malaysia\/"},{"@type":"ListItem","position":4,"name":"Kate Liew"}]},{"@type":"WebSite","@id":"https:\/\/augstudy.com\/#website","url":"https:\/\/augstudy.com\/","name":"D\u1ecbch v\u1ee5 Sinh vi\u00ean AUG","description":"D\u1ecbch v\u1ee5 sinh vi\u00ean","alternateName":"AUG Global","potentialAction":[{"@type":"SearchAction","target":{"@type":"EntryPoint","urlTemplate":"https:\/\/augstudy.com\/?s={search_term_string}"},"query-input":{"@type":"PropertyValueSpecification","valueRequired":true,"valueName":"search_term_string"}}],"inLanguage":"vi"}]}},"_links":{"self":[{"href":"https:\/\/augstudy.com\/vi\/wp-json\/wp\/v2\/pages\/105818","targetHints":{"allow":["GET"]}}],"collection":[{"href":"https:\/\/augstudy.com\/vi\/wp-json\/wp\/v2\/pages"}],"about":[{"href":"https:\/\/augstudy.com\/vi\/wp-json\/wp\/v2\/types\/page"}],"author":[{"embeddable":true,"href":"https:\/\/augstudy.com\/vi\/wp-json\/wp\/v2\/users\/4"}],"replies":[{"embeddable":true,"href":"https:\/\/augstudy.com\/vi\/wp-json\/wp\/v2\/comments?post=105818"}],"version-history":[{"count":0,"href":"https:\/\/augstudy.com\/vi\/wp-json\/wp\/v2\/pages\/105818\/revisions"}],"up":[{"embeddable":true,"href":"https:\/\/augstudy.com\/vi\/wp-json\/wp\/v2\/pages\/105664"}],"wp:featuredmedia":[{"embeddable":true,"href":"https:\/\/augstudy.com\/vi\/wp-json\/wp\/v2\/media\/386056"}],"wp:attachment":[{"href":"https:\/\/augstudy.com\/vi\/wp-json\/wp\/v2\/media?parent=105818"}],"curies":[{"name":"wp","href":"https:\/\/api.w.org\/{rel}","templated":true}]}}