{"id":105744,"date":"2020-08-18T14:11:46","date_gmt":"2020-08-18T04:11:46","guid":{"rendered":"https:\/\/augstudy.com\/?page_id=105744"},"modified":"2023-10-22T23:33:27","modified_gmt":"2023-10-22T12:33:27","slug":"amy-chang","status":"publish","type":"page","link":"https:\/\/augstudy.com\/vi\/vcard\/malaysia\/amy-chang\/","title":{"rendered":"Amy Chang"},"content":{"rendered":"<div class=\"vc_row wpb_row vc_row-fluid\"><div class=\"wpb_column vc_column_container vc_col-sm-12\"><div class=\"vc_column-inner\"><div class=\"wpb_wrapper\">\n\t<div class=\"wpb_raw_code wpb_content_element wpb_raw_html margin_bottom_0px\">\n\t\t<div class=\"wpb_wrapper\">\n\t\t\t<a class=\"vcard-download\" href=\"https:\/\/augstudy.com\/aug-website-files\/wp-content\/uploads\/vcard\/Amy_CHANG.vcf\"><\/a>\n\t\t<\/div>\n\t<\/div>\n<\/div><\/div><\/div><\/div>","protected":false},"excerpt":{"rendered":"","protected":false},"author":4,"featured_media":386072,"parent":105664,"menu_order":0,"comment_status":"closed","ping_status":"closed","template":"","meta":{"footnotes":""},"class_list":["post-105744","page","type-page","status-publish","hentry"],"yoast_head":"<!-- This site is optimized with the Yoast SEO Premium plugin v27.0 (Yoast SEO v27.3) - https:\/\/yoast.com\/product\/yoast-seo-premium-wordpress\/ -->\n<title>Amy Chang - AUG Student Services<\/title>\n<meta name=\"description\" content=\"As an office manager, Amy&#039;s responsibilities include managing daily office operations, addressing student concerns, and leading a team of committed counsellors who provide guidance to students from Penang Island, Mainland, Kedah, and Perlis.\" \/>\n<meta name=\"robots\" content=\"index, follow, max-snippet:-1, max-image-preview:large, max-video-preview:-1\" \/>\n<link rel=\"canonical\" href=\"https:\/\/augstudy.com\/vi\/vcard\/malaysia-2\/amy-chang\/\" \/>\n<meta property=\"og:locale\" content=\"vi_VN\" \/>\n<meta property=\"og:type\" content=\"article\" \/>\n<meta property=\"og:title\" content=\"Amy Chang\" \/>\n<meta property=\"og:description\" content=\"As an office manager, Amy&#039;s responsibilities include managing daily office operations, addressing student concerns, and leading a team of committed counsellors who provide guidance to students from Penang Island, Mainland, Kedah, and Perlis.\" \/>\n<meta property=\"og:url\" content=\"https:\/\/augstudy.com\/vi\/vcard\/malaysia-2\/amy-chang\/\" \/>\n<meta property=\"og:site_name\" content=\"AUG Student Services\" \/>\n<meta property=\"article:publisher\" content=\"https:\/\/www.facebook.com\/augmalaysia\/\" \/>\n<meta property=\"article:modified_time\" content=\"2023-10-22T12:33:27+00:00\" \/>\n<meta property=\"og:image\" content=\"https:\/\/augstudy.com\/aug-website-files\/wp-content\/uploads\/2023\/10\/aug_vcard_amy_chang_500x500.png\" \/>\n\t<meta property=\"og:image:width\" content=\"500\" \/>\n\t<meta property=\"og:image:height\" content=\"500\" \/>\n\t<meta property=\"og:image:type\" content=\"image\/png\" \/>\n<meta name=\"twitter:card\" content=\"summary_large_image\" \/>\n<meta name=\"twitter:label1\" content=\"\u01af\u1edbc t\u00ednh th\u1eddi gian \u0111\u1ecdc\" \/>\n\t<meta name=\"twitter:data1\" content=\"1 ph\u00fat\" \/>\n<script type=\"application\/ld+json\" class=\"yoast-schema-graph\">{\"@context\":\"https:\\\/\\\/schema.org\",\"@graph\":[{\"@type\":\"WebPage\",\"@id\":\"https:\\\/\\\/augstudy.com\\\/vcard\\\/malaysia\\\/amy-chang\\\/\",\"url\":\"https:\\\/\\\/augstudy.com\\\/vcard\\\/malaysia\\\/amy-chang\\\/\",\"name\":\"Amy Chang - AUG Student Services\",\"isPartOf\":{\"@id\":\"https:\\\/\\\/augstudy.com\\\/#website\"},\"primaryImageOfPage\":{\"@id\":\"https:\\\/\\\/augstudy.com\\\/vcard\\\/malaysia\\\/amy-chang\\\/#primaryimage\"},\"image\":{\"@id\":\"https:\\\/\\\/augstudy.com\\\/vcard\\\/malaysia\\\/amy-chang\\\/#primaryimage\"},\"thumbnailUrl\":\"https:\\\/\\\/augstudy.com\\\/aug-website-files\\\/wp-content\\\/uploads\\\/2023\\\/10\\\/aug_vcard_amy_chang_500x500.png\",\"datePublished\":\"2020-08-18T04:11:46+00:00\",\"dateModified\":\"2023-10-22T12:33:27+00:00\",\"description\":\"As an office manager, Amy's responsibilities include managing daily office operations, addressing student concerns, and leading a team of committed counsellors who provide guidance to students from Penang Island, Mainland, Kedah, and Perlis.\",\"breadcrumb\":{\"@id\":\"https:\\\/\\\/augstudy.com\\\/vcard\\\/malaysia\\\/amy-chang\\\/#breadcrumb\"},\"inLanguage\":\"vi\",\"potentialAction\":[{\"@type\":\"ReadAction\",\"target\":[\"https:\\\/\\\/augstudy.com\\\/vcard\\\/malaysia\\\/amy-chang\\\/\"]}]},{\"@type\":\"ImageObject\",\"inLanguage\":\"vi\",\"@id\":\"https:\\\/\\\/augstudy.com\\\/vcard\\\/malaysia\\\/amy-chang\\\/#primaryimage\",\"url\":\"https:\\\/\\\/augstudy.com\\\/aug-website-files\\\/wp-content\\\/uploads\\\/2023\\\/10\\\/aug_vcard_amy_chang_500x500.png\",\"contentUrl\":\"https:\\\/\\\/augstudy.com\\\/aug-website-files\\\/wp-content\\\/uploads\\\/2023\\\/10\\\/aug_vcard_amy_chang_500x500.png\",\"width\":500,\"height\":500},{\"@type\":\"BreadcrumbList\",\"@id\":\"https:\\\/\\\/augstudy.com\\\/vcard\\\/malaysia\\\/amy-chang\\\/#breadcrumb\",\"itemListElement\":[{\"@type\":\"ListItem\",\"position\":1,\"name\":\"Home\",\"item\":\"https:\\\/\\\/augstudy.com\\\/\"},{\"@type\":\"ListItem\",\"position\":2,\"name\":\"vCard\",\"item\":\"https:\\\/\\\/augstudy.com\\\/vcard\\\/\"},{\"@type\":\"ListItem\",\"position\":3,\"name\":\"vCard &#8211; Malaysia\",\"item\":\"https:\\\/\\\/augstudy.com\\\/vcard\\\/malaysia\\\/\"},{\"@type\":\"ListItem\",\"position\":4,\"name\":\"Amy Chang\"}]},{\"@type\":\"WebSite\",\"@id\":\"https:\\\/\\\/augstudy.com\\\/#website\",\"url\":\"https:\\\/\\\/augstudy.com\\\/\",\"name\":\"AUG Student Services\",\"description\":\"Student Services\",\"alternateName\":\"AUG Global\",\"potentialAction\":[{\"@type\":\"SearchAction\",\"target\":{\"@type\":\"EntryPoint\",\"urlTemplate\":\"https:\\\/\\\/augstudy.com\\\/?s={search_term_string}\"},\"query-input\":{\"@type\":\"PropertyValueSpecification\",\"valueRequired\":true,\"valueName\":\"search_term_string\"}}],\"inLanguage\":\"vi\"}]}<\/script>\n<!-- \/ Yoast SEO Premium plugin. -->","yoast_head_json":{"title":"Amy Chang - D\u1ecbch v\u1ee5 Sinh vi\u00ean AUG","description":"V\u1edbi t\u01b0 c\u00e1ch l\u00e0 qu\u1ea3n l\u00fd v\u0103n ph\u00f2ng, tr\u00e1ch nhi\u1ec7m c\u1ee7a Amy bao g\u1ed3m qu\u1ea3n l\u00fd c\u00e1c ho\u1ea1t \u0111\u1ed9ng v\u0103n ph\u00f2ng h\u00e0ng ng\u00e0y, gi\u1ea3i quy\u1ebft c\u00e1c m\u1ed1i quan t\u00e2m c\u1ee7a sinh vi\u00ean v\u00e0 l\u00e3nh \u0111\u1ea1o m\u1ed9t nh\u00f3m c\u1ed1 v\u1ea5n t\u1eadn t\u00e2m cung c\u1ea5p h\u01b0\u1edbng d\u1eabn cho sinh vi\u00ean t\u1eeb \u0110\u1ea3o Penang, \u0110\u1ea1i l\u1ee5c, Kedah v\u00e0 Perlis.","robots":{"index":"index","follow":"follow","max-snippet":"max-snippet:-1","max-image-preview":"max-image-preview:large","max-video-preview":"max-video-preview:-1"},"canonical":"https:\/\/augstudy.com\/vi\/vcard\/malaysia-2\/amy-chang\/","og_locale":"vi_VN","og_type":"article","og_title":"Amy Chang","og_description":"As an office manager, Amy's responsibilities include managing daily office operations, addressing student concerns, and leading a team of committed counsellors who provide guidance to students from Penang Island, Mainland, Kedah, and Perlis.","og_url":"https:\/\/augstudy.com\/vi\/vcard\/malaysia-2\/amy-chang\/","og_site_name":"AUG Student Services","article_publisher":"https:\/\/www.facebook.com\/augmalaysia\/","article_modified_time":"2023-10-22T12:33:27+00:00","og_image":[{"width":500,"height":500,"url":"https:\/\/augstudy.com\/aug-website-files\/wp-content\/uploads\/2023\/10\/aug_vcard_amy_chang_500x500.png","type":"image\/png"}],"twitter_card":"summary_large_image","twitter_misc":{"\u01af\u1edbc t\u00ednh th\u1eddi gian \u0111\u1ecdc":"1 ph\u00fat"},"schema":{"@context":"https:\/\/schema.org","@graph":[{"@type":"WebPage","@id":"https:\/\/augstudy.com\/vcard\/malaysia\/amy-chang\/","url":"https:\/\/augstudy.com\/vcard\/malaysia\/amy-chang\/","name":"Amy Chang - D\u1ecbch v\u1ee5 Sinh vi\u00ean AUG","isPartOf":{"@id":"https:\/\/augstudy.com\/#website"},"primaryImageOfPage":{"@id":"https:\/\/augstudy.com\/vcard\/malaysia\/amy-chang\/#primaryimage"},"image":{"@id":"https:\/\/augstudy.com\/vcard\/malaysia\/amy-chang\/#primaryimage"},"thumbnailUrl":"https:\/\/augstudy.com\/aug-website-files\/wp-content\/uploads\/2023\/10\/aug_vcard_amy_chang_500x500.png","datePublished":"2020-08-18T04:11:46+00:00","dateModified":"2023-10-22T12:33:27+00:00","description":"V\u1edbi t\u01b0 c\u00e1ch l\u00e0 qu\u1ea3n l\u00fd v\u0103n ph\u00f2ng, tr\u00e1ch nhi\u1ec7m c\u1ee7a Amy bao g\u1ed3m qu\u1ea3n l\u00fd c\u00e1c ho\u1ea1t \u0111\u1ed9ng v\u0103n ph\u00f2ng h\u00e0ng ng\u00e0y, gi\u1ea3i quy\u1ebft c\u00e1c m\u1ed1i quan t\u00e2m c\u1ee7a sinh vi\u00ean v\u00e0 l\u00e3nh \u0111\u1ea1o m\u1ed9t nh\u00f3m c\u1ed1 v\u1ea5n t\u1eadn t\u00e2m cung c\u1ea5p h\u01b0\u1edbng d\u1eabn cho sinh vi\u00ean t\u1eeb \u0110\u1ea3o Penang, \u0110\u1ea1i l\u1ee5c, Kedah v\u00e0 Perlis.","breadcrumb":{"@id":"https:\/\/augstudy.com\/vcard\/malaysia\/amy-chang\/#breadcrumb"},"inLanguage":"vi","potentialAction":[{"@type":"ReadAction","target":["https:\/\/augstudy.com\/vcard\/malaysia\/amy-chang\/"]}]},{"@type":"ImageObject","inLanguage":"vi","@id":"https:\/\/augstudy.com\/vcard\/malaysia\/amy-chang\/#primaryimage","url":"https:\/\/augstudy.com\/aug-website-files\/wp-content\/uploads\/2023\/10\/aug_vcard_amy_chang_500x500.png","contentUrl":"https:\/\/augstudy.com\/aug-website-files\/wp-content\/uploads\/2023\/10\/aug_vcard_amy_chang_500x500.png","width":500,"height":500},{"@type":"BreadcrumbList","@id":"https:\/\/augstudy.com\/vcard\/malaysia\/amy-chang\/#breadcrumb","itemListElement":[{"@type":"ListItem","position":1,"name":"Home","item":"https:\/\/augstudy.com\/"},{"@type":"ListItem","position":2,"name":"vCard","item":"https:\/\/augstudy.com\/vcard\/"},{"@type":"ListItem","position":3,"name":"vCard &#8211; Malaysia","item":"https:\/\/augstudy.com\/vcard\/malaysia\/"},{"@type":"ListItem","position":4,"name":"Amy Chang"}]},{"@type":"WebSite","@id":"https:\/\/augstudy.com\/#website","url":"https:\/\/augstudy.com\/","name":"D\u1ecbch v\u1ee5 Sinh vi\u00ean AUG","description":"D\u1ecbch v\u1ee5 sinh vi\u00ean","alternateName":"AUG Global","potentialAction":[{"@type":"SearchAction","target":{"@type":"EntryPoint","urlTemplate":"https:\/\/augstudy.com\/?s={search_term_string}"},"query-input":{"@type":"PropertyValueSpecification","valueRequired":true,"valueName":"search_term_string"}}],"inLanguage":"vi"}]}},"_links":{"self":[{"href":"https:\/\/augstudy.com\/vi\/wp-json\/wp\/v2\/pages\/105744","targetHints":{"allow":["GET"]}}],"collection":[{"href":"https:\/\/augstudy.com\/vi\/wp-json\/wp\/v2\/pages"}],"about":[{"href":"https:\/\/augstudy.com\/vi\/wp-json\/wp\/v2\/types\/page"}],"author":[{"embeddable":true,"href":"https:\/\/augstudy.com\/vi\/wp-json\/wp\/v2\/users\/4"}],"replies":[{"embeddable":true,"href":"https:\/\/augstudy.com\/vi\/wp-json\/wp\/v2\/comments?post=105744"}],"version-history":[{"count":0,"href":"https:\/\/augstudy.com\/vi\/wp-json\/wp\/v2\/pages\/105744\/revisions"}],"up":[{"embeddable":true,"href":"https:\/\/augstudy.com\/vi\/wp-json\/wp\/v2\/pages\/105664"}],"wp:featuredmedia":[{"embeddable":true,"href":"https:\/\/augstudy.com\/vi\/wp-json\/wp\/v2\/media\/386072"}],"wp:attachment":[{"href":"https:\/\/augstudy.com\/vi\/wp-json\/wp\/v2\/media?parent=105744"}],"curies":[{"name":"wp","href":"https:\/\/api.w.org\/{rel}","templated":true}]}}